{"id":9526,"date":"2021-08-31T14:40:32","date_gmt":"2021-08-31T12:40:32","guid":{"rendered":"https:\/\/archiv.siov.sk\/?page_id=9526"},"modified":"2021-09-10T12:01:14","modified_gmt":"2021-09-10T10:01:14","slug":"verejna-konzultacia-strategia-czvap","status":"publish","type":"page","link":"https:\/\/archiv.siov.sk\/en\/verejna-konzultacia-strategia-czvap\/","title":{"rendered":"Verejn\u00e1 konzult\u00e1cia &#8211; Strat\u00e9gia C\u017dVaP"},"content":{"rendered":"<div data-elementor-type=\"wp-page\" data-elementor-id=\"9526\" class=\"elementor elementor-9526\" data-elementor-post-type=\"page\">\n\t\t\t\t\t\t<section class=\"elementor-section elementor-top-section elementor-element elementor-element-10d0efe elementor-section-boxed elementor-section-height-default elementor-section-height-default\" data-id=\"10d0efe\" data-element_type=\"section\" data-e-type=\"section\">\n\t\t\t\t\t\t<div class=\"elementor-container elementor-column-gap-default\">\n\t\t\t\t\t<div class=\"elementor-column elementor-col-100 elementor-top-column elementor-element elementor-element-3d0febd\" data-id=\"3d0febd\" data-element_type=\"column\" data-e-type=\"column\">\n\t\t\t<div class=\"elementor-widget-wrap elementor-element-populated\">\n\t\t\t\t\t\t<div class=\"elementor-element elementor-element-1441427 elementor-widget-divider--view-line elementor-widget elementor-widget-divider\" data-id=\"1441427\" data-element_type=\"widget\" data-e-type=\"widget\" data-widget_type=\"divider.default\">\n\t\t\t\t<div class=\"elementor-widget-container\">\n\t\t\t\t\t\t\t<div class=\"elementor-divider\">\n\t\t\t<span class=\"elementor-divider-separator\">\n\t\t\t\t\t\t<\/span>\n\t\t<\/div>\n\t\t\t\t\t\t<\/div>\n\t\t\t\t<\/div>\n\t\t\t\t<div class=\"elementor-element elementor-element-3a003c2 elementor-widget elementor-widget-heading\" data-id=\"3a003c2\" data-element_type=\"widget\" data-e-type=\"widget\" data-widget_type=\"heading.default\">\n\t\t\t\t<div class=\"elementor-widget-container\">\n\t\t\t\t\t<h2 class=\"elementor-heading-title elementor-size-default\">Verejn\u00e1 konzult\u00e1cia - Strat\u00e9gia C\u017dVaP<\/h2>\t\t\t\t<\/div>\n\t\t\t\t<\/div>\n\t\t\t\t\t<\/div>\n\t\t<\/div>\n\t\t\t\t\t<\/div>\n\t\t<\/section>\n\t\t\t\t<section class=\"elementor-section elementor-top-section elementor-element elementor-element-5275d08 elementor-section-boxed elementor-section-height-default elementor-section-height-default\" data-id=\"5275d08\" data-element_type=\"section\" data-e-type=\"section\">\n\t\t\t\t\t\t<div class=\"elementor-container elementor-column-gap-default\">\n\t\t\t\t\t<div class=\"elementor-column elementor-col-100 elementor-top-column elementor-element elementor-element-da2f98f\" data-id=\"da2f98f\" data-element_type=\"column\" data-e-type=\"column\">\n\t\t\t<div class=\"elementor-widget-wrap elementor-element-populated\">\n\t\t\t\t\t\t<div class=\"elementor-element elementor-element-effb4a5 elementor-widget elementor-widget-text-editor\" data-id=\"effb4a5\" data-element_type=\"widget\" data-e-type=\"widget\" data-widget_type=\"text-editor.default\">\n\t\t\t\t<div class=\"elementor-widget-container\">\n\t\t\t\t\t\t\t\t\t<p>Ministerstvo \u0161kolstva, vedy, v\u00fdskumu a\u00a0\u0161portu SR pripravuje d\u00f4le\u017eit\u00fd strategick\u00fd materi\u00e1l s n\u00e1zvom \u201e<strong>Strat\u00e9gia celo\u017eivotn\u00e9ho vzdel\u00e1vania a poradenstva na roky 2021-2030<\/strong>\u201c, ktor\u00fd identifikuje potreby v oblasti vzdel\u00e1vania a rozvoja zru\u010dnost\u00ed v r\u00fdchlo sa meniacej spolo\u010dnosti. N\u00e1vrh Strat\u00e9gie C\u017dVaP pripravila pracovn\u00e1 skupina koordinovan\u00e1 \u0160t\u00e1tnym in\u0161tit\u00fatom odborn\u00e9ho vzdel\u00e1vania. Aktu\u00e1lne spr\u00edstupnen\u00e1 verzia na verejn\u00fa konzult\u00e1ciu bola odovzdan\u00e1 ministerstvu \u0161kolstva d\u0148a 31. 8. 2021, vstupy MPSVaR SR s\u00fa zatia\u013e predmetom bilater\u00e1lnych rokovan\u00ed a bud\u00fa zapracovan\u00e9 v\u00a0neskor\u0161om term\u00edne pred post\u00fapen\u00edm dokumentu do medzirezortn\u00e9ho pripomienkov\u00e9ho konania.<\/p><p>V\u00a0r\u00e1mci pokra\u010duj\u00facej participat\u00edvnej tvorby dokumentu M\u0160VVa\u0160 SR spr\u00edstup\u0148uje s\u00fa\u010dasn\u00fa verziu dokumentu Strat\u00e9gie C\u017dVaP \u0161irokej laickej a\u00a0odbornej verejnosti.<\/p><p>Pripomienky k\u00a0dokumentu je mo\u017en\u00e9 zasla\u0165 prostredn\u00edctvom formul\u00e1ra v\u00a0term\u00edne od<strong> 3. 9. 2021 od 8,00 hod. do 10. 9.2021 do 12,00 hod<\/strong>.<\/p><p><a href=\"https:\/\/siov.sk\/wp-content\/uploads\/2021\/09\/na-webNavrh-Strategie-celozivotneho-vzdelavania-a-poradenstva-2021-2030-na-webkorjv_ciste.pdf\"><strong>N\u00e1vrh Strat\u00e9gie celo\u017eivotn\u00e9ho vzdel\u00e1vania a poradenstva 2021 &#8211; 2030<\/strong><\/a><\/p>\t\t\t\t\t\t\t\t<\/div>\n\t\t\t\t<\/div>\n\t\t\t\t\t<\/div>\n\t\t<\/div>\n\t\t\t\t\t<\/div>\n\t\t<\/section>\n\t\t\t\t<\/div>","protected":false},"excerpt":{"rendered":"<p>Verejn\u00e1 konzult\u00e1cia &#8211; Strat\u00e9gia C\u017dVaP Ministerstvo \u0161kolstva, vedy, v\u00fdskumu a\u00a0\u0161portu SR pripravuje d\u00f4le\u017eit\u00fd strategick\u00fd materi\u00e1l s n\u00e1zvom \u201eStrat\u00e9gia celo\u017eivotn\u00e9ho vzdel\u00e1vania a poradenstva na roky 2021-2030\u201c, ktor\u00fd identifikuje potreby v oblasti vzdel\u00e1vania a rozvoja zru\u010dnost\u00ed v r\u00fdchlo sa meniacej spolo\u010dnosti. N\u00e1vrh Strat\u00e9gie C\u017dVaP pripravila pracovn\u00e1 skupina koordinovan\u00e1 \u0160t\u00e1tnym in\u0161tit\u00fatom odborn\u00e9ho vzdel\u00e1vania. Aktu\u00e1lne spr\u00edstupnen\u00e1 verzia na verejn\u00fa [&hellip;]<\/p>\n","protected":false},"author":4,"featured_media":0,"parent":0,"menu_order":0,"comment_status":"closed","ping_status":"closed","template":"","meta":{"site-sidebar-layout":"no-sidebar","site-content-layout":"page-builder","ast-site-content-layout":"default","site-content-style":"default","site-sidebar-style":"default","ast-global-header-display":"","ast-banner-title-visibility":"","ast-main-header-display":"","ast-hfb-above-header-display":"","ast-hfb-below-header-display":"","ast-hfb-mobile-header-display":"","site-post-title":"disabled","ast-breadcrumbs-content":"","ast-featured-img":"disabled","footer-sml-layout":"","ast-disable-related-posts":"","theme-transparent-header-meta":"default","adv-header-id-meta":"","stick-header-meta":"","header-above-stick-meta":"","header-main-stick-meta":"","header-below-stick-meta":"","astra-migrate-meta-layouts":"default","ast-page-background-enabled":"default","ast-page-background-meta":{"desktop":{"background-color":"var(--ast-global-color-4)","background-image":"","background-repeat":"repeat","background-position":"center center","background-size":"auto","background-attachment":"scroll","background-type":"","background-media":"","overlay-type":"","overlay-color":"","overlay-opacity":"","overlay-gradient":""},"tablet":{"background-color":"","background-image":"","background-repeat":"repeat","background-position":"center center","background-size":"auto","background-attachment":"scroll","background-type":"","background-media":"","overlay-type":"","overlay-color":"","overlay-opacity":"","overlay-gradient":""},"mobile":{"background-color":"","background-image":"","background-repeat":"repeat","background-position":"center center","background-size":"auto","background-attachment":"scroll","background-type":"","background-media":"","overlay-type":"","overlay-color":"","overlay-opacity":"","overlay-gradient":""}},"ast-content-background-meta":{"desktop":{"background-color":"var(--ast-global-color-5)","background-image":"","background-repeat":"repeat","background-position":"center center","background-size":"auto","background-attachment":"scroll","background-type":"","background-media":"","overlay-type":"","overlay-color":"","overlay-opacity":"","overlay-gradient":""},"tablet":{"background-color":"var(--ast-global-color-5)","background-image":"","background-repeat":"repeat","background-position":"center center","background-size":"auto","background-attachment":"scroll","background-type":"","background-media":"","overlay-type":"","overlay-color":"","overlay-opacity":"","overlay-gradient":""},"mobile":{"background-color":"var(--ast-global-color-5)","background-image":"","background-repeat":"repeat","background-position":"center center","background-size":"auto","background-attachment":"scroll","background-type":"","background-media":"","overlay-type":"","overlay-color":"","overlay-opacity":"","overlay-gradient":""}},"footnotes":""},"class_list":["post-9526","page","type-page","status-publish","hentry"],"yoast_head":"<!-- This site is optimized with the Yoast SEO plugin v27.4 - https:\/\/yoast.com\/product\/yoast-seo-wordpress\/ -->\n<title>Verejn\u00e1 konzult\u00e1cia - Strat\u00e9gia C\u017dVaP - \u0160IOV - \u0161t\u00e1tny in\u0161tit\u00fat odborn\u00e9ho vzdel\u00e1vania<\/title>\n<meta name=\"robots\" content=\"index, follow, max-snippet:-1, max-image-preview:large, max-video-preview:-1\" \/>\n<link rel=\"canonical\" href=\"https:\/\/archiv.siov.sk\/en\/verejna-konzultacia-strategia-czvap\/\" \/>\n<meta property=\"og:locale\" content=\"en_GB\" \/>\n<meta property=\"og:type\" content=\"article\" \/>\n<meta property=\"og:title\" content=\"Verejn\u00e1 konzult\u00e1cia - Strat\u00e9gia C\u017dVaP - \u0160IOV - \u0161t\u00e1tny in\u0161tit\u00fat odborn\u00e9ho vzdel\u00e1vania\" \/>\n<meta property=\"og:description\" content=\"Verejn\u00e1 konzult\u00e1cia &#8211; Strat\u00e9gia C\u017dVaP Ministerstvo \u0161kolstva, vedy, v\u00fdskumu a\u00a0\u0161portu SR pripravuje d\u00f4le\u017eit\u00fd strategick\u00fd materi\u00e1l s n\u00e1zvom \u201eStrat\u00e9gia celo\u017eivotn\u00e9ho vzdel\u00e1vania a poradenstva na roky 2021-2030\u201c, ktor\u00fd identifikuje potreby v oblasti vzdel\u00e1vania a rozvoja zru\u010dnost\u00ed v r\u00fdchlo sa meniacej spolo\u010dnosti. N\u00e1vrh Strat\u00e9gie C\u017dVaP pripravila pracovn\u00e1 skupina koordinovan\u00e1 \u0160t\u00e1tnym in\u0161tit\u00fatom odborn\u00e9ho vzdel\u00e1vania. Aktu\u00e1lne spr\u00edstupnen\u00e1 verzia na verejn\u00fa [&hellip;]\" \/>\n<meta property=\"og:url\" content=\"https:\/\/archiv.siov.sk\/en\/verejna-konzultacia-strategia-czvap\/\" \/>\n<meta property=\"og:site_name\" content=\"\u0160IOV - \u0161t\u00e1tny in\u0161tit\u00fat odborn\u00e9ho vzdel\u00e1vania\" \/>\n<meta property=\"article:publisher\" content=\"https:\/\/www.facebook.com\/Statnyinstitutodbornehovzdelavania\" \/>\n<meta property=\"article:modified_time\" content=\"2021-09-10T10:01:14+00:00\" \/>\n<meta name=\"twitter:card\" content=\"summary_large_image\" \/>\n<meta name=\"twitter:label1\" content=\"Estimated reading time\" \/>\n\t<meta name=\"twitter:data1\" content=\"1 minute\" \/>\n<script type=\"application\/ld+json\" class=\"yoast-schema-graph\">{\"@context\":\"https:\\\/\\\/schema.org\",\"@graph\":[{\"@type\":\"WebPage\",\"@id\":\"https:\\\/\\\/archiv.siov.sk\\\/verejna-konzultacia-strategia-czvap\\\/\",\"url\":\"https:\\\/\\\/archiv.siov.sk\\\/verejna-konzultacia-strategia-czvap\\\/\",\"name\":\"Verejn\u00e1 konzult\u00e1cia - Strat\u00e9gia C\u017dVaP - \u0160IOV - \u0161t\u00e1tny in\u0161tit\u00fat odborn\u00e9ho vzdel\u00e1vania\",\"isPartOf\":{\"@id\":\"https:\\\/\\\/archiv.siov.sk\\\/#website\"},\"datePublished\":\"2021-08-31T12:40:32+00:00\",\"dateModified\":\"2021-09-10T10:01:14+00:00\",\"breadcrumb\":{\"@id\":\"https:\\\/\\\/archiv.siov.sk\\\/verejna-konzultacia-strategia-czvap\\\/#breadcrumb\"},\"inLanguage\":\"en-GB\",\"potentialAction\":[{\"@type\":\"ReadAction\",\"target\":[\"https:\\\/\\\/archiv.siov.sk\\\/verejna-konzultacia-strategia-czvap\\\/\"]}]},{\"@type\":\"BreadcrumbList\",\"@id\":\"https:\\\/\\\/archiv.siov.sk\\\/verejna-konzultacia-strategia-czvap\\\/#breadcrumb\",\"itemListElement\":[{\"@type\":\"ListItem\",\"position\":1,\"name\":\"Home\",\"item\":\"https:\\\/\\\/archiv.siov.sk\\\/\"},{\"@type\":\"ListItem\",\"position\":2,\"name\":\"Verejn\u00e1 konzult\u00e1cia &#8211; Strat\u00e9gia C\u017dVaP\"}]},{\"@type\":\"WebSite\",\"@id\":\"https:\\\/\\\/archiv.siov.sk\\\/#website\",\"url\":\"https:\\\/\\\/archiv.siov.sk\\\/\",\"name\":\"\u0160IOV - \u0161t\u00e1tny in\u0161tit\u00fat odborn\u00e9ho vzdel\u00e1vania\",\"description\":\"\",\"publisher\":{\"@id\":\"https:\\\/\\\/archiv.siov.sk\\\/#organization\"},\"potentialAction\":[{\"@type\":\"SearchAction\",\"target\":{\"@type\":\"EntryPoint\",\"urlTemplate\":\"https:\\\/\\\/archiv.siov.sk\\\/?s={search_term_string}\"},\"query-input\":{\"@type\":\"PropertyValueSpecification\",\"valueRequired\":true,\"valueName\":\"search_term_string\"}}],\"inLanguage\":\"en-GB\"},{\"@type\":\"Organization\",\"@id\":\"https:\\\/\\\/archiv.siov.sk\\\/#organization\",\"name\":\"\u0160IOV - \u0161t\u00e1tny in\u0161tit\u00fat odborn\u00e9ho vzdel\u00e1vania\",\"url\":\"https:\\\/\\\/archiv.siov.sk\\\/\",\"logo\":{\"@type\":\"ImageObject\",\"inLanguage\":\"en-GB\",\"@id\":\"https:\\\/\\\/archiv.siov.sk\\\/#\\\/schema\\\/logo\\\/image\\\/\",\"url\":\"https:\\\/\\\/archiv.siov.sk\\\/wp-content\\\/uploads\\\/2024\\\/02\\\/logo-SIOV.png\",\"contentUrl\":\"https:\\\/\\\/archiv.siov.sk\\\/wp-content\\\/uploads\\\/2024\\\/02\\\/logo-SIOV.png\",\"width\":431,\"height\":143,\"caption\":\"\u0160IOV - \u0161t\u00e1tny in\u0161tit\u00fat odborn\u00e9ho vzdel\u00e1vania\"},\"image\":{\"@id\":\"https:\\\/\\\/archiv.siov.sk\\\/#\\\/schema\\\/logo\\\/image\\\/\"},\"sameAs\":[\"https:\\\/\\\/www.facebook.com\\\/Statnyinstitutodbornehovzdelavania\"]}]}<\/script>\n<!-- \/ Yoast SEO plugin. -->","yoast_head_json":{"title":"Verejn\u00e1 konzult\u00e1cia - Strat\u00e9gia C\u017dVaP - \u0160IOV - \u0161t\u00e1tny in\u0161tit\u00fat odborn\u00e9ho vzdel\u00e1vania","robots":{"index":"index","follow":"follow","max-snippet":"max-snippet:-1","max-image-preview":"max-image-preview:large","max-video-preview":"max-video-preview:-1"},"canonical":"https:\/\/archiv.siov.sk\/en\/verejna-konzultacia-strategia-czvap\/","og_locale":"en_GB","og_type":"article","og_title":"Verejn\u00e1 konzult\u00e1cia - Strat\u00e9gia C\u017dVaP - \u0160IOV - \u0161t\u00e1tny in\u0161tit\u00fat odborn\u00e9ho vzdel\u00e1vania","og_description":"Verejn\u00e1 konzult\u00e1cia &#8211; Strat\u00e9gia C\u017dVaP Ministerstvo \u0161kolstva, vedy, v\u00fdskumu a\u00a0\u0161portu SR pripravuje d\u00f4le\u017eit\u00fd strategick\u00fd materi\u00e1l s n\u00e1zvom \u201eStrat\u00e9gia celo\u017eivotn\u00e9ho vzdel\u00e1vania a poradenstva na roky 2021-2030\u201c, ktor\u00fd identifikuje potreby v oblasti vzdel\u00e1vania a rozvoja zru\u010dnost\u00ed v r\u00fdchlo sa meniacej spolo\u010dnosti. N\u00e1vrh Strat\u00e9gie C\u017dVaP pripravila pracovn\u00e1 skupina koordinovan\u00e1 \u0160t\u00e1tnym in\u0161tit\u00fatom odborn\u00e9ho vzdel\u00e1vania. Aktu\u00e1lne spr\u00edstupnen\u00e1 verzia na verejn\u00fa [&hellip;]","og_url":"https:\/\/archiv.siov.sk\/en\/verejna-konzultacia-strategia-czvap\/","og_site_name":"\u0160IOV - \u0161t\u00e1tny in\u0161tit\u00fat odborn\u00e9ho vzdel\u00e1vania","article_publisher":"https:\/\/www.facebook.com\/Statnyinstitutodbornehovzdelavania","article_modified_time":"2021-09-10T10:01:14+00:00","twitter_card":"summary_large_image","twitter_misc":{"Estimated reading time":"1 minute"},"schema":{"@context":"https:\/\/schema.org","@graph":[{"@type":"WebPage","@id":"https:\/\/archiv.siov.sk\/verejna-konzultacia-strategia-czvap\/","url":"https:\/\/archiv.siov.sk\/verejna-konzultacia-strategia-czvap\/","name":"Verejn\u00e1 konzult\u00e1cia - Strat\u00e9gia C\u017dVaP - \u0160IOV - \u0161t\u00e1tny in\u0161tit\u00fat odborn\u00e9ho vzdel\u00e1vania","isPartOf":{"@id":"https:\/\/archiv.siov.sk\/#website"},"datePublished":"2021-08-31T12:40:32+00:00","dateModified":"2021-09-10T10:01:14+00:00","breadcrumb":{"@id":"https:\/\/archiv.siov.sk\/verejna-konzultacia-strategia-czvap\/#breadcrumb"},"inLanguage":"en-GB","potentialAction":[{"@type":"ReadAction","target":["https:\/\/archiv.siov.sk\/verejna-konzultacia-strategia-czvap\/"]}]},{"@type":"BreadcrumbList","@id":"https:\/\/archiv.siov.sk\/verejna-konzultacia-strategia-czvap\/#breadcrumb","itemListElement":[{"@type":"ListItem","position":1,"name":"Home","item":"https:\/\/archiv.siov.sk\/"},{"@type":"ListItem","position":2,"name":"Verejn\u00e1 konzult\u00e1cia &#8211; Strat\u00e9gia C\u017dVaP"}]},{"@type":"WebSite","@id":"https:\/\/archiv.siov.sk\/#website","url":"https:\/\/archiv.siov.sk\/","name":"\u0160IOV - \u0161t\u00e1tny in\u0161tit\u00fat odborn\u00e9ho vzdel\u00e1vania","description":"","publisher":{"@id":"https:\/\/archiv.siov.sk\/#organization"},"potentialAction":[{"@type":"SearchAction","target":{"@type":"EntryPoint","urlTemplate":"https:\/\/archiv.siov.sk\/?s={search_term_string}"},"query-input":{"@type":"PropertyValueSpecification","valueRequired":true,"valueName":"search_term_string"}}],"inLanguage":"en-GB"},{"@type":"Organization","@id":"https:\/\/archiv.siov.sk\/#organization","name":"\u0160IOV - \u0161t\u00e1tny in\u0161tit\u00fat odborn\u00e9ho vzdel\u00e1vania","url":"https:\/\/archiv.siov.sk\/","logo":{"@type":"ImageObject","inLanguage":"en-GB","@id":"https:\/\/archiv.siov.sk\/#\/schema\/logo\/image\/","url":"https:\/\/archiv.siov.sk\/wp-content\/uploads\/2024\/02\/logo-SIOV.png","contentUrl":"https:\/\/archiv.siov.sk\/wp-content\/uploads\/2024\/02\/logo-SIOV.png","width":431,"height":143,"caption":"\u0160IOV - \u0161t\u00e1tny in\u0161tit\u00fat odborn\u00e9ho vzdel\u00e1vania"},"image":{"@id":"https:\/\/archiv.siov.sk\/#\/schema\/logo\/image\/"},"sameAs":["https:\/\/www.facebook.com\/Statnyinstitutodbornehovzdelavania"]}]}},"_links":{"self":[{"href":"https:\/\/archiv.siov.sk\/en\/wp-json\/wp\/v2\/pages\/9526","targetHints":{"allow":["GET"]}}],"collection":[{"href":"https:\/\/archiv.siov.sk\/en\/wp-json\/wp\/v2\/pages"}],"about":[{"href":"https:\/\/archiv.siov.sk\/en\/wp-json\/wp\/v2\/types\/page"}],"author":[{"embeddable":true,"href":"https:\/\/archiv.siov.sk\/en\/wp-json\/wp\/v2\/users\/4"}],"replies":[{"embeddable":true,"href":"https:\/\/archiv.siov.sk\/en\/wp-json\/wp\/v2\/comments?post=9526"}],"version-history":[{"count":40,"href":"https:\/\/archiv.siov.sk\/en\/wp-json\/wp\/v2\/pages\/9526\/revisions"}],"predecessor-version":[{"id":9681,"href":"https:\/\/archiv.siov.sk\/en\/wp-json\/wp\/v2\/pages\/9526\/revisions\/9681"}],"wp:attachment":[{"href":"https:\/\/archiv.siov.sk\/en\/wp-json\/wp\/v2\/media?parent=9526"}],"curies":[{"name":"wp","href":"https:\/\/api.w.org\/{rel}","templated":true}]}}