{"id":93,"date":"2019-01-25T10:26:51","date_gmt":"2019-01-25T09:26:51","guid":{"rendered":"http:\/\/archiv.siov.sk\/?page_id=93"},"modified":"2021-07-27T08:46:16","modified_gmt":"2021-07-27T06:46:16","slug":"narodne-kontaktne-miesto-pre-ecvet","status":"publish","type":"page","link":"https:\/\/archiv.siov.sk\/en\/medzinarodna-spolupraca\/europske-iniciativy\/narodne-kontaktne-miesto-pre-ecvet\/","title":{"rendered":"National Contact Point for ECVET"},"content":{"rendered":"<div data-elementor-type=\"wp-page\" data-elementor-id=\"93\" class=\"elementor elementor-93\" data-elementor-post-type=\"page\">\n\t\t\t\t\t\t<section class=\"elementor-section elementor-top-section elementor-element elementor-element-5ac75a2 elementor-section-boxed elementor-section-height-default elementor-section-height-default\" data-id=\"5ac75a2\" data-element_type=\"section\" data-e-type=\"section\">\n\t\t\t\t\t\t<div class=\"elementor-container elementor-column-gap-default\">\n\t\t\t\t\t<div class=\"elementor-column elementor-col-100 elementor-top-column elementor-element elementor-element-25efc5a\" data-id=\"25efc5a\" data-element_type=\"column\" data-e-type=\"column\">\n\t\t\t<div class=\"elementor-widget-wrap elementor-element-populated\">\n\t\t\t\t\t\t<div class=\"elementor-element elementor-element-d687955 elementor-widget-divider--view-line elementor-widget elementor-widget-divider\" data-id=\"d687955\" data-element_type=\"widget\" data-e-type=\"widget\" data-widget_type=\"divider.default\">\n\t\t\t\t<div class=\"elementor-widget-container\">\n\t\t\t\t\t\t\t<div class=\"elementor-divider\">\n\t\t\t<span class=\"elementor-divider-separator\">\n\t\t\t\t\t\t<\/span>\n\t\t<\/div>\n\t\t\t\t\t\t<\/div>\n\t\t\t\t<\/div>\n\t\t\t\t<div class=\"elementor-element elementor-element-b648208 elementor-widget elementor-widget-heading\" data-id=\"b648208\" data-element_type=\"widget\" data-e-type=\"widget\" data-widget_type=\"heading.default\">\n\t\t\t\t<div class=\"elementor-widget-container\">\n\t\t\t\t\t<h2 class=\"elementor-heading-title elementor-size-default\">National Contact Point for ECVET<\/h2>\t\t\t\t<\/div>\n\t\t\t\t<\/div>\n\t\t\t\t\t<\/div>\n\t\t<\/div>\n\t\t\t\t\t<\/div>\n\t\t<\/section>\n\t\t\t\t<section class=\"elementor-section elementor-top-section elementor-element elementor-element-93cdf96 elementor-section-boxed elementor-section-height-default elementor-section-height-default\" data-id=\"93cdf96\" data-element_type=\"section\" data-e-type=\"section\">\n\t\t\t\t\t\t<div class=\"elementor-container elementor-column-gap-default\">\n\t\t\t\t\t<div class=\"elementor-column elementor-col-100 elementor-top-column elementor-element elementor-element-1ef3143\" data-id=\"1ef3143\" data-element_type=\"column\" data-e-type=\"column\">\n\t\t\t<div class=\"elementor-widget-wrap elementor-element-populated\">\n\t\t\t\t\t\t<div class=\"elementor-element elementor-element-24169d5 elementor-widget elementor-widget-text-editor\" data-id=\"24169d5\" data-element_type=\"widget\" data-e-type=\"widget\" data-widget_type=\"text-editor.default\">\n\t\t\t\t<div class=\"elementor-widget-container\">\n\t\t\t\t\t\t\t\t\t<p style=\"font-size: 15px; font-style: normal; font-weight: 400;\">Contact: Department of Lifelong Learning<br \/>Location:\u00a0<span style=\"font-weight: bold;\">\u0160t\u00e1tny in\u0161tit\u00fat odborn\u00e9ho vzdel\u00e1vania, Bellova 54\/A, 837 63 Bratislava<br \/><\/span>Head of Department:\u00a0<span style=\"font-weight: bold;\">Mgr. \u013dubica G\u00e1llov\u00e1<br \/><\/span>Email:\u00a0<a href=\"mailto:lubica.gallova@siov.sk\">lubica.gallova@siov.sk<\/a><br \/>Tel:\u00a0<span style=\"font-weight: bold;\">0911 469 793<\/span><\/p><hr style=\"font-size: 15px; font-style: normal; font-weight: 400; background-color: #ffffff;\" \/><p style=\"font-size: 15px; font-style: normal; font-weight: 400; text-align: justify;\"><span style=\"font-weight: bold;\"><a href=\"http:\/\/eur-lex.europa.eu\/legal-content\/SK\/TXT\/?uri=uriserv:OJ.C_.2009.155.01.0011.01.SLK\">ECVET<\/a>\u00a0<\/span>is a technical framework for the transfer, recognition and accumulation of learning outcomes of persons aiming to obtain a qualification, the starting point for the implementation of ECVET being Recommendation 2009\/C 155\/02 of the European Parliament and of the Council on the establishment of the European Credit System for Vocational Education and Training (ECVET).<\/p><p style=\"font-size: 15px; font-style: normal; font-weight: 400; text-align: justify;\">The National Reference Point for ECVET is established by the Ministry of Education, Science, Research and Sport of the Slovak Republic in accordance with the Resolution of the Council for Education, Youth and Culture of 12 November 2002 and the Copenhagen Declaration of 30 November 2002.<\/p><p style=\"font-size: 15px; font-style: normal; font-weight: 400;\">The National Reference Point performs the following tasks:<\/p><ul class=\"check_links\" style=\"font-size: 15px; font-style: normal; font-weight: 400;\"><li style=\"font-size: 15px;\">cooperation in the development of vocational education and training (VET) and the development of lifelong learning (LLL) in the Slovak Republic in the field of defining learning outcomes, their recognition, accumulation and transfer,<\/li><li style=\"font-size: 15px;\">Cooperation in the development of the Slovak Qualifications Framework (SQF) and the promotion of transparency and comparability of qualifications,<\/li><li style=\"font-size: 15px;\">promoting national and international learner mobility,<\/li><li style=\"font-size: 15px;\">cooperation with the relevant units of the Ministry of Education and Higher Education of the Slovak Republic on the recognition of evidence of acquired learning outcomes, acquired qualifications with regard to information on ECVET,<\/li><li style=\"font-size: 15px;\">advising individuals and institutions on the use of ECVET tools and documents, the development of training programmes and modules using ECVET tools,<\/li><li style=\"font-size: 15px;\">development of recommendations in the field of recognition of education and qualifications and in the field of vocational education and training and lifelong learning for the implementation of ECVET in the conditions of the Slovak Republic,<\/li><li style=\"font-size: 15px;\">informing and strengthening the understanding of ECVET among the professional and lay public in the Slovak Republic and abroad.<\/li><li style=\"font-size: 15px;\">cooperation on linking ECVET to other European initiatives and instruments (in particular the EQF and EQAVET)<\/li><li style=\"font-size: 15px;\">informing the European Commission on the status of ECVET implementation in the Slovak Republic<\/li><li style=\"font-size: 15px;\">establishing relations and cooperation with social partners represented by representatives of public administrations, employers, trade unions, students and other stakeholders.<\/li><\/ul>\t\t\t\t\t\t\t\t<\/div>\n\t\t\t\t<\/div>\n\t\t\t\t\t<\/div>\n\t\t<\/div>\n\t\t\t\t\t<\/div>\n\t\t<\/section>\n\t\t\t\t<\/div>","protected":false},"excerpt":{"rendered":"<p>N\u00e1rodn\u00e9 kontaktn\u00e9 miesto pre ECVET Kontakt: \u00dasek celo\u017eivotn\u00e9ho vzdel\u00e1vaniaS\u00eddlo:\u00a0\u0160t\u00e1tny in\u0161tit\u00fat odborn\u00e9ho vzdel\u00e1vania, Bellova 54\/A, 837 63 BratislavaVed\u00faca oddelenia:\u00a0Mgr. \u013dubica G\u00e1llov\u00e1Email:\u00a0lubica.gallova@siov.skTel:\u00a00911 469 793 ECVET\u00a0predstavuje technick\u00fd r\u00e1mec na prenos, uzn\u00e1vanie a zhroma\u017e\u010fovanie vzdel\u00e1vac\u00edch v\u00fdstupov os\u00f4b, ktor\u00fdch cie\u013eom je z\u00edska\u0165 kvalifik\u00e1ciu, pri\u010dom v\u00fdchodiskom pre implement\u00e1ciu ECVET je Odpor\u00fa\u010danie Eur\u00f3pskeho parlamentu a Rady \u010d. 2009\/C 155\/02 o vytvoren\u00ed Eur\u00f3pskeho [&hellip;]<\/p>\n","protected":false},"author":1,"featured_media":0,"parent":87,"menu_order":0,"comment_status":"closed","ping_status":"closed","template":"","meta":{"site-sidebar-layout":"default","site-content-layout":"default","ast-site-content-layout":"default","site-content-style":"default","site-sidebar-style":"default","ast-global-header-display":"","ast-banner-title-visibility":"","ast-main-header-display":"","ast-hfb-above-header-display":"","ast-hfb-below-header-display":"","ast-hfb-mobile-header-display":"","site-post-title":"disabled","ast-breadcrumbs-content":"","ast-featured-img":"","footer-sml-layout":"","ast-disable-related-posts":"","theme-transparent-header-meta":"default","adv-header-id-meta":"","stick-header-meta":"","header-above-stick-meta":"","header-main-stick-meta":"","header-below-stick-meta":"","astra-migrate-meta-layouts":"default","ast-page-background-enabled":"default","ast-page-background-meta":{"desktop":{"background-color":"var(--ast-global-color-4)","background-image":"","background-repeat":"repeat","background-position":"center center","background-size":"auto","background-attachment":"scroll","background-type":"","background-media":"","overlay-type":"","overlay-color":"","overlay-opacity":"","overlay-gradient":""},"tablet":{"background-color":"","background-image":"","background-repeat":"repeat","background-position":"center center","background-size":"auto","background-attachment":"scroll","background-type":"","background-media":"","overlay-type":"","overlay-color":"","overlay-opacity":"","overlay-gradient":""},"mobile":{"background-color":"","background-image":"","background-repeat":"repeat","background-position":"center center","background-size":"auto","background-attachment":"scroll","background-type":"","background-media":"","overlay-type":"","overlay-color":"","overlay-opacity":"","overlay-gradient":""}},"ast-content-background-meta":{"desktop":{"background-color":"var(--ast-global-color-5)","background-image":"","background-repeat":"repeat","background-position":"center center","background-size":"auto","background-attachment":"scroll","background-type":"","background-media":"","overlay-type":"","overlay-color":"","overlay-opacity":"","overlay-gradient":""},"tablet":{"background-color":"var(--ast-global-color-5)","background-image":"","background-repeat":"repeat","background-position":"center center","background-size":"auto","background-attachment":"scroll","background-type":"","background-media":"","overlay-type":"","overlay-color":"","overlay-opacity":"","overlay-gradient":""},"mobile":{"background-color":"var(--ast-global-color-5)","background-image":"","background-repeat":"repeat","background-position":"center center","background-size":"auto","background-attachment":"scroll","background-type":"","background-media":"","overlay-type":"","overlay-color":"","overlay-opacity":"","overlay-gradient":""}},"footnotes":""},"class_list":["post-93","page","type-page","status-publish","hentry"],"yoast_head":"<!-- This site is optimized with the Yoast SEO plugin v27.5 - https:\/\/yoast.com\/product\/yoast-seo-wordpress\/ -->\n<title>N\u00e1rodn\u00e9 kontaktn\u00e9 miesto pre ECVET - \u0160IOV - \u0161t\u00e1tny in\u0161tit\u00fat odborn\u00e9ho vzdel\u00e1vania<\/title>\n<meta name=\"robots\" content=\"index, follow, max-snippet:-1, max-image-preview:large, max-video-preview:-1\" \/>\n<link rel=\"canonical\" href=\"https:\/\/archiv.siov.sk\/en\/medzinarodna-spolupraca\/europske-iniciativy\/narodne-kontaktne-miesto-pre-ecvet\/\" \/>\n<meta property=\"og:locale\" content=\"en_GB\" \/>\n<meta property=\"og:type\" content=\"article\" \/>\n<meta property=\"og:title\" content=\"N\u00e1rodn\u00e9 kontaktn\u00e9 miesto pre ECVET - \u0160IOV - \u0161t\u00e1tny in\u0161tit\u00fat odborn\u00e9ho vzdel\u00e1vania\" \/>\n<meta property=\"og:description\" content=\"N\u00e1rodn\u00e9 kontaktn\u00e9 miesto pre ECVET Kontakt: \u00dasek celo\u017eivotn\u00e9ho vzdel\u00e1vaniaS\u00eddlo:\u00a0\u0160t\u00e1tny in\u0161tit\u00fat odborn\u00e9ho vzdel\u00e1vania, Bellova 54\/A, 837 63 BratislavaVed\u00faca oddelenia:\u00a0Mgr. \u013dubica G\u00e1llov\u00e1Email:\u00a0lubica.gallova@siov.skTel:\u00a00911 469 793 ECVET\u00a0predstavuje technick\u00fd r\u00e1mec na prenos, uzn\u00e1vanie a zhroma\u017e\u010fovanie vzdel\u00e1vac\u00edch v\u00fdstupov os\u00f4b, ktor\u00fdch cie\u013eom je z\u00edska\u0165 kvalifik\u00e1ciu, pri\u010dom v\u00fdchodiskom pre implement\u00e1ciu ECVET je Odpor\u00fa\u010danie Eur\u00f3pskeho parlamentu a Rady \u010d. 2009\/C 155\/02 o vytvoren\u00ed Eur\u00f3pskeho [&hellip;]\" \/>\n<meta property=\"og:url\" content=\"https:\/\/archiv.siov.sk\/en\/medzinarodna-spolupraca\/europske-iniciativy\/narodne-kontaktne-miesto-pre-ecvet\/\" \/>\n<meta property=\"og:site_name\" content=\"\u0160IOV - \u0161t\u00e1tny in\u0161tit\u00fat odborn\u00e9ho vzdel\u00e1vania\" \/>\n<meta property=\"article:publisher\" content=\"https:\/\/www.facebook.com\/Statnyinstitutodbornehovzdelavania\" \/>\n<meta property=\"article:modified_time\" content=\"2021-07-27T06:46:16+00:00\" \/>\n<meta name=\"twitter:card\" content=\"summary_large_image\" \/>\n<meta name=\"twitter:label1\" content=\"Estimated reading time\" \/>\n\t<meta name=\"twitter:data1\" content=\"2 minutes\" \/>\n<script type=\"application\/ld+json\" class=\"yoast-schema-graph\">{\"@context\":\"https:\\\/\\\/schema.org\",\"@graph\":[{\"@type\":\"WebPage\",\"@id\":\"https:\\\/\\\/archiv.siov.sk\\\/medzinarodna-spolupraca\\\/europske-iniciativy\\\/narodne-kontaktne-miesto-pre-ecvet\\\/\",\"url\":\"https:\\\/\\\/archiv.siov.sk\\\/medzinarodna-spolupraca\\\/europske-iniciativy\\\/narodne-kontaktne-miesto-pre-ecvet\\\/\",\"name\":\"N\u00e1rodn\u00e9 kontaktn\u00e9 miesto pre ECVET - \u0160IOV - \u0161t\u00e1tny in\u0161tit\u00fat odborn\u00e9ho vzdel\u00e1vania\",\"isPartOf\":{\"@id\":\"https:\\\/\\\/archiv.siov.sk\\\/#website\"},\"datePublished\":\"2019-01-25T09:26:51+00:00\",\"dateModified\":\"2021-07-27T06:46:16+00:00\",\"breadcrumb\":{\"@id\":\"https:\\\/\\\/archiv.siov.sk\\\/medzinarodna-spolupraca\\\/europske-iniciativy\\\/narodne-kontaktne-miesto-pre-ecvet\\\/#breadcrumb\"},\"inLanguage\":\"en-GB\",\"potentialAction\":[{\"@type\":\"ReadAction\",\"target\":[\"https:\\\/\\\/archiv.siov.sk\\\/medzinarodna-spolupraca\\\/europske-iniciativy\\\/narodne-kontaktne-miesto-pre-ecvet\\\/\"]}]},{\"@type\":\"BreadcrumbList\",\"@id\":\"https:\\\/\\\/archiv.siov.sk\\\/medzinarodna-spolupraca\\\/europske-iniciativy\\\/narodne-kontaktne-miesto-pre-ecvet\\\/#breadcrumb\",\"itemListElement\":[{\"@type\":\"ListItem\",\"position\":1,\"name\":\"Home\",\"item\":\"https:\\\/\\\/archiv.siov.sk\\\/\"},{\"@type\":\"ListItem\",\"position\":2,\"name\":\"Medzin\u00e1rodn\u00e1 spolupr\u00e1ca\",\"item\":\"https:\\\/\\\/archiv.siov.sk\\\/en\\\/medzinarodna-spolupraca\\\/\"},{\"@type\":\"ListItem\",\"position\":3,\"name\":\"Eur\u00f3pske iniciat\u00edvy\",\"item\":\"https:\\\/\\\/archiv.siov.sk\\\/en\\\/medzinarodna-spolupraca\\\/europske-iniciativy\\\/\"},{\"@type\":\"ListItem\",\"position\":4,\"name\":\"N\u00e1rodn\u00e9 kontaktn\u00e9 miesto pre ECVET\"}]},{\"@type\":\"WebSite\",\"@id\":\"https:\\\/\\\/archiv.siov.sk\\\/#website\",\"url\":\"https:\\\/\\\/archiv.siov.sk\\\/\",\"name\":\"\u0160IOV - \u0161t\u00e1tny in\u0161tit\u00fat odborn\u00e9ho vzdel\u00e1vania\",\"description\":\"\",\"publisher\":{\"@id\":\"https:\\\/\\\/archiv.siov.sk\\\/#organization\"},\"potentialAction\":[{\"@type\":\"SearchAction\",\"target\":{\"@type\":\"EntryPoint\",\"urlTemplate\":\"https:\\\/\\\/archiv.siov.sk\\\/?s={search_term_string}\"},\"query-input\":{\"@type\":\"PropertyValueSpecification\",\"valueRequired\":true,\"valueName\":\"search_term_string\"}}],\"inLanguage\":\"en-GB\"},{\"@type\":\"Organization\",\"@id\":\"https:\\\/\\\/archiv.siov.sk\\\/#organization\",\"name\":\"\u0160IOV - \u0161t\u00e1tny in\u0161tit\u00fat odborn\u00e9ho vzdel\u00e1vania\",\"url\":\"https:\\\/\\\/archiv.siov.sk\\\/\",\"logo\":{\"@type\":\"ImageObject\",\"inLanguage\":\"en-GB\",\"@id\":\"https:\\\/\\\/archiv.siov.sk\\\/#\\\/schema\\\/logo\\\/image\\\/\",\"url\":\"https:\\\/\\\/archiv.siov.sk\\\/wp-content\\\/uploads\\\/2024\\\/02\\\/logo-SIOV.png\",\"contentUrl\":\"https:\\\/\\\/archiv.siov.sk\\\/wp-content\\\/uploads\\\/2024\\\/02\\\/logo-SIOV.png\",\"width\":431,\"height\":143,\"caption\":\"\u0160IOV - \u0161t\u00e1tny in\u0161tit\u00fat odborn\u00e9ho vzdel\u00e1vania\"},\"image\":{\"@id\":\"https:\\\/\\\/archiv.siov.sk\\\/#\\\/schema\\\/logo\\\/image\\\/\"},\"sameAs\":[\"https:\\\/\\\/www.facebook.com\\\/Statnyinstitutodbornehovzdelavania\"]}]}<\/script>\n<!-- \/ Yoast SEO plugin. -->","yoast_head_json":{"title":"N\u00e1rodn\u00e9 kontaktn\u00e9 miesto pre ECVET - \u0160IOV - \u0161t\u00e1tny in\u0161tit\u00fat odborn\u00e9ho vzdel\u00e1vania","robots":{"index":"index","follow":"follow","max-snippet":"max-snippet:-1","max-image-preview":"max-image-preview:large","max-video-preview":"max-video-preview:-1"},"canonical":"https:\/\/archiv.siov.sk\/en\/medzinarodna-spolupraca\/europske-iniciativy\/narodne-kontaktne-miesto-pre-ecvet\/","og_locale":"en_GB","og_type":"article","og_title":"N\u00e1rodn\u00e9 kontaktn\u00e9 miesto pre ECVET - \u0160IOV - \u0161t\u00e1tny in\u0161tit\u00fat odborn\u00e9ho vzdel\u00e1vania","og_description":"N\u00e1rodn\u00e9 kontaktn\u00e9 miesto pre ECVET Kontakt: \u00dasek celo\u017eivotn\u00e9ho vzdel\u00e1vaniaS\u00eddlo:\u00a0\u0160t\u00e1tny in\u0161tit\u00fat odborn\u00e9ho vzdel\u00e1vania, Bellova 54\/A, 837 63 BratislavaVed\u00faca oddelenia:\u00a0Mgr. \u013dubica G\u00e1llov\u00e1Email:\u00a0lubica.gallova@siov.skTel:\u00a00911 469 793 ECVET\u00a0predstavuje technick\u00fd r\u00e1mec na prenos, uzn\u00e1vanie a zhroma\u017e\u010fovanie vzdel\u00e1vac\u00edch v\u00fdstupov os\u00f4b, ktor\u00fdch cie\u013eom je z\u00edska\u0165 kvalifik\u00e1ciu, pri\u010dom v\u00fdchodiskom pre implement\u00e1ciu ECVET je Odpor\u00fa\u010danie Eur\u00f3pskeho parlamentu a Rady \u010d. 2009\/C 155\/02 o vytvoren\u00ed Eur\u00f3pskeho [&hellip;]","og_url":"https:\/\/archiv.siov.sk\/en\/medzinarodna-spolupraca\/europske-iniciativy\/narodne-kontaktne-miesto-pre-ecvet\/","og_site_name":"\u0160IOV - \u0161t\u00e1tny in\u0161tit\u00fat odborn\u00e9ho vzdel\u00e1vania","article_publisher":"https:\/\/www.facebook.com\/Statnyinstitutodbornehovzdelavania","article_modified_time":"2021-07-27T06:46:16+00:00","twitter_card":"summary_large_image","twitter_misc":{"Estimated reading time":"2 minutes"},"schema":{"@context":"https:\/\/schema.org","@graph":[{"@type":"WebPage","@id":"https:\/\/archiv.siov.sk\/medzinarodna-spolupraca\/europske-iniciativy\/narodne-kontaktne-miesto-pre-ecvet\/","url":"https:\/\/archiv.siov.sk\/medzinarodna-spolupraca\/europske-iniciativy\/narodne-kontaktne-miesto-pre-ecvet\/","name":"N\u00e1rodn\u00e9 kontaktn\u00e9 miesto pre ECVET - \u0160IOV - \u0161t\u00e1tny in\u0161tit\u00fat odborn\u00e9ho vzdel\u00e1vania","isPartOf":{"@id":"https:\/\/archiv.siov.sk\/#website"},"datePublished":"2019-01-25T09:26:51+00:00","dateModified":"2021-07-27T06:46:16+00:00","breadcrumb":{"@id":"https:\/\/archiv.siov.sk\/medzinarodna-spolupraca\/europske-iniciativy\/narodne-kontaktne-miesto-pre-ecvet\/#breadcrumb"},"inLanguage":"en-GB","potentialAction":[{"@type":"ReadAction","target":["https:\/\/archiv.siov.sk\/medzinarodna-spolupraca\/europske-iniciativy\/narodne-kontaktne-miesto-pre-ecvet\/"]}]},{"@type":"BreadcrumbList","@id":"https:\/\/archiv.siov.sk\/medzinarodna-spolupraca\/europske-iniciativy\/narodne-kontaktne-miesto-pre-ecvet\/#breadcrumb","itemListElement":[{"@type":"ListItem","position":1,"name":"Home","item":"https:\/\/archiv.siov.sk\/"},{"@type":"ListItem","position":2,"name":"Medzin\u00e1rodn\u00e1 spolupr\u00e1ca","item":"https:\/\/archiv.siov.sk\/en\/medzinarodna-spolupraca\/"},{"@type":"ListItem","position":3,"name":"Eur\u00f3pske iniciat\u00edvy","item":"https:\/\/archiv.siov.sk\/en\/medzinarodna-spolupraca\/europske-iniciativy\/"},{"@type":"ListItem","position":4,"name":"N\u00e1rodn\u00e9 kontaktn\u00e9 miesto pre ECVET"}]},{"@type":"WebSite","@id":"https:\/\/archiv.siov.sk\/#website","url":"https:\/\/archiv.siov.sk\/","name":"\u0160IOV - \u0161t\u00e1tny in\u0161tit\u00fat odborn\u00e9ho vzdel\u00e1vania","description":"","publisher":{"@id":"https:\/\/archiv.siov.sk\/#organization"},"potentialAction":[{"@type":"SearchAction","target":{"@type":"EntryPoint","urlTemplate":"https:\/\/archiv.siov.sk\/?s={search_term_string}"},"query-input":{"@type":"PropertyValueSpecification","valueRequired":true,"valueName":"search_term_string"}}],"inLanguage":"en-GB"},{"@type":"Organization","@id":"https:\/\/archiv.siov.sk\/#organization","name":"\u0160IOV - \u0161t\u00e1tny in\u0161tit\u00fat odborn\u00e9ho vzdel\u00e1vania","url":"https:\/\/archiv.siov.sk\/","logo":{"@type":"ImageObject","inLanguage":"en-GB","@id":"https:\/\/archiv.siov.sk\/#\/schema\/logo\/image\/","url":"https:\/\/archiv.siov.sk\/wp-content\/uploads\/2024\/02\/logo-SIOV.png","contentUrl":"https:\/\/archiv.siov.sk\/wp-content\/uploads\/2024\/02\/logo-SIOV.png","width":431,"height":143,"caption":"\u0160IOV - \u0161t\u00e1tny in\u0161tit\u00fat odborn\u00e9ho vzdel\u00e1vania"},"image":{"@id":"https:\/\/archiv.siov.sk\/#\/schema\/logo\/image\/"},"sameAs":["https:\/\/www.facebook.com\/Statnyinstitutodbornehovzdelavania"]}]}},"_links":{"self":[{"href":"https:\/\/archiv.siov.sk\/en\/wp-json\/wp\/v2\/pages\/93","targetHints":{"allow":["GET"]}}],"collection":[{"href":"https:\/\/archiv.siov.sk\/en\/wp-json\/wp\/v2\/pages"}],"about":[{"href":"https:\/\/archiv.siov.sk\/en\/wp-json\/wp\/v2\/types\/page"}],"author":[{"embeddable":true,"href":"https:\/\/archiv.siov.sk\/en\/wp-json\/wp\/v2\/users\/1"}],"replies":[{"embeddable":true,"href":"https:\/\/archiv.siov.sk\/en\/wp-json\/wp\/v2\/comments?post=93"}],"version-history":[{"count":11,"href":"https:\/\/archiv.siov.sk\/en\/wp-json\/wp\/v2\/pages\/93\/revisions"}],"predecessor-version":[{"id":9126,"href":"https:\/\/archiv.siov.sk\/en\/wp-json\/wp\/v2\/pages\/93\/revisions\/9126"}],"up":[{"embeddable":true,"href":"https:\/\/archiv.siov.sk\/en\/wp-json\/wp\/v2\/pages\/87"}],"wp:attachment":[{"href":"https:\/\/archiv.siov.sk\/en\/wp-json\/wp\/v2\/media?parent=93"}],"curies":[{"name":"wp","href":"https:\/\/api.w.org\/{rel}","templated":true}]}}