{"id":84,"date":"2019-01-25T10:22:34","date_gmt":"2019-01-25T09:22:34","guid":{"rendered":"http:\/\/archiv.siov.sk\/?page_id=84"},"modified":"2021-07-23T07:50:09","modified_gmt":"2021-07-23T05:50:09","slug":"green-wheels","status":"publish","type":"page","link":"https:\/\/archiv.siov.sk\/en\/medzinarodna-spolupraca\/medzinarodne-projekty\/green-wheels\/","title":{"rendered":"Green Wheels"},"content":{"rendered":"<div data-elementor-type=\"wp-page\" data-elementor-id=\"84\" class=\"elementor elementor-84\" data-elementor-post-type=\"page\">\n\t\t\t\t\t\t<section class=\"elementor-section elementor-top-section elementor-element elementor-element-0993ca6 elementor-section-boxed elementor-section-height-default elementor-section-height-default\" data-id=\"0993ca6\" data-element_type=\"section\" data-e-type=\"section\">\n\t\t\t\t\t\t<div class=\"elementor-container elementor-column-gap-default\">\n\t\t\t\t\t<div class=\"elementor-column elementor-col-100 elementor-top-column elementor-element elementor-element-b1acfa0\" data-id=\"b1acfa0\" data-element_type=\"column\" data-e-type=\"column\">\n\t\t\t<div class=\"elementor-widget-wrap elementor-element-populated\">\n\t\t\t\t\t\t<div class=\"elementor-element elementor-element-aa40ee2 elementor-widget-divider--view-line elementor-widget elementor-widget-divider\" data-id=\"aa40ee2\" data-element_type=\"widget\" data-e-type=\"widget\" data-widget_type=\"divider.default\">\n\t\t\t\t<div class=\"elementor-widget-container\">\n\t\t\t\t\t\t\t<div class=\"elementor-divider\">\n\t\t\t<span class=\"elementor-divider-separator\">\n\t\t\t\t\t\t<\/span>\n\t\t<\/div>\n\t\t\t\t\t\t<\/div>\n\t\t\t\t<\/div>\n\t\t\t\t<div class=\"elementor-element elementor-element-8d24e12 elementor-widget elementor-widget-heading\" data-id=\"8d24e12\" data-element_type=\"widget\" data-e-type=\"widget\" data-widget_type=\"heading.default\">\n\t\t\t\t<div class=\"elementor-widget-container\">\n\t\t\t\t\t<h2 class=\"elementor-heading-title elementor-size-default\">Green Wheels<\/h2>\t\t\t\t<\/div>\n\t\t\t\t<\/div>\n\t\t\t\t\t<\/div>\n\t\t<\/div>\n\t\t\t\t\t<\/div>\n\t\t<\/section>\n\t\t\t\t<section class=\"elementor-section elementor-top-section elementor-element elementor-element-6e05a7af elementor-section-boxed elementor-section-height-default elementor-section-height-default\" data-id=\"6e05a7af\" data-element_type=\"section\" data-e-type=\"section\">\n\t\t\t\t\t\t<div class=\"elementor-container elementor-column-gap-default\">\n\t\t\t\t\t<div class=\"elementor-column elementor-col-100 elementor-top-column elementor-element elementor-element-5b0776f6\" data-id=\"5b0776f6\" data-element_type=\"column\" data-e-type=\"column\">\n\t\t\t<div class=\"elementor-widget-wrap elementor-element-populated\">\n\t\t\t\t\t\t<div class=\"elementor-element elementor-element-4ba48478 elementor-widget elementor-widget-text-editor\" data-id=\"4ba48478\" data-element_type=\"widget\" data-e-type=\"widget\" data-widget_type=\"text-editor.default\">\n\t\t\t\t<div class=\"elementor-widget-container\">\n\t\t\t\t\t\t\t\t\t<p style=\"text-align: justify;\">\u0160t\u00e1tny in\u0161tit\u00fat odborn\u00e9ho vzdel\u00e1vania &nbsp;vst\u00fapil do realiz\u00e1cie nov\u00e9ho projektu s n\u00e1zvom \u201eGreen Wheels: Operation, repair and service of hybrid and electric cars &#8211; Zelen\u00e9 vozidl\u00e1 \u2013 Opravy, \u00fadr\u017eba a&nbsp;servisovanie hybridn\u00fdch a&nbsp;elektrick\u00fdch vozidiel\u201c realizovan\u00fd v r\u00e1mci programu Erasmus +.<\/p>\r\n<p style=\"text-align: justify;\">Projekt sa zameriava na tvorbu tzv. Blended learning vzdel\u00e1vac\u00edch materi\u00e1lov (spojenie klasick\u00e9ho vzdel\u00e1vania s&nbsp;e-learningov\u00fdmi met\u00f3dami) v oblasti \u00fadr\u017eby a opr\u00e1v hybridn\u00fdch a elektrick\u00fdch vozidiel pre \u017eiakov u\u010debn\u00fdch a \u0161tudijn\u00fdch odborov stredn\u00fdch odborn\u00fdch \u0161k\u00f4l v oblasti automobilov\u00e9ho priemyslu. V projekte je kladen\u00fd d\u00f4raz na vyu\u017e\u00edvanie inovat\u00edvnych u\u010debn\u00fdch met\u00f3d, ako napr. tzv. Met\u00f3dy kritick\u00e9ho myslenia, b\u00e1date\u013esk\u00e9ho u\u010denie, met\u00f3dy prevr\u00e1tenej&nbsp; triedy, met\u00f3dy CLIL a in\u00fdch.<\/p>\r\n\r\n<blockquote>V projekte sa sna\u017e\u00edme o tvorbu kvalitn\u00fdch a inovat\u00edvnych materi\u00e1lov pre u\u010dite\u013eov a&nbsp;\u017eiakov. S\u00fa\u010das\u0165ou projektu bud\u00fa aj \u0161kolenia u\u010dite\u013eov v nov\u00fdch metodick\u00fdch pr\u00edstupoch.<\/blockquote>\r\n<p style=\"text-align: justify;\">V projekte tie\u017e vytvor\u00edme nov\u00e9 kurikulum pre oblas\u0165 \u00fadr\u017eby a opr\u00e1v hybridn\u00fdch a elektrick\u00fdch vozidiel v s\u00falade s po\u017eiadavkami eur\u00f3pskych met\u00f3d ECVET a EQUAVET tak, aby doch\u00e1dzalo k unifik\u00e1cii a \u0161tandardiz\u00e1cii v\u00fdsledkov vzdel\u00e1vania naprie\u010d krajinami.<\/p>\r\n<p style=\"text-align: justify;\">V\u00fdstupmi projektu bud\u00fa e-learningov\u00e9 interakt\u00edvne v\u00fdukov\u00e9 moduly podporen\u00e9 LMS, pracovn\u00e9 listy a vide\u00e1 pre praktick\u00fa v\u00fduku, metodick\u00e9 materi\u00e1ly pre u\u010dite\u013eov, online v\u00fdkladov\u00fd slovn\u00edk odborn\u00fdch pojmov v 4 jazykov\u00fdch mut\u00e1ci\u00e1ch, ECVET syst\u00e9m pre dan\u00fd odbor a \u0161kolenia u\u010dite\u013eov.<\/p>\r\n\r\n<blockquote>Cie\u013eom projektu je okrem skvalitnenia a inov\u00e1cie v\u00fdu\u010dbov\u00fdch materi\u00e1lov pre \u017eiakov automobilov\u00e9ho odvetvia tie\u017e zatrakt\u00edvnenie odboru&nbsp; pre uch\u00e1dza\u010dov a z\u00e1rove\u0148 lep\u0161ie uplatnenie absolventov na trhu pr\u00e1ce so z\u00edskan\u00edm potrebn\u00fdch nov\u00fdch zru\u010dnost\u00ed vo svojom odbore.<\/blockquote>\r\n<p style=\"text-align: justify;\">\u0160koly zapojen\u00e9 v projekte bud\u00fa testova\u0165 a vykon\u00e1va\u0165 pilot\u00e1\u017e novo vyv\u00edjan\u00fdch v\u00fdu\u010dbov\u00fdch materi\u00e1lov. \u010eal\u0161\u00ed partneri v odbore &#8211; profesion\u00e1lne organiz\u00e1cie v oblasti automobilov\u00e9ho priemyslu obohatia novo vyv\u00edjan\u00e9 materi\u00e1ly o s\u00fa\u010dasn\u00e9 poznatky v odbore a bud\u00fa tie\u017e poskytova\u0165 profesion\u00e1lnu sp\u00e4tn\u00fa v\u00e4zbu. V projekte s\u00fa \u010falej zapojen\u00e9 ved\u00face vzdel\u00e1vacie in\u0161tit\u00facie, ktor\u00e9 sa bud\u00fa zaobera\u0165 tvorbou ECVET v tomto odbore a bud\u00fa dohliada\u0165 na to, aby novo vznikaj\u00face materi\u00e1ly sp\u013a\u0148ali potrebn\u00e9 krit\u00e9ri\u00e1 danej legislat\u00edvy v uveden\u00fdch krajin\u00e1ch. V&nbsp;tejto oblasti je aj \u0165a\u017eiskov\u00e9 p\u00f4sobenie \u0160IOV v&nbsp;projekte.<\/p>\r\n<p style=\"text-align: justify;\">Projektov\u00e9 konzorcium pozost\u00e1va zo 14 partnerov zo 4 kraj\u00edn &#8211; Slovensk\u00e1 republika, \u010cesk\u00e1 republika, Ve\u013ek\u00e1 Brit\u00e1nia a Ma\u010farsko. V ka\u017edej z projektov\u00fdch kraj\u00edn je v projekte zapojen\u00e1 jedna \u0161kola v odbore automobilov\u00e9ho priemyslu, jedna profesion\u00e1lna organiz\u00e1cia v tomto odbore a ved\u00face in\u0161tit\u00facie na poli vzdel\u00e1vania. Projekt celkovo koordinuje organiz\u00e1cia Centre for Modern Education Praha, ktor\u00e1 m\u00e1 bohat\u00e9 sk\u00fasenosti s administr\u00e1ciou medzin\u00e1rodn\u00fdch projektov vo vzdel\u00e1vacej oblasti.<\/p>\r\n<p style=\"text-align: justify;\"><img decoding=\"async\" class=\"alignright wp-image-85 size-thumbnail\" src=\"http:\/\/siov.sk\/wp-content\/uploads\/2019\/01\/greenwheels-150x150.jpg\" alt=\"greenwheels\" width=\"150\" height=\"150\" srcset=\"https:\/\/archiv.siov.sk\/wp-content\/uploads\/2019\/01\/greenwheels-150x150.jpg 150w, https:\/\/archiv.siov.sk\/wp-content\/uploads\/2019\/01\/greenwheels.jpg 275w\" sizes=\"(max-width: 150px) 100vw, 150px\" \/>Slovensk\u00fdmi partnermi v&nbsp;projekte s\u00fa \u0160t\u00e1tny in\u0161tit\u00fat odborn\u00e9ho vzdel\u00e1vania, Zv\u00e4z automobilov\u00e9ho priemyslu Slovenskej republiky,&nbsp; S\u00fakromn\u00e1 SO\u0160 automobilov\u00e1 &#8211; Du\u00e1lna akad\u00e9mia Bratislava a, Centre for Modern Education Bratislava.<\/p>\r\n<p style=\"text-align: justify;\">Bli\u017e\u0161ie inform\u00e1cie o projekte s\u00fa k&nbsp;dispoz\u00edcii na webe <a href=\"http:\/\/www.gwproject.eu\"><strong>www.gwproject.eu<\/strong><\/a><\/p>\r\n<strong>Ing. Ladislav \u0160atka, \u0160IOV Bratislava<\/strong>\r\n\r\n&nbsp;\t\t\t\t\t\t\t\t<\/div>\n\t\t\t\t<\/div>\n\t\t\t\t\t<\/div>\n\t\t<\/div>\n\t\t\t\t\t<\/div>\n\t\t<\/section>\n\t\t\t\t<\/div>","protected":false},"excerpt":{"rendered":"<p>Green Wheels \u0160t\u00e1tny in\u0161tit\u00fat odborn\u00e9ho vzdel\u00e1vania &nbsp;vst\u00fapil do realiz\u00e1cie nov\u00e9ho projektu s n\u00e1zvom \u201eGreen Wheels: Operation, repair and service of hybrid and electric cars &#8211; Zelen\u00e9 vozidl\u00e1 \u2013 Opravy, \u00fadr\u017eba a&nbsp;servisovanie hybridn\u00fdch a&nbsp;elektrick\u00fdch vozidiel\u201c realizovan\u00fd v r\u00e1mci programu Erasmus +. Projekt sa zameriava na tvorbu tzv. Blended learning vzdel\u00e1vac\u00edch materi\u00e1lov (spojenie klasick\u00e9ho vzdel\u00e1vania s&nbsp;e-learningov\u00fdmi met\u00f3dami) [&hellip;]<\/p>\n","protected":false},"author":1,"featured_media":0,"parent":67,"menu_order":0,"comment_status":"closed","ping_status":"closed","template":"","meta":{"site-sidebar-layout":"default","site-content-layout":"default","ast-site-content-layout":"default","site-content-style":"default","site-sidebar-style":"default","ast-global-header-display":"","ast-banner-title-visibility":"","ast-main-header-display":"","ast-hfb-above-header-display":"","ast-hfb-below-header-display":"","ast-hfb-mobile-header-display":"","site-post-title":"disabled","ast-breadcrumbs-content":"","ast-featured-img":"","footer-sml-layout":"","ast-disable-related-posts":"","theme-transparent-header-meta":"default","adv-header-id-meta":"","stick-header-meta":"","header-above-stick-meta":"","header-main-stick-meta":"","header-below-stick-meta":"","astra-migrate-meta-layouts":"default","ast-page-background-enabled":"default","ast-page-background-meta":{"desktop":{"background-color":"var(--ast-global-color-4)","background-image":"","background-repeat":"repeat","background-position":"center center","background-size":"auto","background-attachment":"scroll","background-type":"","background-media":"","overlay-type":"","overlay-color":"","overlay-opacity":"","overlay-gradient":""},"tablet":{"background-color":"","background-image":"","background-repeat":"repeat","background-position":"center center","background-size":"auto","background-attachment":"scroll","background-type":"","background-media":"","overlay-type":"","overlay-color":"","overlay-opacity":"","overlay-gradient":""},"mobile":{"background-color":"","background-image":"","background-repeat":"repeat","background-position":"center center","background-size":"auto","background-attachment":"scroll","background-type":"","background-media":"","overlay-type":"","overlay-color":"","overlay-opacity":"","overlay-gradient":""}},"ast-content-background-meta":{"desktop":{"background-color":"var(--ast-global-color-5)","background-image":"","background-repeat":"repeat","background-position":"center center","background-size":"auto","background-attachment":"scroll","background-type":"","background-media":"","overlay-type":"","overlay-color":"","overlay-opacity":"","overlay-gradient":""},"tablet":{"background-color":"var(--ast-global-color-5)","background-image":"","background-repeat":"repeat","background-position":"center center","background-size":"auto","background-attachment":"scroll","background-type":"","background-media":"","overlay-type":"","overlay-color":"","overlay-opacity":"","overlay-gradient":""},"mobile":{"background-color":"var(--ast-global-color-5)","background-image":"","background-repeat":"repeat","background-position":"center center","background-size":"auto","background-attachment":"scroll","background-type":"","background-media":"","overlay-type":"","overlay-color":"","overlay-opacity":"","overlay-gradient":""}},"footnotes":""},"class_list":["post-84","page","type-page","status-publish","hentry"],"yoast_head":"<!-- This site is optimized with the Yoast SEO plugin v27.5 - https:\/\/yoast.com\/product\/yoast-seo-wordpress\/ -->\n<title>Green Wheels - \u0160IOV - \u0161t\u00e1tny in\u0161tit\u00fat odborn\u00e9ho vzdel\u00e1vania<\/title>\n<meta name=\"robots\" content=\"index, follow, max-snippet:-1, max-image-preview:large, max-video-preview:-1\" \/>\n<link rel=\"canonical\" href=\"https:\/\/archiv.siov.sk\/en\/medzinarodna-spolupraca\/medzinarodne-projekty\/green-wheels\/\" \/>\n<meta property=\"og:locale\" content=\"en_GB\" \/>\n<meta property=\"og:type\" content=\"article\" \/>\n<meta property=\"og:title\" content=\"Green Wheels - \u0160IOV - \u0161t\u00e1tny in\u0161tit\u00fat odborn\u00e9ho vzdel\u00e1vania\" \/>\n<meta property=\"og:description\" content=\"Green Wheels \u0160t\u00e1tny in\u0161tit\u00fat odborn\u00e9ho vzdel\u00e1vania &nbsp;vst\u00fapil do realiz\u00e1cie nov\u00e9ho projektu s n\u00e1zvom \u201eGreen Wheels: Operation, repair and service of hybrid and electric cars &#8211; Zelen\u00e9 vozidl\u00e1 \u2013 Opravy, \u00fadr\u017eba a&nbsp;servisovanie hybridn\u00fdch a&nbsp;elektrick\u00fdch vozidiel\u201c realizovan\u00fd v r\u00e1mci programu Erasmus +. Projekt sa zameriava na tvorbu tzv. Blended learning vzdel\u00e1vac\u00edch materi\u00e1lov (spojenie klasick\u00e9ho vzdel\u00e1vania s&nbsp;e-learningov\u00fdmi met\u00f3dami) [&hellip;]\" \/>\n<meta property=\"og:url\" content=\"https:\/\/archiv.siov.sk\/en\/medzinarodna-spolupraca\/medzinarodne-projekty\/green-wheels\/\" \/>\n<meta property=\"og:site_name\" content=\"\u0160IOV - \u0161t\u00e1tny in\u0161tit\u00fat odborn\u00e9ho vzdel\u00e1vania\" \/>\n<meta property=\"article:publisher\" content=\"https:\/\/www.facebook.com\/Statnyinstitutodbornehovzdelavania\" \/>\n<meta property=\"article:modified_time\" content=\"2021-07-23T05:50:09+00:00\" \/>\n<meta property=\"og:image\" content=\"https:\/\/archiv.siov.sk\/wp-content\/uploads\/2019\/01\/greenwheels-150x150.jpg\" \/>\n<meta name=\"twitter:card\" content=\"summary_large_image\" \/>\n<meta name=\"twitter:label1\" content=\"Estimated reading time\" \/>\n\t<meta name=\"twitter:data1\" content=\"3 minutes\" \/>\n<script type=\"application\/ld+json\" class=\"yoast-schema-graph\">{\"@context\":\"https:\\\/\\\/schema.org\",\"@graph\":[{\"@type\":\"WebPage\",\"@id\":\"https:\\\/\\\/archiv.siov.sk\\\/medzinarodna-spolupraca\\\/medzinarodne-projekty\\\/green-wheels\\\/\",\"url\":\"https:\\\/\\\/archiv.siov.sk\\\/medzinarodna-spolupraca\\\/medzinarodne-projekty\\\/green-wheels\\\/\",\"name\":\"Green Wheels - \u0160IOV - \u0161t\u00e1tny in\u0161tit\u00fat odborn\u00e9ho vzdel\u00e1vania\",\"isPartOf\":{\"@id\":\"https:\\\/\\\/archiv.siov.sk\\\/#website\"},\"primaryImageOfPage\":{\"@id\":\"https:\\\/\\\/archiv.siov.sk\\\/medzinarodna-spolupraca\\\/medzinarodne-projekty\\\/green-wheels\\\/#primaryimage\"},\"image\":{\"@id\":\"https:\\\/\\\/archiv.siov.sk\\\/medzinarodna-spolupraca\\\/medzinarodne-projekty\\\/green-wheels\\\/#primaryimage\"},\"thumbnailUrl\":\"https:\\\/\\\/archiv.siov.sk\\\/wp-content\\\/uploads\\\/2019\\\/01\\\/greenwheels-150x150.jpg\",\"datePublished\":\"2019-01-25T09:22:34+00:00\",\"dateModified\":\"2021-07-23T05:50:09+00:00\",\"breadcrumb\":{\"@id\":\"https:\\\/\\\/archiv.siov.sk\\\/medzinarodna-spolupraca\\\/medzinarodne-projekty\\\/green-wheels\\\/#breadcrumb\"},\"inLanguage\":\"en-GB\",\"potentialAction\":[{\"@type\":\"ReadAction\",\"target\":[\"https:\\\/\\\/archiv.siov.sk\\\/medzinarodna-spolupraca\\\/medzinarodne-projekty\\\/green-wheels\\\/\"]}]},{\"@type\":\"ImageObject\",\"inLanguage\":\"en-GB\",\"@id\":\"https:\\\/\\\/archiv.siov.sk\\\/medzinarodna-spolupraca\\\/medzinarodne-projekty\\\/green-wheels\\\/#primaryimage\",\"url\":\"https:\\\/\\\/archiv.siov.sk\\\/wp-content\\\/uploads\\\/2019\\\/01\\\/greenwheels-150x150.jpg\",\"contentUrl\":\"https:\\\/\\\/archiv.siov.sk\\\/wp-content\\\/uploads\\\/2019\\\/01\\\/greenwheels-150x150.jpg\"},{\"@type\":\"BreadcrumbList\",\"@id\":\"https:\\\/\\\/archiv.siov.sk\\\/medzinarodna-spolupraca\\\/medzinarodne-projekty\\\/green-wheels\\\/#breadcrumb\",\"itemListElement\":[{\"@type\":\"ListItem\",\"position\":1,\"name\":\"Home\",\"item\":\"https:\\\/\\\/archiv.siov.sk\\\/\"},{\"@type\":\"ListItem\",\"position\":2,\"name\":\"Medzin\u00e1rodn\u00e1 spolupr\u00e1ca\",\"item\":\"https:\\\/\\\/archiv.siov.sk\\\/en\\\/medzinarodna-spolupraca\\\/\"},{\"@type\":\"ListItem\",\"position\":3,\"name\":\"Medzin\u00e1rodn\u00e9 projekty\",\"item\":\"https:\\\/\\\/archiv.siov.sk\\\/medzinarodna-spolupraca\\\/medzinarodne-projekty\\\/\"},{\"@type\":\"ListItem\",\"position\":4,\"name\":\"Green Wheels\"}]},{\"@type\":\"WebSite\",\"@id\":\"https:\\\/\\\/archiv.siov.sk\\\/#website\",\"url\":\"https:\\\/\\\/archiv.siov.sk\\\/\",\"name\":\"\u0160IOV - \u0161t\u00e1tny in\u0161tit\u00fat odborn\u00e9ho vzdel\u00e1vania\",\"description\":\"\",\"publisher\":{\"@id\":\"https:\\\/\\\/archiv.siov.sk\\\/#organization\"},\"potentialAction\":[{\"@type\":\"SearchAction\",\"target\":{\"@type\":\"EntryPoint\",\"urlTemplate\":\"https:\\\/\\\/archiv.siov.sk\\\/?s={search_term_string}\"},\"query-input\":{\"@type\":\"PropertyValueSpecification\",\"valueRequired\":true,\"valueName\":\"search_term_string\"}}],\"inLanguage\":\"en-GB\"},{\"@type\":\"Organization\",\"@id\":\"https:\\\/\\\/archiv.siov.sk\\\/#organization\",\"name\":\"\u0160IOV - \u0161t\u00e1tny in\u0161tit\u00fat odborn\u00e9ho vzdel\u00e1vania\",\"url\":\"https:\\\/\\\/archiv.siov.sk\\\/\",\"logo\":{\"@type\":\"ImageObject\",\"inLanguage\":\"en-GB\",\"@id\":\"https:\\\/\\\/archiv.siov.sk\\\/#\\\/schema\\\/logo\\\/image\\\/\",\"url\":\"https:\\\/\\\/archiv.siov.sk\\\/wp-content\\\/uploads\\\/2024\\\/02\\\/logo-SIOV.png\",\"contentUrl\":\"https:\\\/\\\/archiv.siov.sk\\\/wp-content\\\/uploads\\\/2024\\\/02\\\/logo-SIOV.png\",\"width\":431,\"height\":143,\"caption\":\"\u0160IOV - \u0161t\u00e1tny in\u0161tit\u00fat odborn\u00e9ho vzdel\u00e1vania\"},\"image\":{\"@id\":\"https:\\\/\\\/archiv.siov.sk\\\/#\\\/schema\\\/logo\\\/image\\\/\"},\"sameAs\":[\"https:\\\/\\\/www.facebook.com\\\/Statnyinstitutodbornehovzdelavania\"]}]}<\/script>\n<!-- \/ Yoast SEO plugin. -->","yoast_head_json":{"title":"Green Wheels - \u0160IOV - \u0161t\u00e1tny in\u0161tit\u00fat odborn\u00e9ho vzdel\u00e1vania","robots":{"index":"index","follow":"follow","max-snippet":"max-snippet:-1","max-image-preview":"max-image-preview:large","max-video-preview":"max-video-preview:-1"},"canonical":"https:\/\/archiv.siov.sk\/en\/medzinarodna-spolupraca\/medzinarodne-projekty\/green-wheels\/","og_locale":"en_GB","og_type":"article","og_title":"Green Wheels - \u0160IOV - \u0161t\u00e1tny in\u0161tit\u00fat odborn\u00e9ho vzdel\u00e1vania","og_description":"Green Wheels \u0160t\u00e1tny in\u0161tit\u00fat odborn\u00e9ho vzdel\u00e1vania &nbsp;vst\u00fapil do realiz\u00e1cie nov\u00e9ho projektu s n\u00e1zvom \u201eGreen Wheels: Operation, repair and service of hybrid and electric cars &#8211; Zelen\u00e9 vozidl\u00e1 \u2013 Opravy, \u00fadr\u017eba a&nbsp;servisovanie hybridn\u00fdch a&nbsp;elektrick\u00fdch vozidiel\u201c realizovan\u00fd v r\u00e1mci programu Erasmus +. Projekt sa zameriava na tvorbu tzv. Blended learning vzdel\u00e1vac\u00edch materi\u00e1lov (spojenie klasick\u00e9ho vzdel\u00e1vania s&nbsp;e-learningov\u00fdmi met\u00f3dami) [&hellip;]","og_url":"https:\/\/archiv.siov.sk\/en\/medzinarodna-spolupraca\/medzinarodne-projekty\/green-wheels\/","og_site_name":"\u0160IOV - \u0161t\u00e1tny in\u0161tit\u00fat odborn\u00e9ho vzdel\u00e1vania","article_publisher":"https:\/\/www.facebook.com\/Statnyinstitutodbornehovzdelavania","article_modified_time":"2021-07-23T05:50:09+00:00","og_image":[{"url":"https:\/\/archiv.siov.sk\/wp-content\/uploads\/2019\/01\/greenwheels-150x150.jpg","type":"","width":"","height":""}],"twitter_card":"summary_large_image","twitter_misc":{"Estimated reading time":"3 minutes"},"schema":{"@context":"https:\/\/schema.org","@graph":[{"@type":"WebPage","@id":"https:\/\/archiv.siov.sk\/medzinarodna-spolupraca\/medzinarodne-projekty\/green-wheels\/","url":"https:\/\/archiv.siov.sk\/medzinarodna-spolupraca\/medzinarodne-projekty\/green-wheels\/","name":"Green Wheels - \u0160IOV - \u0161t\u00e1tny in\u0161tit\u00fat odborn\u00e9ho vzdel\u00e1vania","isPartOf":{"@id":"https:\/\/archiv.siov.sk\/#website"},"primaryImageOfPage":{"@id":"https:\/\/archiv.siov.sk\/medzinarodna-spolupraca\/medzinarodne-projekty\/green-wheels\/#primaryimage"},"image":{"@id":"https:\/\/archiv.siov.sk\/medzinarodna-spolupraca\/medzinarodne-projekty\/green-wheels\/#primaryimage"},"thumbnailUrl":"https:\/\/archiv.siov.sk\/wp-content\/uploads\/2019\/01\/greenwheels-150x150.jpg","datePublished":"2019-01-25T09:22:34+00:00","dateModified":"2021-07-23T05:50:09+00:00","breadcrumb":{"@id":"https:\/\/archiv.siov.sk\/medzinarodna-spolupraca\/medzinarodne-projekty\/green-wheels\/#breadcrumb"},"inLanguage":"en-GB","potentialAction":[{"@type":"ReadAction","target":["https:\/\/archiv.siov.sk\/medzinarodna-spolupraca\/medzinarodne-projekty\/green-wheels\/"]}]},{"@type":"ImageObject","inLanguage":"en-GB","@id":"https:\/\/archiv.siov.sk\/medzinarodna-spolupraca\/medzinarodne-projekty\/green-wheels\/#primaryimage","url":"https:\/\/archiv.siov.sk\/wp-content\/uploads\/2019\/01\/greenwheels-150x150.jpg","contentUrl":"https:\/\/archiv.siov.sk\/wp-content\/uploads\/2019\/01\/greenwheels-150x150.jpg"},{"@type":"BreadcrumbList","@id":"https:\/\/archiv.siov.sk\/medzinarodna-spolupraca\/medzinarodne-projekty\/green-wheels\/#breadcrumb","itemListElement":[{"@type":"ListItem","position":1,"name":"Home","item":"https:\/\/archiv.siov.sk\/"},{"@type":"ListItem","position":2,"name":"Medzin\u00e1rodn\u00e1 spolupr\u00e1ca","item":"https:\/\/archiv.siov.sk\/en\/medzinarodna-spolupraca\/"},{"@type":"ListItem","position":3,"name":"Medzin\u00e1rodn\u00e9 projekty","item":"https:\/\/archiv.siov.sk\/medzinarodna-spolupraca\/medzinarodne-projekty\/"},{"@type":"ListItem","position":4,"name":"Green Wheels"}]},{"@type":"WebSite","@id":"https:\/\/archiv.siov.sk\/#website","url":"https:\/\/archiv.siov.sk\/","name":"\u0160IOV - \u0161t\u00e1tny in\u0161tit\u00fat odborn\u00e9ho vzdel\u00e1vania","description":"","publisher":{"@id":"https:\/\/archiv.siov.sk\/#organization"},"potentialAction":[{"@type":"SearchAction","target":{"@type":"EntryPoint","urlTemplate":"https:\/\/archiv.siov.sk\/?s={search_term_string}"},"query-input":{"@type":"PropertyValueSpecification","valueRequired":true,"valueName":"search_term_string"}}],"inLanguage":"en-GB"},{"@type":"Organization","@id":"https:\/\/archiv.siov.sk\/#organization","name":"\u0160IOV - \u0161t\u00e1tny in\u0161tit\u00fat odborn\u00e9ho vzdel\u00e1vania","url":"https:\/\/archiv.siov.sk\/","logo":{"@type":"ImageObject","inLanguage":"en-GB","@id":"https:\/\/archiv.siov.sk\/#\/schema\/logo\/image\/","url":"https:\/\/archiv.siov.sk\/wp-content\/uploads\/2024\/02\/logo-SIOV.png","contentUrl":"https:\/\/archiv.siov.sk\/wp-content\/uploads\/2024\/02\/logo-SIOV.png","width":431,"height":143,"caption":"\u0160IOV - \u0161t\u00e1tny in\u0161tit\u00fat odborn\u00e9ho vzdel\u00e1vania"},"image":{"@id":"https:\/\/archiv.siov.sk\/#\/schema\/logo\/image\/"},"sameAs":["https:\/\/www.facebook.com\/Statnyinstitutodbornehovzdelavania"]}]}},"_links":{"self":[{"href":"https:\/\/archiv.siov.sk\/en\/wp-json\/wp\/v2\/pages\/84","targetHints":{"allow":["GET"]}}],"collection":[{"href":"https:\/\/archiv.siov.sk\/en\/wp-json\/wp\/v2\/pages"}],"about":[{"href":"https:\/\/archiv.siov.sk\/en\/wp-json\/wp\/v2\/types\/page"}],"author":[{"embeddable":true,"href":"https:\/\/archiv.siov.sk\/en\/wp-json\/wp\/v2\/users\/1"}],"replies":[{"embeddable":true,"href":"https:\/\/archiv.siov.sk\/en\/wp-json\/wp\/v2\/comments?post=84"}],"version-history":[{"count":6,"href":"https:\/\/archiv.siov.sk\/en\/wp-json\/wp\/v2\/pages\/84\/revisions"}],"predecessor-version":[{"id":8747,"href":"https:\/\/archiv.siov.sk\/en\/wp-json\/wp\/v2\/pages\/84\/revisions\/8747"}],"up":[{"embeddable":true,"href":"https:\/\/archiv.siov.sk\/en\/wp-json\/wp\/v2\/pages\/67"}],"wp:attachment":[{"href":"https:\/\/archiv.siov.sk\/en\/wp-json\/wp\/v2\/media?parent=84"}],"curies":[{"name":"wp","href":"https:\/\/api.w.org\/{rel}","templated":true}]}}