{"id":81,"date":"2019-01-25T10:21:34","date_gmt":"2019-01-25T09:21:34","guid":{"rendered":"http:\/\/archiv.siov.sk\/?page_id=81"},"modified":"2021-07-23T07:48:28","modified_gmt":"2021-07-23T05:48:28","slug":"skillme","status":"publish","type":"page","link":"https:\/\/archiv.siov.sk\/en\/medzinarodna-spolupraca\/medzinarodne-projekty\/skillme\/","title":{"rendered":"SkillMe"},"content":{"rendered":"<div data-elementor-type=\"wp-page\" data-elementor-id=\"81\" class=\"elementor elementor-81\" data-elementor-post-type=\"page\">\n\t\t\t\t\t\t<section class=\"elementor-section elementor-top-section elementor-element elementor-element-5e59068 elementor-section-boxed elementor-section-height-default elementor-section-height-default\" data-id=\"5e59068\" data-element_type=\"section\" data-e-type=\"section\">\n\t\t\t\t\t\t<div class=\"elementor-container elementor-column-gap-default\">\n\t\t\t\t\t<div class=\"elementor-column elementor-col-100 elementor-top-column elementor-element elementor-element-0c6b601\" data-id=\"0c6b601\" data-element_type=\"column\" data-e-type=\"column\">\n\t\t\t<div class=\"elementor-widget-wrap elementor-element-populated\">\n\t\t\t\t\t\t<div class=\"elementor-element elementor-element-0790eea elementor-widget-divider--view-line elementor-widget elementor-widget-divider\" data-id=\"0790eea\" data-element_type=\"widget\" data-e-type=\"widget\" data-widget_type=\"divider.default\">\n\t\t\t\t<div class=\"elementor-widget-container\">\n\t\t\t\t\t\t\t<div class=\"elementor-divider\">\n\t\t\t<span class=\"elementor-divider-separator\">\n\t\t\t\t\t\t<\/span>\n\t\t<\/div>\n\t\t\t\t\t\t<\/div>\n\t\t\t\t<\/div>\n\t\t\t\t<div class=\"elementor-element elementor-element-89e3bd0 elementor-widget elementor-widget-heading\" data-id=\"89e3bd0\" data-element_type=\"widget\" data-e-type=\"widget\" data-widget_type=\"heading.default\">\n\t\t\t\t<div class=\"elementor-widget-container\">\n\t\t\t\t\t<h2 class=\"elementor-heading-title elementor-size-default\">SkillMe<\/h2>\t\t\t\t<\/div>\n\t\t\t\t<\/div>\n\t\t\t\t\t<\/div>\n\t\t<\/div>\n\t\t\t\t\t<\/div>\n\t\t<\/section>\n\t\t\t\t<section class=\"elementor-section elementor-top-section elementor-element elementor-element-b5c3343 elementor-section-boxed elementor-section-height-default elementor-section-height-default\" data-id=\"b5c3343\" data-element_type=\"section\" data-e-type=\"section\">\n\t\t\t\t\t\t<div class=\"elementor-container elementor-column-gap-default\">\n\t\t\t\t\t<div class=\"elementor-column elementor-col-100 elementor-top-column elementor-element elementor-element-867e162\" data-id=\"867e162\" data-element_type=\"column\" data-e-type=\"column\">\n\t\t\t<div class=\"elementor-widget-wrap elementor-element-populated\">\n\t\t\t\t\t\t<div class=\"elementor-element elementor-element-2e6e343 elementor-widget elementor-widget-text-editor\" data-id=\"2e6e343\" data-element_type=\"widget\" data-e-type=\"widget\" data-widget_type=\"text-editor.default\">\n\t\t\t\t<div class=\"elementor-widget-container\">\n\t\t\t\t\t\t\t\t\t<p style=\"font-size: 15px; font-style: normal; font-weight: 400;\">Zvy\u0161ovanie kompetenci\u00ed v elektrotechnickom a stroj\u00e1rskom priemysle &#8211; skillME<\/p><p><img decoding=\"async\" class=\"alignright wp-image-82 size-medium\" src=\"http:\/\/siov.sk\/wp-content\/uploads\/2019\/01\/skilllme-300x50.jpg\" alt=\"skilllme\" width=\"300\" height=\"50\" srcset=\"https:\/\/archiv.siov.sk\/wp-content\/uploads\/2019\/01\/skilllme-300x50.jpg 300w, https:\/\/archiv.siov.sk\/wp-content\/uploads\/2019\/01\/skilllme-480x79.jpg 480w, https:\/\/archiv.siov.sk\/wp-content\/uploads\/2019\/01\/skilllme.jpg 496w\" sizes=\"(max-width: 300px) 100vw, 300px\" \/><\/p><p style=\"font-size: 15px; font-style: normal; font-weight: 400;\">\u0160t\u00e1tny in\u0161tit\u00fat odborn\u00e9ho vzdel\u00e1vania je partnerom medzin\u00e1rodn\u00e9ho projektu SkillME a \u00a0v spolupr\u00e1ci s n\u00e1rodn\u00fdmi i medzin\u00e1rodn\u00fdmi partnermi sa podie\u013ea na implement\u00e1ci\u00ed jednotliv\u00fdch aktiv\u00edt projektu. N\u00e1rodn\u00fdmi partnermi s\u00fa: Zv\u00e4z elektrotechnick\u00e9ho priemyslu Slovenskej republike\u00a0a Stredn\u00e1 odborn\u00e1 \u0161kola Star\u00e1 Tur\u00e1.<\/p><p style=\"font-size: 15px; font-style: normal; font-weight: 400;\">V r\u00e1mci medzin\u00e1rodnej spolupr\u00e1ce spolupracuje so z\u00e1stupcami reprezentat\u00edvnych zv\u00e4zov v elektrotechnickom a stroj\u00e1rskom priemysle, n\u00e1rodn\u00fdmi regula\u010dn\u00fdmi in\u0161tit\u00faciami a stredn\u00fdmi odborn\u00fdmi \u0161kolami z partnersk\u00fdch kraj\u00edn: Chorv\u00e1tska, Loty\u0161ska a Slovinska.<\/p><p style=\"font-size: 15px; font-style: normal; font-weight: 400;\">Hlavn\u00fdm cie\u013eom projektu je identifik\u00e1cia nedostatkov\u00fdch zru\u010dnost\u00ed v elektrotechnickom a stroj\u00e1rskom priemysle\u00a0a vo svojej podstate je projekt reakciou na skuto\u010dnos\u0165, \u017ee napriek pomerne vysokej nezamestnanosti\u00a0elektrotechnick\u00fd a stroj\u00e1rsky priemysel pon\u00faka mno\u017estvo pracovn\u00fdch pr\u00edle\u017eitost\u00ed, no zamestn\u00e1vatelia maj\u00fa ve\u013ek\u00fd probl\u00e9m n\u00e1js\u0165 kvalifikovan\u00fdch zamestnancov.<\/p><p style=\"font-size: 15px; font-style: normal; font-weight: 400;\">Aktivity projektu rie\u0161ia ch\u00fdbaj\u00face zru\u010dnosti vo v\u00fdrobe, zlep\u0161uj\u00fa mo\u017enosti uplatnite\u013enosti na trhu pr\u00e1ce a v neposlednom rade zvy\u0161uj\u00fa schopnos\u0165 odborn\u00fdch \u0161k\u00f4l reagova\u0165 na potreby po\u017eiadavky nov\u00fdch zru\u010dnost\u00ed na trhu pr\u00e1ce.<\/p><p style=\"font-size: 15px; font-style: normal; font-weight: 400;\">Cie\u013eov\u00fdmi skupinami projektu s\u00fa najm\u00e4 spolo\u010dnosti v elektrotechnickom a stroj\u00e1rskom priemysle, \u0161tudenti, zamestnanci v\u00fdrobn\u00fdch spolo\u010dnost\u00ed, stredn\u00e9 odborn\u00e9 \u0161koly, in\u0161tit\u00facie celo\u017eivotn\u00e9ho vzdel\u00e1vania a \u010fal\u0161ie osoby zapojen\u00e9 do problematiky trhu pr\u00e1ce a odborn\u00e9ho vzdel\u00e1vania v uveden\u00fdch oblastiach.<\/p><p style=\"font-size: 15px; font-style: normal; font-weight: 400;\">V r\u00e1mci hlavn\u00fdch aktiv\u00edt projektu sa v roku 2015 uskuto\u010dnili vo v\u0161etk\u00fdch partnersk\u00fdch krajin\u00e1ch uskuto\u010dnili rozhovory s person\u00e1lmi riadite\u013emi elektrotechnick\u00fdch a stroj\u00e1rskych spolo\u010dnost\u00ed za \u00fa\u010delom identifik\u00e1cie zru\u010dnost\u00ed, ktor\u00e9 im u zamestnancov najviac ch\u00fdbaj\u00fa. Mnoho osloven\u00fdch spolo\u010dnost\u00ed v elektrotechnickom a stroj\u00e1rskom priemysle v spolupracuj\u00facich krajin\u00e1ch identifikovalo podobn\u00e9 ch\u00fdbaj\u00face zru\u010dnosti u svojich zamestnancov. Naj\u010dastej\u0161ie zamestnancom ch\u00fdbali zru\u010dnosti v t\u00fdchto oblastiach:<\/p><ol style=\"font-size: 15px; font-style: normal; font-weight: 400;\"><li style=\"font-size: 15px;\">Technick\u00e1 dokument\u00e1cia;<\/li><li style=\"font-size: 15px;\">CAD\/CAM syst\u00e9my;<\/li><li style=\"font-size: 15px;\">Automatiz\u00e1cia;<\/li><li style=\"font-size: 15px;\">Nov\u00e9 materi\u00e1ly.<\/li><\/ol><p style=\"font-size: 15px; font-style: normal; font-weight: 400;\">Najviac ch\u00fdbaj\u00face zru\u010dnosti boli na z\u00e1klade prieskumu z realizovan\u00fdch rozhovorov vybran\u00e9 a rozdelen\u00e9 medzi partnersk\u00e9 krajiny. Ka\u017ed\u00e1 krajina je zodpovedn\u00e1 za vypracovanie kr\u00e1tkeho vzdel\u00e1vacieho programu z pridelenej oblasti. Vytvoren\u00e9 vzdel\u00e1vacie programy bud\u00fa pilotne vysk\u00fa\u0161an\u00e9 na partnersk\u00fdch \u0161kol\u00e1ch a n\u00e1sledne bud\u00fa doplnen\u00e9 do existuj\u00facich \u0161tudijn\u00fdch odborov.<\/p><p style=\"font-size: 15px; font-style: normal; font-weight: 400;\">Doba trvania projektu: 1. 11. 2014 \u2013 30. 10. 2017<img decoding=\"async\" class=\"alignright wp-image-76 size-medium\" src=\"http:\/\/siov.sk\/wp-content\/uploads\/2019\/01\/4613_logo-sk1a-300x112.jpg\" alt=\"Spolufinancovan\u00e9 z programu E\u00da Erasmus+\" width=\"300\" height=\"112\" srcset=\"https:\/\/archiv.siov.sk\/wp-content\/uploads\/2019\/01\/4613_logo-sk1a-300x112.jpg 300w, https:\/\/archiv.siov.sk\/wp-content\/uploads\/2019\/01\/4613_logo-sk1a-480x179.jpg 480w, https:\/\/archiv.siov.sk\/wp-content\/uploads\/2019\/01\/4613_logo-sk1a.jpg 671w\" sizes=\"(max-width: 300px) 100vw, 300px\" \/><\/p><p style=\"font-size: 15px; font-style: normal; font-weight: 400;\">Projektov\u00e9 \u010d\u00edslo: 554370-EEP-1-2014-1-SI-EPPKA2-SSA<\/p><p style=\"font-size: 15px; font-style: normal; font-weight: 400;\">Bli\u017e\u0161ie inform\u00e1cie:\u00a0<a href=\"https:\/\/www.gzs.si\/skill-me\">https:\/\/www.gzs.si\/skill-me<\/a>.<\/p>\t\t\t\t\t\t\t\t<\/div>\n\t\t\t\t<\/div>\n\t\t\t\t\t<\/div>\n\t\t<\/div>\n\t\t\t\t\t<\/div>\n\t\t<\/section>\n\t\t\t\t<\/div>","protected":false},"excerpt":{"rendered":"<p>SkillMe Zvy\u0161ovanie kompetenci\u00ed v elektrotechnickom a stroj\u00e1rskom priemysle &#8211; skillME \u0160t\u00e1tny in\u0161tit\u00fat odborn\u00e9ho vzdel\u00e1vania je partnerom medzin\u00e1rodn\u00e9ho projektu SkillME a \u00a0v spolupr\u00e1ci s n\u00e1rodn\u00fdmi i medzin\u00e1rodn\u00fdmi partnermi sa podie\u013ea na implement\u00e1ci\u00ed jednotliv\u00fdch aktiv\u00edt projektu. N\u00e1rodn\u00fdmi partnermi s\u00fa: Zv\u00e4z elektrotechnick\u00e9ho priemyslu Slovenskej republike\u00a0a Stredn\u00e1 odborn\u00e1 \u0161kola Star\u00e1 Tur\u00e1. V r\u00e1mci medzin\u00e1rodnej spolupr\u00e1ce spolupracuje so z\u00e1stupcami reprezentat\u00edvnych [&hellip;]<\/p>\n","protected":false},"author":1,"featured_media":0,"parent":67,"menu_order":0,"comment_status":"closed","ping_status":"closed","template":"","meta":{"site-sidebar-layout":"default","site-content-layout":"default","ast-site-content-layout":"default","site-content-style":"default","site-sidebar-style":"default","ast-global-header-display":"","ast-banner-title-visibility":"","ast-main-header-display":"","ast-hfb-above-header-display":"","ast-hfb-below-header-display":"","ast-hfb-mobile-header-display":"","site-post-title":"disabled","ast-breadcrumbs-content":"","ast-featured-img":"","footer-sml-layout":"","ast-disable-related-posts":"","theme-transparent-header-meta":"default","adv-header-id-meta":"","stick-header-meta":"","header-above-stick-meta":"","header-main-stick-meta":"","header-below-stick-meta":"","astra-migrate-meta-layouts":"default","ast-page-background-enabled":"default","ast-page-background-meta":{"desktop":{"background-color":"var(--ast-global-color-4)","background-image":"","background-repeat":"repeat","background-position":"center center","background-size":"auto","background-attachment":"scroll","background-type":"","background-media":"","overlay-type":"","overlay-color":"","overlay-opacity":"","overlay-gradient":""},"tablet":{"background-color":"","background-image":"","background-repeat":"repeat","background-position":"center center","background-size":"auto","background-attachment":"scroll","background-type":"","background-media":"","overlay-type":"","overlay-color":"","overlay-opacity":"","overlay-gradient":""},"mobile":{"background-color":"","background-image":"","background-repeat":"repeat","background-position":"center center","background-size":"auto","background-attachment":"scroll","background-type":"","background-media":"","overlay-type":"","overlay-color":"","overlay-opacity":"","overlay-gradient":""}},"ast-content-background-meta":{"desktop":{"background-color":"var(--ast-global-color-5)","background-image":"","background-repeat":"repeat","background-position":"center center","background-size":"auto","background-attachment":"scroll","background-type":"","background-media":"","overlay-type":"","overlay-color":"","overlay-opacity":"","overlay-gradient":""},"tablet":{"background-color":"var(--ast-global-color-5)","background-image":"","background-repeat":"repeat","background-position":"center center","background-size":"auto","background-attachment":"scroll","background-type":"","background-media":"","overlay-type":"","overlay-color":"","overlay-opacity":"","overlay-gradient":""},"mobile":{"background-color":"var(--ast-global-color-5)","background-image":"","background-repeat":"repeat","background-position":"center center","background-size":"auto","background-attachment":"scroll","background-type":"","background-media":"","overlay-type":"","overlay-color":"","overlay-opacity":"","overlay-gradient":""}},"footnotes":""},"class_list":["post-81","page","type-page","status-publish","hentry"],"yoast_head":"<!-- This site is optimized with the Yoast SEO plugin v27.5 - https:\/\/yoast.com\/product\/yoast-seo-wordpress\/ -->\n<title>SkillMe - \u0160IOV - \u0161t\u00e1tny in\u0161tit\u00fat odborn\u00e9ho vzdel\u00e1vania<\/title>\n<meta name=\"robots\" content=\"index, follow, max-snippet:-1, max-image-preview:large, max-video-preview:-1\" \/>\n<link rel=\"canonical\" href=\"https:\/\/archiv.siov.sk\/en\/medzinarodna-spolupraca\/medzinarodne-projekty\/skillme\/\" \/>\n<meta property=\"og:locale\" content=\"en_GB\" \/>\n<meta property=\"og:type\" content=\"article\" \/>\n<meta property=\"og:title\" content=\"SkillMe - \u0160IOV - \u0161t\u00e1tny in\u0161tit\u00fat odborn\u00e9ho vzdel\u00e1vania\" \/>\n<meta property=\"og:description\" content=\"SkillMe Zvy\u0161ovanie kompetenci\u00ed v elektrotechnickom a stroj\u00e1rskom priemysle &#8211; skillME \u0160t\u00e1tny in\u0161tit\u00fat odborn\u00e9ho vzdel\u00e1vania je partnerom medzin\u00e1rodn\u00e9ho projektu SkillME a \u00a0v spolupr\u00e1ci s n\u00e1rodn\u00fdmi i medzin\u00e1rodn\u00fdmi partnermi sa podie\u013ea na implement\u00e1ci\u00ed jednotliv\u00fdch aktiv\u00edt projektu. N\u00e1rodn\u00fdmi partnermi s\u00fa: Zv\u00e4z elektrotechnick\u00e9ho priemyslu Slovenskej republike\u00a0a Stredn\u00e1 odborn\u00e1 \u0161kola Star\u00e1 Tur\u00e1. V r\u00e1mci medzin\u00e1rodnej spolupr\u00e1ce spolupracuje so z\u00e1stupcami reprezentat\u00edvnych [&hellip;]\" \/>\n<meta property=\"og:url\" content=\"https:\/\/archiv.siov.sk\/en\/medzinarodna-spolupraca\/medzinarodne-projekty\/skillme\/\" \/>\n<meta property=\"og:site_name\" content=\"\u0160IOV - \u0161t\u00e1tny in\u0161tit\u00fat odborn\u00e9ho vzdel\u00e1vania\" \/>\n<meta property=\"article:publisher\" content=\"https:\/\/www.facebook.com\/Statnyinstitutodbornehovzdelavania\" \/>\n<meta property=\"article:modified_time\" content=\"2021-07-23T05:48:28+00:00\" \/>\n<meta property=\"og:image\" content=\"https:\/\/archiv.siov.sk\/wp-content\/uploads\/2019\/01\/skilllme-300x50.jpg\" \/>\n<meta name=\"twitter:card\" content=\"summary_large_image\" \/>\n<meta name=\"twitter:label1\" content=\"Estimated reading time\" \/>\n\t<meta name=\"twitter:data1\" content=\"2 minutes\" \/>\n<script type=\"application\/ld+json\" class=\"yoast-schema-graph\">{\"@context\":\"https:\\\/\\\/schema.org\",\"@graph\":[{\"@type\":\"WebPage\",\"@id\":\"https:\\\/\\\/archiv.siov.sk\\\/medzinarodna-spolupraca\\\/medzinarodne-projekty\\\/skillme\\\/\",\"url\":\"https:\\\/\\\/archiv.siov.sk\\\/medzinarodna-spolupraca\\\/medzinarodne-projekty\\\/skillme\\\/\",\"name\":\"SkillMe - \u0160IOV - \u0161t\u00e1tny in\u0161tit\u00fat odborn\u00e9ho vzdel\u00e1vania\",\"isPartOf\":{\"@id\":\"https:\\\/\\\/archiv.siov.sk\\\/#website\"},\"primaryImageOfPage\":{\"@id\":\"https:\\\/\\\/archiv.siov.sk\\\/medzinarodna-spolupraca\\\/medzinarodne-projekty\\\/skillme\\\/#primaryimage\"},\"image\":{\"@id\":\"https:\\\/\\\/archiv.siov.sk\\\/medzinarodna-spolupraca\\\/medzinarodne-projekty\\\/skillme\\\/#primaryimage\"},\"thumbnailUrl\":\"https:\\\/\\\/archiv.siov.sk\\\/wp-content\\\/uploads\\\/2019\\\/01\\\/skilllme-300x50.jpg\",\"datePublished\":\"2019-01-25T09:21:34+00:00\",\"dateModified\":\"2021-07-23T05:48:28+00:00\",\"breadcrumb\":{\"@id\":\"https:\\\/\\\/archiv.siov.sk\\\/medzinarodna-spolupraca\\\/medzinarodne-projekty\\\/skillme\\\/#breadcrumb\"},\"inLanguage\":\"en-GB\",\"potentialAction\":[{\"@type\":\"ReadAction\",\"target\":[\"https:\\\/\\\/archiv.siov.sk\\\/medzinarodna-spolupraca\\\/medzinarodne-projekty\\\/skillme\\\/\"]}]},{\"@type\":\"ImageObject\",\"inLanguage\":\"en-GB\",\"@id\":\"https:\\\/\\\/archiv.siov.sk\\\/medzinarodna-spolupraca\\\/medzinarodne-projekty\\\/skillme\\\/#primaryimage\",\"url\":\"https:\\\/\\\/archiv.siov.sk\\\/wp-content\\\/uploads\\\/2019\\\/01\\\/skilllme-300x50.jpg\",\"contentUrl\":\"https:\\\/\\\/archiv.siov.sk\\\/wp-content\\\/uploads\\\/2019\\\/01\\\/skilllme-300x50.jpg\"},{\"@type\":\"BreadcrumbList\",\"@id\":\"https:\\\/\\\/archiv.siov.sk\\\/medzinarodna-spolupraca\\\/medzinarodne-projekty\\\/skillme\\\/#breadcrumb\",\"itemListElement\":[{\"@type\":\"ListItem\",\"position\":1,\"name\":\"Home\",\"item\":\"https:\\\/\\\/archiv.siov.sk\\\/\"},{\"@type\":\"ListItem\",\"position\":2,\"name\":\"Medzin\u00e1rodn\u00e1 spolupr\u00e1ca\",\"item\":\"https:\\\/\\\/archiv.siov.sk\\\/en\\\/medzinarodna-spolupraca\\\/\"},{\"@type\":\"ListItem\",\"position\":3,\"name\":\"Medzin\u00e1rodn\u00e9 projekty\",\"item\":\"https:\\\/\\\/archiv.siov.sk\\\/medzinarodna-spolupraca\\\/medzinarodne-projekty\\\/\"},{\"@type\":\"ListItem\",\"position\":4,\"name\":\"SkillMe\"}]},{\"@type\":\"WebSite\",\"@id\":\"https:\\\/\\\/archiv.siov.sk\\\/#website\",\"url\":\"https:\\\/\\\/archiv.siov.sk\\\/\",\"name\":\"\u0160IOV - \u0161t\u00e1tny in\u0161tit\u00fat odborn\u00e9ho vzdel\u00e1vania\",\"description\":\"\",\"publisher\":{\"@id\":\"https:\\\/\\\/archiv.siov.sk\\\/#organization\"},\"potentialAction\":[{\"@type\":\"SearchAction\",\"target\":{\"@type\":\"EntryPoint\",\"urlTemplate\":\"https:\\\/\\\/archiv.siov.sk\\\/?s={search_term_string}\"},\"query-input\":{\"@type\":\"PropertyValueSpecification\",\"valueRequired\":true,\"valueName\":\"search_term_string\"}}],\"inLanguage\":\"en-GB\"},{\"@type\":\"Organization\",\"@id\":\"https:\\\/\\\/archiv.siov.sk\\\/#organization\",\"name\":\"\u0160IOV - \u0161t\u00e1tny in\u0161tit\u00fat odborn\u00e9ho vzdel\u00e1vania\",\"url\":\"https:\\\/\\\/archiv.siov.sk\\\/\",\"logo\":{\"@type\":\"ImageObject\",\"inLanguage\":\"en-GB\",\"@id\":\"https:\\\/\\\/archiv.siov.sk\\\/#\\\/schema\\\/logo\\\/image\\\/\",\"url\":\"https:\\\/\\\/archiv.siov.sk\\\/wp-content\\\/uploads\\\/2024\\\/02\\\/logo-SIOV.png\",\"contentUrl\":\"https:\\\/\\\/archiv.siov.sk\\\/wp-content\\\/uploads\\\/2024\\\/02\\\/logo-SIOV.png\",\"width\":431,\"height\":143,\"caption\":\"\u0160IOV - \u0161t\u00e1tny in\u0161tit\u00fat odborn\u00e9ho vzdel\u00e1vania\"},\"image\":{\"@id\":\"https:\\\/\\\/archiv.siov.sk\\\/#\\\/schema\\\/logo\\\/image\\\/\"},\"sameAs\":[\"https:\\\/\\\/www.facebook.com\\\/Statnyinstitutodbornehovzdelavania\"]}]}<\/script>\n<!-- \/ Yoast SEO plugin. -->","yoast_head_json":{"title":"SkillMe - \u0160IOV - \u0161t\u00e1tny in\u0161tit\u00fat odborn\u00e9ho vzdel\u00e1vania","robots":{"index":"index","follow":"follow","max-snippet":"max-snippet:-1","max-image-preview":"max-image-preview:large","max-video-preview":"max-video-preview:-1"},"canonical":"https:\/\/archiv.siov.sk\/en\/medzinarodna-spolupraca\/medzinarodne-projekty\/skillme\/","og_locale":"en_GB","og_type":"article","og_title":"SkillMe - \u0160IOV - \u0161t\u00e1tny in\u0161tit\u00fat odborn\u00e9ho vzdel\u00e1vania","og_description":"SkillMe Zvy\u0161ovanie kompetenci\u00ed v elektrotechnickom a stroj\u00e1rskom priemysle &#8211; skillME \u0160t\u00e1tny in\u0161tit\u00fat odborn\u00e9ho vzdel\u00e1vania je partnerom medzin\u00e1rodn\u00e9ho projektu SkillME a \u00a0v spolupr\u00e1ci s n\u00e1rodn\u00fdmi i medzin\u00e1rodn\u00fdmi partnermi sa podie\u013ea na implement\u00e1ci\u00ed jednotliv\u00fdch aktiv\u00edt projektu. N\u00e1rodn\u00fdmi partnermi s\u00fa: Zv\u00e4z elektrotechnick\u00e9ho priemyslu Slovenskej republike\u00a0a Stredn\u00e1 odborn\u00e1 \u0161kola Star\u00e1 Tur\u00e1. V r\u00e1mci medzin\u00e1rodnej spolupr\u00e1ce spolupracuje so z\u00e1stupcami reprezentat\u00edvnych [&hellip;]","og_url":"https:\/\/archiv.siov.sk\/en\/medzinarodna-spolupraca\/medzinarodne-projekty\/skillme\/","og_site_name":"\u0160IOV - \u0161t\u00e1tny in\u0161tit\u00fat odborn\u00e9ho vzdel\u00e1vania","article_publisher":"https:\/\/www.facebook.com\/Statnyinstitutodbornehovzdelavania","article_modified_time":"2021-07-23T05:48:28+00:00","og_image":[{"url":"https:\/\/archiv.siov.sk\/wp-content\/uploads\/2019\/01\/skilllme-300x50.jpg","type":"","width":"","height":""}],"twitter_card":"summary_large_image","twitter_misc":{"Estimated reading time":"2 minutes"},"schema":{"@context":"https:\/\/schema.org","@graph":[{"@type":"WebPage","@id":"https:\/\/archiv.siov.sk\/medzinarodna-spolupraca\/medzinarodne-projekty\/skillme\/","url":"https:\/\/archiv.siov.sk\/medzinarodna-spolupraca\/medzinarodne-projekty\/skillme\/","name":"SkillMe - \u0160IOV - \u0161t\u00e1tny in\u0161tit\u00fat odborn\u00e9ho vzdel\u00e1vania","isPartOf":{"@id":"https:\/\/archiv.siov.sk\/#website"},"primaryImageOfPage":{"@id":"https:\/\/archiv.siov.sk\/medzinarodna-spolupraca\/medzinarodne-projekty\/skillme\/#primaryimage"},"image":{"@id":"https:\/\/archiv.siov.sk\/medzinarodna-spolupraca\/medzinarodne-projekty\/skillme\/#primaryimage"},"thumbnailUrl":"https:\/\/archiv.siov.sk\/wp-content\/uploads\/2019\/01\/skilllme-300x50.jpg","datePublished":"2019-01-25T09:21:34+00:00","dateModified":"2021-07-23T05:48:28+00:00","breadcrumb":{"@id":"https:\/\/archiv.siov.sk\/medzinarodna-spolupraca\/medzinarodne-projekty\/skillme\/#breadcrumb"},"inLanguage":"en-GB","potentialAction":[{"@type":"ReadAction","target":["https:\/\/archiv.siov.sk\/medzinarodna-spolupraca\/medzinarodne-projekty\/skillme\/"]}]},{"@type":"ImageObject","inLanguage":"en-GB","@id":"https:\/\/archiv.siov.sk\/medzinarodna-spolupraca\/medzinarodne-projekty\/skillme\/#primaryimage","url":"https:\/\/archiv.siov.sk\/wp-content\/uploads\/2019\/01\/skilllme-300x50.jpg","contentUrl":"https:\/\/archiv.siov.sk\/wp-content\/uploads\/2019\/01\/skilllme-300x50.jpg"},{"@type":"BreadcrumbList","@id":"https:\/\/archiv.siov.sk\/medzinarodna-spolupraca\/medzinarodne-projekty\/skillme\/#breadcrumb","itemListElement":[{"@type":"ListItem","position":1,"name":"Home","item":"https:\/\/archiv.siov.sk\/"},{"@type":"ListItem","position":2,"name":"Medzin\u00e1rodn\u00e1 spolupr\u00e1ca","item":"https:\/\/archiv.siov.sk\/en\/medzinarodna-spolupraca\/"},{"@type":"ListItem","position":3,"name":"Medzin\u00e1rodn\u00e9 projekty","item":"https:\/\/archiv.siov.sk\/medzinarodna-spolupraca\/medzinarodne-projekty\/"},{"@type":"ListItem","position":4,"name":"SkillMe"}]},{"@type":"WebSite","@id":"https:\/\/archiv.siov.sk\/#website","url":"https:\/\/archiv.siov.sk\/","name":"\u0160IOV - \u0161t\u00e1tny in\u0161tit\u00fat odborn\u00e9ho vzdel\u00e1vania","description":"","publisher":{"@id":"https:\/\/archiv.siov.sk\/#organization"},"potentialAction":[{"@type":"SearchAction","target":{"@type":"EntryPoint","urlTemplate":"https:\/\/archiv.siov.sk\/?s={search_term_string}"},"query-input":{"@type":"PropertyValueSpecification","valueRequired":true,"valueName":"search_term_string"}}],"inLanguage":"en-GB"},{"@type":"Organization","@id":"https:\/\/archiv.siov.sk\/#organization","name":"\u0160IOV - \u0161t\u00e1tny in\u0161tit\u00fat odborn\u00e9ho vzdel\u00e1vania","url":"https:\/\/archiv.siov.sk\/","logo":{"@type":"ImageObject","inLanguage":"en-GB","@id":"https:\/\/archiv.siov.sk\/#\/schema\/logo\/image\/","url":"https:\/\/archiv.siov.sk\/wp-content\/uploads\/2024\/02\/logo-SIOV.png","contentUrl":"https:\/\/archiv.siov.sk\/wp-content\/uploads\/2024\/02\/logo-SIOV.png","width":431,"height":143,"caption":"\u0160IOV - \u0161t\u00e1tny in\u0161tit\u00fat odborn\u00e9ho vzdel\u00e1vania"},"image":{"@id":"https:\/\/archiv.siov.sk\/#\/schema\/logo\/image\/"},"sameAs":["https:\/\/www.facebook.com\/Statnyinstitutodbornehovzdelavania"]}]}},"_links":{"self":[{"href":"https:\/\/archiv.siov.sk\/en\/wp-json\/wp\/v2\/pages\/81","targetHints":{"allow":["GET"]}}],"collection":[{"href":"https:\/\/archiv.siov.sk\/en\/wp-json\/wp\/v2\/pages"}],"about":[{"href":"https:\/\/archiv.siov.sk\/en\/wp-json\/wp\/v2\/types\/page"}],"author":[{"embeddable":true,"href":"https:\/\/archiv.siov.sk\/en\/wp-json\/wp\/v2\/users\/1"}],"replies":[{"embeddable":true,"href":"https:\/\/archiv.siov.sk\/en\/wp-json\/wp\/v2\/comments?post=81"}],"version-history":[{"count":7,"href":"https:\/\/archiv.siov.sk\/en\/wp-json\/wp\/v2\/pages\/81\/revisions"}],"predecessor-version":[{"id":8743,"href":"https:\/\/archiv.siov.sk\/en\/wp-json\/wp\/v2\/pages\/81\/revisions\/8743"}],"up":[{"embeddable":true,"href":"https:\/\/archiv.siov.sk\/en\/wp-json\/wp\/v2\/pages\/67"}],"wp:attachment":[{"href":"https:\/\/archiv.siov.sk\/en\/wp-json\/wp\/v2\/media?parent=81"}],"curies":[{"name":"wp","href":"https:\/\/api.w.org\/{rel}","templated":true}]}}