{"id":75,"date":"2019-01-25T10:17:35","date_gmt":"2019-01-25T09:17:35","guid":{"rendered":"http:\/\/archiv.siov.sk\/?page_id=75"},"modified":"2021-07-23T07:45:41","modified_gmt":"2021-07-23T05:45:41","slug":"ploteus","status":"publish","type":"page","link":"https:\/\/archiv.siov.sk\/en\/projekty\/zrealizovane-projekty\/ploteus\/","title":{"rendered":"Ploteus"},"content":{"rendered":"<div data-elementor-type=\"wp-page\" data-elementor-id=\"75\" class=\"elementor elementor-75\" data-elementor-post-type=\"page\">\n\t\t\t\t\t\t<section class=\"elementor-section elementor-top-section elementor-element elementor-element-4eb51b8 elementor-section-boxed elementor-section-height-default elementor-section-height-default\" data-id=\"4eb51b8\" data-element_type=\"section\" data-e-type=\"section\">\n\t\t\t\t\t\t<div class=\"elementor-container elementor-column-gap-default\">\n\t\t\t\t\t<div class=\"elementor-column elementor-col-100 elementor-top-column elementor-element elementor-element-52be7c0\" data-id=\"52be7c0\" data-element_type=\"column\" data-e-type=\"column\">\n\t\t\t<div class=\"elementor-widget-wrap elementor-element-populated\">\n\t\t\t\t\t\t<div class=\"elementor-element elementor-element-1d9a5c0 elementor-widget-divider--view-line elementor-widget elementor-widget-divider\" data-id=\"1d9a5c0\" data-element_type=\"widget\" data-e-type=\"widget\" data-widget_type=\"divider.default\">\n\t\t\t\t<div class=\"elementor-widget-container\">\n\t\t\t\t\t\t\t<div class=\"elementor-divider\">\n\t\t\t<span class=\"elementor-divider-separator\">\n\t\t\t\t\t\t<\/span>\n\t\t<\/div>\n\t\t\t\t\t\t<\/div>\n\t\t\t\t<\/div>\n\t\t\t\t<div class=\"elementor-element elementor-element-cd6f870 elementor-widget elementor-widget-heading\" data-id=\"cd6f870\" data-element_type=\"widget\" data-e-type=\"widget\" data-widget_type=\"heading.default\">\n\t\t\t\t<div class=\"elementor-widget-container\">\n\t\t\t\t\t<h2 class=\"elementor-heading-title elementor-size-default\">Ploteus<\/h2>\t\t\t\t<\/div>\n\t\t\t\t<\/div>\n\t\t\t\t\t<\/div>\n\t\t<\/div>\n\t\t\t\t\t<\/div>\n\t\t<\/section>\n\t\t\t\t<section class=\"elementor-section elementor-top-section elementor-element elementor-element-5dd5ede7 elementor-section-boxed elementor-section-height-default elementor-section-height-default\" data-id=\"5dd5ede7\" data-element_type=\"section\" data-e-type=\"section\">\n\t\t\t\t\t\t<div class=\"elementor-container elementor-column-gap-default\">\n\t\t\t\t\t<div class=\"elementor-column elementor-col-100 elementor-top-column elementor-element elementor-element-2d7599c1\" data-id=\"2d7599c1\" data-element_type=\"column\" data-e-type=\"column\">\n\t\t\t<div class=\"elementor-widget-wrap elementor-element-populated\">\n\t\t\t\t\t\t<div class=\"elementor-element elementor-element-57947f89 elementor-widget elementor-widget-text-editor\" data-id=\"57947f89\" data-element_type=\"widget\" data-e-type=\"widget\" data-widget_type=\"text-editor.default\">\n\t\t\t\t<div class=\"elementor-widget-container\">\n\t\t\t\t\t\t\t\t\t<p style=\"text-align: justify;\">PLOTEUS je port\u00e1l obsahuj\u00faci inform\u00e1cie z \u010dlensk\u00fdch kraj\u00edn E\u00da (okrem \u010dlensk\u00fdch \u0161t\u00e1tov zah\u0155\u0148a aj N\u00f3rsko, Island, \u0160vaj\u010diarsko a Turecko) o vzdel\u00e1vac\u00edch pr\u00edle\u017eitostiach a syst\u00e9moch vzdel\u00e1vania a odbornej pr\u00edpravy.<\/p>\r\n<p style=\"text-align: justify;\">Cie\u013eom je prepojenie n\u00e1rodnej datab\u00e1zy s port\u00e1lom vzdel\u00e1vac\u00edch pr\u00edle\u017eitost\u00ed v Eur\u00f3pe v &nbsp;5 hlavn\u00fdch oblastiach:<\/p>\r\n\r\n<ol>\r\n \t<li>Vzdel\u00e1vacie pr\u00edle\u017eitosti \u201eLearning opportunities\u201c;<\/li>\r\n \t<li>Vzdel\u00e1vacie syst\u00e9my \u201eEducation Systems\u201c;<\/li>\r\n \t<li>V\u00fdmeny \u201eExchanges\u201c;<\/li>\r\n \t<li>Kontakty \u201eContact\u201c;<\/li>\r\n \t<li>Chyst\u00e1m sa do zahrani\u010dia \u201eMoving to a Country\u201c.<\/li>\r\n<\/ol>\r\n<img decoding=\"async\" class=\"alignright size-medium wp-image-76\" src=\"http:\/\/siov.sk\/wp-content\/uploads\/2019\/01\/4613_logo-sk1a-300x112.jpg\" alt=\"Spolufinancovan\u00e9 z programu E\u00da Erasmus+\" width=\"300\" height=\"112\" srcset=\"https:\/\/archiv.siov.sk\/wp-content\/uploads\/2019\/01\/4613_logo-sk1a-300x112.jpg 300w, https:\/\/archiv.siov.sk\/wp-content\/uploads\/2019\/01\/4613_logo-sk1a-480x179.jpg 480w, https:\/\/archiv.siov.sk\/wp-content\/uploads\/2019\/01\/4613_logo-sk1a.jpg 671w\" sizes=\"(max-width: 300px) 100vw, 300px\" \/>Kontaktn\u00e1 osoba: Mgr. \u013dubica G\u00e1llov\u00e1, lubica.gallova@siov.sk\r\n\r\nViac inform\u00e1ci\u00ed n\u00e1jdete na str\u00e1nke&nbsp;<a href=\"https:\/\/ec.europa.eu\/ploteus\/sk\">https:\/\/ec.europa.eu\/ploteus\/sk<\/a>.\r\n\r\n&nbsp;\t\t\t\t\t\t\t\t<\/div>\n\t\t\t\t<\/div>\n\t\t\t\t\t<\/div>\n\t\t<\/div>\n\t\t\t\t\t<\/div>\n\t\t<\/section>\n\t\t\t\t<\/div>","protected":false},"excerpt":{"rendered":"<p>Ploteus PLOTEUS je port\u00e1l obsahuj\u00faci inform\u00e1cie z \u010dlensk\u00fdch kraj\u00edn E\u00da (okrem \u010dlensk\u00fdch \u0161t\u00e1tov zah\u0155\u0148a aj N\u00f3rsko, Island, \u0160vaj\u010diarsko a Turecko) o vzdel\u00e1vac\u00edch pr\u00edle\u017eitostiach a syst\u00e9moch vzdel\u00e1vania a odbornej pr\u00edpravy. Cie\u013eom je prepojenie n\u00e1rodnej datab\u00e1zy s port\u00e1lom vzdel\u00e1vac\u00edch pr\u00edle\u017eitost\u00ed v Eur\u00f3pe v &nbsp;5 hlavn\u00fdch oblastiach: Vzdel\u00e1vacie pr\u00edle\u017eitosti \u201eLearning opportunities\u201c; Vzdel\u00e1vacie syst\u00e9my \u201eEducation Systems\u201c; V\u00fdmeny \u201eExchanges\u201c; Kontakty [&hellip;]<\/p>\n","protected":false},"author":1,"featured_media":0,"parent":55,"menu_order":0,"comment_status":"closed","ping_status":"closed","template":"","meta":{"site-sidebar-layout":"default","site-content-layout":"default","ast-site-content-layout":"default","site-content-style":"default","site-sidebar-style":"default","ast-global-header-display":"","ast-banner-title-visibility":"","ast-main-header-display":"","ast-hfb-above-header-display":"","ast-hfb-below-header-display":"","ast-hfb-mobile-header-display":"","site-post-title":"disabled","ast-breadcrumbs-content":"","ast-featured-img":"","footer-sml-layout":"","ast-disable-related-posts":"","theme-transparent-header-meta":"default","adv-header-id-meta":"","stick-header-meta":"","header-above-stick-meta":"","header-main-stick-meta":"","header-below-stick-meta":"","astra-migrate-meta-layouts":"default","ast-page-background-enabled":"default","ast-page-background-meta":{"desktop":{"background-color":"var(--ast-global-color-4)","background-image":"","background-repeat":"repeat","background-position":"center center","background-size":"auto","background-attachment":"scroll","background-type":"","background-media":"","overlay-type":"","overlay-color":"","overlay-opacity":"","overlay-gradient":""},"tablet":{"background-color":"","background-image":"","background-repeat":"repeat","background-position":"center center","background-size":"auto","background-attachment":"scroll","background-type":"","background-media":"","overlay-type":"","overlay-color":"","overlay-opacity":"","overlay-gradient":""},"mobile":{"background-color":"","background-image":"","background-repeat":"repeat","background-position":"center center","background-size":"auto","background-attachment":"scroll","background-type":"","background-media":"","overlay-type":"","overlay-color":"","overlay-opacity":"","overlay-gradient":""}},"ast-content-background-meta":{"desktop":{"background-color":"var(--ast-global-color-5)","background-image":"","background-repeat":"repeat","background-position":"center center","background-size":"auto","background-attachment":"scroll","background-type":"","background-media":"","overlay-type":"","overlay-color":"","overlay-opacity":"","overlay-gradient":""},"tablet":{"background-color":"var(--ast-global-color-5)","background-image":"","background-repeat":"repeat","background-position":"center center","background-size":"auto","background-attachment":"scroll","background-type":"","background-media":"","overlay-type":"","overlay-color":"","overlay-opacity":"","overlay-gradient":""},"mobile":{"background-color":"var(--ast-global-color-5)","background-image":"","background-repeat":"repeat","background-position":"center center","background-size":"auto","background-attachment":"scroll","background-type":"","background-media":"","overlay-type":"","overlay-color":"","overlay-opacity":"","overlay-gradient":""}},"footnotes":""},"class_list":["post-75","page","type-page","status-publish","hentry"],"yoast_head":"<!-- This site is optimized with the Yoast SEO plugin v27.5 - https:\/\/yoast.com\/product\/yoast-seo-wordpress\/ -->\n<title>Ploteus - \u0160IOV - \u0161t\u00e1tny in\u0161tit\u00fat odborn\u00e9ho vzdel\u00e1vania<\/title>\n<meta name=\"robots\" content=\"index, follow, max-snippet:-1, max-image-preview:large, max-video-preview:-1\" \/>\n<link rel=\"canonical\" href=\"https:\/\/archiv.siov.sk\/en\/projekty\/zrealizovane-projekty\/ploteus\/\" \/>\n<meta property=\"og:locale\" content=\"en_GB\" \/>\n<meta property=\"og:type\" content=\"article\" \/>\n<meta property=\"og:title\" content=\"Ploteus - \u0160IOV - \u0161t\u00e1tny in\u0161tit\u00fat odborn\u00e9ho vzdel\u00e1vania\" \/>\n<meta property=\"og:description\" content=\"Ploteus PLOTEUS je port\u00e1l obsahuj\u00faci inform\u00e1cie z \u010dlensk\u00fdch kraj\u00edn E\u00da (okrem \u010dlensk\u00fdch \u0161t\u00e1tov zah\u0155\u0148a aj N\u00f3rsko, Island, \u0160vaj\u010diarsko a Turecko) o vzdel\u00e1vac\u00edch pr\u00edle\u017eitostiach a syst\u00e9moch vzdel\u00e1vania a odbornej pr\u00edpravy. Cie\u013eom je prepojenie n\u00e1rodnej datab\u00e1zy s port\u00e1lom vzdel\u00e1vac\u00edch pr\u00edle\u017eitost\u00ed v Eur\u00f3pe v &nbsp;5 hlavn\u00fdch oblastiach: Vzdel\u00e1vacie pr\u00edle\u017eitosti \u201eLearning opportunities\u201c; Vzdel\u00e1vacie syst\u00e9my \u201eEducation Systems\u201c; V\u00fdmeny \u201eExchanges\u201c; Kontakty [&hellip;]\" \/>\n<meta property=\"og:url\" content=\"https:\/\/archiv.siov.sk\/en\/projekty\/zrealizovane-projekty\/ploteus\/\" \/>\n<meta property=\"og:site_name\" content=\"\u0160IOV - \u0161t\u00e1tny in\u0161tit\u00fat odborn\u00e9ho vzdel\u00e1vania\" \/>\n<meta property=\"article:publisher\" content=\"https:\/\/www.facebook.com\/Statnyinstitutodbornehovzdelavania\" \/>\n<meta property=\"article:modified_time\" content=\"2021-07-23T05:45:41+00:00\" \/>\n<meta property=\"og:image\" content=\"https:\/\/archiv.siov.sk\/wp-content\/uploads\/2019\/01\/4613_logo-sk1a-300x112.jpg\" \/>\n<meta name=\"twitter:card\" content=\"summary_large_image\" \/>\n<meta name=\"twitter:label1\" content=\"Estimated reading time\" \/>\n\t<meta name=\"twitter:data1\" content=\"1 minute\" \/>\n<script type=\"application\/ld+json\" class=\"yoast-schema-graph\">{\"@context\":\"https:\\\/\\\/schema.org\",\"@graph\":[{\"@type\":\"WebPage\",\"@id\":\"https:\\\/\\\/archiv.siov.sk\\\/projekty\\\/zrealizovane-projekty\\\/ploteus\\\/\",\"url\":\"https:\\\/\\\/archiv.siov.sk\\\/projekty\\\/zrealizovane-projekty\\\/ploteus\\\/\",\"name\":\"Ploteus - \u0160IOV - \u0161t\u00e1tny in\u0161tit\u00fat odborn\u00e9ho vzdel\u00e1vania\",\"isPartOf\":{\"@id\":\"https:\\\/\\\/archiv.siov.sk\\\/#website\"},\"primaryImageOfPage\":{\"@id\":\"https:\\\/\\\/archiv.siov.sk\\\/projekty\\\/zrealizovane-projekty\\\/ploteus\\\/#primaryimage\"},\"image\":{\"@id\":\"https:\\\/\\\/archiv.siov.sk\\\/projekty\\\/zrealizovane-projekty\\\/ploteus\\\/#primaryimage\"},\"thumbnailUrl\":\"https:\\\/\\\/archiv.siov.sk\\\/wp-content\\\/uploads\\\/2019\\\/01\\\/4613_logo-sk1a-300x112.jpg\",\"datePublished\":\"2019-01-25T09:17:35+00:00\",\"dateModified\":\"2021-07-23T05:45:41+00:00\",\"breadcrumb\":{\"@id\":\"https:\\\/\\\/archiv.siov.sk\\\/projekty\\\/zrealizovane-projekty\\\/ploteus\\\/#breadcrumb\"},\"inLanguage\":\"en-GB\",\"potentialAction\":[{\"@type\":\"ReadAction\",\"target\":[\"https:\\\/\\\/archiv.siov.sk\\\/projekty\\\/zrealizovane-projekty\\\/ploteus\\\/\"]}]},{\"@type\":\"ImageObject\",\"inLanguage\":\"en-GB\",\"@id\":\"https:\\\/\\\/archiv.siov.sk\\\/projekty\\\/zrealizovane-projekty\\\/ploteus\\\/#primaryimage\",\"url\":\"https:\\\/\\\/archiv.siov.sk\\\/wp-content\\\/uploads\\\/2019\\\/01\\\/4613_logo-sk1a-300x112.jpg\",\"contentUrl\":\"https:\\\/\\\/archiv.siov.sk\\\/wp-content\\\/uploads\\\/2019\\\/01\\\/4613_logo-sk1a-300x112.jpg\"},{\"@type\":\"BreadcrumbList\",\"@id\":\"https:\\\/\\\/archiv.siov.sk\\\/projekty\\\/zrealizovane-projekty\\\/ploteus\\\/#breadcrumb\",\"itemListElement\":[{\"@type\":\"ListItem\",\"position\":1,\"name\":\"Home\",\"item\":\"https:\\\/\\\/archiv.siov.sk\\\/\"},{\"@type\":\"ListItem\",\"position\":2,\"name\":\"Projekty\",\"item\":\"https:\\\/\\\/archiv.siov.sk\\\/en\\\/projekty\\\/\"},{\"@type\":\"ListItem\",\"position\":3,\"name\":\"Zrealizovan\u00e9 projekty\",\"item\":\"https:\\\/\\\/archiv.siov.sk\\\/en\\\/projekty\\\/zrealizovane-projekty\\\/\"},{\"@type\":\"ListItem\",\"position\":4,\"name\":\"Ploteus\"}]},{\"@type\":\"WebSite\",\"@id\":\"https:\\\/\\\/archiv.siov.sk\\\/#website\",\"url\":\"https:\\\/\\\/archiv.siov.sk\\\/\",\"name\":\"\u0160IOV - \u0161t\u00e1tny in\u0161tit\u00fat odborn\u00e9ho vzdel\u00e1vania\",\"description\":\"\",\"publisher\":{\"@id\":\"https:\\\/\\\/archiv.siov.sk\\\/#organization\"},\"potentialAction\":[{\"@type\":\"SearchAction\",\"target\":{\"@type\":\"EntryPoint\",\"urlTemplate\":\"https:\\\/\\\/archiv.siov.sk\\\/?s={search_term_string}\"},\"query-input\":{\"@type\":\"PropertyValueSpecification\",\"valueRequired\":true,\"valueName\":\"search_term_string\"}}],\"inLanguage\":\"en-GB\"},{\"@type\":\"Organization\",\"@id\":\"https:\\\/\\\/archiv.siov.sk\\\/#organization\",\"name\":\"\u0160IOV - \u0161t\u00e1tny in\u0161tit\u00fat odborn\u00e9ho vzdel\u00e1vania\",\"url\":\"https:\\\/\\\/archiv.siov.sk\\\/\",\"logo\":{\"@type\":\"ImageObject\",\"inLanguage\":\"en-GB\",\"@id\":\"https:\\\/\\\/archiv.siov.sk\\\/#\\\/schema\\\/logo\\\/image\\\/\",\"url\":\"https:\\\/\\\/archiv.siov.sk\\\/wp-content\\\/uploads\\\/2024\\\/02\\\/logo-SIOV.png\",\"contentUrl\":\"https:\\\/\\\/archiv.siov.sk\\\/wp-content\\\/uploads\\\/2024\\\/02\\\/logo-SIOV.png\",\"width\":431,\"height\":143,\"caption\":\"\u0160IOV - \u0161t\u00e1tny in\u0161tit\u00fat odborn\u00e9ho vzdel\u00e1vania\"},\"image\":{\"@id\":\"https:\\\/\\\/archiv.siov.sk\\\/#\\\/schema\\\/logo\\\/image\\\/\"},\"sameAs\":[\"https:\\\/\\\/www.facebook.com\\\/Statnyinstitutodbornehovzdelavania\"]}]}<\/script>\n<!-- \/ Yoast SEO plugin. -->","yoast_head_json":{"title":"Ploteus - \u0160IOV - \u0161t\u00e1tny in\u0161tit\u00fat odborn\u00e9ho vzdel\u00e1vania","robots":{"index":"index","follow":"follow","max-snippet":"max-snippet:-1","max-image-preview":"max-image-preview:large","max-video-preview":"max-video-preview:-1"},"canonical":"https:\/\/archiv.siov.sk\/en\/projekty\/zrealizovane-projekty\/ploteus\/","og_locale":"en_GB","og_type":"article","og_title":"Ploteus - \u0160IOV - \u0161t\u00e1tny in\u0161tit\u00fat odborn\u00e9ho vzdel\u00e1vania","og_description":"Ploteus PLOTEUS je port\u00e1l obsahuj\u00faci inform\u00e1cie z \u010dlensk\u00fdch kraj\u00edn E\u00da (okrem \u010dlensk\u00fdch \u0161t\u00e1tov zah\u0155\u0148a aj N\u00f3rsko, Island, \u0160vaj\u010diarsko a Turecko) o vzdel\u00e1vac\u00edch pr\u00edle\u017eitostiach a syst\u00e9moch vzdel\u00e1vania a odbornej pr\u00edpravy. Cie\u013eom je prepojenie n\u00e1rodnej datab\u00e1zy s port\u00e1lom vzdel\u00e1vac\u00edch pr\u00edle\u017eitost\u00ed v Eur\u00f3pe v &nbsp;5 hlavn\u00fdch oblastiach: Vzdel\u00e1vacie pr\u00edle\u017eitosti \u201eLearning opportunities\u201c; Vzdel\u00e1vacie syst\u00e9my \u201eEducation Systems\u201c; V\u00fdmeny \u201eExchanges\u201c; Kontakty [&hellip;]","og_url":"https:\/\/archiv.siov.sk\/en\/projekty\/zrealizovane-projekty\/ploteus\/","og_site_name":"\u0160IOV - \u0161t\u00e1tny in\u0161tit\u00fat odborn\u00e9ho vzdel\u00e1vania","article_publisher":"https:\/\/www.facebook.com\/Statnyinstitutodbornehovzdelavania","article_modified_time":"2021-07-23T05:45:41+00:00","og_image":[{"url":"https:\/\/archiv.siov.sk\/wp-content\/uploads\/2019\/01\/4613_logo-sk1a-300x112.jpg","type":"","width":"","height":""}],"twitter_card":"summary_large_image","twitter_misc":{"Estimated reading time":"1 minute"},"schema":{"@context":"https:\/\/schema.org","@graph":[{"@type":"WebPage","@id":"https:\/\/archiv.siov.sk\/projekty\/zrealizovane-projekty\/ploteus\/","url":"https:\/\/archiv.siov.sk\/projekty\/zrealizovane-projekty\/ploteus\/","name":"Ploteus - \u0160IOV - \u0161t\u00e1tny in\u0161tit\u00fat odborn\u00e9ho vzdel\u00e1vania","isPartOf":{"@id":"https:\/\/archiv.siov.sk\/#website"},"primaryImageOfPage":{"@id":"https:\/\/archiv.siov.sk\/projekty\/zrealizovane-projekty\/ploteus\/#primaryimage"},"image":{"@id":"https:\/\/archiv.siov.sk\/projekty\/zrealizovane-projekty\/ploteus\/#primaryimage"},"thumbnailUrl":"https:\/\/archiv.siov.sk\/wp-content\/uploads\/2019\/01\/4613_logo-sk1a-300x112.jpg","datePublished":"2019-01-25T09:17:35+00:00","dateModified":"2021-07-23T05:45:41+00:00","breadcrumb":{"@id":"https:\/\/archiv.siov.sk\/projekty\/zrealizovane-projekty\/ploteus\/#breadcrumb"},"inLanguage":"en-GB","potentialAction":[{"@type":"ReadAction","target":["https:\/\/archiv.siov.sk\/projekty\/zrealizovane-projekty\/ploteus\/"]}]},{"@type":"ImageObject","inLanguage":"en-GB","@id":"https:\/\/archiv.siov.sk\/projekty\/zrealizovane-projekty\/ploteus\/#primaryimage","url":"https:\/\/archiv.siov.sk\/wp-content\/uploads\/2019\/01\/4613_logo-sk1a-300x112.jpg","contentUrl":"https:\/\/archiv.siov.sk\/wp-content\/uploads\/2019\/01\/4613_logo-sk1a-300x112.jpg"},{"@type":"BreadcrumbList","@id":"https:\/\/archiv.siov.sk\/projekty\/zrealizovane-projekty\/ploteus\/#breadcrumb","itemListElement":[{"@type":"ListItem","position":1,"name":"Home","item":"https:\/\/archiv.siov.sk\/"},{"@type":"ListItem","position":2,"name":"Projekty","item":"https:\/\/archiv.siov.sk\/en\/projekty\/"},{"@type":"ListItem","position":3,"name":"Zrealizovan\u00e9 projekty","item":"https:\/\/archiv.siov.sk\/en\/projekty\/zrealizovane-projekty\/"},{"@type":"ListItem","position":4,"name":"Ploteus"}]},{"@type":"WebSite","@id":"https:\/\/archiv.siov.sk\/#website","url":"https:\/\/archiv.siov.sk\/","name":"\u0160IOV - \u0161t\u00e1tny in\u0161tit\u00fat odborn\u00e9ho vzdel\u00e1vania","description":"","publisher":{"@id":"https:\/\/archiv.siov.sk\/#organization"},"potentialAction":[{"@type":"SearchAction","target":{"@type":"EntryPoint","urlTemplate":"https:\/\/archiv.siov.sk\/?s={search_term_string}"},"query-input":{"@type":"PropertyValueSpecification","valueRequired":true,"valueName":"search_term_string"}}],"inLanguage":"en-GB"},{"@type":"Organization","@id":"https:\/\/archiv.siov.sk\/#organization","name":"\u0160IOV - \u0161t\u00e1tny in\u0161tit\u00fat odborn\u00e9ho vzdel\u00e1vania","url":"https:\/\/archiv.siov.sk\/","logo":{"@type":"ImageObject","inLanguage":"en-GB","@id":"https:\/\/archiv.siov.sk\/#\/schema\/logo\/image\/","url":"https:\/\/archiv.siov.sk\/wp-content\/uploads\/2024\/02\/logo-SIOV.png","contentUrl":"https:\/\/archiv.siov.sk\/wp-content\/uploads\/2024\/02\/logo-SIOV.png","width":431,"height":143,"caption":"\u0160IOV - \u0161t\u00e1tny in\u0161tit\u00fat odborn\u00e9ho vzdel\u00e1vania"},"image":{"@id":"https:\/\/archiv.siov.sk\/#\/schema\/logo\/image\/"},"sameAs":["https:\/\/www.facebook.com\/Statnyinstitutodbornehovzdelavania"]}]}},"_links":{"self":[{"href":"https:\/\/archiv.siov.sk\/en\/wp-json\/wp\/v2\/pages\/75","targetHints":{"allow":["GET"]}}],"collection":[{"href":"https:\/\/archiv.siov.sk\/en\/wp-json\/wp\/v2\/pages"}],"about":[{"href":"https:\/\/archiv.siov.sk\/en\/wp-json\/wp\/v2\/types\/page"}],"author":[{"embeddable":true,"href":"https:\/\/archiv.siov.sk\/en\/wp-json\/wp\/v2\/users\/1"}],"replies":[{"embeddable":true,"href":"https:\/\/archiv.siov.sk\/en\/wp-json\/wp\/v2\/comments?post=75"}],"version-history":[{"count":6,"href":"https:\/\/archiv.siov.sk\/en\/wp-json\/wp\/v2\/pages\/75\/revisions"}],"predecessor-version":[{"id":8736,"href":"https:\/\/archiv.siov.sk\/en\/wp-json\/wp\/v2\/pages\/75\/revisions\/8736"}],"up":[{"embeddable":true,"href":"https:\/\/archiv.siov.sk\/en\/wp-json\/wp\/v2\/pages\/55"}],"wp:attachment":[{"href":"https:\/\/archiv.siov.sk\/en\/wp-json\/wp\/v2\/media?parent=75"}],"curies":[{"name":"wp","href":"https:\/\/api.w.org\/{rel}","templated":true}]}}