{"id":7489,"date":"2021-03-22T11:32:26","date_gmt":"2021-03-22T10:32:26","guid":{"rendered":"https:\/\/archiv.siov.sk\/?page_id=7489"},"modified":"2021-03-22T11:32:26","modified_gmt":"2021-03-22T10:32:26","slug":"projekt-quantum","status":"publish","type":"page","link":"https:\/\/archiv.siov.sk\/en\/projekt-quantum\/","title":{"rendered":"Projekt Quantum"},"content":{"rendered":"<p>Projekt QUANTUM &#8211; QUAlity Networks: fine-TUning Monitoring systems for better performances in VET<\/p>\n<p style=\"text-align: justify;\">Projekt QUANTUM (2020 &#8211; 2022)&nbsp; je zameran\u00fd na podporenie relevantnosti a efekt\u00edvnosti poskytovania <strong>odborn\u00e9ho vzdel\u00e1vania a pr\u00edpravy <\/strong>(OVP) a jeho pr\u00ednosu k zamestnanosti v Eur\u00f3pe. Svoj z\u00e1mer pl\u00e1nuje zrealizova\u0165 prostredn\u00edctvom vytvorenia a otestovania nov\u00e9ho monitorovacieho syst\u00e9mu, ktor\u00fd bude vych\u00e1dza\u0165 zo vz\u00e1jomnej sp\u00e4tnej v\u00e4zby a trasovania absolventov OVP s cie\u013eom posilni\u0165 zabezpe\u010dovanie kvality prostredn\u00edctvom <strong>siet\u00ed kvality <\/strong>na Slovensku, v Rak\u00fasku, Taliansku a Portugalsku.<\/p>\n<p style=\"text-align: justify;\">Nadn\u00e1rodn\u00e9 projektov\u00e9 partnerstvo, podporen\u00e9 programom Erasmus+, bude pri realiz\u00e1cii projektu intenz\u00edvne vyu\u017e\u00edva\u0165 met\u00f3du vz\u00e1jomn\u00e9ho hodnotenia (peer review), ktor\u00e1 preuk\u00e1zate\u013ene prispieva k n\u00e1rastu a roz\u0161irovaniu spolupr\u00e1ce medzi akt\u00e9rmi v oblasti vzdel\u00e1vania a je pr\u00edle\u017eitos\u0165ou na vz\u00e1jomn\u00e9 u\u010denie sa a profesion\u00e1lny rast v\u0161etk\u00fdch z\u00fa\u010dastnen\u00fdch.<\/p>\n<p>&nbsp;<strong>Ciele projektu&nbsp;<\/strong>&nbsp;&nbsp;&nbsp;&nbsp;&nbsp;&nbsp;&nbsp;&nbsp;&nbsp;&nbsp;&nbsp;&nbsp;&nbsp;&nbsp;&nbsp;&nbsp;&nbsp;&nbsp;&nbsp;&nbsp;&nbsp;&nbsp;&nbsp;&nbsp;&nbsp;&nbsp;&nbsp;&nbsp;&nbsp;&nbsp;&nbsp;&nbsp;&nbsp;&nbsp;&nbsp;&nbsp;&nbsp;&nbsp;&nbsp;&nbsp;&nbsp;&nbsp;&nbsp;&nbsp;&nbsp;&nbsp;&nbsp;&nbsp;&nbsp;&nbsp;&nbsp;&nbsp;&nbsp;&nbsp;&nbsp;&nbsp;&nbsp;&nbsp;&nbsp;&nbsp;&nbsp;&nbsp;&nbsp;&nbsp;&nbsp;&nbsp;&nbsp;&nbsp;&nbsp;&nbsp;&nbsp;&nbsp;&nbsp;&nbsp;&nbsp;&nbsp;&nbsp;&nbsp;&nbsp;&nbsp;&nbsp;&nbsp;&nbsp;&nbsp;&nbsp;&nbsp;&nbsp;&nbsp;&nbsp;&nbsp;&nbsp;&nbsp;&nbsp;&nbsp;&nbsp;&nbsp;&nbsp;&nbsp;&nbsp;&nbsp;&nbsp;&nbsp;&nbsp;&nbsp;&nbsp;&nbsp;&nbsp;&nbsp;&nbsp;&nbsp;&nbsp;&nbsp;&nbsp;&nbsp;&nbsp;&nbsp;&nbsp;&nbsp;&nbsp;&nbsp;&nbsp;&nbsp;&nbsp;&nbsp;&nbsp;&nbsp;&nbsp;&nbsp;&nbsp;&nbsp;&nbsp;&nbsp;&nbsp;&nbsp;&nbsp;&nbsp;&nbsp;&nbsp;&nbsp;&nbsp;&nbsp;&nbsp;&nbsp;&nbsp;&nbsp;&nbsp;&nbsp;&nbsp;&nbsp;&nbsp;&nbsp;&nbsp;&nbsp;&nbsp;&nbsp;&nbsp;&nbsp;&nbsp;&nbsp;<\/p>\n<ul>\n<li><strong>vytvori\u0165 spolo\u010dn\u00fd syst\u00e9m trasovania pre OVP<\/strong>, za \u00fa\u010delom vytvorenia jasnej\u0161ej predstavy o v\u00fdstupoch v oblasti OVP a zlep\u0161enia dostupnos\u0165 porovnate\u013en\u00fdch inform\u00e1ci\u00ed o zamestnanosti a soci\u00e1lnych v\u00fdstupoch, tak ako je zd\u00f4raznen\u00e9 v Odpor\u00fa\u010dan\u00ed Rady v oblasti trasovania absolventov <em>(2017)<\/em>;<\/li>\n<li><strong>vytvori\u0165 vhodn\u00fd r\u00e1mec spolupr\u00e1ce, <\/strong>ktor\u00fd bude pr\u00ednosom pre v\u0161etk\u00fdch z\u00fa\u010dastnen\u00fdch a umo\u017en\u00ed vz\u00e1jomn\u00e9 u\u010denie sa,<\/li>\n<li><strong>podpori\u0165 vyu\u017e\u00edvanie spolo\u010dnej praxe, <\/strong>najm\u00e4 v oblasti adaptovania met\u00f3dy peer review a indik\u00e1torov <strong>EQAVET<\/strong><\/li>\n<\/ul>\n<p><strong>&nbsp;Aktivity projektu&nbsp;&nbsp;&nbsp;&nbsp;&nbsp;&nbsp;&nbsp;<\/strong>&nbsp;&nbsp;&nbsp;&nbsp;&nbsp;&nbsp;&nbsp;&nbsp;&nbsp;&nbsp;&nbsp;&nbsp;&nbsp;&nbsp;&nbsp;&nbsp;&nbsp;&nbsp;&nbsp;&nbsp;&nbsp;&nbsp;&nbsp;&nbsp;&nbsp;&nbsp;&nbsp;&nbsp;&nbsp;&nbsp;&nbsp;&nbsp;&nbsp;&nbsp;&nbsp;&nbsp;&nbsp;&nbsp;&nbsp;&nbsp;&nbsp;&nbsp;&nbsp;&nbsp;&nbsp;&nbsp;&nbsp;&nbsp;&nbsp;&nbsp;&nbsp;&nbsp;&nbsp;&nbsp;&nbsp;&nbsp;&nbsp;&nbsp;&nbsp;&nbsp;&nbsp;&nbsp;&nbsp;&nbsp;&nbsp;&nbsp;&nbsp;&nbsp;&nbsp;&nbsp;&nbsp;&nbsp;&nbsp;&nbsp;&nbsp;&nbsp;&nbsp;&nbsp;&nbsp;&nbsp;&nbsp;&nbsp;&nbsp;&nbsp;&nbsp;&nbsp;&nbsp;&nbsp;&nbsp;&nbsp;&nbsp;&nbsp;&nbsp;&nbsp;&nbsp;&nbsp;&nbsp;&nbsp;&nbsp;&nbsp;&nbsp;&nbsp;&nbsp;&nbsp;&nbsp;&nbsp;&nbsp;&nbsp;&nbsp;&nbsp;&nbsp;&nbsp;&nbsp;&nbsp;&nbsp;&nbsp;&nbsp;&nbsp;&nbsp;&nbsp;&nbsp;&nbsp;&nbsp;&nbsp;&nbsp;&nbsp;&nbsp;&nbsp;&nbsp;&nbsp;&nbsp;&nbsp;&nbsp;&nbsp;&nbsp;&nbsp;&nbsp;&nbsp;&nbsp;&nbsp;&nbsp;&nbsp;&nbsp;&nbsp;&nbsp;&nbsp;&nbsp;&nbsp;&nbsp;&nbsp;&nbsp;&nbsp;&nbsp;<\/p>\n<ul>\n<li><strong>vytvorenie a pilotovanie n\u00e1rodn\u00fdch\/region\u00e1lnych siet\u00ed kvality, ktor\u00e9 bud\u00fa sl\u00fa\u017ei\u0165 ako syst\u00e9mov\u00fd model spolupr\u00e1ce medzi <\/strong>poskytovate\u013emi OVP<strong>, <\/strong>tvorcami polit\u00edk a ostatn\u00fdmi cie\u013eov\u00fdmi skupinami<\/li>\n<li><strong>definovanie a realizovanie spolo\u010dn\u00e9ho monitorovacieho syst\u00e9mu pre hodnotenie kvality a relevantnosti OVP v spolupr\u00e1ci s r\u00f4znymi akt\u00e9rmi,<\/strong><\/li>\n<li><strong>realizovanie 4 \u0161kolen\u00ed a fokusov\u00fdch skup\u00edn v oblasti peer review<\/strong><strong>&nbsp;<\/strong><\/li>\n<\/ul>\n<p>&nbsp;<strong>V\u00fdstupy projektu&nbsp;&nbsp;&nbsp;&nbsp;&nbsp;&nbsp;&nbsp;&nbsp;&nbsp;&nbsp;&nbsp;&nbsp;&nbsp;&nbsp;&nbsp;&nbsp;&nbsp;&nbsp;&nbsp;&nbsp;&nbsp;&nbsp;&nbsp;&nbsp;&nbsp;&nbsp;&nbsp;&nbsp;&nbsp;&nbsp;&nbsp;&nbsp;&nbsp;&nbsp;&nbsp;&nbsp;&nbsp;&nbsp;&nbsp;&nbsp;&nbsp;&nbsp;&nbsp;&nbsp;&nbsp;&nbsp;&nbsp;&nbsp;&nbsp;&nbsp;&nbsp;&nbsp;&nbsp;&nbsp;&nbsp;&nbsp;&nbsp;&nbsp;&nbsp;&nbsp;&nbsp;&nbsp;&nbsp;&nbsp;&nbsp;&nbsp;&nbsp;&nbsp;&nbsp;&nbsp;&nbsp;&nbsp;&nbsp;&nbsp;&nbsp;&nbsp;&nbsp;&nbsp;&nbsp;&nbsp;&nbsp;&nbsp;&nbsp;&nbsp;&nbsp;&nbsp;&nbsp;&nbsp;&nbsp;&nbsp;&nbsp;&nbsp;&nbsp;&nbsp;&nbsp;&nbsp;&nbsp;&nbsp;&nbsp;&nbsp;&nbsp;&nbsp;&nbsp;&nbsp;&nbsp;&nbsp;&nbsp;&nbsp;&nbsp;&nbsp;&nbsp;&nbsp;&nbsp;&nbsp;&nbsp;&nbsp;&nbsp;&nbsp;&nbsp;&nbsp;&nbsp;&nbsp;&nbsp;&nbsp;&nbsp;&nbsp;&nbsp;&nbsp;&nbsp;&nbsp;&nbsp;&nbsp;&nbsp;&nbsp;&nbsp;&nbsp;&nbsp;&nbsp;&nbsp;&nbsp;&nbsp;&nbsp;&nbsp;&nbsp;&nbsp;&nbsp;&nbsp;&nbsp;&nbsp;&nbsp;&nbsp;&nbsp;&nbsp;&nbsp;&nbsp;&nbsp;&nbsp;&nbsp;&nbsp;&nbsp; <\/strong><\/p>\n<ul>\n<li>spolo\u010dn\u00fd monitorovac\u00ed syst\u00e9m<\/li>\n<li>pr\u00edru\u010dka pre zriadenie siet\u00ed kvality v OVP<\/li>\n<li>budovanie kapac\u00edt siet\u00ed kvality, ich realiz\u00e1cia a udr\u017eate\u013enos\u0165<\/li>\n<li>odpor\u00fa\u010dania pre tvorcov polit\u00edk na region\u00e1lnej a n\u00e1rodnej \u00farovni<\/li>\n<\/ul>\n<p><strong>&nbsp;Partneri&nbsp;&nbsp;&nbsp;&nbsp;&nbsp;&nbsp;&nbsp;&nbsp;&nbsp;&nbsp;<\/strong><\/p>\n<p><strong><img decoding=\"async\" class=\"alignnone size-full wp-image-7228\" src=\"https:\/\/archiv.siov.sk\/wp-content\/uploads\/2021\/02\/partner-1.jpg\" alt=\"\" width=\"101\" height=\"48\">&nbsp; &nbsp; &nbsp; &nbsp; &nbsp; &nbsp; &nbsp; &nbsp; &nbsp;<img decoding=\"async\" class=\"alignnone size-full wp-image-7229\" src=\"https:\/\/archiv.siov.sk\/wp-content\/uploads\/2021\/02\/partner-2.png\" alt=\"\" width=\"150\" height=\"34\">&nbsp; &nbsp; &nbsp; &nbsp; &nbsp; &nbsp; &nbsp; <img decoding=\"async\" class=\"alignnone size-full wp-image-7230\" src=\"https:\/\/archiv.siov.sk\/wp-content\/uploads\/2021\/02\/partner-3.png\" alt=\"\" width=\"104\" height=\"50\">&nbsp; &nbsp; &nbsp; &nbsp; &nbsp; &nbsp; &nbsp; &nbsp;<img loading=\"lazy\" decoding=\"async\" class=\"alignnone size-full wp-image-7231\" src=\"https:\/\/archiv.siov.sk\/wp-content\/uploads\/2021\/02\/partner-4.png\" alt=\"\" width=\"108\" height=\"42\"><\/strong><\/p>\n<p><strong>Koordin\u00e1tor<\/strong><\/p>\n<p><strong><img loading=\"lazy\" decoding=\"async\" class=\"alignnone size-full wp-image-7235\" src=\"https:\/\/archiv.siov.sk\/wp-content\/uploads\/2021\/02\/koordinator.jpg\" alt=\"\" width=\"120\" height=\"41\">&nbsp;<\/strong><\/p>\n<p><strong>State Vocational Education Institute<\/strong><\/p>\n<p>Odbor eur\u00f3pskych polit\u00edk Stromov\u00e1 9<\/p>\n<p>811 03 Bratislava<u> <a href=\"mailto:eqavet@siov.sk\">eqavet@siov.sk<\/a><\/u><\/p>\n<p>&nbsp;<\/p>\n<p><strong>Viac inform\u00e1ci\u00ed o projekte: <a href=\"http:\/\/www.quality-networks.eu\">www.quality-networks.eu&nbsp;<\/a><\/strong><\/p>","protected":false},"excerpt":{"rendered":"<p>Projekt QUANTUM &#8211; QUAlity Networks: fine-TUning Monitoring systems for better performances in VET Projekt QUANTUM (2020 &#8211; 2022)&nbsp; je zameran\u00fd na podporenie relevantnosti a efekt\u00edvnosti poskytovania odborn\u00e9ho vzdel\u00e1vania a pr\u00edpravy (OVP) a jeho pr\u00ednosu k zamestnanosti v Eur\u00f3pe. Svoj z\u00e1mer pl\u00e1nuje zrealizova\u0165 prostredn\u00edctvom vytvorenia a otestovania nov\u00e9ho monitorovacieho syst\u00e9mu, ktor\u00fd bude vych\u00e1dza\u0165 zo vz\u00e1jomnej sp\u00e4tnej [&hellip;]<\/p>\n","protected":false},"author":4,"featured_media":7238,"parent":0,"menu_order":0,"comment_status":"closed","ping_status":"closed","template":"","meta":{"site-sidebar-layout":"default","site-content-layout":"","ast-site-content-layout":"default","site-content-style":"default","site-sidebar-style":"default","ast-global-header-display":"","ast-banner-title-visibility":"","ast-main-header-display":"","ast-hfb-above-header-display":"","ast-hfb-below-header-display":"","ast-hfb-mobile-header-display":"","site-post-title":"","ast-breadcrumbs-content":"","ast-featured-img":"","footer-sml-layout":"","ast-disable-related-posts":"","theme-transparent-header-meta":"","adv-header-id-meta":"","stick-header-meta":"","header-above-stick-meta":"","header-main-stick-meta":"","header-below-stick-meta":"","astra-migrate-meta-layouts":"default","ast-page-background-enabled":"default","ast-page-background-meta":{"desktop":{"background-color":"var(--ast-global-color-4)","background-image":"","background-repeat":"repeat","background-position":"center center","background-size":"auto","background-attachment":"scroll","background-type":"","background-media":"","overlay-type":"","overlay-color":"","overlay-opacity":"","overlay-gradient":""},"tablet":{"background-color":"","background-image":"","background-repeat":"repeat","background-position":"center center","background-size":"auto","background-attachment":"scroll","background-type":"","background-media":"","overlay-type":"","overlay-color":"","overlay-opacity":"","overlay-gradient":""},"mobile":{"background-color":"","background-image":"","background-repeat":"repeat","background-position":"center center","background-size":"auto","background-attachment":"scroll","background-type":"","background-media":"","overlay-type":"","overlay-color":"","overlay-opacity":"","overlay-gradient":""}},"ast-content-background-meta":{"desktop":{"background-color":"var(--ast-global-color-5)","background-image":"","background-repeat":"repeat","background-position":"center center","background-size":"auto","background-attachment":"scroll","background-type":"","background-media":"","overlay-type":"","overlay-color":"","overlay-opacity":"","overlay-gradient":""},"tablet":{"background-color":"var(--ast-global-color-5)","background-image":"","background-repeat":"repeat","background-position":"center center","background-size":"auto","background-attachment":"scroll","background-type":"","background-media":"","overlay-type":"","overlay-color":"","overlay-opacity":"","overlay-gradient":""},"mobile":{"background-color":"var(--ast-global-color-5)","background-image":"","background-repeat":"repeat","background-position":"center center","background-size":"auto","background-attachment":"scroll","background-type":"","background-media":"","overlay-type":"","overlay-color":"","overlay-opacity":"","overlay-gradient":""}},"footnotes":""},"class_list":["post-7489","page","type-page","status-publish","has-post-thumbnail","hentry"],"yoast_head":"<!-- This site is optimized with the Yoast SEO plugin v27.5 - https:\/\/yoast.com\/product\/yoast-seo-wordpress\/ -->\n<title>Projekt Quantum - \u0160IOV - \u0161t\u00e1tny in\u0161tit\u00fat odborn\u00e9ho vzdel\u00e1vania<\/title>\n<meta name=\"robots\" content=\"index, follow, max-snippet:-1, max-image-preview:large, max-video-preview:-1\" \/>\n<link rel=\"canonical\" href=\"https:\/\/archiv.siov.sk\/en\/projekt-quantum\/\" \/>\n<meta property=\"og:locale\" content=\"en_GB\" \/>\n<meta property=\"og:type\" content=\"article\" \/>\n<meta property=\"og:title\" content=\"Projekt Quantum - \u0160IOV - \u0161t\u00e1tny in\u0161tit\u00fat odborn\u00e9ho vzdel\u00e1vania\" \/>\n<meta property=\"og:description\" content=\"Projekt QUANTUM &#8211; QUAlity Networks: fine-TUning Monitoring systems for better performances in VET Projekt QUANTUM (2020 &#8211; 2022)&nbsp; je zameran\u00fd na podporenie relevantnosti a efekt\u00edvnosti poskytovania odborn\u00e9ho vzdel\u00e1vania a pr\u00edpravy (OVP) a jeho pr\u00ednosu k zamestnanosti v Eur\u00f3pe. Svoj z\u00e1mer pl\u00e1nuje zrealizova\u0165 prostredn\u00edctvom vytvorenia a otestovania nov\u00e9ho monitorovacieho syst\u00e9mu, ktor\u00fd bude vych\u00e1dza\u0165 zo vz\u00e1jomnej sp\u00e4tnej [&hellip;]\" \/>\n<meta property=\"og:url\" content=\"https:\/\/archiv.siov.sk\/en\/projekt-quantum\/\" \/>\n<meta property=\"og:site_name\" content=\"\u0160IOV - \u0161t\u00e1tny in\u0161tit\u00fat odborn\u00e9ho vzdel\u00e1vania\" \/>\n<meta property=\"article:publisher\" content=\"https:\/\/www.facebook.com\/Statnyinstitutodbornehovzdelavania\" \/>\n<meta property=\"og:image\" content=\"https:\/\/archiv.siov.sk\/wp-content\/uploads\/2021\/02\/logo_Quantum-01-e1617018363901.png\" \/>\n\t<meta property=\"og:image:width\" content=\"200\" \/>\n\t<meta property=\"og:image:height\" content=\"200\" \/>\n\t<meta property=\"og:image:type\" content=\"image\/png\" \/>\n<meta name=\"twitter:card\" content=\"summary_large_image\" \/>\n<meta name=\"twitter:label1\" content=\"Estimated reading time\" \/>\n\t<meta name=\"twitter:data1\" content=\"3 minutes\" \/>\n<script type=\"application\/ld+json\" class=\"yoast-schema-graph\">{\"@context\":\"https:\\\/\\\/schema.org\",\"@graph\":[{\"@type\":\"WebPage\",\"@id\":\"https:\\\/\\\/archiv.siov.sk\\\/projekt-quantum\\\/\",\"url\":\"https:\\\/\\\/archiv.siov.sk\\\/projekt-quantum\\\/\",\"name\":\"Projekt Quantum - \u0160IOV - \u0161t\u00e1tny in\u0161tit\u00fat odborn\u00e9ho vzdel\u00e1vania\",\"isPartOf\":{\"@id\":\"https:\\\/\\\/archiv.siov.sk\\\/#website\"},\"primaryImageOfPage\":{\"@id\":\"https:\\\/\\\/archiv.siov.sk\\\/projekt-quantum\\\/#primaryimage\"},\"image\":{\"@id\":\"https:\\\/\\\/archiv.siov.sk\\\/projekt-quantum\\\/#primaryimage\"},\"thumbnailUrl\":\"https:\\\/\\\/archiv.siov.sk\\\/wp-content\\\/uploads\\\/2021\\\/02\\\/logo_Quantum-01-e1617018363901.png\",\"datePublished\":\"2021-03-22T10:32:26+00:00\",\"breadcrumb\":{\"@id\":\"https:\\\/\\\/archiv.siov.sk\\\/projekt-quantum\\\/#breadcrumb\"},\"inLanguage\":\"en-GB\",\"potentialAction\":[{\"@type\":\"ReadAction\",\"target\":[\"https:\\\/\\\/archiv.siov.sk\\\/projekt-quantum\\\/\"]}]},{\"@type\":\"ImageObject\",\"inLanguage\":\"en-GB\",\"@id\":\"https:\\\/\\\/archiv.siov.sk\\\/projekt-quantum\\\/#primaryimage\",\"url\":\"https:\\\/\\\/archiv.siov.sk\\\/wp-content\\\/uploads\\\/2021\\\/02\\\/logo_Quantum-01-e1617018363901.png\",\"contentUrl\":\"https:\\\/\\\/archiv.siov.sk\\\/wp-content\\\/uploads\\\/2021\\\/02\\\/logo_Quantum-01-e1617018363901.png\",\"width\":200,\"height\":200},{\"@type\":\"BreadcrumbList\",\"@id\":\"https:\\\/\\\/archiv.siov.sk\\\/projekt-quantum\\\/#breadcrumb\",\"itemListElement\":[{\"@type\":\"ListItem\",\"position\":1,\"name\":\"Home\",\"item\":\"https:\\\/\\\/archiv.siov.sk\\\/\"},{\"@type\":\"ListItem\",\"position\":2,\"name\":\"Projekt Quantum\"}]},{\"@type\":\"WebSite\",\"@id\":\"https:\\\/\\\/archiv.siov.sk\\\/#website\",\"url\":\"https:\\\/\\\/archiv.siov.sk\\\/\",\"name\":\"\u0160IOV - \u0161t\u00e1tny in\u0161tit\u00fat odborn\u00e9ho vzdel\u00e1vania\",\"description\":\"\",\"publisher\":{\"@id\":\"https:\\\/\\\/archiv.siov.sk\\\/#organization\"},\"potentialAction\":[{\"@type\":\"SearchAction\",\"target\":{\"@type\":\"EntryPoint\",\"urlTemplate\":\"https:\\\/\\\/archiv.siov.sk\\\/?s={search_term_string}\"},\"query-input\":{\"@type\":\"PropertyValueSpecification\",\"valueRequired\":true,\"valueName\":\"search_term_string\"}}],\"inLanguage\":\"en-GB\"},{\"@type\":\"Organization\",\"@id\":\"https:\\\/\\\/archiv.siov.sk\\\/#organization\",\"name\":\"\u0160IOV - \u0161t\u00e1tny in\u0161tit\u00fat odborn\u00e9ho vzdel\u00e1vania\",\"url\":\"https:\\\/\\\/archiv.siov.sk\\\/\",\"logo\":{\"@type\":\"ImageObject\",\"inLanguage\":\"en-GB\",\"@id\":\"https:\\\/\\\/archiv.siov.sk\\\/#\\\/schema\\\/logo\\\/image\\\/\",\"url\":\"https:\\\/\\\/archiv.siov.sk\\\/wp-content\\\/uploads\\\/2024\\\/02\\\/logo-SIOV.png\",\"contentUrl\":\"https:\\\/\\\/archiv.siov.sk\\\/wp-content\\\/uploads\\\/2024\\\/02\\\/logo-SIOV.png\",\"width\":431,\"height\":143,\"caption\":\"\u0160IOV - \u0161t\u00e1tny in\u0161tit\u00fat odborn\u00e9ho vzdel\u00e1vania\"},\"image\":{\"@id\":\"https:\\\/\\\/archiv.siov.sk\\\/#\\\/schema\\\/logo\\\/image\\\/\"},\"sameAs\":[\"https:\\\/\\\/www.facebook.com\\\/Statnyinstitutodbornehovzdelavania\"]}]}<\/script>\n<!-- \/ Yoast SEO plugin. -->","yoast_head_json":{"title":"Projekt Quantum - \u0160IOV - \u0161t\u00e1tny in\u0161tit\u00fat odborn\u00e9ho vzdel\u00e1vania","robots":{"index":"index","follow":"follow","max-snippet":"max-snippet:-1","max-image-preview":"max-image-preview:large","max-video-preview":"max-video-preview:-1"},"canonical":"https:\/\/archiv.siov.sk\/en\/projekt-quantum\/","og_locale":"en_GB","og_type":"article","og_title":"Projekt Quantum - \u0160IOV - \u0161t\u00e1tny in\u0161tit\u00fat odborn\u00e9ho vzdel\u00e1vania","og_description":"Projekt QUANTUM &#8211; QUAlity Networks: fine-TUning Monitoring systems for better performances in VET Projekt QUANTUM (2020 &#8211; 2022)&nbsp; je zameran\u00fd na podporenie relevantnosti a efekt\u00edvnosti poskytovania odborn\u00e9ho vzdel\u00e1vania a pr\u00edpravy (OVP) a jeho pr\u00ednosu k zamestnanosti v Eur\u00f3pe. Svoj z\u00e1mer pl\u00e1nuje zrealizova\u0165 prostredn\u00edctvom vytvorenia a otestovania nov\u00e9ho monitorovacieho syst\u00e9mu, ktor\u00fd bude vych\u00e1dza\u0165 zo vz\u00e1jomnej sp\u00e4tnej [&hellip;]","og_url":"https:\/\/archiv.siov.sk\/en\/projekt-quantum\/","og_site_name":"\u0160IOV - \u0161t\u00e1tny in\u0161tit\u00fat odborn\u00e9ho vzdel\u00e1vania","article_publisher":"https:\/\/www.facebook.com\/Statnyinstitutodbornehovzdelavania","og_image":[{"width":200,"height":200,"url":"https:\/\/archiv.siov.sk\/wp-content\/uploads\/2021\/02\/logo_Quantum-01-e1617018363901.png","type":"image\/png"}],"twitter_card":"summary_large_image","twitter_misc":{"Estimated reading time":"3 minutes"},"schema":{"@context":"https:\/\/schema.org","@graph":[{"@type":"WebPage","@id":"https:\/\/archiv.siov.sk\/projekt-quantum\/","url":"https:\/\/archiv.siov.sk\/projekt-quantum\/","name":"Projekt Quantum - \u0160IOV - \u0161t\u00e1tny in\u0161tit\u00fat odborn\u00e9ho vzdel\u00e1vania","isPartOf":{"@id":"https:\/\/archiv.siov.sk\/#website"},"primaryImageOfPage":{"@id":"https:\/\/archiv.siov.sk\/projekt-quantum\/#primaryimage"},"image":{"@id":"https:\/\/archiv.siov.sk\/projekt-quantum\/#primaryimage"},"thumbnailUrl":"https:\/\/archiv.siov.sk\/wp-content\/uploads\/2021\/02\/logo_Quantum-01-e1617018363901.png","datePublished":"2021-03-22T10:32:26+00:00","breadcrumb":{"@id":"https:\/\/archiv.siov.sk\/projekt-quantum\/#breadcrumb"},"inLanguage":"en-GB","potentialAction":[{"@type":"ReadAction","target":["https:\/\/archiv.siov.sk\/projekt-quantum\/"]}]},{"@type":"ImageObject","inLanguage":"en-GB","@id":"https:\/\/archiv.siov.sk\/projekt-quantum\/#primaryimage","url":"https:\/\/archiv.siov.sk\/wp-content\/uploads\/2021\/02\/logo_Quantum-01-e1617018363901.png","contentUrl":"https:\/\/archiv.siov.sk\/wp-content\/uploads\/2021\/02\/logo_Quantum-01-e1617018363901.png","width":200,"height":200},{"@type":"BreadcrumbList","@id":"https:\/\/archiv.siov.sk\/projekt-quantum\/#breadcrumb","itemListElement":[{"@type":"ListItem","position":1,"name":"Home","item":"https:\/\/archiv.siov.sk\/"},{"@type":"ListItem","position":2,"name":"Projekt Quantum"}]},{"@type":"WebSite","@id":"https:\/\/archiv.siov.sk\/#website","url":"https:\/\/archiv.siov.sk\/","name":"\u0160IOV - \u0161t\u00e1tny in\u0161tit\u00fat odborn\u00e9ho vzdel\u00e1vania","description":"","publisher":{"@id":"https:\/\/archiv.siov.sk\/#organization"},"potentialAction":[{"@type":"SearchAction","target":{"@type":"EntryPoint","urlTemplate":"https:\/\/archiv.siov.sk\/?s={search_term_string}"},"query-input":{"@type":"PropertyValueSpecification","valueRequired":true,"valueName":"search_term_string"}}],"inLanguage":"en-GB"},{"@type":"Organization","@id":"https:\/\/archiv.siov.sk\/#organization","name":"\u0160IOV - \u0161t\u00e1tny in\u0161tit\u00fat odborn\u00e9ho vzdel\u00e1vania","url":"https:\/\/archiv.siov.sk\/","logo":{"@type":"ImageObject","inLanguage":"en-GB","@id":"https:\/\/archiv.siov.sk\/#\/schema\/logo\/image\/","url":"https:\/\/archiv.siov.sk\/wp-content\/uploads\/2024\/02\/logo-SIOV.png","contentUrl":"https:\/\/archiv.siov.sk\/wp-content\/uploads\/2024\/02\/logo-SIOV.png","width":431,"height":143,"caption":"\u0160IOV - \u0161t\u00e1tny in\u0161tit\u00fat odborn\u00e9ho vzdel\u00e1vania"},"image":{"@id":"https:\/\/archiv.siov.sk\/#\/schema\/logo\/image\/"},"sameAs":["https:\/\/www.facebook.com\/Statnyinstitutodbornehovzdelavania"]}]}},"_links":{"self":[{"href":"https:\/\/archiv.siov.sk\/en\/wp-json\/wp\/v2\/pages\/7489","targetHints":{"allow":["GET"]}}],"collection":[{"href":"https:\/\/archiv.siov.sk\/en\/wp-json\/wp\/v2\/pages"}],"about":[{"href":"https:\/\/archiv.siov.sk\/en\/wp-json\/wp\/v2\/types\/page"}],"author":[{"embeddable":true,"href":"https:\/\/archiv.siov.sk\/en\/wp-json\/wp\/v2\/users\/4"}],"replies":[{"embeddable":true,"href":"https:\/\/archiv.siov.sk\/en\/wp-json\/wp\/v2\/comments?post=7489"}],"version-history":[{"count":1,"href":"https:\/\/archiv.siov.sk\/en\/wp-json\/wp\/v2\/pages\/7489\/revisions"}],"predecessor-version":[{"id":7490,"href":"https:\/\/archiv.siov.sk\/en\/wp-json\/wp\/v2\/pages\/7489\/revisions\/7490"}],"wp:featuredmedia":[{"embeddable":true,"href":"https:\/\/archiv.siov.sk\/en\/wp-json\/wp\/v2\/media\/7238"}],"wp:attachment":[{"href":"https:\/\/archiv.siov.sk\/en\/wp-json\/wp\/v2\/media?parent=7489"}],"curies":[{"name":"wp","href":"https:\/\/api.w.org\/{rel}","templated":true}]}}