{"id":73,"date":"2019-01-25T10:16:03","date_gmt":"2019-01-25T09:16:03","guid":{"rendered":"http:\/\/archiv.siov.sk\/?page_id=73"},"modified":"2021-07-23T07:45:08","modified_gmt":"2021-07-23T05:45:08","slug":"paint-up","status":"publish","type":"page","link":"https:\/\/archiv.siov.sk\/en\/medzinarodna-spolupraca\/medzinarodne-projekty\/paint-up\/","title":{"rendered":"Paint Up"},"content":{"rendered":"<div data-elementor-type=\"wp-page\" data-elementor-id=\"73\" class=\"elementor elementor-73\" data-elementor-post-type=\"page\">\n\t\t\t\t\t\t<section class=\"elementor-section elementor-top-section elementor-element elementor-element-78483d1 elementor-section-boxed elementor-section-height-default elementor-section-height-default\" data-id=\"78483d1\" data-element_type=\"section\" data-e-type=\"section\">\n\t\t\t\t\t\t<div class=\"elementor-container elementor-column-gap-default\">\n\t\t\t\t\t<div class=\"elementor-column elementor-col-100 elementor-top-column elementor-element elementor-element-ea48674\" data-id=\"ea48674\" data-element_type=\"column\" data-e-type=\"column\">\n\t\t\t<div class=\"elementor-widget-wrap elementor-element-populated\">\n\t\t\t\t\t\t<div class=\"elementor-element elementor-element-ea9184f elementor-widget-divider--view-line elementor-widget elementor-widget-divider\" data-id=\"ea9184f\" data-element_type=\"widget\" data-e-type=\"widget\" data-widget_type=\"divider.default\">\n\t\t\t\t<div class=\"elementor-widget-container\">\n\t\t\t\t\t\t\t<div class=\"elementor-divider\">\n\t\t\t<span class=\"elementor-divider-separator\">\n\t\t\t\t\t\t<\/span>\n\t\t<\/div>\n\t\t\t\t\t\t<\/div>\n\t\t\t\t<\/div>\n\t\t\t\t<div class=\"elementor-element elementor-element-2b064c5 elementor-widget elementor-widget-heading\" data-id=\"2b064c5\" data-element_type=\"widget\" data-e-type=\"widget\" data-widget_type=\"heading.default\">\n\t\t\t\t<div class=\"elementor-widget-container\">\n\t\t\t\t\t<h2 class=\"elementor-heading-title elementor-size-default\">Paint Up<\/h2>\t\t\t\t<\/div>\n\t\t\t\t<\/div>\n\t\t\t\t\t<\/div>\n\t\t<\/div>\n\t\t\t\t\t<\/div>\n\t\t<\/section>\n\t\t\t\t<section class=\"elementor-section elementor-top-section elementor-element elementor-element-b6f3797 elementor-section-boxed elementor-section-height-default elementor-section-height-default\" data-id=\"b6f3797\" data-element_type=\"section\" data-e-type=\"section\">\n\t\t\t\t\t\t<div class=\"elementor-container elementor-column-gap-default\">\n\t\t\t\t\t<div class=\"elementor-column elementor-col-100 elementor-top-column elementor-element elementor-element-450437d6\" data-id=\"450437d6\" data-element_type=\"column\" data-e-type=\"column\">\n\t\t\t<div class=\"elementor-widget-wrap elementor-element-populated\">\n\t\t\t\t\t\t<div class=\"elementor-element elementor-element-627a5497 elementor-widget elementor-widget-text-editor\" data-id=\"627a5497\" data-element_type=\"widget\" data-e-type=\"widget\" data-widget_type=\"text-editor.default\">\n\t\t\t\t<div class=\"elementor-widget-container\">\n\t\t\t\t\t\t\t\t\t<p style=\"text-align: justify;\"><strong>State Vocational Education Institute<\/strong> vst\u00fapil do nov\u00e9ho medzin\u00e1rodn\u00e9ho partnerstva zameran\u00e9ho na realiz\u00e1ciu&nbsp; projektu Paint Up.<\/p>\r\nProjektov\u00e9 partnerstvo tvoria:\r\n<ul class=\"check_links\">\r\n \t<li>Celoeur\u00f3pska asoci\u00e1cia maliarov UNIEP, Luxembursko &#8211; hlavn\u00fd koordin\u00e1tor projektov\u00fdch aktiv\u00edt<\/li>\r\n \t<li>a organiz\u00e1cie p\u00f4sobiace v&nbsp;oblasti odborn\u00e9ho vzdel\u00e1vania v&nbsp;stavebn\u00fdch a&nbsp;maliarskych povolaniach a&nbsp;to v&nbsp;\u0161kolskom ale aj zamestn\u00e1vate\u013eskom sektore:<\/li>\r\n<\/ul>\r\nIFAPME \u2013 Belgicko,\r\nCCCA-BTP \u2013 Franc\u00fazsko,\r\nIMANOVA \u2013 Portugalsko\r\nDONCASTER \u2013 Spojen\u00e9 kr\u00e1\u013eovstvo Ve\u013ekej Brit\u00e1nie\r\nEPP \u2013 Belgicko a\r\n\u0160IOV \u2013 Slovensko.\r\n<p style=\"text-align: justify;\">Z\u00e1ujem mlad\u00fdch \u013eud\u00ed o&nbsp;remeseln\u00e9 povolania vr\u00e1tane vykon\u00e1vania maliarskeho remesla kles\u00e1 naprie\u010d celou Eur\u00f3pou. Z\u00e1merom projektov\u00e9ho partnerstva je vytvorenie podporn\u00fdch n\u00e1strojov uplatnite\u013en\u00fdch vo viacer\u00fdch eur\u00f3pskych krajin\u00e1ch pre &nbsp;zv\u00fd\u0161enie z\u00e1ujmu o&nbsp;maliarske remeseln\u00e9 povolania.<\/p>\r\n<p style=\"text-align: justify;\">Cie\u013eom projektu je podpora v&nbsp;odbornej pr\u00edprave v&nbsp;sektore&nbsp; remeseln\u00fdch maliarskych povolan\u00ed na z\u00e1klade definovan\u00fdch aktu\u00e1lnych potrieb podnikov, \u017eivnostn\u00edkov a&nbsp;firiem a&nbsp;tie\u017e formou poradenstva &nbsp;(t\u00fatorstva) pri zav\u00e1dzan\u00ed najnov\u0161\u00edch foriem teoretick\u00e9ho a&nbsp;praktick\u00e9ho vzdel\u00e1vania v&nbsp;\u0161kol\u00e1ch pripravuj\u00facich na tieto povolania.<\/p>\r\n<p style=\"text-align: justify;\">Realiza\u010dn\u00fd r\u00e1mec projektu&nbsp; je dan\u00fd obdob\u00edm okt\u00f3ber 2017 a\u017e okt\u00f3ber 2019.<\/p>\r\n<p style=\"text-align: justify;\">Bli\u017e\u0161ie inform\u00e1cie&nbsp; poskytne pracovn\u00edk koordinuj\u00faci aktivity \u0160IOV:<\/p>\r\n<strong>Ing. Ladislav \u0160atka <\/strong><a href=\"mailto:ladislav.satka@siov.sk\"><strong>ladislav.satka@siov.sk<\/strong><\/a>\r\n<strong>Tel.: +421&nbsp;903&nbsp;469 766<\/strong>\r\n\r\n&nbsp;\t\t\t\t\t\t\t\t<\/div>\n\t\t\t\t<\/div>\n\t\t\t\t\t<\/div>\n\t\t<\/div>\n\t\t\t\t\t<\/div>\n\t\t<\/section>\n\t\t\t\t<\/div>","protected":false},"excerpt":{"rendered":"<p>Paint Up \u0160t\u00e1tny in\u0161tit\u00fat odborn\u00e9ho vzdel\u00e1vania vst\u00fapil do nov\u00e9ho medzin\u00e1rodn\u00e9ho partnerstva zameran\u00e9ho na realiz\u00e1ciu&nbsp; projektu Paint Up. Projektov\u00e9 partnerstvo tvoria: Celoeur\u00f3pska asoci\u00e1cia maliarov UNIEP, Luxembursko &#8211; hlavn\u00fd koordin\u00e1tor projektov\u00fdch aktiv\u00edt a organiz\u00e1cie p\u00f4sobiace v&nbsp;oblasti odborn\u00e9ho vzdel\u00e1vania v&nbsp;stavebn\u00fdch a&nbsp;maliarskych povolaniach a&nbsp;to v&nbsp;\u0161kolskom ale aj zamestn\u00e1vate\u013eskom sektore: IFAPME \u2013 Belgicko, CCCA-BTP \u2013 Franc\u00fazsko, IMANOVA \u2013 Portugalsko DONCASTER [&hellip;]<\/p>\n","protected":false},"author":1,"featured_media":0,"parent":67,"menu_order":0,"comment_status":"closed","ping_status":"closed","template":"","meta":{"site-sidebar-layout":"default","site-content-layout":"default","ast-site-content-layout":"default","site-content-style":"default","site-sidebar-style":"default","ast-global-header-display":"","ast-banner-title-visibility":"","ast-main-header-display":"","ast-hfb-above-header-display":"","ast-hfb-below-header-display":"","ast-hfb-mobile-header-display":"","site-post-title":"disabled","ast-breadcrumbs-content":"","ast-featured-img":"","footer-sml-layout":"","ast-disable-related-posts":"","theme-transparent-header-meta":"default","adv-header-id-meta":"","stick-header-meta":"","header-above-stick-meta":"","header-main-stick-meta":"","header-below-stick-meta":"","astra-migrate-meta-layouts":"default","ast-page-background-enabled":"default","ast-page-background-meta":{"desktop":{"background-color":"var(--ast-global-color-4)","background-image":"","background-repeat":"repeat","background-position":"center center","background-size":"auto","background-attachment":"scroll","background-type":"","background-media":"","overlay-type":"","overlay-color":"","overlay-opacity":"","overlay-gradient":""},"tablet":{"background-color":"","background-image":"","background-repeat":"repeat","background-position":"center center","background-size":"auto","background-attachment":"scroll","background-type":"","background-media":"","overlay-type":"","overlay-color":"","overlay-opacity":"","overlay-gradient":""},"mobile":{"background-color":"","background-image":"","background-repeat":"repeat","background-position":"center center","background-size":"auto","background-attachment":"scroll","background-type":"","background-media":"","overlay-type":"","overlay-color":"","overlay-opacity":"","overlay-gradient":""}},"ast-content-background-meta":{"desktop":{"background-color":"var(--ast-global-color-5)","background-image":"","background-repeat":"repeat","background-position":"center center","background-size":"auto","background-attachment":"scroll","background-type":"","background-media":"","overlay-type":"","overlay-color":"","overlay-opacity":"","overlay-gradient":""},"tablet":{"background-color":"var(--ast-global-color-5)","background-image":"","background-repeat":"repeat","background-position":"center center","background-size":"auto","background-attachment":"scroll","background-type":"","background-media":"","overlay-type":"","overlay-color":"","overlay-opacity":"","overlay-gradient":""},"mobile":{"background-color":"var(--ast-global-color-5)","background-image":"","background-repeat":"repeat","background-position":"center center","background-size":"auto","background-attachment":"scroll","background-type":"","background-media":"","overlay-type":"","overlay-color":"","overlay-opacity":"","overlay-gradient":""}},"footnotes":""},"class_list":["post-73","page","type-page","status-publish","hentry"],"yoast_head":"<!-- This site is optimized with the Yoast SEO plugin v27.5 - https:\/\/yoast.com\/product\/yoast-seo-wordpress\/ -->\n<title>Paint Up - \u0160IOV - \u0161t\u00e1tny in\u0161tit\u00fat odborn\u00e9ho vzdel\u00e1vania<\/title>\n<meta name=\"robots\" content=\"index, follow, max-snippet:-1, max-image-preview:large, max-video-preview:-1\" \/>\n<link rel=\"canonical\" href=\"https:\/\/archiv.siov.sk\/en\/medzinarodna-spolupraca\/medzinarodne-projekty\/paint-up\/\" \/>\n<meta property=\"og:locale\" content=\"en_GB\" \/>\n<meta property=\"og:type\" content=\"article\" \/>\n<meta property=\"og:title\" content=\"Paint Up - \u0160IOV - \u0161t\u00e1tny in\u0161tit\u00fat odborn\u00e9ho vzdel\u00e1vania\" \/>\n<meta property=\"og:description\" content=\"Paint Up \u0160t\u00e1tny in\u0161tit\u00fat odborn\u00e9ho vzdel\u00e1vania vst\u00fapil do nov\u00e9ho medzin\u00e1rodn\u00e9ho partnerstva zameran\u00e9ho na realiz\u00e1ciu&nbsp; projektu Paint Up. Projektov\u00e9 partnerstvo tvoria: Celoeur\u00f3pska asoci\u00e1cia maliarov UNIEP, Luxembursko &#8211; hlavn\u00fd koordin\u00e1tor projektov\u00fdch aktiv\u00edt a organiz\u00e1cie p\u00f4sobiace v&nbsp;oblasti odborn\u00e9ho vzdel\u00e1vania v&nbsp;stavebn\u00fdch a&nbsp;maliarskych povolaniach a&nbsp;to v&nbsp;\u0161kolskom ale aj zamestn\u00e1vate\u013eskom sektore: IFAPME \u2013 Belgicko, CCCA-BTP \u2013 Franc\u00fazsko, IMANOVA \u2013 Portugalsko DONCASTER [&hellip;]\" \/>\n<meta property=\"og:url\" content=\"https:\/\/archiv.siov.sk\/en\/medzinarodna-spolupraca\/medzinarodne-projekty\/paint-up\/\" \/>\n<meta property=\"og:site_name\" content=\"\u0160IOV - \u0161t\u00e1tny in\u0161tit\u00fat odborn\u00e9ho vzdel\u00e1vania\" \/>\n<meta property=\"article:publisher\" content=\"https:\/\/www.facebook.com\/Statnyinstitutodbornehovzdelavania\" \/>\n<meta property=\"article:modified_time\" content=\"2021-07-23T05:45:08+00:00\" \/>\n<meta name=\"twitter:card\" content=\"summary_large_image\" \/>\n<meta name=\"twitter:label1\" content=\"Estimated reading time\" \/>\n\t<meta name=\"twitter:data1\" content=\"1 minute\" \/>\n<script type=\"application\/ld+json\" class=\"yoast-schema-graph\">{\"@context\":\"https:\\\/\\\/schema.org\",\"@graph\":[{\"@type\":\"WebPage\",\"@id\":\"https:\\\/\\\/archiv.siov.sk\\\/medzinarodna-spolupraca\\\/medzinarodne-projekty\\\/paint-up\\\/\",\"url\":\"https:\\\/\\\/archiv.siov.sk\\\/medzinarodna-spolupraca\\\/medzinarodne-projekty\\\/paint-up\\\/\",\"name\":\"Paint Up - \u0160IOV - \u0161t\u00e1tny in\u0161tit\u00fat odborn\u00e9ho vzdel\u00e1vania\",\"isPartOf\":{\"@id\":\"https:\\\/\\\/archiv.siov.sk\\\/#website\"},\"datePublished\":\"2019-01-25T09:16:03+00:00\",\"dateModified\":\"2021-07-23T05:45:08+00:00\",\"breadcrumb\":{\"@id\":\"https:\\\/\\\/archiv.siov.sk\\\/medzinarodna-spolupraca\\\/medzinarodne-projekty\\\/paint-up\\\/#breadcrumb\"},\"inLanguage\":\"en-GB\",\"potentialAction\":[{\"@type\":\"ReadAction\",\"target\":[\"https:\\\/\\\/archiv.siov.sk\\\/medzinarodna-spolupraca\\\/medzinarodne-projekty\\\/paint-up\\\/\"]}]},{\"@type\":\"BreadcrumbList\",\"@id\":\"https:\\\/\\\/archiv.siov.sk\\\/medzinarodna-spolupraca\\\/medzinarodne-projekty\\\/paint-up\\\/#breadcrumb\",\"itemListElement\":[{\"@type\":\"ListItem\",\"position\":1,\"name\":\"Home\",\"item\":\"https:\\\/\\\/archiv.siov.sk\\\/\"},{\"@type\":\"ListItem\",\"position\":2,\"name\":\"Medzin\u00e1rodn\u00e1 spolupr\u00e1ca\",\"item\":\"https:\\\/\\\/archiv.siov.sk\\\/en\\\/medzinarodna-spolupraca\\\/\"},{\"@type\":\"ListItem\",\"position\":3,\"name\":\"Medzin\u00e1rodn\u00e9 projekty\",\"item\":\"https:\\\/\\\/archiv.siov.sk\\\/medzinarodna-spolupraca\\\/medzinarodne-projekty\\\/\"},{\"@type\":\"ListItem\",\"position\":4,\"name\":\"Paint Up\"}]},{\"@type\":\"WebSite\",\"@id\":\"https:\\\/\\\/archiv.siov.sk\\\/#website\",\"url\":\"https:\\\/\\\/archiv.siov.sk\\\/\",\"name\":\"\u0160IOV - \u0161t\u00e1tny in\u0161tit\u00fat odborn\u00e9ho vzdel\u00e1vania\",\"description\":\"\",\"publisher\":{\"@id\":\"https:\\\/\\\/archiv.siov.sk\\\/#organization\"},\"potentialAction\":[{\"@type\":\"SearchAction\",\"target\":{\"@type\":\"EntryPoint\",\"urlTemplate\":\"https:\\\/\\\/archiv.siov.sk\\\/?s={search_term_string}\"},\"query-input\":{\"@type\":\"PropertyValueSpecification\",\"valueRequired\":true,\"valueName\":\"search_term_string\"}}],\"inLanguage\":\"en-GB\"},{\"@type\":\"Organization\",\"@id\":\"https:\\\/\\\/archiv.siov.sk\\\/#organization\",\"name\":\"\u0160IOV - \u0161t\u00e1tny in\u0161tit\u00fat odborn\u00e9ho vzdel\u00e1vania\",\"url\":\"https:\\\/\\\/archiv.siov.sk\\\/\",\"logo\":{\"@type\":\"ImageObject\",\"inLanguage\":\"en-GB\",\"@id\":\"https:\\\/\\\/archiv.siov.sk\\\/#\\\/schema\\\/logo\\\/image\\\/\",\"url\":\"https:\\\/\\\/archiv.siov.sk\\\/wp-content\\\/uploads\\\/2024\\\/02\\\/logo-SIOV.png\",\"contentUrl\":\"https:\\\/\\\/archiv.siov.sk\\\/wp-content\\\/uploads\\\/2024\\\/02\\\/logo-SIOV.png\",\"width\":431,\"height\":143,\"caption\":\"\u0160IOV - \u0161t\u00e1tny in\u0161tit\u00fat odborn\u00e9ho vzdel\u00e1vania\"},\"image\":{\"@id\":\"https:\\\/\\\/archiv.siov.sk\\\/#\\\/schema\\\/logo\\\/image\\\/\"},\"sameAs\":[\"https:\\\/\\\/www.facebook.com\\\/Statnyinstitutodbornehovzdelavania\"]}]}<\/script>\n<!-- \/ Yoast SEO plugin. -->","yoast_head_json":{"title":"Paint Up - \u0160IOV - \u0161t\u00e1tny in\u0161tit\u00fat odborn\u00e9ho vzdel\u00e1vania","robots":{"index":"index","follow":"follow","max-snippet":"max-snippet:-1","max-image-preview":"max-image-preview:large","max-video-preview":"max-video-preview:-1"},"canonical":"https:\/\/archiv.siov.sk\/en\/medzinarodna-spolupraca\/medzinarodne-projekty\/paint-up\/","og_locale":"en_GB","og_type":"article","og_title":"Paint Up - \u0160IOV - \u0161t\u00e1tny in\u0161tit\u00fat odborn\u00e9ho vzdel\u00e1vania","og_description":"Paint Up \u0160t\u00e1tny in\u0161tit\u00fat odborn\u00e9ho vzdel\u00e1vania vst\u00fapil do nov\u00e9ho medzin\u00e1rodn\u00e9ho partnerstva zameran\u00e9ho na realiz\u00e1ciu&nbsp; projektu Paint Up. Projektov\u00e9 partnerstvo tvoria: Celoeur\u00f3pska asoci\u00e1cia maliarov UNIEP, Luxembursko &#8211; hlavn\u00fd koordin\u00e1tor projektov\u00fdch aktiv\u00edt a organiz\u00e1cie p\u00f4sobiace v&nbsp;oblasti odborn\u00e9ho vzdel\u00e1vania v&nbsp;stavebn\u00fdch a&nbsp;maliarskych povolaniach a&nbsp;to v&nbsp;\u0161kolskom ale aj zamestn\u00e1vate\u013eskom sektore: IFAPME \u2013 Belgicko, CCCA-BTP \u2013 Franc\u00fazsko, IMANOVA \u2013 Portugalsko DONCASTER [&hellip;]","og_url":"https:\/\/archiv.siov.sk\/en\/medzinarodna-spolupraca\/medzinarodne-projekty\/paint-up\/","og_site_name":"\u0160IOV - \u0161t\u00e1tny in\u0161tit\u00fat odborn\u00e9ho vzdel\u00e1vania","article_publisher":"https:\/\/www.facebook.com\/Statnyinstitutodbornehovzdelavania","article_modified_time":"2021-07-23T05:45:08+00:00","twitter_card":"summary_large_image","twitter_misc":{"Estimated reading time":"1 minute"},"schema":{"@context":"https:\/\/schema.org","@graph":[{"@type":"WebPage","@id":"https:\/\/archiv.siov.sk\/medzinarodna-spolupraca\/medzinarodne-projekty\/paint-up\/","url":"https:\/\/archiv.siov.sk\/medzinarodna-spolupraca\/medzinarodne-projekty\/paint-up\/","name":"Paint Up - \u0160IOV - \u0161t\u00e1tny in\u0161tit\u00fat odborn\u00e9ho vzdel\u00e1vania","isPartOf":{"@id":"https:\/\/archiv.siov.sk\/#website"},"datePublished":"2019-01-25T09:16:03+00:00","dateModified":"2021-07-23T05:45:08+00:00","breadcrumb":{"@id":"https:\/\/archiv.siov.sk\/medzinarodna-spolupraca\/medzinarodne-projekty\/paint-up\/#breadcrumb"},"inLanguage":"en-GB","potentialAction":[{"@type":"ReadAction","target":["https:\/\/archiv.siov.sk\/medzinarodna-spolupraca\/medzinarodne-projekty\/paint-up\/"]}]},{"@type":"BreadcrumbList","@id":"https:\/\/archiv.siov.sk\/medzinarodna-spolupraca\/medzinarodne-projekty\/paint-up\/#breadcrumb","itemListElement":[{"@type":"ListItem","position":1,"name":"Home","item":"https:\/\/archiv.siov.sk\/"},{"@type":"ListItem","position":2,"name":"Medzin\u00e1rodn\u00e1 spolupr\u00e1ca","item":"https:\/\/archiv.siov.sk\/en\/medzinarodna-spolupraca\/"},{"@type":"ListItem","position":3,"name":"Medzin\u00e1rodn\u00e9 projekty","item":"https:\/\/archiv.siov.sk\/medzinarodna-spolupraca\/medzinarodne-projekty\/"},{"@type":"ListItem","position":4,"name":"Paint Up"}]},{"@type":"WebSite","@id":"https:\/\/archiv.siov.sk\/#website","url":"https:\/\/archiv.siov.sk\/","name":"\u0160IOV - \u0161t\u00e1tny in\u0161tit\u00fat odborn\u00e9ho vzdel\u00e1vania","description":"","publisher":{"@id":"https:\/\/archiv.siov.sk\/#organization"},"potentialAction":[{"@type":"SearchAction","target":{"@type":"EntryPoint","urlTemplate":"https:\/\/archiv.siov.sk\/?s={search_term_string}"},"query-input":{"@type":"PropertyValueSpecification","valueRequired":true,"valueName":"search_term_string"}}],"inLanguage":"en-GB"},{"@type":"Organization","@id":"https:\/\/archiv.siov.sk\/#organization","name":"\u0160IOV - \u0161t\u00e1tny in\u0161tit\u00fat odborn\u00e9ho vzdel\u00e1vania","url":"https:\/\/archiv.siov.sk\/","logo":{"@type":"ImageObject","inLanguage":"en-GB","@id":"https:\/\/archiv.siov.sk\/#\/schema\/logo\/image\/","url":"https:\/\/archiv.siov.sk\/wp-content\/uploads\/2024\/02\/logo-SIOV.png","contentUrl":"https:\/\/archiv.siov.sk\/wp-content\/uploads\/2024\/02\/logo-SIOV.png","width":431,"height":143,"caption":"\u0160IOV - \u0161t\u00e1tny in\u0161tit\u00fat odborn\u00e9ho vzdel\u00e1vania"},"image":{"@id":"https:\/\/archiv.siov.sk\/#\/schema\/logo\/image\/"},"sameAs":["https:\/\/www.facebook.com\/Statnyinstitutodbornehovzdelavania"]}]}},"_links":{"self":[{"href":"https:\/\/archiv.siov.sk\/en\/wp-json\/wp\/v2\/pages\/73","targetHints":{"allow":["GET"]}}],"collection":[{"href":"https:\/\/archiv.siov.sk\/en\/wp-json\/wp\/v2\/pages"}],"about":[{"href":"https:\/\/archiv.siov.sk\/en\/wp-json\/wp\/v2\/types\/page"}],"author":[{"embeddable":true,"href":"https:\/\/archiv.siov.sk\/en\/wp-json\/wp\/v2\/users\/1"}],"replies":[{"embeddable":true,"href":"https:\/\/archiv.siov.sk\/en\/wp-json\/wp\/v2\/comments?post=73"}],"version-history":[{"count":7,"href":"https:\/\/archiv.siov.sk\/en\/wp-json\/wp\/v2\/pages\/73\/revisions"}],"predecessor-version":[{"id":8732,"href":"https:\/\/archiv.siov.sk\/en\/wp-json\/wp\/v2\/pages\/73\/revisions\/8732"}],"up":[{"embeddable":true,"href":"https:\/\/archiv.siov.sk\/en\/wp-json\/wp\/v2\/pages\/67"}],"wp:attachment":[{"href":"https:\/\/archiv.siov.sk\/en\/wp-json\/wp\/v2\/media?parent=73"}],"curies":[{"name":"wp","href":"https:\/\/api.w.org\/{rel}","templated":true}]}}