{"id":7185,"date":"2021-02-02T10:33:10","date_gmt":"2021-02-02T09:33:10","guid":{"rendered":"https:\/\/archiv.siov.sk\/?page_id=7185"},"modified":"2021-02-02T10:33:10","modified_gmt":"2021-02-02T09:33:10","slug":"kontakty-k-svp","status":"publish","type":"page","link":"https:\/\/archiv.siov.sk\/en\/kontakty-k-svp\/","title":{"rendered":"Kontakty k \u0160VP"},"content":{"rendered":"<div class=\"so-widget-sow-editor so-widget-sow-editor-base\">\n<h3 class=\"widget-title\">Department of Curriculum Policy and Educational Programmes<\/h3>\n<div class=\"siteorigin-widget-tinymce textwidget\">\n<div class=\"siteorigin-widget-tinymce textwidget\"><strong>Ing. Michaela \u010eur\u010dekov\u00e1, PhD. (ved\u00faca odboru)<\/strong> \u2013&nbsp;&nbsp;<a href=\"mailto:michaela.durcekova@siov.sk\">michaela.durcekova@siov.sk<\/a>&nbsp;&nbsp;0911 976&nbsp;793<\/div>\n<\/div>\n<\/div>\n<p>Zodpovedn\u00e1 za skupiny odborov:<br \/>\n&#8211; 25 Informa\u010dn\u00e9 a komunika\u010dn\u00e9 technol\u00f3gie<br \/>\n&#8211; 74 Telesn\u00e1 kult\u00fara a \u0161port<br \/>\nInform\u00e1cie o&nbsp;skupin\u00e1ch odborov:<br \/>\n&#8211; 11 Fyzik\u00e1lno-matematick\u00e9 vedy<br \/>\n&#8211; 21 Ban\u00edctvo, geol\u00f3gia a geotechnika<br \/>\n&#8211; 22 Hutn\u00edctvo<br \/>\n&#8211; 23, 24 Stroj\u00e1rstvo a ostatn\u00e1 kovosprac\u00favacia v\u00fdroba I, II<br \/>\n&#8211; 26 Elektrotechnika<br \/>\n&#8211; 31 Textil a odevn\u00edctvo<br \/>\n&#8211; 32 Sprac\u00favanie ko\u017ee, ko\u017eu\u0161\u00edn a v\u00fdroba obuvi<br \/>\n&#8211; 34 Polygrafia a m\u00e9di\u00e1<br \/>\n&#8211; 37 Doprava, po\u0161ty a telekomunik\u00e1cie<br \/>\n&#8211; 39 \u0160peci\u00e1lne technick\u00e9 odbory<\/p>\n<p><strong>Mgr. art. \u013dudmila Ghill\u00e1ny<\/strong> \u2013&nbsp;<a href=\"mailto:ludmila.ghillany@siov.sk\">ludmila.ghillany@siov.sk<\/a><br \/>\nZodpovedn\u00e1 za skupiny odborov:<br \/>\n&#8211; 82 Umenie a umeleckoremeseln\u00e1 tvorba \u2013 Konzervat\u00f3ri\u00e1<\/p>\n<p><strong>Mgr. art. Gabriel Ha\u0161\u010d\u00e1k<\/strong> \u2013&nbsp;&nbsp;<a href=\"mailto:gabriel.hascak@siov.sk\">gabriel.hascak@siov.sk<\/a><br \/>\nZodpovedn\u00fd za skupiny odborov:<br \/>\n&#8211; 82, 85 Umenie a umeleckoremeseln\u00e1 tvorba I, II<br \/>\n&#8211; 86 Umenie a umeleckoremeseln\u00e1 tvorba III<\/p>\n<p><strong>RNDr. M\u00e1ria Hru\u0161ovsk\u00e1<\/strong> \u2013&nbsp;&nbsp;<a href=\"mailto:maria.hrusovska@siov.sk\">maria.hrusovska@siov.sk<\/a>&nbsp;&nbsp;0911 550&nbsp;343<br \/>\nZodpovedn\u00e1 za skupiny odborov:<br \/>\n&#8211; 68 Pr\u00e1vne vedy<br \/>\n&#8211; 75 Pedagogick\u00e9 vedy<br \/>\n&#8211; 76 U\u010dite\u013estvo<\/p>\n<p><strong>Ing. Ren\u00e1ta Majern\u00edkov\u00e1, PhD.<\/strong> \u2013&nbsp;&nbsp;<a href=\"mailto:renata.majernikova@siov.sk\">renata.majernikova@siov.sk<\/a>&nbsp;&nbsp;0910 925&nbsp;114<br \/>\nZodpovedn\u00e1 za skupiny odborov:<br \/>\n&#8211; 42, 45 Po\u013enohospod\u00e1rstvo, lesn\u00e9 hospod\u00e1rstvo a rozvoj vidieka I, II<br \/>\n&#8211; 43 Veterin\u00e1rske vedy<\/p>\n<p><strong>Ing. Andrea Palkovi\u010dov\u00e1<\/strong> \u2013&nbsp;&nbsp;<a href=\"mailto:andrea.palkovicova@siov.sk\">andrea.palkovicova@siov.sk<\/a>&nbsp;&nbsp;0911 550&nbsp;343<br \/>\nZodpovedn\u00e1 za skupiny odborov:<br \/>\n&#8211; 33 Sprac\u00favanie dreva<br \/>\n&#8211; 36 Stavebn\u00edctvo, geod\u00e9zia a kartografia<\/p>\n<p><strong>PaedDr. Peter Sol\u00e1rik<\/strong> \u2013&nbsp;&nbsp;<a href=\"mailto:peter.solarik@siov.sk\">peter.solarik@siov.sk<\/a>&nbsp;&nbsp;0903 469&nbsp;098<br \/>\nZodpovedn\u00fd za skupiny odborov:<br \/>\n&#8211; 62, 63, 64 Ekonomika a organiz\u00e1cia, obchod a slu\u017eby I, II<br \/>\n&#8211; 72 Publicistika, knihovn\u00edctvo a vedeck\u00e9 inform\u00e1cie<br \/>\n&#8211; 92 Bezpe\u010dnostn\u00e9 slu\u017eby (M\u0160VV\u0160 SR)<\/p>\n<p><strong>Ing. Viera \u017datkovi\u010dov\u00e1<\/strong> \u2013&nbsp;&nbsp;&nbsp;<a href=\"mailto:viera.zatkovicova@siov.sk\">viera.zatkovicova@siov.sk<\/a>&nbsp;&nbsp;0911 550 343\/0910 925&nbsp;115<br \/>\nZodpovedn\u00e1 za skupiny odborov:<br \/>\n&#8211; 27 Technick\u00e1 ch\u00e9mia silik\u00e1tov<br \/>\n&#8211; 28 Technick\u00e1 a aplikovan\u00e1 ch\u00e9mia<br \/>\n&#8211; 29 Potravin\u00e1rstvo<\/p>\n<p><strong>Mgr. Tatiana Priesolov\u00e1<\/strong> \u2013&nbsp;&nbsp;<a href=\"mailto:tatiana.priesolova@siov.sk\">tatiana.priesolova@siov.sk&nbsp;<\/a>&nbsp;0903 920 466<br \/>\nZodpovedn\u00e1 za<br \/>\n&#8211; u\u010debnicov\u00fa politiku<br \/>\n&#8211; kontinu\u00e1lne vzdel\u00e1vanie<\/p>\n<p><strong>PhDr. Silvia Bielkov\u00e1<\/strong> \u2013&nbsp;&nbsp;<a href=\"mailto:silvia.bielkova@siov.sk\">silvia.bielkova@siov.sk&nbsp;&nbsp;<\/a><br \/>\n&#8211; podpora v oblasti u\u010debnicovej politiky<\/p>\n<h2>&nbsp;<\/h2>\n<div id=\"pl-152\" class=\"panel-layout\">\n<div id=\"pg-152-0\" class=\"panel-grid panel-no-style\" data-style=\"{&quot;background_image_attachment&quot;:false,&quot;background_display&quot;:&quot;tile&quot;,&quot;cell_alignment&quot;:&quot;flex-start&quot;}\" data-ratio=\"1\" data-ratio-direction=\"right\">\n<div id=\"pgc-152-0-0\" class=\"panel-grid-cell\" data-weight=\"0.5\">\n<div id=\"panel-152-0-0-0\" class=\"so-panel widget widget_sow-editor panel-first-child panel-last-child\" data-index=\"0\" data-style=\"{&quot;background_image_attachment&quot;:false,&quot;background_display&quot;:&quot;tile&quot;}\">\n<div class=\"so-widget-sow-editor so-widget-sow-editor-base\">\n<h3 class=\"widget-title\">Department of Financial Literacy, SCCF and Youth Guidance<\/h3>\n<div class=\"siteorigin-widget-tinymce textwidget\"><strong>Ing. Gabriela Horeck\u00e1 (ved\u00faca odboru)<\/strong> \u2013&nbsp; <a href=\"mailto:gabriela.horecka@siov.sk\">gabriela.horecka@siov.sk&nbsp;<\/a>&nbsp;0911 469&nbsp;691<br \/>\nZodpovedn\u00e1 za:<br \/>\n&#8211; problematiku finan\u010dnej gramotnosti<br \/>\n&#8211; Slovensk\u00e9 centrum cvi\u010dn\u00fdch firiem&nbsp;<\/div>\n<div>&nbsp;<\/div>\n<div class=\"siteorigin-widget-tinymce textwidget\"><strong>Ing. Vlasta P\u00fachovsk\u00e1<\/strong> \u2013&nbsp; <a href=\"mailto:vlasta.puchovska@siov.sk\">vlasta.puchovska@siov.sk<\/a> 0911 469&nbsp;690<br \/>\nZodpovedn\u00e1 za:<br \/>\n&#8211; organiz\u00e1ciu s\u00fa\u0165a\u017e\u00ed a pr\u00e1cu s talentovanou ml\u00e1de\u017eou<\/div>\n<div>&nbsp;<\/div>\n<div class=\"siteorigin-widget-tinymce textwidget\"><strong>Mgr. Marta Maru\u0161incov\u00e1<\/strong> \u2013&nbsp; <a href=\"mailto:marta.marusincova@siov.sk\">marta.marusincova@siov.sk<\/a> 0911 550&nbsp;121<br \/>\nZodpovedn\u00e1 za:<br \/>\n&#8211; problematiku finan\u010dnej gramotnosti<br \/>\n&#8211; Slovensk\u00e9 centrum cvi\u010dn\u00fdch firiem<\/div>\n<div>&nbsp;<\/div>\n<div class=\"siteorigin-widget-tinymce textwidget\"><strong>Ing. Daniel \u0147arja\u0161<\/strong> \u2013&nbsp; <a href=\"mailto:daniel.narjas@siov.sk\">daniel.narjas@siov.sk<\/a><br \/>\nZodpovedn\u00fd za:<br \/>\n&#8211; problematiku finan\u010dnej gramotnosti<br \/>\n&#8211; Slovensk\u00e9 centrum cvi\u010dn\u00fdch firiem<\/div>\n<div>&nbsp;<\/div>\n<div class=\"siteorigin-widget-tinymce textwidget\"><strong>Ing. Ladislav \u0160atka<\/strong> \u2013&nbsp; <a href=\"mailto:ladislav.satka@siov.sk\">ladislav.satka@siov.sk<\/a> 0903 469&nbsp;766<br \/>\nZodpovedn\u00fd za:<br \/>\n&#8211; medzin\u00e1rodn\u00fa projektov\u00fa \u010dinnos\u0165<\/div>\n<\/div>\n<\/div>\n<\/div>\n<\/div>\n<\/div>","protected":false},"excerpt":{"rendered":"<p>Odbor kurikul\u00e1rnej politiky a&nbsp;vzdel\u00e1vac\u00edch programov Ing. Michaela \u010eur\u010dekov\u00e1, PhD. (ved\u00faca odboru) \u2013&nbsp;&nbsp;michaela.durcekova@siov.sk&nbsp;&nbsp;0911 976&nbsp;793 Zodpovedn\u00e1 za skupiny odborov: &#8211; 25 Informa\u010dn\u00e9 a komunika\u010dn\u00e9 technol\u00f3gie &#8211; 74 Telesn\u00e1 kult\u00fara a \u0161port Inform\u00e1cie o&nbsp;skupin\u00e1ch odborov: &#8211; 11 Fyzik\u00e1lno-matematick\u00e9 vedy &#8211; 21 Ban\u00edctvo, geol\u00f3gia a geotechnika &#8211; 22 Hutn\u00edctvo &#8211; 23, 24 Stroj\u00e1rstvo a ostatn\u00e1 kovosprac\u00favacia v\u00fdroba I, II [&hellip;]<\/p>\n","protected":false},"author":4,"featured_media":0,"parent":0,"menu_order":0,"comment_status":"closed","ping_status":"closed","template":"","meta":{"site-sidebar-layout":"default","site-content-layout":"","ast-site-content-layout":"default","site-content-style":"default","site-sidebar-style":"default","ast-global-header-display":"","ast-banner-title-visibility":"","ast-main-header-display":"","ast-hfb-above-header-display":"","ast-hfb-below-header-display":"","ast-hfb-mobile-header-display":"","site-post-title":"","ast-breadcrumbs-content":"","ast-featured-img":"","footer-sml-layout":"","ast-disable-related-posts":"","theme-transparent-header-meta":"","adv-header-id-meta":"","stick-header-meta":"","header-above-stick-meta":"","header-main-stick-meta":"","header-below-stick-meta":"","astra-migrate-meta-layouts":"default","ast-page-background-enabled":"default","ast-page-background-meta":{"desktop":{"background-color":"var(--ast-global-color-4)","background-image":"","background-repeat":"repeat","background-position":"center center","background-size":"auto","background-attachment":"scroll","background-type":"","background-media":"","overlay-type":"","overlay-color":"","overlay-opacity":"","overlay-gradient":""},"tablet":{"background-color":"","background-image":"","background-repeat":"repeat","background-position":"center center","background-size":"auto","background-attachment":"scroll","background-type":"","background-media":"","overlay-type":"","overlay-color":"","overlay-opacity":"","overlay-gradient":""},"mobile":{"background-color":"","background-image":"","background-repeat":"repeat","background-position":"center center","background-size":"auto","background-attachment":"scroll","background-type":"","background-media":"","overlay-type":"","overlay-color":"","overlay-opacity":"","overlay-gradient":""}},"ast-content-background-meta":{"desktop":{"background-color":"var(--ast-global-color-5)","background-image":"","background-repeat":"repeat","background-position":"center center","background-size":"auto","background-attachment":"scroll","background-type":"","background-media":"","overlay-type":"","overlay-color":"","overlay-opacity":"","overlay-gradient":""},"tablet":{"background-color":"var(--ast-global-color-5)","background-image":"","background-repeat":"repeat","background-position":"center center","background-size":"auto","background-attachment":"scroll","background-type":"","background-media":"","overlay-type":"","overlay-color":"","overlay-opacity":"","overlay-gradient":""},"mobile":{"background-color":"var(--ast-global-color-5)","background-image":"","background-repeat":"repeat","background-position":"center center","background-size":"auto","background-attachment":"scroll","background-type":"","background-media":"","overlay-type":"","overlay-color":"","overlay-opacity":"","overlay-gradient":""}},"footnotes":""},"class_list":["post-7185","page","type-page","status-publish","hentry"],"yoast_head":"<!-- This site is optimized with the Yoast SEO plugin v27.5 - https:\/\/yoast.com\/product\/yoast-seo-wordpress\/ -->\n<title>Kontakty k \u0160VP - \u0160IOV - \u0161t\u00e1tny in\u0161tit\u00fat odborn\u00e9ho vzdel\u00e1vania<\/title>\n<meta name=\"robots\" content=\"index, follow, max-snippet:-1, max-image-preview:large, max-video-preview:-1\" \/>\n<link rel=\"canonical\" href=\"https:\/\/archiv.siov.sk\/en\/kontakty-k-svp\/\" \/>\n<meta property=\"og:locale\" content=\"en_GB\" \/>\n<meta property=\"og:type\" content=\"article\" \/>\n<meta property=\"og:title\" content=\"Kontakty k \u0160VP - \u0160IOV - \u0161t\u00e1tny in\u0161tit\u00fat odborn\u00e9ho vzdel\u00e1vania\" \/>\n<meta property=\"og:description\" content=\"Odbor kurikul\u00e1rnej politiky a&nbsp;vzdel\u00e1vac\u00edch programov Ing. Michaela \u010eur\u010dekov\u00e1, PhD. (ved\u00faca odboru) \u2013&nbsp;&nbsp;michaela.durcekova@siov.sk&nbsp;&nbsp;0911 976&nbsp;793 Zodpovedn\u00e1 za skupiny odborov: &#8211; 25 Informa\u010dn\u00e9 a komunika\u010dn\u00e9 technol\u00f3gie &#8211; 74 Telesn\u00e1 kult\u00fara a \u0161port Inform\u00e1cie o&nbsp;skupin\u00e1ch odborov: &#8211; 11 Fyzik\u00e1lno-matematick\u00e9 vedy &#8211; 21 Ban\u00edctvo, geol\u00f3gia a geotechnika &#8211; 22 Hutn\u00edctvo &#8211; 23, 24 Stroj\u00e1rstvo a ostatn\u00e1 kovosprac\u00favacia v\u00fdroba I, II [&hellip;]\" \/>\n<meta property=\"og:url\" content=\"https:\/\/archiv.siov.sk\/en\/kontakty-k-svp\/\" \/>\n<meta property=\"og:site_name\" content=\"\u0160IOV - \u0161t\u00e1tny in\u0161tit\u00fat odborn\u00e9ho vzdel\u00e1vania\" \/>\n<meta property=\"article:publisher\" content=\"https:\/\/www.facebook.com\/Statnyinstitutodbornehovzdelavania\" \/>\n<meta name=\"twitter:card\" content=\"summary_large_image\" \/>\n<meta name=\"twitter:label1\" content=\"Estimated reading time\" \/>\n\t<meta name=\"twitter:data1\" content=\"2 minutes\" \/>\n<script type=\"application\/ld+json\" class=\"yoast-schema-graph\">{\"@context\":\"https:\\\/\\\/schema.org\",\"@graph\":[{\"@type\":\"WebPage\",\"@id\":\"https:\\\/\\\/archiv.siov.sk\\\/kontakty-k-svp\\\/\",\"url\":\"https:\\\/\\\/archiv.siov.sk\\\/kontakty-k-svp\\\/\",\"name\":\"Kontakty k \u0160VP - \u0160IOV - \u0161t\u00e1tny in\u0161tit\u00fat odborn\u00e9ho vzdel\u00e1vania\",\"isPartOf\":{\"@id\":\"https:\\\/\\\/archiv.siov.sk\\\/#website\"},\"datePublished\":\"2021-02-02T09:33:10+00:00\",\"breadcrumb\":{\"@id\":\"https:\\\/\\\/archiv.siov.sk\\\/kontakty-k-svp\\\/#breadcrumb\"},\"inLanguage\":\"en-GB\",\"potentialAction\":[{\"@type\":\"ReadAction\",\"target\":[\"https:\\\/\\\/archiv.siov.sk\\\/kontakty-k-svp\\\/\"]}]},{\"@type\":\"BreadcrumbList\",\"@id\":\"https:\\\/\\\/archiv.siov.sk\\\/kontakty-k-svp\\\/#breadcrumb\",\"itemListElement\":[{\"@type\":\"ListItem\",\"position\":1,\"name\":\"Home\",\"item\":\"https:\\\/\\\/archiv.siov.sk\\\/\"},{\"@type\":\"ListItem\",\"position\":2,\"name\":\"Kontakty k \u0160VP\"}]},{\"@type\":\"WebSite\",\"@id\":\"https:\\\/\\\/archiv.siov.sk\\\/#website\",\"url\":\"https:\\\/\\\/archiv.siov.sk\\\/\",\"name\":\"\u0160IOV - \u0161t\u00e1tny in\u0161tit\u00fat odborn\u00e9ho vzdel\u00e1vania\",\"description\":\"\",\"publisher\":{\"@id\":\"https:\\\/\\\/archiv.siov.sk\\\/#organization\"},\"potentialAction\":[{\"@type\":\"SearchAction\",\"target\":{\"@type\":\"EntryPoint\",\"urlTemplate\":\"https:\\\/\\\/archiv.siov.sk\\\/?s={search_term_string}\"},\"query-input\":{\"@type\":\"PropertyValueSpecification\",\"valueRequired\":true,\"valueName\":\"search_term_string\"}}],\"inLanguage\":\"en-GB\"},{\"@type\":\"Organization\",\"@id\":\"https:\\\/\\\/archiv.siov.sk\\\/#organization\",\"name\":\"\u0160IOV - \u0161t\u00e1tny in\u0161tit\u00fat odborn\u00e9ho vzdel\u00e1vania\",\"url\":\"https:\\\/\\\/archiv.siov.sk\\\/\",\"logo\":{\"@type\":\"ImageObject\",\"inLanguage\":\"en-GB\",\"@id\":\"https:\\\/\\\/archiv.siov.sk\\\/#\\\/schema\\\/logo\\\/image\\\/\",\"url\":\"https:\\\/\\\/archiv.siov.sk\\\/wp-content\\\/uploads\\\/2024\\\/02\\\/logo-SIOV.png\",\"contentUrl\":\"https:\\\/\\\/archiv.siov.sk\\\/wp-content\\\/uploads\\\/2024\\\/02\\\/logo-SIOV.png\",\"width\":431,\"height\":143,\"caption\":\"\u0160IOV - \u0161t\u00e1tny in\u0161tit\u00fat odborn\u00e9ho vzdel\u00e1vania\"},\"image\":{\"@id\":\"https:\\\/\\\/archiv.siov.sk\\\/#\\\/schema\\\/logo\\\/image\\\/\"},\"sameAs\":[\"https:\\\/\\\/www.facebook.com\\\/Statnyinstitutodbornehovzdelavania\"]}]}<\/script>\n<!-- \/ Yoast SEO plugin. -->","yoast_head_json":{"title":"Kontakty k \u0160VP - \u0160IOV - \u0161t\u00e1tny in\u0161tit\u00fat odborn\u00e9ho vzdel\u00e1vania","robots":{"index":"index","follow":"follow","max-snippet":"max-snippet:-1","max-image-preview":"max-image-preview:large","max-video-preview":"max-video-preview:-1"},"canonical":"https:\/\/archiv.siov.sk\/en\/kontakty-k-svp\/","og_locale":"en_GB","og_type":"article","og_title":"Kontakty k \u0160VP - \u0160IOV - \u0161t\u00e1tny in\u0161tit\u00fat odborn\u00e9ho vzdel\u00e1vania","og_description":"Odbor kurikul\u00e1rnej politiky a&nbsp;vzdel\u00e1vac\u00edch programov Ing. Michaela \u010eur\u010dekov\u00e1, PhD. (ved\u00faca odboru) \u2013&nbsp;&nbsp;michaela.durcekova@siov.sk&nbsp;&nbsp;0911 976&nbsp;793 Zodpovedn\u00e1 za skupiny odborov: &#8211; 25 Informa\u010dn\u00e9 a komunika\u010dn\u00e9 technol\u00f3gie &#8211; 74 Telesn\u00e1 kult\u00fara a \u0161port Inform\u00e1cie o&nbsp;skupin\u00e1ch odborov: &#8211; 11 Fyzik\u00e1lno-matematick\u00e9 vedy &#8211; 21 Ban\u00edctvo, geol\u00f3gia a geotechnika &#8211; 22 Hutn\u00edctvo &#8211; 23, 24 Stroj\u00e1rstvo a ostatn\u00e1 kovosprac\u00favacia v\u00fdroba I, II [&hellip;]","og_url":"https:\/\/archiv.siov.sk\/en\/kontakty-k-svp\/","og_site_name":"\u0160IOV - \u0161t\u00e1tny in\u0161tit\u00fat odborn\u00e9ho vzdel\u00e1vania","article_publisher":"https:\/\/www.facebook.com\/Statnyinstitutodbornehovzdelavania","twitter_card":"summary_large_image","twitter_misc":{"Estimated reading time":"2 minutes"},"schema":{"@context":"https:\/\/schema.org","@graph":[{"@type":"WebPage","@id":"https:\/\/archiv.siov.sk\/kontakty-k-svp\/","url":"https:\/\/archiv.siov.sk\/kontakty-k-svp\/","name":"Kontakty k \u0160VP - \u0160IOV - \u0161t\u00e1tny in\u0161tit\u00fat odborn\u00e9ho vzdel\u00e1vania","isPartOf":{"@id":"https:\/\/archiv.siov.sk\/#website"},"datePublished":"2021-02-02T09:33:10+00:00","breadcrumb":{"@id":"https:\/\/archiv.siov.sk\/kontakty-k-svp\/#breadcrumb"},"inLanguage":"en-GB","potentialAction":[{"@type":"ReadAction","target":["https:\/\/archiv.siov.sk\/kontakty-k-svp\/"]}]},{"@type":"BreadcrumbList","@id":"https:\/\/archiv.siov.sk\/kontakty-k-svp\/#breadcrumb","itemListElement":[{"@type":"ListItem","position":1,"name":"Home","item":"https:\/\/archiv.siov.sk\/"},{"@type":"ListItem","position":2,"name":"Kontakty k \u0160VP"}]},{"@type":"WebSite","@id":"https:\/\/archiv.siov.sk\/#website","url":"https:\/\/archiv.siov.sk\/","name":"\u0160IOV - \u0161t\u00e1tny in\u0161tit\u00fat odborn\u00e9ho vzdel\u00e1vania","description":"","publisher":{"@id":"https:\/\/archiv.siov.sk\/#organization"},"potentialAction":[{"@type":"SearchAction","target":{"@type":"EntryPoint","urlTemplate":"https:\/\/archiv.siov.sk\/?s={search_term_string}"},"query-input":{"@type":"PropertyValueSpecification","valueRequired":true,"valueName":"search_term_string"}}],"inLanguage":"en-GB"},{"@type":"Organization","@id":"https:\/\/archiv.siov.sk\/#organization","name":"\u0160IOV - \u0161t\u00e1tny in\u0161tit\u00fat odborn\u00e9ho vzdel\u00e1vania","url":"https:\/\/archiv.siov.sk\/","logo":{"@type":"ImageObject","inLanguage":"en-GB","@id":"https:\/\/archiv.siov.sk\/#\/schema\/logo\/image\/","url":"https:\/\/archiv.siov.sk\/wp-content\/uploads\/2024\/02\/logo-SIOV.png","contentUrl":"https:\/\/archiv.siov.sk\/wp-content\/uploads\/2024\/02\/logo-SIOV.png","width":431,"height":143,"caption":"\u0160IOV - \u0161t\u00e1tny in\u0161tit\u00fat odborn\u00e9ho vzdel\u00e1vania"},"image":{"@id":"https:\/\/archiv.siov.sk\/#\/schema\/logo\/image\/"},"sameAs":["https:\/\/www.facebook.com\/Statnyinstitutodbornehovzdelavania"]}]}},"_links":{"self":[{"href":"https:\/\/archiv.siov.sk\/en\/wp-json\/wp\/v2\/pages\/7185","targetHints":{"allow":["GET"]}}],"collection":[{"href":"https:\/\/archiv.siov.sk\/en\/wp-json\/wp\/v2\/pages"}],"about":[{"href":"https:\/\/archiv.siov.sk\/en\/wp-json\/wp\/v2\/types\/page"}],"author":[{"embeddable":true,"href":"https:\/\/archiv.siov.sk\/en\/wp-json\/wp\/v2\/users\/4"}],"replies":[{"embeddable":true,"href":"https:\/\/archiv.siov.sk\/en\/wp-json\/wp\/v2\/comments?post=7185"}],"version-history":[{"count":1,"href":"https:\/\/archiv.siov.sk\/en\/wp-json\/wp\/v2\/pages\/7185\/revisions"}],"predecessor-version":[{"id":7186,"href":"https:\/\/archiv.siov.sk\/en\/wp-json\/wp\/v2\/pages\/7185\/revisions\/7186"}],"wp:attachment":[{"href":"https:\/\/archiv.siov.sk\/en\/wp-json\/wp\/v2\/media?parent=7185"}],"curies":[{"name":"wp","href":"https:\/\/api.w.org\/{rel}","templated":true}]}}