{"id":71,"date":"2019-01-25T10:15:39","date_gmt":"2019-01-25T09:15:39","guid":{"rendered":"http:\/\/archiv.siov.sk\/?page_id=71"},"modified":"2019-02-07T13:40:40","modified_gmt":"2019-02-07T12:40:40","slug":"painting-skills","status":"publish","type":"page","link":"https:\/\/archiv.siov.sk\/en\/medzinarodna-spolupraca\/medzinarodne-projekty\/painting-skills\/","title":{"rendered":"Painting Skills"},"content":{"rendered":"<p style=\"text-align: justify;\">\u0160t\u00e1tny in\u0161tit\u00fat odborn\u00e9ho vzdel\u00e1vania je dlhoro\u010dn\u00fdm partnerom Saskej vzdel\u00e1vacej organiz\u00e1cie (SBG) z Dr\u00e1\u017e\u010fan, s\u00a0ktorou realizoval viacero spolo\u010dn\u00fdch medzin\u00e1rodn\u00fdch projektov. Aktu\u00e1lna medzin\u00e1rodn\u00e1 spolupr\u00e1ca s\u00a0t\u00fdmto zahrani\u010dn\u00fdm partnerom prebieha realiz\u00e1ciou multilater\u00e1lneho projektu\u00a0zameran\u00e9ho na podporu odborn\u00e9ho vzdel\u00e1vania v\u00a0remeseln\u00fdch maliarskych profesi\u00e1ch: Painting Skills Network.<\/p>\n<blockquote><p>Cie\u013eom projektu je vyu\u017eit\u00edm eur\u00f3pskej metodiky ECVET vytvori\u0165 vzdel\u00e1vacie n\u00e1stroje v\u00a0podobe spolo\u010dne definovan\u00fdch \u201evzdel\u00e1vac\u00edch jednotiek\u201c vyu\u017eite\u013en\u00fdch\u00a0 vo vzdel\u00e1vac\u00edch procesoch v\u00a0r\u00e1mci form\u00e1lneho, neform\u00e1lneho a\u00a0\u010fal\u0161ieho vzdel\u00e1vania v\u00a0krajin\u00e1ch z\u00fa\u010dast\u0148uj\u00facich sa v\u00a0projekte a\u00a0cestou medzin\u00e1rodnej asoci\u00e1cie ENIEP zabezpe\u010di\u0165 ich transfer do ostatn\u00fdch eur\u00f3pskych kraj\u00edn.<\/p><\/blockquote>\n<p style=\"text-align: justify;\">Projekt podporuje vzdel\u00e1vacie aktivity aj organiz\u00e1ciou medzin\u00e1rodn\u00fdch metodick\u00fdch workshopov a\u00a0\u0161tudentsk\u00fdch campov.<\/p>\n<p style=\"text-align: justify;\">Projekt m\u00e1 charakter medzin\u00e1rodn\u00e9ho partnerstva a\u00a0je podporen\u00fd z\u00a0programu ERASMUS+ k\u013e\u00fa\u010dovej aktivity KA2.<\/p>\n<p><strong>Partneri projektu:<\/strong><\/p>\n<table>\n<tbody>\n<tr>\n<td>SRN<\/td>\n<td>S\u00e4chsische Bildungsgesellschaft f\u00fcr Umweltschutz und Chemieberufe Dresden mbH<br \/>\nFachverband Farbe Gestaltung Bautenschutz Sachsen<\/td>\n<\/tr>\n<tr>\n<td>EU<\/td>\n<td>Union internationale des entrepreneurs de peinture (UNIEP)<\/td>\n<\/tr>\n<tr>\n<td>\u010cesk\u00e1 republika<\/td>\n<td>St\u0159edn\u00ed \u0161kola stavebn\u00ed Teplice<br \/>\nCech mal\u00ed\u0159\u016f a lak\u00fdrn\u00edk\u016f \u010cR<\/td>\n<\/tr>\n<tr>\n<td>Litva<\/td>\n<td>Alytaus profesinio rengimo centras<\/td>\n<\/tr>\n<tr>\n<td>Slovensko<\/td>\n<td>State Vocational Education Institute<\/td>\n<\/tr>\n<tr>\n<td>Ma\u010farsko<\/td>\n<td>V\u00f6r\u00f6smarty Mih\u00e1ly Ipari Szakk\u00e9pz\u00f6 Iskola<\/td>\n<\/tr>\n<tr>\n<td>N\u00f3rsko<\/td>\n<td>NTI_MMM<\/td>\n<\/tr>\n<tr>\n<td>Belgicko<\/td>\n<td>Confederatie Bouw \u2013 Afwerking<\/td>\n<\/tr>\n<\/tbody>\n<\/table>\n<p>&nbsp;<\/p>\n<p><strong>Kontakt \u0160IOV:<\/strong> Ing. Ladislav \u0160atka, e-mail: <a href=\"mailto:ladislav.satka@siov.sk\">ladislav.satka@siov.sk<\/a><\/p>\n<p>Bli\u017e\u0161ie inform\u00e1cie: <a href=\"http:\/\/www.paintingskillsnetwork.eu\/de\/\">http:\/\/www.paintingskillsnetwork.eu\/de\/<\/a><\/p>","protected":false},"excerpt":{"rendered":"<p>\u0160t\u00e1tny in\u0161tit\u00fat odborn\u00e9ho vzdel\u00e1vania je dlhoro\u010dn\u00fdm partnerom Saskej vzdel\u00e1vacej organiz\u00e1cie (SBG) z Dr\u00e1\u017e\u010fan, s\u00a0ktorou realizoval viacero spolo\u010dn\u00fdch medzin\u00e1rodn\u00fdch projektov. Aktu\u00e1lna medzin\u00e1rodn\u00e1 spolupr\u00e1ca s\u00a0t\u00fdmto zahrani\u010dn\u00fdm partnerom prebieha realiz\u00e1ciou multilater\u00e1lneho projektu\u00a0zameran\u00e9ho na podporu odborn\u00e9ho vzdel\u00e1vania v\u00a0remeseln\u00fdch maliarskych profesi\u00e1ch: Painting Skills Network. Cie\u013eom projektu je vyu\u017eit\u00edm eur\u00f3pskej metodiky ECVET vytvori\u0165 vzdel\u00e1vacie n\u00e1stroje v\u00a0podobe spolo\u010dne definovan\u00fdch \u201evzdel\u00e1vac\u00edch jednotiek\u201c vyu\u017eite\u013en\u00fdch\u00a0 [&hellip;]<\/p>\n","protected":false},"author":1,"featured_media":0,"parent":67,"menu_order":0,"comment_status":"closed","ping_status":"closed","template":"","meta":{"site-sidebar-layout":"default","site-content-layout":"","ast-site-content-layout":"default","site-content-style":"default","site-sidebar-style":"default","ast-global-header-display":"","ast-banner-title-visibility":"","ast-main-header-display":"","ast-hfb-above-header-display":"","ast-hfb-below-header-display":"","ast-hfb-mobile-header-display":"","site-post-title":"","ast-breadcrumbs-content":"","ast-featured-img":"","footer-sml-layout":"","ast-disable-related-posts":"","theme-transparent-header-meta":"","adv-header-id-meta":"","stick-header-meta":"","header-above-stick-meta":"","header-main-stick-meta":"","header-below-stick-meta":"","astra-migrate-meta-layouts":"default","ast-page-background-enabled":"default","ast-page-background-meta":{"desktop":{"background-color":"var(--ast-global-color-4)","background-image":"","background-repeat":"repeat","background-position":"center center","background-size":"auto","background-attachment":"scroll","background-type":"","background-media":"","overlay-type":"","overlay-color":"","overlay-opacity":"","overlay-gradient":""},"tablet":{"background-color":"","background-image":"","background-repeat":"repeat","background-position":"center center","background-size":"auto","background-attachment":"scroll","background-type":"","background-media":"","overlay-type":"","overlay-color":"","overlay-opacity":"","overlay-gradient":""},"mobile":{"background-color":"","background-image":"","background-repeat":"repeat","background-position":"center center","background-size":"auto","background-attachment":"scroll","background-type":"","background-media":"","overlay-type":"","overlay-color":"","overlay-opacity":"","overlay-gradient":""}},"ast-content-background-meta":{"desktop":{"background-color":"var(--ast-global-color-5)","background-image":"","background-repeat":"repeat","background-position":"center center","background-size":"auto","background-attachment":"scroll","background-type":"","background-media":"","overlay-type":"","overlay-color":"","overlay-opacity":"","overlay-gradient":""},"tablet":{"background-color":"var(--ast-global-color-5)","background-image":"","background-repeat":"repeat","background-position":"center center","background-size":"auto","background-attachment":"scroll","background-type":"","background-media":"","overlay-type":"","overlay-color":"","overlay-opacity":"","overlay-gradient":""},"mobile":{"background-color":"var(--ast-global-color-5)","background-image":"","background-repeat":"repeat","background-position":"center center","background-size":"auto","background-attachment":"scroll","background-type":"","background-media":"","overlay-type":"","overlay-color":"","overlay-opacity":"","overlay-gradient":""}},"footnotes":""},"class_list":["post-71","page","type-page","status-publish","hentry"],"yoast_head":"<!-- This site is optimized with the Yoast SEO plugin v27.4 - https:\/\/yoast.com\/product\/yoast-seo-wordpress\/ -->\n<title>Painting Skills - \u0160IOV - \u0161t\u00e1tny in\u0161tit\u00fat odborn\u00e9ho vzdel\u00e1vania<\/title>\n<meta name=\"robots\" content=\"index, follow, max-snippet:-1, max-image-preview:large, max-video-preview:-1\" \/>\n<link rel=\"canonical\" href=\"https:\/\/archiv.siov.sk\/en\/medzinarodna-spolupraca\/medzinarodne-projekty\/painting-skills\/\" \/>\n<meta property=\"og:locale\" content=\"en_GB\" \/>\n<meta property=\"og:type\" content=\"article\" \/>\n<meta property=\"og:title\" content=\"Painting Skills - \u0160IOV - \u0161t\u00e1tny in\u0161tit\u00fat odborn\u00e9ho vzdel\u00e1vania\" \/>\n<meta property=\"og:description\" content=\"\u0160t\u00e1tny in\u0161tit\u00fat odborn\u00e9ho vzdel\u00e1vania je dlhoro\u010dn\u00fdm partnerom Saskej vzdel\u00e1vacej organiz\u00e1cie (SBG) z Dr\u00e1\u017e\u010fan, s\u00a0ktorou realizoval viacero spolo\u010dn\u00fdch medzin\u00e1rodn\u00fdch projektov. Aktu\u00e1lna medzin\u00e1rodn\u00e1 spolupr\u00e1ca s\u00a0t\u00fdmto zahrani\u010dn\u00fdm partnerom prebieha realiz\u00e1ciou multilater\u00e1lneho projektu\u00a0zameran\u00e9ho na podporu odborn\u00e9ho vzdel\u00e1vania v\u00a0remeseln\u00fdch maliarskych profesi\u00e1ch: Painting Skills Network. Cie\u013eom projektu je vyu\u017eit\u00edm eur\u00f3pskej metodiky ECVET vytvori\u0165 vzdel\u00e1vacie n\u00e1stroje v\u00a0podobe spolo\u010dne definovan\u00fdch \u201evzdel\u00e1vac\u00edch jednotiek\u201c vyu\u017eite\u013en\u00fdch\u00a0 [&hellip;]\" \/>\n<meta property=\"og:url\" content=\"https:\/\/archiv.siov.sk\/en\/medzinarodna-spolupraca\/medzinarodne-projekty\/painting-skills\/\" \/>\n<meta property=\"og:site_name\" content=\"\u0160IOV - \u0161t\u00e1tny in\u0161tit\u00fat odborn\u00e9ho vzdel\u00e1vania\" \/>\n<meta property=\"article:publisher\" content=\"https:\/\/www.facebook.com\/Statnyinstitutodbornehovzdelavania\" \/>\n<meta property=\"article:modified_time\" content=\"2019-02-07T12:40:40+00:00\" \/>\n<meta name=\"twitter:card\" content=\"summary_large_image\" \/>\n<meta name=\"twitter:label1\" content=\"Estimated reading time\" \/>\n\t<meta name=\"twitter:data1\" content=\"1 minute\" \/>\n<script type=\"application\/ld+json\" class=\"yoast-schema-graph\">{\"@context\":\"https:\\\/\\\/schema.org\",\"@graph\":[{\"@type\":\"WebPage\",\"@id\":\"https:\\\/\\\/archiv.siov.sk\\\/medzinarodna-spolupraca\\\/medzinarodne-projekty\\\/painting-skills\\\/\",\"url\":\"https:\\\/\\\/archiv.siov.sk\\\/medzinarodna-spolupraca\\\/medzinarodne-projekty\\\/painting-skills\\\/\",\"name\":\"Painting Skills - \u0160IOV - \u0161t\u00e1tny in\u0161tit\u00fat odborn\u00e9ho vzdel\u00e1vania\",\"isPartOf\":{\"@id\":\"https:\\\/\\\/archiv.siov.sk\\\/#website\"},\"datePublished\":\"2019-01-25T09:15:39+00:00\",\"dateModified\":\"2019-02-07T12:40:40+00:00\",\"breadcrumb\":{\"@id\":\"https:\\\/\\\/archiv.siov.sk\\\/medzinarodna-spolupraca\\\/medzinarodne-projekty\\\/painting-skills\\\/#breadcrumb\"},\"inLanguage\":\"en-GB\",\"potentialAction\":[{\"@type\":\"ReadAction\",\"target\":[\"https:\\\/\\\/archiv.siov.sk\\\/medzinarodna-spolupraca\\\/medzinarodne-projekty\\\/painting-skills\\\/\"]}]},{\"@type\":\"BreadcrumbList\",\"@id\":\"https:\\\/\\\/archiv.siov.sk\\\/medzinarodna-spolupraca\\\/medzinarodne-projekty\\\/painting-skills\\\/#breadcrumb\",\"itemListElement\":[{\"@type\":\"ListItem\",\"position\":1,\"name\":\"Home\",\"item\":\"https:\\\/\\\/archiv.siov.sk\\\/\"},{\"@type\":\"ListItem\",\"position\":2,\"name\":\"Medzin\u00e1rodn\u00e1 spolupr\u00e1ca\",\"item\":\"https:\\\/\\\/archiv.siov.sk\\\/en\\\/medzinarodna-spolupraca\\\/\"},{\"@type\":\"ListItem\",\"position\":3,\"name\":\"Medzin\u00e1rodn\u00e9 projekty\",\"item\":\"https:\\\/\\\/archiv.siov.sk\\\/medzinarodna-spolupraca\\\/medzinarodne-projekty\\\/\"},{\"@type\":\"ListItem\",\"position\":4,\"name\":\"Painting Skills\"}]},{\"@type\":\"WebSite\",\"@id\":\"https:\\\/\\\/archiv.siov.sk\\\/#website\",\"url\":\"https:\\\/\\\/archiv.siov.sk\\\/\",\"name\":\"\u0160IOV - \u0161t\u00e1tny in\u0161tit\u00fat odborn\u00e9ho vzdel\u00e1vania\",\"description\":\"\",\"publisher\":{\"@id\":\"https:\\\/\\\/archiv.siov.sk\\\/#organization\"},\"potentialAction\":[{\"@type\":\"SearchAction\",\"target\":{\"@type\":\"EntryPoint\",\"urlTemplate\":\"https:\\\/\\\/archiv.siov.sk\\\/?s={search_term_string}\"},\"query-input\":{\"@type\":\"PropertyValueSpecification\",\"valueRequired\":true,\"valueName\":\"search_term_string\"}}],\"inLanguage\":\"en-GB\"},{\"@type\":\"Organization\",\"@id\":\"https:\\\/\\\/archiv.siov.sk\\\/#organization\",\"name\":\"\u0160IOV - \u0161t\u00e1tny in\u0161tit\u00fat odborn\u00e9ho vzdel\u00e1vania\",\"url\":\"https:\\\/\\\/archiv.siov.sk\\\/\",\"logo\":{\"@type\":\"ImageObject\",\"inLanguage\":\"en-GB\",\"@id\":\"https:\\\/\\\/archiv.siov.sk\\\/#\\\/schema\\\/logo\\\/image\\\/\",\"url\":\"https:\\\/\\\/archiv.siov.sk\\\/wp-content\\\/uploads\\\/2024\\\/02\\\/logo-SIOV.png\",\"contentUrl\":\"https:\\\/\\\/archiv.siov.sk\\\/wp-content\\\/uploads\\\/2024\\\/02\\\/logo-SIOV.png\",\"width\":431,\"height\":143,\"caption\":\"\u0160IOV - \u0161t\u00e1tny in\u0161tit\u00fat odborn\u00e9ho vzdel\u00e1vania\"},\"image\":{\"@id\":\"https:\\\/\\\/archiv.siov.sk\\\/#\\\/schema\\\/logo\\\/image\\\/\"},\"sameAs\":[\"https:\\\/\\\/www.facebook.com\\\/Statnyinstitutodbornehovzdelavania\"]}]}<\/script>\n<!-- \/ Yoast SEO plugin. -->","yoast_head_json":{"title":"Painting Skills - \u0160IOV - \u0161t\u00e1tny in\u0161tit\u00fat odborn\u00e9ho vzdel\u00e1vania","robots":{"index":"index","follow":"follow","max-snippet":"max-snippet:-1","max-image-preview":"max-image-preview:large","max-video-preview":"max-video-preview:-1"},"canonical":"https:\/\/archiv.siov.sk\/en\/medzinarodna-spolupraca\/medzinarodne-projekty\/painting-skills\/","og_locale":"en_GB","og_type":"article","og_title":"Painting Skills - \u0160IOV - \u0161t\u00e1tny in\u0161tit\u00fat odborn\u00e9ho vzdel\u00e1vania","og_description":"\u0160t\u00e1tny in\u0161tit\u00fat odborn\u00e9ho vzdel\u00e1vania je dlhoro\u010dn\u00fdm partnerom Saskej vzdel\u00e1vacej organiz\u00e1cie (SBG) z Dr\u00e1\u017e\u010fan, s\u00a0ktorou realizoval viacero spolo\u010dn\u00fdch medzin\u00e1rodn\u00fdch projektov. Aktu\u00e1lna medzin\u00e1rodn\u00e1 spolupr\u00e1ca s\u00a0t\u00fdmto zahrani\u010dn\u00fdm partnerom prebieha realiz\u00e1ciou multilater\u00e1lneho projektu\u00a0zameran\u00e9ho na podporu odborn\u00e9ho vzdel\u00e1vania v\u00a0remeseln\u00fdch maliarskych profesi\u00e1ch: Painting Skills Network. Cie\u013eom projektu je vyu\u017eit\u00edm eur\u00f3pskej metodiky ECVET vytvori\u0165 vzdel\u00e1vacie n\u00e1stroje v\u00a0podobe spolo\u010dne definovan\u00fdch \u201evzdel\u00e1vac\u00edch jednotiek\u201c vyu\u017eite\u013en\u00fdch\u00a0 [&hellip;]","og_url":"https:\/\/archiv.siov.sk\/en\/medzinarodna-spolupraca\/medzinarodne-projekty\/painting-skills\/","og_site_name":"\u0160IOV - \u0161t\u00e1tny in\u0161tit\u00fat odborn\u00e9ho vzdel\u00e1vania","article_publisher":"https:\/\/www.facebook.com\/Statnyinstitutodbornehovzdelavania","article_modified_time":"2019-02-07T12:40:40+00:00","twitter_card":"summary_large_image","twitter_misc":{"Estimated reading time":"1 minute"},"schema":{"@context":"https:\/\/schema.org","@graph":[{"@type":"WebPage","@id":"https:\/\/archiv.siov.sk\/medzinarodna-spolupraca\/medzinarodne-projekty\/painting-skills\/","url":"https:\/\/archiv.siov.sk\/medzinarodna-spolupraca\/medzinarodne-projekty\/painting-skills\/","name":"Painting Skills - \u0160IOV - \u0161t\u00e1tny in\u0161tit\u00fat odborn\u00e9ho vzdel\u00e1vania","isPartOf":{"@id":"https:\/\/archiv.siov.sk\/#website"},"datePublished":"2019-01-25T09:15:39+00:00","dateModified":"2019-02-07T12:40:40+00:00","breadcrumb":{"@id":"https:\/\/archiv.siov.sk\/medzinarodna-spolupraca\/medzinarodne-projekty\/painting-skills\/#breadcrumb"},"inLanguage":"en-GB","potentialAction":[{"@type":"ReadAction","target":["https:\/\/archiv.siov.sk\/medzinarodna-spolupraca\/medzinarodne-projekty\/painting-skills\/"]}]},{"@type":"BreadcrumbList","@id":"https:\/\/archiv.siov.sk\/medzinarodna-spolupraca\/medzinarodne-projekty\/painting-skills\/#breadcrumb","itemListElement":[{"@type":"ListItem","position":1,"name":"Home","item":"https:\/\/archiv.siov.sk\/"},{"@type":"ListItem","position":2,"name":"Medzin\u00e1rodn\u00e1 spolupr\u00e1ca","item":"https:\/\/archiv.siov.sk\/en\/medzinarodna-spolupraca\/"},{"@type":"ListItem","position":3,"name":"Medzin\u00e1rodn\u00e9 projekty","item":"https:\/\/archiv.siov.sk\/medzinarodna-spolupraca\/medzinarodne-projekty\/"},{"@type":"ListItem","position":4,"name":"Painting Skills"}]},{"@type":"WebSite","@id":"https:\/\/archiv.siov.sk\/#website","url":"https:\/\/archiv.siov.sk\/","name":"\u0160IOV - \u0161t\u00e1tny in\u0161tit\u00fat odborn\u00e9ho vzdel\u00e1vania","description":"","publisher":{"@id":"https:\/\/archiv.siov.sk\/#organization"},"potentialAction":[{"@type":"SearchAction","target":{"@type":"EntryPoint","urlTemplate":"https:\/\/archiv.siov.sk\/?s={search_term_string}"},"query-input":{"@type":"PropertyValueSpecification","valueRequired":true,"valueName":"search_term_string"}}],"inLanguage":"en-GB"},{"@type":"Organization","@id":"https:\/\/archiv.siov.sk\/#organization","name":"\u0160IOV - \u0161t\u00e1tny in\u0161tit\u00fat odborn\u00e9ho vzdel\u00e1vania","url":"https:\/\/archiv.siov.sk\/","logo":{"@type":"ImageObject","inLanguage":"en-GB","@id":"https:\/\/archiv.siov.sk\/#\/schema\/logo\/image\/","url":"https:\/\/archiv.siov.sk\/wp-content\/uploads\/2024\/02\/logo-SIOV.png","contentUrl":"https:\/\/archiv.siov.sk\/wp-content\/uploads\/2024\/02\/logo-SIOV.png","width":431,"height":143,"caption":"\u0160IOV - \u0161t\u00e1tny in\u0161tit\u00fat odborn\u00e9ho vzdel\u00e1vania"},"image":{"@id":"https:\/\/archiv.siov.sk\/#\/schema\/logo\/image\/"},"sameAs":["https:\/\/www.facebook.com\/Statnyinstitutodbornehovzdelavania"]}]}},"_links":{"self":[{"href":"https:\/\/archiv.siov.sk\/en\/wp-json\/wp\/v2\/pages\/71","targetHints":{"allow":["GET"]}}],"collection":[{"href":"https:\/\/archiv.siov.sk\/en\/wp-json\/wp\/v2\/pages"}],"about":[{"href":"https:\/\/archiv.siov.sk\/en\/wp-json\/wp\/v2\/types\/page"}],"author":[{"embeddable":true,"href":"https:\/\/archiv.siov.sk\/en\/wp-json\/wp\/v2\/users\/1"}],"replies":[{"embeddable":true,"href":"https:\/\/archiv.siov.sk\/en\/wp-json\/wp\/v2\/comments?post=71"}],"version-history":[{"count":2,"href":"https:\/\/archiv.siov.sk\/en\/wp-json\/wp\/v2\/pages\/71\/revisions"}],"predecessor-version":[{"id":1468,"href":"https:\/\/archiv.siov.sk\/en\/wp-json\/wp\/v2\/pages\/71\/revisions\/1468"}],"up":[{"embeddable":true,"href":"https:\/\/archiv.siov.sk\/en\/wp-json\/wp\/v2\/pages\/67"}],"wp:attachment":[{"href":"https:\/\/archiv.siov.sk\/en\/wp-json\/wp\/v2\/media?parent=71"}],"curies":[{"name":"wp","href":"https:\/\/api.w.org\/{rel}","templated":true}]}}