{"id":69,"date":"2019-01-25T10:15:06","date_gmt":"2019-01-25T09:15:06","guid":{"rendered":"http:\/\/archiv.siov.sk\/?page_id=69"},"modified":"2019-02-07T13:38:14","modified_gmt":"2019-02-07T12:38:14","slug":"int-vet-dual","status":"publish","type":"page","link":"https:\/\/archiv.siov.sk\/en\/medzinarodna-spolupraca\/medzinarodne-projekty\/int-vet-dual\/","title":{"rendered":"INT VET Dual"},"content":{"rendered":"<p style=\"text-align: justify;\"><strong>State Vocational Education Institute\u00a0<\/strong>je partnerom a\u00a0spolurealiz\u00e1torom medzin\u00e1rodn\u00e9ho projektu &#8222;N\u00e1rodn\u00e9 centr\u00e1 pre odborn\u00e9 vzdel\u00e1vanie \u2013 Zav\u00e1dzanie prvkov du\u00e1lneho odborn\u00e9ho vzdel\u00e1vania a\u00a0pr\u00edpravy v\u00a0SR&#8220;, ktor\u00fd je v\u00a0r\u00e1mci programu ERASMUS+ spolufinancovan\u00fd Eur\u00f3pskou komisiou. Koordin\u00e1torom projektu je\u00a0 Ministerstvo \u0161kolstva, vedy, v\u00fdskumu a\u00a0\u0161portu SR.<\/p>\n<blockquote><p>Projekt je zameran\u00fd na podporu rie\u0161enia vysokej miery nezamestnanosti mlad\u00fdch \u013eud\u00ed v dunajskej oblasti, v\u00a0kontraste s\u00a0nedostatkom kvalifikovan\u00fdch pracovn\u00fdch s\u00edl.<\/p><\/blockquote>\n<p style=\"text-align: justify;\">Jeho z\u00e1merom je prispie\u0165 k\u00a0\u010fal\u0161ej moderniz\u00e1cii syst\u00e9mu odborn\u00e9ho vzdel\u00e1vania na Slovensku, a\u00a0t\u00fdm poskytn\u00fa\u0165 impulz aj pre ostatn\u00e9 krajiny dunajsk\u00e9ho regi\u00f3nu. Prenos pozit\u00edvnych sk\u00fasenost\u00ed z Rak\u00faska a Nemecka (Badensko-W\u00fcrtembersko) by mal by\u0165 pr\u00ednosom k vytvoreniu kompatibiln\u00fdch syst\u00e9mov vzdel\u00e1vania v\u00a0podunajskej oblasti.<\/p>\n<p style=\"text-align: justify;\">Projekt je vlajkov\u00fdm projektom <strong>Strat\u00e9gie Eur\u00f3pskej \u00fanie pre Dunajsk\u00fa oblas\u0165<\/strong>. Cie\u013eom projektu je prispie\u0165 ku komplexnej reforme syst\u00e9mu odborn\u00e9ho vzdel\u00e1vania a\u00a0pr\u00edpravy, a to nielen na syst\u00e9movej \u00farovni, ale aj anal\u00fdzou sk\u00fasenost\u00ed z pilotn\u00fdch projektov zav\u00e1dzan\u00fdch v\u00a0r\u00e1mci v\u00fdrobn\u00e9ho sektoru na Slovensku. Zv\u00fd\u0161en\u00edm kvality praktick\u00e9ho vyu\u010dovania u zamestn\u00e1vate\u013ea m\u00f4\u017ee projekt prispie\u0165 k plneniu strat\u00e9gii Eur\u00f3pa 2020 a Bruggsk\u00e9mu komunik\u00e9.<\/p>\n<p><strong>O\u010dak\u00e1van\u00e9 v\u00fdsledky projektu:<\/strong><\/p>\n<ol>\n<li>Podpora reformy syst\u00e9mu odborn\u00e9ho vzdel\u00e1vania a pr\u00edpravy v\u00a0Slovenskej republike.<\/li>\n<li>Vytvorenie n\u00e1vrhu na zriadenie kompeten\u010dn\u00e9ho centra pre du\u00e1lne odborn\u00e9 vzdel\u00e1vanie\u00a0zameran\u00e9ho na vzdel\u00e1vanie u\u010dite\u013eov praktick\u00e9ho v\u00fdcviku a\u00a0prenos sk\u00fasenost\u00ed do \u010fal\u0161\u00edch kraj\u00edn dunajskej oblasti.<\/li>\n<li>Posilnenie podpory a mobiliz\u00e1cia mal\u00fdch a stredn\u00fdch podnikov pre zapojenie do du\u00e1lneho syst\u00e9mu vzdel\u00e1vania.<\/li>\n<li>Nepretr\u017eit\u00e1 v\u00fdmenu sk\u00fasenost\u00ed v oblasti praktick\u00e9ho vyu\u010dovania u zamestn\u00e1vate\u013ea.<\/li>\n<\/ol>\n<p><strong>Partneri projektu:<\/strong><\/p>\n<ul class=\"check_links\">\n<li>Ministerstvo \u0161kolstva, vedy, v\u00fdskumu a\u00a0\u0161portu SR<\/li>\n<li>\u0160IOV &#8211; \u0160t\u00e1tny in\u0161tit\u00fat odborn\u00e9ho vzdel\u00e1vania, SR<\/li>\n<li>Ministerstvo financi\u00ed a\u00a0hospod\u00e1rstva B\u00e1densko-W\u00fcrttenbersko, SRN<\/li>\n<li>Krajinsk\u00e1 akad\u00e9mia \u010fal\u0161ieho vzdel\u00e1vania a\u00a0person\u00e1lneho rozvoja, SRN<\/li>\n<li>Rak\u00faska hospod\u00e1rska komora, Rak\u00fasko<\/li>\n<li>Nemecko-slovensk\u00e1 obchodn\u00e1 a\u00a0priemyseln\u00e1 komora, SR<\/li>\n<li>BIBB \u2013 Spolkov\u00fd in\u0161tit\u00fat odborn\u00e9ho vzdel\u00e1vania, SRN<\/li>\n<\/ul>\n<p><strong>Asociovan\u00ed partneri projektu:<\/strong><\/p>\n<ul class=\"check_links\">\n<li>Voklswagen Bratislava, SR<\/li>\n<li>Spolkov\u00e9 ministerstvo vedy, v\u00fdskumu a\u00a0hospod\u00e1rstva, SRN<\/li>\n<\/ul>\n<p><strong>Kontakt \u0160IOV: Ing. Ladislav \u0160atka\u00a0<\/strong><a href=\"mailto:ladislav.satka@siov.sk\"><strong>ladislav.satka@siov.sk<\/strong><\/a><\/p>\n<p>Bli\u017e\u0161ie inform\u00e1cie: <a href=\"http:\/\/www.minedu.sk\/national-authorities-for-apprenticeships-introduction-of-elements-dual-vet-slovak-republic\/\">http:\/\/www.minedu.sk\/national-authorities-for-apprenticeships-introduction-of-elements-dual-vet-slovak-republic\/<\/a><\/p>","protected":false},"excerpt":{"rendered":"<p>\u0160t\u00e1tny in\u0161tit\u00fat odborn\u00e9ho vzdel\u00e1vania\u00a0je partnerom a\u00a0spolurealiz\u00e1torom medzin\u00e1rodn\u00e9ho projektu &#8222;N\u00e1rodn\u00e9 centr\u00e1 pre odborn\u00e9 vzdel\u00e1vanie \u2013 Zav\u00e1dzanie prvkov du\u00e1lneho odborn\u00e9ho vzdel\u00e1vania a\u00a0pr\u00edpravy v\u00a0SR&#8220;, ktor\u00fd je v\u00a0r\u00e1mci programu ERASMUS+ spolufinancovan\u00fd Eur\u00f3pskou komisiou. Koordin\u00e1torom projektu je\u00a0 Ministerstvo \u0161kolstva, vedy, v\u00fdskumu a\u00a0\u0161portu SR. Projekt je zameran\u00fd na podporu rie\u0161enia vysokej miery nezamestnanosti mlad\u00fdch \u013eud\u00ed v dunajskej oblasti, v\u00a0kontraste s\u00a0nedostatkom kvalifikovan\u00fdch [&hellip;]<\/p>\n","protected":false},"author":1,"featured_media":0,"parent":67,"menu_order":0,"comment_status":"closed","ping_status":"closed","template":"","meta":{"site-sidebar-layout":"default","site-content-layout":"","ast-site-content-layout":"default","site-content-style":"default","site-sidebar-style":"default","ast-global-header-display":"","ast-banner-title-visibility":"","ast-main-header-display":"","ast-hfb-above-header-display":"","ast-hfb-below-header-display":"","ast-hfb-mobile-header-display":"","site-post-title":"","ast-breadcrumbs-content":"","ast-featured-img":"","footer-sml-layout":"","ast-disable-related-posts":"","theme-transparent-header-meta":"","adv-header-id-meta":"","stick-header-meta":"","header-above-stick-meta":"","header-main-stick-meta":"","header-below-stick-meta":"","astra-migrate-meta-layouts":"default","ast-page-background-enabled":"default","ast-page-background-meta":{"desktop":{"background-color":"var(--ast-global-color-4)","background-image":"","background-repeat":"repeat","background-position":"center center","background-size":"auto","background-attachment":"scroll","background-type":"","background-media":"","overlay-type":"","overlay-color":"","overlay-opacity":"","overlay-gradient":""},"tablet":{"background-color":"","background-image":"","background-repeat":"repeat","background-position":"center center","background-size":"auto","background-attachment":"scroll","background-type":"","background-media":"","overlay-type":"","overlay-color":"","overlay-opacity":"","overlay-gradient":""},"mobile":{"background-color":"","background-image":"","background-repeat":"repeat","background-position":"center center","background-size":"auto","background-attachment":"scroll","background-type":"","background-media":"","overlay-type":"","overlay-color":"","overlay-opacity":"","overlay-gradient":""}},"ast-content-background-meta":{"desktop":{"background-color":"var(--ast-global-color-5)","background-image":"","background-repeat":"repeat","background-position":"center center","background-size":"auto","background-attachment":"scroll","background-type":"","background-media":"","overlay-type":"","overlay-color":"","overlay-opacity":"","overlay-gradient":""},"tablet":{"background-color":"var(--ast-global-color-5)","background-image":"","background-repeat":"repeat","background-position":"center center","background-size":"auto","background-attachment":"scroll","background-type":"","background-media":"","overlay-type":"","overlay-color":"","overlay-opacity":"","overlay-gradient":""},"mobile":{"background-color":"var(--ast-global-color-5)","background-image":"","background-repeat":"repeat","background-position":"center center","background-size":"auto","background-attachment":"scroll","background-type":"","background-media":"","overlay-type":"","overlay-color":"","overlay-opacity":"","overlay-gradient":""}},"footnotes":""},"class_list":["post-69","page","type-page","status-publish","hentry"],"yoast_head":"<!-- This site is optimized with the Yoast SEO plugin v27.4 - https:\/\/yoast.com\/product\/yoast-seo-wordpress\/ -->\n<title>INT VET Dual - \u0160IOV - \u0161t\u00e1tny in\u0161tit\u00fat odborn\u00e9ho vzdel\u00e1vania<\/title>\n<meta name=\"robots\" content=\"index, follow, max-snippet:-1, max-image-preview:large, max-video-preview:-1\" \/>\n<link rel=\"canonical\" href=\"https:\/\/archiv.siov.sk\/en\/medzinarodna-spolupraca\/medzinarodne-projekty\/int-vet-dual\/\" \/>\n<meta property=\"og:locale\" content=\"en_GB\" \/>\n<meta property=\"og:type\" content=\"article\" \/>\n<meta property=\"og:title\" content=\"INT VET Dual - \u0160IOV - \u0161t\u00e1tny in\u0161tit\u00fat odborn\u00e9ho vzdel\u00e1vania\" \/>\n<meta property=\"og:description\" content=\"\u0160t\u00e1tny in\u0161tit\u00fat odborn\u00e9ho vzdel\u00e1vania\u00a0je partnerom a\u00a0spolurealiz\u00e1torom medzin\u00e1rodn\u00e9ho projektu &#8222;N\u00e1rodn\u00e9 centr\u00e1 pre odborn\u00e9 vzdel\u00e1vanie \u2013 Zav\u00e1dzanie prvkov du\u00e1lneho odborn\u00e9ho vzdel\u00e1vania a\u00a0pr\u00edpravy v\u00a0SR&#8220;, ktor\u00fd je v\u00a0r\u00e1mci programu ERASMUS+ spolufinancovan\u00fd Eur\u00f3pskou komisiou. Koordin\u00e1torom projektu je\u00a0 Ministerstvo \u0161kolstva, vedy, v\u00fdskumu a\u00a0\u0161portu SR. Projekt je zameran\u00fd na podporu rie\u0161enia vysokej miery nezamestnanosti mlad\u00fdch \u013eud\u00ed v dunajskej oblasti, v\u00a0kontraste s\u00a0nedostatkom kvalifikovan\u00fdch [&hellip;]\" \/>\n<meta property=\"og:url\" content=\"https:\/\/archiv.siov.sk\/en\/medzinarodna-spolupraca\/medzinarodne-projekty\/int-vet-dual\/\" \/>\n<meta property=\"og:site_name\" content=\"\u0160IOV - \u0161t\u00e1tny in\u0161tit\u00fat odborn\u00e9ho vzdel\u00e1vania\" \/>\n<meta property=\"article:publisher\" content=\"https:\/\/www.facebook.com\/Statnyinstitutodbornehovzdelavania\" \/>\n<meta property=\"article:modified_time\" content=\"2019-02-07T12:38:14+00:00\" \/>\n<meta name=\"twitter:card\" content=\"summary_large_image\" \/>\n<meta name=\"twitter:label1\" content=\"Estimated reading time\" \/>\n\t<meta name=\"twitter:data1\" content=\"2 minutes\" \/>\n<script type=\"application\/ld+json\" class=\"yoast-schema-graph\">{\"@context\":\"https:\\\/\\\/schema.org\",\"@graph\":[{\"@type\":\"WebPage\",\"@id\":\"https:\\\/\\\/archiv.siov.sk\\\/medzinarodna-spolupraca\\\/medzinarodne-projekty\\\/int-vet-dual\\\/\",\"url\":\"https:\\\/\\\/archiv.siov.sk\\\/medzinarodna-spolupraca\\\/medzinarodne-projekty\\\/int-vet-dual\\\/\",\"name\":\"INT VET Dual - \u0160IOV - \u0161t\u00e1tny in\u0161tit\u00fat odborn\u00e9ho vzdel\u00e1vania\",\"isPartOf\":{\"@id\":\"https:\\\/\\\/archiv.siov.sk\\\/#website\"},\"datePublished\":\"2019-01-25T09:15:06+00:00\",\"dateModified\":\"2019-02-07T12:38:14+00:00\",\"breadcrumb\":{\"@id\":\"https:\\\/\\\/archiv.siov.sk\\\/medzinarodna-spolupraca\\\/medzinarodne-projekty\\\/int-vet-dual\\\/#breadcrumb\"},\"inLanguage\":\"en-GB\",\"potentialAction\":[{\"@type\":\"ReadAction\",\"target\":[\"https:\\\/\\\/archiv.siov.sk\\\/medzinarodna-spolupraca\\\/medzinarodne-projekty\\\/int-vet-dual\\\/\"]}]},{\"@type\":\"BreadcrumbList\",\"@id\":\"https:\\\/\\\/archiv.siov.sk\\\/medzinarodna-spolupraca\\\/medzinarodne-projekty\\\/int-vet-dual\\\/#breadcrumb\",\"itemListElement\":[{\"@type\":\"ListItem\",\"position\":1,\"name\":\"Home\",\"item\":\"https:\\\/\\\/archiv.siov.sk\\\/\"},{\"@type\":\"ListItem\",\"position\":2,\"name\":\"Medzin\u00e1rodn\u00e1 spolupr\u00e1ca\",\"item\":\"https:\\\/\\\/archiv.siov.sk\\\/en\\\/medzinarodna-spolupraca\\\/\"},{\"@type\":\"ListItem\",\"position\":3,\"name\":\"Medzin\u00e1rodn\u00e9 projekty\",\"item\":\"https:\\\/\\\/archiv.siov.sk\\\/medzinarodna-spolupraca\\\/medzinarodne-projekty\\\/\"},{\"@type\":\"ListItem\",\"position\":4,\"name\":\"INT VET Dual\"}]},{\"@type\":\"WebSite\",\"@id\":\"https:\\\/\\\/archiv.siov.sk\\\/#website\",\"url\":\"https:\\\/\\\/archiv.siov.sk\\\/\",\"name\":\"\u0160IOV - \u0161t\u00e1tny in\u0161tit\u00fat odborn\u00e9ho vzdel\u00e1vania\",\"description\":\"\",\"publisher\":{\"@id\":\"https:\\\/\\\/archiv.siov.sk\\\/#organization\"},\"potentialAction\":[{\"@type\":\"SearchAction\",\"target\":{\"@type\":\"EntryPoint\",\"urlTemplate\":\"https:\\\/\\\/archiv.siov.sk\\\/?s={search_term_string}\"},\"query-input\":{\"@type\":\"PropertyValueSpecification\",\"valueRequired\":true,\"valueName\":\"search_term_string\"}}],\"inLanguage\":\"en-GB\"},{\"@type\":\"Organization\",\"@id\":\"https:\\\/\\\/archiv.siov.sk\\\/#organization\",\"name\":\"\u0160IOV - \u0161t\u00e1tny in\u0161tit\u00fat odborn\u00e9ho vzdel\u00e1vania\",\"url\":\"https:\\\/\\\/archiv.siov.sk\\\/\",\"logo\":{\"@type\":\"ImageObject\",\"inLanguage\":\"en-GB\",\"@id\":\"https:\\\/\\\/archiv.siov.sk\\\/#\\\/schema\\\/logo\\\/image\\\/\",\"url\":\"https:\\\/\\\/archiv.siov.sk\\\/wp-content\\\/uploads\\\/2024\\\/02\\\/logo-SIOV.png\",\"contentUrl\":\"https:\\\/\\\/archiv.siov.sk\\\/wp-content\\\/uploads\\\/2024\\\/02\\\/logo-SIOV.png\",\"width\":431,\"height\":143,\"caption\":\"\u0160IOV - \u0161t\u00e1tny in\u0161tit\u00fat odborn\u00e9ho vzdel\u00e1vania\"},\"image\":{\"@id\":\"https:\\\/\\\/archiv.siov.sk\\\/#\\\/schema\\\/logo\\\/image\\\/\"},\"sameAs\":[\"https:\\\/\\\/www.facebook.com\\\/Statnyinstitutodbornehovzdelavania\"]}]}<\/script>\n<!-- \/ Yoast SEO plugin. -->","yoast_head_json":{"title":"INT VET Dual - \u0160IOV - \u0161t\u00e1tny in\u0161tit\u00fat odborn\u00e9ho vzdel\u00e1vania","robots":{"index":"index","follow":"follow","max-snippet":"max-snippet:-1","max-image-preview":"max-image-preview:large","max-video-preview":"max-video-preview:-1"},"canonical":"https:\/\/archiv.siov.sk\/en\/medzinarodna-spolupraca\/medzinarodne-projekty\/int-vet-dual\/","og_locale":"en_GB","og_type":"article","og_title":"INT VET Dual - \u0160IOV - \u0161t\u00e1tny in\u0161tit\u00fat odborn\u00e9ho vzdel\u00e1vania","og_description":"\u0160t\u00e1tny in\u0161tit\u00fat odborn\u00e9ho vzdel\u00e1vania\u00a0je partnerom a\u00a0spolurealiz\u00e1torom medzin\u00e1rodn\u00e9ho projektu &#8222;N\u00e1rodn\u00e9 centr\u00e1 pre odborn\u00e9 vzdel\u00e1vanie \u2013 Zav\u00e1dzanie prvkov du\u00e1lneho odborn\u00e9ho vzdel\u00e1vania a\u00a0pr\u00edpravy v\u00a0SR&#8220;, ktor\u00fd je v\u00a0r\u00e1mci programu ERASMUS+ spolufinancovan\u00fd Eur\u00f3pskou komisiou. Koordin\u00e1torom projektu je\u00a0 Ministerstvo \u0161kolstva, vedy, v\u00fdskumu a\u00a0\u0161portu SR. Projekt je zameran\u00fd na podporu rie\u0161enia vysokej miery nezamestnanosti mlad\u00fdch \u013eud\u00ed v dunajskej oblasti, v\u00a0kontraste s\u00a0nedostatkom kvalifikovan\u00fdch [&hellip;]","og_url":"https:\/\/archiv.siov.sk\/en\/medzinarodna-spolupraca\/medzinarodne-projekty\/int-vet-dual\/","og_site_name":"\u0160IOV - \u0161t\u00e1tny in\u0161tit\u00fat odborn\u00e9ho vzdel\u00e1vania","article_publisher":"https:\/\/www.facebook.com\/Statnyinstitutodbornehovzdelavania","article_modified_time":"2019-02-07T12:38:14+00:00","twitter_card":"summary_large_image","twitter_misc":{"Estimated reading time":"2 minutes"},"schema":{"@context":"https:\/\/schema.org","@graph":[{"@type":"WebPage","@id":"https:\/\/archiv.siov.sk\/medzinarodna-spolupraca\/medzinarodne-projekty\/int-vet-dual\/","url":"https:\/\/archiv.siov.sk\/medzinarodna-spolupraca\/medzinarodne-projekty\/int-vet-dual\/","name":"INT VET Dual - \u0160IOV - \u0161t\u00e1tny in\u0161tit\u00fat odborn\u00e9ho vzdel\u00e1vania","isPartOf":{"@id":"https:\/\/archiv.siov.sk\/#website"},"datePublished":"2019-01-25T09:15:06+00:00","dateModified":"2019-02-07T12:38:14+00:00","breadcrumb":{"@id":"https:\/\/archiv.siov.sk\/medzinarodna-spolupraca\/medzinarodne-projekty\/int-vet-dual\/#breadcrumb"},"inLanguage":"en-GB","potentialAction":[{"@type":"ReadAction","target":["https:\/\/archiv.siov.sk\/medzinarodna-spolupraca\/medzinarodne-projekty\/int-vet-dual\/"]}]},{"@type":"BreadcrumbList","@id":"https:\/\/archiv.siov.sk\/medzinarodna-spolupraca\/medzinarodne-projekty\/int-vet-dual\/#breadcrumb","itemListElement":[{"@type":"ListItem","position":1,"name":"Home","item":"https:\/\/archiv.siov.sk\/"},{"@type":"ListItem","position":2,"name":"Medzin\u00e1rodn\u00e1 spolupr\u00e1ca","item":"https:\/\/archiv.siov.sk\/en\/medzinarodna-spolupraca\/"},{"@type":"ListItem","position":3,"name":"Medzin\u00e1rodn\u00e9 projekty","item":"https:\/\/archiv.siov.sk\/medzinarodna-spolupraca\/medzinarodne-projekty\/"},{"@type":"ListItem","position":4,"name":"INT VET Dual"}]},{"@type":"WebSite","@id":"https:\/\/archiv.siov.sk\/#website","url":"https:\/\/archiv.siov.sk\/","name":"\u0160IOV - \u0161t\u00e1tny in\u0161tit\u00fat odborn\u00e9ho vzdel\u00e1vania","description":"","publisher":{"@id":"https:\/\/archiv.siov.sk\/#organization"},"potentialAction":[{"@type":"SearchAction","target":{"@type":"EntryPoint","urlTemplate":"https:\/\/archiv.siov.sk\/?s={search_term_string}"},"query-input":{"@type":"PropertyValueSpecification","valueRequired":true,"valueName":"search_term_string"}}],"inLanguage":"en-GB"},{"@type":"Organization","@id":"https:\/\/archiv.siov.sk\/#organization","name":"\u0160IOV - \u0161t\u00e1tny in\u0161tit\u00fat odborn\u00e9ho vzdel\u00e1vania","url":"https:\/\/archiv.siov.sk\/","logo":{"@type":"ImageObject","inLanguage":"en-GB","@id":"https:\/\/archiv.siov.sk\/#\/schema\/logo\/image\/","url":"https:\/\/archiv.siov.sk\/wp-content\/uploads\/2024\/02\/logo-SIOV.png","contentUrl":"https:\/\/archiv.siov.sk\/wp-content\/uploads\/2024\/02\/logo-SIOV.png","width":431,"height":143,"caption":"\u0160IOV - \u0161t\u00e1tny in\u0161tit\u00fat odborn\u00e9ho vzdel\u00e1vania"},"image":{"@id":"https:\/\/archiv.siov.sk\/#\/schema\/logo\/image\/"},"sameAs":["https:\/\/www.facebook.com\/Statnyinstitutodbornehovzdelavania"]}]}},"_links":{"self":[{"href":"https:\/\/archiv.siov.sk\/en\/wp-json\/wp\/v2\/pages\/69","targetHints":{"allow":["GET"]}}],"collection":[{"href":"https:\/\/archiv.siov.sk\/en\/wp-json\/wp\/v2\/pages"}],"about":[{"href":"https:\/\/archiv.siov.sk\/en\/wp-json\/wp\/v2\/types\/page"}],"author":[{"embeddable":true,"href":"https:\/\/archiv.siov.sk\/en\/wp-json\/wp\/v2\/users\/1"}],"replies":[{"embeddable":true,"href":"https:\/\/archiv.siov.sk\/en\/wp-json\/wp\/v2\/comments?post=69"}],"version-history":[{"count":3,"href":"https:\/\/archiv.siov.sk\/en\/wp-json\/wp\/v2\/pages\/69\/revisions"}],"predecessor-version":[{"id":1467,"href":"https:\/\/archiv.siov.sk\/en\/wp-json\/wp\/v2\/pages\/69\/revisions\/1467"}],"up":[{"embeddable":true,"href":"https:\/\/archiv.siov.sk\/en\/wp-json\/wp\/v2\/pages\/67"}],"wp:attachment":[{"href":"https:\/\/archiv.siov.sk\/en\/wp-json\/wp\/v2\/media?parent=69"}],"curies":[{"name":"wp","href":"https:\/\/api.w.org\/{rel}","templated":true}]}}