{"id":6715,"date":"2020-10-28T11:06:21","date_gmt":"2020-10-28T10:06:21","guid":{"rendered":"https:\/\/archiv.siov.sk\/?page_id=6715"},"modified":"2020-10-30T09:39:36","modified_gmt":"2020-10-30T08:39:36","slug":"program-klasifikacia-chemickych-latok-podla-nariadenia-clp-nariadenie-reach-24-novembra-2020","status":"publish","type":"page","link":"https:\/\/archiv.siov.sk\/en\/vzdelavanie\/vzdelavacie-podujatia\/seminare-webinare\/program-klasifikacia-chemickych-latok-podla-nariadenia-clp-nariadenie-reach-24-novembra-2020\/","title":{"rendered":"Program"},"content":{"rendered":"<p><strong>Program<\/strong><\/p>\n<p><span style=\"color: #2e5aa6; font-size: 26px;\">Klasifik\u00e1cia chemick\u00fdch l\u00e1tok pod\u013ea nariadenia CLP \u2013 nariadenie REACH<\/span><\/p>\n<p>Term\u00edn: <span style=\"color: #2e5aa6; font-size: 22px;\"><strong>24.novembra 2020 <\/strong><\/span>od 13:00 do 15:00<\/p>\n<p><strong>1. Otvorenie webin\u00e1ra, priv\u00edtanie \u00fa\u010dastn\u00edkov, cie\u013e webin\u00e1ra<\/strong><br \/>\nPaedDr. M\u00e1ria Fartelov\u00e1, \u0160IOV<\/p>\n<p><strong>2. Chemick\u00e1 legislat\u00edva \u2013 aktu\u00e1lne v\u00fdvoj, novinky a povinnosti chemickej legislat\u00edvy<\/strong><br \/>\nIng. Silvia Surov\u00e1, gener\u00e1lna sekret\u00e1rka ZCHFP SR<\/p>\n<p><strong>3. Z\u00e1klady klasifik\u00e1cie chemick\u00fdch l\u00e1tok pod\u013ea nariadenia CLP \u2013 nariadenie REACH<\/strong><br \/>\nIng. Silvia Surov\u00e1, gener\u00e1lna sekret\u00e1rka ZCHFP SR<\/p>\n<p><strong>4. Implement\u00e1cie syst\u00e9mu REACH do v\u00fdchovno-vzdel\u00e1vacieho procesu<\/strong><br \/>\nIng. Viera \u017datkovi\u010dov\u00e1, \u0160IOV<\/p>\n<p>Kontakt: PaedDr. Fartelov\u00e1 M\u00e1ria \u0160IOV, e-mail: maria.fartelova@siov.sk<\/p>\n<p><span style=\"color: #ff0000;\">Registr\u00e1cia&nbsp; je mo\u017en\u00e1 do 20. novembra 2020<\/span><\/p>\n<p><i>Prezent\u00e1cie bud\u00fa po skon\u010den\u00ed webin\u00e1ra poslan\u00e9 \u00fa\u010dastn\u00edkom.<\/i><\/p>\n<p><img decoding=\"async\" class=\"wp-image-6664 alignnone\" src=\"\/wp-content\/uploads\/2020\/10\/ministerstvo-skolstva-sr.jpg\" alt=\"Ministerstvo \u0161kolstva, vedy, v\u00fdskumu a \u0161portu Slovenskej republiky\" width=\"180\" height=\"66\" srcset=\"https:\/\/archiv.siov.sk\/wp-content\/uploads\/2020\/10\/ministerstvo-skolstva-sr.jpg 317w, https:\/\/archiv.siov.sk\/wp-content\/uploads\/2020\/10\/ministerstvo-skolstva-sr-300x110.jpg 300w\" sizes=\"(max-width: 180px) 100vw, 180px\" \/> <i> <\/i><img decoding=\"async\" class=\"wp-image-6718 alignnone\" src=\"\/wp-content\/uploads\/2020\/10\/reach.jpg\" alt=\"nariadenie REACH\" width=\"120\" height=\"146\">&nbsp; <img decoding=\"async\" class=\"wp-image-2590 alignnone\" src=\"\/wp-content\/uploads\/2019\/02\/siov-512-150x150.jpg\" alt=\"\u0160IOV\" width=\"120\" height=\"120\" srcset=\"https:\/\/archiv.siov.sk\/wp-content\/uploads\/2019\/02\/siov-512-150x150.jpg 150w, https:\/\/archiv.siov.sk\/wp-content\/uploads\/2019\/02\/siov-512-300x300.jpg 300w, https:\/\/archiv.siov.sk\/wp-content\/uploads\/2019\/02\/siov-512-480x480.jpg 480w, https:\/\/archiv.siov.sk\/wp-content\/uploads\/2019\/02\/siov-512.jpg 512w\" sizes=\"(max-width: 120px) 100vw, 120px\" \/><\/p>","protected":false},"excerpt":{"rendered":"<p>Program Klasifik\u00e1cia chemick\u00fdch l\u00e1tok pod\u013ea nariadenia CLP \u2013 nariadenie REACH Term\u00edn: 24.novembra 2020 od 13:00 do 15:00 1. Otvorenie webin\u00e1ra, priv\u00edtanie \u00fa\u010dastn\u00edkov, cie\u013e webin\u00e1ra PaedDr. M\u00e1ria Fartelov\u00e1, \u0160IOV 2. Chemick\u00e1 legislat\u00edva \u2013 aktu\u00e1lne v\u00fdvoj, novinky a povinnosti chemickej legislat\u00edvy Ing. Silvia Surov\u00e1, gener\u00e1lna sekret\u00e1rka ZCHFP SR 3. Z\u00e1klady klasifik\u00e1cie chemick\u00fdch l\u00e1tok pod\u013ea nariadenia CLP \u2013 [&hellip;]<\/p>\n","protected":false},"author":1,"featured_media":0,"parent":6652,"menu_order":0,"comment_status":"closed","ping_status":"closed","template":"","meta":{"site-sidebar-layout":"default","site-content-layout":"","ast-site-content-layout":"default","site-content-style":"default","site-sidebar-style":"default","ast-global-header-display":"","ast-banner-title-visibility":"","ast-main-header-display":"","ast-hfb-above-header-display":"","ast-hfb-below-header-display":"","ast-hfb-mobile-header-display":"","site-post-title":"","ast-breadcrumbs-content":"","ast-featured-img":"","footer-sml-layout":"","ast-disable-related-posts":"","theme-transparent-header-meta":"","adv-header-id-meta":"","stick-header-meta":"","header-above-stick-meta":"","header-main-stick-meta":"","header-below-stick-meta":"","astra-migrate-meta-layouts":"default","ast-page-background-enabled":"default","ast-page-background-meta":{"desktop":{"background-color":"var(--ast-global-color-4)","background-image":"","background-repeat":"repeat","background-position":"center center","background-size":"auto","background-attachment":"scroll","background-type":"","background-media":"","overlay-type":"","overlay-color":"","overlay-opacity":"","overlay-gradient":""},"tablet":{"background-color":"","background-image":"","background-repeat":"repeat","background-position":"center center","background-size":"auto","background-attachment":"scroll","background-type":"","background-media":"","overlay-type":"","overlay-color":"","overlay-opacity":"","overlay-gradient":""},"mobile":{"background-color":"","background-image":"","background-repeat":"repeat","background-position":"center center","background-size":"auto","background-attachment":"scroll","background-type":"","background-media":"","overlay-type":"","overlay-color":"","overlay-opacity":"","overlay-gradient":""}},"ast-content-background-meta":{"desktop":{"background-color":"var(--ast-global-color-5)","background-image":"","background-repeat":"repeat","background-position":"center center","background-size":"auto","background-attachment":"scroll","background-type":"","background-media":"","overlay-type":"","overlay-color":"","overlay-opacity":"","overlay-gradient":""},"tablet":{"background-color":"var(--ast-global-color-5)","background-image":"","background-repeat":"repeat","background-position":"center center","background-size":"auto","background-attachment":"scroll","background-type":"","background-media":"","overlay-type":"","overlay-color":"","overlay-opacity":"","overlay-gradient":""},"mobile":{"background-color":"var(--ast-global-color-5)","background-image":"","background-repeat":"repeat","background-position":"center center","background-size":"auto","background-attachment":"scroll","background-type":"","background-media":"","overlay-type":"","overlay-color":"","overlay-opacity":"","overlay-gradient":""}},"footnotes":""},"class_list":["post-6715","page","type-page","status-publish","hentry"],"yoast_head":"<!-- This site is optimized with the Yoast SEO plugin v27.4 - https:\/\/yoast.com\/product\/yoast-seo-wordpress\/ -->\n<title>Program - \u0160IOV - \u0161t\u00e1tny in\u0161tit\u00fat odborn\u00e9ho vzdel\u00e1vania<\/title>\n<meta name=\"robots\" content=\"index, follow, max-snippet:-1, max-image-preview:large, max-video-preview:-1\" \/>\n<link rel=\"canonical\" href=\"https:\/\/archiv.siov.sk\/en\/vzdelavanie\/vzdelavacie-podujatia\/seminare-webinare\/program-klasifikacia-chemickych-latok-podla-nariadenia-clp-nariadenie-reach-24-novembra-2020\/\" \/>\n<meta property=\"og:locale\" content=\"en_GB\" \/>\n<meta property=\"og:type\" content=\"article\" \/>\n<meta property=\"og:title\" content=\"Program - \u0160IOV - \u0161t\u00e1tny in\u0161tit\u00fat odborn\u00e9ho vzdel\u00e1vania\" \/>\n<meta property=\"og:description\" content=\"Program Klasifik\u00e1cia chemick\u00fdch l\u00e1tok pod\u013ea nariadenia CLP \u2013 nariadenie REACH Term\u00edn: 24.novembra 2020 od 13:00 do 15:00 1. Otvorenie webin\u00e1ra, priv\u00edtanie \u00fa\u010dastn\u00edkov, cie\u013e webin\u00e1ra PaedDr. M\u00e1ria Fartelov\u00e1, \u0160IOV 2. Chemick\u00e1 legislat\u00edva \u2013 aktu\u00e1lne v\u00fdvoj, novinky a povinnosti chemickej legislat\u00edvy Ing. Silvia Surov\u00e1, gener\u00e1lna sekret\u00e1rka ZCHFP SR 3. Z\u00e1klady klasifik\u00e1cie chemick\u00fdch l\u00e1tok pod\u013ea nariadenia CLP \u2013 [&hellip;]\" \/>\n<meta property=\"og:url\" content=\"https:\/\/archiv.siov.sk\/en\/vzdelavanie\/vzdelavacie-podujatia\/seminare-webinare\/program-klasifikacia-chemickych-latok-podla-nariadenia-clp-nariadenie-reach-24-novembra-2020\/\" \/>\n<meta property=\"og:site_name\" content=\"\u0160IOV - \u0161t\u00e1tny in\u0161tit\u00fat odborn\u00e9ho vzdel\u00e1vania\" \/>\n<meta property=\"article:publisher\" content=\"https:\/\/www.facebook.com\/Statnyinstitutodbornehovzdelavania\" \/>\n<meta property=\"article:modified_time\" content=\"2020-10-30T08:39:36+00:00\" \/>\n<meta name=\"twitter:card\" content=\"summary_large_image\" \/>\n<meta name=\"twitter:label1\" content=\"Estimated reading time\" \/>\n\t<meta name=\"twitter:data1\" content=\"1 minute\" \/>\n<script type=\"application\/ld+json\" class=\"yoast-schema-graph\">{\"@context\":\"https:\\\/\\\/schema.org\",\"@graph\":[{\"@type\":\"WebPage\",\"@id\":\"https:\\\/\\\/archiv.siov.sk\\\/vzdelavanie\\\/vzdelavacie-podujatia\\\/seminare-webinare\\\/program-klasifikacia-chemickych-latok-podla-nariadenia-clp-nariadenie-reach-24-novembra-2020\\\/\",\"url\":\"https:\\\/\\\/archiv.siov.sk\\\/vzdelavanie\\\/vzdelavacie-podujatia\\\/seminare-webinare\\\/program-klasifikacia-chemickych-latok-podla-nariadenia-clp-nariadenie-reach-24-novembra-2020\\\/\",\"name\":\"Program - \u0160IOV - \u0161t\u00e1tny in\u0161tit\u00fat odborn\u00e9ho vzdel\u00e1vania\",\"isPartOf\":{\"@id\":\"https:\\\/\\\/archiv.siov.sk\\\/#website\"},\"datePublished\":\"2020-10-28T10:06:21+00:00\",\"dateModified\":\"2020-10-30T08:39:36+00:00\",\"breadcrumb\":{\"@id\":\"https:\\\/\\\/archiv.siov.sk\\\/vzdelavanie\\\/vzdelavacie-podujatia\\\/seminare-webinare\\\/program-klasifikacia-chemickych-latok-podla-nariadenia-clp-nariadenie-reach-24-novembra-2020\\\/#breadcrumb\"},\"inLanguage\":\"en-GB\",\"potentialAction\":[{\"@type\":\"ReadAction\",\"target\":[\"https:\\\/\\\/archiv.siov.sk\\\/vzdelavanie\\\/vzdelavacie-podujatia\\\/seminare-webinare\\\/program-klasifikacia-chemickych-latok-podla-nariadenia-clp-nariadenie-reach-24-novembra-2020\\\/\"]}]},{\"@type\":\"BreadcrumbList\",\"@id\":\"https:\\\/\\\/archiv.siov.sk\\\/vzdelavanie\\\/vzdelavacie-podujatia\\\/seminare-webinare\\\/program-klasifikacia-chemickych-latok-podla-nariadenia-clp-nariadenie-reach-24-novembra-2020\\\/#breadcrumb\",\"itemListElement\":[{\"@type\":\"ListItem\",\"position\":1,\"name\":\"Home\",\"item\":\"https:\\\/\\\/archiv.siov.sk\\\/\"},{\"@type\":\"ListItem\",\"position\":2,\"name\":\"Vzdel\u00e1vanie\",\"item\":\"https:\\\/\\\/archiv.siov.sk\\\/vzdelavanie\\\/\"},{\"@type\":\"ListItem\",\"position\":3,\"name\":\"Vzdel\u00e1vacie podujatia\",\"item\":\"https:\\\/\\\/archiv.siov.sk\\\/vzdelavanie\\\/vzdelavacie-podujatia\\\/\"},{\"@type\":\"ListItem\",\"position\":4,\"name\":\"On-line semin\u00e1re\\\/webin\u00e1re\",\"item\":\"https:\\\/\\\/archiv.siov.sk\\\/vzdelavanie\\\/vzdelavacie-podujatia\\\/seminare-webinare\\\/\"},{\"@type\":\"ListItem\",\"position\":5,\"name\":\"Program\"}]},{\"@type\":\"WebSite\",\"@id\":\"https:\\\/\\\/archiv.siov.sk\\\/#website\",\"url\":\"https:\\\/\\\/archiv.siov.sk\\\/\",\"name\":\"\u0160IOV - \u0161t\u00e1tny in\u0161tit\u00fat odborn\u00e9ho vzdel\u00e1vania\",\"description\":\"\",\"publisher\":{\"@id\":\"https:\\\/\\\/archiv.siov.sk\\\/#organization\"},\"potentialAction\":[{\"@type\":\"SearchAction\",\"target\":{\"@type\":\"EntryPoint\",\"urlTemplate\":\"https:\\\/\\\/archiv.siov.sk\\\/?s={search_term_string}\"},\"query-input\":{\"@type\":\"PropertyValueSpecification\",\"valueRequired\":true,\"valueName\":\"search_term_string\"}}],\"inLanguage\":\"en-GB\"},{\"@type\":\"Organization\",\"@id\":\"https:\\\/\\\/archiv.siov.sk\\\/#organization\",\"name\":\"\u0160IOV - \u0161t\u00e1tny in\u0161tit\u00fat odborn\u00e9ho vzdel\u00e1vania\",\"url\":\"https:\\\/\\\/archiv.siov.sk\\\/\",\"logo\":{\"@type\":\"ImageObject\",\"inLanguage\":\"en-GB\",\"@id\":\"https:\\\/\\\/archiv.siov.sk\\\/#\\\/schema\\\/logo\\\/image\\\/\",\"url\":\"https:\\\/\\\/archiv.siov.sk\\\/wp-content\\\/uploads\\\/2024\\\/02\\\/logo-SIOV.png\",\"contentUrl\":\"https:\\\/\\\/archiv.siov.sk\\\/wp-content\\\/uploads\\\/2024\\\/02\\\/logo-SIOV.png\",\"width\":431,\"height\":143,\"caption\":\"\u0160IOV - \u0161t\u00e1tny in\u0161tit\u00fat odborn\u00e9ho vzdel\u00e1vania\"},\"image\":{\"@id\":\"https:\\\/\\\/archiv.siov.sk\\\/#\\\/schema\\\/logo\\\/image\\\/\"},\"sameAs\":[\"https:\\\/\\\/www.facebook.com\\\/Statnyinstitutodbornehovzdelavania\"]}]}<\/script>\n<!-- \/ Yoast SEO plugin. -->","yoast_head_json":{"title":"Program - \u0160IOV - \u0161t\u00e1tny in\u0161tit\u00fat odborn\u00e9ho vzdel\u00e1vania","robots":{"index":"index","follow":"follow","max-snippet":"max-snippet:-1","max-image-preview":"max-image-preview:large","max-video-preview":"max-video-preview:-1"},"canonical":"https:\/\/archiv.siov.sk\/en\/vzdelavanie\/vzdelavacie-podujatia\/seminare-webinare\/program-klasifikacia-chemickych-latok-podla-nariadenia-clp-nariadenie-reach-24-novembra-2020\/","og_locale":"en_GB","og_type":"article","og_title":"Program - \u0160IOV - \u0161t\u00e1tny in\u0161tit\u00fat odborn\u00e9ho vzdel\u00e1vania","og_description":"Program Klasifik\u00e1cia chemick\u00fdch l\u00e1tok pod\u013ea nariadenia CLP \u2013 nariadenie REACH Term\u00edn: 24.novembra 2020 od 13:00 do 15:00 1. Otvorenie webin\u00e1ra, priv\u00edtanie \u00fa\u010dastn\u00edkov, cie\u013e webin\u00e1ra PaedDr. M\u00e1ria Fartelov\u00e1, \u0160IOV 2. Chemick\u00e1 legislat\u00edva \u2013 aktu\u00e1lne v\u00fdvoj, novinky a povinnosti chemickej legislat\u00edvy Ing. Silvia Surov\u00e1, gener\u00e1lna sekret\u00e1rka ZCHFP SR 3. Z\u00e1klady klasifik\u00e1cie chemick\u00fdch l\u00e1tok pod\u013ea nariadenia CLP \u2013 [&hellip;]","og_url":"https:\/\/archiv.siov.sk\/en\/vzdelavanie\/vzdelavacie-podujatia\/seminare-webinare\/program-klasifikacia-chemickych-latok-podla-nariadenia-clp-nariadenie-reach-24-novembra-2020\/","og_site_name":"\u0160IOV - \u0161t\u00e1tny in\u0161tit\u00fat odborn\u00e9ho vzdel\u00e1vania","article_publisher":"https:\/\/www.facebook.com\/Statnyinstitutodbornehovzdelavania","article_modified_time":"2020-10-30T08:39:36+00:00","twitter_card":"summary_large_image","twitter_misc":{"Estimated reading time":"1 minute"},"schema":{"@context":"https:\/\/schema.org","@graph":[{"@type":"WebPage","@id":"https:\/\/archiv.siov.sk\/vzdelavanie\/vzdelavacie-podujatia\/seminare-webinare\/program-klasifikacia-chemickych-latok-podla-nariadenia-clp-nariadenie-reach-24-novembra-2020\/","url":"https:\/\/archiv.siov.sk\/vzdelavanie\/vzdelavacie-podujatia\/seminare-webinare\/program-klasifikacia-chemickych-latok-podla-nariadenia-clp-nariadenie-reach-24-novembra-2020\/","name":"Program - \u0160IOV - \u0161t\u00e1tny in\u0161tit\u00fat odborn\u00e9ho vzdel\u00e1vania","isPartOf":{"@id":"https:\/\/archiv.siov.sk\/#website"},"datePublished":"2020-10-28T10:06:21+00:00","dateModified":"2020-10-30T08:39:36+00:00","breadcrumb":{"@id":"https:\/\/archiv.siov.sk\/vzdelavanie\/vzdelavacie-podujatia\/seminare-webinare\/program-klasifikacia-chemickych-latok-podla-nariadenia-clp-nariadenie-reach-24-novembra-2020\/#breadcrumb"},"inLanguage":"en-GB","potentialAction":[{"@type":"ReadAction","target":["https:\/\/archiv.siov.sk\/vzdelavanie\/vzdelavacie-podujatia\/seminare-webinare\/program-klasifikacia-chemickych-latok-podla-nariadenia-clp-nariadenie-reach-24-novembra-2020\/"]}]},{"@type":"BreadcrumbList","@id":"https:\/\/archiv.siov.sk\/vzdelavanie\/vzdelavacie-podujatia\/seminare-webinare\/program-klasifikacia-chemickych-latok-podla-nariadenia-clp-nariadenie-reach-24-novembra-2020\/#breadcrumb","itemListElement":[{"@type":"ListItem","position":1,"name":"Home","item":"https:\/\/archiv.siov.sk\/"},{"@type":"ListItem","position":2,"name":"Vzdel\u00e1vanie","item":"https:\/\/archiv.siov.sk\/vzdelavanie\/"},{"@type":"ListItem","position":3,"name":"Vzdel\u00e1vacie podujatia","item":"https:\/\/archiv.siov.sk\/vzdelavanie\/vzdelavacie-podujatia\/"},{"@type":"ListItem","position":4,"name":"On-line semin\u00e1re\/webin\u00e1re","item":"https:\/\/archiv.siov.sk\/vzdelavanie\/vzdelavacie-podujatia\/seminare-webinare\/"},{"@type":"ListItem","position":5,"name":"Program"}]},{"@type":"WebSite","@id":"https:\/\/archiv.siov.sk\/#website","url":"https:\/\/archiv.siov.sk\/","name":"\u0160IOV - \u0161t\u00e1tny in\u0161tit\u00fat odborn\u00e9ho vzdel\u00e1vania","description":"","publisher":{"@id":"https:\/\/archiv.siov.sk\/#organization"},"potentialAction":[{"@type":"SearchAction","target":{"@type":"EntryPoint","urlTemplate":"https:\/\/archiv.siov.sk\/?s={search_term_string}"},"query-input":{"@type":"PropertyValueSpecification","valueRequired":true,"valueName":"search_term_string"}}],"inLanguage":"en-GB"},{"@type":"Organization","@id":"https:\/\/archiv.siov.sk\/#organization","name":"\u0160IOV - \u0161t\u00e1tny in\u0161tit\u00fat odborn\u00e9ho vzdel\u00e1vania","url":"https:\/\/archiv.siov.sk\/","logo":{"@type":"ImageObject","inLanguage":"en-GB","@id":"https:\/\/archiv.siov.sk\/#\/schema\/logo\/image\/","url":"https:\/\/archiv.siov.sk\/wp-content\/uploads\/2024\/02\/logo-SIOV.png","contentUrl":"https:\/\/archiv.siov.sk\/wp-content\/uploads\/2024\/02\/logo-SIOV.png","width":431,"height":143,"caption":"\u0160IOV - \u0161t\u00e1tny in\u0161tit\u00fat odborn\u00e9ho vzdel\u00e1vania"},"image":{"@id":"https:\/\/archiv.siov.sk\/#\/schema\/logo\/image\/"},"sameAs":["https:\/\/www.facebook.com\/Statnyinstitutodbornehovzdelavania"]}]}},"_links":{"self":[{"href":"https:\/\/archiv.siov.sk\/en\/wp-json\/wp\/v2\/pages\/6715","targetHints":{"allow":["GET"]}}],"collection":[{"href":"https:\/\/archiv.siov.sk\/en\/wp-json\/wp\/v2\/pages"}],"about":[{"href":"https:\/\/archiv.siov.sk\/en\/wp-json\/wp\/v2\/types\/page"}],"author":[{"embeddable":true,"href":"https:\/\/archiv.siov.sk\/en\/wp-json\/wp\/v2\/users\/1"}],"replies":[{"embeddable":true,"href":"https:\/\/archiv.siov.sk\/en\/wp-json\/wp\/v2\/comments?post=6715"}],"version-history":[{"count":7,"href":"https:\/\/archiv.siov.sk\/en\/wp-json\/wp\/v2\/pages\/6715\/revisions"}],"predecessor-version":[{"id":6833,"href":"https:\/\/archiv.siov.sk\/en\/wp-json\/wp\/v2\/pages\/6715\/revisions\/6833"}],"up":[{"embeddable":true,"href":"https:\/\/archiv.siov.sk\/en\/wp-json\/wp\/v2\/pages\/6652"}],"wp:attachment":[{"href":"https:\/\/archiv.siov.sk\/en\/wp-json\/wp\/v2\/media?parent=6715"}],"curies":[{"name":"wp","href":"https:\/\/api.w.org\/{rel}","templated":true}]}}