{"id":6667,"date":"2020-10-28T08:58:54","date_gmt":"2020-10-28T07:58:54","guid":{"rendered":"https:\/\/archiv.siov.sk\/?page_id=6667"},"modified":"2020-10-30T09:29:10","modified_gmt":"2020-10-30T08:29:10","slug":"registracny-formular-nastroje-modernizacie-odborneho-vzdelavania-19-novembra-2020","status":"publish","type":"page","link":"https:\/\/archiv.siov.sk\/en\/vzdelavanie\/vzdelavacie-podujatia\/seminare-webinare\/registracny-formular-nastroje-modernizacie-odborneho-vzdelavania-19-novembra-2020\/","title":{"rendered":"Registra\u010dn\u00fd formul\u00e1r"},"content":{"rendered":"<div id=\"pl-6667\"  class=\"panel-layout\" >\n<div id=\"pg-6667-0\"  class=\"panel-grid panel-no-style\" >\n<div id=\"pgc-6667-0-0\"  class=\"panel-grid-cell\"  data-weight=\"1\" >\n<div id=\"panel-6667-0-0-0\" class=\"so-panel widget widget_sow-editor panel-first-child\" data-index=\"0\" data-style=\"{&quot;background_image_attachment&quot;:false,&quot;background_display&quot;:&quot;tile&quot;}\" >\n<div class=\"so-widget-sow-editor so-widget-sow-editor-base\">\n<div class=\"siteorigin-widget-tinymce textwidget\">\n<p><strong>Webin\u00e1r<\/strong><\/p>\n<p><span style=\"color: #2e5aa6; font-size: 26px;\">N\u00e1stroje moderniz\u00e1cie odborn\u00e9ho vzdel\u00e1vania&nbsp;s podporou interakt\u00edvnych digit\u00e1lnych technol\u00f3gi\u00ed \u2013 <strong>on line vzdel\u00e1vanie<\/strong><\/span><\/p>\n<p>Term\u00edn: <span style=\"color: #2e5aa6; font-size: 22px;\"><strong>19.novembra 2020 <\/strong><\/span>od 14:30 do 16:30<\/p>\n<p><span style=\"color: #ff0000;\">Registr\u00e1cia je mo\u017en\u00e1 do 15. novembra 2020.<\/span><\/p>\n<\/div>\n<\/div>\n<\/div>\n<div id=\"panel-6667-0-0-1\" class=\"so-panel widget widget_custom_html panel-last-child\" data-index=\"1\" data-style=\"{&quot;background_image_attachment&quot;:false,&quot;background_display&quot;:&quot;tile&quot;}\" >[siteorigin_widget class=&#8220;WP_Widget_Custom_HTML&#8220;]<input type=\"hidden\" value=\"{&quot;instance&quot;:{&quot;title&quot;:&quot;&quot;,&quot;content&quot;:&quot;[contact-form-7 id=\\&quot;6650\\&quot; title=\\&quot;Registra\\u010dn\\u00fd formul\\u00e1r - N\\u00e1stroje moderniz\\u00e1cie odborn\\u00e9ho vzdel\\u00e1vania s podporou interakt\\u00edvnych digit\\u00e1lnych technol\\u00f3gi\\u00ed \\u2013 on line vzdel\\u00e1vanie - 19.novembra 2020\\&quot;]&quot;,&quot;so_sidebar_emulator_id&quot;:&quot;custom_html-666710001&quot;,&quot;option_name&quot;:&quot;widget_custom_html&quot;},&quot;args&quot;:{&quot;before_widget&quot;:&quot;&lt;div id=\\&quot;panel-6667-0-0-1\\&quot; class=\\&quot;so-panel widget widget_custom_html panel-last-child\\&quot; data-index=\\&quot;1\\&quot; data-style=\\&quot;{&amp;quot;background_image_attachment&amp;quot;:false,&amp;quot;background_display&amp;quot;:&amp;quot;tile&amp;quot;}\\&quot; &gt;&quot;,&quot;after_widget&quot;:&quot;&lt;\\\/div&gt;&quot;,&quot;before_title&quot;:&quot;&lt;h3 class=\\&quot;widget-title\\&quot;&gt;&quot;,&quot;after_title&quot;:&quot;&lt;\\\/h3&gt;&quot;,&quot;widget_id&quot;:&quot;widget-0-0-1&quot;}}\" \/>[\/siteorigin_widget]<\/div>\n<\/div>\n<\/div>\n<\/div>\n<style type=\"text\/css\" class=\"panels-style\" data-panels-style-for-post=\"6667\">@import url(https:\/\/archiv.siov.sk\/wp-content\/plugins\/siteorigin-panels\/css\/front-flex.min.css); #pgc-6667-0-0 { width:100%;width:calc(100% - ( 0 * 30px ) ) } #pl-6667 .so-panel { margin-bottom:30px } #pl-6667 .so-panel:last-child { margin-bottom:0px } @media (max-width:780px){ #pg-6667-0.panel-no-style, #pg-6667-0.panel-has-style > .panel-row-style { -webkit-flex-direction:column;-ms-flex-direction:column;flex-direction:column } #pg-6667-0 > .panel-grid-cell , #pg-6667-0 > .panel-row-style > .panel-grid-cell { width:100%;margin-right:0 } #pg-6667-0 { margin-bottom:px } #pl-6667 .panel-grid-cell { padding:0 } #pl-6667 .panel-grid .panel-grid-cell-empty { display:none } #pl-6667 .panel-grid .panel-grid-cell-mobile-last { margin-bottom:0px }  } <\/style>\n","protected":false},"excerpt":{"rendered":"<p>Webin\u00e1r N\u00e1stroje moderniz\u00e1cie odborn\u00e9ho vzdel\u00e1vania&nbsp;s podporou interakt\u00edvnych digit\u00e1lnych technol\u00f3gi\u00ed \u2013 on line vzdel\u00e1vanie Term\u00edn: 19.novembra 2020 od 14:30 do 16:30 Registr\u00e1cia je mo\u017en\u00e1 do 15. novembra 2020. [siteorigin_widget class=&#8220;WP_Widget_Custom_HTML&#8220;][\/siteorigin_widget]<\/p>\n","protected":false},"author":1,"featured_media":0,"parent":6652,"menu_order":0,"comment_status":"closed","ping_status":"closed","template":"","meta":{"site-sidebar-layout":"default","site-content-layout":"","ast-site-content-layout":"default","site-content-style":"default","site-sidebar-style":"default","ast-global-header-display":"","ast-banner-title-visibility":"","ast-main-header-display":"","ast-hfb-above-header-display":"","ast-hfb-below-header-display":"","ast-hfb-mobile-header-display":"","site-post-title":"","ast-breadcrumbs-content":"","ast-featured-img":"","footer-sml-layout":"","ast-disable-related-posts":"","theme-transparent-header-meta":"","adv-header-id-meta":"","stick-header-meta":"","header-above-stick-meta":"","header-main-stick-meta":"","header-below-stick-meta":"","astra-migrate-meta-layouts":"default","ast-page-background-enabled":"default","ast-page-background-meta":{"desktop":{"background-color":"var(--ast-global-color-4)","background-image":"","background-repeat":"repeat","background-position":"center center","background-size":"auto","background-attachment":"scroll","background-type":"","background-media":"","overlay-type":"","overlay-color":"","overlay-opacity":"","overlay-gradient":""},"tablet":{"background-color":"","background-image":"","background-repeat":"repeat","background-position":"center center","background-size":"auto","background-attachment":"scroll","background-type":"","background-media":"","overlay-type":"","overlay-color":"","overlay-opacity":"","overlay-gradient":""},"mobile":{"background-color":"","background-image":"","background-repeat":"repeat","background-position":"center center","background-size":"auto","background-attachment":"scroll","background-type":"","background-media":"","overlay-type":"","overlay-color":"","overlay-opacity":"","overlay-gradient":""}},"ast-content-background-meta":{"desktop":{"background-color":"var(--ast-global-color-5)","background-image":"","background-repeat":"repeat","background-position":"center center","background-size":"auto","background-attachment":"scroll","background-type":"","background-media":"","overlay-type":"","overlay-color":"","overlay-opacity":"","overlay-gradient":""},"tablet":{"background-color":"var(--ast-global-color-5)","background-image":"","background-repeat":"repeat","background-position":"center center","background-size":"auto","background-attachment":"scroll","background-type":"","background-media":"","overlay-type":"","overlay-color":"","overlay-opacity":"","overlay-gradient":""},"mobile":{"background-color":"var(--ast-global-color-5)","background-image":"","background-repeat":"repeat","background-position":"center center","background-size":"auto","background-attachment":"scroll","background-type":"","background-media":"","overlay-type":"","overlay-color":"","overlay-opacity":"","overlay-gradient":""}},"footnotes":""},"class_list":["post-6667","page","type-page","status-publish","hentry"],"yoast_head":"<!-- This site is optimized with the Yoast SEO plugin v27.4 - https:\/\/yoast.com\/product\/yoast-seo-wordpress\/ -->\n<title>Registra\u010dn\u00fd formul\u00e1r - \u0160IOV - \u0161t\u00e1tny in\u0161tit\u00fat odborn\u00e9ho vzdel\u00e1vania<\/title>\n<meta name=\"robots\" content=\"index, follow, max-snippet:-1, max-image-preview:large, max-video-preview:-1\" \/>\n<link rel=\"canonical\" href=\"https:\/\/archiv.siov.sk\/en\/vzdelavanie\/vzdelavacie-podujatia\/seminare-webinare\/registracny-formular-nastroje-modernizacie-odborneho-vzdelavania-19-novembra-2020\/\" \/>\n<meta property=\"og:locale\" content=\"en_GB\" \/>\n<meta property=\"og:type\" content=\"article\" \/>\n<meta property=\"og:title\" content=\"Registra\u010dn\u00fd formul\u00e1r - \u0160IOV - \u0161t\u00e1tny in\u0161tit\u00fat odborn\u00e9ho vzdel\u00e1vania\" \/>\n<meta property=\"og:description\" content=\"Webin\u00e1r N\u00e1stroje moderniz\u00e1cie odborn\u00e9ho vzdel\u00e1vania&nbsp;s podporou interakt\u00edvnych digit\u00e1lnych technol\u00f3gi\u00ed \u2013 on line vzdel\u00e1vanie Term\u00edn: 19.novembra 2020 od 14:30 do 16:30 Registr\u00e1cia je mo\u017en\u00e1 do 15. novembra 2020. [siteorigin_widget class=&#8220;WP_Widget_Custom_HTML&#8220;][\/siteorigin_widget]\" \/>\n<meta property=\"og:url\" content=\"https:\/\/archiv.siov.sk\/en\/vzdelavanie\/vzdelavacie-podujatia\/seminare-webinare\/registracny-formular-nastroje-modernizacie-odborneho-vzdelavania-19-novembra-2020\/\" \/>\n<meta property=\"og:site_name\" content=\"\u0160IOV - \u0161t\u00e1tny in\u0161tit\u00fat odborn\u00e9ho vzdel\u00e1vania\" \/>\n<meta property=\"article:publisher\" content=\"https:\/\/www.facebook.com\/Statnyinstitutodbornehovzdelavania\" \/>\n<meta property=\"article:modified_time\" content=\"2020-10-30T08:29:10+00:00\" \/>\n<meta name=\"twitter:card\" content=\"summary_large_image\" \/>\n<script type=\"application\/ld+json\" class=\"yoast-schema-graph\">{\"@context\":\"https:\\\/\\\/schema.org\",\"@graph\":[{\"@type\":\"WebPage\",\"@id\":\"https:\\\/\\\/archiv.siov.sk\\\/vzdelavanie\\\/vzdelavacie-podujatia\\\/seminare-webinare\\\/registracny-formular-nastroje-modernizacie-odborneho-vzdelavania-19-novembra-2020\\\/\",\"url\":\"https:\\\/\\\/archiv.siov.sk\\\/vzdelavanie\\\/vzdelavacie-podujatia\\\/seminare-webinare\\\/registracny-formular-nastroje-modernizacie-odborneho-vzdelavania-19-novembra-2020\\\/\",\"name\":\"Registra\u010dn\u00fd formul\u00e1r - \u0160IOV - \u0161t\u00e1tny in\u0161tit\u00fat odborn\u00e9ho vzdel\u00e1vania\",\"isPartOf\":{\"@id\":\"https:\\\/\\\/archiv.siov.sk\\\/#website\"},\"datePublished\":\"2020-10-28T07:58:54+00:00\",\"dateModified\":\"2020-10-30T08:29:10+00:00\",\"breadcrumb\":{\"@id\":\"https:\\\/\\\/archiv.siov.sk\\\/vzdelavanie\\\/vzdelavacie-podujatia\\\/seminare-webinare\\\/registracny-formular-nastroje-modernizacie-odborneho-vzdelavania-19-novembra-2020\\\/#breadcrumb\"},\"inLanguage\":\"en-GB\",\"potentialAction\":[{\"@type\":\"ReadAction\",\"target\":[\"https:\\\/\\\/archiv.siov.sk\\\/vzdelavanie\\\/vzdelavacie-podujatia\\\/seminare-webinare\\\/registracny-formular-nastroje-modernizacie-odborneho-vzdelavania-19-novembra-2020\\\/\"]}]},{\"@type\":\"BreadcrumbList\",\"@id\":\"https:\\\/\\\/archiv.siov.sk\\\/vzdelavanie\\\/vzdelavacie-podujatia\\\/seminare-webinare\\\/registracny-formular-nastroje-modernizacie-odborneho-vzdelavania-19-novembra-2020\\\/#breadcrumb\",\"itemListElement\":[{\"@type\":\"ListItem\",\"position\":1,\"name\":\"Home\",\"item\":\"https:\\\/\\\/archiv.siov.sk\\\/\"},{\"@type\":\"ListItem\",\"position\":2,\"name\":\"Vzdel\u00e1vanie\",\"item\":\"https:\\\/\\\/archiv.siov.sk\\\/vzdelavanie\\\/\"},{\"@type\":\"ListItem\",\"position\":3,\"name\":\"Vzdel\u00e1vacie podujatia\",\"item\":\"https:\\\/\\\/archiv.siov.sk\\\/vzdelavanie\\\/vzdelavacie-podujatia\\\/\"},{\"@type\":\"ListItem\",\"position\":4,\"name\":\"On-line semin\u00e1re\\\/webin\u00e1re\",\"item\":\"https:\\\/\\\/archiv.siov.sk\\\/vzdelavanie\\\/vzdelavacie-podujatia\\\/seminare-webinare\\\/\"},{\"@type\":\"ListItem\",\"position\":5,\"name\":\"Registra\u010dn\u00fd formul\u00e1r\"}]},{\"@type\":\"WebSite\",\"@id\":\"https:\\\/\\\/archiv.siov.sk\\\/#website\",\"url\":\"https:\\\/\\\/archiv.siov.sk\\\/\",\"name\":\"\u0160IOV - \u0161t\u00e1tny in\u0161tit\u00fat odborn\u00e9ho vzdel\u00e1vania\",\"description\":\"\",\"publisher\":{\"@id\":\"https:\\\/\\\/archiv.siov.sk\\\/#organization\"},\"potentialAction\":[{\"@type\":\"SearchAction\",\"target\":{\"@type\":\"EntryPoint\",\"urlTemplate\":\"https:\\\/\\\/archiv.siov.sk\\\/?s={search_term_string}\"},\"query-input\":{\"@type\":\"PropertyValueSpecification\",\"valueRequired\":true,\"valueName\":\"search_term_string\"}}],\"inLanguage\":\"en-GB\"},{\"@type\":\"Organization\",\"@id\":\"https:\\\/\\\/archiv.siov.sk\\\/#organization\",\"name\":\"\u0160IOV - \u0161t\u00e1tny in\u0161tit\u00fat odborn\u00e9ho vzdel\u00e1vania\",\"url\":\"https:\\\/\\\/archiv.siov.sk\\\/\",\"logo\":{\"@type\":\"ImageObject\",\"inLanguage\":\"en-GB\",\"@id\":\"https:\\\/\\\/archiv.siov.sk\\\/#\\\/schema\\\/logo\\\/image\\\/\",\"url\":\"https:\\\/\\\/archiv.siov.sk\\\/wp-content\\\/uploads\\\/2024\\\/02\\\/logo-SIOV.png\",\"contentUrl\":\"https:\\\/\\\/archiv.siov.sk\\\/wp-content\\\/uploads\\\/2024\\\/02\\\/logo-SIOV.png\",\"width\":431,\"height\":143,\"caption\":\"\u0160IOV - \u0161t\u00e1tny in\u0161tit\u00fat odborn\u00e9ho vzdel\u00e1vania\"},\"image\":{\"@id\":\"https:\\\/\\\/archiv.siov.sk\\\/#\\\/schema\\\/logo\\\/image\\\/\"},\"sameAs\":[\"https:\\\/\\\/www.facebook.com\\\/Statnyinstitutodbornehovzdelavania\"]}]}<\/script>\n<!-- \/ Yoast SEO plugin. -->","yoast_head_json":{"title":"Registra\u010dn\u00fd formul\u00e1r - \u0160IOV - \u0161t\u00e1tny in\u0161tit\u00fat odborn\u00e9ho vzdel\u00e1vania","robots":{"index":"index","follow":"follow","max-snippet":"max-snippet:-1","max-image-preview":"max-image-preview:large","max-video-preview":"max-video-preview:-1"},"canonical":"https:\/\/archiv.siov.sk\/en\/vzdelavanie\/vzdelavacie-podujatia\/seminare-webinare\/registracny-formular-nastroje-modernizacie-odborneho-vzdelavania-19-novembra-2020\/","og_locale":"en_GB","og_type":"article","og_title":"Registra\u010dn\u00fd formul\u00e1r - \u0160IOV - \u0161t\u00e1tny in\u0161tit\u00fat odborn\u00e9ho vzdel\u00e1vania","og_description":"Webin\u00e1r N\u00e1stroje moderniz\u00e1cie odborn\u00e9ho vzdel\u00e1vania&nbsp;s podporou interakt\u00edvnych digit\u00e1lnych technol\u00f3gi\u00ed \u2013 on line vzdel\u00e1vanie Term\u00edn: 19.novembra 2020 od 14:30 do 16:30 Registr\u00e1cia je mo\u017en\u00e1 do 15. novembra 2020. [siteorigin_widget class=&#8220;WP_Widget_Custom_HTML&#8220;][\/siteorigin_widget]","og_url":"https:\/\/archiv.siov.sk\/en\/vzdelavanie\/vzdelavacie-podujatia\/seminare-webinare\/registracny-formular-nastroje-modernizacie-odborneho-vzdelavania-19-novembra-2020\/","og_site_name":"\u0160IOV - \u0161t\u00e1tny in\u0161tit\u00fat odborn\u00e9ho vzdel\u00e1vania","article_publisher":"https:\/\/www.facebook.com\/Statnyinstitutodbornehovzdelavania","article_modified_time":"2020-10-30T08:29:10+00:00","twitter_card":"summary_large_image","schema":{"@context":"https:\/\/schema.org","@graph":[{"@type":"WebPage","@id":"https:\/\/archiv.siov.sk\/vzdelavanie\/vzdelavacie-podujatia\/seminare-webinare\/registracny-formular-nastroje-modernizacie-odborneho-vzdelavania-19-novembra-2020\/","url":"https:\/\/archiv.siov.sk\/vzdelavanie\/vzdelavacie-podujatia\/seminare-webinare\/registracny-formular-nastroje-modernizacie-odborneho-vzdelavania-19-novembra-2020\/","name":"Registra\u010dn\u00fd formul\u00e1r - \u0160IOV - \u0161t\u00e1tny in\u0161tit\u00fat odborn\u00e9ho vzdel\u00e1vania","isPartOf":{"@id":"https:\/\/archiv.siov.sk\/#website"},"datePublished":"2020-10-28T07:58:54+00:00","dateModified":"2020-10-30T08:29:10+00:00","breadcrumb":{"@id":"https:\/\/archiv.siov.sk\/vzdelavanie\/vzdelavacie-podujatia\/seminare-webinare\/registracny-formular-nastroje-modernizacie-odborneho-vzdelavania-19-novembra-2020\/#breadcrumb"},"inLanguage":"en-GB","potentialAction":[{"@type":"ReadAction","target":["https:\/\/archiv.siov.sk\/vzdelavanie\/vzdelavacie-podujatia\/seminare-webinare\/registracny-formular-nastroje-modernizacie-odborneho-vzdelavania-19-novembra-2020\/"]}]},{"@type":"BreadcrumbList","@id":"https:\/\/archiv.siov.sk\/vzdelavanie\/vzdelavacie-podujatia\/seminare-webinare\/registracny-formular-nastroje-modernizacie-odborneho-vzdelavania-19-novembra-2020\/#breadcrumb","itemListElement":[{"@type":"ListItem","position":1,"name":"Home","item":"https:\/\/archiv.siov.sk\/"},{"@type":"ListItem","position":2,"name":"Vzdel\u00e1vanie","item":"https:\/\/archiv.siov.sk\/vzdelavanie\/"},{"@type":"ListItem","position":3,"name":"Vzdel\u00e1vacie podujatia","item":"https:\/\/archiv.siov.sk\/vzdelavanie\/vzdelavacie-podujatia\/"},{"@type":"ListItem","position":4,"name":"On-line semin\u00e1re\/webin\u00e1re","item":"https:\/\/archiv.siov.sk\/vzdelavanie\/vzdelavacie-podujatia\/seminare-webinare\/"},{"@type":"ListItem","position":5,"name":"Registra\u010dn\u00fd formul\u00e1r"}]},{"@type":"WebSite","@id":"https:\/\/archiv.siov.sk\/#website","url":"https:\/\/archiv.siov.sk\/","name":"\u0160IOV - \u0161t\u00e1tny in\u0161tit\u00fat odborn\u00e9ho vzdel\u00e1vania","description":"","publisher":{"@id":"https:\/\/archiv.siov.sk\/#organization"},"potentialAction":[{"@type":"SearchAction","target":{"@type":"EntryPoint","urlTemplate":"https:\/\/archiv.siov.sk\/?s={search_term_string}"},"query-input":{"@type":"PropertyValueSpecification","valueRequired":true,"valueName":"search_term_string"}}],"inLanguage":"en-GB"},{"@type":"Organization","@id":"https:\/\/archiv.siov.sk\/#organization","name":"\u0160IOV - \u0161t\u00e1tny in\u0161tit\u00fat odborn\u00e9ho vzdel\u00e1vania","url":"https:\/\/archiv.siov.sk\/","logo":{"@type":"ImageObject","inLanguage":"en-GB","@id":"https:\/\/archiv.siov.sk\/#\/schema\/logo\/image\/","url":"https:\/\/archiv.siov.sk\/wp-content\/uploads\/2024\/02\/logo-SIOV.png","contentUrl":"https:\/\/archiv.siov.sk\/wp-content\/uploads\/2024\/02\/logo-SIOV.png","width":431,"height":143,"caption":"\u0160IOV - \u0161t\u00e1tny in\u0161tit\u00fat odborn\u00e9ho vzdel\u00e1vania"},"image":{"@id":"https:\/\/archiv.siov.sk\/#\/schema\/logo\/image\/"},"sameAs":["https:\/\/www.facebook.com\/Statnyinstitutodbornehovzdelavania"]}]}},"_links":{"self":[{"href":"https:\/\/archiv.siov.sk\/en\/wp-json\/wp\/v2\/pages\/6667","targetHints":{"allow":["GET"]}}],"collection":[{"href":"https:\/\/archiv.siov.sk\/en\/wp-json\/wp\/v2\/pages"}],"about":[{"href":"https:\/\/archiv.siov.sk\/en\/wp-json\/wp\/v2\/types\/page"}],"author":[{"embeddable":true,"href":"https:\/\/archiv.siov.sk\/en\/wp-json\/wp\/v2\/users\/1"}],"replies":[{"embeddable":true,"href":"https:\/\/archiv.siov.sk\/en\/wp-json\/wp\/v2\/comments?post=6667"}],"version-history":[{"count":28,"href":"https:\/\/archiv.siov.sk\/en\/wp-json\/wp\/v2\/pages\/6667\/revisions"}],"predecessor-version":[{"id":6670,"href":"https:\/\/archiv.siov.sk\/en\/wp-json\/wp\/v2\/pages\/6667\/revisions\/6670"}],"up":[{"embeddable":true,"href":"https:\/\/archiv.siov.sk\/en\/wp-json\/wp\/v2\/pages\/6652"}],"wp:attachment":[{"href":"https:\/\/archiv.siov.sk\/en\/wp-json\/wp\/v2\/media?parent=6667"}],"curies":[{"name":"wp","href":"https:\/\/api.w.org\/{rel}","templated":true}]}}