{"id":6654,"date":"2020-10-28T08:40:23","date_gmt":"2020-10-28T07:40:23","guid":{"rendered":"https:\/\/archiv.siov.sk\/?page_id=6654"},"modified":"2020-10-30T09:31:10","modified_gmt":"2020-10-30T08:31:10","slug":"nastroje-modernizacie-odborneho-vzdelavania-s-podporou-interaktivnych-digitalnych-technologii-on-line-vzdelavanie-19-novembra-2020","status":"publish","type":"page","link":"https:\/\/archiv.siov.sk\/en\/vzdelavanie\/vzdelavacie-podujatia\/seminare-webinare\/nastroje-modernizacie-odborneho-vzdelavania-s-podporou-interaktivnych-digitalnych-technologii-on-line-vzdelavanie-19-novembra-2020\/","title":{"rendered":"Pozv\u00e1nka"},"content":{"rendered":"<p><strong>Pozv\u00e1nka<\/strong><\/p>\n<p>\u0160t\u00e1tny in\u0161tit\u00fat odborn\u00e9ho vzdel\u00e1vania poz\u00fdva u\u010dite\u013eov odborn\u00fdch predmetov a&nbsp;majstrov odbornej v\u00fdchovy na webin\u00e1r pre za\u010diato\u010dn\u00edkov<\/p>\n<p><span style=\"color: #2e5aa6; font-size: 26px;\">N\u00e1stroje moderniz\u00e1cie odborn\u00e9ho vzdel\u00e1vania s podporou interakt\u00edvnych digit\u00e1lnych technol\u00f3gi\u00ed \u2013 <strong>on line vzdel\u00e1vanie<\/strong><\/span><\/p>\n<p>ktor\u00fd sa uskuto\u010dn\u00ed <span style=\"color: #2e5aa6; font-size: 22px;\"><strong>19.novembra 2020 <\/strong><\/span>od 14:30 do 16:30<\/p>\n<p><strong>Cie\u013e webin\u00e1ra:<\/strong><br \/>\nCie\u013eom webin\u00e1ra je z\u00edskanie vedomost\u00ed a zru\u010dnost\u00ed, ktor\u00e9 m\u00f4\u017eu pedagogick\u00ed zamestnanci vyu\u017ei\u0165 pri tvorbe digit\u00e1lneho obsahu v on &#8211; line vzdel\u00e1van\u00ed.<br \/>\nZameriava sa na zvl\u00e1dnutie z\u00e1kladn\u00fdch n\u00e1strojov a postupov pri v\u00fdu\u010dbe s&nbsp;podporou online n\u00e1strojov potrebn\u00fdch pre orient\u00e1ciu ako u\u010di\u0165 v&nbsp;online priestore.<strong><br \/>\n<strong>Webin\u00e1r je ur\u010den\u00fd pre za\u010diato\u010dn\u00edkov v pou\u017e\u00edvan\u00ed s on-line platformou.<\/strong><\/strong><\/p>\n<p><strong>Cie\u013eov\u00e1 skupina:<\/strong><\/p>\n<ul>\n<li>u\u010dite\u013e odborn\u00fdch predmetov SO\u0160<\/li>\n<li>majster OV SO\u0160<\/li>\n<\/ul>\n<p><strong>Po\u010det \u00fa\u010dastn\u00edkov:<\/strong> 20<br \/>\n<a href=\"\/en\/vzdelavanie\/vzdelavacie-podujatia\/seminare-webinare\/program-webinara-nastroje-modernizacie-odborneho-vzdelavania-s-podporou-interaktivnych-digitalnych-technologii-on-line-vzdelavanie-19-novembra-2020\/\"><strong>Program semin\u00e1ra<\/strong><\/a><br \/>\n<strong>Prihl\u00e1senie:<\/strong> <strong>vyp\u00edsan\u00edm a&nbsp;odoslan\u00edm &nbsp;<a href=\"\/en\/vzdelavanie\/vzdelavacie-podujatia\/seminare-webinare\/registracny-formular-nastroje-modernizacie-odborneho-vzdelavania-19-novembra-2020\/\">Registra\u010dn\u00e9ho formul\u00e1ra<\/a><\/strong><br \/>\n<strong>Link na prihl\u00e1senie do syst\u00e9mu V\u00e1m bude zaslan\u00fd po ukon\u010den\u00ed registr\u00e1cie na V\u00e1\u0161 e-mail.<\/strong><\/p>\n<p>Registr\u00e1cia&nbsp; je mo\u017en\u00e1 <strong>do 15.novembra 2020<\/strong><\/p>\n<p>Te\u0161\u00edme sa na Va\u0161u \u00fa\u010das\u0165<\/p>\n<p>Kontakt: PaedDr. Fartelov\u00e1 M\u00e1ria \u0160IOV, e-mail: maria.fartelova@siov.sk<img decoding=\"async\" class=\"alignright wp-image-2590\" src=\"https:\/\/archiv.siov.sk\/wp-content\/uploads\/2019\/02\/siov-512-150x150.jpg\" alt=\"\u0160IOV\" width=\"120\" height=\"120\" srcset=\"https:\/\/archiv.siov.sk\/wp-content\/uploads\/2019\/02\/siov-512-150x150.jpg 150w, https:\/\/archiv.siov.sk\/wp-content\/uploads\/2019\/02\/siov-512-300x300.jpg 300w, https:\/\/archiv.siov.sk\/wp-content\/uploads\/2019\/02\/siov-512-480x480.jpg 480w, https:\/\/archiv.siov.sk\/wp-content\/uploads\/2019\/02\/siov-512.jpg 512w\" sizes=\"(max-width: 120px) 100vw, 120px\" \/><\/p>\n<p><img decoding=\"async\" class=\"wp-image-6664 alignleft\" src=\"\/wp-content\/uploads\/2020\/10\/ministerstvo-skolstva-sr.jpg\" alt=\"Ministerstvo \u0161kolstva, vedy, v\u00fdskumu a \u0161portu Slovenskej republiky\" width=\"180\" height=\"66\" srcset=\"https:\/\/archiv.siov.sk\/wp-content\/uploads\/2020\/10\/ministerstvo-skolstva-sr.jpg 317w, https:\/\/archiv.siov.sk\/wp-content\/uploads\/2020\/10\/ministerstvo-skolstva-sr-300x110.jpg 300w\" sizes=\"(max-width: 180px) 100vw, 180px\" \/><\/p>","protected":false},"excerpt":{"rendered":"<p>Pozv\u00e1nka \u0160t\u00e1tny in\u0161tit\u00fat odborn\u00e9ho vzdel\u00e1vania poz\u00fdva u\u010dite\u013eov odborn\u00fdch predmetov a&nbsp;majstrov odbornej v\u00fdchovy na webin\u00e1r pre za\u010diato\u010dn\u00edkov N\u00e1stroje moderniz\u00e1cie odborn\u00e9ho vzdel\u00e1vania s podporou interakt\u00edvnych digit\u00e1lnych technol\u00f3gi\u00ed \u2013 on line vzdel\u00e1vanie ktor\u00fd sa uskuto\u010dn\u00ed 19.novembra 2020 od 14:30 do 16:30 Cie\u013e webin\u00e1ra: Cie\u013eom webin\u00e1ra je z\u00edskanie vedomost\u00ed a zru\u010dnost\u00ed, ktor\u00e9 m\u00f4\u017eu pedagogick\u00ed zamestnanci vyu\u017ei\u0165 pri tvorbe digit\u00e1lneho [&hellip;]<\/p>\n","protected":false},"author":1,"featured_media":0,"parent":6652,"menu_order":0,"comment_status":"closed","ping_status":"closed","template":"","meta":{"site-sidebar-layout":"default","site-content-layout":"","ast-site-content-layout":"default","site-content-style":"default","site-sidebar-style":"default","ast-global-header-display":"","ast-banner-title-visibility":"","ast-main-header-display":"","ast-hfb-above-header-display":"","ast-hfb-below-header-display":"","ast-hfb-mobile-header-display":"","site-post-title":"","ast-breadcrumbs-content":"","ast-featured-img":"","footer-sml-layout":"","ast-disable-related-posts":"","theme-transparent-header-meta":"","adv-header-id-meta":"","stick-header-meta":"","header-above-stick-meta":"","header-main-stick-meta":"","header-below-stick-meta":"","astra-migrate-meta-layouts":"default","ast-page-background-enabled":"default","ast-page-background-meta":{"desktop":{"background-color":"var(--ast-global-color-4)","background-image":"","background-repeat":"repeat","background-position":"center center","background-size":"auto","background-attachment":"scroll","background-type":"","background-media":"","overlay-type":"","overlay-color":"","overlay-opacity":"","overlay-gradient":""},"tablet":{"background-color":"","background-image":"","background-repeat":"repeat","background-position":"center center","background-size":"auto","background-attachment":"scroll","background-type":"","background-media":"","overlay-type":"","overlay-color":"","overlay-opacity":"","overlay-gradient":""},"mobile":{"background-color":"","background-image":"","background-repeat":"repeat","background-position":"center center","background-size":"auto","background-attachment":"scroll","background-type":"","background-media":"","overlay-type":"","overlay-color":"","overlay-opacity":"","overlay-gradient":""}},"ast-content-background-meta":{"desktop":{"background-color":"var(--ast-global-color-5)","background-image":"","background-repeat":"repeat","background-position":"center center","background-size":"auto","background-attachment":"scroll","background-type":"","background-media":"","overlay-type":"","overlay-color":"","overlay-opacity":"","overlay-gradient":""},"tablet":{"background-color":"var(--ast-global-color-5)","background-image":"","background-repeat":"repeat","background-position":"center center","background-size":"auto","background-attachment":"scroll","background-type":"","background-media":"","overlay-type":"","overlay-color":"","overlay-opacity":"","overlay-gradient":""},"mobile":{"background-color":"var(--ast-global-color-5)","background-image":"","background-repeat":"repeat","background-position":"center center","background-size":"auto","background-attachment":"scroll","background-type":"","background-media":"","overlay-type":"","overlay-color":"","overlay-opacity":"","overlay-gradient":""}},"footnotes":""},"class_list":["post-6654","page","type-page","status-publish","hentry"],"yoast_head":"<!-- This site is optimized with the Yoast SEO plugin v27.4 - https:\/\/yoast.com\/product\/yoast-seo-wordpress\/ -->\n<title>Pozv\u00e1nka - \u0160IOV - \u0161t\u00e1tny in\u0161tit\u00fat odborn\u00e9ho vzdel\u00e1vania<\/title>\n<meta name=\"robots\" content=\"index, follow, max-snippet:-1, max-image-preview:large, max-video-preview:-1\" \/>\n<link rel=\"canonical\" href=\"https:\/\/archiv.siov.sk\/en\/vzdelavanie\/vzdelavacie-podujatia\/seminare-webinare\/nastroje-modernizacie-odborneho-vzdelavania-s-podporou-interaktivnych-digitalnych-technologii-on-line-vzdelavanie-19-novembra-2020\/\" \/>\n<meta property=\"og:locale\" content=\"en_GB\" \/>\n<meta property=\"og:type\" content=\"article\" \/>\n<meta property=\"og:title\" content=\"Pozv\u00e1nka - \u0160IOV - \u0161t\u00e1tny in\u0161tit\u00fat odborn\u00e9ho vzdel\u00e1vania\" \/>\n<meta property=\"og:description\" content=\"Pozv\u00e1nka \u0160t\u00e1tny in\u0161tit\u00fat odborn\u00e9ho vzdel\u00e1vania poz\u00fdva u\u010dite\u013eov odborn\u00fdch predmetov a&nbsp;majstrov odbornej v\u00fdchovy na webin\u00e1r pre za\u010diato\u010dn\u00edkov N\u00e1stroje moderniz\u00e1cie odborn\u00e9ho vzdel\u00e1vania s podporou interakt\u00edvnych digit\u00e1lnych technol\u00f3gi\u00ed \u2013 on line vzdel\u00e1vanie ktor\u00fd sa uskuto\u010dn\u00ed 19.novembra 2020 od 14:30 do 16:30 Cie\u013e webin\u00e1ra: Cie\u013eom webin\u00e1ra je z\u00edskanie vedomost\u00ed a zru\u010dnost\u00ed, ktor\u00e9 m\u00f4\u017eu pedagogick\u00ed zamestnanci vyu\u017ei\u0165 pri tvorbe digit\u00e1lneho [&hellip;]\" \/>\n<meta property=\"og:url\" content=\"https:\/\/archiv.siov.sk\/en\/vzdelavanie\/vzdelavacie-podujatia\/seminare-webinare\/nastroje-modernizacie-odborneho-vzdelavania-s-podporou-interaktivnych-digitalnych-technologii-on-line-vzdelavanie-19-novembra-2020\/\" \/>\n<meta property=\"og:site_name\" content=\"\u0160IOV - \u0161t\u00e1tny in\u0161tit\u00fat odborn\u00e9ho vzdel\u00e1vania\" \/>\n<meta property=\"article:publisher\" content=\"https:\/\/www.facebook.com\/Statnyinstitutodbornehovzdelavania\" \/>\n<meta property=\"article:modified_time\" content=\"2020-10-30T08:31:10+00:00\" \/>\n<meta property=\"og:image\" content=\"https:\/\/archiv.siov.sk\/wp-content\/uploads\/2019\/02\/siov-512-150x150.jpg\" \/>\n<meta name=\"twitter:card\" content=\"summary_large_image\" \/>\n<meta name=\"twitter:label1\" content=\"Estimated reading time\" \/>\n\t<meta name=\"twitter:data1\" content=\"1 minute\" \/>\n<script type=\"application\/ld+json\" class=\"yoast-schema-graph\">{\"@context\":\"https:\\\/\\\/schema.org\",\"@graph\":[{\"@type\":\"WebPage\",\"@id\":\"https:\\\/\\\/archiv.siov.sk\\\/vzdelavanie\\\/vzdelavacie-podujatia\\\/seminare-webinare\\\/nastroje-modernizacie-odborneho-vzdelavania-s-podporou-interaktivnych-digitalnych-technologii-on-line-vzdelavanie-19-novembra-2020\\\/\",\"url\":\"https:\\\/\\\/archiv.siov.sk\\\/vzdelavanie\\\/vzdelavacie-podujatia\\\/seminare-webinare\\\/nastroje-modernizacie-odborneho-vzdelavania-s-podporou-interaktivnych-digitalnych-technologii-on-line-vzdelavanie-19-novembra-2020\\\/\",\"name\":\"Pozv\u00e1nka - \u0160IOV - \u0161t\u00e1tny in\u0161tit\u00fat odborn\u00e9ho vzdel\u00e1vania\",\"isPartOf\":{\"@id\":\"https:\\\/\\\/archiv.siov.sk\\\/#website\"},\"primaryImageOfPage\":{\"@id\":\"https:\\\/\\\/archiv.siov.sk\\\/vzdelavanie\\\/vzdelavacie-podujatia\\\/seminare-webinare\\\/nastroje-modernizacie-odborneho-vzdelavania-s-podporou-interaktivnych-digitalnych-technologii-on-line-vzdelavanie-19-novembra-2020\\\/#primaryimage\"},\"image\":{\"@id\":\"https:\\\/\\\/archiv.siov.sk\\\/vzdelavanie\\\/vzdelavacie-podujatia\\\/seminare-webinare\\\/nastroje-modernizacie-odborneho-vzdelavania-s-podporou-interaktivnych-digitalnych-technologii-on-line-vzdelavanie-19-novembra-2020\\\/#primaryimage\"},\"thumbnailUrl\":\"https:\\\/\\\/archiv.siov.sk\\\/wp-content\\\/uploads\\\/2019\\\/02\\\/siov-512-150x150.jpg\",\"datePublished\":\"2020-10-28T07:40:23+00:00\",\"dateModified\":\"2020-10-30T08:31:10+00:00\",\"breadcrumb\":{\"@id\":\"https:\\\/\\\/archiv.siov.sk\\\/vzdelavanie\\\/vzdelavacie-podujatia\\\/seminare-webinare\\\/nastroje-modernizacie-odborneho-vzdelavania-s-podporou-interaktivnych-digitalnych-technologii-on-line-vzdelavanie-19-novembra-2020\\\/#breadcrumb\"},\"inLanguage\":\"en-GB\",\"potentialAction\":[{\"@type\":\"ReadAction\",\"target\":[\"https:\\\/\\\/archiv.siov.sk\\\/vzdelavanie\\\/vzdelavacie-podujatia\\\/seminare-webinare\\\/nastroje-modernizacie-odborneho-vzdelavania-s-podporou-interaktivnych-digitalnych-technologii-on-line-vzdelavanie-19-novembra-2020\\\/\"]}]},{\"@type\":\"ImageObject\",\"inLanguage\":\"en-GB\",\"@id\":\"https:\\\/\\\/archiv.siov.sk\\\/vzdelavanie\\\/vzdelavacie-podujatia\\\/seminare-webinare\\\/nastroje-modernizacie-odborneho-vzdelavania-s-podporou-interaktivnych-digitalnych-technologii-on-line-vzdelavanie-19-novembra-2020\\\/#primaryimage\",\"url\":\"https:\\\/\\\/archiv.siov.sk\\\/wp-content\\\/uploads\\\/2019\\\/02\\\/siov-512-150x150.jpg\",\"contentUrl\":\"https:\\\/\\\/archiv.siov.sk\\\/wp-content\\\/uploads\\\/2019\\\/02\\\/siov-512-150x150.jpg\"},{\"@type\":\"BreadcrumbList\",\"@id\":\"https:\\\/\\\/archiv.siov.sk\\\/vzdelavanie\\\/vzdelavacie-podujatia\\\/seminare-webinare\\\/nastroje-modernizacie-odborneho-vzdelavania-s-podporou-interaktivnych-digitalnych-technologii-on-line-vzdelavanie-19-novembra-2020\\\/#breadcrumb\",\"itemListElement\":[{\"@type\":\"ListItem\",\"position\":1,\"name\":\"Home\",\"item\":\"https:\\\/\\\/archiv.siov.sk\\\/\"},{\"@type\":\"ListItem\",\"position\":2,\"name\":\"Vzdel\u00e1vanie\",\"item\":\"https:\\\/\\\/archiv.siov.sk\\\/vzdelavanie\\\/\"},{\"@type\":\"ListItem\",\"position\":3,\"name\":\"Vzdel\u00e1vacie podujatia\",\"item\":\"https:\\\/\\\/archiv.siov.sk\\\/vzdelavanie\\\/vzdelavacie-podujatia\\\/\"},{\"@type\":\"ListItem\",\"position\":4,\"name\":\"On-line semin\u00e1re\\\/webin\u00e1re\",\"item\":\"https:\\\/\\\/archiv.siov.sk\\\/vzdelavanie\\\/vzdelavacie-podujatia\\\/seminare-webinare\\\/\"},{\"@type\":\"ListItem\",\"position\":5,\"name\":\"Pozv\u00e1nka\"}]},{\"@type\":\"WebSite\",\"@id\":\"https:\\\/\\\/archiv.siov.sk\\\/#website\",\"url\":\"https:\\\/\\\/archiv.siov.sk\\\/\",\"name\":\"\u0160IOV - \u0161t\u00e1tny in\u0161tit\u00fat odborn\u00e9ho vzdel\u00e1vania\",\"description\":\"\",\"publisher\":{\"@id\":\"https:\\\/\\\/archiv.siov.sk\\\/#organization\"},\"potentialAction\":[{\"@type\":\"SearchAction\",\"target\":{\"@type\":\"EntryPoint\",\"urlTemplate\":\"https:\\\/\\\/archiv.siov.sk\\\/?s={search_term_string}\"},\"query-input\":{\"@type\":\"PropertyValueSpecification\",\"valueRequired\":true,\"valueName\":\"search_term_string\"}}],\"inLanguage\":\"en-GB\"},{\"@type\":\"Organization\",\"@id\":\"https:\\\/\\\/archiv.siov.sk\\\/#organization\",\"name\":\"\u0160IOV - \u0161t\u00e1tny in\u0161tit\u00fat odborn\u00e9ho vzdel\u00e1vania\",\"url\":\"https:\\\/\\\/archiv.siov.sk\\\/\",\"logo\":{\"@type\":\"ImageObject\",\"inLanguage\":\"en-GB\",\"@id\":\"https:\\\/\\\/archiv.siov.sk\\\/#\\\/schema\\\/logo\\\/image\\\/\",\"url\":\"https:\\\/\\\/archiv.siov.sk\\\/wp-content\\\/uploads\\\/2024\\\/02\\\/logo-SIOV.png\",\"contentUrl\":\"https:\\\/\\\/archiv.siov.sk\\\/wp-content\\\/uploads\\\/2024\\\/02\\\/logo-SIOV.png\",\"width\":431,\"height\":143,\"caption\":\"\u0160IOV - \u0161t\u00e1tny in\u0161tit\u00fat odborn\u00e9ho vzdel\u00e1vania\"},\"image\":{\"@id\":\"https:\\\/\\\/archiv.siov.sk\\\/#\\\/schema\\\/logo\\\/image\\\/\"},\"sameAs\":[\"https:\\\/\\\/www.facebook.com\\\/Statnyinstitutodbornehovzdelavania\"]}]}<\/script>\n<!-- \/ Yoast SEO plugin. -->","yoast_head_json":{"title":"Pozv\u00e1nka - \u0160IOV - \u0161t\u00e1tny in\u0161tit\u00fat odborn\u00e9ho vzdel\u00e1vania","robots":{"index":"index","follow":"follow","max-snippet":"max-snippet:-1","max-image-preview":"max-image-preview:large","max-video-preview":"max-video-preview:-1"},"canonical":"https:\/\/archiv.siov.sk\/en\/vzdelavanie\/vzdelavacie-podujatia\/seminare-webinare\/nastroje-modernizacie-odborneho-vzdelavania-s-podporou-interaktivnych-digitalnych-technologii-on-line-vzdelavanie-19-novembra-2020\/","og_locale":"en_GB","og_type":"article","og_title":"Pozv\u00e1nka - \u0160IOV - \u0161t\u00e1tny in\u0161tit\u00fat odborn\u00e9ho vzdel\u00e1vania","og_description":"Pozv\u00e1nka \u0160t\u00e1tny in\u0161tit\u00fat odborn\u00e9ho vzdel\u00e1vania poz\u00fdva u\u010dite\u013eov odborn\u00fdch predmetov a&nbsp;majstrov odbornej v\u00fdchovy na webin\u00e1r pre za\u010diato\u010dn\u00edkov N\u00e1stroje moderniz\u00e1cie odborn\u00e9ho vzdel\u00e1vania s podporou interakt\u00edvnych digit\u00e1lnych technol\u00f3gi\u00ed \u2013 on line vzdel\u00e1vanie ktor\u00fd sa uskuto\u010dn\u00ed 19.novembra 2020 od 14:30 do 16:30 Cie\u013e webin\u00e1ra: Cie\u013eom webin\u00e1ra je z\u00edskanie vedomost\u00ed a zru\u010dnost\u00ed, ktor\u00e9 m\u00f4\u017eu pedagogick\u00ed zamestnanci vyu\u017ei\u0165 pri tvorbe digit\u00e1lneho [&hellip;]","og_url":"https:\/\/archiv.siov.sk\/en\/vzdelavanie\/vzdelavacie-podujatia\/seminare-webinare\/nastroje-modernizacie-odborneho-vzdelavania-s-podporou-interaktivnych-digitalnych-technologii-on-line-vzdelavanie-19-novembra-2020\/","og_site_name":"\u0160IOV - \u0161t\u00e1tny in\u0161tit\u00fat odborn\u00e9ho vzdel\u00e1vania","article_publisher":"https:\/\/www.facebook.com\/Statnyinstitutodbornehovzdelavania","article_modified_time":"2020-10-30T08:31:10+00:00","og_image":[{"url":"https:\/\/archiv.siov.sk\/wp-content\/uploads\/2019\/02\/siov-512-150x150.jpg","type":"","width":"","height":""}],"twitter_card":"summary_large_image","twitter_misc":{"Estimated reading time":"1 minute"},"schema":{"@context":"https:\/\/schema.org","@graph":[{"@type":"WebPage","@id":"https:\/\/archiv.siov.sk\/vzdelavanie\/vzdelavacie-podujatia\/seminare-webinare\/nastroje-modernizacie-odborneho-vzdelavania-s-podporou-interaktivnych-digitalnych-technologii-on-line-vzdelavanie-19-novembra-2020\/","url":"https:\/\/archiv.siov.sk\/vzdelavanie\/vzdelavacie-podujatia\/seminare-webinare\/nastroje-modernizacie-odborneho-vzdelavania-s-podporou-interaktivnych-digitalnych-technologii-on-line-vzdelavanie-19-novembra-2020\/","name":"Pozv\u00e1nka - \u0160IOV - \u0161t\u00e1tny in\u0161tit\u00fat odborn\u00e9ho vzdel\u00e1vania","isPartOf":{"@id":"https:\/\/archiv.siov.sk\/#website"},"primaryImageOfPage":{"@id":"https:\/\/archiv.siov.sk\/vzdelavanie\/vzdelavacie-podujatia\/seminare-webinare\/nastroje-modernizacie-odborneho-vzdelavania-s-podporou-interaktivnych-digitalnych-technologii-on-line-vzdelavanie-19-novembra-2020\/#primaryimage"},"image":{"@id":"https:\/\/archiv.siov.sk\/vzdelavanie\/vzdelavacie-podujatia\/seminare-webinare\/nastroje-modernizacie-odborneho-vzdelavania-s-podporou-interaktivnych-digitalnych-technologii-on-line-vzdelavanie-19-novembra-2020\/#primaryimage"},"thumbnailUrl":"https:\/\/archiv.siov.sk\/wp-content\/uploads\/2019\/02\/siov-512-150x150.jpg","datePublished":"2020-10-28T07:40:23+00:00","dateModified":"2020-10-30T08:31:10+00:00","breadcrumb":{"@id":"https:\/\/archiv.siov.sk\/vzdelavanie\/vzdelavacie-podujatia\/seminare-webinare\/nastroje-modernizacie-odborneho-vzdelavania-s-podporou-interaktivnych-digitalnych-technologii-on-line-vzdelavanie-19-novembra-2020\/#breadcrumb"},"inLanguage":"en-GB","potentialAction":[{"@type":"ReadAction","target":["https:\/\/archiv.siov.sk\/vzdelavanie\/vzdelavacie-podujatia\/seminare-webinare\/nastroje-modernizacie-odborneho-vzdelavania-s-podporou-interaktivnych-digitalnych-technologii-on-line-vzdelavanie-19-novembra-2020\/"]}]},{"@type":"ImageObject","inLanguage":"en-GB","@id":"https:\/\/archiv.siov.sk\/vzdelavanie\/vzdelavacie-podujatia\/seminare-webinare\/nastroje-modernizacie-odborneho-vzdelavania-s-podporou-interaktivnych-digitalnych-technologii-on-line-vzdelavanie-19-novembra-2020\/#primaryimage","url":"https:\/\/archiv.siov.sk\/wp-content\/uploads\/2019\/02\/siov-512-150x150.jpg","contentUrl":"https:\/\/archiv.siov.sk\/wp-content\/uploads\/2019\/02\/siov-512-150x150.jpg"},{"@type":"BreadcrumbList","@id":"https:\/\/archiv.siov.sk\/vzdelavanie\/vzdelavacie-podujatia\/seminare-webinare\/nastroje-modernizacie-odborneho-vzdelavania-s-podporou-interaktivnych-digitalnych-technologii-on-line-vzdelavanie-19-novembra-2020\/#breadcrumb","itemListElement":[{"@type":"ListItem","position":1,"name":"Home","item":"https:\/\/archiv.siov.sk\/"},{"@type":"ListItem","position":2,"name":"Vzdel\u00e1vanie","item":"https:\/\/archiv.siov.sk\/vzdelavanie\/"},{"@type":"ListItem","position":3,"name":"Vzdel\u00e1vacie podujatia","item":"https:\/\/archiv.siov.sk\/vzdelavanie\/vzdelavacie-podujatia\/"},{"@type":"ListItem","position":4,"name":"On-line semin\u00e1re\/webin\u00e1re","item":"https:\/\/archiv.siov.sk\/vzdelavanie\/vzdelavacie-podujatia\/seminare-webinare\/"},{"@type":"ListItem","position":5,"name":"Pozv\u00e1nka"}]},{"@type":"WebSite","@id":"https:\/\/archiv.siov.sk\/#website","url":"https:\/\/archiv.siov.sk\/","name":"\u0160IOV - \u0161t\u00e1tny in\u0161tit\u00fat odborn\u00e9ho vzdel\u00e1vania","description":"","publisher":{"@id":"https:\/\/archiv.siov.sk\/#organization"},"potentialAction":[{"@type":"SearchAction","target":{"@type":"EntryPoint","urlTemplate":"https:\/\/archiv.siov.sk\/?s={search_term_string}"},"query-input":{"@type":"PropertyValueSpecification","valueRequired":true,"valueName":"search_term_string"}}],"inLanguage":"en-GB"},{"@type":"Organization","@id":"https:\/\/archiv.siov.sk\/#organization","name":"\u0160IOV - \u0161t\u00e1tny in\u0161tit\u00fat odborn\u00e9ho vzdel\u00e1vania","url":"https:\/\/archiv.siov.sk\/","logo":{"@type":"ImageObject","inLanguage":"en-GB","@id":"https:\/\/archiv.siov.sk\/#\/schema\/logo\/image\/","url":"https:\/\/archiv.siov.sk\/wp-content\/uploads\/2024\/02\/logo-SIOV.png","contentUrl":"https:\/\/archiv.siov.sk\/wp-content\/uploads\/2024\/02\/logo-SIOV.png","width":431,"height":143,"caption":"\u0160IOV - \u0161t\u00e1tny in\u0161tit\u00fat odborn\u00e9ho vzdel\u00e1vania"},"image":{"@id":"https:\/\/archiv.siov.sk\/#\/schema\/logo\/image\/"},"sameAs":["https:\/\/www.facebook.com\/Statnyinstitutodbornehovzdelavania"]}]}},"_links":{"self":[{"href":"https:\/\/archiv.siov.sk\/en\/wp-json\/wp\/v2\/pages\/6654","targetHints":{"allow":["GET"]}}],"collection":[{"href":"https:\/\/archiv.siov.sk\/en\/wp-json\/wp\/v2\/pages"}],"about":[{"href":"https:\/\/archiv.siov.sk\/en\/wp-json\/wp\/v2\/types\/page"}],"author":[{"embeddable":true,"href":"https:\/\/archiv.siov.sk\/en\/wp-json\/wp\/v2\/users\/1"}],"replies":[{"embeddable":true,"href":"https:\/\/archiv.siov.sk\/en\/wp-json\/wp\/v2\/comments?post=6654"}],"version-history":[{"count":28,"href":"https:\/\/archiv.siov.sk\/en\/wp-json\/wp\/v2\/pages\/6654\/revisions"}],"predecessor-version":[{"id":6828,"href":"https:\/\/archiv.siov.sk\/en\/wp-json\/wp\/v2\/pages\/6654\/revisions\/6828"}],"up":[{"embeddable":true,"href":"https:\/\/archiv.siov.sk\/en\/wp-json\/wp\/v2\/pages\/6652"}],"wp:attachment":[{"href":"https:\/\/archiv.siov.sk\/en\/wp-json\/wp\/v2\/media?parent=6654"}],"curies":[{"name":"wp","href":"https:\/\/api.w.org\/{rel}","templated":true}]}}