{"id":65,"date":"2019-01-25T10:13:46","date_gmt":"2019-01-25T09:13:46","guid":{"rendered":"http:\/\/archiv.siov.sk\/?page_id=65"},"modified":"2021-07-23T08:01:54","modified_gmt":"2021-07-23T06:01:54","slug":"narodny-projekt-vzdelavania-ucitelov-k-tvorbe-skvp","status":"publish","type":"page","link":"https:\/\/archiv.siov.sk\/en\/projekty\/zrealizovane-projekty\/narodny-projekt-vzdelavania-ucitelov-k-tvorbe-skvp\/","title":{"rendered":"National project for teacher education on the creation of \u0160KVP"},"content":{"rendered":"<div data-elementor-type=\"wp-page\" data-elementor-id=\"65\" class=\"elementor elementor-65\" data-elementor-post-type=\"page\">\n\t\t\t\t\t\t<section class=\"elementor-section elementor-top-section elementor-element elementor-element-dbd35c8 elementor-section-boxed elementor-section-height-default elementor-section-height-default\" data-id=\"dbd35c8\" data-element_type=\"section\" data-e-type=\"section\">\n\t\t\t\t\t\t<div class=\"elementor-container elementor-column-gap-default\">\n\t\t\t\t\t<div class=\"elementor-column elementor-col-100 elementor-top-column elementor-element elementor-element-89c7a78\" data-id=\"89c7a78\" data-element_type=\"column\" data-e-type=\"column\">\n\t\t\t<div class=\"elementor-widget-wrap elementor-element-populated\">\n\t\t\t\t\t\t<div class=\"elementor-element elementor-element-07d5e8a elementor-widget-divider--view-line elementor-widget elementor-widget-divider\" data-id=\"07d5e8a\" data-element_type=\"widget\" data-e-type=\"widget\" data-widget_type=\"divider.default\">\n\t\t\t\t<div class=\"elementor-widget-container\">\n\t\t\t\t\t\t\t<div class=\"elementor-divider\">\n\t\t\t<span class=\"elementor-divider-separator\">\n\t\t\t\t\t\t<\/span>\n\t\t<\/div>\n\t\t\t\t\t\t<\/div>\n\t\t\t\t<\/div>\n\t\t\t\t<div class=\"elementor-element elementor-element-891f5e0 elementor-widget elementor-widget-heading\" data-id=\"891f5e0\" data-element_type=\"widget\" data-e-type=\"widget\" data-widget_type=\"heading.default\">\n\t\t\t\t<div class=\"elementor-widget-container\">\n\t\t\t\t\t<h2 class=\"elementor-heading-title elementor-size-default\">National project for teacher education on the creation of \u0160KVP<\/h2>\t\t\t\t<\/div>\n\t\t\t\t<\/div>\n\t\t\t\t\t<\/div>\n\t\t<\/div>\n\t\t\t\t\t<\/div>\n\t\t<\/section>\n\t\t\t\t<section class=\"elementor-section elementor-top-section elementor-element elementor-element-70252e5d elementor-section-boxed elementor-section-height-default elementor-section-height-default\" data-id=\"70252e5d\" data-element_type=\"section\" data-e-type=\"section\">\n\t\t\t\t\t\t<div class=\"elementor-container elementor-column-gap-default\">\n\t\t\t\t\t<div class=\"elementor-column elementor-col-100 elementor-top-column elementor-element elementor-element-2c55883c\" data-id=\"2c55883c\" data-element_type=\"column\" data-e-type=\"column\">\n\t\t\t<div class=\"elementor-widget-wrap elementor-element-populated\">\n\t\t\t\t\t\t<div class=\"elementor-element elementor-element-405cca57 elementor-widget elementor-widget-text-editor\" data-id=\"405cca57\" data-element_type=\"widget\" data-e-type=\"widget\" data-widget_type=\"text-editor.default\">\n\t\t\t\t<div class=\"elementor-widget-container\">\n\t\t\t\t\t\t\t\t\tN\u00e1rodn\u00fd projekt \u201eVzdel\u00e1vanie u\u010dite\u013eov v s\u00favislosti s tvorbou \u0161kolsk\u00fdch vzdel\u00e1vac\u00edch programov\u201c skon\u010dil v s\u00falade so Zmluvou o poskytnut\u00ed NFP k 31.12.2014.\r\n<table>\r\n<tbody>\r\n<tr>\r\n<td>N\u00e1rodn\u00fd projekt:<\/td>\r\n<td><a href=\"\/en\/projekty\/zrealizovane-projekty\/narodny-projekt-vzdelavania-ucitelov-k-tvorbe-skvp\/vydane-multimedialne-vzdelavacie-materialy-v-ramci-narodneho-projektu-spolufinancovaneho-z-prostriedkov-eu\/\" target=\"_blank\" rel=\"noopener noreferrer\">Vzdel\u00e1vanie u\u010dite\u013eov v s\u00favislosti s tvorbou \u0161kolsk\u00fdch vzdel\u00e1vac\u00edch programov<\/a><\/td>\r\n<\/tr>\r\n<tr>\r\n<td>K\u00f3d ITMS projektu:<\/td>\r\n<td>26110130085<\/td>\r\n<\/tr>\r\n<tr>\r\n<td>Cie\u013e:<\/td>\r\n<td>Konvergencia<\/td>\r\n<\/tr>\r\n<tr>\r\n<td>K\u00f3d ITMS projektu:<\/td>\r\n<td>26140130015<\/td>\r\n<\/tr>\r\n<tr>\r\n<td>Cie\u013e:<\/td>\r\n<td>Cie\u013e Region\u00e1lna konkurencie schopnos\u0165 a zamestnanos\u0165 (RKZ)<\/td>\r\n<\/tr>\r\n<\/tbody>\r\n<\/table>\r\n<h4>Z\u00e1vere\u010dn\u00e1 spr\u00e1va<\/h4>\r\n<ul class=\"svp_links\">\r\n \t<li><a href=\"\/wp-content\/uploads\/2020\/04\/Vysledky-nasledneho-monitorovania-k-30-03-2020.pdf\" target=\"_blank\" rel=\"noopener noreferrer\">V\u00fdsledky n\u00e1sledn\u00e9ho monitorovania k&nbsp;30.03.2020<\/a><\/li>\r\n<\/ul>\r\n\r\n<hr>\r\n\r\n<h4>V\u00fdstupy<\/h4>\r\n<ul>\r\n \t<li><a href=\"\/en\/projekty\/zrealizovane-projekty\/vzdelavacie-materialy-k-tvorbe-skolskych-vzdelavacich-programov\/\">Vzdel\u00e1vacie materi\u00e1ly k tvorbe \u0161kolsk\u00fdch vzdel\u00e1vac\u00edch programov<\/a><\/li>\r\n \t<li><a href=\"\/en\/vzdelavanie\/ucebnice-a-ucebne-pomocky\/vzdelavacie-materialy\/\">Vzdel\u00e1vacie materi\u00e1ly vydan\u00e9 v&nbsp;r\u00e1mci udr\u017eate\u013enosti n\u00e1rodn\u00e9ho projektu<\/a><\/li>\r\n \t<li>U\u010dite\u013esk\u00e9 noviny: <a href=\"https:\/\/www.ucn.sk\/\" target=\"_blank\" rel=\"noopener noreferrer\">https:\/\/www.ucn.sk\/<\/a> a <a href=\"http:\/\/distancne.vzdelavanie.siov.sk\/mod\/folder\/view.php?id=25\" target=\"_blank\" rel=\"noopener noreferrer\">http:\/\/distancne.vzdelavanie.siov.sk\/mod\/folder\/view.php?id=25<\/a><\/li>\r\n \t<li>Multimedi\u00e1lne vzdel\u00e1vacie materi\u00e1ly: <a href=\"\/en\/projekty\/zrealizovane-projekty\/narodny-projekt-vzdelavania-ucitelov-k-tvorbe-skvp\/vydane-multimedialne-vzdelavacie-materialy-v-ramci-narodneho-projektu-spolufinancovaneho-z-prostriedkov-eu\/\" target=\"_blank\" rel=\"noopener noreferrer\">Vydan\u00e9 multimedi\u00e1lne vzdel\u00e1vacie materi\u00e1ly v r\u00e1mci n\u00e1rodn\u00e9ho projektu spolufinancovan\u00e9ho z prostriedkov E\u00da<\/a><\/li>\r\n \t<li>Vzdel\u00e1vac\u00ed port\u00e1l: <a href=\"http:\/\/distancne.vzdelavanie.siov.sk\/\" target=\"_blank\" rel=\"noopener noreferrer\">http:\/\/distancne.vzdelavanie.siov.sk\/<\/a><\/li>\r\n<\/ul>\t\t\t\t\t\t\t\t<\/div>\n\t\t\t\t<\/div>\n\t\t\t\t\t<\/div>\n\t\t<\/div>\n\t\t\t\t\t<\/div>\n\t\t<\/section>\n\t\t\t\t<\/div>","protected":false},"excerpt":{"rendered":"<p>N\u00e1rodn\u00fd projekt vzdel\u00e1vania u\u010dite\u013eov k tvorbe \u0160KVP N\u00e1rodn\u00fd projekt \u201eVzdel\u00e1vanie u\u010dite\u013eov v s\u00favislosti s tvorbou \u0161kolsk\u00fdch vzdel\u00e1vac\u00edch programov\u201c skon\u010dil v s\u00falade so Zmluvou o poskytnut\u00ed NFP k 31.12.2014. N\u00e1rodn\u00fd projekt: Vzdel\u00e1vanie u\u010dite\u013eov v s\u00favislosti s tvorbou \u0161kolsk\u00fdch vzdel\u00e1vac\u00edch programov K\u00f3d ITMS projektu: 26110130085 Cie\u013e: Konvergencia K\u00f3d ITMS projektu: 26140130015 Cie\u013e: Cie\u013e Region\u00e1lna konkurencie schopnos\u0165 a [&hellip;]<\/p>\n","protected":false},"author":1,"featured_media":0,"parent":55,"menu_order":0,"comment_status":"closed","ping_status":"closed","template":"","meta":{"site-sidebar-layout":"default","site-content-layout":"default","ast-site-content-layout":"default","site-content-style":"default","site-sidebar-style":"default","ast-global-header-display":"","ast-banner-title-visibility":"","ast-main-header-display":"","ast-hfb-above-header-display":"","ast-hfb-below-header-display":"","ast-hfb-mobile-header-display":"","site-post-title":"disabled","ast-breadcrumbs-content":"","ast-featured-img":"","footer-sml-layout":"","ast-disable-related-posts":"","theme-transparent-header-meta":"default","adv-header-id-meta":"","stick-header-meta":"","header-above-stick-meta":"","header-main-stick-meta":"","header-below-stick-meta":"","astra-migrate-meta-layouts":"default","ast-page-background-enabled":"default","ast-page-background-meta":{"desktop":{"background-color":"var(--ast-global-color-4)","background-image":"","background-repeat":"repeat","background-position":"center center","background-size":"auto","background-attachment":"scroll","background-type":"","background-media":"","overlay-type":"","overlay-color":"","overlay-opacity":"","overlay-gradient":""},"tablet":{"background-color":"","background-image":"","background-repeat":"repeat","background-position":"center center","background-size":"auto","background-attachment":"scroll","background-type":"","background-media":"","overlay-type":"","overlay-color":"","overlay-opacity":"","overlay-gradient":""},"mobile":{"background-color":"","background-image":"","background-repeat":"repeat","background-position":"center center","background-size":"auto","background-attachment":"scroll","background-type":"","background-media":"","overlay-type":"","overlay-color":"","overlay-opacity":"","overlay-gradient":""}},"ast-content-background-meta":{"desktop":{"background-color":"var(--ast-global-color-5)","background-image":"","background-repeat":"repeat","background-position":"center center","background-size":"auto","background-attachment":"scroll","background-type":"","background-media":"","overlay-type":"","overlay-color":"","overlay-opacity":"","overlay-gradient":""},"tablet":{"background-color":"var(--ast-global-color-5)","background-image":"","background-repeat":"repeat","background-position":"center center","background-size":"auto","background-attachment":"scroll","background-type":"","background-media":"","overlay-type":"","overlay-color":"","overlay-opacity":"","overlay-gradient":""},"mobile":{"background-color":"var(--ast-global-color-5)","background-image":"","background-repeat":"repeat","background-position":"center center","background-size":"auto","background-attachment":"scroll","background-type":"","background-media":"","overlay-type":"","overlay-color":"","overlay-opacity":"","overlay-gradient":""}},"footnotes":""},"class_list":["post-65","page","type-page","status-publish","hentry"],"yoast_head":"<!-- This site is optimized with the Yoast SEO plugin v27.5 - https:\/\/yoast.com\/product\/yoast-seo-wordpress\/ -->\n<title>N\u00e1rodn\u00fd projekt vzdel\u00e1vania u\u010dite\u013eov k tvorbe \u0160KVP - \u0160IOV - \u0161t\u00e1tny in\u0161tit\u00fat odborn\u00e9ho vzdel\u00e1vania<\/title>\n<meta name=\"robots\" content=\"index, follow, max-snippet:-1, max-image-preview:large, max-video-preview:-1\" \/>\n<link rel=\"canonical\" href=\"https:\/\/archiv.siov.sk\/en\/projekty\/zrealizovane-projekty\/narodny-projekt-vzdelavania-ucitelov-k-tvorbe-skvp\/\" \/>\n<meta property=\"og:locale\" content=\"en_GB\" \/>\n<meta property=\"og:type\" content=\"article\" \/>\n<meta property=\"og:title\" content=\"N\u00e1rodn\u00fd projekt vzdel\u00e1vania u\u010dite\u013eov k tvorbe \u0160KVP - \u0160IOV - \u0161t\u00e1tny in\u0161tit\u00fat odborn\u00e9ho vzdel\u00e1vania\" \/>\n<meta property=\"og:description\" content=\"N\u00e1rodn\u00fd projekt vzdel\u00e1vania u\u010dite\u013eov k tvorbe \u0160KVP N\u00e1rodn\u00fd projekt \u201eVzdel\u00e1vanie u\u010dite\u013eov v s\u00favislosti s tvorbou \u0161kolsk\u00fdch vzdel\u00e1vac\u00edch programov\u201c skon\u010dil v s\u00falade so Zmluvou o poskytnut\u00ed NFP k 31.12.2014. N\u00e1rodn\u00fd projekt: Vzdel\u00e1vanie u\u010dite\u013eov v s\u00favislosti s tvorbou \u0161kolsk\u00fdch vzdel\u00e1vac\u00edch programov K\u00f3d ITMS projektu: 26110130085 Cie\u013e: Konvergencia K\u00f3d ITMS projektu: 26140130015 Cie\u013e: Cie\u013e Region\u00e1lna konkurencie schopnos\u0165 a [&hellip;]\" \/>\n<meta property=\"og:url\" content=\"https:\/\/archiv.siov.sk\/en\/projekty\/zrealizovane-projekty\/narodny-projekt-vzdelavania-ucitelov-k-tvorbe-skvp\/\" \/>\n<meta property=\"og:site_name\" content=\"\u0160IOV - \u0161t\u00e1tny in\u0161tit\u00fat odborn\u00e9ho vzdel\u00e1vania\" \/>\n<meta property=\"article:publisher\" content=\"https:\/\/www.facebook.com\/Statnyinstitutodbornehovzdelavania\" \/>\n<meta property=\"article:modified_time\" content=\"2021-07-23T06:01:54+00:00\" \/>\n<meta name=\"twitter:card\" content=\"summary_large_image\" \/>\n<meta name=\"twitter:label1\" content=\"Estimated reading time\" \/>\n\t<meta name=\"twitter:data1\" content=\"1 minute\" \/>\n<script type=\"application\/ld+json\" class=\"yoast-schema-graph\">{\"@context\":\"https:\\\/\\\/schema.org\",\"@graph\":[{\"@type\":\"WebPage\",\"@id\":\"https:\\\/\\\/archiv.siov.sk\\\/en\\\/projekty\\\/zrealizovane-projekty\\\/narodny-projekt-vzdelavania-ucitelov-k-tvorbe-skvp\\\/\",\"url\":\"https:\\\/\\\/archiv.siov.sk\\\/en\\\/projekty\\\/zrealizovane-projekty\\\/narodny-projekt-vzdelavania-ucitelov-k-tvorbe-skvp\\\/\",\"name\":\"N\u00e1rodn\u00fd projekt vzdel\u00e1vania u\u010dite\u013eov k tvorbe \u0160KVP - \u0160IOV - \u0161t\u00e1tny in\u0161tit\u00fat odborn\u00e9ho vzdel\u00e1vania\",\"isPartOf\":{\"@id\":\"https:\\\/\\\/archiv.siov.sk\\\/#website\"},\"datePublished\":\"2019-01-25T09:13:46+00:00\",\"dateModified\":\"2021-07-23T06:01:54+00:00\",\"breadcrumb\":{\"@id\":\"https:\\\/\\\/archiv.siov.sk\\\/en\\\/projekty\\\/zrealizovane-projekty\\\/narodny-projekt-vzdelavania-ucitelov-k-tvorbe-skvp\\\/#breadcrumb\"},\"inLanguage\":\"en-GB\",\"potentialAction\":[{\"@type\":\"ReadAction\",\"target\":[\"https:\\\/\\\/archiv.siov.sk\\\/en\\\/projekty\\\/zrealizovane-projekty\\\/narodny-projekt-vzdelavania-ucitelov-k-tvorbe-skvp\\\/\"]}]},{\"@type\":\"BreadcrumbList\",\"@id\":\"https:\\\/\\\/archiv.siov.sk\\\/en\\\/projekty\\\/zrealizovane-projekty\\\/narodny-projekt-vzdelavania-ucitelov-k-tvorbe-skvp\\\/#breadcrumb\",\"itemListElement\":[{\"@type\":\"ListItem\",\"position\":1,\"name\":\"Home\",\"item\":\"https:\\\/\\\/archiv.siov.sk\\\/\"},{\"@type\":\"ListItem\",\"position\":2,\"name\":\"Projekty\",\"item\":\"https:\\\/\\\/archiv.siov.sk\\\/en\\\/projekty\\\/\"},{\"@type\":\"ListItem\",\"position\":3,\"name\":\"Zrealizovan\u00e9 projekty\",\"item\":\"https:\\\/\\\/archiv.siov.sk\\\/en\\\/projekty\\\/zrealizovane-projekty\\\/\"},{\"@type\":\"ListItem\",\"position\":4,\"name\":\"N\u00e1rodn\u00fd projekt vzdel\u00e1vania u\u010dite\u013eov k tvorbe \u0160KVP\"}]},{\"@type\":\"WebSite\",\"@id\":\"https:\\\/\\\/archiv.siov.sk\\\/#website\",\"url\":\"https:\\\/\\\/archiv.siov.sk\\\/\",\"name\":\"\u0160IOV - \u0161t\u00e1tny in\u0161tit\u00fat odborn\u00e9ho vzdel\u00e1vania\",\"description\":\"\",\"publisher\":{\"@id\":\"https:\\\/\\\/archiv.siov.sk\\\/#organization\"},\"potentialAction\":[{\"@type\":\"SearchAction\",\"target\":{\"@type\":\"EntryPoint\",\"urlTemplate\":\"https:\\\/\\\/archiv.siov.sk\\\/?s={search_term_string}\"},\"query-input\":{\"@type\":\"PropertyValueSpecification\",\"valueRequired\":true,\"valueName\":\"search_term_string\"}}],\"inLanguage\":\"en-GB\"},{\"@type\":\"Organization\",\"@id\":\"https:\\\/\\\/archiv.siov.sk\\\/#organization\",\"name\":\"\u0160IOV - \u0161t\u00e1tny in\u0161tit\u00fat odborn\u00e9ho vzdel\u00e1vania\",\"url\":\"https:\\\/\\\/archiv.siov.sk\\\/\",\"logo\":{\"@type\":\"ImageObject\",\"inLanguage\":\"en-GB\",\"@id\":\"https:\\\/\\\/archiv.siov.sk\\\/#\\\/schema\\\/logo\\\/image\\\/\",\"url\":\"https:\\\/\\\/archiv.siov.sk\\\/wp-content\\\/uploads\\\/2024\\\/02\\\/logo-SIOV.png\",\"contentUrl\":\"https:\\\/\\\/archiv.siov.sk\\\/wp-content\\\/uploads\\\/2024\\\/02\\\/logo-SIOV.png\",\"width\":431,\"height\":143,\"caption\":\"\u0160IOV - \u0161t\u00e1tny in\u0161tit\u00fat odborn\u00e9ho vzdel\u00e1vania\"},\"image\":{\"@id\":\"https:\\\/\\\/archiv.siov.sk\\\/#\\\/schema\\\/logo\\\/image\\\/\"},\"sameAs\":[\"https:\\\/\\\/www.facebook.com\\\/Statnyinstitutodbornehovzdelavania\"]}]}<\/script>\n<!-- \/ Yoast SEO plugin. -->","yoast_head_json":{"title":"N\u00e1rodn\u00fd projekt vzdel\u00e1vania u\u010dite\u013eov k tvorbe \u0160KVP - \u0160IOV - \u0161t\u00e1tny in\u0161tit\u00fat odborn\u00e9ho vzdel\u00e1vania","robots":{"index":"index","follow":"follow","max-snippet":"max-snippet:-1","max-image-preview":"max-image-preview:large","max-video-preview":"max-video-preview:-1"},"canonical":"https:\/\/archiv.siov.sk\/en\/projekty\/zrealizovane-projekty\/narodny-projekt-vzdelavania-ucitelov-k-tvorbe-skvp\/","og_locale":"en_GB","og_type":"article","og_title":"N\u00e1rodn\u00fd projekt vzdel\u00e1vania u\u010dite\u013eov k tvorbe \u0160KVP - \u0160IOV - \u0161t\u00e1tny in\u0161tit\u00fat odborn\u00e9ho vzdel\u00e1vania","og_description":"N\u00e1rodn\u00fd projekt vzdel\u00e1vania u\u010dite\u013eov k tvorbe \u0160KVP N\u00e1rodn\u00fd projekt \u201eVzdel\u00e1vanie u\u010dite\u013eov v s\u00favislosti s tvorbou \u0161kolsk\u00fdch vzdel\u00e1vac\u00edch programov\u201c skon\u010dil v s\u00falade so Zmluvou o poskytnut\u00ed NFP k 31.12.2014. N\u00e1rodn\u00fd projekt: Vzdel\u00e1vanie u\u010dite\u013eov v s\u00favislosti s tvorbou \u0161kolsk\u00fdch vzdel\u00e1vac\u00edch programov K\u00f3d ITMS projektu: 26110130085 Cie\u013e: Konvergencia K\u00f3d ITMS projektu: 26140130015 Cie\u013e: Cie\u013e Region\u00e1lna konkurencie schopnos\u0165 a [&hellip;]","og_url":"https:\/\/archiv.siov.sk\/en\/projekty\/zrealizovane-projekty\/narodny-projekt-vzdelavania-ucitelov-k-tvorbe-skvp\/","og_site_name":"\u0160IOV - \u0161t\u00e1tny in\u0161tit\u00fat odborn\u00e9ho vzdel\u00e1vania","article_publisher":"https:\/\/www.facebook.com\/Statnyinstitutodbornehovzdelavania","article_modified_time":"2021-07-23T06:01:54+00:00","twitter_card":"summary_large_image","twitter_misc":{"Estimated reading time":"1 minute"},"schema":{"@context":"https:\/\/schema.org","@graph":[{"@type":"WebPage","@id":"https:\/\/archiv.siov.sk\/en\/projekty\/zrealizovane-projekty\/narodny-projekt-vzdelavania-ucitelov-k-tvorbe-skvp\/","url":"https:\/\/archiv.siov.sk\/en\/projekty\/zrealizovane-projekty\/narodny-projekt-vzdelavania-ucitelov-k-tvorbe-skvp\/","name":"N\u00e1rodn\u00fd projekt vzdel\u00e1vania u\u010dite\u013eov k tvorbe \u0160KVP - \u0160IOV - \u0161t\u00e1tny in\u0161tit\u00fat odborn\u00e9ho vzdel\u00e1vania","isPartOf":{"@id":"https:\/\/archiv.siov.sk\/#website"},"datePublished":"2019-01-25T09:13:46+00:00","dateModified":"2021-07-23T06:01:54+00:00","breadcrumb":{"@id":"https:\/\/archiv.siov.sk\/en\/projekty\/zrealizovane-projekty\/narodny-projekt-vzdelavania-ucitelov-k-tvorbe-skvp\/#breadcrumb"},"inLanguage":"en-GB","potentialAction":[{"@type":"ReadAction","target":["https:\/\/archiv.siov.sk\/en\/projekty\/zrealizovane-projekty\/narodny-projekt-vzdelavania-ucitelov-k-tvorbe-skvp\/"]}]},{"@type":"BreadcrumbList","@id":"https:\/\/archiv.siov.sk\/en\/projekty\/zrealizovane-projekty\/narodny-projekt-vzdelavania-ucitelov-k-tvorbe-skvp\/#breadcrumb","itemListElement":[{"@type":"ListItem","position":1,"name":"Home","item":"https:\/\/archiv.siov.sk\/"},{"@type":"ListItem","position":2,"name":"Projekty","item":"https:\/\/archiv.siov.sk\/en\/projekty\/"},{"@type":"ListItem","position":3,"name":"Zrealizovan\u00e9 projekty","item":"https:\/\/archiv.siov.sk\/en\/projekty\/zrealizovane-projekty\/"},{"@type":"ListItem","position":4,"name":"N\u00e1rodn\u00fd projekt vzdel\u00e1vania u\u010dite\u013eov k tvorbe \u0160KVP"}]},{"@type":"WebSite","@id":"https:\/\/archiv.siov.sk\/#website","url":"https:\/\/archiv.siov.sk\/","name":"\u0160IOV - \u0161t\u00e1tny in\u0161tit\u00fat odborn\u00e9ho vzdel\u00e1vania","description":"","publisher":{"@id":"https:\/\/archiv.siov.sk\/#organization"},"potentialAction":[{"@type":"SearchAction","target":{"@type":"EntryPoint","urlTemplate":"https:\/\/archiv.siov.sk\/?s={search_term_string}"},"query-input":{"@type":"PropertyValueSpecification","valueRequired":true,"valueName":"search_term_string"}}],"inLanguage":"en-GB"},{"@type":"Organization","@id":"https:\/\/archiv.siov.sk\/#organization","name":"\u0160IOV - \u0161t\u00e1tny in\u0161tit\u00fat odborn\u00e9ho vzdel\u00e1vania","url":"https:\/\/archiv.siov.sk\/","logo":{"@type":"ImageObject","inLanguage":"en-GB","@id":"https:\/\/archiv.siov.sk\/#\/schema\/logo\/image\/","url":"https:\/\/archiv.siov.sk\/wp-content\/uploads\/2024\/02\/logo-SIOV.png","contentUrl":"https:\/\/archiv.siov.sk\/wp-content\/uploads\/2024\/02\/logo-SIOV.png","width":431,"height":143,"caption":"\u0160IOV - \u0161t\u00e1tny in\u0161tit\u00fat odborn\u00e9ho vzdel\u00e1vania"},"image":{"@id":"https:\/\/archiv.siov.sk\/#\/schema\/logo\/image\/"},"sameAs":["https:\/\/www.facebook.com\/Statnyinstitutodbornehovzdelavania"]}]}},"_links":{"self":[{"href":"https:\/\/archiv.siov.sk\/en\/wp-json\/wp\/v2\/pages\/65","targetHints":{"allow":["GET"]}}],"collection":[{"href":"https:\/\/archiv.siov.sk\/en\/wp-json\/wp\/v2\/pages"}],"about":[{"href":"https:\/\/archiv.siov.sk\/en\/wp-json\/wp\/v2\/types\/page"}],"author":[{"embeddable":true,"href":"https:\/\/archiv.siov.sk\/en\/wp-json\/wp\/v2\/users\/1"}],"replies":[{"embeddable":true,"href":"https:\/\/archiv.siov.sk\/en\/wp-json\/wp\/v2\/comments?post=65"}],"version-history":[{"count":16,"href":"https:\/\/archiv.siov.sk\/en\/wp-json\/wp\/v2\/pages\/65\/revisions"}],"predecessor-version":[{"id":8782,"href":"https:\/\/archiv.siov.sk\/en\/wp-json\/wp\/v2\/pages\/65\/revisions\/8782"}],"up":[{"embeddable":true,"href":"https:\/\/archiv.siov.sk\/en\/wp-json\/wp\/v2\/pages\/55"}],"wp:attachment":[{"href":"https:\/\/archiv.siov.sk\/en\/wp-json\/wp\/v2\/media?parent=65"}],"curies":[{"name":"wp","href":"https:\/\/api.w.org\/{rel}","templated":true}]}}