{"id":61,"date":"2019-01-25T10:12:48","date_gmt":"2019-01-25T09:12:48","guid":{"rendered":"http:\/\/archiv.siov.sk\/?page_id=61"},"modified":"2021-07-23T08:00:24","modified_gmt":"2021-07-23T06:00:24","slug":"tvorive-dielne-1","status":"publish","type":"page","link":"https:\/\/archiv.siov.sk\/en\/projekty\/zrealizovane-projekty\/tvorive-dielne-1\/","title":{"rendered":"Tvoriv\u00e9 dielne 1"},"content":{"rendered":"<div data-elementor-type=\"wp-page\" data-elementor-id=\"61\" class=\"elementor elementor-61\" data-elementor-post-type=\"page\">\n\t\t\t\t\t\t<section class=\"elementor-section elementor-top-section elementor-element elementor-element-937832e elementor-section-boxed elementor-section-height-default elementor-section-height-default\" data-id=\"937832e\" data-element_type=\"section\" data-e-type=\"section\">\n\t\t\t\t\t\t<div class=\"elementor-container elementor-column-gap-default\">\n\t\t\t\t\t<div class=\"elementor-column elementor-col-100 elementor-top-column elementor-element elementor-element-209fac4\" data-id=\"209fac4\" data-element_type=\"column\" data-e-type=\"column\">\n\t\t\t<div class=\"elementor-widget-wrap elementor-element-populated\">\n\t\t\t\t\t\t<div class=\"elementor-element elementor-element-edd192b elementor-widget-divider--view-line elementor-widget elementor-widget-divider\" data-id=\"edd192b\" data-element_type=\"widget\" data-e-type=\"widget\" data-widget_type=\"divider.default\">\n\t\t\t\t<div class=\"elementor-widget-container\">\n\t\t\t\t\t\t\t<div class=\"elementor-divider\">\n\t\t\t<span class=\"elementor-divider-separator\">\n\t\t\t\t\t\t<\/span>\n\t\t<\/div>\n\t\t\t\t\t\t<\/div>\n\t\t\t\t<\/div>\n\t\t\t\t<div class=\"elementor-element elementor-element-4728c11 elementor-widget elementor-widget-heading\" data-id=\"4728c11\" data-element_type=\"widget\" data-e-type=\"widget\" data-widget_type=\"heading.default\">\n\t\t\t\t<div class=\"elementor-widget-container\">\n\t\t\t\t\t<h2 class=\"elementor-heading-title elementor-size-default\">Tvoriv\u00e9 dielne 1<\/h2>\t\t\t\t<\/div>\n\t\t\t\t<\/div>\n\t\t\t\t\t<\/div>\n\t\t<\/div>\n\t\t\t\t\t<\/div>\n\t\t<\/section>\n\t\t\t\t<section class=\"elementor-section elementor-top-section elementor-element elementor-element-72a865dc elementor-section-boxed elementor-section-height-default elementor-section-height-default\" data-id=\"72a865dc\" data-element_type=\"section\" data-e-type=\"section\">\n\t\t\t\t\t\t<div class=\"elementor-container elementor-column-gap-default\">\n\t\t\t\t\t<div class=\"elementor-column elementor-col-100 elementor-top-column elementor-element elementor-element-6f91e0da\" data-id=\"6f91e0da\" data-element_type=\"column\" data-e-type=\"column\">\n\t\t\t<div class=\"elementor-widget-wrap elementor-element-populated\">\n\t\t\t\t\t\t<div class=\"elementor-element elementor-element-2cc232cf elementor-widget elementor-widget-text-editor\" data-id=\"2cc232cf\" data-element_type=\"widget\" data-e-type=\"widget\" data-widget_type=\"text-editor.default\">\n\t\t\t\t<div class=\"elementor-widget-container\">\n\t\t\t\t\t\t\t\t\tN\u00e1rodn\u00fd projekt Podpora profesijnej orient\u00e1cie \u017eiakov&nbsp; z\u00e1kladnej \u0161koly na odborn\u00e9 vzdel\u00e1vanie a pr\u00edpravu prostredn\u00edctvom rozvoja&nbsp; polytechnickej v\u00fdchovy zameranej na rozvoj pracovn\u00fdch zru\u010dnost\u00ed a pr\u00e1ca&nbsp; s&nbsp;talentami\r\n<table class=\"table\">\r\n<tbody>\r\n<tr>\r\n<td>K\u00f3d ITMS projektu:<\/td>\r\n<td><strong>26110130549<\/strong><\/td>\r\n<\/tr>\r\n<tr>\r\n<td>OP vzdel\u00e1vanie<\/td>\r\n<td><strong>PO 1 Reforma syst\u00e9mu vzdel\u00e1vania a odbornej pr\u00edpravy<\/strong><\/td>\r\n<\/tr>\r\n<tr>\r\n<td>Opatrenie 1.1:<\/td>\r\n<td><strong>Premena tradi\u010dnej \u0161koly na modern\u00fa.<\/strong><\/td>\r\n<\/tr>\r\n<tr>\r\n<td>Cie\u013e:<\/td>\r\n<td><strong>Konvergencia<\/strong><\/td>\r\n<\/tr>\r\n<\/tbody>\r\n<\/table>\r\n<ul class=\"svp_links\">\r\n \t<li><a href=\"http:\/\/zsodborne.sk\/\" target=\"_blank\" rel=\"noopener\">Viac inform\u00e1ci\u00ed o projekte<\/a><\/li>\r\n<\/ul>\r\n<p style=\"text-align: justify;\">V n\u00e1rodnom projekte spolufinancovanom zo zdrojov E\u00da sa vyu\u017eij\u00fa&nbsp; inovat\u00edvne formy a&nbsp;met\u00f3dy v\u00fdu\u010dby ako pripravi\u0165 \u017eiakov Z\u0160 na rozhodnutie&nbsp; o&nbsp;bud\u00facom \u0161t\u00fadiu \u010di kari\u00e9re. Projekt sa s\u00fastred\u00ed na vysoko aktu\u00e1lne potreby vedomostnej spolo\u010dnosti, ako je&nbsp; pr\u00edprava \u017eiaka Z\u0160 na vykon\u00e1vanie&nbsp; kvalifikovanej pr\u00e1ce v&nbsp;hospod\u00e1rstve v odboroch, ktor\u00e9 trh vy\u017eaduje a&nbsp;kde&nbsp;\u017eiak n\u00e1jde svoje&nbsp; uplatnenie.<\/p>\r\n<p style=\"text-align: justify;\"><strong>Projekt m\u00e1 3 nasledovn\u00e9 aktivity<\/strong><\/p>\r\n<p style=\"text-align: justify;\"><b>Aktivita 1.1<\/b> Podpora polytechnickej v\u00fdchovy \u017eiakov Z\u0160&nbsp; a&nbsp;\u010fal\u0161ie vzdel\u00e1vanie pedagogick\u00fdch zamestnancov Z\u0160 v&nbsp;polytechnickej&nbsp; v\u00fdchove.<\/p>\r\n<p style=\"text-align: justify;\"><b>Aktivita 2.1<\/b> Podpora profesijnej orient\u00e1cie \u017eiakov Z\u0160 na odborn\u00e9 vzdel\u00e1vanie&nbsp; a&nbsp;pr\u00edpravu zaveden\u00edm n\u00e1stroja pre identifik\u00e1ciu potenci\u00e1lu orient\u00e1cie&nbsp; \u017eiakov Z\u0160 na OVP.<\/p>\r\n<p style=\"text-align: justify;\"><b>Aktivita 3.1<\/b> Pr\u00e1ca s&nbsp;talentami na Z\u0160 a&nbsp;SO\u0160 prostredn\u00edctvom realiz\u00e1cie&nbsp; a&nbsp;\u00fa\u010dasti na odborn\u00fdch s\u00fa\u0165a\u017eiach v&nbsp;OVP.<\/p>\r\n<p style=\"text-align: justify;\"><strong>\u0160pecifick\u00e9 ciele projektu<\/strong><\/p>\r\n<p style=\"text-align: justify;\">\u0160pecifick\u00fdmi cie\u013emi projektu s\u00fa inov\u00e1cia obsahu&nbsp; a&nbsp;met\u00f3dy, skvalitnenie v\u00fdstupov vzdel\u00e1vania pre potreby trhu pr\u00e1ce vo&nbsp; vedomostnej spolo\u010dnosti.<\/p>\r\n<p style=\"text-align: justify;\">Do projektu bude zapojen\u00fdch a\u017e 500 z\u00e1kladn\u00fdch \u0161k\u00f4l zo 7 V\u00daC \u2013 z&nbsp;Konvergencie (okrem&nbsp; Bratislavsk\u00e9ho kraja). V&nbsp;ka\u017edom tomto kraji bude 7 z\u00e1kladn\u00fdch \u0161k\u00f4l&nbsp; (spolu 49) vybaven\u00fdch z&nbsp;n\u00e1rodn\u00e9ho projektu zariaden\u00edm odborn\u00fdch u\u010debn\u00ed,&nbsp; aby sa skvalitnilo vyu\u010dovanie predmetov biol\u00f3gie, fyziky, ch\u00e9mie&nbsp; a&nbsp;techniky. Celkovo sa na projekte z\u00fa\u010dastn\u00ed okolo 5000 \u017eiakov z\u00e1kladn\u00fdch&nbsp; \u0161k\u00f4l vo veku 10-16 rokov.<\/p>\r\n<p style=\"text-align: justify;\">Projekt sa&nbsp; orientuje aj na pr\u00edpravu&nbsp; a \u010fal\u0161ie vzdel\u00e1vanie pedagogick\u00fdch&nbsp; zamestnancov na z\u00edskanie a&nbsp;rozvoj kompetenci\u00ed potrebn\u00fdch na premenu&nbsp; tradi\u010dnej \u0161koly na modern\u00fa.&nbsp; Na pl\u00e1ne je&nbsp; pre\u0161kolenie pribli\u017ene 1000 pedag\u00f3gov biol\u00f3gie, ch\u00e9mie, fyziky a&nbsp;techniky&nbsp; ako aj 500 v\u00fdchovn\u00fdch poradcov, aby pomohli z\u00e1kladn\u00fdm \u0161kol\u00e1m usmerni\u0165 \u017eiakov&nbsp; \u0161tudova\u0165 \u010falej, pod\u013ea ich talentu a&nbsp;schopnost\u00ed.<\/p>\r\n<p style=\"text-align: justify;\">Prostredn\u00edctvom n\u00e1rodn\u00e9ho&nbsp; projektu chceme podpori\u0165 aj&nbsp; &nbsp;rozvoj&nbsp; pr\u00e1ce s&nbsp;talentami na&nbsp; z\u00e1kladn\u00fdch \u0161kol\u00e1ch, ktor\u00e1 je nevyhnutn\u00e1 na&nbsp;zvy\u0161ovanie z\u00e1ujmu \u017eiakov&nbsp; o&nbsp;odborn\u00e9 vzdel\u00e1vanie a&nbsp;pr\u00edpravu. V r\u00e1mci pr\u00e1ce s&nbsp;talentami s\u00fa pl\u00e1novan\u00e9 tzv.&nbsp; odborn\u00e9 s\u00fa\u0165a\u017ee kombinovan\u00fdch dru\u017estiev Z\u0160 a&nbsp;S\u0160, aby sa \u017eiaci zozn\u00e1mili&nbsp; s&nbsp;prostred\u00edm stredn\u00fdch \u0161k\u00f4l. Pom\u00f4\u017eeme&nbsp; tak prepoji\u0165 te\u00f3riu s&nbsp;praxou u\u017e na z\u00e1kladnej \u0161kole.<\/p>\r\n<p style=\"text-align: justify;\">Realiz\u00e1ciou projektu bud\u00fa \u017eiaci zapojen\u00fdch Z\u0160 zorientovan\u00ed&nbsp; v&nbsp;problematike profesijnej orient\u00e1cie na OVP a&nbsp;bud\u00fa vedie\u0165 re\u00e1lne&nbsp; pos\u00fadi\u0165 svoje bud\u00face pracovn\u00e9 mo\u017enosti a&nbsp;pod\u013ea toho bud\u00fa vedie\u0165 vykona\u0165&nbsp; optim\u00e1lnu profesijn\u00fa vo\u013ebu vo vz\u0165ahu k&nbsp;OVP.<\/p>\t\t\t\t\t\t\t\t<\/div>\n\t\t\t\t<\/div>\n\t\t\t\t\t<\/div>\n\t\t<\/div>\n\t\t\t\t\t<\/div>\n\t\t<\/section>\n\t\t\t\t<\/div>","protected":false},"excerpt":{"rendered":"<p>Tvoriv\u00e9 dielne 1 N\u00e1rodn\u00fd projekt Podpora profesijnej orient\u00e1cie \u017eiakov&nbsp; z\u00e1kladnej \u0161koly na odborn\u00e9 vzdel\u00e1vanie a pr\u00edpravu prostredn\u00edctvom rozvoja&nbsp; polytechnickej v\u00fdchovy zameranej na rozvoj pracovn\u00fdch zru\u010dnost\u00ed a pr\u00e1ca&nbsp; s&nbsp;talentami K\u00f3d ITMS projektu: 26110130549 OP vzdel\u00e1vanie PO 1 Reforma syst\u00e9mu vzdel\u00e1vania a odbornej pr\u00edpravy Opatrenie 1.1: Premena tradi\u010dnej \u0161koly na modern\u00fa. Cie\u013e: Konvergencia Viac inform\u00e1ci\u00ed o projekte [&hellip;]<\/p>\n","protected":false},"author":1,"featured_media":0,"parent":55,"menu_order":0,"comment_status":"closed","ping_status":"closed","template":"","meta":{"site-sidebar-layout":"default","site-content-layout":"default","ast-site-content-layout":"default","site-content-style":"default","site-sidebar-style":"default","ast-global-header-display":"","ast-banner-title-visibility":"","ast-main-header-display":"","ast-hfb-above-header-display":"","ast-hfb-below-header-display":"","ast-hfb-mobile-header-display":"","site-post-title":"disabled","ast-breadcrumbs-content":"","ast-featured-img":"","footer-sml-layout":"","ast-disable-related-posts":"","theme-transparent-header-meta":"default","adv-header-id-meta":"","stick-header-meta":"","header-above-stick-meta":"","header-main-stick-meta":"","header-below-stick-meta":"","astra-migrate-meta-layouts":"default","ast-page-background-enabled":"default","ast-page-background-meta":{"desktop":{"background-color":"var(--ast-global-color-4)","background-image":"","background-repeat":"repeat","background-position":"center center","background-size":"auto","background-attachment":"scroll","background-type":"","background-media":"","overlay-type":"","overlay-color":"","overlay-opacity":"","overlay-gradient":""},"tablet":{"background-color":"","background-image":"","background-repeat":"repeat","background-position":"center center","background-size":"auto","background-attachment":"scroll","background-type":"","background-media":"","overlay-type":"","overlay-color":"","overlay-opacity":"","overlay-gradient":""},"mobile":{"background-color":"","background-image":"","background-repeat":"repeat","background-position":"center center","background-size":"auto","background-attachment":"scroll","background-type":"","background-media":"","overlay-type":"","overlay-color":"","overlay-opacity":"","overlay-gradient":""}},"ast-content-background-meta":{"desktop":{"background-color":"var(--ast-global-color-5)","background-image":"","background-repeat":"repeat","background-position":"center center","background-size":"auto","background-attachment":"scroll","background-type":"","background-media":"","overlay-type":"","overlay-color":"","overlay-opacity":"","overlay-gradient":""},"tablet":{"background-color":"var(--ast-global-color-5)","background-image":"","background-repeat":"repeat","background-position":"center center","background-size":"auto","background-attachment":"scroll","background-type":"","background-media":"","overlay-type":"","overlay-color":"","overlay-opacity":"","overlay-gradient":""},"mobile":{"background-color":"var(--ast-global-color-5)","background-image":"","background-repeat":"repeat","background-position":"center center","background-size":"auto","background-attachment":"scroll","background-type":"","background-media":"","overlay-type":"","overlay-color":"","overlay-opacity":"","overlay-gradient":""}},"footnotes":""},"class_list":["post-61","page","type-page","status-publish","hentry"],"yoast_head":"<!-- This site is optimized with the Yoast SEO plugin v27.5 - https:\/\/yoast.com\/product\/yoast-seo-wordpress\/ -->\n<title>Tvoriv\u00e9 dielne 1 - \u0160IOV - \u0161t\u00e1tny in\u0161tit\u00fat odborn\u00e9ho vzdel\u00e1vania<\/title>\n<meta name=\"robots\" content=\"index, follow, max-snippet:-1, max-image-preview:large, max-video-preview:-1\" \/>\n<link rel=\"canonical\" href=\"https:\/\/archiv.siov.sk\/en\/projekty\/zrealizovane-projekty\/tvorive-dielne-1\/\" \/>\n<meta property=\"og:locale\" content=\"en_GB\" \/>\n<meta property=\"og:type\" content=\"article\" \/>\n<meta property=\"og:title\" content=\"Tvoriv\u00e9 dielne 1 - \u0160IOV - \u0161t\u00e1tny in\u0161tit\u00fat odborn\u00e9ho vzdel\u00e1vania\" \/>\n<meta property=\"og:description\" content=\"Tvoriv\u00e9 dielne 1 N\u00e1rodn\u00fd projekt Podpora profesijnej orient\u00e1cie \u017eiakov&nbsp; z\u00e1kladnej \u0161koly na odborn\u00e9 vzdel\u00e1vanie a pr\u00edpravu prostredn\u00edctvom rozvoja&nbsp; polytechnickej v\u00fdchovy zameranej na rozvoj pracovn\u00fdch zru\u010dnost\u00ed a pr\u00e1ca&nbsp; s&nbsp;talentami K\u00f3d ITMS projektu: 26110130549 OP vzdel\u00e1vanie PO 1 Reforma syst\u00e9mu vzdel\u00e1vania a odbornej pr\u00edpravy Opatrenie 1.1: Premena tradi\u010dnej \u0161koly na modern\u00fa. Cie\u013e: Konvergencia Viac inform\u00e1ci\u00ed o projekte [&hellip;]\" \/>\n<meta property=\"og:url\" content=\"https:\/\/archiv.siov.sk\/en\/projekty\/zrealizovane-projekty\/tvorive-dielne-1\/\" \/>\n<meta property=\"og:site_name\" content=\"\u0160IOV - \u0161t\u00e1tny in\u0161tit\u00fat odborn\u00e9ho vzdel\u00e1vania\" \/>\n<meta property=\"article:publisher\" content=\"https:\/\/www.facebook.com\/Statnyinstitutodbornehovzdelavania\" \/>\n<meta property=\"article:modified_time\" content=\"2021-07-23T06:00:24+00:00\" \/>\n<meta name=\"twitter:card\" content=\"summary_large_image\" \/>\n<meta name=\"twitter:label1\" content=\"Estimated reading time\" \/>\n\t<meta name=\"twitter:data1\" content=\"2 minutes\" \/>\n<script type=\"application\/ld+json\" class=\"yoast-schema-graph\">{\"@context\":\"https:\\\/\\\/schema.org\",\"@graph\":[{\"@type\":\"WebPage\",\"@id\":\"https:\\\/\\\/archiv.siov.sk\\\/projekty\\\/zrealizovane-projekty\\\/tvorive-dielne-1\\\/\",\"url\":\"https:\\\/\\\/archiv.siov.sk\\\/projekty\\\/zrealizovane-projekty\\\/tvorive-dielne-1\\\/\",\"name\":\"Tvoriv\u00e9 dielne 1 - \u0160IOV - \u0161t\u00e1tny in\u0161tit\u00fat odborn\u00e9ho vzdel\u00e1vania\",\"isPartOf\":{\"@id\":\"https:\\\/\\\/archiv.siov.sk\\\/#website\"},\"datePublished\":\"2019-01-25T09:12:48+00:00\",\"dateModified\":\"2021-07-23T06:00:24+00:00\",\"breadcrumb\":{\"@id\":\"https:\\\/\\\/archiv.siov.sk\\\/projekty\\\/zrealizovane-projekty\\\/tvorive-dielne-1\\\/#breadcrumb\"},\"inLanguage\":\"en-GB\",\"potentialAction\":[{\"@type\":\"ReadAction\",\"target\":[\"https:\\\/\\\/archiv.siov.sk\\\/projekty\\\/zrealizovane-projekty\\\/tvorive-dielne-1\\\/\"]}]},{\"@type\":\"BreadcrumbList\",\"@id\":\"https:\\\/\\\/archiv.siov.sk\\\/projekty\\\/zrealizovane-projekty\\\/tvorive-dielne-1\\\/#breadcrumb\",\"itemListElement\":[{\"@type\":\"ListItem\",\"position\":1,\"name\":\"Home\",\"item\":\"https:\\\/\\\/archiv.siov.sk\\\/\"},{\"@type\":\"ListItem\",\"position\":2,\"name\":\"Projekty\",\"item\":\"https:\\\/\\\/archiv.siov.sk\\\/en\\\/projekty\\\/\"},{\"@type\":\"ListItem\",\"position\":3,\"name\":\"Zrealizovan\u00e9 projekty\",\"item\":\"https:\\\/\\\/archiv.siov.sk\\\/en\\\/projekty\\\/zrealizovane-projekty\\\/\"},{\"@type\":\"ListItem\",\"position\":4,\"name\":\"Tvoriv\u00e9 dielne 1\"}]},{\"@type\":\"WebSite\",\"@id\":\"https:\\\/\\\/archiv.siov.sk\\\/#website\",\"url\":\"https:\\\/\\\/archiv.siov.sk\\\/\",\"name\":\"\u0160IOV - \u0161t\u00e1tny in\u0161tit\u00fat odborn\u00e9ho vzdel\u00e1vania\",\"description\":\"\",\"publisher\":{\"@id\":\"https:\\\/\\\/archiv.siov.sk\\\/#organization\"},\"potentialAction\":[{\"@type\":\"SearchAction\",\"target\":{\"@type\":\"EntryPoint\",\"urlTemplate\":\"https:\\\/\\\/archiv.siov.sk\\\/?s={search_term_string}\"},\"query-input\":{\"@type\":\"PropertyValueSpecification\",\"valueRequired\":true,\"valueName\":\"search_term_string\"}}],\"inLanguage\":\"en-GB\"},{\"@type\":\"Organization\",\"@id\":\"https:\\\/\\\/archiv.siov.sk\\\/#organization\",\"name\":\"\u0160IOV - \u0161t\u00e1tny in\u0161tit\u00fat odborn\u00e9ho vzdel\u00e1vania\",\"url\":\"https:\\\/\\\/archiv.siov.sk\\\/\",\"logo\":{\"@type\":\"ImageObject\",\"inLanguage\":\"en-GB\",\"@id\":\"https:\\\/\\\/archiv.siov.sk\\\/#\\\/schema\\\/logo\\\/image\\\/\",\"url\":\"https:\\\/\\\/archiv.siov.sk\\\/wp-content\\\/uploads\\\/2024\\\/02\\\/logo-SIOV.png\",\"contentUrl\":\"https:\\\/\\\/archiv.siov.sk\\\/wp-content\\\/uploads\\\/2024\\\/02\\\/logo-SIOV.png\",\"width\":431,\"height\":143,\"caption\":\"\u0160IOV - \u0161t\u00e1tny in\u0161tit\u00fat odborn\u00e9ho vzdel\u00e1vania\"},\"image\":{\"@id\":\"https:\\\/\\\/archiv.siov.sk\\\/#\\\/schema\\\/logo\\\/image\\\/\"},\"sameAs\":[\"https:\\\/\\\/www.facebook.com\\\/Statnyinstitutodbornehovzdelavania\"]}]}<\/script>\n<!-- \/ Yoast SEO plugin. -->","yoast_head_json":{"title":"Tvoriv\u00e9 dielne 1 - \u0160IOV - \u0161t\u00e1tny in\u0161tit\u00fat odborn\u00e9ho vzdel\u00e1vania","robots":{"index":"index","follow":"follow","max-snippet":"max-snippet:-1","max-image-preview":"max-image-preview:large","max-video-preview":"max-video-preview:-1"},"canonical":"https:\/\/archiv.siov.sk\/en\/projekty\/zrealizovane-projekty\/tvorive-dielne-1\/","og_locale":"en_GB","og_type":"article","og_title":"Tvoriv\u00e9 dielne 1 - \u0160IOV - \u0161t\u00e1tny in\u0161tit\u00fat odborn\u00e9ho vzdel\u00e1vania","og_description":"Tvoriv\u00e9 dielne 1 N\u00e1rodn\u00fd projekt Podpora profesijnej orient\u00e1cie \u017eiakov&nbsp; z\u00e1kladnej \u0161koly na odborn\u00e9 vzdel\u00e1vanie a pr\u00edpravu prostredn\u00edctvom rozvoja&nbsp; polytechnickej v\u00fdchovy zameranej na rozvoj pracovn\u00fdch zru\u010dnost\u00ed a pr\u00e1ca&nbsp; s&nbsp;talentami K\u00f3d ITMS projektu: 26110130549 OP vzdel\u00e1vanie PO 1 Reforma syst\u00e9mu vzdel\u00e1vania a odbornej pr\u00edpravy Opatrenie 1.1: Premena tradi\u010dnej \u0161koly na modern\u00fa. Cie\u013e: Konvergencia Viac inform\u00e1ci\u00ed o projekte [&hellip;]","og_url":"https:\/\/archiv.siov.sk\/en\/projekty\/zrealizovane-projekty\/tvorive-dielne-1\/","og_site_name":"\u0160IOV - \u0161t\u00e1tny in\u0161tit\u00fat odborn\u00e9ho vzdel\u00e1vania","article_publisher":"https:\/\/www.facebook.com\/Statnyinstitutodbornehovzdelavania","article_modified_time":"2021-07-23T06:00:24+00:00","twitter_card":"summary_large_image","twitter_misc":{"Estimated reading time":"2 minutes"},"schema":{"@context":"https:\/\/schema.org","@graph":[{"@type":"WebPage","@id":"https:\/\/archiv.siov.sk\/projekty\/zrealizovane-projekty\/tvorive-dielne-1\/","url":"https:\/\/archiv.siov.sk\/projekty\/zrealizovane-projekty\/tvorive-dielne-1\/","name":"Tvoriv\u00e9 dielne 1 - \u0160IOV - \u0161t\u00e1tny in\u0161tit\u00fat odborn\u00e9ho vzdel\u00e1vania","isPartOf":{"@id":"https:\/\/archiv.siov.sk\/#website"},"datePublished":"2019-01-25T09:12:48+00:00","dateModified":"2021-07-23T06:00:24+00:00","breadcrumb":{"@id":"https:\/\/archiv.siov.sk\/projekty\/zrealizovane-projekty\/tvorive-dielne-1\/#breadcrumb"},"inLanguage":"en-GB","potentialAction":[{"@type":"ReadAction","target":["https:\/\/archiv.siov.sk\/projekty\/zrealizovane-projekty\/tvorive-dielne-1\/"]}]},{"@type":"BreadcrumbList","@id":"https:\/\/archiv.siov.sk\/projekty\/zrealizovane-projekty\/tvorive-dielne-1\/#breadcrumb","itemListElement":[{"@type":"ListItem","position":1,"name":"Home","item":"https:\/\/archiv.siov.sk\/"},{"@type":"ListItem","position":2,"name":"Projekty","item":"https:\/\/archiv.siov.sk\/en\/projekty\/"},{"@type":"ListItem","position":3,"name":"Zrealizovan\u00e9 projekty","item":"https:\/\/archiv.siov.sk\/en\/projekty\/zrealizovane-projekty\/"},{"@type":"ListItem","position":4,"name":"Tvoriv\u00e9 dielne 1"}]},{"@type":"WebSite","@id":"https:\/\/archiv.siov.sk\/#website","url":"https:\/\/archiv.siov.sk\/","name":"\u0160IOV - \u0161t\u00e1tny in\u0161tit\u00fat odborn\u00e9ho vzdel\u00e1vania","description":"","publisher":{"@id":"https:\/\/archiv.siov.sk\/#organization"},"potentialAction":[{"@type":"SearchAction","target":{"@type":"EntryPoint","urlTemplate":"https:\/\/archiv.siov.sk\/?s={search_term_string}"},"query-input":{"@type":"PropertyValueSpecification","valueRequired":true,"valueName":"search_term_string"}}],"inLanguage":"en-GB"},{"@type":"Organization","@id":"https:\/\/archiv.siov.sk\/#organization","name":"\u0160IOV - \u0161t\u00e1tny in\u0161tit\u00fat odborn\u00e9ho vzdel\u00e1vania","url":"https:\/\/archiv.siov.sk\/","logo":{"@type":"ImageObject","inLanguage":"en-GB","@id":"https:\/\/archiv.siov.sk\/#\/schema\/logo\/image\/","url":"https:\/\/archiv.siov.sk\/wp-content\/uploads\/2024\/02\/logo-SIOV.png","contentUrl":"https:\/\/archiv.siov.sk\/wp-content\/uploads\/2024\/02\/logo-SIOV.png","width":431,"height":143,"caption":"\u0160IOV - \u0161t\u00e1tny in\u0161tit\u00fat odborn\u00e9ho vzdel\u00e1vania"},"image":{"@id":"https:\/\/archiv.siov.sk\/#\/schema\/logo\/image\/"},"sameAs":["https:\/\/www.facebook.com\/Statnyinstitutodbornehovzdelavania"]}]}},"_links":{"self":[{"href":"https:\/\/archiv.siov.sk\/en\/wp-json\/wp\/v2\/pages\/61","targetHints":{"allow":["GET"]}}],"collection":[{"href":"https:\/\/archiv.siov.sk\/en\/wp-json\/wp\/v2\/pages"}],"about":[{"href":"https:\/\/archiv.siov.sk\/en\/wp-json\/wp\/v2\/types\/page"}],"author":[{"embeddable":true,"href":"https:\/\/archiv.siov.sk\/en\/wp-json\/wp\/v2\/users\/1"}],"replies":[{"embeddable":true,"href":"https:\/\/archiv.siov.sk\/en\/wp-json\/wp\/v2\/comments?post=61"}],"version-history":[{"count":12,"href":"https:\/\/archiv.siov.sk\/en\/wp-json\/wp\/v2\/pages\/61\/revisions"}],"predecessor-version":[{"id":8775,"href":"https:\/\/archiv.siov.sk\/en\/wp-json\/wp\/v2\/pages\/61\/revisions\/8775"}],"up":[{"embeddable":true,"href":"https:\/\/archiv.siov.sk\/en\/wp-json\/wp\/v2\/pages\/55"}],"wp:attachment":[{"href":"https:\/\/archiv.siov.sk\/en\/wp-json\/wp\/v2\/media?parent=61"}],"curies":[{"name":"wp","href":"https:\/\/api.w.org\/{rel}","templated":true}]}}