{"id":6062,"date":"2020-05-13T14:12:50","date_gmt":"2020-05-13T12:12:50","guid":{"rendered":"https:\/\/archiv.siov.sk\/?page_id=6062"},"modified":"2020-05-13T17:03:13","modified_gmt":"2020-05-13T15:03:13","slug":"virtualna-realita","status":"publish","type":"page","link":"https:\/\/archiv.siov.sk\/en\/vzdelavanie\/ucme-sa-doma\/vzdelavaci-obsah\/virtualna-realita\/","title":{"rendered":"Virtu\u00e1lna realita"},"content":{"rendered":"<div id=\"pl-6062\"  class=\"panel-layout\" >\n<div id=\"pg-6062-0\"  class=\"panel-grid panel-no-style\"  data-ratio=\"1\"  data-ratio-direction=\"right\" >\n<div id=\"pgc-6062-0-0\"  class=\"panel-grid-cell\"  data-weight=\"1\" >\n<div id=\"panel-6062-0-0-0\" class=\"so-panel widget widget_sow-tabs panel-first-child panel-last-child\" data-index=\"0\" data-style=\"{&quot;background_image_attachment&quot;:false,&quot;background_display&quot;:&quot;tile&quot;}\" >[siteorigin_widget class=&#8220;SiteOrigin_Widget_Tabs_Widget&#8220;]<input type=\"hidden\" value=\"{&quot;instance&quot;:{&quot;title&quot;:&quot;&quot;,&quot;tabs&quot;:[{&quot;title&quot;:&quot;U\\u017eito\\u010dn\\u00e9 linky&quot;,&quot;content_text&quot;:&quot;&lt;p style=\\&quot;text-align: justify;\\&quot;&gt;\\u0160t\\u00e1tny in\\u0161tit\\u00fat odborn\\u00e9ho vzdel\\u00e1vania v&amp;nbsp;spolupr\\u00e1ci so spolo\\u010dnos\\u0165ou EdgeCom pripravil prototyp vo\\u013ene dostupnej aplik\\u00e1cie pre \\u0161irok\\u00fa a&amp;nbsp;odborn\\u00fa verejnos\\u0165, ktor\\u00e1 poukazuje na s\\u00fa\\u010dasn\\u00fa celosvetov\\u00fa situ\\u00e1ciu.&lt;\\\/p&gt;\\n&lt;p&gt;Aplik\\u00e1cia formou gamefik\\u00e1cie vzdel\\u00e1va a&amp;nbsp;tr\\u00e9nuje&amp;nbsp; u\\u017e\\u00edvate\\u013eov na z\\u00e1kladn\\u00e9 a pokro\\u010dilej\\u0161ie \\u010dinnosti v&amp;nbsp;re\\u00e1lnom svete. Aplik\\u00e1cia je ur\\u010den\\u00e1 pre be\\u017en\\u00e9 po\\u010d\\u00edta\\u010dov\\u00e9 platformy a&amp;nbsp;modern\\u00e9 headsety pre virtu\\u00e1lnu realitu.&lt;\\\/p&gt;\\n&lt;p&gt;Hlavn\\u00fdm cie\\u013eom softv\\u00e9rov\\u00e9ho rie\\u0161enia je interakt\\u00edvnou formou&amp;nbsp; poskytn\\u00fa\\u0165 n\\u00e1vod na bezpe\\u010dn\\u00e9 spr\\u00e1vanie pri&amp;nbsp;rizikov\\u00fdch \\u010dinnostiach be\\u017en\\u00e9ho \\u017eivota. Medzi z\\u00e1kladn\\u00e9 moduly aplik\\u00e1cie patria:&lt;\\\/p&gt;\\n&lt;ul&gt;\\n&lt;li&gt;Z\\u00edskanie znalosti pre z\\u00e1kladn\\u00e9 hygienick\\u00e9 n\\u00e1vyky&lt;\\\/li&gt;\\n&lt;li&gt;Bezpe\\u010dn\\u00e9 spr\\u00e1vanie v&amp;nbsp;priestoroch obchodn\\u00fdch domov&lt;\\\/li&gt;\\n&lt;li&gt;Pokro\\u010dilej\\u0161\\u00ed tr\\u00e9ning pre obsluhu mechanick\\u00fdch p\\u013e\\u00facnych ventil\\u00e1ci\\u00ed&lt;\\\/li&gt;\\n&lt;\\\/ul&gt;\\n&lt;p&gt;Pr\\u00e1ve pre pokro\\u010dilej\\u0161ie moduly aplik\\u00e1cie vieme vyu\\u017ei\\u0165 dlhoro\\u010dn\\u00e9 sk\\u00fasenosti v oblastiach priemyslu a&amp;nbsp;utility a&amp;nbsp;roz\\u0161\\u00edri\\u0165 ich o&amp;nbsp;moduly pre:&lt;\\\/p&gt;\\n&lt;ul&gt;\\n&lt;li&gt;Z\\u00e1kladn\\u00e9 a pokro\\u010dilej\\u0161ie ovl\\u00e1danie pr\\u00edstrojov&lt;\\\/li&gt;\\n&lt;li&gt;Napojenie pr\\u00edstrojov a technol\\u00f3gi\\u00ed na pacienta pri zachovan\\u00ed v\\u0161etk\\u00fdch bezpe\\u010dnostn\\u00fdch postupov&lt;\\\/li&gt;\\n&lt;li&gt;Simul\\u00e1cie nepredv\\u00eddan\\u00fdch udalost\\u00ed, kedy sa pacient so svoj\\u00edm ochoren\\u00edm dostane do stavu, kedy je potrebn\\u00fd odborn\\u00fd z\\u00e1sah person\\u00e1lu&lt;\\\/li&gt;\\n&lt;\\\/ul&gt;\\n&lt;p&gt;Najv\\u00e4\\u010d\\u0161ou pridanou hodnotou tejto technol\\u00f3gie je:&lt;\\\/p&gt;\\n&lt;ul&gt;\\n&lt;li&gt;Virtu\\u00e1lne prostredie \\u2013 mo\\u017enosti simul\\u00e1cie nebezpe\\u010dn\\u00fdch situ\\u00e1ci\\u00ed bez ohrozenia tr\\u00e9novan\\u00e9ho&lt;\\\/li&gt;\\n&lt;li&gt;Simul\\u00e1cia a&amp;nbsp;tr\\u00e9ning na r\\u00f4znych typoch technol\\u00f3gi\\u00ed bez nutnosti ich fyzick\\u00e9ho zak\\u00fapenia&lt;\\\/li&gt;\\n&lt;li&gt;Plnohodnotn\\u00e1 interakcia s&amp;nbsp;mechanick\\u00fdmi \\u010das\\u0165ami ako aj s&amp;nbsp;dotykov\\u00fdmi rozhraniami integrovan\\u00fdch softv\\u00e9rov&lt;\\\/li&gt;\\n&lt;li&gt;Mo\\u017enos\\u0165 \\u201ebezkontaktn\\u00e9ho\\u201c tr\\u00e9ningu z&amp;nbsp;domu, kancel\\u00e1rie, ambulancie...&lt;\\\/li&gt;\\n&lt;\\\/ul&gt;\\n&lt;p&gt;V\\u0161etky potrebn\\u00e9 inform\\u00e1cie o&amp;nbsp;aplik\\u00e1cii (minim\\u00e1lna konfigur\\u00e1cia, stiahnutie...) n\\u00e1jdete na str\\u00e1nke &lt;a href=\\&quot;https:\\\/\\\/www.edgecom.eu\\\/vired\\&quot; target=\\&quot;_blank\\&quot; rel=\\&quot;noopener\\&quot;&gt;www.edgecom.eu\\\/vired&lt;\\\/a&gt;&lt;\\\/p&gt;\\n&lt;p style=\\&quot;text-align: justify;\\&quot;&gt;&amp;nbsp;&lt;\\\/p&gt;\\n&lt;p style=\\&quot;text-align: justify;\\&quot;&gt;\\u0160t\\u00e1tny in\\u0161tit\\u00fat odborn\\u00e9ho vzdel\\u00e1vania&amp;nbsp; za podpory&amp;nbsp; spolo\\u010dnosti Atos IT Solutions and Services, s.r.o. a&amp;nbsp;so s\\u00fahlasom spolo\\u010dnosti Liberty Ostrava a.s.&amp;nbsp; zabezpe\\u010dil pre \\u0161tudentov stredn\\u00fdch odborn\\u00fdch \\u0161k\\u00f4l mo\\u017enos\\u0165 bezplatn\\u00e9ho vyu\\u017e\\u00edvania softwarov\\u00e9ho&amp;nbsp; n\\u00e1stroja na z\\u00edskavanie a&amp;nbsp; precvi\\u010dovanie z\\u00e1kladn\\u00fdch zru\\u010dnost\\u00ed pre oblas\\u0165 bezpe\\u010dnosti a&amp;nbsp;ochrany zdravia pri pr\\u00e1ci. Formou bl\\u00ed\\u017eiacou sa po\\u010d\\u00edta\\u010dovej hre je mo\\u017en\\u00e9 absolvova\\u0165 re\\u00e1lne situ\\u00e1cie, ktor\\u00e9 m\\u00f4\\u017eu nasta\\u0165 na pracovisk\\u00e1ch.&amp;nbsp; S&amp;nbsp;pr\\u00edslu\\u0161n\\u00fdm technick\\u00fdm vybaven\\u00edm je mo\\u017en\\u00e9 tento program vyu\\u017e\\u00edva\\u0165 aj bez potreby sady pre virtu\\u00e1lnu realitu.&lt;\\\/p&gt;\\n&lt;p style=\\&quot;text-align: justify;\\&quot;&gt;V&amp;nbsp;tejto s\\u00favislosti si dovo\\u013eujeme upozorni\\u0165 aj na program Elektrotechnick\\u00e9 laborat\\u00f3rium, ktor\\u00e9 je tie\\u017e po\\u010das s\\u00fa\\u010dasn\\u00e9ho obdobia otvoren\\u00fd. Je ur\\u010den\\u00fd najm\\u00e4 pre \\u0161tudentov stredn\\u00fdch odborn\\u00fdch \\u0161k\\u00f4l. V&amp;nbsp;tomto programe je mo\\u017en\\u00e9 sa zozn\\u00e1mi\\u0165 s&amp;nbsp;jednotliv\\u00fdmi elektrotechnick\\u00fdmi s\\u00fa\\u010diastkami a zostavova\\u0165 elektrick\\u00e9 obvody. Rovnako je tento program mo\\u017en\\u00e9 vyu\\u017e\\u00edva\\u0165 aj bez sady pre virtu\\u00e1lnu realitu.&amp;nbsp;&lt;\\\/p&gt;\\n&lt;p&gt;Obe aplik\\u00e1cie n\\u00e1jdete&amp;nbsp; na vzdel\\u00e1vacom port\\u00e1li&amp;nbsp; &lt;a href=\\&quot;https:\\\/\\\/viki.iedu.sk\\\/\\&quot; target=\\&quot;_blank\\&quot; rel=\\&quot;noopener\\&quot;&gt;https:\\\/\\\/viki.iedu.sk\\\/&lt;\\\/a&gt;&amp;nbsp; v&amp;nbsp;sekcii &lt;em&gt;Materi\\u00e1ly \\u2013 VEREJN\\u00c9 \\u2013 Virtu\\u00e1lna realita&lt;\\\/em&gt;&amp;nbsp; a je mo\\u017en\\u00e9 k nim prist\\u00fapi\\u0165 aj cez port\\u00e1l &lt;a href=\\&quot;https:\\\/\\\/www.ucimenadialku.sk\\\/\\&quot; target=\\&quot;_blank\\&quot; rel=\\&quot;noopener\\&quot;&gt;https:\\\/\\\/www.ucimenadialku.sk\\\/&lt;\\\/a&gt; .&lt;\\\/p&gt;\\n&lt;p&gt;&amp;nbsp;&lt;\\\/p&gt;\\n&quot;,&quot;content_text_selected_editor&quot;:&quot;tinymce&quot;},{&quot;title&quot;:&quot;Vide\\u00e1 a\\u00a0prezent\\u00e1cie&quot;,&quot;content_text&quot;:&quot;&lt;p&gt;text&lt;\\\/p&gt;\\n&quot;,&quot;content_text_selected_editor&quot;:&quot;tinymce&quot;},{&quot;title&quot;:&quot;Dokumenty&quot;,&quot;content_text&quot;:&quot;&lt;p&gt;text&lt;\\\/p&gt;\\n&quot;,&quot;content_text_selected_editor&quot;:&quot;tinymce&quot;}],&quot;initial_tab_position&quot;:1,&quot;design&quot;:{&quot;tabs_container&quot;:{&quot;background_color&quot;:&quot;#587bb8&quot;,&quot;border_color&quot;:false,&quot;border_width&quot;:false,&quot;border_width_unit&quot;:&quot;px&quot;,&quot;so_field_container_state&quot;:&quot;open&quot;},&quot;tabs&quot;:{&quot;background_color&quot;:&quot;#f6f8f9&quot;,&quot;background_hover_color&quot;:&quot;#F9F9F9&quot;,&quot;title_color&quot;:&quot;#2e5aa6&quot;,&quot;title_hover_color&quot;:&quot;#3dbbed&quot;,&quot;border_color&quot;:&quot;#828282&quot;,&quot;border_hover_color&quot;:&quot;#F9F9F9&quot;,&quot;border_width&quot;:false,&quot;border_width_unit&quot;:&quot;px&quot;,&quot;border_hover_width&quot;:false,&quot;border_hover_width_unit&quot;:&quot;px&quot;,&quot;so_field_container_state&quot;:&quot;open&quot;},&quot;panels&quot;:{&quot;background_color&quot;:&quot;#F9F9F9&quot;,&quot;font_color&quot;:false,&quot;border_color&quot;:false,&quot;border_width&quot;:false,&quot;border_width_unit&quot;:&quot;px&quot;,&quot;so_field_container_state&quot;:&quot;open&quot;},&quot;so_field_container_state&quot;:&quot;open&quot;},&quot;_sow_form_id&quot;:&quot;19091964395e7e361cb7d3b492564374&quot;,&quot;_sow_form_timestamp&quot;:&quot;1589382172908&quot;,&quot;so_sidebar_emulator_id&quot;:&quot;sow-tabs-606210000&quot;,&quot;option_name&quot;:&quot;widget_sow-tabs&quot;},&quot;args&quot;:{&quot;before_widget&quot;:&quot;&lt;div id=\\&quot;panel-6062-0-0-0\\&quot; class=\\&quot;so-panel widget widget_sow-tabs panel-first-child panel-last-child\\&quot; data-index=\\&quot;0\\&quot; data-style=\\&quot;{&amp;quot;background_image_attachment&amp;quot;:false,&amp;quot;background_display&amp;quot;:&amp;quot;tile&amp;quot;}\\&quot; &gt;&quot;,&quot;after_widget&quot;:&quot;&lt;\\\/div&gt;&quot;,&quot;before_title&quot;:&quot;&lt;h3 class=\\&quot;widget-title\\&quot;&gt;&quot;,&quot;after_title&quot;:&quot;&lt;\\\/h3&gt;&quot;,&quot;widget_id&quot;:&quot;widget-0-0-0&quot;}}\" \/>[\/siteorigin_widget]<\/div>\n<\/div>\n<\/div>\n<\/div>\n<style type=\"text\/css\" class=\"panels-style\" data-panels-style-for-post=\"6062\">@import url(https:\/\/archiv.siov.sk\/wp-content\/plugins\/siteorigin-panels\/css\/front-flex.min.css); #pgc-6062-0-0 { width:100%;width:calc(100% - ( 0 * 30px ) ) } #pl-6062 #panel-6062-0-0-0 {  } #pl-6062 .so-panel { margin-bottom:30px } #pl-6062 .so-panel:last-child { margin-bottom:0px } @media (max-width:780px){ #pg-6062-0.panel-no-style, #pg-6062-0.panel-has-style > .panel-row-style { -webkit-flex-direction:column;-ms-flex-direction:column;flex-direction:column } #pg-6062-0 > .panel-grid-cell , #pg-6062-0 > .panel-row-style > .panel-grid-cell { width:100%;margin-right:0 } #pl-6062 .panel-grid-cell { padding:0 } #pl-6062 .panel-grid .panel-grid-cell-empty { display:none } #pl-6062 .panel-grid .panel-grid-cell-mobile-last { margin-bottom:0px }  } <\/style>\n","protected":false},"excerpt":{"rendered":"<p>[siteorigin_widget class=&#8220;SiteOrigin_Widget_Tabs_Widget&#8220;][\/siteorigin_widget]<\/p>\n","protected":false},"author":1,"featured_media":0,"parent":5226,"menu_order":0,"comment_status":"closed","ping_status":"closed","template":"","meta":{"site-sidebar-layout":"default","site-content-layout":"","ast-site-content-layout":"default","site-content-style":"default","site-sidebar-style":"default","ast-global-header-display":"","ast-banner-title-visibility":"","ast-main-header-display":"","ast-hfb-above-header-display":"","ast-hfb-below-header-display":"","ast-hfb-mobile-header-display":"","site-post-title":"","ast-breadcrumbs-content":"","ast-featured-img":"","footer-sml-layout":"","ast-disable-related-posts":"","theme-transparent-header-meta":"","adv-header-id-meta":"","stick-header-meta":"","header-above-stick-meta":"","header-main-stick-meta":"","header-below-stick-meta":"","astra-migrate-meta-layouts":"default","ast-page-background-enabled":"default","ast-page-background-meta":{"desktop":{"background-color":"var(--ast-global-color-4)","background-image":"","background-repeat":"repeat","background-position":"center center","background-size":"auto","background-attachment":"scroll","background-type":"","background-media":"","overlay-type":"","overlay-color":"","overlay-opacity":"","overlay-gradient":""},"tablet":{"background-color":"","background-image":"","background-repeat":"repeat","background-position":"center center","background-size":"auto","background-attachment":"scroll","background-type":"","background-media":"","overlay-type":"","overlay-color":"","overlay-opacity":"","overlay-gradient":""},"mobile":{"background-color":"","background-image":"","background-repeat":"repeat","background-position":"center center","background-size":"auto","background-attachment":"scroll","background-type":"","background-media":"","overlay-type":"","overlay-color":"","overlay-opacity":"","overlay-gradient":""}},"ast-content-background-meta":{"desktop":{"background-color":"var(--ast-global-color-5)","background-image":"","background-repeat":"repeat","background-position":"center center","background-size":"auto","background-attachment":"scroll","background-type":"","background-media":"","overlay-type":"","overlay-color":"","overlay-opacity":"","overlay-gradient":""},"tablet":{"background-color":"var(--ast-global-color-5)","background-image":"","background-repeat":"repeat","background-position":"center center","background-size":"auto","background-attachment":"scroll","background-type":"","background-media":"","overlay-type":"","overlay-color":"","overlay-opacity":"","overlay-gradient":""},"mobile":{"background-color":"var(--ast-global-color-5)","background-image":"","background-repeat":"repeat","background-position":"center center","background-size":"auto","background-attachment":"scroll","background-type":"","background-media":"","overlay-type":"","overlay-color":"","overlay-opacity":"","overlay-gradient":""}},"footnotes":""},"class_list":["post-6062","page","type-page","status-publish","hentry"],"yoast_head":"<!-- This site is optimized with the Yoast SEO plugin v27.4 - https:\/\/yoast.com\/product\/yoast-seo-wordpress\/ -->\n<title>Virtu\u00e1lna realita - \u0160IOV - \u0161t\u00e1tny in\u0161tit\u00fat odborn\u00e9ho vzdel\u00e1vania<\/title>\n<meta name=\"robots\" content=\"index, follow, max-snippet:-1, max-image-preview:large, max-video-preview:-1\" \/>\n<link rel=\"canonical\" href=\"https:\/\/archiv.siov.sk\/en\/vzdelavanie\/ucme-sa-doma\/vzdelavaci-obsah\/virtualna-realita\/\" \/>\n<meta property=\"og:locale\" content=\"en_GB\" \/>\n<meta property=\"og:type\" content=\"article\" \/>\n<meta property=\"og:title\" content=\"Virtu\u00e1lna realita - \u0160IOV - \u0161t\u00e1tny in\u0161tit\u00fat odborn\u00e9ho vzdel\u00e1vania\" \/>\n<meta property=\"og:description\" content=\"[siteorigin_widget class=&#8220;SiteOrigin_Widget_Tabs_Widget&#8220;][\/siteorigin_widget]\" \/>\n<meta property=\"og:url\" content=\"https:\/\/archiv.siov.sk\/en\/vzdelavanie\/ucme-sa-doma\/vzdelavaci-obsah\/virtualna-realita\/\" \/>\n<meta property=\"og:site_name\" content=\"\u0160IOV - \u0161t\u00e1tny in\u0161tit\u00fat odborn\u00e9ho vzdel\u00e1vania\" \/>\n<meta property=\"article:publisher\" content=\"https:\/\/www.facebook.com\/Statnyinstitutodbornehovzdelavania\" \/>\n<meta property=\"article:modified_time\" content=\"2020-05-13T15:03:13+00:00\" \/>\n<meta name=\"twitter:card\" content=\"summary_large_image\" \/>\n<script type=\"application\/ld+json\" class=\"yoast-schema-graph\">{\"@context\":\"https:\\\/\\\/schema.org\",\"@graph\":[{\"@type\":\"WebPage\",\"@id\":\"https:\\\/\\\/archiv.siov.sk\\\/vzdelavanie\\\/ucme-sa-doma\\\/vzdelavaci-obsah\\\/virtualna-realita\\\/\",\"url\":\"https:\\\/\\\/archiv.siov.sk\\\/vzdelavanie\\\/ucme-sa-doma\\\/vzdelavaci-obsah\\\/virtualna-realita\\\/\",\"name\":\"Virtu\u00e1lna realita - \u0160IOV - \u0161t\u00e1tny in\u0161tit\u00fat odborn\u00e9ho vzdel\u00e1vania\",\"isPartOf\":{\"@id\":\"https:\\\/\\\/archiv.siov.sk\\\/#website\"},\"datePublished\":\"2020-05-13T12:12:50+00:00\",\"dateModified\":\"2020-05-13T15:03:13+00:00\",\"breadcrumb\":{\"@id\":\"https:\\\/\\\/archiv.siov.sk\\\/vzdelavanie\\\/ucme-sa-doma\\\/vzdelavaci-obsah\\\/virtualna-realita\\\/#breadcrumb\"},\"inLanguage\":\"en-GB\",\"potentialAction\":[{\"@type\":\"ReadAction\",\"target\":[\"https:\\\/\\\/archiv.siov.sk\\\/vzdelavanie\\\/ucme-sa-doma\\\/vzdelavaci-obsah\\\/virtualna-realita\\\/\"]}]},{\"@type\":\"BreadcrumbList\",\"@id\":\"https:\\\/\\\/archiv.siov.sk\\\/vzdelavanie\\\/ucme-sa-doma\\\/vzdelavaci-obsah\\\/virtualna-realita\\\/#breadcrumb\",\"itemListElement\":[{\"@type\":\"ListItem\",\"position\":1,\"name\":\"Home\",\"item\":\"https:\\\/\\\/archiv.siov.sk\\\/\"},{\"@type\":\"ListItem\",\"position\":2,\"name\":\"Vzdel\u00e1vanie\",\"item\":\"https:\\\/\\\/archiv.siov.sk\\\/vzdelavanie\\\/\"},{\"@type\":\"ListItem\",\"position\":3,\"name\":\"U\u010dme sa doma\",\"item\":\"https:\\\/\\\/archiv.siov.sk\\\/vzdelavanie\\\/ucme-sa-doma\\\/\"},{\"@type\":\"ListItem\",\"position\":4,\"name\":\"Vzdel\u00e1vac\u00ed obsah\",\"item\":\"https:\\\/\\\/archiv.siov.sk\\\/vzdelavanie\\\/ucme-sa-doma\\\/vzdelavaci-obsah\\\/\"},{\"@type\":\"ListItem\",\"position\":5,\"name\":\"Virtu\u00e1lna realita\"}]},{\"@type\":\"WebSite\",\"@id\":\"https:\\\/\\\/archiv.siov.sk\\\/#website\",\"url\":\"https:\\\/\\\/archiv.siov.sk\\\/\",\"name\":\"\u0160IOV - \u0161t\u00e1tny in\u0161tit\u00fat odborn\u00e9ho vzdel\u00e1vania\",\"description\":\"\",\"publisher\":{\"@id\":\"https:\\\/\\\/archiv.siov.sk\\\/#organization\"},\"potentialAction\":[{\"@type\":\"SearchAction\",\"target\":{\"@type\":\"EntryPoint\",\"urlTemplate\":\"https:\\\/\\\/archiv.siov.sk\\\/?s={search_term_string}\"},\"query-input\":{\"@type\":\"PropertyValueSpecification\",\"valueRequired\":true,\"valueName\":\"search_term_string\"}}],\"inLanguage\":\"en-GB\"},{\"@type\":\"Organization\",\"@id\":\"https:\\\/\\\/archiv.siov.sk\\\/#organization\",\"name\":\"\u0160IOV - \u0161t\u00e1tny in\u0161tit\u00fat odborn\u00e9ho vzdel\u00e1vania\",\"url\":\"https:\\\/\\\/archiv.siov.sk\\\/\",\"logo\":{\"@type\":\"ImageObject\",\"inLanguage\":\"en-GB\",\"@id\":\"https:\\\/\\\/archiv.siov.sk\\\/#\\\/schema\\\/logo\\\/image\\\/\",\"url\":\"https:\\\/\\\/archiv.siov.sk\\\/wp-content\\\/uploads\\\/2024\\\/02\\\/logo-SIOV.png\",\"contentUrl\":\"https:\\\/\\\/archiv.siov.sk\\\/wp-content\\\/uploads\\\/2024\\\/02\\\/logo-SIOV.png\",\"width\":431,\"height\":143,\"caption\":\"\u0160IOV - \u0161t\u00e1tny in\u0161tit\u00fat odborn\u00e9ho vzdel\u00e1vania\"},\"image\":{\"@id\":\"https:\\\/\\\/archiv.siov.sk\\\/#\\\/schema\\\/logo\\\/image\\\/\"},\"sameAs\":[\"https:\\\/\\\/www.facebook.com\\\/Statnyinstitutodbornehovzdelavania\"]}]}<\/script>\n<!-- \/ Yoast SEO plugin. -->","yoast_head_json":{"title":"Virtu\u00e1lna realita - \u0160IOV - \u0161t\u00e1tny in\u0161tit\u00fat odborn\u00e9ho vzdel\u00e1vania","robots":{"index":"index","follow":"follow","max-snippet":"max-snippet:-1","max-image-preview":"max-image-preview:large","max-video-preview":"max-video-preview:-1"},"canonical":"https:\/\/archiv.siov.sk\/en\/vzdelavanie\/ucme-sa-doma\/vzdelavaci-obsah\/virtualna-realita\/","og_locale":"en_GB","og_type":"article","og_title":"Virtu\u00e1lna realita - \u0160IOV - \u0161t\u00e1tny in\u0161tit\u00fat odborn\u00e9ho vzdel\u00e1vania","og_description":"[siteorigin_widget class=&#8220;SiteOrigin_Widget_Tabs_Widget&#8220;][\/siteorigin_widget]","og_url":"https:\/\/archiv.siov.sk\/en\/vzdelavanie\/ucme-sa-doma\/vzdelavaci-obsah\/virtualna-realita\/","og_site_name":"\u0160IOV - \u0161t\u00e1tny in\u0161tit\u00fat odborn\u00e9ho vzdel\u00e1vania","article_publisher":"https:\/\/www.facebook.com\/Statnyinstitutodbornehovzdelavania","article_modified_time":"2020-05-13T15:03:13+00:00","twitter_card":"summary_large_image","schema":{"@context":"https:\/\/schema.org","@graph":[{"@type":"WebPage","@id":"https:\/\/archiv.siov.sk\/vzdelavanie\/ucme-sa-doma\/vzdelavaci-obsah\/virtualna-realita\/","url":"https:\/\/archiv.siov.sk\/vzdelavanie\/ucme-sa-doma\/vzdelavaci-obsah\/virtualna-realita\/","name":"Virtu\u00e1lna realita - \u0160IOV - \u0161t\u00e1tny in\u0161tit\u00fat odborn\u00e9ho vzdel\u00e1vania","isPartOf":{"@id":"https:\/\/archiv.siov.sk\/#website"},"datePublished":"2020-05-13T12:12:50+00:00","dateModified":"2020-05-13T15:03:13+00:00","breadcrumb":{"@id":"https:\/\/archiv.siov.sk\/vzdelavanie\/ucme-sa-doma\/vzdelavaci-obsah\/virtualna-realita\/#breadcrumb"},"inLanguage":"en-GB","potentialAction":[{"@type":"ReadAction","target":["https:\/\/archiv.siov.sk\/vzdelavanie\/ucme-sa-doma\/vzdelavaci-obsah\/virtualna-realita\/"]}]},{"@type":"BreadcrumbList","@id":"https:\/\/archiv.siov.sk\/vzdelavanie\/ucme-sa-doma\/vzdelavaci-obsah\/virtualna-realita\/#breadcrumb","itemListElement":[{"@type":"ListItem","position":1,"name":"Home","item":"https:\/\/archiv.siov.sk\/"},{"@type":"ListItem","position":2,"name":"Vzdel\u00e1vanie","item":"https:\/\/archiv.siov.sk\/vzdelavanie\/"},{"@type":"ListItem","position":3,"name":"U\u010dme sa doma","item":"https:\/\/archiv.siov.sk\/vzdelavanie\/ucme-sa-doma\/"},{"@type":"ListItem","position":4,"name":"Vzdel\u00e1vac\u00ed obsah","item":"https:\/\/archiv.siov.sk\/vzdelavanie\/ucme-sa-doma\/vzdelavaci-obsah\/"},{"@type":"ListItem","position":5,"name":"Virtu\u00e1lna realita"}]},{"@type":"WebSite","@id":"https:\/\/archiv.siov.sk\/#website","url":"https:\/\/archiv.siov.sk\/","name":"\u0160IOV - \u0161t\u00e1tny in\u0161tit\u00fat odborn\u00e9ho vzdel\u00e1vania","description":"","publisher":{"@id":"https:\/\/archiv.siov.sk\/#organization"},"potentialAction":[{"@type":"SearchAction","target":{"@type":"EntryPoint","urlTemplate":"https:\/\/archiv.siov.sk\/?s={search_term_string}"},"query-input":{"@type":"PropertyValueSpecification","valueRequired":true,"valueName":"search_term_string"}}],"inLanguage":"en-GB"},{"@type":"Organization","@id":"https:\/\/archiv.siov.sk\/#organization","name":"\u0160IOV - \u0161t\u00e1tny in\u0161tit\u00fat odborn\u00e9ho vzdel\u00e1vania","url":"https:\/\/archiv.siov.sk\/","logo":{"@type":"ImageObject","inLanguage":"en-GB","@id":"https:\/\/archiv.siov.sk\/#\/schema\/logo\/image\/","url":"https:\/\/archiv.siov.sk\/wp-content\/uploads\/2024\/02\/logo-SIOV.png","contentUrl":"https:\/\/archiv.siov.sk\/wp-content\/uploads\/2024\/02\/logo-SIOV.png","width":431,"height":143,"caption":"\u0160IOV - \u0161t\u00e1tny in\u0161tit\u00fat odborn\u00e9ho vzdel\u00e1vania"},"image":{"@id":"https:\/\/archiv.siov.sk\/#\/schema\/logo\/image\/"},"sameAs":["https:\/\/www.facebook.com\/Statnyinstitutodbornehovzdelavania"]}]}},"_links":{"self":[{"href":"https:\/\/archiv.siov.sk\/en\/wp-json\/wp\/v2\/pages\/6062","targetHints":{"allow":["GET"]}}],"collection":[{"href":"https:\/\/archiv.siov.sk\/en\/wp-json\/wp\/v2\/pages"}],"about":[{"href":"https:\/\/archiv.siov.sk\/en\/wp-json\/wp\/v2\/types\/page"}],"author":[{"embeddable":true,"href":"https:\/\/archiv.siov.sk\/en\/wp-json\/wp\/v2\/users\/1"}],"replies":[{"embeddable":true,"href":"https:\/\/archiv.siov.sk\/en\/wp-json\/wp\/v2\/comments?post=6062"}],"version-history":[{"count":17,"href":"https:\/\/archiv.siov.sk\/en\/wp-json\/wp\/v2\/pages\/6062\/revisions"}],"predecessor-version":[{"id":6081,"href":"https:\/\/archiv.siov.sk\/en\/wp-json\/wp\/v2\/pages\/6062\/revisions\/6081"}],"up":[{"embeddable":true,"href":"https:\/\/archiv.siov.sk\/en\/wp-json\/wp\/v2\/pages\/5226"}],"wp:attachment":[{"href":"https:\/\/archiv.siov.sk\/en\/wp-json\/wp\/v2\/media?parent=6062"}],"curies":[{"name":"wp","href":"https:\/\/api.w.org\/{rel}","templated":true}]}}