{"id":6,"date":"2019-01-25T09:43:12","date_gmt":"2019-01-25T08:43:12","guid":{"rendered":"http:\/\/archiv.siov.sk\/?page_id=6"},"modified":"2025-04-16T10:29:45","modified_gmt":"2025-04-16T08:29:45","slug":"o-siov-e","status":"publish","type":"page","link":"https:\/\/archiv.siov.sk\/en\/o-nas\/o-siov-e\/","title":{"rendered":"About \u0160IOV"},"content":{"rendered":"<div data-elementor-type=\"wp-page\" data-elementor-id=\"6\" class=\"elementor elementor-6\" data-elementor-post-type=\"page\">\n\t\t\t\t\t\t<section class=\"elementor-section elementor-top-section elementor-element elementor-element-5fe0165 elementor-section-boxed elementor-section-height-default elementor-section-height-default\" data-id=\"5fe0165\" data-element_type=\"section\" data-e-type=\"section\">\n\t\t\t\t\t\t<div class=\"elementor-container elementor-column-gap-default\">\n\t\t\t\t\t<div class=\"elementor-column elementor-col-100 elementor-top-column elementor-element elementor-element-b2cd5bc\" data-id=\"b2cd5bc\" data-element_type=\"column\" data-e-type=\"column\">\n\t\t\t<div class=\"elementor-widget-wrap elementor-element-populated\">\n\t\t\t\t\t\t<div class=\"elementor-element elementor-element-09ff01c elementor-widget-divider--view-line elementor-widget elementor-widget-divider\" data-id=\"09ff01c\" data-element_type=\"widget\" data-e-type=\"widget\" data-widget_type=\"divider.default\">\n\t\t\t\t<div class=\"elementor-widget-container\">\n\t\t\t\t\t\t\t<div class=\"elementor-divider\">\n\t\t\t<span class=\"elementor-divider-separator\">\n\t\t\t\t\t\t<\/span>\n\t\t<\/div>\n\t\t\t\t\t\t<\/div>\n\t\t\t\t<\/div>\n\t\t\t\t<div class=\"elementor-element elementor-element-4de5e3e elementor-widget elementor-widget-heading\" data-id=\"4de5e3e\" data-element_type=\"widget\" data-e-type=\"widget\" data-widget_type=\"heading.default\">\n\t\t\t\t<div class=\"elementor-widget-container\">\n\t\t\t\t\t<h2 class=\"elementor-heading-title elementor-size-default\">About \u0160IOV<\/h2>\t\t\t\t<\/div>\n\t\t\t\t<\/div>\n\t\t\t\t\t<\/div>\n\t\t<\/div>\n\t\t\t\t\t<\/div>\n\t\t<\/section>\n\t\t\t\t<section class=\"elementor-section elementor-top-section elementor-element elementor-element-c10a9f2 elementor-section-boxed elementor-section-height-default elementor-section-height-default\" data-id=\"c10a9f2\" data-element_type=\"section\" data-e-type=\"section\">\n\t\t\t\t\t\t<div class=\"elementor-container elementor-column-gap-default\">\n\t\t\t\t\t<div class=\"elementor-column elementor-col-100 elementor-top-column elementor-element elementor-element-22ca586\" data-id=\"22ca586\" data-element_type=\"column\" data-e-type=\"column\">\n\t\t\t<div class=\"elementor-widget-wrap elementor-element-populated\">\n\t\t\t\t\t\t<div class=\"elementor-element elementor-element-9ecc10f elementor-widget elementor-widget-text-editor\" data-id=\"9ecc10f\" data-element_type=\"widget\" data-e-type=\"widget\" data-widget_type=\"text-editor.default\">\n\t\t\t\t<div class=\"elementor-widget-container\">\n\t\t\t\t\t\t\t\t\t<p style=\"text-align: justify;\">The State Institute of Vocational Education (\u0160IOV) is a directly managed organisation of the Ministry of Education, Research, Development and Youth of the Slovak Republic, responsible for the coordination of vocational education and training and adult education in Slovakia. It supports the development of national policies in the field of education, helps to introduce new trends and innovations in vocational education and training and adult education. \u0160IOV activities focus on pupils, teaching and vocational staff and employers' needs.<\/p><p>Its main activities are:<\/p><ul><li>management and coordination of the national network of vocational education and training schools in Slovakia,<\/li><li>developing national education standards (national curricula) and qualifications,<\/li><li>analysing trends and needs for the development of vocational education and training and adult education in Slovakia,<\/li><li>Supporting the Ministry of Education in the development of VET and adult education policies and strategies,<\/li><li>monitoring, analysing and introducing new trends and innovations in vocational education and training and adult education<\/li><li>securing, initiating and developing cooperation with national and international institutions, organisations and experts in the field of vocational education and training and adult education,<\/li><li>coordination of national competitions and exhibitions.<\/li><\/ul><p>\u0160IOV manages EU initiatives in the field of VET and adult education in Slovakia, namely:<\/p><ul><li>National contact point for the European Qualifications Framework,<\/li><li>National EUROPASS Centre,<\/li><li>National reference point for EQAVET<\/li><li>EPALE National Support Service,<\/li><li>The National Coordinator for the Implementation of the European Agenda for Adult Learning<\/li><li>National Qualifications Framework,<\/li><li>Slovak Centre of Training Companies,<\/li><li>EuroSkills National Contact Point,<\/li><li>UNESCO-UNEVOC Centre.<\/li><\/ul><p>\u0160IOV is a member of the European Basic Skills Network (EBSN), the European Forum for Vocational Education and Training (EfVET), EUROPEN, the Association of Adult Education Institutions in Slovakia, the European Association for Adult Education (EAEA). \nIt is part of the European network Cedefop ReferNet, which monitors the quality and research of VET in the European environment. \n\u0160IOV employees are members of various advisory bodies and working groups at the EU and other institutes, e.g.:<\/p><ul><li>Working Group on the Strategic Framework for the European Adult Learning Area (European Commission),<\/li><li>European Qualifications Framework Advisory Group (European Commission),<\/li><li>Group of National Experts on Vocational Education and Training (OECD),<\/li><li>Akredita\u010dn\u00e1 komisia Ministerstva \u0161kolstva, v\u00fdskumu, v\u00fdvoja a ml\u00e1de\u017ee pre \u010fal\u0161ie vzdel\u00e1vanie,<\/li><li>Erasmus+ National Team of Experts for Vocational Education and Training.<\/li><\/ul><p style=\"text-align: justify;\">\u0160IOV has extensive experience in the implementation of EU-funded projects, including large-scale national projects funded by the European Social Fund, Erasmus+, EaSI, etc. supporting the implementation of VET policies in Slovakia. It supports and develops the talent of young people in national and international competitions and runs the SLOVAK CENTRE FOR TRAINING COMPANIES (SCCF) as part of the international network of training companies PEN WORLDWIDE.<\/p><h3><a href=\"https:\/\/siov.sk\/wp-content\/uploads\/2025\/01\/Prezentacia-vizia-riadenie.pdf\" target=\"_blank\" rel=\"noopener\"><strong>The vision for the management of the \u0160IOV\u00a0<\/strong><\/a>(click for PDF)<\/h3>\t\t\t\t\t\t\t\t<\/div>\n\t\t\t\t<\/div>\n\t\t\t\t\t<\/div>\n\t\t<\/div>\n\t\t\t\t\t<\/div>\n\t\t<\/section>\n\t\t<div class=\"elementor-element elementor-element-6a68f42 e-flex e-con-boxed e-con e-parent\" data-id=\"6a68f42\" data-element_type=\"container\" data-e-type=\"container\">\n\t\t\t\t\t<div class=\"e-con-inner\">\n\t\t\t\t<div class=\"elementor-element elementor-element-325455f elementor-widget elementor-widget-image\" data-id=\"325455f\" data-element_type=\"widget\" data-e-type=\"widget\" data-widget_type=\"image.default\">\n\t\t\t\t<div class=\"elementor-widget-container\">\n\t\t\t\t\t\t\t\t\t\t\t\t\t\t\t<img fetchpriority=\"high\" decoding=\"async\" width=\"1024\" height=\"768\" src=\"https:\/\/archiv.siov.sk\/wp-content\/uploads\/2025\/03\/Vizia-a-hodnoty-SIOV-Prezentacia-43.png\" class=\"attachment-large size-large wp-image-18093\" alt=\"v\u00edzia a hodnoty \u0161iov\" srcset=\"https:\/\/archiv.siov.sk\/wp-content\/uploads\/2025\/03\/Vizia-a-hodnoty-SIOV-Prezentacia-43.png 1024w, https:\/\/archiv.siov.sk\/wp-content\/uploads\/2025\/03\/Vizia-a-hodnoty-SIOV-Prezentacia-43-300x225.png 300w, https:\/\/archiv.siov.sk\/wp-content\/uploads\/2025\/03\/Vizia-a-hodnoty-SIOV-Prezentacia-43-768x576.png 768w, https:\/\/archiv.siov.sk\/wp-content\/uploads\/2025\/03\/Vizia-a-hodnoty-SIOV-Prezentacia-43-16x12.png 16w\" sizes=\"(max-width: 1024px) 100vw, 1024px\" \/>\t\t\t\t\t\t\t\t\t\t\t\t\t\t\t<\/div>\n\t\t\t\t<\/div>\n\t\t\t\t\t<\/div>\n\t\t\t\t<\/div>\n\t\t\t\t<\/div>","protected":false},"excerpt":{"rendered":"<p>O \u0160IOV-e \u0160t\u00e1tny in\u0161tit\u00fat odborn\u00e9ho vzdel\u00e1vania (\u0160IOV) je priamo riadenou organiz\u00e1ciou Ministerstva \u0161kolstva, v\u00fdskumu, v\u00fdvoja a ml\u00e1de\u017ee Slovenskej republiky, ktor\u00e1 zodpoved\u00e1 za koordin\u00e1ciu odborn\u00e9ho vzdel\u00e1vania a pr\u00edpravy a vzdel\u00e1vania dospel\u00fdch na Slovensku. Podporuje rozvoj n\u00e1rodn\u00fdch polit\u00edk v oblasti vzdel\u00e1vania, pom\u00e1ha zav\u00e1dza\u0165 nov\u00e9 trendy a inov\u00e1cie v odbornom vzdel\u00e1van\u00ed a pr\u00edprave a vzdel\u00e1van\u00ed dospel\u00fdch. Aktivity \u0160IOV [&hellip;]<\/p>\n","protected":false},"author":1,"featured_media":0,"parent":8,"menu_order":0,"comment_status":"closed","ping_status":"closed","template":"","meta":{"site-sidebar-layout":"default","site-content-layout":"default","ast-site-content-layout":"default","site-content-style":"default","site-sidebar-style":"default","ast-global-header-display":"","ast-banner-title-visibility":"","ast-main-header-display":"","ast-hfb-above-header-display":"","ast-hfb-below-header-display":"","ast-hfb-mobile-header-display":"","site-post-title":"disabled","ast-breadcrumbs-content":"","ast-featured-img":"","footer-sml-layout":"","ast-disable-related-posts":"","theme-transparent-header-meta":"default","adv-header-id-meta":"","stick-header-meta":"","header-above-stick-meta":"","header-main-stick-meta":"","header-below-stick-meta":"","astra-migrate-meta-layouts":"default","ast-page-background-enabled":"default","ast-page-background-meta":{"desktop":{"background-color":"var(--ast-global-color-4)","background-image":"","background-repeat":"repeat","background-position":"center center","background-size":"auto","background-attachment":"scroll","background-type":"","background-media":"","overlay-type":"","overlay-color":"","overlay-opacity":"","overlay-gradient":""},"tablet":{"background-color":"","background-image":"","background-repeat":"repeat","background-position":"center center","background-size":"auto","background-attachment":"scroll","background-type":"","background-media":"","overlay-type":"","overlay-color":"","overlay-opacity":"","overlay-gradient":""},"mobile":{"background-color":"","background-image":"","background-repeat":"repeat","background-position":"center center","background-size":"auto","background-attachment":"scroll","background-type":"","background-media":"","overlay-type":"","overlay-color":"","overlay-opacity":"","overlay-gradient":""}},"ast-content-background-meta":{"desktop":{"background-color":"var(--ast-global-color-5)","background-image":"","background-repeat":"repeat","background-position":"center center","background-size":"auto","background-attachment":"scroll","background-type":"","background-media":"","overlay-type":"","overlay-color":"","overlay-opacity":"","overlay-gradient":""},"tablet":{"background-color":"var(--ast-global-color-5)","background-image":"","background-repeat":"repeat","background-position":"center center","background-size":"auto","background-attachment":"scroll","background-type":"","background-media":"","overlay-type":"","overlay-color":"","overlay-opacity":"","overlay-gradient":""},"mobile":{"background-color":"var(--ast-global-color-5)","background-image":"","background-repeat":"repeat","background-position":"center center","background-size":"auto","background-attachment":"scroll","background-type":"","background-media":"","overlay-type":"","overlay-color":"","overlay-opacity":"","overlay-gradient":""}},"footnotes":""},"class_list":["post-6","page","type-page","status-publish","hentry"],"yoast_head":"<!-- This site is optimized with the Yoast SEO plugin v27.5 - https:\/\/yoast.com\/product\/yoast-seo-wordpress\/ -->\n<title>O \u0160IOV-e - \u0160IOV - \u0161t\u00e1tny in\u0161tit\u00fat odborn\u00e9ho vzdel\u00e1vania<\/title>\n<meta name=\"description\" content=\"Vitajte na str\u00e1nkach \u0160t\u00e1tneho in\u0161tit\u00fatu odborn\u00e9ho vzdel\u00e1vania, ktor\u00fd rozsahom aktiv\u00edt a \u010dinnost\u00ed reaguje na \u0161irok\u00fa problematiku odborn\u00e9ho vzdel\u00e1vania.\" \/>\n<meta name=\"robots\" content=\"index, follow, max-snippet:-1, max-image-preview:large, max-video-preview:-1\" \/>\n<link rel=\"canonical\" href=\"https:\/\/archiv.siov.sk\/en\/o-nas\/o-siov-e\/\" \/>\n<meta property=\"og:locale\" content=\"en_GB\" \/>\n<meta property=\"og:type\" content=\"article\" \/>\n<meta property=\"og:title\" content=\"O \u0160IOV-e - \u0160IOV - \u0161t\u00e1tny in\u0161tit\u00fat odborn\u00e9ho vzdel\u00e1vania\" \/>\n<meta property=\"og:description\" content=\"Vitajte na str\u00e1nkach \u0160t\u00e1tneho in\u0161tit\u00fatu odborn\u00e9ho vzdel\u00e1vania, ktor\u00fd rozsahom aktiv\u00edt a \u010dinnost\u00ed reaguje na \u0161irok\u00fa problematiku odborn\u00e9ho vzdel\u00e1vania.\" \/>\n<meta property=\"og:url\" content=\"https:\/\/archiv.siov.sk\/en\/o-nas\/o-siov-e\/\" \/>\n<meta property=\"og:site_name\" content=\"\u0160IOV - \u0161t\u00e1tny in\u0161tit\u00fat odborn\u00e9ho vzdel\u00e1vania\" \/>\n<meta property=\"article:publisher\" content=\"https:\/\/www.facebook.com\/Statnyinstitutodbornehovzdelavania\" \/>\n<meta property=\"article:modified_time\" content=\"2025-04-16T08:29:45+00:00\" \/>\n<meta property=\"og:image\" content=\"https:\/\/archiv.siov.sk\/wp-content\/uploads\/2025\/03\/Vizia-a-hodnoty-SIOV-Prezentacia-43.png\" \/>\n<meta name=\"twitter:card\" content=\"summary_large_image\" \/>\n<meta name=\"twitter:label1\" content=\"Estimated reading time\" \/>\n\t<meta name=\"twitter:data1\" content=\"3 minutes\" \/>\n<script type=\"application\/ld+json\" class=\"yoast-schema-graph\">{\"@context\":\"https:\\\/\\\/schema.org\",\"@graph\":[{\"@type\":\"WebPage\",\"@id\":\"https:\\\/\\\/archiv.siov.sk\\\/o-nas\\\/o-siov-e\\\/\",\"url\":\"https:\\\/\\\/archiv.siov.sk\\\/o-nas\\\/o-siov-e\\\/\",\"name\":\"O \u0160IOV-e - \u0160IOV - \u0161t\u00e1tny in\u0161tit\u00fat odborn\u00e9ho vzdel\u00e1vania\",\"isPartOf\":{\"@id\":\"https:\\\/\\\/archiv.siov.sk\\\/#website\"},\"primaryImageOfPage\":{\"@id\":\"https:\\\/\\\/archiv.siov.sk\\\/o-nas\\\/o-siov-e\\\/#primaryimage\"},\"image\":{\"@id\":\"https:\\\/\\\/archiv.siov.sk\\\/o-nas\\\/o-siov-e\\\/#primaryimage\"},\"thumbnailUrl\":\"https:\\\/\\\/archiv.siov.sk\\\/wp-content\\\/uploads\\\/2025\\\/03\\\/Vizia-a-hodnoty-SIOV-Prezentacia-43.png\",\"datePublished\":\"2019-01-25T08:43:12+00:00\",\"dateModified\":\"2025-04-16T08:29:45+00:00\",\"description\":\"Vitajte na str\u00e1nkach \u0160t\u00e1tneho in\u0161tit\u00fatu odborn\u00e9ho vzdel\u00e1vania, ktor\u00fd rozsahom aktiv\u00edt a \u010dinnost\u00ed reaguje na \u0161irok\u00fa problematiku odborn\u00e9ho vzdel\u00e1vania.\",\"breadcrumb\":{\"@id\":\"https:\\\/\\\/archiv.siov.sk\\\/o-nas\\\/o-siov-e\\\/#breadcrumb\"},\"inLanguage\":\"en-GB\",\"potentialAction\":[{\"@type\":\"ReadAction\",\"target\":[\"https:\\\/\\\/archiv.siov.sk\\\/o-nas\\\/o-siov-e\\\/\"]}]},{\"@type\":\"ImageObject\",\"inLanguage\":\"en-GB\",\"@id\":\"https:\\\/\\\/archiv.siov.sk\\\/o-nas\\\/o-siov-e\\\/#primaryimage\",\"url\":\"https:\\\/\\\/archiv.siov.sk\\\/wp-content\\\/uploads\\\/2025\\\/03\\\/Vizia-a-hodnoty-SIOV-Prezentacia-43.png\",\"contentUrl\":\"https:\\\/\\\/archiv.siov.sk\\\/wp-content\\\/uploads\\\/2025\\\/03\\\/Vizia-a-hodnoty-SIOV-Prezentacia-43.png\"},{\"@type\":\"BreadcrumbList\",\"@id\":\"https:\\\/\\\/archiv.siov.sk\\\/o-nas\\\/o-siov-e\\\/#breadcrumb\",\"itemListElement\":[{\"@type\":\"ListItem\",\"position\":1,\"name\":\"Home\",\"item\":\"https:\\\/\\\/archiv.siov.sk\\\/\"},{\"@type\":\"ListItem\",\"position\":2,\"name\":\"O n\u00e1s\",\"item\":\"https:\\\/\\\/archiv.siov.sk\\\/o-nas\\\/\"},{\"@type\":\"ListItem\",\"position\":3,\"name\":\"O \u0160IOV-e\"}]},{\"@type\":\"WebSite\",\"@id\":\"https:\\\/\\\/archiv.siov.sk\\\/#website\",\"url\":\"https:\\\/\\\/archiv.siov.sk\\\/\",\"name\":\"\u0160IOV - \u0161t\u00e1tny in\u0161tit\u00fat odborn\u00e9ho vzdel\u00e1vania\",\"description\":\"\",\"publisher\":{\"@id\":\"https:\\\/\\\/archiv.siov.sk\\\/#organization\"},\"potentialAction\":[{\"@type\":\"SearchAction\",\"target\":{\"@type\":\"EntryPoint\",\"urlTemplate\":\"https:\\\/\\\/archiv.siov.sk\\\/?s={search_term_string}\"},\"query-input\":{\"@type\":\"PropertyValueSpecification\",\"valueRequired\":true,\"valueName\":\"search_term_string\"}}],\"inLanguage\":\"en-GB\"},{\"@type\":\"Organization\",\"@id\":\"https:\\\/\\\/archiv.siov.sk\\\/#organization\",\"name\":\"\u0160IOV - \u0161t\u00e1tny in\u0161tit\u00fat odborn\u00e9ho vzdel\u00e1vania\",\"url\":\"https:\\\/\\\/archiv.siov.sk\\\/\",\"logo\":{\"@type\":\"ImageObject\",\"inLanguage\":\"en-GB\",\"@id\":\"https:\\\/\\\/archiv.siov.sk\\\/#\\\/schema\\\/logo\\\/image\\\/\",\"url\":\"https:\\\/\\\/archiv.siov.sk\\\/wp-content\\\/uploads\\\/2024\\\/02\\\/logo-SIOV.png\",\"contentUrl\":\"https:\\\/\\\/archiv.siov.sk\\\/wp-content\\\/uploads\\\/2024\\\/02\\\/logo-SIOV.png\",\"width\":431,\"height\":143,\"caption\":\"\u0160IOV - \u0161t\u00e1tny in\u0161tit\u00fat odborn\u00e9ho vzdel\u00e1vania\"},\"image\":{\"@id\":\"https:\\\/\\\/archiv.siov.sk\\\/#\\\/schema\\\/logo\\\/image\\\/\"},\"sameAs\":[\"https:\\\/\\\/www.facebook.com\\\/Statnyinstitutodbornehovzdelavania\"]}]}<\/script>\n<!-- \/ Yoast SEO plugin. -->","yoast_head_json":{"title":"O \u0160IOV-e - \u0160IOV - \u0161t\u00e1tny in\u0161tit\u00fat odborn\u00e9ho vzdel\u00e1vania","description":"Vitajte na str\u00e1nkach \u0160t\u00e1tneho in\u0161tit\u00fatu odborn\u00e9ho vzdel\u00e1vania, ktor\u00fd rozsahom aktiv\u00edt a \u010dinnost\u00ed reaguje na \u0161irok\u00fa problematiku odborn\u00e9ho vzdel\u00e1vania.","robots":{"index":"index","follow":"follow","max-snippet":"max-snippet:-1","max-image-preview":"max-image-preview:large","max-video-preview":"max-video-preview:-1"},"canonical":"https:\/\/archiv.siov.sk\/en\/o-nas\/o-siov-e\/","og_locale":"en_GB","og_type":"article","og_title":"O \u0160IOV-e - \u0160IOV - \u0161t\u00e1tny in\u0161tit\u00fat odborn\u00e9ho vzdel\u00e1vania","og_description":"Vitajte na str\u00e1nkach \u0160t\u00e1tneho in\u0161tit\u00fatu odborn\u00e9ho vzdel\u00e1vania, ktor\u00fd rozsahom aktiv\u00edt a \u010dinnost\u00ed reaguje na \u0161irok\u00fa problematiku odborn\u00e9ho vzdel\u00e1vania.","og_url":"https:\/\/archiv.siov.sk\/en\/o-nas\/o-siov-e\/","og_site_name":"\u0160IOV - \u0161t\u00e1tny in\u0161tit\u00fat odborn\u00e9ho vzdel\u00e1vania","article_publisher":"https:\/\/www.facebook.com\/Statnyinstitutodbornehovzdelavania","article_modified_time":"2025-04-16T08:29:45+00:00","og_image":[{"url":"https:\/\/archiv.siov.sk\/wp-content\/uploads\/2025\/03\/Vizia-a-hodnoty-SIOV-Prezentacia-43.png","type":"","width":"","height":""}],"twitter_card":"summary_large_image","twitter_misc":{"Estimated reading time":"3 minutes"},"schema":{"@context":"https:\/\/schema.org","@graph":[{"@type":"WebPage","@id":"https:\/\/archiv.siov.sk\/o-nas\/o-siov-e\/","url":"https:\/\/archiv.siov.sk\/o-nas\/o-siov-e\/","name":"O \u0160IOV-e - \u0160IOV - \u0161t\u00e1tny in\u0161tit\u00fat odborn\u00e9ho vzdel\u00e1vania","isPartOf":{"@id":"https:\/\/archiv.siov.sk\/#website"},"primaryImageOfPage":{"@id":"https:\/\/archiv.siov.sk\/o-nas\/o-siov-e\/#primaryimage"},"image":{"@id":"https:\/\/archiv.siov.sk\/o-nas\/o-siov-e\/#primaryimage"},"thumbnailUrl":"https:\/\/archiv.siov.sk\/wp-content\/uploads\/2025\/03\/Vizia-a-hodnoty-SIOV-Prezentacia-43.png","datePublished":"2019-01-25T08:43:12+00:00","dateModified":"2025-04-16T08:29:45+00:00","description":"Vitajte na str\u00e1nkach \u0160t\u00e1tneho in\u0161tit\u00fatu odborn\u00e9ho vzdel\u00e1vania, ktor\u00fd rozsahom aktiv\u00edt a \u010dinnost\u00ed reaguje na \u0161irok\u00fa problematiku odborn\u00e9ho vzdel\u00e1vania.","breadcrumb":{"@id":"https:\/\/archiv.siov.sk\/o-nas\/o-siov-e\/#breadcrumb"},"inLanguage":"en-GB","potentialAction":[{"@type":"ReadAction","target":["https:\/\/archiv.siov.sk\/o-nas\/o-siov-e\/"]}]},{"@type":"ImageObject","inLanguage":"en-GB","@id":"https:\/\/archiv.siov.sk\/o-nas\/o-siov-e\/#primaryimage","url":"https:\/\/archiv.siov.sk\/wp-content\/uploads\/2025\/03\/Vizia-a-hodnoty-SIOV-Prezentacia-43.png","contentUrl":"https:\/\/archiv.siov.sk\/wp-content\/uploads\/2025\/03\/Vizia-a-hodnoty-SIOV-Prezentacia-43.png"},{"@type":"BreadcrumbList","@id":"https:\/\/archiv.siov.sk\/o-nas\/o-siov-e\/#breadcrumb","itemListElement":[{"@type":"ListItem","position":1,"name":"Home","item":"https:\/\/archiv.siov.sk\/"},{"@type":"ListItem","position":2,"name":"O n\u00e1s","item":"https:\/\/archiv.siov.sk\/o-nas\/"},{"@type":"ListItem","position":3,"name":"O \u0160IOV-e"}]},{"@type":"WebSite","@id":"https:\/\/archiv.siov.sk\/#website","url":"https:\/\/archiv.siov.sk\/","name":"\u0160IOV - \u0161t\u00e1tny in\u0161tit\u00fat odborn\u00e9ho vzdel\u00e1vania","description":"","publisher":{"@id":"https:\/\/archiv.siov.sk\/#organization"},"potentialAction":[{"@type":"SearchAction","target":{"@type":"EntryPoint","urlTemplate":"https:\/\/archiv.siov.sk\/?s={search_term_string}"},"query-input":{"@type":"PropertyValueSpecification","valueRequired":true,"valueName":"search_term_string"}}],"inLanguage":"en-GB"},{"@type":"Organization","@id":"https:\/\/archiv.siov.sk\/#organization","name":"\u0160IOV - \u0161t\u00e1tny in\u0161tit\u00fat odborn\u00e9ho vzdel\u00e1vania","url":"https:\/\/archiv.siov.sk\/","logo":{"@type":"ImageObject","inLanguage":"en-GB","@id":"https:\/\/archiv.siov.sk\/#\/schema\/logo\/image\/","url":"https:\/\/archiv.siov.sk\/wp-content\/uploads\/2024\/02\/logo-SIOV.png","contentUrl":"https:\/\/archiv.siov.sk\/wp-content\/uploads\/2024\/02\/logo-SIOV.png","width":431,"height":143,"caption":"\u0160IOV - \u0161t\u00e1tny in\u0161tit\u00fat odborn\u00e9ho vzdel\u00e1vania"},"image":{"@id":"https:\/\/archiv.siov.sk\/#\/schema\/logo\/image\/"},"sameAs":["https:\/\/www.facebook.com\/Statnyinstitutodbornehovzdelavania"]}]}},"_links":{"self":[{"href":"https:\/\/archiv.siov.sk\/en\/wp-json\/wp\/v2\/pages\/6","targetHints":{"allow":["GET"]}}],"collection":[{"href":"https:\/\/archiv.siov.sk\/en\/wp-json\/wp\/v2\/pages"}],"about":[{"href":"https:\/\/archiv.siov.sk\/en\/wp-json\/wp\/v2\/types\/page"}],"author":[{"embeddable":true,"href":"https:\/\/archiv.siov.sk\/en\/wp-json\/wp\/v2\/users\/1"}],"replies":[{"embeddable":true,"href":"https:\/\/archiv.siov.sk\/en\/wp-json\/wp\/v2\/comments?post=6"}],"version-history":[{"count":41,"href":"https:\/\/archiv.siov.sk\/en\/wp-json\/wp\/v2\/pages\/6\/revisions"}],"predecessor-version":[{"id":18354,"href":"https:\/\/archiv.siov.sk\/en\/wp-json\/wp\/v2\/pages\/6\/revisions\/18354"}],"up":[{"embeddable":true,"href":"https:\/\/archiv.siov.sk\/en\/wp-json\/wp\/v2\/pages\/8"}],"wp:attachment":[{"href":"https:\/\/archiv.siov.sk\/en\/wp-json\/wp\/v2\/media?parent=6"}],"curies":[{"name":"wp","href":"https:\/\/api.w.org\/{rel}","templated":true}]}}