{"id":57,"date":"2019-01-25T10:12:03","date_gmt":"2019-01-25T09:12:03","guid":{"rendered":"http:\/\/archiv.siov.sk\/?page_id=57"},"modified":"2021-07-23T07:58:45","modified_gmt":"2021-07-23T05:58:45","slug":"rsov-%c2%b7-rozvoj-stredneho-a-odborneho-vzdelavania","status":"publish","type":"page","link":"https:\/\/archiv.siov.sk\/en\/projekty\/zrealizovane-projekty\/rsov-%c2%b7-rozvoj-stredneho-a-odborneho-vzdelavania\/","title":{"rendered":"Developing secondary and vocational education"},"content":{"rendered":"<div data-elementor-type=\"wp-page\" data-elementor-id=\"57\" class=\"elementor elementor-57\" data-elementor-post-type=\"page\">\n\t\t\t\t\t\t<section class=\"elementor-section elementor-top-section elementor-element elementor-element-5748b47 elementor-section-boxed elementor-section-height-default elementor-section-height-default\" data-id=\"5748b47\" data-element_type=\"section\" data-e-type=\"section\">\n\t\t\t\t\t\t<div class=\"elementor-container elementor-column-gap-default\">\n\t\t\t\t\t<div class=\"elementor-column elementor-col-100 elementor-top-column elementor-element elementor-element-fddefcb\" data-id=\"fddefcb\" data-element_type=\"column\" data-e-type=\"column\">\n\t\t\t<div class=\"elementor-widget-wrap elementor-element-populated\">\n\t\t\t\t\t\t<div class=\"elementor-element elementor-element-1c73676 elementor-widget-divider--view-line elementor-widget elementor-widget-divider\" data-id=\"1c73676\" data-element_type=\"widget\" data-e-type=\"widget\" data-widget_type=\"divider.default\">\n\t\t\t\t<div class=\"elementor-widget-container\">\n\t\t\t\t\t\t\t<div class=\"elementor-divider\">\n\t\t\t<span class=\"elementor-divider-separator\">\n\t\t\t\t\t\t<\/span>\n\t\t<\/div>\n\t\t\t\t\t\t<\/div>\n\t\t\t\t<\/div>\n\t\t\t\t<div class=\"elementor-element elementor-element-4c48d55 elementor-widget elementor-widget-heading\" data-id=\"4c48d55\" data-element_type=\"widget\" data-e-type=\"widget\" data-widget_type=\"heading.default\">\n\t\t\t\t<div class=\"elementor-widget-container\">\n\t\t\t\t\t<h2 class=\"elementor-heading-title elementor-size-default\">RSOV - Rozvoj stredn\u00e9ho a odborn\u00e9ho vzdel\u00e1vania<\/h2>\t\t\t\t<\/div>\n\t\t\t\t<\/div>\n\t\t\t\t\t<\/div>\n\t\t<\/div>\n\t\t\t\t\t<\/div>\n\t\t<\/section>\n\t\t\t\t<section class=\"elementor-section elementor-top-section elementor-element elementor-element-41d64940 elementor-section-boxed elementor-section-height-default elementor-section-height-default\" data-id=\"41d64940\" data-element_type=\"section\" data-e-type=\"section\">\n\t\t\t\t\t\t<div class=\"elementor-container elementor-column-gap-default\">\n\t\t\t\t\t<div class=\"elementor-column elementor-col-100 elementor-top-column elementor-element elementor-element-46b61077\" data-id=\"46b61077\" data-element_type=\"column\" data-e-type=\"column\">\n\t\t\t<div class=\"elementor-widget-wrap elementor-element-populated\">\n\t\t\t\t\t\t<div class=\"elementor-element elementor-element-1ac82bc9 elementor-widget elementor-widget-text-editor\" data-id=\"1ac82bc9\" data-element_type=\"widget\" data-e-type=\"widget\" data-widget_type=\"text-editor.default\">\n\t\t\t\t<div class=\"elementor-widget-container\">\n\t\t\t\t\t\t\t\t\t<p style=\"text-align: justify;\">Projekt RSOV vo vybran\u00fdch skupin\u00e1ch odborov stredn\u00e9ho odborn\u00e9ho vzdel\u00e1vania vytv\u00e1ra prostredie, v ktorom zamedzuje vzniku nezamestnanosti mlad\u00fdch \u013eud\u00ed prostredn\u00edctvom odborn\u00e9ho vzdel\u00e1vania a pr\u00edpravy lep\u0161ie orientovan\u00e9ho na potreby trhu pr\u00e1ce.<\/p>\r\n<p style=\"text-align: justify;\">Modern\u00e9 vzdel\u00e1vanie pre vedomostn\u00fa spolo\u010dnos\u0165 \/ Projekt je spolufinancovan\u00fd zo zdrojov E\u00da<\/p>\r\n\r\n<table>\r\n<tbody>\r\n<tr>\r\n<td>N\u00e1rodn\u00fd projekt:<\/td>\r\n<td><strong>ROZVOJ STREDN\u00c9HO ODBORN\u00c9HO VZDEL\u00c1VANIA<\/strong><\/td>\r\n<\/tr>\r\n<tr>\r\n<td>K\u00f3d ITMS projektu:<\/td>\r\n<td><strong>26110130548<\/strong><\/td>\r\n<\/tr>\r\n<tr>\r\n<td>Prioritn\u00e1 os 1:<\/td>\r\n<td><strong>Reforma syst\u00e9mu vzdel\u00e1vania a odbornej pr\u00edpravy<\/strong><\/td>\r\n<\/tr>\r\n<tr>\r\n<td>Opatrenie 1.1:<\/td>\r\n<td><strong>Premena tradi\u010dnej \u0161koly na modern\u00fa<\/strong><\/td>\r\n<\/tr>\r\n<tr>\r\n<td>Cie\u013e:<\/td>\r\n<td><strong>Konvergencia<\/strong><\/td>\r\n<\/tr>\r\n<\/tbody>\r\n<\/table>\r\n<ul class=\"svp_links\">\r\n \t<li><a href=\"http:\/\/new.rsov.sk\/\" target=\"_blank\" rel=\"noopener\">Viac inform\u00e1ci\u00ed o projekte<\/a><\/li>\r\n<\/ul>\r\n<p style=\"text-align: justify;\">Strategick\u00fdm cie\u013eom projektu je zv\u00fd\u0161enie kvality odborn\u00e9ho vzdel\u00e1vania a pr\u00edpravy (OVP) na stredn\u00fdch odborn\u00fdch \u0161kol\u00e1ch (SO\u0160) vo vybran\u00fdch skupin\u00e1ch odborov a tie\u017e celkov\u00e9 zv\u00fd\u0161enie kvality OVP vo v\u0161etk\u00fdch skupin\u00e1ch odborov, ktor\u00e9 s\u00fa v kompetencii \u0160t\u00e1tneho in\u0161tit\u00fatu odborn\u00e9ho vzdel\u00e1vania.<\/p>\r\n\r\n<h2>Na realiz\u00e1cii projektu sa podie\u013eaj\u00fa:<\/h2>\r\n<ul class=\"check_links\">\r\n \t<li>Ministerstvo \u0161kolstva, vedy, v\u00fdskumu a \u0161portu SR (M\u0160VV\u0160 SR)<\/li>\r\n \t<li>State Institute of Vocational Education (\u0160IOV)<\/li>\r\n \t<li>Vy\u0161\u0161ie \u00fazemn\u00e9 celky (V\u00daC)<\/li>\r\n \t<li>Stredn\u00e9 odborn\u00e9 \u0161koly (SO\u0160)<\/li>\r\n \t<li>7 zamestn\u00e1vate\u013esk\u00fdch zv\u00e4zov: R\u00daZ, AZZZ, SOPK, SLK, SBK, S\u017dK, SPPK<\/li>\r\n<\/ul>\r\n<h2>N\u00e1rodn\u00fd projekt sa prioritne zameriava na nasleduj\u00face skupiny odborov:<\/h2>\r\n<ul class=\"check_links\">\r\n \t<li>Hutn\u00edctvo<\/li>\r\n \t<li>Stroj\u00e1rstvo<\/li>\r\n \t<li>Elektrotechnika<\/li>\r\n \t<li>Technick\u00e1 ch\u00e9mia silik\u00e1tov<\/li>\r\n \t<li>Technick\u00e1 a aplikovan\u00e1 ch\u00e9mia<\/li>\r\n \t<li>Potravin\u00e1rstvo<\/li>\r\n \t<li>Sprac\u00favanie dreva<\/li>\r\n \t<li>Stavebn\u00edctvo, geod\u00e9zia a kartografia<\/li>\r\n \t<li>Po\u013enohospod\u00e1rstvo<\/li>\r\n<\/ul>\t\t\t\t\t\t\t\t<\/div>\n\t\t\t\t<\/div>\n\t\t\t\t\t<\/div>\n\t\t<\/div>\n\t\t\t\t\t<\/div>\n\t\t<\/section>\n\t\t\t\t<\/div>","protected":false},"excerpt":{"rendered":"<p>RSOV &#8211; Rozvoj stredn\u00e9ho a odborn\u00e9ho vzdel\u00e1vania Projekt RSOV vo vybran\u00fdch skupin\u00e1ch odborov stredn\u00e9ho odborn\u00e9ho vzdel\u00e1vania vytv\u00e1ra prostredie, v ktorom zamedzuje vzniku nezamestnanosti mlad\u00fdch \u013eud\u00ed prostredn\u00edctvom odborn\u00e9ho vzdel\u00e1vania a pr\u00edpravy lep\u0161ie orientovan\u00e9ho na potreby trhu pr\u00e1ce. Modern\u00e9 vzdel\u00e1vanie pre vedomostn\u00fa spolo\u010dnos\u0165 \/ Projekt je spolufinancovan\u00fd zo zdrojov E\u00da N\u00e1rodn\u00fd projekt: ROZVOJ STREDN\u00c9HO ODBORN\u00c9HO VZDEL\u00c1VANIA K\u00f3d [&hellip;]<\/p>\n","protected":false},"author":1,"featured_media":0,"parent":55,"menu_order":0,"comment_status":"closed","ping_status":"closed","template":"","meta":{"site-sidebar-layout":"default","site-content-layout":"default","ast-site-content-layout":"default","site-content-style":"default","site-sidebar-style":"default","ast-global-header-display":"","ast-banner-title-visibility":"","ast-main-header-display":"","ast-hfb-above-header-display":"","ast-hfb-below-header-display":"","ast-hfb-mobile-header-display":"","site-post-title":"disabled","ast-breadcrumbs-content":"","ast-featured-img":"","footer-sml-layout":"","ast-disable-related-posts":"","theme-transparent-header-meta":"default","adv-header-id-meta":"","stick-header-meta":"","header-above-stick-meta":"","header-main-stick-meta":"","header-below-stick-meta":"","astra-migrate-meta-layouts":"default","ast-page-background-enabled":"default","ast-page-background-meta":{"desktop":{"background-color":"var(--ast-global-color-4)","background-image":"","background-repeat":"repeat","background-position":"center center","background-size":"auto","background-attachment":"scroll","background-type":"","background-media":"","overlay-type":"","overlay-color":"","overlay-opacity":"","overlay-gradient":""},"tablet":{"background-color":"","background-image":"","background-repeat":"repeat","background-position":"center center","background-size":"auto","background-attachment":"scroll","background-type":"","background-media":"","overlay-type":"","overlay-color":"","overlay-opacity":"","overlay-gradient":""},"mobile":{"background-color":"","background-image":"","background-repeat":"repeat","background-position":"center center","background-size":"auto","background-attachment":"scroll","background-type":"","background-media":"","overlay-type":"","overlay-color":"","overlay-opacity":"","overlay-gradient":""}},"ast-content-background-meta":{"desktop":{"background-color":"var(--ast-global-color-5)","background-image":"","background-repeat":"repeat","background-position":"center center","background-size":"auto","background-attachment":"scroll","background-type":"","background-media":"","overlay-type":"","overlay-color":"","overlay-opacity":"","overlay-gradient":""},"tablet":{"background-color":"var(--ast-global-color-5)","background-image":"","background-repeat":"repeat","background-position":"center center","background-size":"auto","background-attachment":"scroll","background-type":"","background-media":"","overlay-type":"","overlay-color":"","overlay-opacity":"","overlay-gradient":""},"mobile":{"background-color":"var(--ast-global-color-5)","background-image":"","background-repeat":"repeat","background-position":"center center","background-size":"auto","background-attachment":"scroll","background-type":"","background-media":"","overlay-type":"","overlay-color":"","overlay-opacity":"","overlay-gradient":""}},"footnotes":""},"class_list":["post-57","page","type-page","status-publish","hentry"],"yoast_head":"<!-- This site is optimized with the Yoast SEO plugin v27.5 - https:\/\/yoast.com\/product\/yoast-seo-wordpress\/ -->\n<title>RSOV \u00b7 Rozvoj stredn\u00e9ho a odborn\u00e9ho vzdel\u00e1vania - \u0160IOV - \u0161t\u00e1tny in\u0161tit\u00fat odborn\u00e9ho vzdel\u00e1vania<\/title>\n<meta name=\"robots\" content=\"index, follow, max-snippet:-1, max-image-preview:large, max-video-preview:-1\" \/>\n<link rel=\"canonical\" href=\"https:\/\/archiv.siov.sk\/en\/projekty\/zrealizovane-projekty\/rsov-\u00b7-rozvoj-stredneho-a-odborneho-vzdelavania\/\" \/>\n<meta property=\"og:locale\" content=\"en_GB\" \/>\n<meta property=\"og:type\" content=\"article\" \/>\n<meta property=\"og:title\" content=\"RSOV \u00b7 Rozvoj stredn\u00e9ho a odborn\u00e9ho vzdel\u00e1vania - \u0160IOV - \u0161t\u00e1tny in\u0161tit\u00fat odborn\u00e9ho vzdel\u00e1vania\" \/>\n<meta property=\"og:description\" content=\"RSOV &#8211; Rozvoj stredn\u00e9ho a odborn\u00e9ho vzdel\u00e1vania Projekt RSOV vo vybran\u00fdch skupin\u00e1ch odborov stredn\u00e9ho odborn\u00e9ho vzdel\u00e1vania vytv\u00e1ra prostredie, v ktorom zamedzuje vzniku nezamestnanosti mlad\u00fdch \u013eud\u00ed prostredn\u00edctvom odborn\u00e9ho vzdel\u00e1vania a pr\u00edpravy lep\u0161ie orientovan\u00e9ho na potreby trhu pr\u00e1ce. Modern\u00e9 vzdel\u00e1vanie pre vedomostn\u00fa spolo\u010dnos\u0165 \/ Projekt je spolufinancovan\u00fd zo zdrojov E\u00da N\u00e1rodn\u00fd projekt: ROZVOJ STREDN\u00c9HO ODBORN\u00c9HO VZDEL\u00c1VANIA K\u00f3d [&hellip;]\" \/>\n<meta property=\"og:url\" content=\"https:\/\/archiv.siov.sk\/en\/projekty\/zrealizovane-projekty\/rsov-\u00b7-rozvoj-stredneho-a-odborneho-vzdelavania\/\" \/>\n<meta property=\"og:site_name\" content=\"\u0160IOV - \u0161t\u00e1tny in\u0161tit\u00fat odborn\u00e9ho vzdel\u00e1vania\" \/>\n<meta property=\"article:publisher\" content=\"https:\/\/www.facebook.com\/Statnyinstitutodbornehovzdelavania\" \/>\n<meta property=\"article:modified_time\" content=\"2021-07-23T05:58:45+00:00\" \/>\n<meta name=\"twitter:card\" content=\"summary_large_image\" \/>\n<meta name=\"twitter:label1\" content=\"Estimated reading time\" \/>\n\t<meta name=\"twitter:data1\" content=\"1 minute\" \/>\n<script type=\"application\/ld+json\" class=\"yoast-schema-graph\">{\"@context\":\"https:\\\/\\\/schema.org\",\"@graph\":[{\"@type\":\"WebPage\",\"@id\":\"https:\\\/\\\/archiv.siov.sk\\\/projekty\\\/zrealizovane-projekty\\\/rsov-%c2%b7-rozvoj-stredneho-a-odborneho-vzdelavania\\\/\",\"url\":\"https:\\\/\\\/archiv.siov.sk\\\/projekty\\\/zrealizovane-projekty\\\/rsov-%c2%b7-rozvoj-stredneho-a-odborneho-vzdelavania\\\/\",\"name\":\"RSOV \u00b7 Rozvoj stredn\u00e9ho a odborn\u00e9ho vzdel\u00e1vania - \u0160IOV - \u0161t\u00e1tny in\u0161tit\u00fat odborn\u00e9ho vzdel\u00e1vania\",\"isPartOf\":{\"@id\":\"https:\\\/\\\/archiv.siov.sk\\\/#website\"},\"datePublished\":\"2019-01-25T09:12:03+00:00\",\"dateModified\":\"2021-07-23T05:58:45+00:00\",\"breadcrumb\":{\"@id\":\"https:\\\/\\\/archiv.siov.sk\\\/projekty\\\/zrealizovane-projekty\\\/rsov-%c2%b7-rozvoj-stredneho-a-odborneho-vzdelavania\\\/#breadcrumb\"},\"inLanguage\":\"en-GB\",\"potentialAction\":[{\"@type\":\"ReadAction\",\"target\":[\"https:\\\/\\\/archiv.siov.sk\\\/projekty\\\/zrealizovane-projekty\\\/rsov-%c2%b7-rozvoj-stredneho-a-odborneho-vzdelavania\\\/\"]}]},{\"@type\":\"BreadcrumbList\",\"@id\":\"https:\\\/\\\/archiv.siov.sk\\\/projekty\\\/zrealizovane-projekty\\\/rsov-%c2%b7-rozvoj-stredneho-a-odborneho-vzdelavania\\\/#breadcrumb\",\"itemListElement\":[{\"@type\":\"ListItem\",\"position\":1,\"name\":\"Home\",\"item\":\"https:\\\/\\\/archiv.siov.sk\\\/\"},{\"@type\":\"ListItem\",\"position\":2,\"name\":\"Projekty\",\"item\":\"https:\\\/\\\/archiv.siov.sk\\\/en\\\/projekty\\\/\"},{\"@type\":\"ListItem\",\"position\":3,\"name\":\"Zrealizovan\u00e9 projekty\",\"item\":\"https:\\\/\\\/archiv.siov.sk\\\/en\\\/projekty\\\/zrealizovane-projekty\\\/\"},{\"@type\":\"ListItem\",\"position\":4,\"name\":\"RSOV \u00b7 Rozvoj stredn\u00e9ho a odborn\u00e9ho vzdel\u00e1vania\"}]},{\"@type\":\"WebSite\",\"@id\":\"https:\\\/\\\/archiv.siov.sk\\\/#website\",\"url\":\"https:\\\/\\\/archiv.siov.sk\\\/\",\"name\":\"\u0160IOV - \u0161t\u00e1tny in\u0161tit\u00fat odborn\u00e9ho vzdel\u00e1vania\",\"description\":\"\",\"publisher\":{\"@id\":\"https:\\\/\\\/archiv.siov.sk\\\/#organization\"},\"potentialAction\":[{\"@type\":\"SearchAction\",\"target\":{\"@type\":\"EntryPoint\",\"urlTemplate\":\"https:\\\/\\\/archiv.siov.sk\\\/?s={search_term_string}\"},\"query-input\":{\"@type\":\"PropertyValueSpecification\",\"valueRequired\":true,\"valueName\":\"search_term_string\"}}],\"inLanguage\":\"en-GB\"},{\"@type\":\"Organization\",\"@id\":\"https:\\\/\\\/archiv.siov.sk\\\/#organization\",\"name\":\"\u0160IOV - \u0161t\u00e1tny in\u0161tit\u00fat odborn\u00e9ho vzdel\u00e1vania\",\"url\":\"https:\\\/\\\/archiv.siov.sk\\\/\",\"logo\":{\"@type\":\"ImageObject\",\"inLanguage\":\"en-GB\",\"@id\":\"https:\\\/\\\/archiv.siov.sk\\\/#\\\/schema\\\/logo\\\/image\\\/\",\"url\":\"https:\\\/\\\/archiv.siov.sk\\\/wp-content\\\/uploads\\\/2024\\\/02\\\/logo-SIOV.png\",\"contentUrl\":\"https:\\\/\\\/archiv.siov.sk\\\/wp-content\\\/uploads\\\/2024\\\/02\\\/logo-SIOV.png\",\"width\":431,\"height\":143,\"caption\":\"\u0160IOV - \u0161t\u00e1tny in\u0161tit\u00fat odborn\u00e9ho vzdel\u00e1vania\"},\"image\":{\"@id\":\"https:\\\/\\\/archiv.siov.sk\\\/#\\\/schema\\\/logo\\\/image\\\/\"},\"sameAs\":[\"https:\\\/\\\/www.facebook.com\\\/Statnyinstitutodbornehovzdelavania\"]}]}<\/script>\n<!-- \/ Yoast SEO plugin. -->","yoast_head_json":{"title":"RSOV \u00b7 Rozvoj stredn\u00e9ho a odborn\u00e9ho vzdel\u00e1vania - \u0160IOV - \u0161t\u00e1tny in\u0161tit\u00fat odborn\u00e9ho vzdel\u00e1vania","robots":{"index":"index","follow":"follow","max-snippet":"max-snippet:-1","max-image-preview":"max-image-preview:large","max-video-preview":"max-video-preview:-1"},"canonical":"https:\/\/archiv.siov.sk\/en\/projekty\/zrealizovane-projekty\/rsov-\u00b7-rozvoj-stredneho-a-odborneho-vzdelavania\/","og_locale":"en_GB","og_type":"article","og_title":"RSOV \u00b7 Rozvoj stredn\u00e9ho a odborn\u00e9ho vzdel\u00e1vania - \u0160IOV - \u0161t\u00e1tny in\u0161tit\u00fat odborn\u00e9ho vzdel\u00e1vania","og_description":"RSOV &#8211; Rozvoj stredn\u00e9ho a odborn\u00e9ho vzdel\u00e1vania Projekt RSOV vo vybran\u00fdch skupin\u00e1ch odborov stredn\u00e9ho odborn\u00e9ho vzdel\u00e1vania vytv\u00e1ra prostredie, v ktorom zamedzuje vzniku nezamestnanosti mlad\u00fdch \u013eud\u00ed prostredn\u00edctvom odborn\u00e9ho vzdel\u00e1vania a pr\u00edpravy lep\u0161ie orientovan\u00e9ho na potreby trhu pr\u00e1ce. Modern\u00e9 vzdel\u00e1vanie pre vedomostn\u00fa spolo\u010dnos\u0165 \/ Projekt je spolufinancovan\u00fd zo zdrojov E\u00da N\u00e1rodn\u00fd projekt: ROZVOJ STREDN\u00c9HO ODBORN\u00c9HO VZDEL\u00c1VANIA K\u00f3d [&hellip;]","og_url":"https:\/\/archiv.siov.sk\/en\/projekty\/zrealizovane-projekty\/rsov-\u00b7-rozvoj-stredneho-a-odborneho-vzdelavania\/","og_site_name":"\u0160IOV - \u0161t\u00e1tny in\u0161tit\u00fat odborn\u00e9ho vzdel\u00e1vania","article_publisher":"https:\/\/www.facebook.com\/Statnyinstitutodbornehovzdelavania","article_modified_time":"2021-07-23T05:58:45+00:00","twitter_card":"summary_large_image","twitter_misc":{"Estimated reading time":"1 minute"},"schema":{"@context":"https:\/\/schema.org","@graph":[{"@type":"WebPage","@id":"https:\/\/archiv.siov.sk\/projekty\/zrealizovane-projekty\/rsov-%c2%b7-rozvoj-stredneho-a-odborneho-vzdelavania\/","url":"https:\/\/archiv.siov.sk\/projekty\/zrealizovane-projekty\/rsov-%c2%b7-rozvoj-stredneho-a-odborneho-vzdelavania\/","name":"RSOV \u00b7 Rozvoj stredn\u00e9ho a odborn\u00e9ho vzdel\u00e1vania - \u0160IOV - \u0161t\u00e1tny in\u0161tit\u00fat odborn\u00e9ho vzdel\u00e1vania","isPartOf":{"@id":"https:\/\/archiv.siov.sk\/#website"},"datePublished":"2019-01-25T09:12:03+00:00","dateModified":"2021-07-23T05:58:45+00:00","breadcrumb":{"@id":"https:\/\/archiv.siov.sk\/projekty\/zrealizovane-projekty\/rsov-%c2%b7-rozvoj-stredneho-a-odborneho-vzdelavania\/#breadcrumb"},"inLanguage":"en-GB","potentialAction":[{"@type":"ReadAction","target":["https:\/\/archiv.siov.sk\/projekty\/zrealizovane-projekty\/rsov-%c2%b7-rozvoj-stredneho-a-odborneho-vzdelavania\/"]}]},{"@type":"BreadcrumbList","@id":"https:\/\/archiv.siov.sk\/projekty\/zrealizovane-projekty\/rsov-%c2%b7-rozvoj-stredneho-a-odborneho-vzdelavania\/#breadcrumb","itemListElement":[{"@type":"ListItem","position":1,"name":"Home","item":"https:\/\/archiv.siov.sk\/"},{"@type":"ListItem","position":2,"name":"Projekty","item":"https:\/\/archiv.siov.sk\/en\/projekty\/"},{"@type":"ListItem","position":3,"name":"Zrealizovan\u00e9 projekty","item":"https:\/\/archiv.siov.sk\/en\/projekty\/zrealizovane-projekty\/"},{"@type":"ListItem","position":4,"name":"RSOV \u00b7 Rozvoj stredn\u00e9ho a odborn\u00e9ho vzdel\u00e1vania"}]},{"@type":"WebSite","@id":"https:\/\/archiv.siov.sk\/#website","url":"https:\/\/archiv.siov.sk\/","name":"\u0160IOV - \u0161t\u00e1tny in\u0161tit\u00fat odborn\u00e9ho vzdel\u00e1vania","description":"","publisher":{"@id":"https:\/\/archiv.siov.sk\/#organization"},"potentialAction":[{"@type":"SearchAction","target":{"@type":"EntryPoint","urlTemplate":"https:\/\/archiv.siov.sk\/?s={search_term_string}"},"query-input":{"@type":"PropertyValueSpecification","valueRequired":true,"valueName":"search_term_string"}}],"inLanguage":"en-GB"},{"@type":"Organization","@id":"https:\/\/archiv.siov.sk\/#organization","name":"\u0160IOV - \u0161t\u00e1tny in\u0161tit\u00fat odborn\u00e9ho vzdel\u00e1vania","url":"https:\/\/archiv.siov.sk\/","logo":{"@type":"ImageObject","inLanguage":"en-GB","@id":"https:\/\/archiv.siov.sk\/#\/schema\/logo\/image\/","url":"https:\/\/archiv.siov.sk\/wp-content\/uploads\/2024\/02\/logo-SIOV.png","contentUrl":"https:\/\/archiv.siov.sk\/wp-content\/uploads\/2024\/02\/logo-SIOV.png","width":431,"height":143,"caption":"\u0160IOV - \u0161t\u00e1tny in\u0161tit\u00fat odborn\u00e9ho vzdel\u00e1vania"},"image":{"@id":"https:\/\/archiv.siov.sk\/#\/schema\/logo\/image\/"},"sameAs":["https:\/\/www.facebook.com\/Statnyinstitutodbornehovzdelavania"]}]}},"_links":{"self":[{"href":"https:\/\/archiv.siov.sk\/en\/wp-json\/wp\/v2\/pages\/57","targetHints":{"allow":["GET"]}}],"collection":[{"href":"https:\/\/archiv.siov.sk\/en\/wp-json\/wp\/v2\/pages"}],"about":[{"href":"https:\/\/archiv.siov.sk\/en\/wp-json\/wp\/v2\/types\/page"}],"author":[{"embeddable":true,"href":"https:\/\/archiv.siov.sk\/en\/wp-json\/wp\/v2\/users\/1"}],"replies":[{"embeddable":true,"href":"https:\/\/archiv.siov.sk\/en\/wp-json\/wp\/v2\/comments?post=57"}],"version-history":[{"count":6,"href":"https:\/\/archiv.siov.sk\/en\/wp-json\/wp\/v2\/pages\/57\/revisions"}],"predecessor-version":[{"id":8762,"href":"https:\/\/archiv.siov.sk\/en\/wp-json\/wp\/v2\/pages\/57\/revisions\/8762"}],"up":[{"embeddable":true,"href":"https:\/\/archiv.siov.sk\/en\/wp-json\/wp\/v2\/pages\/55"}],"wp:attachment":[{"href":"https:\/\/archiv.siov.sk\/en\/wp-json\/wp\/v2\/media?parent=57"}],"curies":[{"name":"wp","href":"https:\/\/api.w.org\/{rel}","templated":true}]}}