{"id":5681,"date":"2020-04-14T19:22:16","date_gmt":"2020-04-14T17:22:16","guid":{"rendered":"https:\/\/archiv.siov.sk\/?page_id=5681"},"modified":"2021-03-29T10:36:22","modified_gmt":"2021-03-29T08:36:22","slug":"wordprocessing","status":"publish","type":"page","link":"https:\/\/archiv.siov.sk\/en\/aktuality-a-usmernenia-v-case-koronavirusu\/uvolnene-zadania-a-otazky-sutaz\/sip\/wordprocessing\/","title":{"rendered":"Wordprocessing"},"content":{"rendered":"<p><strong>Wordprocessing 2021<\/strong><\/p>\n<ul>\n<li><a href=\"https:\/\/archiv.siov.sk\/wp-content\/uploads\/2021\/03\/WP.zip\">Wordprocessing 2021<\/a><\/li>\n<\/ul>\n<p><strong>1 .&nbsp;<\/strong><\/p>\n<p><a href=\"\/wp-content\/uploads\/2020\/04\/zadanie-1.pdf\" target=\"_blank\" rel=\"noopener noreferrer\">Zadanie 1&nbsp;<\/a><\/p>\n<p><a href=\"\/wp-content\/uploads\/2020\/04\/Nakopirovat-ziakom-do-PC-1.rar\" target=\"_blank\" rel=\"noopener noreferrer\">Nakop\u00edrova\u0165 \u017eiakom do PC 1<\/a><\/p>\n<p><strong>2 .&nbsp;<\/strong><\/p>\n<p><a href=\"\/wp-content\/uploads\/2020\/04\/zadanie-2.pdf\" target=\"_blank\" rel=\"noopener noreferrer\">Zadanie 2&nbsp;<\/a><\/p>\n<p><a href=\"\/wp-content\/uploads\/2020\/04\/Nakopirovat-ziakom-do-PC-2.rar\" target=\"_blank\" rel=\"noopener noreferrer\">Nakop\u00edrova\u0165 \u017eiakom do PC 2&nbsp;<\/a><\/p>\n<p><strong>3 .&nbsp;<\/strong><\/p>\n<p><a href=\"\/wp-content\/uploads\/2020\/04\/zadanie-3.pdf\" target=\"_blank\" rel=\"noopener noreferrer\">Zadanie 3&nbsp;<\/a><\/p>\n<p><a href=\"\/wp-content\/uploads\/2020\/04\/Nakopirovat-ziakom-do-PC-3.rar\" target=\"_blank\" rel=\"noopener noreferrer\">Nakop\u00edrova\u0165 \u017eiakom do PC 3&nbsp;<\/a><\/p>","protected":false},"excerpt":{"rendered":"<p>Wordprocessing 2021 Wordprocessing 2021 1 .&nbsp; Zadanie 1&nbsp; Nakop\u00edrova\u0165 \u017eiakom do PC 1 2 .&nbsp; Zadanie 2&nbsp; Nakop\u00edrova\u0165 \u017eiakom do PC 2&nbsp; 3 .&nbsp; Zadanie 3&nbsp; Nakop\u00edrova\u0165 \u017eiakom do PC 3&nbsp;<\/p>","protected":false},"author":1,"featured_media":0,"parent":5671,"menu_order":0,"comment_status":"closed","ping_status":"closed","template":"","meta":{"site-sidebar-layout":"default","site-content-layout":"","ast-site-content-layout":"default","site-content-style":"default","site-sidebar-style":"default","ast-global-header-display":"","ast-banner-title-visibility":"","ast-main-header-display":"","ast-hfb-above-header-display":"","ast-hfb-below-header-display":"","ast-hfb-mobile-header-display":"","site-post-title":"","ast-breadcrumbs-content":"","ast-featured-img":"","footer-sml-layout":"","ast-disable-related-posts":"","theme-transparent-header-meta":"","adv-header-id-meta":"","stick-header-meta":"","header-above-stick-meta":"","header-main-stick-meta":"","header-below-stick-meta":"","astra-migrate-meta-layouts":"default","ast-page-background-enabled":"default","ast-page-background-meta":{"desktop":{"background-color":"var(--ast-global-color-4)","background-image":"","background-repeat":"repeat","background-position":"center center","background-size":"auto","background-attachment":"scroll","background-type":"","background-media":"","overlay-type":"","overlay-color":"","overlay-opacity":"","overlay-gradient":""},"tablet":{"background-color":"","background-image":"","background-repeat":"repeat","background-position":"center center","background-size":"auto","background-attachment":"scroll","background-type":"","background-media":"","overlay-type":"","overlay-color":"","overlay-opacity":"","overlay-gradient":""},"mobile":{"background-color":"","background-image":"","background-repeat":"repeat","background-position":"center center","background-size":"auto","background-attachment":"scroll","background-type":"","background-media":"","overlay-type":"","overlay-color":"","overlay-opacity":"","overlay-gradient":""}},"ast-content-background-meta":{"desktop":{"background-color":"var(--ast-global-color-5)","background-image":"","background-repeat":"repeat","background-position":"center center","background-size":"auto","background-attachment":"scroll","background-type":"","background-media":"","overlay-type":"","overlay-color":"","overlay-opacity":"","overlay-gradient":""},"tablet":{"background-color":"var(--ast-global-color-5)","background-image":"","background-repeat":"repeat","background-position":"center center","background-size":"auto","background-attachment":"scroll","background-type":"","background-media":"","overlay-type":"","overlay-color":"","overlay-opacity":"","overlay-gradient":""},"mobile":{"background-color":"var(--ast-global-color-5)","background-image":"","background-repeat":"repeat","background-position":"center center","background-size":"auto","background-attachment":"scroll","background-type":"","background-media":"","overlay-type":"","overlay-color":"","overlay-opacity":"","overlay-gradient":""}},"footnotes":""},"class_list":["post-5681","page","type-page","status-publish","hentry"],"yoast_head":"<!-- This site is optimized with the Yoast SEO plugin v27.5 - https:\/\/yoast.com\/product\/yoast-seo-wordpress\/ -->\n<title>Wordprocessing - \u0160IOV - \u0161t\u00e1tny in\u0161tit\u00fat odborn\u00e9ho vzdel\u00e1vania<\/title>\n<meta name=\"robots\" content=\"index, follow, max-snippet:-1, max-image-preview:large, max-video-preview:-1\" \/>\n<link rel=\"canonical\" href=\"https:\/\/archiv.siov.sk\/en\/aktuality-a-usmernenia-v-case-koronavirusu\/uvolnene-zadania-a-otazky-sutaz\/sip\/wordprocessing\/\" \/>\n<meta property=\"og:locale\" content=\"en_GB\" \/>\n<meta property=\"og:type\" content=\"article\" \/>\n<meta property=\"og:title\" content=\"Wordprocessing - \u0160IOV - \u0161t\u00e1tny in\u0161tit\u00fat odborn\u00e9ho vzdel\u00e1vania\" \/>\n<meta property=\"og:description\" content=\"Wordprocessing 2021 Wordprocessing 2021 1 .&nbsp; Zadanie 1&nbsp; Nakop\u00edrova\u0165 \u017eiakom do PC 1 2 .&nbsp; Zadanie 2&nbsp; Nakop\u00edrova\u0165 \u017eiakom do PC 2&nbsp; 3 .&nbsp; Zadanie 3&nbsp; Nakop\u00edrova\u0165 \u017eiakom do PC 3&nbsp;\" \/>\n<meta property=\"og:url\" content=\"https:\/\/archiv.siov.sk\/en\/aktuality-a-usmernenia-v-case-koronavirusu\/uvolnene-zadania-a-otazky-sutaz\/sip\/wordprocessing\/\" \/>\n<meta property=\"og:site_name\" content=\"\u0160IOV - \u0161t\u00e1tny in\u0161tit\u00fat odborn\u00e9ho vzdel\u00e1vania\" \/>\n<meta property=\"article:publisher\" content=\"https:\/\/www.facebook.com\/Statnyinstitutodbornehovzdelavania\" \/>\n<meta property=\"article:modified_time\" content=\"2021-03-29T08:36:22+00:00\" \/>\n<meta name=\"twitter:card\" content=\"summary_large_image\" \/>\n<meta name=\"twitter:label1\" content=\"Estimated reading time\" \/>\n\t<meta name=\"twitter:data1\" content=\"1 minute\" \/>\n<script type=\"application\/ld+json\" class=\"yoast-schema-graph\">{\"@context\":\"https:\\\/\\\/schema.org\",\"@graph\":[{\"@type\":\"WebPage\",\"@id\":\"https:\\\/\\\/archiv.siov.sk\\\/aktuality-a-usmernenia-v-case-koronavirusu\\\/uvolnene-zadania-a-otazky-sutaz\\\/sip\\\/wordprocessing\\\/\",\"url\":\"https:\\\/\\\/archiv.siov.sk\\\/aktuality-a-usmernenia-v-case-koronavirusu\\\/uvolnene-zadania-a-otazky-sutaz\\\/sip\\\/wordprocessing\\\/\",\"name\":\"Wordprocessing - \u0160IOV - \u0161t\u00e1tny in\u0161tit\u00fat odborn\u00e9ho vzdel\u00e1vania\",\"isPartOf\":{\"@id\":\"https:\\\/\\\/archiv.siov.sk\\\/#website\"},\"datePublished\":\"2020-04-14T17:22:16+00:00\",\"dateModified\":\"2021-03-29T08:36:22+00:00\",\"breadcrumb\":{\"@id\":\"https:\\\/\\\/archiv.siov.sk\\\/aktuality-a-usmernenia-v-case-koronavirusu\\\/uvolnene-zadania-a-otazky-sutaz\\\/sip\\\/wordprocessing\\\/#breadcrumb\"},\"inLanguage\":\"en-GB\",\"potentialAction\":[{\"@type\":\"ReadAction\",\"target\":[\"https:\\\/\\\/archiv.siov.sk\\\/aktuality-a-usmernenia-v-case-koronavirusu\\\/uvolnene-zadania-a-otazky-sutaz\\\/sip\\\/wordprocessing\\\/\"]}]},{\"@type\":\"BreadcrumbList\",\"@id\":\"https:\\\/\\\/archiv.siov.sk\\\/aktuality-a-usmernenia-v-case-koronavirusu\\\/uvolnene-zadania-a-otazky-sutaz\\\/sip\\\/wordprocessing\\\/#breadcrumb\",\"itemListElement\":[{\"@type\":\"ListItem\",\"position\":1,\"name\":\"Home\",\"item\":\"https:\\\/\\\/archiv.siov.sk\\\/\"},{\"@type\":\"ListItem\",\"position\":2,\"name\":\"Aktuality a usmernenia\u00a0v \u010dase koronav\u00edrusu\",\"item\":\"https:\\\/\\\/archiv.siov.sk\\\/aktuality-a-usmernenia-v-case-koronavirusu\\\/\"},{\"@type\":\"ListItem\",\"position\":3,\"name\":\"Uvo\u013enen\u00e9 zadania a\u00a0ot\u00e1zky s\u00fa\u0165a\u017e\",\"item\":\"https:\\\/\\\/archiv.siov.sk\\\/aktuality-a-usmernenia-v-case-koronavirusu\\\/uvolnene-zadania-a-otazky-sutaz\\\/\"},{\"@type\":\"ListItem\",\"position\":4,\"name\":\"SIP\",\"item\":\"https:\\\/\\\/archiv.siov.sk\\\/aktuality-a-usmernenia-v-case-koronavirusu\\\/uvolnene-zadania-a-otazky-sutaz\\\/sip\\\/\"},{\"@type\":\"ListItem\",\"position\":5,\"name\":\"Wordprocessing\"}]},{\"@type\":\"WebSite\",\"@id\":\"https:\\\/\\\/archiv.siov.sk\\\/#website\",\"url\":\"https:\\\/\\\/archiv.siov.sk\\\/\",\"name\":\"\u0160IOV - \u0161t\u00e1tny in\u0161tit\u00fat odborn\u00e9ho vzdel\u00e1vania\",\"description\":\"\",\"publisher\":{\"@id\":\"https:\\\/\\\/archiv.siov.sk\\\/#organization\"},\"potentialAction\":[{\"@type\":\"SearchAction\",\"target\":{\"@type\":\"EntryPoint\",\"urlTemplate\":\"https:\\\/\\\/archiv.siov.sk\\\/?s={search_term_string}\"},\"query-input\":{\"@type\":\"PropertyValueSpecification\",\"valueRequired\":true,\"valueName\":\"search_term_string\"}}],\"inLanguage\":\"en-GB\"},{\"@type\":\"Organization\",\"@id\":\"https:\\\/\\\/archiv.siov.sk\\\/#organization\",\"name\":\"\u0160IOV - \u0161t\u00e1tny in\u0161tit\u00fat odborn\u00e9ho vzdel\u00e1vania\",\"url\":\"https:\\\/\\\/archiv.siov.sk\\\/\",\"logo\":{\"@type\":\"ImageObject\",\"inLanguage\":\"en-GB\",\"@id\":\"https:\\\/\\\/archiv.siov.sk\\\/#\\\/schema\\\/logo\\\/image\\\/\",\"url\":\"https:\\\/\\\/archiv.siov.sk\\\/wp-content\\\/uploads\\\/2024\\\/02\\\/logo-SIOV.png\",\"contentUrl\":\"https:\\\/\\\/archiv.siov.sk\\\/wp-content\\\/uploads\\\/2024\\\/02\\\/logo-SIOV.png\",\"width\":431,\"height\":143,\"caption\":\"\u0160IOV - \u0161t\u00e1tny in\u0161tit\u00fat odborn\u00e9ho vzdel\u00e1vania\"},\"image\":{\"@id\":\"https:\\\/\\\/archiv.siov.sk\\\/#\\\/schema\\\/logo\\\/image\\\/\"},\"sameAs\":[\"https:\\\/\\\/www.facebook.com\\\/Statnyinstitutodbornehovzdelavania\"]}]}<\/script>\n<!-- \/ Yoast SEO plugin. -->","yoast_head_json":{"title":"Wordprocessing - \u0160IOV - \u0161t\u00e1tny in\u0161tit\u00fat odborn\u00e9ho vzdel\u00e1vania","robots":{"index":"index","follow":"follow","max-snippet":"max-snippet:-1","max-image-preview":"max-image-preview:large","max-video-preview":"max-video-preview:-1"},"canonical":"https:\/\/archiv.siov.sk\/en\/aktuality-a-usmernenia-v-case-koronavirusu\/uvolnene-zadania-a-otazky-sutaz\/sip\/wordprocessing\/","og_locale":"en_GB","og_type":"article","og_title":"Wordprocessing - \u0160IOV - \u0161t\u00e1tny in\u0161tit\u00fat odborn\u00e9ho vzdel\u00e1vania","og_description":"Wordprocessing 2021 Wordprocessing 2021 1 .&nbsp; Zadanie 1&nbsp; Nakop\u00edrova\u0165 \u017eiakom do PC 1 2 .&nbsp; Zadanie 2&nbsp; Nakop\u00edrova\u0165 \u017eiakom do PC 2&nbsp; 3 .&nbsp; Zadanie 3&nbsp; Nakop\u00edrova\u0165 \u017eiakom do PC 3&nbsp;","og_url":"https:\/\/archiv.siov.sk\/en\/aktuality-a-usmernenia-v-case-koronavirusu\/uvolnene-zadania-a-otazky-sutaz\/sip\/wordprocessing\/","og_site_name":"\u0160IOV - \u0161t\u00e1tny in\u0161tit\u00fat odborn\u00e9ho vzdel\u00e1vania","article_publisher":"https:\/\/www.facebook.com\/Statnyinstitutodbornehovzdelavania","article_modified_time":"2021-03-29T08:36:22+00:00","twitter_card":"summary_large_image","twitter_misc":{"Estimated reading time":"1 minute"},"schema":{"@context":"https:\/\/schema.org","@graph":[{"@type":"WebPage","@id":"https:\/\/archiv.siov.sk\/aktuality-a-usmernenia-v-case-koronavirusu\/uvolnene-zadania-a-otazky-sutaz\/sip\/wordprocessing\/","url":"https:\/\/archiv.siov.sk\/aktuality-a-usmernenia-v-case-koronavirusu\/uvolnene-zadania-a-otazky-sutaz\/sip\/wordprocessing\/","name":"Wordprocessing - \u0160IOV - \u0161t\u00e1tny in\u0161tit\u00fat odborn\u00e9ho vzdel\u00e1vania","isPartOf":{"@id":"https:\/\/archiv.siov.sk\/#website"},"datePublished":"2020-04-14T17:22:16+00:00","dateModified":"2021-03-29T08:36:22+00:00","breadcrumb":{"@id":"https:\/\/archiv.siov.sk\/aktuality-a-usmernenia-v-case-koronavirusu\/uvolnene-zadania-a-otazky-sutaz\/sip\/wordprocessing\/#breadcrumb"},"inLanguage":"en-GB","potentialAction":[{"@type":"ReadAction","target":["https:\/\/archiv.siov.sk\/aktuality-a-usmernenia-v-case-koronavirusu\/uvolnene-zadania-a-otazky-sutaz\/sip\/wordprocessing\/"]}]},{"@type":"BreadcrumbList","@id":"https:\/\/archiv.siov.sk\/aktuality-a-usmernenia-v-case-koronavirusu\/uvolnene-zadania-a-otazky-sutaz\/sip\/wordprocessing\/#breadcrumb","itemListElement":[{"@type":"ListItem","position":1,"name":"Home","item":"https:\/\/archiv.siov.sk\/"},{"@type":"ListItem","position":2,"name":"Aktuality a usmernenia\u00a0v \u010dase koronav\u00edrusu","item":"https:\/\/archiv.siov.sk\/aktuality-a-usmernenia-v-case-koronavirusu\/"},{"@type":"ListItem","position":3,"name":"Uvo\u013enen\u00e9 zadania a\u00a0ot\u00e1zky s\u00fa\u0165a\u017e","item":"https:\/\/archiv.siov.sk\/aktuality-a-usmernenia-v-case-koronavirusu\/uvolnene-zadania-a-otazky-sutaz\/"},{"@type":"ListItem","position":4,"name":"SIP","item":"https:\/\/archiv.siov.sk\/aktuality-a-usmernenia-v-case-koronavirusu\/uvolnene-zadania-a-otazky-sutaz\/sip\/"},{"@type":"ListItem","position":5,"name":"Wordprocessing"}]},{"@type":"WebSite","@id":"https:\/\/archiv.siov.sk\/#website","url":"https:\/\/archiv.siov.sk\/","name":"\u0160IOV - \u0161t\u00e1tny in\u0161tit\u00fat odborn\u00e9ho vzdel\u00e1vania","description":"","publisher":{"@id":"https:\/\/archiv.siov.sk\/#organization"},"potentialAction":[{"@type":"SearchAction","target":{"@type":"EntryPoint","urlTemplate":"https:\/\/archiv.siov.sk\/?s={search_term_string}"},"query-input":{"@type":"PropertyValueSpecification","valueRequired":true,"valueName":"search_term_string"}}],"inLanguage":"en-GB"},{"@type":"Organization","@id":"https:\/\/archiv.siov.sk\/#organization","name":"\u0160IOV - \u0161t\u00e1tny in\u0161tit\u00fat odborn\u00e9ho vzdel\u00e1vania","url":"https:\/\/archiv.siov.sk\/","logo":{"@type":"ImageObject","inLanguage":"en-GB","@id":"https:\/\/archiv.siov.sk\/#\/schema\/logo\/image\/","url":"https:\/\/archiv.siov.sk\/wp-content\/uploads\/2024\/02\/logo-SIOV.png","contentUrl":"https:\/\/archiv.siov.sk\/wp-content\/uploads\/2024\/02\/logo-SIOV.png","width":431,"height":143,"caption":"\u0160IOV - \u0161t\u00e1tny in\u0161tit\u00fat odborn\u00e9ho vzdel\u00e1vania"},"image":{"@id":"https:\/\/archiv.siov.sk\/#\/schema\/logo\/image\/"},"sameAs":["https:\/\/www.facebook.com\/Statnyinstitutodbornehovzdelavania"]}]}},"_links":{"self":[{"href":"https:\/\/archiv.siov.sk\/en\/wp-json\/wp\/v2\/pages\/5681","targetHints":{"allow":["GET"]}}],"collection":[{"href":"https:\/\/archiv.siov.sk\/en\/wp-json\/wp\/v2\/pages"}],"about":[{"href":"https:\/\/archiv.siov.sk\/en\/wp-json\/wp\/v2\/types\/page"}],"author":[{"embeddable":true,"href":"https:\/\/archiv.siov.sk\/en\/wp-json\/wp\/v2\/users\/1"}],"replies":[{"embeddable":true,"href":"https:\/\/archiv.siov.sk\/en\/wp-json\/wp\/v2\/comments?post=5681"}],"version-history":[{"count":4,"href":"https:\/\/archiv.siov.sk\/en\/wp-json\/wp\/v2\/pages\/5681\/revisions"}],"predecessor-version":[{"id":7543,"href":"https:\/\/archiv.siov.sk\/en\/wp-json\/wp\/v2\/pages\/5681\/revisions\/7543"}],"up":[{"embeddable":true,"href":"https:\/\/archiv.siov.sk\/en\/wp-json\/wp\/v2\/pages\/5671"}],"wp:attachment":[{"href":"https:\/\/archiv.siov.sk\/en\/wp-json\/wp\/v2\/media?parent=5681"}],"curies":[{"name":"wp","href":"https:\/\/api.w.org\/{rel}","templated":true}]}}