{"id":5677,"date":"2020-04-14T19:19:32","date_gmt":"2020-04-14T17:19:32","guid":{"rendered":"https:\/\/archiv.siov.sk\/?page_id=5677"},"modified":"2021-03-29T10:32:35","modified_gmt":"2021-03-29T08:32:35","slug":"pisanie-na-pocitaci","status":"publish","type":"page","link":"https:\/\/archiv.siov.sk\/en\/aktuality-a-usmernenia-v-case-koronavirusu\/uvolnene-zadania-a-otazky-sutaz\/sip\/pisanie-na-pocitaci\/","title":{"rendered":"P\u00edsanie na po\u010d\u00edta\u010di"},"content":{"rendered":"<p><strong>Odpis textu 2021<\/strong><\/p>\n<ul>\n<li><a href=\"https:\/\/archiv.siov.sk\/wp-content\/uploads\/2021\/03\/Zadanie-odpis.zip\">Odpis textu 2021<\/a><\/li>\n<\/ul>\n<p><strong>Odpis textu na po\u010d\u00edta\u010di<\/strong><\/p>\n<p>&nbsp;<a href=\"https:\/\/archiv.siov.sk\/wp-content\/uploads\/2020\/04\/sip_ziaci_slovensko.docx\" target=\"_blank\" rel=\"noopener noreferrer\"><img decoding=\"async\" class=\"alignnone wp-image-5709\" src=\"https:\/\/archiv.siov.sk\/wp-content\/uploads\/2020\/04\/word-300x289.png\" alt=\"\" width=\"53\" height=\"51\" srcset=\"https:\/\/archiv.siov.sk\/wp-content\/uploads\/2020\/04\/word-300x289.png 300w, https:\/\/archiv.siov.sk\/wp-content\/uploads\/2020\/04\/word-480x462.png 480w, https:\/\/archiv.siov.sk\/wp-content\/uploads\/2020\/04\/word.png 512w\" sizes=\"(max-width: 53px) 100vw, 53px\" \/><\/a><a href=\"https:\/\/archiv.siov.sk\/wp-content\/uploads\/2020\/04\/sip_ziaci_slovensko.docx\" target=\"_blank\" rel=\"noopener noreferrer\">sip ziaci slovensko<\/a><\/p>\n<p>Popis zadania: <em>V odpise tr\u00e9nuj\u00fa \u017eiaci r\u00fdchlos\u0165 p\u00edsania na PC z 3 troch str\u00e1n odpisuj\u00fa \u017eiaci 10 min\u00fat, ko\u013eko stihn\u00fa.<\/em><\/p>\n<p>&nbsp;<\/p>","protected":false},"excerpt":{"rendered":"<p>Odpis textu 2021 Odpis textu 2021 Odpis textu na po\u010d\u00edta\u010di &nbsp;sip ziaci slovensko Popis zadania: V odpise tr\u00e9nuj\u00fa \u017eiaci r\u00fdchlos\u0165 p\u00edsania na PC z 3 troch str\u00e1n odpisuj\u00fa \u017eiaci 10 min\u00fat, ko\u013eko stihn\u00fa. &nbsp;<\/p>","protected":false},"author":1,"featured_media":0,"parent":5671,"menu_order":0,"comment_status":"closed","ping_status":"closed","template":"","meta":{"site-sidebar-layout":"default","site-content-layout":"","ast-site-content-layout":"default","site-content-style":"default","site-sidebar-style":"default","ast-global-header-display":"","ast-banner-title-visibility":"","ast-main-header-display":"","ast-hfb-above-header-display":"","ast-hfb-below-header-display":"","ast-hfb-mobile-header-display":"","site-post-title":"","ast-breadcrumbs-content":"","ast-featured-img":"","footer-sml-layout":"","ast-disable-related-posts":"","theme-transparent-header-meta":"","adv-header-id-meta":"","stick-header-meta":"","header-above-stick-meta":"","header-main-stick-meta":"","header-below-stick-meta":"","astra-migrate-meta-layouts":"default","ast-page-background-enabled":"default","ast-page-background-meta":{"desktop":{"background-color":"var(--ast-global-color-4)","background-image":"","background-repeat":"repeat","background-position":"center center","background-size":"auto","background-attachment":"scroll","background-type":"","background-media":"","overlay-type":"","overlay-color":"","overlay-opacity":"","overlay-gradient":""},"tablet":{"background-color":"","background-image":"","background-repeat":"repeat","background-position":"center center","background-size":"auto","background-attachment":"scroll","background-type":"","background-media":"","overlay-type":"","overlay-color":"","overlay-opacity":"","overlay-gradient":""},"mobile":{"background-color":"","background-image":"","background-repeat":"repeat","background-position":"center center","background-size":"auto","background-attachment":"scroll","background-type":"","background-media":"","overlay-type":"","overlay-color":"","overlay-opacity":"","overlay-gradient":""}},"ast-content-background-meta":{"desktop":{"background-color":"var(--ast-global-color-5)","background-image":"","background-repeat":"repeat","background-position":"center center","background-size":"auto","background-attachment":"scroll","background-type":"","background-media":"","overlay-type":"","overlay-color":"","overlay-opacity":"","overlay-gradient":""},"tablet":{"background-color":"var(--ast-global-color-5)","background-image":"","background-repeat":"repeat","background-position":"center center","background-size":"auto","background-attachment":"scroll","background-type":"","background-media":"","overlay-type":"","overlay-color":"","overlay-opacity":"","overlay-gradient":""},"mobile":{"background-color":"var(--ast-global-color-5)","background-image":"","background-repeat":"repeat","background-position":"center center","background-size":"auto","background-attachment":"scroll","background-type":"","background-media":"","overlay-type":"","overlay-color":"","overlay-opacity":"","overlay-gradient":""}},"footnotes":""},"class_list":["post-5677","page","type-page","status-publish","hentry"],"yoast_head":"<!-- This site is optimized with the Yoast SEO plugin v27.5 - https:\/\/yoast.com\/product\/yoast-seo-wordpress\/ -->\n<title>P\u00edsanie na po\u010d\u00edta\u010di - \u0160IOV - \u0161t\u00e1tny in\u0161tit\u00fat odborn\u00e9ho vzdel\u00e1vania<\/title>\n<meta name=\"robots\" content=\"index, follow, max-snippet:-1, max-image-preview:large, max-video-preview:-1\" \/>\n<link rel=\"canonical\" href=\"https:\/\/archiv.siov.sk\/en\/aktuality-a-usmernenia-v-case-koronavirusu\/uvolnene-zadania-a-otazky-sutaz\/sip\/pisanie-na-pocitaci\/\" \/>\n<meta property=\"og:locale\" content=\"en_GB\" \/>\n<meta property=\"og:type\" content=\"article\" \/>\n<meta property=\"og:title\" content=\"P\u00edsanie na po\u010d\u00edta\u010di - \u0160IOV - \u0161t\u00e1tny in\u0161tit\u00fat odborn\u00e9ho vzdel\u00e1vania\" \/>\n<meta property=\"og:description\" content=\"Odpis textu 2021 Odpis textu 2021 Odpis textu na po\u010d\u00edta\u010di &nbsp;sip ziaci slovensko Popis zadania: V odpise tr\u00e9nuj\u00fa \u017eiaci r\u00fdchlos\u0165 p\u00edsania na PC z 3 troch str\u00e1n odpisuj\u00fa \u017eiaci 10 min\u00fat, ko\u013eko stihn\u00fa. &nbsp;\" \/>\n<meta property=\"og:url\" content=\"https:\/\/archiv.siov.sk\/en\/aktuality-a-usmernenia-v-case-koronavirusu\/uvolnene-zadania-a-otazky-sutaz\/sip\/pisanie-na-pocitaci\/\" \/>\n<meta property=\"og:site_name\" content=\"\u0160IOV - \u0161t\u00e1tny in\u0161tit\u00fat odborn\u00e9ho vzdel\u00e1vania\" \/>\n<meta property=\"article:publisher\" content=\"https:\/\/www.facebook.com\/Statnyinstitutodbornehovzdelavania\" \/>\n<meta property=\"article:modified_time\" content=\"2021-03-29T08:32:35+00:00\" \/>\n<meta property=\"og:image\" content=\"https:\/\/archiv.siov.sk\/wp-content\/uploads\/2020\/04\/word-300x289.png\" \/>\n<meta name=\"twitter:card\" content=\"summary_large_image\" \/>\n<meta name=\"twitter:label1\" content=\"Estimated reading time\" \/>\n\t<meta name=\"twitter:data1\" content=\"1 minute\" \/>\n<script type=\"application\/ld+json\" class=\"yoast-schema-graph\">{\"@context\":\"https:\\\/\\\/schema.org\",\"@graph\":[{\"@type\":\"WebPage\",\"@id\":\"https:\\\/\\\/archiv.siov.sk\\\/aktuality-a-usmernenia-v-case-koronavirusu\\\/uvolnene-zadania-a-otazky-sutaz\\\/sip\\\/pisanie-na-pocitaci\\\/\",\"url\":\"https:\\\/\\\/archiv.siov.sk\\\/aktuality-a-usmernenia-v-case-koronavirusu\\\/uvolnene-zadania-a-otazky-sutaz\\\/sip\\\/pisanie-na-pocitaci\\\/\",\"name\":\"P\u00edsanie na po\u010d\u00edta\u010di - \u0160IOV - \u0161t\u00e1tny in\u0161tit\u00fat odborn\u00e9ho vzdel\u00e1vania\",\"isPartOf\":{\"@id\":\"https:\\\/\\\/archiv.siov.sk\\\/#website\"},\"primaryImageOfPage\":{\"@id\":\"https:\\\/\\\/archiv.siov.sk\\\/aktuality-a-usmernenia-v-case-koronavirusu\\\/uvolnene-zadania-a-otazky-sutaz\\\/sip\\\/pisanie-na-pocitaci\\\/#primaryimage\"},\"image\":{\"@id\":\"https:\\\/\\\/archiv.siov.sk\\\/aktuality-a-usmernenia-v-case-koronavirusu\\\/uvolnene-zadania-a-otazky-sutaz\\\/sip\\\/pisanie-na-pocitaci\\\/#primaryimage\"},\"thumbnailUrl\":\"https:\\\/\\\/archiv.siov.sk\\\/wp-content\\\/uploads\\\/2020\\\/04\\\/word-300x289.png\",\"datePublished\":\"2020-04-14T17:19:32+00:00\",\"dateModified\":\"2021-03-29T08:32:35+00:00\",\"breadcrumb\":{\"@id\":\"https:\\\/\\\/archiv.siov.sk\\\/aktuality-a-usmernenia-v-case-koronavirusu\\\/uvolnene-zadania-a-otazky-sutaz\\\/sip\\\/pisanie-na-pocitaci\\\/#breadcrumb\"},\"inLanguage\":\"en-GB\",\"potentialAction\":[{\"@type\":\"ReadAction\",\"target\":[\"https:\\\/\\\/archiv.siov.sk\\\/aktuality-a-usmernenia-v-case-koronavirusu\\\/uvolnene-zadania-a-otazky-sutaz\\\/sip\\\/pisanie-na-pocitaci\\\/\"]}]},{\"@type\":\"ImageObject\",\"inLanguage\":\"en-GB\",\"@id\":\"https:\\\/\\\/archiv.siov.sk\\\/aktuality-a-usmernenia-v-case-koronavirusu\\\/uvolnene-zadania-a-otazky-sutaz\\\/sip\\\/pisanie-na-pocitaci\\\/#primaryimage\",\"url\":\"https:\\\/\\\/archiv.siov.sk\\\/wp-content\\\/uploads\\\/2020\\\/04\\\/word-300x289.png\",\"contentUrl\":\"https:\\\/\\\/archiv.siov.sk\\\/wp-content\\\/uploads\\\/2020\\\/04\\\/word-300x289.png\"},{\"@type\":\"BreadcrumbList\",\"@id\":\"https:\\\/\\\/archiv.siov.sk\\\/aktuality-a-usmernenia-v-case-koronavirusu\\\/uvolnene-zadania-a-otazky-sutaz\\\/sip\\\/pisanie-na-pocitaci\\\/#breadcrumb\",\"itemListElement\":[{\"@type\":\"ListItem\",\"position\":1,\"name\":\"Home\",\"item\":\"https:\\\/\\\/archiv.siov.sk\\\/\"},{\"@type\":\"ListItem\",\"position\":2,\"name\":\"Aktuality a usmernenia\u00a0v \u010dase koronav\u00edrusu\",\"item\":\"https:\\\/\\\/archiv.siov.sk\\\/aktuality-a-usmernenia-v-case-koronavirusu\\\/\"},{\"@type\":\"ListItem\",\"position\":3,\"name\":\"Uvo\u013enen\u00e9 zadania a\u00a0ot\u00e1zky s\u00fa\u0165a\u017e\",\"item\":\"https:\\\/\\\/archiv.siov.sk\\\/aktuality-a-usmernenia-v-case-koronavirusu\\\/uvolnene-zadania-a-otazky-sutaz\\\/\"},{\"@type\":\"ListItem\",\"position\":4,\"name\":\"SIP\",\"item\":\"https:\\\/\\\/archiv.siov.sk\\\/aktuality-a-usmernenia-v-case-koronavirusu\\\/uvolnene-zadania-a-otazky-sutaz\\\/sip\\\/\"},{\"@type\":\"ListItem\",\"position\":5,\"name\":\"P\u00edsanie na po\u010d\u00edta\u010di\"}]},{\"@type\":\"WebSite\",\"@id\":\"https:\\\/\\\/archiv.siov.sk\\\/#website\",\"url\":\"https:\\\/\\\/archiv.siov.sk\\\/\",\"name\":\"\u0160IOV - \u0161t\u00e1tny in\u0161tit\u00fat odborn\u00e9ho vzdel\u00e1vania\",\"description\":\"\",\"publisher\":{\"@id\":\"https:\\\/\\\/archiv.siov.sk\\\/#organization\"},\"potentialAction\":[{\"@type\":\"SearchAction\",\"target\":{\"@type\":\"EntryPoint\",\"urlTemplate\":\"https:\\\/\\\/archiv.siov.sk\\\/?s={search_term_string}\"},\"query-input\":{\"@type\":\"PropertyValueSpecification\",\"valueRequired\":true,\"valueName\":\"search_term_string\"}}],\"inLanguage\":\"en-GB\"},{\"@type\":\"Organization\",\"@id\":\"https:\\\/\\\/archiv.siov.sk\\\/#organization\",\"name\":\"\u0160IOV - \u0161t\u00e1tny in\u0161tit\u00fat odborn\u00e9ho vzdel\u00e1vania\",\"url\":\"https:\\\/\\\/archiv.siov.sk\\\/\",\"logo\":{\"@type\":\"ImageObject\",\"inLanguage\":\"en-GB\",\"@id\":\"https:\\\/\\\/archiv.siov.sk\\\/#\\\/schema\\\/logo\\\/image\\\/\",\"url\":\"https:\\\/\\\/archiv.siov.sk\\\/wp-content\\\/uploads\\\/2024\\\/02\\\/logo-SIOV.png\",\"contentUrl\":\"https:\\\/\\\/archiv.siov.sk\\\/wp-content\\\/uploads\\\/2024\\\/02\\\/logo-SIOV.png\",\"width\":431,\"height\":143,\"caption\":\"\u0160IOV - \u0161t\u00e1tny in\u0161tit\u00fat odborn\u00e9ho vzdel\u00e1vania\"},\"image\":{\"@id\":\"https:\\\/\\\/archiv.siov.sk\\\/#\\\/schema\\\/logo\\\/image\\\/\"},\"sameAs\":[\"https:\\\/\\\/www.facebook.com\\\/Statnyinstitutodbornehovzdelavania\"]}]}<\/script>\n<!-- \/ Yoast SEO plugin. -->","yoast_head_json":{"title":"P\u00edsanie na po\u010d\u00edta\u010di - \u0160IOV - \u0161t\u00e1tny in\u0161tit\u00fat odborn\u00e9ho vzdel\u00e1vania","robots":{"index":"index","follow":"follow","max-snippet":"max-snippet:-1","max-image-preview":"max-image-preview:large","max-video-preview":"max-video-preview:-1"},"canonical":"https:\/\/archiv.siov.sk\/en\/aktuality-a-usmernenia-v-case-koronavirusu\/uvolnene-zadania-a-otazky-sutaz\/sip\/pisanie-na-pocitaci\/","og_locale":"en_GB","og_type":"article","og_title":"P\u00edsanie na po\u010d\u00edta\u010di - \u0160IOV - \u0161t\u00e1tny in\u0161tit\u00fat odborn\u00e9ho vzdel\u00e1vania","og_description":"Odpis textu 2021 Odpis textu 2021 Odpis textu na po\u010d\u00edta\u010di &nbsp;sip ziaci slovensko Popis zadania: V odpise tr\u00e9nuj\u00fa \u017eiaci r\u00fdchlos\u0165 p\u00edsania na PC z 3 troch str\u00e1n odpisuj\u00fa \u017eiaci 10 min\u00fat, ko\u013eko stihn\u00fa. &nbsp;","og_url":"https:\/\/archiv.siov.sk\/en\/aktuality-a-usmernenia-v-case-koronavirusu\/uvolnene-zadania-a-otazky-sutaz\/sip\/pisanie-na-pocitaci\/","og_site_name":"\u0160IOV - \u0161t\u00e1tny in\u0161tit\u00fat odborn\u00e9ho vzdel\u00e1vania","article_publisher":"https:\/\/www.facebook.com\/Statnyinstitutodbornehovzdelavania","article_modified_time":"2021-03-29T08:32:35+00:00","og_image":[{"url":"https:\/\/archiv.siov.sk\/wp-content\/uploads\/2020\/04\/word-300x289.png","type":"","width":"","height":""}],"twitter_card":"summary_large_image","twitter_misc":{"Estimated reading time":"1 minute"},"schema":{"@context":"https:\/\/schema.org","@graph":[{"@type":"WebPage","@id":"https:\/\/archiv.siov.sk\/aktuality-a-usmernenia-v-case-koronavirusu\/uvolnene-zadania-a-otazky-sutaz\/sip\/pisanie-na-pocitaci\/","url":"https:\/\/archiv.siov.sk\/aktuality-a-usmernenia-v-case-koronavirusu\/uvolnene-zadania-a-otazky-sutaz\/sip\/pisanie-na-pocitaci\/","name":"P\u00edsanie na po\u010d\u00edta\u010di - \u0160IOV - \u0161t\u00e1tny in\u0161tit\u00fat odborn\u00e9ho vzdel\u00e1vania","isPartOf":{"@id":"https:\/\/archiv.siov.sk\/#website"},"primaryImageOfPage":{"@id":"https:\/\/archiv.siov.sk\/aktuality-a-usmernenia-v-case-koronavirusu\/uvolnene-zadania-a-otazky-sutaz\/sip\/pisanie-na-pocitaci\/#primaryimage"},"image":{"@id":"https:\/\/archiv.siov.sk\/aktuality-a-usmernenia-v-case-koronavirusu\/uvolnene-zadania-a-otazky-sutaz\/sip\/pisanie-na-pocitaci\/#primaryimage"},"thumbnailUrl":"https:\/\/archiv.siov.sk\/wp-content\/uploads\/2020\/04\/word-300x289.png","datePublished":"2020-04-14T17:19:32+00:00","dateModified":"2021-03-29T08:32:35+00:00","breadcrumb":{"@id":"https:\/\/archiv.siov.sk\/aktuality-a-usmernenia-v-case-koronavirusu\/uvolnene-zadania-a-otazky-sutaz\/sip\/pisanie-na-pocitaci\/#breadcrumb"},"inLanguage":"en-GB","potentialAction":[{"@type":"ReadAction","target":["https:\/\/archiv.siov.sk\/aktuality-a-usmernenia-v-case-koronavirusu\/uvolnene-zadania-a-otazky-sutaz\/sip\/pisanie-na-pocitaci\/"]}]},{"@type":"ImageObject","inLanguage":"en-GB","@id":"https:\/\/archiv.siov.sk\/aktuality-a-usmernenia-v-case-koronavirusu\/uvolnene-zadania-a-otazky-sutaz\/sip\/pisanie-na-pocitaci\/#primaryimage","url":"https:\/\/archiv.siov.sk\/wp-content\/uploads\/2020\/04\/word-300x289.png","contentUrl":"https:\/\/archiv.siov.sk\/wp-content\/uploads\/2020\/04\/word-300x289.png"},{"@type":"BreadcrumbList","@id":"https:\/\/archiv.siov.sk\/aktuality-a-usmernenia-v-case-koronavirusu\/uvolnene-zadania-a-otazky-sutaz\/sip\/pisanie-na-pocitaci\/#breadcrumb","itemListElement":[{"@type":"ListItem","position":1,"name":"Home","item":"https:\/\/archiv.siov.sk\/"},{"@type":"ListItem","position":2,"name":"Aktuality a usmernenia\u00a0v \u010dase koronav\u00edrusu","item":"https:\/\/archiv.siov.sk\/aktuality-a-usmernenia-v-case-koronavirusu\/"},{"@type":"ListItem","position":3,"name":"Uvo\u013enen\u00e9 zadania a\u00a0ot\u00e1zky s\u00fa\u0165a\u017e","item":"https:\/\/archiv.siov.sk\/aktuality-a-usmernenia-v-case-koronavirusu\/uvolnene-zadania-a-otazky-sutaz\/"},{"@type":"ListItem","position":4,"name":"SIP","item":"https:\/\/archiv.siov.sk\/aktuality-a-usmernenia-v-case-koronavirusu\/uvolnene-zadania-a-otazky-sutaz\/sip\/"},{"@type":"ListItem","position":5,"name":"P\u00edsanie na po\u010d\u00edta\u010di"}]},{"@type":"WebSite","@id":"https:\/\/archiv.siov.sk\/#website","url":"https:\/\/archiv.siov.sk\/","name":"\u0160IOV - \u0161t\u00e1tny in\u0161tit\u00fat odborn\u00e9ho vzdel\u00e1vania","description":"","publisher":{"@id":"https:\/\/archiv.siov.sk\/#organization"},"potentialAction":[{"@type":"SearchAction","target":{"@type":"EntryPoint","urlTemplate":"https:\/\/archiv.siov.sk\/?s={search_term_string}"},"query-input":{"@type":"PropertyValueSpecification","valueRequired":true,"valueName":"search_term_string"}}],"inLanguage":"en-GB"},{"@type":"Organization","@id":"https:\/\/archiv.siov.sk\/#organization","name":"\u0160IOV - \u0161t\u00e1tny in\u0161tit\u00fat odborn\u00e9ho vzdel\u00e1vania","url":"https:\/\/archiv.siov.sk\/","logo":{"@type":"ImageObject","inLanguage":"en-GB","@id":"https:\/\/archiv.siov.sk\/#\/schema\/logo\/image\/","url":"https:\/\/archiv.siov.sk\/wp-content\/uploads\/2024\/02\/logo-SIOV.png","contentUrl":"https:\/\/archiv.siov.sk\/wp-content\/uploads\/2024\/02\/logo-SIOV.png","width":431,"height":143,"caption":"\u0160IOV - \u0161t\u00e1tny in\u0161tit\u00fat odborn\u00e9ho vzdel\u00e1vania"},"image":{"@id":"https:\/\/archiv.siov.sk\/#\/schema\/logo\/image\/"},"sameAs":["https:\/\/www.facebook.com\/Statnyinstitutodbornehovzdelavania"]}]}},"_links":{"self":[{"href":"https:\/\/archiv.siov.sk\/en\/wp-json\/wp\/v2\/pages\/5677","targetHints":{"allow":["GET"]}}],"collection":[{"href":"https:\/\/archiv.siov.sk\/en\/wp-json\/wp\/v2\/pages"}],"about":[{"href":"https:\/\/archiv.siov.sk\/en\/wp-json\/wp\/v2\/types\/page"}],"author":[{"embeddable":true,"href":"https:\/\/archiv.siov.sk\/en\/wp-json\/wp\/v2\/users\/1"}],"replies":[{"embeddable":true,"href":"https:\/\/archiv.siov.sk\/en\/wp-json\/wp\/v2\/comments?post=5677"}],"version-history":[{"count":9,"href":"https:\/\/archiv.siov.sk\/en\/wp-json\/wp\/v2\/pages\/5677\/revisions"}],"predecessor-version":[{"id":7538,"href":"https:\/\/archiv.siov.sk\/en\/wp-json\/wp\/v2\/pages\/5677\/revisions\/7538"}],"up":[{"embeddable":true,"href":"https:\/\/archiv.siov.sk\/en\/wp-json\/wp\/v2\/pages\/5671"}],"wp:attachment":[{"href":"https:\/\/archiv.siov.sk\/en\/wp-json\/wp\/v2\/media?parent=5677"}],"curies":[{"name":"wp","href":"https:\/\/api.w.org\/{rel}","templated":true}]}}