{"id":5672,"date":"2020-04-14T19:17:38","date_gmt":"2020-04-14T17:17:38","guid":{"rendered":"https:\/\/archiv.siov.sk\/?page_id=5672"},"modified":"2020-04-24T15:19:26","modified_gmt":"2020-04-24T13:19:26","slug":"uvolnene-zadania-a-otazky-sutaz","status":"publish","type":"page","link":"https:\/\/archiv.siov.sk\/en\/aktuality-a-usmernenia-v-case-koronavirusu\/uvolnene-zadania-a-otazky-sutaz\/","title":{"rendered":"Uvo\u013enen\u00e9 zadania a\u00a0ot\u00e1zky s\u00fa\u0165a\u017e"},"content":{"rendered":"<ul class=\"svp_links\">\n<li><a href=\"\/en\/aktuality-a-usmernenia-v-case-koronavirusu\/uvolnene-zadania-a-otazky-sutaz\/sip\/\">SIP<\/a><\/li>\n<li><a href=\"\/en\/aktuality-a-usmernenia-v-case-koronavirusu\/uvolnene-zadania-a-otazky-sutaz\/zenit\/\">Zenit<\/a><\/li>\n<li><a href=\"\/en\/aktuality-a-usmernenia-v-case-koronavirusu\/uvolnene-zadania-a-otazky-sutaz\/som-mlady-ekofarmar\/\">SOM &#8211; Mlad\u00fd ekofarm\u00e1r<\/a><\/li>\n<\/ul>","protected":false},"excerpt":{"rendered":"<p>SIP Zenit SOM &#8211; Mlad\u00fd ekofarm\u00e1r<\/p>","protected":false},"author":1,"featured_media":0,"parent":5212,"menu_order":0,"comment_status":"closed","ping_status":"closed","template":"","meta":{"site-sidebar-layout":"default","site-content-layout":"","ast-site-content-layout":"default","site-content-style":"default","site-sidebar-style":"default","ast-global-header-display":"","ast-banner-title-visibility":"","ast-main-header-display":"","ast-hfb-above-header-display":"","ast-hfb-below-header-display":"","ast-hfb-mobile-header-display":"","site-post-title":"","ast-breadcrumbs-content":"","ast-featured-img":"","footer-sml-layout":"","ast-disable-related-posts":"","theme-transparent-header-meta":"","adv-header-id-meta":"","stick-header-meta":"","header-above-stick-meta":"","header-main-stick-meta":"","header-below-stick-meta":"","astra-migrate-meta-layouts":"default","ast-page-background-enabled":"default","ast-page-background-meta":{"desktop":{"background-color":"var(--ast-global-color-4)","background-image":"","background-repeat":"repeat","background-position":"center center","background-size":"auto","background-attachment":"scroll","background-type":"","background-media":"","overlay-type":"","overlay-color":"","overlay-opacity":"","overlay-gradient":""},"tablet":{"background-color":"","background-image":"","background-repeat":"repeat","background-position":"center center","background-size":"auto","background-attachment":"scroll","background-type":"","background-media":"","overlay-type":"","overlay-color":"","overlay-opacity":"","overlay-gradient":""},"mobile":{"background-color":"","background-image":"","background-repeat":"repeat","background-position":"center center","background-size":"auto","background-attachment":"scroll","background-type":"","background-media":"","overlay-type":"","overlay-color":"","overlay-opacity":"","overlay-gradient":""}},"ast-content-background-meta":{"desktop":{"background-color":"var(--ast-global-color-5)","background-image":"","background-repeat":"repeat","background-position":"center center","background-size":"auto","background-attachment":"scroll","background-type":"","background-media":"","overlay-type":"","overlay-color":"","overlay-opacity":"","overlay-gradient":""},"tablet":{"background-color":"var(--ast-global-color-5)","background-image":"","background-repeat":"repeat","background-position":"center center","background-size":"auto","background-attachment":"scroll","background-type":"","background-media":"","overlay-type":"","overlay-color":"","overlay-opacity":"","overlay-gradient":""},"mobile":{"background-color":"var(--ast-global-color-5)","background-image":"","background-repeat":"repeat","background-position":"center center","background-size":"auto","background-attachment":"scroll","background-type":"","background-media":"","overlay-type":"","overlay-color":"","overlay-opacity":"","overlay-gradient":""}},"footnotes":""},"class_list":["post-5672","page","type-page","status-publish","hentry"],"yoast_head":"<!-- This site is optimized with the Yoast SEO plugin v27.5 - https:\/\/yoast.com\/product\/yoast-seo-wordpress\/ -->\n<title>Uvo\u013enen\u00e9 zadania a\u00a0ot\u00e1zky s\u00fa\u0165a\u017e - \u0160IOV - \u0161t\u00e1tny in\u0161tit\u00fat odborn\u00e9ho vzdel\u00e1vania<\/title>\n<meta name=\"robots\" content=\"index, follow, max-snippet:-1, max-image-preview:large, max-video-preview:-1\" \/>\n<link rel=\"canonical\" href=\"https:\/\/archiv.siov.sk\/en\/aktuality-a-usmernenia-v-case-koronavirusu\/uvolnene-zadania-a-otazky-sutaz\/\" \/>\n<meta property=\"og:locale\" content=\"en_GB\" \/>\n<meta property=\"og:type\" content=\"article\" \/>\n<meta property=\"og:title\" content=\"Uvo\u013enen\u00e9 zadania a\u00a0ot\u00e1zky s\u00fa\u0165a\u017e - \u0160IOV - \u0161t\u00e1tny in\u0161tit\u00fat odborn\u00e9ho vzdel\u00e1vania\" \/>\n<meta property=\"og:description\" content=\"SIP Zenit SOM &#8211; Mlad\u00fd ekofarm\u00e1r\" \/>\n<meta property=\"og:url\" content=\"https:\/\/archiv.siov.sk\/en\/aktuality-a-usmernenia-v-case-koronavirusu\/uvolnene-zadania-a-otazky-sutaz\/\" \/>\n<meta property=\"og:site_name\" content=\"\u0160IOV - \u0161t\u00e1tny in\u0161tit\u00fat odborn\u00e9ho vzdel\u00e1vania\" \/>\n<meta property=\"article:publisher\" content=\"https:\/\/www.facebook.com\/Statnyinstitutodbornehovzdelavania\" \/>\n<meta property=\"article:modified_time\" content=\"2020-04-24T13:19:26+00:00\" \/>\n<meta name=\"twitter:card\" content=\"summary_large_image\" \/>\n<script type=\"application\/ld+json\" class=\"yoast-schema-graph\">{\"@context\":\"https:\\\/\\\/schema.org\",\"@graph\":[{\"@type\":\"WebPage\",\"@id\":\"https:\\\/\\\/archiv.siov.sk\\\/aktuality-a-usmernenia-v-case-koronavirusu\\\/uvolnene-zadania-a-otazky-sutaz\\\/\",\"url\":\"https:\\\/\\\/archiv.siov.sk\\\/aktuality-a-usmernenia-v-case-koronavirusu\\\/uvolnene-zadania-a-otazky-sutaz\\\/\",\"name\":\"Uvo\u013enen\u00e9 zadania a\u00a0ot\u00e1zky s\u00fa\u0165a\u017e - \u0160IOV - \u0161t\u00e1tny in\u0161tit\u00fat odborn\u00e9ho vzdel\u00e1vania\",\"isPartOf\":{\"@id\":\"https:\\\/\\\/archiv.siov.sk\\\/#website\"},\"datePublished\":\"2020-04-14T17:17:38+00:00\",\"dateModified\":\"2020-04-24T13:19:26+00:00\",\"breadcrumb\":{\"@id\":\"https:\\\/\\\/archiv.siov.sk\\\/aktuality-a-usmernenia-v-case-koronavirusu\\\/uvolnene-zadania-a-otazky-sutaz\\\/#breadcrumb\"},\"inLanguage\":\"en-GB\",\"potentialAction\":[{\"@type\":\"ReadAction\",\"target\":[\"https:\\\/\\\/archiv.siov.sk\\\/aktuality-a-usmernenia-v-case-koronavirusu\\\/uvolnene-zadania-a-otazky-sutaz\\\/\"]}]},{\"@type\":\"BreadcrumbList\",\"@id\":\"https:\\\/\\\/archiv.siov.sk\\\/aktuality-a-usmernenia-v-case-koronavirusu\\\/uvolnene-zadania-a-otazky-sutaz\\\/#breadcrumb\",\"itemListElement\":[{\"@type\":\"ListItem\",\"position\":1,\"name\":\"Home\",\"item\":\"https:\\\/\\\/archiv.siov.sk\\\/\"},{\"@type\":\"ListItem\",\"position\":2,\"name\":\"Aktuality a usmernenia\u00a0v \u010dase koronav\u00edrusu\",\"item\":\"https:\\\/\\\/archiv.siov.sk\\\/aktuality-a-usmernenia-v-case-koronavirusu\\\/\"},{\"@type\":\"ListItem\",\"position\":3,\"name\":\"Uvo\u013enen\u00e9 zadania a\u00a0ot\u00e1zky s\u00fa\u0165a\u017e\"}]},{\"@type\":\"WebSite\",\"@id\":\"https:\\\/\\\/archiv.siov.sk\\\/#website\",\"url\":\"https:\\\/\\\/archiv.siov.sk\\\/\",\"name\":\"\u0160IOV - \u0161t\u00e1tny in\u0161tit\u00fat odborn\u00e9ho vzdel\u00e1vania\",\"description\":\"\",\"publisher\":{\"@id\":\"https:\\\/\\\/archiv.siov.sk\\\/#organization\"},\"potentialAction\":[{\"@type\":\"SearchAction\",\"target\":{\"@type\":\"EntryPoint\",\"urlTemplate\":\"https:\\\/\\\/archiv.siov.sk\\\/?s={search_term_string}\"},\"query-input\":{\"@type\":\"PropertyValueSpecification\",\"valueRequired\":true,\"valueName\":\"search_term_string\"}}],\"inLanguage\":\"en-GB\"},{\"@type\":\"Organization\",\"@id\":\"https:\\\/\\\/archiv.siov.sk\\\/#organization\",\"name\":\"\u0160IOV - \u0161t\u00e1tny in\u0161tit\u00fat odborn\u00e9ho vzdel\u00e1vania\",\"url\":\"https:\\\/\\\/archiv.siov.sk\\\/\",\"logo\":{\"@type\":\"ImageObject\",\"inLanguage\":\"en-GB\",\"@id\":\"https:\\\/\\\/archiv.siov.sk\\\/#\\\/schema\\\/logo\\\/image\\\/\",\"url\":\"https:\\\/\\\/archiv.siov.sk\\\/wp-content\\\/uploads\\\/2024\\\/02\\\/logo-SIOV.png\",\"contentUrl\":\"https:\\\/\\\/archiv.siov.sk\\\/wp-content\\\/uploads\\\/2024\\\/02\\\/logo-SIOV.png\",\"width\":431,\"height\":143,\"caption\":\"\u0160IOV - \u0161t\u00e1tny in\u0161tit\u00fat odborn\u00e9ho vzdel\u00e1vania\"},\"image\":{\"@id\":\"https:\\\/\\\/archiv.siov.sk\\\/#\\\/schema\\\/logo\\\/image\\\/\"},\"sameAs\":[\"https:\\\/\\\/www.facebook.com\\\/Statnyinstitutodbornehovzdelavania\"]}]}<\/script>\n<!-- \/ Yoast SEO plugin. -->","yoast_head_json":{"title":"Uvo\u013enen\u00e9 zadania a\u00a0ot\u00e1zky s\u00fa\u0165a\u017e - \u0160IOV - \u0161t\u00e1tny in\u0161tit\u00fat odborn\u00e9ho vzdel\u00e1vania","robots":{"index":"index","follow":"follow","max-snippet":"max-snippet:-1","max-image-preview":"max-image-preview:large","max-video-preview":"max-video-preview:-1"},"canonical":"https:\/\/archiv.siov.sk\/en\/aktuality-a-usmernenia-v-case-koronavirusu\/uvolnene-zadania-a-otazky-sutaz\/","og_locale":"en_GB","og_type":"article","og_title":"Uvo\u013enen\u00e9 zadania a\u00a0ot\u00e1zky s\u00fa\u0165a\u017e - \u0160IOV - \u0161t\u00e1tny in\u0161tit\u00fat odborn\u00e9ho vzdel\u00e1vania","og_description":"SIP Zenit SOM &#8211; Mlad\u00fd ekofarm\u00e1r","og_url":"https:\/\/archiv.siov.sk\/en\/aktuality-a-usmernenia-v-case-koronavirusu\/uvolnene-zadania-a-otazky-sutaz\/","og_site_name":"\u0160IOV - \u0161t\u00e1tny in\u0161tit\u00fat odborn\u00e9ho vzdel\u00e1vania","article_publisher":"https:\/\/www.facebook.com\/Statnyinstitutodbornehovzdelavania","article_modified_time":"2020-04-24T13:19:26+00:00","twitter_card":"summary_large_image","schema":{"@context":"https:\/\/schema.org","@graph":[{"@type":"WebPage","@id":"https:\/\/archiv.siov.sk\/aktuality-a-usmernenia-v-case-koronavirusu\/uvolnene-zadania-a-otazky-sutaz\/","url":"https:\/\/archiv.siov.sk\/aktuality-a-usmernenia-v-case-koronavirusu\/uvolnene-zadania-a-otazky-sutaz\/","name":"Uvo\u013enen\u00e9 zadania a\u00a0ot\u00e1zky s\u00fa\u0165a\u017e - \u0160IOV - \u0161t\u00e1tny in\u0161tit\u00fat odborn\u00e9ho vzdel\u00e1vania","isPartOf":{"@id":"https:\/\/archiv.siov.sk\/#website"},"datePublished":"2020-04-14T17:17:38+00:00","dateModified":"2020-04-24T13:19:26+00:00","breadcrumb":{"@id":"https:\/\/archiv.siov.sk\/aktuality-a-usmernenia-v-case-koronavirusu\/uvolnene-zadania-a-otazky-sutaz\/#breadcrumb"},"inLanguage":"en-GB","potentialAction":[{"@type":"ReadAction","target":["https:\/\/archiv.siov.sk\/aktuality-a-usmernenia-v-case-koronavirusu\/uvolnene-zadania-a-otazky-sutaz\/"]}]},{"@type":"BreadcrumbList","@id":"https:\/\/archiv.siov.sk\/aktuality-a-usmernenia-v-case-koronavirusu\/uvolnene-zadania-a-otazky-sutaz\/#breadcrumb","itemListElement":[{"@type":"ListItem","position":1,"name":"Home","item":"https:\/\/archiv.siov.sk\/"},{"@type":"ListItem","position":2,"name":"Aktuality a usmernenia\u00a0v \u010dase koronav\u00edrusu","item":"https:\/\/archiv.siov.sk\/aktuality-a-usmernenia-v-case-koronavirusu\/"},{"@type":"ListItem","position":3,"name":"Uvo\u013enen\u00e9 zadania a\u00a0ot\u00e1zky s\u00fa\u0165a\u017e"}]},{"@type":"WebSite","@id":"https:\/\/archiv.siov.sk\/#website","url":"https:\/\/archiv.siov.sk\/","name":"\u0160IOV - \u0161t\u00e1tny in\u0161tit\u00fat odborn\u00e9ho vzdel\u00e1vania","description":"","publisher":{"@id":"https:\/\/archiv.siov.sk\/#organization"},"potentialAction":[{"@type":"SearchAction","target":{"@type":"EntryPoint","urlTemplate":"https:\/\/archiv.siov.sk\/?s={search_term_string}"},"query-input":{"@type":"PropertyValueSpecification","valueRequired":true,"valueName":"search_term_string"}}],"inLanguage":"en-GB"},{"@type":"Organization","@id":"https:\/\/archiv.siov.sk\/#organization","name":"\u0160IOV - \u0161t\u00e1tny in\u0161tit\u00fat odborn\u00e9ho vzdel\u00e1vania","url":"https:\/\/archiv.siov.sk\/","logo":{"@type":"ImageObject","inLanguage":"en-GB","@id":"https:\/\/archiv.siov.sk\/#\/schema\/logo\/image\/","url":"https:\/\/archiv.siov.sk\/wp-content\/uploads\/2024\/02\/logo-SIOV.png","contentUrl":"https:\/\/archiv.siov.sk\/wp-content\/uploads\/2024\/02\/logo-SIOV.png","width":431,"height":143,"caption":"\u0160IOV - \u0161t\u00e1tny in\u0161tit\u00fat odborn\u00e9ho vzdel\u00e1vania"},"image":{"@id":"https:\/\/archiv.siov.sk\/#\/schema\/logo\/image\/"},"sameAs":["https:\/\/www.facebook.com\/Statnyinstitutodbornehovzdelavania"]}]}},"_links":{"self":[{"href":"https:\/\/archiv.siov.sk\/en\/wp-json\/wp\/v2\/pages\/5672","targetHints":{"allow":["GET"]}}],"collection":[{"href":"https:\/\/archiv.siov.sk\/en\/wp-json\/wp\/v2\/pages"}],"about":[{"href":"https:\/\/archiv.siov.sk\/en\/wp-json\/wp\/v2\/types\/page"}],"author":[{"embeddable":true,"href":"https:\/\/archiv.siov.sk\/en\/wp-json\/wp\/v2\/users\/1"}],"replies":[{"embeddable":true,"href":"https:\/\/archiv.siov.sk\/en\/wp-json\/wp\/v2\/comments?post=5672"}],"version-history":[{"count":4,"href":"https:\/\/archiv.siov.sk\/en\/wp-json\/wp\/v2\/pages\/5672\/revisions"}],"predecessor-version":[{"id":5835,"href":"https:\/\/archiv.siov.sk\/en\/wp-json\/wp\/v2\/pages\/5672\/revisions\/5835"}],"up":[{"embeddable":true,"href":"https:\/\/archiv.siov.sk\/en\/wp-json\/wp\/v2\/pages\/5212"}],"wp:attachment":[{"href":"https:\/\/archiv.siov.sk\/en\/wp-json\/wp\/v2\/media?parent=5672"}],"curies":[{"name":"wp","href":"https:\/\/api.w.org\/{rel}","templated":true}]}}