{"id":5664,"date":"2020-04-14T19:11:35","date_gmt":"2020-04-14T17:11:35","guid":{"rendered":"https:\/\/archiv.siov.sk\/?page_id=5664"},"modified":"2020-04-14T20:20:51","modified_gmt":"2020-04-14T18:20:51","slug":"elektrotechnika","status":"publish","type":"page","link":"https:\/\/archiv.siov.sk\/en\/vzdelavanie\/ucme-sa-doma\/vzdelavaci-obsah\/elektrotechnika\/","title":{"rendered":"Elektrotechnika"},"content":{"rendered":"<div id=\"pl-5664\"  class=\"panel-layout\" >\n<div id=\"pg-5664-0\"  class=\"panel-grid panel-no-style\"  data-ratio=\"1\"  data-ratio-direction=\"right\" >\n<div id=\"pgc-5664-0-0\"  class=\"panel-grid-cell\"  data-weight=\"1\" >\n<div id=\"panel-5664-0-0-0\" class=\"so-panel widget widget_sow-tabs panel-first-child panel-last-child\" data-index=\"0\" data-style=\"{&quot;background_image_attachment&quot;:false,&quot;background_display&quot;:&quot;tile&quot;}\" >[siteorigin_widget class=&#8220;SiteOrigin_Widget_Tabs_Widget&#8220;]<input type=\"hidden\" value=\"{&quot;instance&quot;:{&quot;title&quot;:&quot;&quot;,&quot;tabs&quot;:[{&quot;title&quot;:&quot;U\\u017eito\\u010dn\\u00e9 linky&quot;,&quot;content_text&quot;:&quot;&lt;p&gt;&lt;strong&gt;NeZkreslen\\u00e1 v\\u011bda popul\\u00e1rno-vzdel\\u00e1vac\\u00ed cyklus Akad\\u00e9mie vied \\u010ceskej republiky - tematicky zameran\\u00e9 kr\\u00e1tke animovan\\u00e9 vide\\u00e1&lt;\\\/strong&gt;&lt;\\\/p&gt;\\n&lt;p&gt;&lt;a href=\\&quot;https:\\\/\\\/www.youtube.com\\\/watch?v=r7vzux7l9y8\\&quot; target=\\&quot;_blank\\&quot; rel=\\&quot;noopener\\&quot;&gt;Ako funguje elektromotor&lt;\\\/a&gt;&lt;\\\/p&gt;\\n&lt;p&gt;&lt;a href=\\&quot;https:\\\/\\\/www.youtube.com\\\/watch?v=P138KQn-SQ4\\&quot; target=\\&quot;_blank\\&quot; rel=\\&quot;noopener\\&quot;&gt;Polovodi\\u010de&amp;nbsp;&lt;\\\/a&gt;&lt;\\\/p&gt;\\n&lt;p&gt;&lt;a href=\\&quot;https:\\\/\\\/www.youtube.com\\\/watch?v=g6mH4Cpg7Rw\\&quot; target=\\&quot;_blank\\&quot; rel=\\&quot;noopener\\&quot;&gt;Bat\\u00e9rie&amp;nbsp;&lt;\\\/a&gt;&lt;\\\/p&gt;\\n&lt;p&gt;&lt;a href=\\&quot;https:\\\/\\\/www.youtube.com\\\/watch?v=nLUspwYZI98&amp;amp;list=PL06Q6pFqJWlai6s1rMssGwwdpXKfKAA0p&amp;amp;index=2&amp;amp;t=0s\\&quot; target=\\&quot;_blank\\&quot; rel=\\&quot;noopener\\&quot;&gt;At\\u00f3m&amp;nbsp;&lt;\\\/a&gt;&lt;\\\/p&gt;\\n&lt;p&gt;&lt;a href=\\&quot;https:\\\/\\\/www.youtube.com\\\/watch?v=utAwU1ww_7s&amp;amp;list=PL06Q6pFqJWlai6s1rMssGwwdpXKfKAA0p&amp;amp;index=8\\&quot; target=\\&quot;_blank\\&quot; rel=\\&quot;noopener\\&quot;&gt;Skladovanie energie&amp;nbsp;&lt;\\\/a&gt;&lt;\\\/p&gt;\\n&lt;p&gt;&lt;a href=\\&quot;https:\\\/\\\/www.youtube.com\\\/watch?v=2FGIeUDeZmk&amp;amp;feature=youtu.be\\&quot; target=\\&quot;_blank\\&quot; rel=\\&quot;noopener\\&quot;&gt;Jadrov\\u00e1 elektr\\u00e1re\\u0148&amp;nbsp;&lt;\\\/a&gt;&lt;\\\/p&gt;\\n&lt;p&gt;&lt;strong&gt;Metodick\\u00fd port\\u00e1l OVP \\u010cR - digit\\u00e1lne vzdel\\u00e1vacie materi\\u00e1ly z&amp;nbsp;oblasti elektrotechniky&lt;\\\/strong&gt;&lt;\\\/p&gt;\\n&lt;p&gt;&lt;a href=\\&quot;https:\\\/\\\/dum.rvp.cz\\\/vyhledavani\\\/prochazet.html?rvp=OAB&amp;amp;svp=-&amp;amp;svp_ch=off\\&quot;&gt;https:\\\/\\\/dum.rvp.cz\\\/vyhledavani\\\/prochazet.html?rvp=OAB&amp;amp;svp=-&amp;amp;svp_ch=off&lt;\\\/a&gt;&lt;\\\/p&gt;\\n&lt;p&gt;&lt;strong&gt;Centr\\u00e1lne \\u00falo\\u017eisko digit\\u00e1lneho eduka\\u010dn\\u00e9ho obsahu M\\u0160VVA\\u0160 SR - digit\\u00e1lne vzdel\\u00e1vacie materi\\u00e1ly z&amp;nbsp;oblasti elektrotechniky&lt;\\\/strong&gt;&lt;\\\/p&gt;\\n&lt;p&gt;&lt;a href=\\&quot;https:\\\/\\\/viki.iedu.sk\\\/resources\\\/browser\\\/rsov-n-0153\\&quot;&gt;https:\\\/\\\/viki.iedu.sk\\\/resources\\\/browser\\\/rsov-n-0153&lt;\\\/a&gt;&lt;\\\/p&gt;\\n&lt;p&gt;&lt;strong&gt;Medzin\\u00e1rodn\\u00fd v\\u00fdu\\u010dbov\\u00fd port\\u00e1l projektu \\u201eTechpedia\\u201c-&amp;nbsp; v\\u00fdu\\u010dbov\\u00e9 materi\\u00e1ly, pracovn\\u00e9 listy, on-line testy z oblasti elektrotechniky a&amp;nbsp; informa\\u010dno \\u2013 komunika\\u010dn\\u00fdch technol\\u00f3gi\\u00ed&lt;\\\/strong&gt;&lt;\\\/p&gt;\\n&lt;p&gt;&lt;a href=\\&quot;http:\\\/\\\/techpedia.fel.cvut.cz\\\/sk\\\/home\\\/blocks\\&quot;&gt;http:\\\/\\\/techpedia.fel.cvut.cz\\\/sk\\\/home\\\/blocks&lt;\\\/a&gt;&lt;\\\/p&gt;\\n&quot;,&quot;content_text_selected_editor&quot;:&quot;tinymce&quot;},{&quot;title&quot;:&quot;Vide\\u00e1 a\\u00a0prezent\\u00e1cie&quot;,&quot;content_text&quot;:&quot;&lt;p&gt;text&lt;\\\/p&gt;\\n&quot;,&quot;content_text_selected_editor&quot;:&quot;tinymce&quot;},{&quot;title&quot;:&quot;Dokumenty&quot;,&quot;content_text&quot;:&quot;&lt;p&gt;text&lt;\\\/p&gt;\\n&quot;,&quot;content_text_selected_editor&quot;:&quot;tinymce&quot;}],&quot;initial_tab_position&quot;:1,&quot;design&quot;:{&quot;tabs_container&quot;:{&quot;background_color&quot;:&quot;#587bb8&quot;,&quot;border_color&quot;:false,&quot;border_width&quot;:false,&quot;border_width_unit&quot;:&quot;px&quot;,&quot;so_field_container_state&quot;:&quot;open&quot;},&quot;tabs&quot;:{&quot;background_color&quot;:&quot;#f6f8f9&quot;,&quot;background_hover_color&quot;:&quot;#F9F9F9&quot;,&quot;title_color&quot;:&quot;#2e5aa6&quot;,&quot;title_hover_color&quot;:&quot;#3dbbed&quot;,&quot;border_color&quot;:&quot;#828282&quot;,&quot;border_hover_color&quot;:&quot;#F9F9F9&quot;,&quot;border_width&quot;:false,&quot;border_width_unit&quot;:&quot;px&quot;,&quot;border_hover_width&quot;:false,&quot;border_hover_width_unit&quot;:&quot;px&quot;,&quot;so_field_container_state&quot;:&quot;open&quot;},&quot;panels&quot;:{&quot;background_color&quot;:&quot;#F9F9F9&quot;,&quot;font_color&quot;:false,&quot;border_color&quot;:false,&quot;border_width&quot;:false,&quot;border_width_unit&quot;:&quot;px&quot;,&quot;so_field_container_state&quot;:&quot;open&quot;},&quot;so_field_container_state&quot;:&quot;open&quot;},&quot;_sow_form_id&quot;:&quot;19091964395e7e361cb7d3b492564374&quot;,&quot;_sow_form_timestamp&quot;:&quot;1586888448609&quot;,&quot;so_sidebar_emulator_id&quot;:&quot;sow-tabs-566410000&quot;,&quot;option_name&quot;:&quot;widget_sow-tabs&quot;},&quot;args&quot;:{&quot;before_widget&quot;:&quot;&lt;div id=\\&quot;panel-5664-0-0-0\\&quot; class=\\&quot;so-panel widget widget_sow-tabs panel-first-child panel-last-child\\&quot; data-index=\\&quot;0\\&quot; data-style=\\&quot;{&amp;quot;background_image_attachment&amp;quot;:false,&amp;quot;background_display&amp;quot;:&amp;quot;tile&amp;quot;}\\&quot; &gt;&quot;,&quot;after_widget&quot;:&quot;&lt;\\\/div&gt;&quot;,&quot;before_title&quot;:&quot;&lt;h3 class=\\&quot;widget-title\\&quot;&gt;&quot;,&quot;after_title&quot;:&quot;&lt;\\\/h3&gt;&quot;,&quot;widget_id&quot;:&quot;widget-0-0-0&quot;}}\" \/>[\/siteorigin_widget]<\/div>\n<\/div>\n<\/div>\n<\/div>\n<style type=\"text\/css\" class=\"panels-style\" data-panels-style-for-post=\"5664\">@import url(https:\/\/archiv.siov.sk\/wp-content\/plugins\/siteorigin-panels\/css\/front-flex.min.css); #pgc-5664-0-0 { width:100%;width:calc(100% - ( 0 * 30px ) ) } #pl-5664 #panel-5664-0-0-0 {  } #pl-5664 .so-panel { margin-bottom:30px } #pl-5664 .so-panel:last-child { margin-bottom:0px } @media (max-width:780px){ #pg-5664-0.panel-no-style, #pg-5664-0.panel-has-style > .panel-row-style { -webkit-flex-direction:column;-ms-flex-direction:column;flex-direction:column } #pg-5664-0 > .panel-grid-cell , #pg-5664-0 > .panel-row-style > .panel-grid-cell { width:100%;margin-right:0 } #pl-5664 .panel-grid-cell { padding:0 } #pl-5664 .panel-grid .panel-grid-cell-empty { display:none } #pl-5664 .panel-grid .panel-grid-cell-mobile-last { margin-bottom:0px }  } <\/style>\n","protected":false},"excerpt":{"rendered":"<p>[siteorigin_widget class=&#8220;SiteOrigin_Widget_Tabs_Widget&#8220;][\/siteorigin_widget]<\/p>\n","protected":false},"author":1,"featured_media":0,"parent":5226,"menu_order":0,"comment_status":"closed","ping_status":"closed","template":"","meta":{"site-sidebar-layout":"default","site-content-layout":"","ast-site-content-layout":"default","site-content-style":"default","site-sidebar-style":"default","ast-global-header-display":"","ast-banner-title-visibility":"","ast-main-header-display":"","ast-hfb-above-header-display":"","ast-hfb-below-header-display":"","ast-hfb-mobile-header-display":"","site-post-title":"","ast-breadcrumbs-content":"","ast-featured-img":"","footer-sml-layout":"","ast-disable-related-posts":"","theme-transparent-header-meta":"","adv-header-id-meta":"","stick-header-meta":"","header-above-stick-meta":"","header-main-stick-meta":"","header-below-stick-meta":"","astra-migrate-meta-layouts":"default","ast-page-background-enabled":"default","ast-page-background-meta":{"desktop":{"background-color":"var(--ast-global-color-4)","background-image":"","background-repeat":"repeat","background-position":"center center","background-size":"auto","background-attachment":"scroll","background-type":"","background-media":"","overlay-type":"","overlay-color":"","overlay-opacity":"","overlay-gradient":""},"tablet":{"background-color":"","background-image":"","background-repeat":"repeat","background-position":"center center","background-size":"auto","background-attachment":"scroll","background-type":"","background-media":"","overlay-type":"","overlay-color":"","overlay-opacity":"","overlay-gradient":""},"mobile":{"background-color":"","background-image":"","background-repeat":"repeat","background-position":"center center","background-size":"auto","background-attachment":"scroll","background-type":"","background-media":"","overlay-type":"","overlay-color":"","overlay-opacity":"","overlay-gradient":""}},"ast-content-background-meta":{"desktop":{"background-color":"var(--ast-global-color-5)","background-image":"","background-repeat":"repeat","background-position":"center center","background-size":"auto","background-attachment":"scroll","background-type":"","background-media":"","overlay-type":"","overlay-color":"","overlay-opacity":"","overlay-gradient":""},"tablet":{"background-color":"var(--ast-global-color-5)","background-image":"","background-repeat":"repeat","background-position":"center center","background-size":"auto","background-attachment":"scroll","background-type":"","background-media":"","overlay-type":"","overlay-color":"","overlay-opacity":"","overlay-gradient":""},"mobile":{"background-color":"var(--ast-global-color-5)","background-image":"","background-repeat":"repeat","background-position":"center center","background-size":"auto","background-attachment":"scroll","background-type":"","background-media":"","overlay-type":"","overlay-color":"","overlay-opacity":"","overlay-gradient":""}},"footnotes":""},"class_list":["post-5664","page","type-page","status-publish","hentry"],"yoast_head":"<!-- This site is optimized with the Yoast SEO plugin v27.3 - https:\/\/yoast.com\/product\/yoast-seo-wordpress\/ -->\n<title>Elektrotechnika - \u0160IOV - \u0161t\u00e1tny in\u0161tit\u00fat odborn\u00e9ho vzdel\u00e1vania<\/title>\n<meta name=\"robots\" content=\"index, follow, max-snippet:-1, max-image-preview:large, max-video-preview:-1\" \/>\n<link rel=\"canonical\" href=\"https:\/\/archiv.siov.sk\/en\/vzdelavanie\/ucme-sa-doma\/vzdelavaci-obsah\/elektrotechnika\/\" \/>\n<meta property=\"og:locale\" content=\"en_GB\" \/>\n<meta property=\"og:type\" content=\"article\" \/>\n<meta property=\"og:title\" content=\"Elektrotechnika - \u0160IOV - \u0161t\u00e1tny in\u0161tit\u00fat odborn\u00e9ho vzdel\u00e1vania\" \/>\n<meta property=\"og:description\" content=\"[siteorigin_widget class=&#8220;SiteOrigin_Widget_Tabs_Widget&#8220;][\/siteorigin_widget]\" \/>\n<meta property=\"og:url\" content=\"https:\/\/archiv.siov.sk\/en\/vzdelavanie\/ucme-sa-doma\/vzdelavaci-obsah\/elektrotechnika\/\" \/>\n<meta property=\"og:site_name\" content=\"\u0160IOV - \u0161t\u00e1tny in\u0161tit\u00fat odborn\u00e9ho vzdel\u00e1vania\" \/>\n<meta property=\"article:publisher\" content=\"https:\/\/www.facebook.com\/Statnyinstitutodbornehovzdelavania\" \/>\n<meta property=\"article:modified_time\" content=\"2020-04-14T18:20:51+00:00\" \/>\n<meta name=\"twitter:card\" content=\"summary_large_image\" \/>\n<script type=\"application\/ld+json\" class=\"yoast-schema-graph\">{\"@context\":\"https:\\\/\\\/schema.org\",\"@graph\":[{\"@type\":\"WebPage\",\"@id\":\"https:\\\/\\\/archiv.siov.sk\\\/vzdelavanie\\\/ucme-sa-doma\\\/vzdelavaci-obsah\\\/elektrotechnika\\\/\",\"url\":\"https:\\\/\\\/archiv.siov.sk\\\/vzdelavanie\\\/ucme-sa-doma\\\/vzdelavaci-obsah\\\/elektrotechnika\\\/\",\"name\":\"Elektrotechnika - \u0160IOV - \u0161t\u00e1tny in\u0161tit\u00fat odborn\u00e9ho vzdel\u00e1vania\",\"isPartOf\":{\"@id\":\"https:\\\/\\\/archiv.siov.sk\\\/#website\"},\"datePublished\":\"2020-04-14T17:11:35+00:00\",\"dateModified\":\"2020-04-14T18:20:51+00:00\",\"breadcrumb\":{\"@id\":\"https:\\\/\\\/archiv.siov.sk\\\/vzdelavanie\\\/ucme-sa-doma\\\/vzdelavaci-obsah\\\/elektrotechnika\\\/#breadcrumb\"},\"inLanguage\":\"en-GB\",\"potentialAction\":[{\"@type\":\"ReadAction\",\"target\":[\"https:\\\/\\\/archiv.siov.sk\\\/vzdelavanie\\\/ucme-sa-doma\\\/vzdelavaci-obsah\\\/elektrotechnika\\\/\"]}]},{\"@type\":\"BreadcrumbList\",\"@id\":\"https:\\\/\\\/archiv.siov.sk\\\/vzdelavanie\\\/ucme-sa-doma\\\/vzdelavaci-obsah\\\/elektrotechnika\\\/#breadcrumb\",\"itemListElement\":[{\"@type\":\"ListItem\",\"position\":1,\"name\":\"Home\",\"item\":\"https:\\\/\\\/archiv.siov.sk\\\/\"},{\"@type\":\"ListItem\",\"position\":2,\"name\":\"Vzdel\u00e1vanie\",\"item\":\"https:\\\/\\\/archiv.siov.sk\\\/vzdelavanie\\\/\"},{\"@type\":\"ListItem\",\"position\":3,\"name\":\"U\u010dme sa doma\",\"item\":\"https:\\\/\\\/archiv.siov.sk\\\/vzdelavanie\\\/ucme-sa-doma\\\/\"},{\"@type\":\"ListItem\",\"position\":4,\"name\":\"Vzdel\u00e1vac\u00ed obsah\",\"item\":\"https:\\\/\\\/archiv.siov.sk\\\/vzdelavanie\\\/ucme-sa-doma\\\/vzdelavaci-obsah\\\/\"},{\"@type\":\"ListItem\",\"position\":5,\"name\":\"Elektrotechnika\"}]},{\"@type\":\"WebSite\",\"@id\":\"https:\\\/\\\/archiv.siov.sk\\\/#website\",\"url\":\"https:\\\/\\\/archiv.siov.sk\\\/\",\"name\":\"\u0160IOV - \u0161t\u00e1tny in\u0161tit\u00fat odborn\u00e9ho vzdel\u00e1vania\",\"description\":\"\",\"publisher\":{\"@id\":\"https:\\\/\\\/archiv.siov.sk\\\/#organization\"},\"potentialAction\":[{\"@type\":\"SearchAction\",\"target\":{\"@type\":\"EntryPoint\",\"urlTemplate\":\"https:\\\/\\\/archiv.siov.sk\\\/?s={search_term_string}\"},\"query-input\":{\"@type\":\"PropertyValueSpecification\",\"valueRequired\":true,\"valueName\":\"search_term_string\"}}],\"inLanguage\":\"en-GB\"},{\"@type\":\"Organization\",\"@id\":\"https:\\\/\\\/archiv.siov.sk\\\/#organization\",\"name\":\"\u0160IOV - \u0161t\u00e1tny in\u0161tit\u00fat odborn\u00e9ho vzdel\u00e1vania\",\"url\":\"https:\\\/\\\/archiv.siov.sk\\\/\",\"logo\":{\"@type\":\"ImageObject\",\"inLanguage\":\"en-GB\",\"@id\":\"https:\\\/\\\/archiv.siov.sk\\\/#\\\/schema\\\/logo\\\/image\\\/\",\"url\":\"https:\\\/\\\/archiv.siov.sk\\\/wp-content\\\/uploads\\\/2024\\\/02\\\/logo-SIOV.png\",\"contentUrl\":\"https:\\\/\\\/archiv.siov.sk\\\/wp-content\\\/uploads\\\/2024\\\/02\\\/logo-SIOV.png\",\"width\":431,\"height\":143,\"caption\":\"\u0160IOV - \u0161t\u00e1tny in\u0161tit\u00fat odborn\u00e9ho vzdel\u00e1vania\"},\"image\":{\"@id\":\"https:\\\/\\\/archiv.siov.sk\\\/#\\\/schema\\\/logo\\\/image\\\/\"},\"sameAs\":[\"https:\\\/\\\/www.facebook.com\\\/Statnyinstitutodbornehovzdelavania\"]}]}<\/script>\n<!-- \/ Yoast SEO plugin. -->","yoast_head_json":{"title":"Elektrotechnika - \u0160IOV - \u0161t\u00e1tny in\u0161tit\u00fat odborn\u00e9ho vzdel\u00e1vania","robots":{"index":"index","follow":"follow","max-snippet":"max-snippet:-1","max-image-preview":"max-image-preview:large","max-video-preview":"max-video-preview:-1"},"canonical":"https:\/\/archiv.siov.sk\/en\/vzdelavanie\/ucme-sa-doma\/vzdelavaci-obsah\/elektrotechnika\/","og_locale":"en_GB","og_type":"article","og_title":"Elektrotechnika - \u0160IOV - \u0161t\u00e1tny in\u0161tit\u00fat odborn\u00e9ho vzdel\u00e1vania","og_description":"[siteorigin_widget class=&#8220;SiteOrigin_Widget_Tabs_Widget&#8220;][\/siteorigin_widget]","og_url":"https:\/\/archiv.siov.sk\/en\/vzdelavanie\/ucme-sa-doma\/vzdelavaci-obsah\/elektrotechnika\/","og_site_name":"\u0160IOV - \u0161t\u00e1tny in\u0161tit\u00fat odborn\u00e9ho vzdel\u00e1vania","article_publisher":"https:\/\/www.facebook.com\/Statnyinstitutodbornehovzdelavania","article_modified_time":"2020-04-14T18:20:51+00:00","twitter_card":"summary_large_image","schema":{"@context":"https:\/\/schema.org","@graph":[{"@type":"WebPage","@id":"https:\/\/archiv.siov.sk\/vzdelavanie\/ucme-sa-doma\/vzdelavaci-obsah\/elektrotechnika\/","url":"https:\/\/archiv.siov.sk\/vzdelavanie\/ucme-sa-doma\/vzdelavaci-obsah\/elektrotechnika\/","name":"Elektrotechnika - \u0160IOV - \u0161t\u00e1tny in\u0161tit\u00fat odborn\u00e9ho vzdel\u00e1vania","isPartOf":{"@id":"https:\/\/archiv.siov.sk\/#website"},"datePublished":"2020-04-14T17:11:35+00:00","dateModified":"2020-04-14T18:20:51+00:00","breadcrumb":{"@id":"https:\/\/archiv.siov.sk\/vzdelavanie\/ucme-sa-doma\/vzdelavaci-obsah\/elektrotechnika\/#breadcrumb"},"inLanguage":"en-GB","potentialAction":[{"@type":"ReadAction","target":["https:\/\/archiv.siov.sk\/vzdelavanie\/ucme-sa-doma\/vzdelavaci-obsah\/elektrotechnika\/"]}]},{"@type":"BreadcrumbList","@id":"https:\/\/archiv.siov.sk\/vzdelavanie\/ucme-sa-doma\/vzdelavaci-obsah\/elektrotechnika\/#breadcrumb","itemListElement":[{"@type":"ListItem","position":1,"name":"Home","item":"https:\/\/archiv.siov.sk\/"},{"@type":"ListItem","position":2,"name":"Vzdel\u00e1vanie","item":"https:\/\/archiv.siov.sk\/vzdelavanie\/"},{"@type":"ListItem","position":3,"name":"U\u010dme sa doma","item":"https:\/\/archiv.siov.sk\/vzdelavanie\/ucme-sa-doma\/"},{"@type":"ListItem","position":4,"name":"Vzdel\u00e1vac\u00ed obsah","item":"https:\/\/archiv.siov.sk\/vzdelavanie\/ucme-sa-doma\/vzdelavaci-obsah\/"},{"@type":"ListItem","position":5,"name":"Elektrotechnika"}]},{"@type":"WebSite","@id":"https:\/\/archiv.siov.sk\/#website","url":"https:\/\/archiv.siov.sk\/","name":"\u0160IOV - \u0161t\u00e1tny in\u0161tit\u00fat odborn\u00e9ho vzdel\u00e1vania","description":"","publisher":{"@id":"https:\/\/archiv.siov.sk\/#organization"},"potentialAction":[{"@type":"SearchAction","target":{"@type":"EntryPoint","urlTemplate":"https:\/\/archiv.siov.sk\/?s={search_term_string}"},"query-input":{"@type":"PropertyValueSpecification","valueRequired":true,"valueName":"search_term_string"}}],"inLanguage":"en-GB"},{"@type":"Organization","@id":"https:\/\/archiv.siov.sk\/#organization","name":"\u0160IOV - \u0161t\u00e1tny in\u0161tit\u00fat odborn\u00e9ho vzdel\u00e1vania","url":"https:\/\/archiv.siov.sk\/","logo":{"@type":"ImageObject","inLanguage":"en-GB","@id":"https:\/\/archiv.siov.sk\/#\/schema\/logo\/image\/","url":"https:\/\/archiv.siov.sk\/wp-content\/uploads\/2024\/02\/logo-SIOV.png","contentUrl":"https:\/\/archiv.siov.sk\/wp-content\/uploads\/2024\/02\/logo-SIOV.png","width":431,"height":143,"caption":"\u0160IOV - \u0161t\u00e1tny in\u0161tit\u00fat odborn\u00e9ho vzdel\u00e1vania"},"image":{"@id":"https:\/\/archiv.siov.sk\/#\/schema\/logo\/image\/"},"sameAs":["https:\/\/www.facebook.com\/Statnyinstitutodbornehovzdelavania"]}]}},"_links":{"self":[{"href":"https:\/\/archiv.siov.sk\/en\/wp-json\/wp\/v2\/pages\/5664","targetHints":{"allow":["GET"]}}],"collection":[{"href":"https:\/\/archiv.siov.sk\/en\/wp-json\/wp\/v2\/pages"}],"about":[{"href":"https:\/\/archiv.siov.sk\/en\/wp-json\/wp\/v2\/types\/page"}],"author":[{"embeddable":true,"href":"https:\/\/archiv.siov.sk\/en\/wp-json\/wp\/v2\/users\/1"}],"replies":[{"embeddable":true,"href":"https:\/\/archiv.siov.sk\/en\/wp-json\/wp\/v2\/comments?post=5664"}],"version-history":[{"count":6,"href":"https:\/\/archiv.siov.sk\/en\/wp-json\/wp\/v2\/pages\/5664\/revisions"}],"predecessor-version":[{"id":5706,"href":"https:\/\/archiv.siov.sk\/en\/wp-json\/wp\/v2\/pages\/5664\/revisions\/5706"}],"up":[{"embeddable":true,"href":"https:\/\/archiv.siov.sk\/en\/wp-json\/wp\/v2\/pages\/5226"}],"wp:attachment":[{"href":"https:\/\/archiv.siov.sk\/en\/wp-json\/wp\/v2\/media?parent=5664"}],"curies":[{"name":"wp","href":"https:\/\/api.w.org\/{rel}","templated":true}]}}