{"id":55,"date":"2019-01-25T10:11:18","date_gmt":"2019-01-25T09:11:18","guid":{"rendered":"http:\/\/archiv.siov.sk\/?page_id=55"},"modified":"2020-04-17T12:50:51","modified_gmt":"2020-04-17T10:50:51","slug":"zrealizovane-projekty","status":"publish","type":"page","link":"https:\/\/archiv.siov.sk\/en\/projekty\/zrealizovane-projekty\/","title":{"rendered":"Completed projects"},"content":{"rendered":"<ul class=\"svp_links\">\n<li><a href=\"https:\/\/archiv.siov.sk\/en\/projekty\/zrealizovane-projekty\/rsov-%c2%b7-rozvoj-stredneho-a-odborneho-vzdelavania\/\">Developing secondary and vocational education<\/a><\/li>\n<li><a href=\"https:\/\/archiv.siov.sk\/en\/projekty\/zrealizovane-projekty\/nsk-%c2%b7-narodna-sustava-kvalifikacii\/\">NSK \u00b7 N\u00e1rodn\u00e1 s\u00fastava kvalifik\u00e1ci\u00ed<\/a><\/li>\n<li><a href=\"https:\/\/archiv.siov.sk\/en\/projekty\/zrealizovane-projekty\/tvorive-dielne-1\/\">Tvoriv\u00e9 dielne 1<\/a><\/li>\n<li><a href=\"https:\/\/archiv.siov.sk\/en\/projekty\/zrealizovane-projekty\/tvorive-dielne-2\/\">Tvoriv\u00e9 dielne 2<\/a><\/li>\n<li><a href=\"https:\/\/archiv.siov.sk\/en\/projekty\/zrealizovane-projekty\/narodny-projekt-vzdelavania-ucitelov-k-tvorbe-skvp\/\">N\u00e1rod\u00fd projekt vzdel\u00e1vania u\u010dite\u013eov k tvorbe \u0160KVP<\/a><\/li>\n<li><a href=\"https:\/\/archiv.siov.sk\/en\/medzinarodna-spolupraca\/medzinarodne-projekty\/ovp-pre-trh-prace\/\">OVP pre trh pr\u00e1ce<\/a><\/li>\n<\/ul>","protected":false},"excerpt":{"rendered":"<p>RSOV \u00b7 Rozvoj stredn\u00e9ho a odborn\u00e9ho vzdel\u00e1vania NSK \u00b7 N\u00e1rodn\u00e1 s\u00fastava kvalifik\u00e1ci\u00ed Tvoriv\u00e9 dielne 1 Tvoriv\u00e9 dielne 2 N\u00e1rod\u00fd projekt vzdel\u00e1vania u\u010dite\u013eov k tvorbe \u0160KVP OVP pre trh pr\u00e1ce<\/p>","protected":false},"author":1,"featured_media":0,"parent":236,"menu_order":0,"comment_status":"closed","ping_status":"closed","template":"","meta":{"site-sidebar-layout":"default","site-content-layout":"","ast-site-content-layout":"default","site-content-style":"default","site-sidebar-style":"default","ast-global-header-display":"","ast-banner-title-visibility":"","ast-main-header-display":"","ast-hfb-above-header-display":"","ast-hfb-below-header-display":"","ast-hfb-mobile-header-display":"","site-post-title":"","ast-breadcrumbs-content":"","ast-featured-img":"","footer-sml-layout":"","ast-disable-related-posts":"","theme-transparent-header-meta":"","adv-header-id-meta":"","stick-header-meta":"","header-above-stick-meta":"","header-main-stick-meta":"","header-below-stick-meta":"","astra-migrate-meta-layouts":"default","ast-page-background-enabled":"default","ast-page-background-meta":{"desktop":{"background-color":"var(--ast-global-color-4)","background-image":"","background-repeat":"repeat","background-position":"center center","background-size":"auto","background-attachment":"scroll","background-type":"","background-media":"","overlay-type":"","overlay-color":"","overlay-opacity":"","overlay-gradient":""},"tablet":{"background-color":"","background-image":"","background-repeat":"repeat","background-position":"center center","background-size":"auto","background-attachment":"scroll","background-type":"","background-media":"","overlay-type":"","overlay-color":"","overlay-opacity":"","overlay-gradient":""},"mobile":{"background-color":"","background-image":"","background-repeat":"repeat","background-position":"center center","background-size":"auto","background-attachment":"scroll","background-type":"","background-media":"","overlay-type":"","overlay-color":"","overlay-opacity":"","overlay-gradient":""}},"ast-content-background-meta":{"desktop":{"background-color":"var(--ast-global-color-5)","background-image":"","background-repeat":"repeat","background-position":"center center","background-size":"auto","background-attachment":"scroll","background-type":"","background-media":"","overlay-type":"","overlay-color":"","overlay-opacity":"","overlay-gradient":""},"tablet":{"background-color":"var(--ast-global-color-5)","background-image":"","background-repeat":"repeat","background-position":"center center","background-size":"auto","background-attachment":"scroll","background-type":"","background-media":"","overlay-type":"","overlay-color":"","overlay-opacity":"","overlay-gradient":""},"mobile":{"background-color":"var(--ast-global-color-5)","background-image":"","background-repeat":"repeat","background-position":"center center","background-size":"auto","background-attachment":"scroll","background-type":"","background-media":"","overlay-type":"","overlay-color":"","overlay-opacity":"","overlay-gradient":""}},"footnotes":""},"class_list":["post-55","page","type-page","status-publish","hentry"],"yoast_head":"<!-- This site is optimized with the Yoast SEO plugin v27.3 - https:\/\/yoast.com\/product\/yoast-seo-wordpress\/ -->\n<title>Zrealizovan\u00e9 projekty - \u0160IOV - \u0161t\u00e1tny in\u0161tit\u00fat odborn\u00e9ho vzdel\u00e1vania<\/title>\n<meta name=\"robots\" content=\"index, follow, max-snippet:-1, max-image-preview:large, max-video-preview:-1\" \/>\n<link rel=\"canonical\" href=\"https:\/\/archiv.siov.sk\/en\/projekty\/zrealizovane-projekty\/\" \/>\n<meta property=\"og:locale\" content=\"en_GB\" \/>\n<meta property=\"og:type\" content=\"article\" \/>\n<meta property=\"og:title\" content=\"Zrealizovan\u00e9 projekty - \u0160IOV - \u0161t\u00e1tny in\u0161tit\u00fat odborn\u00e9ho vzdel\u00e1vania\" \/>\n<meta property=\"og:description\" content=\"RSOV \u00b7 Rozvoj stredn\u00e9ho a odborn\u00e9ho vzdel\u00e1vania NSK \u00b7 N\u00e1rodn\u00e1 s\u00fastava kvalifik\u00e1ci\u00ed Tvoriv\u00e9 dielne 1 Tvoriv\u00e9 dielne 2 N\u00e1rod\u00fd projekt vzdel\u00e1vania u\u010dite\u013eov k tvorbe \u0160KVP OVP pre trh pr\u00e1ce\" \/>\n<meta property=\"og:url\" content=\"https:\/\/archiv.siov.sk\/en\/projekty\/zrealizovane-projekty\/\" \/>\n<meta property=\"og:site_name\" content=\"\u0160IOV - \u0161t\u00e1tny in\u0161tit\u00fat odborn\u00e9ho vzdel\u00e1vania\" \/>\n<meta property=\"article:publisher\" content=\"https:\/\/www.facebook.com\/Statnyinstitutodbornehovzdelavania\" \/>\n<meta property=\"article:modified_time\" content=\"2020-04-17T10:50:51+00:00\" \/>\n<meta name=\"twitter:card\" content=\"summary_large_image\" \/>\n<script type=\"application\/ld+json\" class=\"yoast-schema-graph\">{\"@context\":\"https:\\\/\\\/schema.org\",\"@graph\":[{\"@type\":\"WebPage\",\"@id\":\"https:\\\/\\\/archiv.siov.sk\\\/en\\\/projekty\\\/zrealizovane-projekty\\\/\",\"url\":\"https:\\\/\\\/archiv.siov.sk\\\/en\\\/projekty\\\/zrealizovane-projekty\\\/\",\"name\":\"Zrealizovan\u00e9 projekty - \u0160IOV - \u0161t\u00e1tny in\u0161tit\u00fat odborn\u00e9ho vzdel\u00e1vania\",\"isPartOf\":{\"@id\":\"https:\\\/\\\/archiv.siov.sk\\\/#website\"},\"datePublished\":\"2019-01-25T09:11:18+00:00\",\"dateModified\":\"2020-04-17T10:50:51+00:00\",\"breadcrumb\":{\"@id\":\"https:\\\/\\\/archiv.siov.sk\\\/en\\\/projekty\\\/zrealizovane-projekty\\\/#breadcrumb\"},\"inLanguage\":\"en-GB\",\"potentialAction\":[{\"@type\":\"ReadAction\",\"target\":[\"https:\\\/\\\/archiv.siov.sk\\\/en\\\/projekty\\\/zrealizovane-projekty\\\/\"]}]},{\"@type\":\"BreadcrumbList\",\"@id\":\"https:\\\/\\\/archiv.siov.sk\\\/en\\\/projekty\\\/zrealizovane-projekty\\\/#breadcrumb\",\"itemListElement\":[{\"@type\":\"ListItem\",\"position\":1,\"name\":\"Home\",\"item\":\"https:\\\/\\\/archiv.siov.sk\\\/\"},{\"@type\":\"ListItem\",\"position\":2,\"name\":\"Projekty\",\"item\":\"https:\\\/\\\/archiv.siov.sk\\\/en\\\/projekty\\\/\"},{\"@type\":\"ListItem\",\"position\":3,\"name\":\"Zrealizovan\u00e9 projekty\"}]},{\"@type\":\"WebSite\",\"@id\":\"https:\\\/\\\/archiv.siov.sk\\\/#website\",\"url\":\"https:\\\/\\\/archiv.siov.sk\\\/\",\"name\":\"\u0160IOV - \u0161t\u00e1tny in\u0161tit\u00fat odborn\u00e9ho vzdel\u00e1vania\",\"description\":\"\",\"publisher\":{\"@id\":\"https:\\\/\\\/archiv.siov.sk\\\/#organization\"},\"potentialAction\":[{\"@type\":\"SearchAction\",\"target\":{\"@type\":\"EntryPoint\",\"urlTemplate\":\"https:\\\/\\\/archiv.siov.sk\\\/?s={search_term_string}\"},\"query-input\":{\"@type\":\"PropertyValueSpecification\",\"valueRequired\":true,\"valueName\":\"search_term_string\"}}],\"inLanguage\":\"en-GB\"},{\"@type\":\"Organization\",\"@id\":\"https:\\\/\\\/archiv.siov.sk\\\/#organization\",\"name\":\"\u0160IOV - \u0161t\u00e1tny in\u0161tit\u00fat odborn\u00e9ho vzdel\u00e1vania\",\"url\":\"https:\\\/\\\/archiv.siov.sk\\\/\",\"logo\":{\"@type\":\"ImageObject\",\"inLanguage\":\"en-GB\",\"@id\":\"https:\\\/\\\/archiv.siov.sk\\\/#\\\/schema\\\/logo\\\/image\\\/\",\"url\":\"https:\\\/\\\/archiv.siov.sk\\\/wp-content\\\/uploads\\\/2024\\\/02\\\/logo-SIOV.png\",\"contentUrl\":\"https:\\\/\\\/archiv.siov.sk\\\/wp-content\\\/uploads\\\/2024\\\/02\\\/logo-SIOV.png\",\"width\":431,\"height\":143,\"caption\":\"\u0160IOV - \u0161t\u00e1tny in\u0161tit\u00fat odborn\u00e9ho vzdel\u00e1vania\"},\"image\":{\"@id\":\"https:\\\/\\\/archiv.siov.sk\\\/#\\\/schema\\\/logo\\\/image\\\/\"},\"sameAs\":[\"https:\\\/\\\/www.facebook.com\\\/Statnyinstitutodbornehovzdelavania\"]}]}<\/script>\n<!-- \/ Yoast SEO plugin. -->","yoast_head_json":{"title":"Zrealizovan\u00e9 projekty - \u0160IOV - \u0161t\u00e1tny in\u0161tit\u00fat odborn\u00e9ho vzdel\u00e1vania","robots":{"index":"index","follow":"follow","max-snippet":"max-snippet:-1","max-image-preview":"max-image-preview:large","max-video-preview":"max-video-preview:-1"},"canonical":"https:\/\/archiv.siov.sk\/en\/projekty\/zrealizovane-projekty\/","og_locale":"en_GB","og_type":"article","og_title":"Zrealizovan\u00e9 projekty - \u0160IOV - \u0161t\u00e1tny in\u0161tit\u00fat odborn\u00e9ho vzdel\u00e1vania","og_description":"RSOV \u00b7 Rozvoj stredn\u00e9ho a odborn\u00e9ho vzdel\u00e1vania NSK \u00b7 N\u00e1rodn\u00e1 s\u00fastava kvalifik\u00e1ci\u00ed Tvoriv\u00e9 dielne 1 Tvoriv\u00e9 dielne 2 N\u00e1rod\u00fd projekt vzdel\u00e1vania u\u010dite\u013eov k tvorbe \u0160KVP OVP pre trh pr\u00e1ce","og_url":"https:\/\/archiv.siov.sk\/en\/projekty\/zrealizovane-projekty\/","og_site_name":"\u0160IOV - \u0161t\u00e1tny in\u0161tit\u00fat odborn\u00e9ho vzdel\u00e1vania","article_publisher":"https:\/\/www.facebook.com\/Statnyinstitutodbornehovzdelavania","article_modified_time":"2020-04-17T10:50:51+00:00","twitter_card":"summary_large_image","schema":{"@context":"https:\/\/schema.org","@graph":[{"@type":"WebPage","@id":"https:\/\/archiv.siov.sk\/en\/projekty\/zrealizovane-projekty\/","url":"https:\/\/archiv.siov.sk\/en\/projekty\/zrealizovane-projekty\/","name":"Zrealizovan\u00e9 projekty - \u0160IOV - \u0161t\u00e1tny in\u0161tit\u00fat odborn\u00e9ho vzdel\u00e1vania","isPartOf":{"@id":"https:\/\/archiv.siov.sk\/#website"},"datePublished":"2019-01-25T09:11:18+00:00","dateModified":"2020-04-17T10:50:51+00:00","breadcrumb":{"@id":"https:\/\/archiv.siov.sk\/en\/projekty\/zrealizovane-projekty\/#breadcrumb"},"inLanguage":"en-GB","potentialAction":[{"@type":"ReadAction","target":["https:\/\/archiv.siov.sk\/en\/projekty\/zrealizovane-projekty\/"]}]},{"@type":"BreadcrumbList","@id":"https:\/\/archiv.siov.sk\/en\/projekty\/zrealizovane-projekty\/#breadcrumb","itemListElement":[{"@type":"ListItem","position":1,"name":"Home","item":"https:\/\/archiv.siov.sk\/"},{"@type":"ListItem","position":2,"name":"Projekty","item":"https:\/\/archiv.siov.sk\/en\/projekty\/"},{"@type":"ListItem","position":3,"name":"Zrealizovan\u00e9 projekty"}]},{"@type":"WebSite","@id":"https:\/\/archiv.siov.sk\/#website","url":"https:\/\/archiv.siov.sk\/","name":"\u0160IOV - \u0161t\u00e1tny in\u0161tit\u00fat odborn\u00e9ho vzdel\u00e1vania","description":"","publisher":{"@id":"https:\/\/archiv.siov.sk\/#organization"},"potentialAction":[{"@type":"SearchAction","target":{"@type":"EntryPoint","urlTemplate":"https:\/\/archiv.siov.sk\/?s={search_term_string}"},"query-input":{"@type":"PropertyValueSpecification","valueRequired":true,"valueName":"search_term_string"}}],"inLanguage":"en-GB"},{"@type":"Organization","@id":"https:\/\/archiv.siov.sk\/#organization","name":"\u0160IOV - \u0161t\u00e1tny in\u0161tit\u00fat odborn\u00e9ho vzdel\u00e1vania","url":"https:\/\/archiv.siov.sk\/","logo":{"@type":"ImageObject","inLanguage":"en-GB","@id":"https:\/\/archiv.siov.sk\/#\/schema\/logo\/image\/","url":"https:\/\/archiv.siov.sk\/wp-content\/uploads\/2024\/02\/logo-SIOV.png","contentUrl":"https:\/\/archiv.siov.sk\/wp-content\/uploads\/2024\/02\/logo-SIOV.png","width":431,"height":143,"caption":"\u0160IOV - \u0161t\u00e1tny in\u0161tit\u00fat odborn\u00e9ho vzdel\u00e1vania"},"image":{"@id":"https:\/\/archiv.siov.sk\/#\/schema\/logo\/image\/"},"sameAs":["https:\/\/www.facebook.com\/Statnyinstitutodbornehovzdelavania"]}]}},"_links":{"self":[{"href":"https:\/\/archiv.siov.sk\/en\/wp-json\/wp\/v2\/pages\/55","targetHints":{"allow":["GET"]}}],"collection":[{"href":"https:\/\/archiv.siov.sk\/en\/wp-json\/wp\/v2\/pages"}],"about":[{"href":"https:\/\/archiv.siov.sk\/en\/wp-json\/wp\/v2\/types\/page"}],"author":[{"embeddable":true,"href":"https:\/\/archiv.siov.sk\/en\/wp-json\/wp\/v2\/users\/1"}],"replies":[{"embeddable":true,"href":"https:\/\/archiv.siov.sk\/en\/wp-json\/wp\/v2\/comments?post=55"}],"version-history":[{"count":5,"href":"https:\/\/archiv.siov.sk\/en\/wp-json\/wp\/v2\/pages\/55\/revisions"}],"predecessor-version":[{"id":5765,"href":"https:\/\/archiv.siov.sk\/en\/wp-json\/wp\/v2\/pages\/55\/revisions\/5765"}],"up":[{"embeddable":true,"href":"https:\/\/archiv.siov.sk\/en\/wp-json\/wp\/v2\/pages\/236"}],"wp:attachment":[{"href":"https:\/\/archiv.siov.sk\/en\/wp-json\/wp\/v2\/media?parent=55"}],"curies":[{"name":"wp","href":"https:\/\/api.w.org\/{rel}","templated":true}]}}