{"id":5258,"date":"2020-03-27T18:27:43","date_gmt":"2020-03-27T17:27:43","guid":{"rendered":"https:\/\/archiv.siov.sk\/?page_id=5258"},"modified":"2025-05-21T15:58:57","modified_gmt":"2025-05-21T13:58:57","slug":"financna-gramotnost","status":"publish","type":"page","link":"https:\/\/archiv.siov.sk\/en\/vzdelavanie\/ucme-sa-doma\/vzdelavaci-obsah\/financna-gramotnost\/","title":{"rendered":"Financial literacy"},"content":{"rendered":"<p>Financial literacy<\/p>\n<p>Na z\u00e1klade uznesenia vl\u00e1dy\u00a0Slovenskej republiky\u00a0\u010d.\u00a0447 z 2. j\u00fala 2008 sa stal d\u00f4le\u017eitou s\u00fa\u010das\u0165ou vzdel\u00e1vacieho procesu \u201eN\u00e1vrh strat\u00e9gie vzdel\u00e1vania vo finan\u010dnej oblasti a\u00a0mana\u017ementu osobn\u00fdch financi\u00ed\u201c. Jeho v\u00fdstupom bol N\u00e1rodn\u00fd \u0161tandard finan\u010dnej gramotnosti verzia 1.0 vypracovan\u00fd v\u00a0roku 2008. Ostatn\u00fd v\u00a0rade je <strong>National Financial Literacy Standard version 1.2 <\/strong>(<a href=\"http:\/\/www.minedu.sk\/narodny-standard-financnej-gramotnosti-verzia-12\">www.minedu.sk\/narodny-standard-financnej-gramotnosti-verzia-12<\/a>which was developed as part of the optimisation of the National Standard for Financial Literacy version 1.1 (NSFG).<\/p>\n<p><strong>State Institute of Vocational Education (\u0160IOV)<\/strong>as a member of the Inter-Ministerial Expert Group on Financial Literacy (hereinafter referred to as MES FG), processed and recommended to approve\u00a0 <strong>National Financial Literacy Standard version 1.2<\/strong>, ktor\u00fd zoh\u013ead\u0148uje potrebu optimaliz\u00e1cie N\u00e1rodn\u00e9ho \u0161tandardu finan\u010dnej gramotnosti verziu 1.1 z\u00a0d\u00f4vodu rozsiahlosti t\u00e9m a\u00a0takisto zapracovania \u00fapravy pre zabezpe\u010denie hlavn\u00fdch cie\u013eov podnikate\u013esk\u00e9ho vzdel\u00e1vania. Schv\u00e1lilo ho Ministerstvo \u0161kolstva, vedy, v\u00fdskumu a \u0161portu Slovenskej republiky d\u0148a 9. marca 2017 pod \u010d\u00edslom 2017-1053\/10961:12-10E0 s \u00fa\u010dinnos\u0165ou od 1. septembra 2017 za\u010d\u00ednaj\u00fac prv\u00fdm ro\u010dn\u00edkom.<\/p>\n<p style=\"margin-bottom: 6.0pt; text-align: justify; line-height: normal;\"><b>Mapovanie finan\u010dnej gramotnosti na Slovensku v rokoch 2016 &#8211; 2020<\/b><\/p>\n<p style=\"margin-bottom: 6.0pt; text-align: justify; line-height: 150%;\">Objective <b>mapovania \u010dinnost\u00ed s\u00favisiacich s\u00a0podporou finan\u010dnej gramotnosti<\/b>, which \u0160IOV - SCCF implemented<br \/>\nv rokoch 2019 a\u017e 2020 bolo zisti\u0165 v akom stave je zabezpe\u010den\u00e9 vzdel\u00e1vanie v oblasti finan\u010dnej gramotnosti na Slovensku a zisti\u0165 aj mo\u017enosti zvidite\u013enenia a sie\u0165ovania. \u00a0Mapovali sme obdobie rokov 2016 \u20132020. V\u00fdsledn\u00e9 dokumenty mapovania FG<br \/>\ncan be found at <a href=\"https:\/\/archiv.siov.sk\/en\/ucme-sa-doma\/vzdelavaci-obsah\/financna-gramotnost\/\">https:\/\/archiv.siov.sk\/ucme-sa-doma\/vzdelavaci-obsah\/financna-gramotnost\/<\/a>.<\/p>\n<p style=\"margin-bottom: 6.0pt; text-align: justify; line-height: normal;\"><b>\u00a0<\/b><\/p>\n<p style=\"margin-bottom: 6.0pt; text-align: justify; line-height: 150%;\"><b>Entrepreneurship education<\/b><\/p>\n<p style=\"margin-bottom: 6.0pt; text-align: justify; line-height: 150%;\">Do \u0160t\u00e1tnych vzdel\u00e1vac\u00edch programov pre odborn\u00e9 vzdel\u00e1vanie a\u00a0pr\u00edpravu<u> <\/u>je<u> <\/u>zapracovan\u00e9<u> <\/u>pod\u013ea<i>\u00a0 <\/i>Z\u00e1kona \u010d. 245\/2008 Z. z. o\u00a0v\u00fdchove a\u00a0vzdel\u00e1van\u00ed (\u0161kolsk\u00fd z\u00e1kon) a\u00a0o\u00a0zmene a\u00a0doplnen\u00ed niektor\u00fdch z\u00e1konov, prostredn\u00edctvom dvoj\u00farov\u0148ov\u00e9ho modelu vzdel\u00e1vania zaviedol v\u00fdchovu a vzdel\u00e1vanie v \u0161kol\u00e1ch a v \u0161kolsk\u00fdch zariadeniach pod\u013ea \u0161t\u00e1tnych a\u00a0\u0161kolsk\u00fdch vzdel\u00e1vac\u00edch programov:<i> <\/i>\u201eV\u00fdchova k\u00a0podnikaniu\u201c je v schv\u00e1len\u00fdch \u0161t\u00e1tnych vzdel\u00e1vac\u00edch programoch pre odborn\u00e9 vzdel\u00e1vanie a\u00a0pr\u00edpravu pre jednotliv\u00e9 skupiny odborov vzdel\u00e1vania\u00a0 komplexne za\u010dlenen\u00e1 vo vzdel\u00e1vacom \u0161tandarde spolo\u010dnom pre v\u0161etky odbory. Na podporu podnikate\u013esk\u00e9ho vzdel\u00e1vania a finan\u010dnej gramotnosti sa v\u0161etk\u00fdm stredn\u00fdm odborn\u00fdm \u0161kol\u00e1m odpor\u00fa\u010da zap\u00e1ja\u0165 do vzdel\u00e1vania na \u0161kole predmet cvi\u010dn\u00e1 firma prostredn\u00edctvom \u0160IOV a jeho pracoviska Slovenk\u00e9 centrum cvi\u010dn\u00fdch firiem.<\/p>\n<p style=\"margin-bottom: 6.0pt; text-align: justify; line-height: 150%;\">Teaching supporting <b>v\u00fdchovu k\u00a0podnikaniu dotv\u00e1ra odborn\u00fd profil absolventa<\/b> a\u00a0jej <b>inclusion must be reflected in school curricula<\/b> pre \u0161tudijn\u00e9 a\u00a0u\u010debn\u00e9 odbory stredn\u00fdch odborn\u00fdch \u0161k\u00f4l ako s\u00fa\u010das\u0165 vzdel\u00e1vacieho procesu. M\u00e1 svoje \u0161pecifik\u00e1,\u00a0umo\u017e\u0148uje uplat\u0148ovanie r\u00f4znych inovat\u00edvnych vyu\u010dovac\u00edch met\u00f3d a je orientovan\u00e1 na rozvoj vedomost\u00ed a\u00a0zru\u010dnost\u00ed vo vz\u0165ahu k\u00a0bud\u00facej uplatnite\u013enosti absolventa v\u00a0re\u00e1lnom \u017eivote.<\/p>\n<h4>U\u017eito\u010dn\u00e9 odkazy a dokumenty<\/h4>\n<p>&nbsp;<\/p>\n<p><a href=\"https:\/\/archiv.siov.sk\/en\/mapovanie-financnej-gramotnosti-slovenska-v-rokoch-2020-2022\/\">Mapovanie Finan\u010dnej gramotnosti Slovenska v rokoch 2020-2022<\/a><\/p>\n<p><a href=\"https:\/\/archiv.siov.sk\/wp-content\/uploads\/2024\/02\/Statut_MES_FG.pdf\" target=\"_blank\" rel=\"noopener\">\u0160tat\u00fat Medzirezortnej expertnej skupiny k finan\u010dnej gramotnosti<\/a><\/p>\n<p><a href=\"https:\/\/archiv.siov.sk\/wp-content\/uploads\/2023\/06\/TS-Vyzva-na-RP-v-oblasti-FG-a-vychovy-k-podnikaniu-na-rok-2023.docx\" target=\"_blank\" rel=\"noopener\">V\u00fdzva na predlo\u017eenie \u017eiadost\u00ed o financovanie rozvojov\u00fdch projektov na podporu organiza\u010dn\u00e9ho zabezpe\u010denia vzdel\u00e1vania pedagogick\u00fdch\u00a0 zamestnancov v oblasti finan\u010dnej gramotnosti a v\u00fdchovy k podnikaniu\u00a0\u00a0<\/a><\/p>\n<p><a href=\"https:\/\/archiv.siov.sk\/en\/zbornik-diskusneho-fora-vzdelavanie-v-oblasti-financnej-gramotnosti-v-kocke\/\"><i>Z<\/i>born\u00edk z diskusn\u00e9ho f\u00f3ra Vzdel\u00e1vanie v oblasti finan\u010dnej gramotnosti v kocke<\/a><\/p>\n<p><img decoding=\"async\" src=\"https:\/\/archiv.siov.sk\/wp-content\/uploads\/2019\/08\/excelikona.jpg\" alt=\"\" width=\"34\" height=\"34\" \/>\u00a0<a style=\"background-color: #ffffff;\" href=\"https:\/\/archiv.siov.sk\/wp-content\/uploads\/2022\/03\/Mapovanie-FG-Grafy_NSFG1.2_1.1.xlsx\" target=\"_blank\" rel=\"noopener\">Mapovanie finan\u010dnej gramotnosti v rokoch 2016 &#8211; 2020 &#8211; grafy\u00a0<\/a><\/p>\n<p><img decoding=\"async\" src=\"https:\/\/archiv.siov.sk\/wp-content\/uploads\/2020\/04\/word-300x289.png\" alt=\"\" width=\"36\" height=\"34\" \/>\u00a0<a style=\"background-color: #ffffff;\" href=\"https:\/\/archiv.siov.sk\/wp-content\/uploads\/2022\/03\/Popis-kolacovych-grafov-NSFG-05_2021.docx\" target=\"_blank\" rel=\"noopener\">Popis kol\u00e1\u010dov\u00fdch grafov mapovania finan\u010dnej gramotnosti\u00a0<\/a><\/p>\n<p><a href=\"https:\/\/archiv.siov.sk\/en\/hodnotiaci-seminar-rozvojovych-projektov-na-podporu-organizacneho-zabezpecenia-vzdelavania-pedagogickych-zamestnancov-v-oblasti-financnej-gramotnosti-a-vychovy-k-podnikaniu-pre-rok-2021\/\" target=\"_blank\" rel=\"noopener\">Hodnotiaci semin\u00e1r rozvojov\u00fdch projektov na podporu organiza\u010dn\u00e9ho zabezpe\u010denia vzdel\u00e1vania pedagogick\u00fdch zamestnancov v oblasti finan\u010dnej gramotnosti a v\u00fdchovy k podnikaniu pre rok 2021<\/a><\/p>\n<p><a href=\"https:\/\/archiv.siov.sk\/en\/zbornik-z-konferencie-quo-vadis-financna-gramotnost-na-slovensku\/\" target=\"_blank\" rel=\"noopener\">Zborn\u00edk z konferencie &#8222;Quo Vadis finan\u010dn\u00e1 gramotnos\u0165 na Slovensku?&#8220;\u00a0<\/a><\/p>\n<p><a href=\"https:\/\/archiv.siov.sk\/en\/vzdelavanie\/narodny-standard-financnej-gramotnosti\/\">N\u00e1rodn\u00fd \u0161tandard finan\u010dnej gramotnosti<\/a><\/p>\n<p><a href=\"https:\/\/www.minedu.sk\/metodika-financnej-gramotnosti\/\">Metodika finan\u010dnej gramotnosti<\/a><\/p>\n<p><a style=\"background-color: #f9f9f9; font-size: 16px; color: #1d2663;\" href=\"https:\/\/audiovisual.ec.europa.eu\/en\/video\/I-193012?lg=INT\" target=\"_blank\" rel=\"noopener\">Video<strong> Eur\u00f3pskeho \u00faradu pre boj proti podvodom OLAF o jeho \u010dinnosti<\/strong><\/a><\/p>\n<p><strong><a style=\"color: #1d2663;\" href=\"http:\/\/www.sccf.sk\/financna-gramotnost-5b.html\" target=\"_blank\" rel=\"noopener\">Materi\u00e1ly k finan\u010dnej gramotnosti<\/a><\/strong><\/p>\n<p><a href=\"http:\/\/www.sccf.sk\/\">Materi\u00e1ly k podnikate\u013esk\u00e9mu vzdel\u00e1vaniu<\/a><\/p>\n<p><strong><a style=\"color: #1d2663;\" href=\"http:\/\/www.sccf.sk\/novinky-v-podnikani-56.html\" target=\"_blank\" rel=\"noopener\">Aktu\u00e1lne inform\u00e1cie v\u00a0oblasti podnikania ale aj da\u0148ov\u00fdch priznan\u00ed, \u010derpania O\u010cR a\u00a0pod.<\/a><\/strong><\/p>\n<p><strong><a style=\"color: #1d2663;\" href=\"https:\/\/archiv.siov.sk\/wp-content\/uploads\/2020\/03\/Peniaze.pdf\" target=\"_blank\" rel=\"noopener\">Peniaze &#8211; u\u010debn\u00e9 texty<\/a><\/strong><\/p>\n<p><a href=\"http:\/\/www.sccf.sk\/aktuality-13.html?id=56\" target=\"_blank\" rel=\"noopener\"><b>Bro\u017e\u00fara Viac ako 20 rokov praxe cvi\u010dnej firmy<\/b><\/a><\/p>\n<ul style=\"font-size: 16px; font-style: normal; font-weight: 400; margin-bottom: 0px; margin-left: 0px; list-style-type: none; color: #3a3a3a; white-space: normal; background-color: #f9f9f9;\">\n<li style=\"font-size: 16px;\">Pln\u00e9 znenie u\u010debnice\u00a0Cvi\u010dn\u00e1 firma praktikum (pre \u0160O 6317 6 obchodn\u00e1 akad\u00e9mia)\u00a0n\u00e1jdete na str\u00e1nke\u00a0<a href=\"https:\/\/edicnyportal.iedu.sk\/\" target=\"_blank\" rel=\"noopener\">edicnyportal.iedu.sk<\/a><\/li>\n<\/ul>","protected":false},"excerpt":{"rendered":"<p>Finan\u010dn\u00e1 gramotnos\u0165 Na z\u00e1klade uznesenia vl\u00e1dy\u00a0Slovenskej republiky\u00a0\u010d.\u00a0447 z 2. j\u00fala 2008 sa stal d\u00f4le\u017eitou s\u00fa\u010das\u0165ou vzdel\u00e1vacieho procesu \u201eN\u00e1vrh strat\u00e9gie vzdel\u00e1vania vo finan\u010dnej oblasti a\u00a0mana\u017ementu osobn\u00fdch financi\u00ed\u201c. Jeho v\u00fdstupom bol N\u00e1rodn\u00fd \u0161tandard finan\u010dnej gramotnosti verzia 1.0 vypracovan\u00fd v\u00a0roku 2008. Ostatn\u00fd v\u00a0rade je N\u00e1rodn\u00fd \u0161tandard finan\u010dnej gramotnosti verziu 1.2 (www.minedu.sk\/narodny-standard-financnej-gramotnosti-verzia-12), ktor\u00fd bol spracovan\u00fd v r\u00e1mci optimaliz\u00e1cie N\u00e1rodn\u00e9ho [&hellip;]<\/p>\n","protected":false},"author":1,"featured_media":0,"parent":5226,"menu_order":0,"comment_status":"closed","ping_status":"closed","template":"","meta":{"site-sidebar-layout":"default","site-content-layout":"default","ast-site-content-layout":"default","site-content-style":"default","site-sidebar-style":"default","ast-global-header-display":"","ast-banner-title-visibility":"","ast-main-header-display":"","ast-hfb-above-header-display":"","ast-hfb-below-header-display":"","ast-hfb-mobile-header-display":"","site-post-title":"disabled","ast-breadcrumbs-content":"","ast-featured-img":"","footer-sml-layout":"","ast-disable-related-posts":"","theme-transparent-header-meta":"default","adv-header-id-meta":"","stick-header-meta":"default","header-above-stick-meta":"","header-main-stick-meta":"","header-below-stick-meta":"","astra-migrate-meta-layouts":"set","ast-page-background-enabled":"default","ast-page-background-meta":{"desktop":{"background-color":"var(--ast-global-color-4)","background-image":"","background-repeat":"repeat","background-position":"center center","background-size":"auto","background-attachment":"scroll","background-type":"","background-media":"","overlay-type":"","overlay-color":"","overlay-opacity":"","overlay-gradient":""},"tablet":{"background-color":"","background-image":"","background-repeat":"repeat","background-position":"center center","background-size":"auto","background-attachment":"scroll","background-type":"","background-media":"","overlay-type":"","overlay-color":"","overlay-opacity":"","overlay-gradient":""},"mobile":{"background-color":"","background-image":"","background-repeat":"repeat","background-position":"center center","background-size":"auto","background-attachment":"scroll","background-type":"","background-media":"","overlay-type":"","overlay-color":"","overlay-opacity":"","overlay-gradient":""}},"ast-content-background-meta":{"desktop":{"background-color":"var(--ast-global-color-5)","background-image":"","background-repeat":"repeat","background-position":"center center","background-size":"auto","background-attachment":"scroll","background-type":"","background-media":"","overlay-type":"","overlay-color":"","overlay-opacity":"","overlay-gradient":""},"tablet":{"background-color":"var(--ast-global-color-5)","background-image":"","background-repeat":"repeat","background-position":"center center","background-size":"auto","background-attachment":"scroll","background-type":"","background-media":"","overlay-type":"","overlay-color":"","overlay-opacity":"","overlay-gradient":""},"mobile":{"background-color":"var(--ast-global-color-5)","background-image":"","background-repeat":"repeat","background-position":"center center","background-size":"auto","background-attachment":"scroll","background-type":"","background-media":"","overlay-type":"","overlay-color":"","overlay-opacity":"","overlay-gradient":""}},"footnotes":""},"class_list":["post-5258","page","type-page","status-publish","hentry"],"yoast_head":"<!-- This site is optimized with the Yoast SEO plugin v27.5 - https:\/\/yoast.com\/product\/yoast-seo-wordpress\/ -->\n<title>Finan\u010dn\u00e1 gramotnos\u0165 - \u0160IOV - \u0161t\u00e1tny in\u0161tit\u00fat odborn\u00e9ho vzdel\u00e1vania<\/title>\n<meta name=\"robots\" content=\"index, follow, max-snippet:-1, max-image-preview:large, max-video-preview:-1\" \/>\n<link rel=\"canonical\" href=\"https:\/\/archiv.siov.sk\/en\/vzdelavanie\/ucme-sa-doma\/vzdelavaci-obsah\/financna-gramotnost\/\" \/>\n<meta property=\"og:locale\" content=\"en_GB\" \/>\n<meta property=\"og:type\" content=\"article\" \/>\n<meta property=\"og:title\" content=\"Finan\u010dn\u00e1 gramotnos\u0165 - \u0160IOV - \u0161t\u00e1tny in\u0161tit\u00fat odborn\u00e9ho vzdel\u00e1vania\" \/>\n<meta property=\"og:description\" content=\"Finan\u010dn\u00e1 gramotnos\u0165 Na z\u00e1klade uznesenia vl\u00e1dy\u00a0Slovenskej republiky\u00a0\u010d.\u00a0447 z 2. j\u00fala 2008 sa stal d\u00f4le\u017eitou s\u00fa\u010das\u0165ou vzdel\u00e1vacieho procesu \u201eN\u00e1vrh strat\u00e9gie vzdel\u00e1vania vo finan\u010dnej oblasti a\u00a0mana\u017ementu osobn\u00fdch financi\u00ed\u201c. Jeho v\u00fdstupom bol N\u00e1rodn\u00fd \u0161tandard finan\u010dnej gramotnosti verzia 1.0 vypracovan\u00fd v\u00a0roku 2008. Ostatn\u00fd v\u00a0rade je N\u00e1rodn\u00fd \u0161tandard finan\u010dnej gramotnosti verziu 1.2 (www.minedu.sk\/narodny-standard-financnej-gramotnosti-verzia-12), ktor\u00fd bol spracovan\u00fd v r\u00e1mci optimaliz\u00e1cie N\u00e1rodn\u00e9ho [&hellip;]\" \/>\n<meta property=\"og:url\" content=\"https:\/\/archiv.siov.sk\/en\/vzdelavanie\/ucme-sa-doma\/vzdelavaci-obsah\/financna-gramotnost\/\" \/>\n<meta property=\"og:site_name\" content=\"\u0160IOV - \u0161t\u00e1tny in\u0161tit\u00fat odborn\u00e9ho vzdel\u00e1vania\" \/>\n<meta property=\"article:publisher\" content=\"https:\/\/www.facebook.com\/Statnyinstitutodbornehovzdelavania\" \/>\n<meta property=\"article:modified_time\" content=\"2025-05-21T13:58:57+00:00\" \/>\n<meta property=\"og:image\" content=\"https:\/\/archiv.siov.sk\/wp-content\/uploads\/2019\/08\/excelikona.jpg\" \/>\n<meta name=\"twitter:card\" content=\"summary_large_image\" \/>\n<meta name=\"twitter:label1\" content=\"Estimated reading time\" \/>\n\t<meta name=\"twitter:data1\" content=\"4 minutes\" \/>\n<script type=\"application\/ld+json\" class=\"yoast-schema-graph\">{\"@context\":\"https:\\\/\\\/schema.org\",\"@graph\":[{\"@type\":\"WebPage\",\"@id\":\"https:\\\/\\\/archiv.siov.sk\\\/vzdelavanie\\\/ucme-sa-doma\\\/vzdelavaci-obsah\\\/financna-gramotnost\\\/\",\"url\":\"https:\\\/\\\/archiv.siov.sk\\\/vzdelavanie\\\/ucme-sa-doma\\\/vzdelavaci-obsah\\\/financna-gramotnost\\\/\",\"name\":\"Finan\u010dn\u00e1 gramotnos\u0165 - \u0160IOV - \u0161t\u00e1tny in\u0161tit\u00fat odborn\u00e9ho vzdel\u00e1vania\",\"isPartOf\":{\"@id\":\"https:\\\/\\\/archiv.siov.sk\\\/#website\"},\"primaryImageOfPage\":{\"@id\":\"https:\\\/\\\/archiv.siov.sk\\\/vzdelavanie\\\/ucme-sa-doma\\\/vzdelavaci-obsah\\\/financna-gramotnost\\\/#primaryimage\"},\"image\":{\"@id\":\"https:\\\/\\\/archiv.siov.sk\\\/vzdelavanie\\\/ucme-sa-doma\\\/vzdelavaci-obsah\\\/financna-gramotnost\\\/#primaryimage\"},\"thumbnailUrl\":\"https:\\\/\\\/archiv.siov.sk\\\/wp-content\\\/uploads\\\/2019\\\/08\\\/excelikona.jpg\",\"datePublished\":\"2020-03-27T17:27:43+00:00\",\"dateModified\":\"2025-05-21T13:58:57+00:00\",\"breadcrumb\":{\"@id\":\"https:\\\/\\\/archiv.siov.sk\\\/vzdelavanie\\\/ucme-sa-doma\\\/vzdelavaci-obsah\\\/financna-gramotnost\\\/#breadcrumb\"},\"inLanguage\":\"en-GB\",\"potentialAction\":[{\"@type\":\"ReadAction\",\"target\":[\"https:\\\/\\\/archiv.siov.sk\\\/vzdelavanie\\\/ucme-sa-doma\\\/vzdelavaci-obsah\\\/financna-gramotnost\\\/\"]}]},{\"@type\":\"ImageObject\",\"inLanguage\":\"en-GB\",\"@id\":\"https:\\\/\\\/archiv.siov.sk\\\/vzdelavanie\\\/ucme-sa-doma\\\/vzdelavaci-obsah\\\/financna-gramotnost\\\/#primaryimage\",\"url\":\"https:\\\/\\\/archiv.siov.sk\\\/wp-content\\\/uploads\\\/2019\\\/08\\\/excelikona.jpg\",\"contentUrl\":\"https:\\\/\\\/archiv.siov.sk\\\/wp-content\\\/uploads\\\/2019\\\/08\\\/excelikona.jpg\"},{\"@type\":\"BreadcrumbList\",\"@id\":\"https:\\\/\\\/archiv.siov.sk\\\/vzdelavanie\\\/ucme-sa-doma\\\/vzdelavaci-obsah\\\/financna-gramotnost\\\/#breadcrumb\",\"itemListElement\":[{\"@type\":\"ListItem\",\"position\":1,\"name\":\"Home\",\"item\":\"https:\\\/\\\/archiv.siov.sk\\\/\"},{\"@type\":\"ListItem\",\"position\":2,\"name\":\"Vzdel\u00e1vanie\",\"item\":\"https:\\\/\\\/archiv.siov.sk\\\/vzdelavanie\\\/\"},{\"@type\":\"ListItem\",\"position\":3,\"name\":\"U\u010dme sa doma\",\"item\":\"https:\\\/\\\/archiv.siov.sk\\\/vzdelavanie\\\/ucme-sa-doma\\\/\"},{\"@type\":\"ListItem\",\"position\":4,\"name\":\"Vzdel\u00e1vac\u00ed obsah\",\"item\":\"https:\\\/\\\/archiv.siov.sk\\\/vzdelavanie\\\/ucme-sa-doma\\\/vzdelavaci-obsah\\\/\"},{\"@type\":\"ListItem\",\"position\":5,\"name\":\"Finan\u010dn\u00e1 gramotnos\u0165\"}]},{\"@type\":\"WebSite\",\"@id\":\"https:\\\/\\\/archiv.siov.sk\\\/#website\",\"url\":\"https:\\\/\\\/archiv.siov.sk\\\/\",\"name\":\"\u0160IOV - \u0161t\u00e1tny in\u0161tit\u00fat odborn\u00e9ho vzdel\u00e1vania\",\"description\":\"\",\"publisher\":{\"@id\":\"https:\\\/\\\/archiv.siov.sk\\\/#organization\"},\"potentialAction\":[{\"@type\":\"SearchAction\",\"target\":{\"@type\":\"EntryPoint\",\"urlTemplate\":\"https:\\\/\\\/archiv.siov.sk\\\/?s={search_term_string}\"},\"query-input\":{\"@type\":\"PropertyValueSpecification\",\"valueRequired\":true,\"valueName\":\"search_term_string\"}}],\"inLanguage\":\"en-GB\"},{\"@type\":\"Organization\",\"@id\":\"https:\\\/\\\/archiv.siov.sk\\\/#organization\",\"name\":\"\u0160IOV - \u0161t\u00e1tny in\u0161tit\u00fat odborn\u00e9ho vzdel\u00e1vania\",\"url\":\"https:\\\/\\\/archiv.siov.sk\\\/\",\"logo\":{\"@type\":\"ImageObject\",\"inLanguage\":\"en-GB\",\"@id\":\"https:\\\/\\\/archiv.siov.sk\\\/#\\\/schema\\\/logo\\\/image\\\/\",\"url\":\"https:\\\/\\\/archiv.siov.sk\\\/wp-content\\\/uploads\\\/2024\\\/02\\\/logo-SIOV.png\",\"contentUrl\":\"https:\\\/\\\/archiv.siov.sk\\\/wp-content\\\/uploads\\\/2024\\\/02\\\/logo-SIOV.png\",\"width\":431,\"height\":143,\"caption\":\"\u0160IOV - \u0161t\u00e1tny in\u0161tit\u00fat odborn\u00e9ho vzdel\u00e1vania\"},\"image\":{\"@id\":\"https:\\\/\\\/archiv.siov.sk\\\/#\\\/schema\\\/logo\\\/image\\\/\"},\"sameAs\":[\"https:\\\/\\\/www.facebook.com\\\/Statnyinstitutodbornehovzdelavania\"]}]}<\/script>\n<!-- \/ Yoast SEO plugin. -->","yoast_head_json":{"title":"Finan\u010dn\u00e1 gramotnos\u0165 - \u0160IOV - \u0161t\u00e1tny in\u0161tit\u00fat odborn\u00e9ho vzdel\u00e1vania","robots":{"index":"index","follow":"follow","max-snippet":"max-snippet:-1","max-image-preview":"max-image-preview:large","max-video-preview":"max-video-preview:-1"},"canonical":"https:\/\/archiv.siov.sk\/en\/vzdelavanie\/ucme-sa-doma\/vzdelavaci-obsah\/financna-gramotnost\/","og_locale":"en_GB","og_type":"article","og_title":"Finan\u010dn\u00e1 gramotnos\u0165 - \u0160IOV - \u0161t\u00e1tny in\u0161tit\u00fat odborn\u00e9ho vzdel\u00e1vania","og_description":"Finan\u010dn\u00e1 gramotnos\u0165 Na z\u00e1klade uznesenia vl\u00e1dy\u00a0Slovenskej republiky\u00a0\u010d.\u00a0447 z 2. j\u00fala 2008 sa stal d\u00f4le\u017eitou s\u00fa\u010das\u0165ou vzdel\u00e1vacieho procesu \u201eN\u00e1vrh strat\u00e9gie vzdel\u00e1vania vo finan\u010dnej oblasti a\u00a0mana\u017ementu osobn\u00fdch financi\u00ed\u201c. Jeho v\u00fdstupom bol N\u00e1rodn\u00fd \u0161tandard finan\u010dnej gramotnosti verzia 1.0 vypracovan\u00fd v\u00a0roku 2008. Ostatn\u00fd v\u00a0rade je N\u00e1rodn\u00fd \u0161tandard finan\u010dnej gramotnosti verziu 1.2 (www.minedu.sk\/narodny-standard-financnej-gramotnosti-verzia-12), ktor\u00fd bol spracovan\u00fd v r\u00e1mci optimaliz\u00e1cie N\u00e1rodn\u00e9ho [&hellip;]","og_url":"https:\/\/archiv.siov.sk\/en\/vzdelavanie\/ucme-sa-doma\/vzdelavaci-obsah\/financna-gramotnost\/","og_site_name":"\u0160IOV - \u0161t\u00e1tny in\u0161tit\u00fat odborn\u00e9ho vzdel\u00e1vania","article_publisher":"https:\/\/www.facebook.com\/Statnyinstitutodbornehovzdelavania","article_modified_time":"2025-05-21T13:58:57+00:00","og_image":[{"url":"https:\/\/archiv.siov.sk\/wp-content\/uploads\/2019\/08\/excelikona.jpg","type":"","width":"","height":""}],"twitter_card":"summary_large_image","twitter_misc":{"Estimated reading time":"4 minutes"},"schema":{"@context":"https:\/\/schema.org","@graph":[{"@type":"WebPage","@id":"https:\/\/archiv.siov.sk\/vzdelavanie\/ucme-sa-doma\/vzdelavaci-obsah\/financna-gramotnost\/","url":"https:\/\/archiv.siov.sk\/vzdelavanie\/ucme-sa-doma\/vzdelavaci-obsah\/financna-gramotnost\/","name":"Finan\u010dn\u00e1 gramotnos\u0165 - \u0160IOV - \u0161t\u00e1tny in\u0161tit\u00fat odborn\u00e9ho vzdel\u00e1vania","isPartOf":{"@id":"https:\/\/archiv.siov.sk\/#website"},"primaryImageOfPage":{"@id":"https:\/\/archiv.siov.sk\/vzdelavanie\/ucme-sa-doma\/vzdelavaci-obsah\/financna-gramotnost\/#primaryimage"},"image":{"@id":"https:\/\/archiv.siov.sk\/vzdelavanie\/ucme-sa-doma\/vzdelavaci-obsah\/financna-gramotnost\/#primaryimage"},"thumbnailUrl":"https:\/\/archiv.siov.sk\/wp-content\/uploads\/2019\/08\/excelikona.jpg","datePublished":"2020-03-27T17:27:43+00:00","dateModified":"2025-05-21T13:58:57+00:00","breadcrumb":{"@id":"https:\/\/archiv.siov.sk\/vzdelavanie\/ucme-sa-doma\/vzdelavaci-obsah\/financna-gramotnost\/#breadcrumb"},"inLanguage":"en-GB","potentialAction":[{"@type":"ReadAction","target":["https:\/\/archiv.siov.sk\/vzdelavanie\/ucme-sa-doma\/vzdelavaci-obsah\/financna-gramotnost\/"]}]},{"@type":"ImageObject","inLanguage":"en-GB","@id":"https:\/\/archiv.siov.sk\/vzdelavanie\/ucme-sa-doma\/vzdelavaci-obsah\/financna-gramotnost\/#primaryimage","url":"https:\/\/archiv.siov.sk\/wp-content\/uploads\/2019\/08\/excelikona.jpg","contentUrl":"https:\/\/archiv.siov.sk\/wp-content\/uploads\/2019\/08\/excelikona.jpg"},{"@type":"BreadcrumbList","@id":"https:\/\/archiv.siov.sk\/vzdelavanie\/ucme-sa-doma\/vzdelavaci-obsah\/financna-gramotnost\/#breadcrumb","itemListElement":[{"@type":"ListItem","position":1,"name":"Home","item":"https:\/\/archiv.siov.sk\/"},{"@type":"ListItem","position":2,"name":"Vzdel\u00e1vanie","item":"https:\/\/archiv.siov.sk\/vzdelavanie\/"},{"@type":"ListItem","position":3,"name":"U\u010dme sa doma","item":"https:\/\/archiv.siov.sk\/vzdelavanie\/ucme-sa-doma\/"},{"@type":"ListItem","position":4,"name":"Vzdel\u00e1vac\u00ed obsah","item":"https:\/\/archiv.siov.sk\/vzdelavanie\/ucme-sa-doma\/vzdelavaci-obsah\/"},{"@type":"ListItem","position":5,"name":"Finan\u010dn\u00e1 gramotnos\u0165"}]},{"@type":"WebSite","@id":"https:\/\/archiv.siov.sk\/#website","url":"https:\/\/archiv.siov.sk\/","name":"\u0160IOV - \u0161t\u00e1tny in\u0161tit\u00fat odborn\u00e9ho vzdel\u00e1vania","description":"","publisher":{"@id":"https:\/\/archiv.siov.sk\/#organization"},"potentialAction":[{"@type":"SearchAction","target":{"@type":"EntryPoint","urlTemplate":"https:\/\/archiv.siov.sk\/?s={search_term_string}"},"query-input":{"@type":"PropertyValueSpecification","valueRequired":true,"valueName":"search_term_string"}}],"inLanguage":"en-GB"},{"@type":"Organization","@id":"https:\/\/archiv.siov.sk\/#organization","name":"\u0160IOV - \u0161t\u00e1tny in\u0161tit\u00fat odborn\u00e9ho vzdel\u00e1vania","url":"https:\/\/archiv.siov.sk\/","logo":{"@type":"ImageObject","inLanguage":"en-GB","@id":"https:\/\/archiv.siov.sk\/#\/schema\/logo\/image\/","url":"https:\/\/archiv.siov.sk\/wp-content\/uploads\/2024\/02\/logo-SIOV.png","contentUrl":"https:\/\/archiv.siov.sk\/wp-content\/uploads\/2024\/02\/logo-SIOV.png","width":431,"height":143,"caption":"\u0160IOV - \u0161t\u00e1tny in\u0161tit\u00fat odborn\u00e9ho vzdel\u00e1vania"},"image":{"@id":"https:\/\/archiv.siov.sk\/#\/schema\/logo\/image\/"},"sameAs":["https:\/\/www.facebook.com\/Statnyinstitutodbornehovzdelavania"]}]}},"_links":{"self":[{"href":"https:\/\/archiv.siov.sk\/en\/wp-json\/wp\/v2\/pages\/5258","targetHints":{"allow":["GET"]}}],"collection":[{"href":"https:\/\/archiv.siov.sk\/en\/wp-json\/wp\/v2\/pages"}],"about":[{"href":"https:\/\/archiv.siov.sk\/en\/wp-json\/wp\/v2\/types\/page"}],"author":[{"embeddable":true,"href":"https:\/\/archiv.siov.sk\/en\/wp-json\/wp\/v2\/users\/1"}],"replies":[{"embeddable":true,"href":"https:\/\/archiv.siov.sk\/en\/wp-json\/wp\/v2\/comments?post=5258"}],"version-history":[{"count":77,"href":"https:\/\/archiv.siov.sk\/en\/wp-json\/wp\/v2\/pages\/5258\/revisions"}],"predecessor-version":[{"id":19069,"href":"https:\/\/archiv.siov.sk\/en\/wp-json\/wp\/v2\/pages\/5258\/revisions\/19069"}],"up":[{"embeddable":true,"href":"https:\/\/archiv.siov.sk\/en\/wp-json\/wp\/v2\/pages\/5226"}],"wp:attachment":[{"href":"https:\/\/archiv.siov.sk\/en\/wp-json\/wp\/v2\/media?parent=5258"}],"curies":[{"name":"wp","href":"https:\/\/api.w.org\/{rel}","templated":true}]}}