{"id":5196,"date":"2020-03-22T10:56:03","date_gmt":"2020-03-22T09:56:03","guid":{"rendered":"https:\/\/archiv.siov.sk\/?page_id=5196"},"modified":"2020-03-22T10:56:03","modified_gmt":"2020-03-22T09:56:03","slug":"normativy-vseobecnovzdelavacich-predmetov","status":"publish","type":"page","link":"https:\/\/archiv.siov.sk\/en\/statne-vzdelavacie-programy\/normativy-vseobecnovzdelavacich-predmetov\/","title":{"rendered":"Normat\u00edvy v\u0161eobecnovzdel\u00e1vac\u00edch predmetov"},"content":{"rendered":"<p><a href=\"\/wp-content\/uploads\/2020\/03\/nmtpz_vvp_nsov.pdf\">Normat\u00edv v\u0161eobecnovzdel\u00e1vac\u00edch predmetov pre u\u010debn\u00e9 odbory poskytuj\u00face ni\u017e\u0161ie stredn\u00e9 odborn\u00e9 vzdelanie<\/a><br \/>\n<a href=\"\/wp-content\/uploads\/2020\/03\/nmtpz_vvp_sov.pdf\">Normat\u00edv v\u0161eobecnovzdel\u00e1vac\u00edch predmetov pre u\u010debn\u00e9 odbory poskytuj\u00face stredn\u00e9 odborn\u00e9 vzdelanie<\/a><br \/>\n<a href=\"\/wp-content\/uploads\/2020\/03\/nmtpz_vvp_usov.pdf\">Normat\u00edv v\u0161eobecnovzdel\u00e1vac\u00edch predmetov pre \u0161tudijn\u00e9 odbory poskytuj\u00face \u00fapln\u00e9 stredn\u00e9 odborn\u00e9 vzdelanie<\/a><br \/>\n<a href=\"\/wp-content\/uploads\/2020\/03\/nmtpz_vvp_hdk.pdf\">Normat\u00edv v\u0161eobecnovzdel\u00e1vac\u00edch predmetov pre \u0161tudijn\u00e9 odbory hudobn\u00fdch a dramatick\u00fdch konzervat\u00f3ri\u00ed<\/a><br \/>\n<a href=\"\/wp-content\/uploads\/2020\/03\/nmtpz_vvp_tk.pdf\">Normat\u00edv v\u0161eobecnovzdel\u00e1vac\u00edch predmetov pre \u0161tudijn\u00fd odbor tane\u010dn\u00fdch konzervat\u00f3ri\u00ed<\/a><\/p>","protected":false},"excerpt":{"rendered":"<p>Normat\u00edv v\u0161eobecnovzdel\u00e1vac\u00edch predmetov pre u\u010debn\u00e9 odbory poskytuj\u00face ni\u017e\u0161ie stredn\u00e9 odborn\u00e9 vzdelanie Normat\u00edv v\u0161eobecnovzdel\u00e1vac\u00edch predmetov pre u\u010debn\u00e9 odbory poskytuj\u00face stredn\u00e9 odborn\u00e9 vzdelanie Normat\u00edv v\u0161eobecnovzdel\u00e1vac\u00edch predmetov pre \u0161tudijn\u00e9 odbory poskytuj\u00face \u00fapln\u00e9 stredn\u00e9 odborn\u00e9 vzdelanie Normat\u00edv v\u0161eobecnovzdel\u00e1vac\u00edch predmetov pre \u0161tudijn\u00e9 odbory hudobn\u00fdch a dramatick\u00fdch konzervat\u00f3ri\u00ed Normat\u00edv v\u0161eobecnovzdel\u00e1vac\u00edch predmetov pre \u0161tudijn\u00fd odbor tane\u010dn\u00fdch konzervat\u00f3ri\u00ed<\/p>","protected":false},"author":1,"featured_media":0,"parent":23,"menu_order":0,"comment_status":"closed","ping_status":"closed","template":"","meta":{"site-sidebar-layout":"default","site-content-layout":"","ast-site-content-layout":"default","site-content-style":"default","site-sidebar-style":"default","ast-global-header-display":"","ast-banner-title-visibility":"","ast-main-header-display":"","ast-hfb-above-header-display":"","ast-hfb-below-header-display":"","ast-hfb-mobile-header-display":"","site-post-title":"","ast-breadcrumbs-content":"","ast-featured-img":"","footer-sml-layout":"","ast-disable-related-posts":"","theme-transparent-header-meta":"","adv-header-id-meta":"","stick-header-meta":"","header-above-stick-meta":"","header-main-stick-meta":"","header-below-stick-meta":"","astra-migrate-meta-layouts":"default","ast-page-background-enabled":"default","ast-page-background-meta":{"desktop":{"background-color":"var(--ast-global-color-4)","background-image":"","background-repeat":"repeat","background-position":"center center","background-size":"auto","background-attachment":"scroll","background-type":"","background-media":"","overlay-type":"","overlay-color":"","overlay-opacity":"","overlay-gradient":""},"tablet":{"background-color":"","background-image":"","background-repeat":"repeat","background-position":"center center","background-size":"auto","background-attachment":"scroll","background-type":"","background-media":"","overlay-type":"","overlay-color":"","overlay-opacity":"","overlay-gradient":""},"mobile":{"background-color":"","background-image":"","background-repeat":"repeat","background-position":"center center","background-size":"auto","background-attachment":"scroll","background-type":"","background-media":"","overlay-type":"","overlay-color":"","overlay-opacity":"","overlay-gradient":""}},"ast-content-background-meta":{"desktop":{"background-color":"var(--ast-global-color-5)","background-image":"","background-repeat":"repeat","background-position":"center center","background-size":"auto","background-attachment":"scroll","background-type":"","background-media":"","overlay-type":"","overlay-color":"","overlay-opacity":"","overlay-gradient":""},"tablet":{"background-color":"var(--ast-global-color-5)","background-image":"","background-repeat":"repeat","background-position":"center center","background-size":"auto","background-attachment":"scroll","background-type":"","background-media":"","overlay-type":"","overlay-color":"","overlay-opacity":"","overlay-gradient":""},"mobile":{"background-color":"var(--ast-global-color-5)","background-image":"","background-repeat":"repeat","background-position":"center center","background-size":"auto","background-attachment":"scroll","background-type":"","background-media":"","overlay-type":"","overlay-color":"","overlay-opacity":"","overlay-gradient":""}},"footnotes":""},"class_list":["post-5196","page","type-page","status-publish","hentry"],"yoast_head":"<!-- This site is optimized with the Yoast SEO plugin v27.4 - https:\/\/yoast.com\/product\/yoast-seo-wordpress\/ -->\n<title>Normat\u00edvy v\u0161eobecnovzdel\u00e1vac\u00edch predmetov - \u0160IOV - \u0161t\u00e1tny in\u0161tit\u00fat odborn\u00e9ho vzdel\u00e1vania<\/title>\n<meta name=\"robots\" content=\"index, follow, max-snippet:-1, max-image-preview:large, max-video-preview:-1\" \/>\n<link rel=\"canonical\" href=\"https:\/\/archiv.siov.sk\/en\/statne-vzdelavacie-programy\/normativy-vseobecnovzdelavacich-predmetov\/\" \/>\n<meta property=\"og:locale\" content=\"en_GB\" \/>\n<meta property=\"og:type\" content=\"article\" \/>\n<meta property=\"og:title\" content=\"Normat\u00edvy v\u0161eobecnovzdel\u00e1vac\u00edch predmetov - \u0160IOV - \u0161t\u00e1tny in\u0161tit\u00fat odborn\u00e9ho vzdel\u00e1vania\" \/>\n<meta property=\"og:description\" content=\"Normat\u00edv v\u0161eobecnovzdel\u00e1vac\u00edch predmetov pre u\u010debn\u00e9 odbory poskytuj\u00face ni\u017e\u0161ie stredn\u00e9 odborn\u00e9 vzdelanie Normat\u00edv v\u0161eobecnovzdel\u00e1vac\u00edch predmetov pre u\u010debn\u00e9 odbory poskytuj\u00face stredn\u00e9 odborn\u00e9 vzdelanie Normat\u00edv v\u0161eobecnovzdel\u00e1vac\u00edch predmetov pre \u0161tudijn\u00e9 odbory poskytuj\u00face \u00fapln\u00e9 stredn\u00e9 odborn\u00e9 vzdelanie Normat\u00edv v\u0161eobecnovzdel\u00e1vac\u00edch predmetov pre \u0161tudijn\u00e9 odbory hudobn\u00fdch a dramatick\u00fdch konzervat\u00f3ri\u00ed Normat\u00edv v\u0161eobecnovzdel\u00e1vac\u00edch predmetov pre \u0161tudijn\u00fd odbor tane\u010dn\u00fdch konzervat\u00f3ri\u00ed\" \/>\n<meta property=\"og:url\" content=\"https:\/\/archiv.siov.sk\/en\/statne-vzdelavacie-programy\/normativy-vseobecnovzdelavacich-predmetov\/\" \/>\n<meta property=\"og:site_name\" content=\"\u0160IOV - \u0161t\u00e1tny in\u0161tit\u00fat odborn\u00e9ho vzdel\u00e1vania\" \/>\n<meta property=\"article:publisher\" content=\"https:\/\/www.facebook.com\/Statnyinstitutodbornehovzdelavania\" \/>\n<meta name=\"twitter:card\" content=\"summary_large_image\" \/>\n<script type=\"application\/ld+json\" class=\"yoast-schema-graph\">{\"@context\":\"https:\\\/\\\/schema.org\",\"@graph\":[{\"@type\":\"WebPage\",\"@id\":\"https:\\\/\\\/archiv.siov.sk\\\/statne-vzdelavacie-programy\\\/normativy-vseobecnovzdelavacich-predmetov\\\/\",\"url\":\"https:\\\/\\\/archiv.siov.sk\\\/statne-vzdelavacie-programy\\\/normativy-vseobecnovzdelavacich-predmetov\\\/\",\"name\":\"Normat\u00edvy v\u0161eobecnovzdel\u00e1vac\u00edch predmetov - \u0160IOV - \u0161t\u00e1tny in\u0161tit\u00fat odborn\u00e9ho vzdel\u00e1vania\",\"isPartOf\":{\"@id\":\"https:\\\/\\\/archiv.siov.sk\\\/#website\"},\"datePublished\":\"2020-03-22T09:56:03+00:00\",\"breadcrumb\":{\"@id\":\"https:\\\/\\\/archiv.siov.sk\\\/statne-vzdelavacie-programy\\\/normativy-vseobecnovzdelavacich-predmetov\\\/#breadcrumb\"},\"inLanguage\":\"en-GB\",\"potentialAction\":[{\"@type\":\"ReadAction\",\"target\":[\"https:\\\/\\\/archiv.siov.sk\\\/statne-vzdelavacie-programy\\\/normativy-vseobecnovzdelavacich-predmetov\\\/\"]}]},{\"@type\":\"BreadcrumbList\",\"@id\":\"https:\\\/\\\/archiv.siov.sk\\\/statne-vzdelavacie-programy\\\/normativy-vseobecnovzdelavacich-predmetov\\\/#breadcrumb\",\"itemListElement\":[{\"@type\":\"ListItem\",\"position\":1,\"name\":\"Home\",\"item\":\"https:\\\/\\\/archiv.siov.sk\\\/\"},{\"@type\":\"ListItem\",\"position\":2,\"name\":\"V\u011aOBECN\u00c9 VZDEL\u00c1VANIE \u2013 VZDEL\u00c1VACIE \u0160TANDARDY a normat\u00edvy MTaPZ VVP\",\"item\":\"https:\\\/\\\/archiv.siov.sk\\\/statne-vzdelavacie-programy\\\/\"},{\"@type\":\"ListItem\",\"position\":3,\"name\":\"Normat\u00edvy v\u0161eobecnovzdel\u00e1vac\u00edch predmetov\"}]},{\"@type\":\"WebSite\",\"@id\":\"https:\\\/\\\/archiv.siov.sk\\\/#website\",\"url\":\"https:\\\/\\\/archiv.siov.sk\\\/\",\"name\":\"\u0160IOV - \u0161t\u00e1tny in\u0161tit\u00fat odborn\u00e9ho vzdel\u00e1vania\",\"description\":\"\",\"publisher\":{\"@id\":\"https:\\\/\\\/archiv.siov.sk\\\/#organization\"},\"potentialAction\":[{\"@type\":\"SearchAction\",\"target\":{\"@type\":\"EntryPoint\",\"urlTemplate\":\"https:\\\/\\\/archiv.siov.sk\\\/?s={search_term_string}\"},\"query-input\":{\"@type\":\"PropertyValueSpecification\",\"valueRequired\":true,\"valueName\":\"search_term_string\"}}],\"inLanguage\":\"en-GB\"},{\"@type\":\"Organization\",\"@id\":\"https:\\\/\\\/archiv.siov.sk\\\/#organization\",\"name\":\"\u0160IOV - \u0161t\u00e1tny in\u0161tit\u00fat odborn\u00e9ho vzdel\u00e1vania\",\"url\":\"https:\\\/\\\/archiv.siov.sk\\\/\",\"logo\":{\"@type\":\"ImageObject\",\"inLanguage\":\"en-GB\",\"@id\":\"https:\\\/\\\/archiv.siov.sk\\\/#\\\/schema\\\/logo\\\/image\\\/\",\"url\":\"https:\\\/\\\/archiv.siov.sk\\\/wp-content\\\/uploads\\\/2024\\\/02\\\/logo-SIOV.png\",\"contentUrl\":\"https:\\\/\\\/archiv.siov.sk\\\/wp-content\\\/uploads\\\/2024\\\/02\\\/logo-SIOV.png\",\"width\":431,\"height\":143,\"caption\":\"\u0160IOV - \u0161t\u00e1tny in\u0161tit\u00fat odborn\u00e9ho vzdel\u00e1vania\"},\"image\":{\"@id\":\"https:\\\/\\\/archiv.siov.sk\\\/#\\\/schema\\\/logo\\\/image\\\/\"},\"sameAs\":[\"https:\\\/\\\/www.facebook.com\\\/Statnyinstitutodbornehovzdelavania\"]}]}<\/script>\n<!-- \/ Yoast SEO plugin. -->","yoast_head_json":{"title":"Normat\u00edvy v\u0161eobecnovzdel\u00e1vac\u00edch predmetov - \u0160IOV - \u0161t\u00e1tny in\u0161tit\u00fat odborn\u00e9ho vzdel\u00e1vania","robots":{"index":"index","follow":"follow","max-snippet":"max-snippet:-1","max-image-preview":"max-image-preview:large","max-video-preview":"max-video-preview:-1"},"canonical":"https:\/\/archiv.siov.sk\/en\/statne-vzdelavacie-programy\/normativy-vseobecnovzdelavacich-predmetov\/","og_locale":"en_GB","og_type":"article","og_title":"Normat\u00edvy v\u0161eobecnovzdel\u00e1vac\u00edch predmetov - \u0160IOV - \u0161t\u00e1tny in\u0161tit\u00fat odborn\u00e9ho vzdel\u00e1vania","og_description":"Normat\u00edv v\u0161eobecnovzdel\u00e1vac\u00edch predmetov pre u\u010debn\u00e9 odbory poskytuj\u00face ni\u017e\u0161ie stredn\u00e9 odborn\u00e9 vzdelanie Normat\u00edv v\u0161eobecnovzdel\u00e1vac\u00edch predmetov pre u\u010debn\u00e9 odbory poskytuj\u00face stredn\u00e9 odborn\u00e9 vzdelanie Normat\u00edv v\u0161eobecnovzdel\u00e1vac\u00edch predmetov pre \u0161tudijn\u00e9 odbory poskytuj\u00face \u00fapln\u00e9 stredn\u00e9 odborn\u00e9 vzdelanie Normat\u00edv v\u0161eobecnovzdel\u00e1vac\u00edch predmetov pre \u0161tudijn\u00e9 odbory hudobn\u00fdch a dramatick\u00fdch konzervat\u00f3ri\u00ed Normat\u00edv v\u0161eobecnovzdel\u00e1vac\u00edch predmetov pre \u0161tudijn\u00fd odbor tane\u010dn\u00fdch konzervat\u00f3ri\u00ed","og_url":"https:\/\/archiv.siov.sk\/en\/statne-vzdelavacie-programy\/normativy-vseobecnovzdelavacich-predmetov\/","og_site_name":"\u0160IOV - \u0161t\u00e1tny in\u0161tit\u00fat odborn\u00e9ho vzdel\u00e1vania","article_publisher":"https:\/\/www.facebook.com\/Statnyinstitutodbornehovzdelavania","twitter_card":"summary_large_image","schema":{"@context":"https:\/\/schema.org","@graph":[{"@type":"WebPage","@id":"https:\/\/archiv.siov.sk\/statne-vzdelavacie-programy\/normativy-vseobecnovzdelavacich-predmetov\/","url":"https:\/\/archiv.siov.sk\/statne-vzdelavacie-programy\/normativy-vseobecnovzdelavacich-predmetov\/","name":"Normat\u00edvy v\u0161eobecnovzdel\u00e1vac\u00edch predmetov - \u0160IOV - \u0161t\u00e1tny in\u0161tit\u00fat odborn\u00e9ho vzdel\u00e1vania","isPartOf":{"@id":"https:\/\/archiv.siov.sk\/#website"},"datePublished":"2020-03-22T09:56:03+00:00","breadcrumb":{"@id":"https:\/\/archiv.siov.sk\/statne-vzdelavacie-programy\/normativy-vseobecnovzdelavacich-predmetov\/#breadcrumb"},"inLanguage":"en-GB","potentialAction":[{"@type":"ReadAction","target":["https:\/\/archiv.siov.sk\/statne-vzdelavacie-programy\/normativy-vseobecnovzdelavacich-predmetov\/"]}]},{"@type":"BreadcrumbList","@id":"https:\/\/archiv.siov.sk\/statne-vzdelavacie-programy\/normativy-vseobecnovzdelavacich-predmetov\/#breadcrumb","itemListElement":[{"@type":"ListItem","position":1,"name":"Home","item":"https:\/\/archiv.siov.sk\/"},{"@type":"ListItem","position":2,"name":"V\u011aOBECN\u00c9 VZDEL\u00c1VANIE \u2013 VZDEL\u00c1VACIE \u0160TANDARDY a normat\u00edvy MTaPZ VVP","item":"https:\/\/archiv.siov.sk\/statne-vzdelavacie-programy\/"},{"@type":"ListItem","position":3,"name":"Normat\u00edvy v\u0161eobecnovzdel\u00e1vac\u00edch predmetov"}]},{"@type":"WebSite","@id":"https:\/\/archiv.siov.sk\/#website","url":"https:\/\/archiv.siov.sk\/","name":"\u0160IOV - \u0161t\u00e1tny in\u0161tit\u00fat odborn\u00e9ho vzdel\u00e1vania","description":"","publisher":{"@id":"https:\/\/archiv.siov.sk\/#organization"},"potentialAction":[{"@type":"SearchAction","target":{"@type":"EntryPoint","urlTemplate":"https:\/\/archiv.siov.sk\/?s={search_term_string}"},"query-input":{"@type":"PropertyValueSpecification","valueRequired":true,"valueName":"search_term_string"}}],"inLanguage":"en-GB"},{"@type":"Organization","@id":"https:\/\/archiv.siov.sk\/#organization","name":"\u0160IOV - \u0161t\u00e1tny in\u0161tit\u00fat odborn\u00e9ho vzdel\u00e1vania","url":"https:\/\/archiv.siov.sk\/","logo":{"@type":"ImageObject","inLanguage":"en-GB","@id":"https:\/\/archiv.siov.sk\/#\/schema\/logo\/image\/","url":"https:\/\/archiv.siov.sk\/wp-content\/uploads\/2024\/02\/logo-SIOV.png","contentUrl":"https:\/\/archiv.siov.sk\/wp-content\/uploads\/2024\/02\/logo-SIOV.png","width":431,"height":143,"caption":"\u0160IOV - \u0161t\u00e1tny in\u0161tit\u00fat odborn\u00e9ho vzdel\u00e1vania"},"image":{"@id":"https:\/\/archiv.siov.sk\/#\/schema\/logo\/image\/"},"sameAs":["https:\/\/www.facebook.com\/Statnyinstitutodbornehovzdelavania"]}]}},"_links":{"self":[{"href":"https:\/\/archiv.siov.sk\/en\/wp-json\/wp\/v2\/pages\/5196","targetHints":{"allow":["GET"]}}],"collection":[{"href":"https:\/\/archiv.siov.sk\/en\/wp-json\/wp\/v2\/pages"}],"about":[{"href":"https:\/\/archiv.siov.sk\/en\/wp-json\/wp\/v2\/types\/page"}],"author":[{"embeddable":true,"href":"https:\/\/archiv.siov.sk\/en\/wp-json\/wp\/v2\/users\/1"}],"replies":[{"embeddable":true,"href":"https:\/\/archiv.siov.sk\/en\/wp-json\/wp\/v2\/comments?post=5196"}],"version-history":[{"count":1,"href":"https:\/\/archiv.siov.sk\/en\/wp-json\/wp\/v2\/pages\/5196\/revisions"}],"predecessor-version":[{"id":5202,"href":"https:\/\/archiv.siov.sk\/en\/wp-json\/wp\/v2\/pages\/5196\/revisions\/5202"}],"up":[{"embeddable":true,"href":"https:\/\/archiv.siov.sk\/en\/wp-json\/wp\/v2\/pages\/23"}],"wp:attachment":[{"href":"https:\/\/archiv.siov.sk\/en\/wp-json\/wp\/v2\/media?parent=5196"}],"curies":[{"name":"wp","href":"https:\/\/api.w.org\/{rel}","templated":true}]}}