{"id":5155,"date":"2020-03-06T16:36:42","date_gmt":"2020-03-06T15:36:42","guid":{"rendered":"https:\/\/archiv.siov.sk\/?page_id=5155"},"modified":"2020-03-06T16:53:31","modified_gmt":"2020-03-06T15:53:31","slug":"vzdelavacie-materialy-k-tvorbe-skolskych-vzdelavacich-programov","status":"publish","type":"page","link":"https:\/\/archiv.siov.sk\/en\/projekty\/zrealizovane-projekty\/vzdelavacie-materialy-k-tvorbe-skolskych-vzdelavacich-programov\/","title":{"rendered":"Vzdel\u00e1vacie materi\u00e1ly k tvorbe \u0161kolsk\u00fdch vzdel\u00e1vac\u00edch programov"},"content":{"rendered":"<h4>Z\u00e1kladn\u00e9 \u0161koly<\/h4>\n<ul>\n<li><a href=\"\/en\/vystupy\/Vzdelavacie-materialy-k-tvorbe-skolskych-vzdelavacich-programov\/Zakladne-skoly\/ZS-VP.pdf\/\" target=\"_blank\" rel=\"noopener noreferrer\">ZS-VP.pdf<\/a><\/li>\n<li><a href=\"\/en\/vystupy\/Vzdelavacie-materialy-k-tvorbe-skolskych-vzdelavacich-programov\/Zakladne-skoly\/METODIKA-ZS.pdf\/\" target=\"_blank\" rel=\"noopener noreferrer\">Metodika-ZS.pdf<\/a><\/li>\n<\/ul>\n<h4>&nbsp;<\/h4>\n<h4>Stredn\u00e9 odborn\u00e9 \u0161koly<\/h4>\n<ul>\n<li><a href=\"\/en\/vystupy\/Vzdelavacie-materialy-k-tvorbe-skolskych-vzdelavacich-programov\/Stredne-odborne-skoly\/VP-SOS-VVZ.pdf\/\" target=\"_blank\" rel=\"noopener noreferrer\">VP-SOS-VVZ.pdf<\/a><\/li>\n<li><a href=\"\/en\/vystupy\/Vzdelavacie-materialy-k-tvorbe-skolskych-vzdelavacich-programov\/Stredne-odborne-skoly\/VP-SOS-OZ.pdf\/\" target=\"_blank\" rel=\"noopener noreferrer\">VP-SOS-OZ.pdf<\/a><\/li>\n<li><a href=\"\/en\/vystupy\/Vzdelavacie-materialy-k-tvorbe-skolskych-vzdelavacich-programov\/Stredne-odborne-skoly\/METODIKA-SOS.pdf\/\" target=\"_blank\" rel=\"noopener noreferrer\">METODIKA-SOS.pdf<\/a><\/li>\n<\/ul>\n<h4>&nbsp;<\/h4>\n<h4>Gymn\u00e1zi\u00e1<\/h4>\n<ul>\n<li><a href=\"\/en\/vystupy\/Vzdelavacie-materialy-k-tvorbe-skolskych-vzdelavacich-programov\/Gymnazia\/GYM-VP.pdf\/\" target=\"_blank\" rel=\"noopener noreferrer\">GYM-VP.pdf<\/a><\/li>\n<li><a href=\"\/en\/vystupy\/Vzdelavacie-materialy-k-tvorbe-skolskych-vzdelavacich-programov\/Gymnazia\/METODIKA-G.pdf\/\" target=\"_blank\" rel=\"noopener noreferrer\">Metodika-G.pdf<\/a><\/li>\n<\/ul>","protected":false},"excerpt":{"rendered":"<p>Z\u00e1kladn\u00e9 \u0161koly ZS-VP.pdf Metodika-ZS.pdf &nbsp; Stredn\u00e9 odborn\u00e9 \u0161koly VP-SOS-VVZ.pdf VP-SOS-OZ.pdf METODIKA-SOS.pdf &nbsp; Gymn\u00e1zi\u00e1 GYM-VP.pdf Metodika-G.pdf<\/p>","protected":false},"author":1,"featured_media":0,"parent":55,"menu_order":0,"comment_status":"closed","ping_status":"closed","template":"","meta":{"site-sidebar-layout":"default","site-content-layout":"","ast-site-content-layout":"default","site-content-style":"default","site-sidebar-style":"default","ast-global-header-display":"","ast-banner-title-visibility":"","ast-main-header-display":"","ast-hfb-above-header-display":"","ast-hfb-below-header-display":"","ast-hfb-mobile-header-display":"","site-post-title":"","ast-breadcrumbs-content":"","ast-featured-img":"","footer-sml-layout":"","ast-disable-related-posts":"","theme-transparent-header-meta":"","adv-header-id-meta":"","stick-header-meta":"","header-above-stick-meta":"","header-main-stick-meta":"","header-below-stick-meta":"","astra-migrate-meta-layouts":"default","ast-page-background-enabled":"default","ast-page-background-meta":{"desktop":{"background-color":"var(--ast-global-color-4)","background-image":"","background-repeat":"repeat","background-position":"center center","background-size":"auto","background-attachment":"scroll","background-type":"","background-media":"","overlay-type":"","overlay-color":"","overlay-opacity":"","overlay-gradient":""},"tablet":{"background-color":"","background-image":"","background-repeat":"repeat","background-position":"center center","background-size":"auto","background-attachment":"scroll","background-type":"","background-media":"","overlay-type":"","overlay-color":"","overlay-opacity":"","overlay-gradient":""},"mobile":{"background-color":"","background-image":"","background-repeat":"repeat","background-position":"center center","background-size":"auto","background-attachment":"scroll","background-type":"","background-media":"","overlay-type":"","overlay-color":"","overlay-opacity":"","overlay-gradient":""}},"ast-content-background-meta":{"desktop":{"background-color":"var(--ast-global-color-5)","background-image":"","background-repeat":"repeat","background-position":"center center","background-size":"auto","background-attachment":"scroll","background-type":"","background-media":"","overlay-type":"","overlay-color":"","overlay-opacity":"","overlay-gradient":""},"tablet":{"background-color":"var(--ast-global-color-5)","background-image":"","background-repeat":"repeat","background-position":"center center","background-size":"auto","background-attachment":"scroll","background-type":"","background-media":"","overlay-type":"","overlay-color":"","overlay-opacity":"","overlay-gradient":""},"mobile":{"background-color":"var(--ast-global-color-5)","background-image":"","background-repeat":"repeat","background-position":"center center","background-size":"auto","background-attachment":"scroll","background-type":"","background-media":"","overlay-type":"","overlay-color":"","overlay-opacity":"","overlay-gradient":""}},"footnotes":""},"class_list":["post-5155","page","type-page","status-publish","hentry"],"yoast_head":"<!-- This site is optimized with the Yoast SEO plugin v27.5 - https:\/\/yoast.com\/product\/yoast-seo-wordpress\/ -->\n<title>Vzdel\u00e1vacie materi\u00e1ly k tvorbe \u0161kolsk\u00fdch vzdel\u00e1vac\u00edch programov - \u0160IOV - \u0161t\u00e1tny in\u0161tit\u00fat odborn\u00e9ho vzdel\u00e1vania<\/title>\n<meta name=\"robots\" content=\"index, follow, max-snippet:-1, max-image-preview:large, max-video-preview:-1\" \/>\n<link rel=\"canonical\" href=\"https:\/\/archiv.siov.sk\/en\/projekty\/zrealizovane-projekty\/vzdelavacie-materialy-k-tvorbe-skolskych-vzdelavacich-programov\/\" \/>\n<meta property=\"og:locale\" content=\"en_GB\" \/>\n<meta property=\"og:type\" content=\"article\" \/>\n<meta property=\"og:title\" content=\"Vzdel\u00e1vacie materi\u00e1ly k tvorbe \u0161kolsk\u00fdch vzdel\u00e1vac\u00edch programov - \u0160IOV - \u0161t\u00e1tny in\u0161tit\u00fat odborn\u00e9ho vzdel\u00e1vania\" \/>\n<meta property=\"og:description\" content=\"Z\u00e1kladn\u00e9 \u0161koly ZS-VP.pdf Metodika-ZS.pdf &nbsp; Stredn\u00e9 odborn\u00e9 \u0161koly VP-SOS-VVZ.pdf VP-SOS-OZ.pdf METODIKA-SOS.pdf &nbsp; Gymn\u00e1zi\u00e1 GYM-VP.pdf Metodika-G.pdf\" \/>\n<meta property=\"og:url\" content=\"https:\/\/archiv.siov.sk\/en\/projekty\/zrealizovane-projekty\/vzdelavacie-materialy-k-tvorbe-skolskych-vzdelavacich-programov\/\" \/>\n<meta property=\"og:site_name\" content=\"\u0160IOV - \u0161t\u00e1tny in\u0161tit\u00fat odborn\u00e9ho vzdel\u00e1vania\" \/>\n<meta property=\"article:publisher\" content=\"https:\/\/www.facebook.com\/Statnyinstitutodbornehovzdelavania\" \/>\n<meta property=\"article:modified_time\" content=\"2020-03-06T15:53:31+00:00\" \/>\n<meta name=\"twitter:card\" content=\"summary_large_image\" \/>\n<script type=\"application\/ld+json\" class=\"yoast-schema-graph\">{\"@context\":\"https:\\\/\\\/schema.org\",\"@graph\":[{\"@type\":\"WebPage\",\"@id\":\"https:\\\/\\\/archiv.siov.sk\\\/projekty\\\/zrealizovane-projekty\\\/vzdelavacie-materialy-k-tvorbe-skolskych-vzdelavacich-programov\\\/\",\"url\":\"https:\\\/\\\/archiv.siov.sk\\\/projekty\\\/zrealizovane-projekty\\\/vzdelavacie-materialy-k-tvorbe-skolskych-vzdelavacich-programov\\\/\",\"name\":\"Vzdel\u00e1vacie materi\u00e1ly k tvorbe \u0161kolsk\u00fdch vzdel\u00e1vac\u00edch programov - \u0160IOV - \u0161t\u00e1tny in\u0161tit\u00fat odborn\u00e9ho vzdel\u00e1vania\",\"isPartOf\":{\"@id\":\"https:\\\/\\\/archiv.siov.sk\\\/#website\"},\"datePublished\":\"2020-03-06T15:36:42+00:00\",\"dateModified\":\"2020-03-06T15:53:31+00:00\",\"breadcrumb\":{\"@id\":\"https:\\\/\\\/archiv.siov.sk\\\/projekty\\\/zrealizovane-projekty\\\/vzdelavacie-materialy-k-tvorbe-skolskych-vzdelavacich-programov\\\/#breadcrumb\"},\"inLanguage\":\"en-GB\",\"potentialAction\":[{\"@type\":\"ReadAction\",\"target\":[\"https:\\\/\\\/archiv.siov.sk\\\/projekty\\\/zrealizovane-projekty\\\/vzdelavacie-materialy-k-tvorbe-skolskych-vzdelavacich-programov\\\/\"]}]},{\"@type\":\"BreadcrumbList\",\"@id\":\"https:\\\/\\\/archiv.siov.sk\\\/projekty\\\/zrealizovane-projekty\\\/vzdelavacie-materialy-k-tvorbe-skolskych-vzdelavacich-programov\\\/#breadcrumb\",\"itemListElement\":[{\"@type\":\"ListItem\",\"position\":1,\"name\":\"Home\",\"item\":\"https:\\\/\\\/archiv.siov.sk\\\/\"},{\"@type\":\"ListItem\",\"position\":2,\"name\":\"Projekty\",\"item\":\"https:\\\/\\\/archiv.siov.sk\\\/en\\\/projekty\\\/\"},{\"@type\":\"ListItem\",\"position\":3,\"name\":\"Zrealizovan\u00e9 projekty\",\"item\":\"https:\\\/\\\/archiv.siov.sk\\\/en\\\/projekty\\\/zrealizovane-projekty\\\/\"},{\"@type\":\"ListItem\",\"position\":4,\"name\":\"Vzdel\u00e1vacie materi\u00e1ly k tvorbe \u0161kolsk\u00fdch vzdel\u00e1vac\u00edch programov\"}]},{\"@type\":\"WebSite\",\"@id\":\"https:\\\/\\\/archiv.siov.sk\\\/#website\",\"url\":\"https:\\\/\\\/archiv.siov.sk\\\/\",\"name\":\"\u0160IOV - \u0161t\u00e1tny in\u0161tit\u00fat odborn\u00e9ho vzdel\u00e1vania\",\"description\":\"\",\"publisher\":{\"@id\":\"https:\\\/\\\/archiv.siov.sk\\\/#organization\"},\"potentialAction\":[{\"@type\":\"SearchAction\",\"target\":{\"@type\":\"EntryPoint\",\"urlTemplate\":\"https:\\\/\\\/archiv.siov.sk\\\/?s={search_term_string}\"},\"query-input\":{\"@type\":\"PropertyValueSpecification\",\"valueRequired\":true,\"valueName\":\"search_term_string\"}}],\"inLanguage\":\"en-GB\"},{\"@type\":\"Organization\",\"@id\":\"https:\\\/\\\/archiv.siov.sk\\\/#organization\",\"name\":\"\u0160IOV - \u0161t\u00e1tny in\u0161tit\u00fat odborn\u00e9ho vzdel\u00e1vania\",\"url\":\"https:\\\/\\\/archiv.siov.sk\\\/\",\"logo\":{\"@type\":\"ImageObject\",\"inLanguage\":\"en-GB\",\"@id\":\"https:\\\/\\\/archiv.siov.sk\\\/#\\\/schema\\\/logo\\\/image\\\/\",\"url\":\"https:\\\/\\\/archiv.siov.sk\\\/wp-content\\\/uploads\\\/2024\\\/02\\\/logo-SIOV.png\",\"contentUrl\":\"https:\\\/\\\/archiv.siov.sk\\\/wp-content\\\/uploads\\\/2024\\\/02\\\/logo-SIOV.png\",\"width\":431,\"height\":143,\"caption\":\"\u0160IOV - \u0161t\u00e1tny in\u0161tit\u00fat odborn\u00e9ho vzdel\u00e1vania\"},\"image\":{\"@id\":\"https:\\\/\\\/archiv.siov.sk\\\/#\\\/schema\\\/logo\\\/image\\\/\"},\"sameAs\":[\"https:\\\/\\\/www.facebook.com\\\/Statnyinstitutodbornehovzdelavania\"]}]}<\/script>\n<!-- \/ Yoast SEO plugin. -->","yoast_head_json":{"title":"Vzdel\u00e1vacie materi\u00e1ly k tvorbe \u0161kolsk\u00fdch vzdel\u00e1vac\u00edch programov - \u0160IOV - \u0161t\u00e1tny in\u0161tit\u00fat odborn\u00e9ho vzdel\u00e1vania","robots":{"index":"index","follow":"follow","max-snippet":"max-snippet:-1","max-image-preview":"max-image-preview:large","max-video-preview":"max-video-preview:-1"},"canonical":"https:\/\/archiv.siov.sk\/en\/projekty\/zrealizovane-projekty\/vzdelavacie-materialy-k-tvorbe-skolskych-vzdelavacich-programov\/","og_locale":"en_GB","og_type":"article","og_title":"Vzdel\u00e1vacie materi\u00e1ly k tvorbe \u0161kolsk\u00fdch vzdel\u00e1vac\u00edch programov - \u0160IOV - \u0161t\u00e1tny in\u0161tit\u00fat odborn\u00e9ho vzdel\u00e1vania","og_description":"Z\u00e1kladn\u00e9 \u0161koly ZS-VP.pdf Metodika-ZS.pdf &nbsp; Stredn\u00e9 odborn\u00e9 \u0161koly VP-SOS-VVZ.pdf VP-SOS-OZ.pdf METODIKA-SOS.pdf &nbsp; Gymn\u00e1zi\u00e1 GYM-VP.pdf Metodika-G.pdf","og_url":"https:\/\/archiv.siov.sk\/en\/projekty\/zrealizovane-projekty\/vzdelavacie-materialy-k-tvorbe-skolskych-vzdelavacich-programov\/","og_site_name":"\u0160IOV - \u0161t\u00e1tny in\u0161tit\u00fat odborn\u00e9ho vzdel\u00e1vania","article_publisher":"https:\/\/www.facebook.com\/Statnyinstitutodbornehovzdelavania","article_modified_time":"2020-03-06T15:53:31+00:00","twitter_card":"summary_large_image","schema":{"@context":"https:\/\/schema.org","@graph":[{"@type":"WebPage","@id":"https:\/\/archiv.siov.sk\/projekty\/zrealizovane-projekty\/vzdelavacie-materialy-k-tvorbe-skolskych-vzdelavacich-programov\/","url":"https:\/\/archiv.siov.sk\/projekty\/zrealizovane-projekty\/vzdelavacie-materialy-k-tvorbe-skolskych-vzdelavacich-programov\/","name":"Vzdel\u00e1vacie materi\u00e1ly k tvorbe \u0161kolsk\u00fdch vzdel\u00e1vac\u00edch programov - \u0160IOV - \u0161t\u00e1tny in\u0161tit\u00fat odborn\u00e9ho vzdel\u00e1vania","isPartOf":{"@id":"https:\/\/archiv.siov.sk\/#website"},"datePublished":"2020-03-06T15:36:42+00:00","dateModified":"2020-03-06T15:53:31+00:00","breadcrumb":{"@id":"https:\/\/archiv.siov.sk\/projekty\/zrealizovane-projekty\/vzdelavacie-materialy-k-tvorbe-skolskych-vzdelavacich-programov\/#breadcrumb"},"inLanguage":"en-GB","potentialAction":[{"@type":"ReadAction","target":["https:\/\/archiv.siov.sk\/projekty\/zrealizovane-projekty\/vzdelavacie-materialy-k-tvorbe-skolskych-vzdelavacich-programov\/"]}]},{"@type":"BreadcrumbList","@id":"https:\/\/archiv.siov.sk\/projekty\/zrealizovane-projekty\/vzdelavacie-materialy-k-tvorbe-skolskych-vzdelavacich-programov\/#breadcrumb","itemListElement":[{"@type":"ListItem","position":1,"name":"Home","item":"https:\/\/archiv.siov.sk\/"},{"@type":"ListItem","position":2,"name":"Projekty","item":"https:\/\/archiv.siov.sk\/en\/projekty\/"},{"@type":"ListItem","position":3,"name":"Zrealizovan\u00e9 projekty","item":"https:\/\/archiv.siov.sk\/en\/projekty\/zrealizovane-projekty\/"},{"@type":"ListItem","position":4,"name":"Vzdel\u00e1vacie materi\u00e1ly k tvorbe \u0161kolsk\u00fdch vzdel\u00e1vac\u00edch programov"}]},{"@type":"WebSite","@id":"https:\/\/archiv.siov.sk\/#website","url":"https:\/\/archiv.siov.sk\/","name":"\u0160IOV - \u0161t\u00e1tny in\u0161tit\u00fat odborn\u00e9ho vzdel\u00e1vania","description":"","publisher":{"@id":"https:\/\/archiv.siov.sk\/#organization"},"potentialAction":[{"@type":"SearchAction","target":{"@type":"EntryPoint","urlTemplate":"https:\/\/archiv.siov.sk\/?s={search_term_string}"},"query-input":{"@type":"PropertyValueSpecification","valueRequired":true,"valueName":"search_term_string"}}],"inLanguage":"en-GB"},{"@type":"Organization","@id":"https:\/\/archiv.siov.sk\/#organization","name":"\u0160IOV - \u0161t\u00e1tny in\u0161tit\u00fat odborn\u00e9ho vzdel\u00e1vania","url":"https:\/\/archiv.siov.sk\/","logo":{"@type":"ImageObject","inLanguage":"en-GB","@id":"https:\/\/archiv.siov.sk\/#\/schema\/logo\/image\/","url":"https:\/\/archiv.siov.sk\/wp-content\/uploads\/2024\/02\/logo-SIOV.png","contentUrl":"https:\/\/archiv.siov.sk\/wp-content\/uploads\/2024\/02\/logo-SIOV.png","width":431,"height":143,"caption":"\u0160IOV - \u0161t\u00e1tny in\u0161tit\u00fat odborn\u00e9ho vzdel\u00e1vania"},"image":{"@id":"https:\/\/archiv.siov.sk\/#\/schema\/logo\/image\/"},"sameAs":["https:\/\/www.facebook.com\/Statnyinstitutodbornehovzdelavania"]}]}},"_links":{"self":[{"href":"https:\/\/archiv.siov.sk\/en\/wp-json\/wp\/v2\/pages\/5155","targetHints":{"allow":["GET"]}}],"collection":[{"href":"https:\/\/archiv.siov.sk\/en\/wp-json\/wp\/v2\/pages"}],"about":[{"href":"https:\/\/archiv.siov.sk\/en\/wp-json\/wp\/v2\/types\/page"}],"author":[{"embeddable":true,"href":"https:\/\/archiv.siov.sk\/en\/wp-json\/wp\/v2\/users\/1"}],"replies":[{"embeddable":true,"href":"https:\/\/archiv.siov.sk\/en\/wp-json\/wp\/v2\/comments?post=5155"}],"version-history":[{"count":11,"href":"https:\/\/archiv.siov.sk\/en\/wp-json\/wp\/v2\/pages\/5155\/revisions"}],"predecessor-version":[{"id":5167,"href":"https:\/\/archiv.siov.sk\/en\/wp-json\/wp\/v2\/pages\/5155\/revisions\/5167"}],"up":[{"embeddable":true,"href":"https:\/\/archiv.siov.sk\/en\/wp-json\/wp\/v2\/pages\/55"}],"wp:attachment":[{"href":"https:\/\/archiv.siov.sk\/en\/wp-json\/wp\/v2\/media?parent=5155"}],"curies":[{"name":"wp","href":"https:\/\/api.w.org\/{rel}","templated":true}]}}