{"id":4835,"date":"2020-01-24T10:50:12","date_gmt":"2020-01-24T09:50:12","guid":{"rendered":"https:\/\/archiv.siov.sk\/?page_id=4835"},"modified":"2022-04-26T14:26:25","modified_gmt":"2022-04-26T12:26:25","slug":"projekt-act-eco","status":"publish","type":"page","link":"https:\/\/archiv.siov.sk\/en\/medzinarodna-spolupraca\/medzinarodne-projekty\/projekt-act-eco\/","title":{"rendered":"Project ACT ECO"},"content":{"rendered":"<div data-elementor-type=\"wp-page\" data-elementor-id=\"4835\" class=\"elementor elementor-4835\" data-elementor-post-type=\"page\">\n\t\t\t\t\t\t<section class=\"elementor-section elementor-top-section elementor-element elementor-element-d3e005c elementor-section-boxed elementor-section-height-default elementor-section-height-default\" data-id=\"d3e005c\" data-element_type=\"section\" data-e-type=\"section\">\n\t\t\t\t\t\t<div class=\"elementor-container elementor-column-gap-default\">\n\t\t\t\t\t<div class=\"elementor-column elementor-col-100 elementor-top-column elementor-element elementor-element-41caacf\" data-id=\"41caacf\" data-element_type=\"column\" data-e-type=\"column\">\n\t\t\t<div class=\"elementor-widget-wrap elementor-element-populated\">\n\t\t\t\t\t\t<div class=\"elementor-element elementor-element-d69af48 elementor-widget-divider--view-line elementor-widget elementor-widget-divider\" data-id=\"d69af48\" data-element_type=\"widget\" data-e-type=\"widget\" data-widget_type=\"divider.default\">\n\t\t\t\t<div class=\"elementor-widget-container\">\n\t\t\t\t\t\t\t<div class=\"elementor-divider\">\n\t\t\t<span class=\"elementor-divider-separator\">\n\t\t\t\t\t\t<\/span>\n\t\t<\/div>\n\t\t\t\t\t\t<\/div>\n\t\t\t\t<\/div>\n\t\t\t\t<div class=\"elementor-element elementor-element-f5d3ccc elementor-widget elementor-widget-heading\" data-id=\"f5d3ccc\" data-element_type=\"widget\" data-e-type=\"widget\" data-widget_type=\"heading.default\">\n\t\t\t\t<div class=\"elementor-widget-container\">\n\t\t\t\t\t<h2 class=\"elementor-heading-title elementor-size-default\">Project ACT ECO<\/h2>\t\t\t\t<\/div>\n\t\t\t\t<\/div>\n\t\t\t\t\t<\/div>\n\t\t<\/div>\n\t\t\t\t\t<\/div>\n\t\t<\/section>\n\t\t\t\t<section class=\"elementor-section elementor-top-section elementor-element elementor-element-1b411687 elementor-section-boxed elementor-section-height-default elementor-section-height-default\" data-id=\"1b411687\" data-element_type=\"section\" data-e-type=\"section\">\n\t\t\t\t\t\t<div class=\"elementor-container elementor-column-gap-default\">\n\t\t\t\t\t<div class=\"elementor-column elementor-col-100 elementor-top-column elementor-element elementor-element-b40bd1\" data-id=\"b40bd1\" data-element_type=\"column\" data-e-type=\"column\">\n\t\t\t<div class=\"elementor-widget-wrap elementor-element-populated\">\n\t\t\t\t\t\t<div class=\"elementor-element elementor-element-2d856dc1 elementor-widget elementor-widget-text-editor\" data-id=\"2d856dc1\" data-element_type=\"widget\" data-e-type=\"widget\" data-widget_type=\"text-editor.default\">\n\t\t\t\t<div class=\"elementor-widget-container\">\n\t\t\t\t\t\t\t\t\t<p><img decoding=\"async\" class=\"alignright size-full wp-image-4839\" src=\"https:\/\/siov.sk\/wp-content\/uploads\/2020\/01\/act-eco.jpg\" alt=\"PROJEKT ACT ECO \" width=\"180\" height=\"180\" srcset=\"https:\/\/archiv.siov.sk\/wp-content\/uploads\/2020\/01\/act-eco.jpg 180w, https:\/\/archiv.siov.sk\/wp-content\/uploads\/2020\/01\/act-eco-150x150.jpg 150w\" sizes=\"(max-width: 180px) 100vw, 180px\" \/>V\u00ddU\u010cBA EKO V\u00ddSTAVBY PRE V\u0160ETK\u00ddCH<\/p>\n<p style=\"text-align: justify;\">ACT ECO je medzin\u00e1rodn\u00fd projekt, vytvoren\u00fd v r\u00e1mci programu ERASMUS+ \u010d\u00edslo 2019-1-SK01-KA204-060788, ktor\u00fd si kladie za \u00falohu podnieti\u0165 z\u00e1ujem o odborn\u00e9 vzdel\u00e1vanie v oblasti ekologick\u00e9ho a udr\u017eate\u013en\u00e9ho stavite\u013estva.<\/p>\n<p style=\"text-align: justify;\">Cie\u013eom projektu je vytvorenie intelektu\u00e1lnych zdrojov ekologick\u00e9ho a udr\u017eate\u013en\u00e9ho stavite\u013estva, datab\u00e1zy a vzdel\u00e1vacej platformy s vyu\u017eit\u00edm v\u00fdsledkov z predch\u00e1dzaj\u00facich projektov v tejto oblasti a n\u00e1sledn\u00e1 implement\u00e1cia ekologick\u00e9ho a udr\u017eate\u013en\u00e9ho stavite\u013estva do u\u010debn\u00fdch osnov.<\/p>\n<p style=\"text-align: justify;\">Projektov\u00e9 v\u00fdstupy bud\u00fa k dispoz\u00edcii \u0161kol\u00e1m a \u010fal\u0161\u00edm cie\u013eov\u00fdm skupin\u00e1m formou vzdel\u00e1vac\u00edch online kurzov, certifikovan\u00fdch kurzov ECVET, webin\u00e1rov a \u010fal\u0161\u00edch \u0161koliacich n\u00e1strojov, ako i poskytnut\u00edm vytvorenej datab\u00e1zy. U\u010debn\u00e9 texty a vide\u00e1 bud\u00fa pr\u00edstupn\u00e9 na EU platforme. Projektov\u00e9 aktivity bud\u00fa zah\u0155\u0148a\u0165 aj tr\u00e9ningy praktick\u00fdch zru\u010dnost\u00ed.<br>Realiz\u00e1cia projektu prebieha v&nbsp;obdob\u00ed od 1.10.2019 do 30.4.2022.<\/p>\n<p>Projektov\u00fdmi partnermi s\u00fa:<\/p>\n<ul>\n<li>Ob\u010dianske zdru\u017eenie ArTUR, Hrub\u00fd \u0160\u00far<\/li>\n<li>\u0160t\u00e1tny in\u0161tit\u00fat odborn\u00e9ho vzdel\u00e1vania Bratislava<\/li>\n<li>Stredn\u00e1 odborn\u00e1 \u0161kola slu\u017eieb a lesn\u00edctva, Bansk\u00e1 \u0160tiavnica<\/li>\n<li>ASBN \u2013 Austrian strawable network \u2013 Rak\u00fasko<\/li>\n<li>AsTerre \u2013 Association Nationale des Professionels de la Terre Crue \u2013 Franc\u00fazsko<\/li>\n<li>Sdru\u017een\u00ed hlinen\u00e9ho stavitelstv\u00ed z.s. \u2013 \u010cesk\u00e1 republika<\/li>\n<\/ul>\n<p><a href=\"https:\/\/siov.sk\/wp-content\/uploads\/2022\/04\/Act-eco-Newsletter-4-SK.pdf\" target=\"_blank\">Newsletter ACT ECO<\/a><br><\/p>\n<p>Bli\u017e\u0161ie inform\u00e1cie k&nbsp;realiz\u00e1cii projektu a&nbsp;zapojeniu \u0160IOV do projektov\u00fdch aktiv\u00edt V\u00e1m poskytn\u00fa:<br>Ladislav \u0160atka, ladislav.satka@siov.sk<br>M\u00e1ria Ol\u0161insk\u00e1, maria.olsinska@gmail.com<\/p>\n<p><img decoding=\"async\" class=\"alignright size-medium wp-image-101\" src=\"https:\/\/siov.sk\/wp-content\/uploads\/2019\/01\/erasmus-plus-300x86.png\" alt=\"Erasmus plus\" width=\"300\" height=\"86\" srcset=\"https:\/\/archiv.siov.sk\/wp-content\/uploads\/2019\/01\/erasmus-plus-300x86.png 300w, https:\/\/archiv.siov.sk\/wp-content\/uploads\/2019\/01\/erasmus-plus-768x219.png 768w, https:\/\/archiv.siov.sk\/wp-content\/uploads\/2019\/01\/erasmus-plus-480x137.png 480w, https:\/\/archiv.siov.sk\/wp-content\/uploads\/2019\/01\/erasmus-plus.png 943w\" sizes=\"(max-width: 300px) 100vw, 300px\" \/><\/p>\t\t\t\t\t\t\t\t<\/div>\n\t\t\t\t<\/div>\n\t\t\t\t\t<\/div>\n\t\t<\/div>\n\t\t\t\t\t<\/div>\n\t\t<\/section>\n\t\t\t\t<\/div>","protected":false},"excerpt":{"rendered":"<p>Projekt ACT ECO V\u00ddU\u010cBA EKO V\u00ddSTAVBY PRE V\u0160ETK\u00ddCH ACT ECO je medzin\u00e1rodn\u00fd projekt, vytvoren\u00fd v r\u00e1mci programu ERASMUS+ \u010d\u00edslo 2019-1-SK01-KA204-060788, ktor\u00fd si kladie za \u00falohu podnieti\u0165 z\u00e1ujem o odborn\u00e9 vzdel\u00e1vanie v oblasti ekologick\u00e9ho a udr\u017eate\u013en\u00e9ho stavite\u013estva. Cie\u013eom projektu je vytvorenie intelektu\u00e1lnych zdrojov ekologick\u00e9ho a udr\u017eate\u013en\u00e9ho stavite\u013estva, datab\u00e1zy a vzdel\u00e1vacej platformy s vyu\u017eit\u00edm v\u00fdsledkov z predch\u00e1dzaj\u00facich [&hellip;]<\/p>\n","protected":false},"author":1,"featured_media":0,"parent":67,"menu_order":0,"comment_status":"closed","ping_status":"closed","template":"","meta":{"site-sidebar-layout":"default","site-content-layout":"default","ast-site-content-layout":"default","site-content-style":"default","site-sidebar-style":"default","ast-global-header-display":"","ast-banner-title-visibility":"","ast-main-header-display":"","ast-hfb-above-header-display":"","ast-hfb-below-header-display":"","ast-hfb-mobile-header-display":"","site-post-title":"disabled","ast-breadcrumbs-content":"","ast-featured-img":"","footer-sml-layout":"","ast-disable-related-posts":"","theme-transparent-header-meta":"default","adv-header-id-meta":"","stick-header-meta":"","header-above-stick-meta":"","header-main-stick-meta":"","header-below-stick-meta":"","astra-migrate-meta-layouts":"default","ast-page-background-enabled":"default","ast-page-background-meta":{"desktop":{"background-color":"var(--ast-global-color-4)","background-image":"","background-repeat":"repeat","background-position":"center center","background-size":"auto","background-attachment":"scroll","background-type":"","background-media":"","overlay-type":"","overlay-color":"","overlay-opacity":"","overlay-gradient":""},"tablet":{"background-color":"","background-image":"","background-repeat":"repeat","background-position":"center center","background-size":"auto","background-attachment":"scroll","background-type":"","background-media":"","overlay-type":"","overlay-color":"","overlay-opacity":"","overlay-gradient":""},"mobile":{"background-color":"","background-image":"","background-repeat":"repeat","background-position":"center center","background-size":"auto","background-attachment":"scroll","background-type":"","background-media":"","overlay-type":"","overlay-color":"","overlay-opacity":"","overlay-gradient":""}},"ast-content-background-meta":{"desktop":{"background-color":"var(--ast-global-color-5)","background-image":"","background-repeat":"repeat","background-position":"center center","background-size":"auto","background-attachment":"scroll","background-type":"","background-media":"","overlay-type":"","overlay-color":"","overlay-opacity":"","overlay-gradient":""},"tablet":{"background-color":"var(--ast-global-color-5)","background-image":"","background-repeat":"repeat","background-position":"center center","background-size":"auto","background-attachment":"scroll","background-type":"","background-media":"","overlay-type":"","overlay-color":"","overlay-opacity":"","overlay-gradient":""},"mobile":{"background-color":"var(--ast-global-color-5)","background-image":"","background-repeat":"repeat","background-position":"center center","background-size":"auto","background-attachment":"scroll","background-type":"","background-media":"","overlay-type":"","overlay-color":"","overlay-opacity":"","overlay-gradient":""}},"footnotes":""},"class_list":["post-4835","page","type-page","status-publish","hentry"],"yoast_head":"<!-- This site is optimized with the Yoast SEO plugin v27.5 - https:\/\/yoast.com\/product\/yoast-seo-wordpress\/ -->\n<title>Projekt ACT ECO - \u0160IOV - \u0161t\u00e1tny in\u0161tit\u00fat odborn\u00e9ho vzdel\u00e1vania<\/title>\n<meta name=\"description\" content=\"ACT ECO je medzin\u00e1rodn\u00fd projekt, vytvoren\u00fd v r\u00e1mci programu ERASMUS+ \u010d\u00edslo 2019-1-SK01-KA204-060788, ktor\u00fd si kladie za \u00falohu podnieti\u0165 z\u00e1ujem o odborn\u00e9 vzdel\u00e1vanie v oblasti ekologick\u00e9ho a udr\u017eate\u013en\u00e9ho stavite\u013estva.\" \/>\n<meta name=\"robots\" content=\"index, follow, max-snippet:-1, max-image-preview:large, max-video-preview:-1\" \/>\n<link rel=\"canonical\" href=\"https:\/\/archiv.siov.sk\/en\/medzinarodna-spolupraca\/medzinarodne-projekty\/projekt-act-eco\/\" \/>\n<meta property=\"og:locale\" content=\"en_GB\" \/>\n<meta property=\"og:type\" content=\"article\" \/>\n<meta property=\"og:title\" content=\"Projekt ACT ECO - \u0160IOV - \u0161t\u00e1tny in\u0161tit\u00fat odborn\u00e9ho vzdel\u00e1vania\" \/>\n<meta property=\"og:description\" content=\"ACT ECO je medzin\u00e1rodn\u00fd projekt, vytvoren\u00fd v r\u00e1mci programu ERASMUS+ \u010d\u00edslo 2019-1-SK01-KA204-060788, ktor\u00fd si kladie za \u00falohu podnieti\u0165 z\u00e1ujem o odborn\u00e9 vzdel\u00e1vanie v oblasti ekologick\u00e9ho a udr\u017eate\u013en\u00e9ho stavite\u013estva.\" \/>\n<meta property=\"og:url\" content=\"https:\/\/archiv.siov.sk\/en\/medzinarodna-spolupraca\/medzinarodne-projekty\/projekt-act-eco\/\" \/>\n<meta property=\"og:site_name\" content=\"\u0160IOV - \u0161t\u00e1tny in\u0161tit\u00fat odborn\u00e9ho vzdel\u00e1vania\" \/>\n<meta property=\"article:publisher\" content=\"https:\/\/www.facebook.com\/Statnyinstitutodbornehovzdelavania\" \/>\n<meta property=\"article:modified_time\" content=\"2022-04-26T12:26:25+00:00\" \/>\n<meta property=\"og:image\" content=\"https:\/\/archiv.siov.sk\/wp-content\/uploads\/2020\/01\/act-eco.jpg\" \/>\n<meta name=\"twitter:card\" content=\"summary_large_image\" \/>\n<meta name=\"twitter:label1\" content=\"Estimated reading time\" \/>\n\t<meta name=\"twitter:data1\" content=\"2 minutes\" \/>\n<script type=\"application\/ld+json\" class=\"yoast-schema-graph\">{\"@context\":\"https:\\\/\\\/schema.org\",\"@graph\":[{\"@type\":\"WebPage\",\"@id\":\"https:\\\/\\\/archiv.siov.sk\\\/medzinarodna-spolupraca\\\/medzinarodne-projekty\\\/projekt-act-eco\\\/\",\"url\":\"https:\\\/\\\/archiv.siov.sk\\\/medzinarodna-spolupraca\\\/medzinarodne-projekty\\\/projekt-act-eco\\\/\",\"name\":\"Projekt ACT ECO - \u0160IOV - \u0161t\u00e1tny in\u0161tit\u00fat odborn\u00e9ho vzdel\u00e1vania\",\"isPartOf\":{\"@id\":\"https:\\\/\\\/archiv.siov.sk\\\/#website\"},\"primaryImageOfPage\":{\"@id\":\"https:\\\/\\\/archiv.siov.sk\\\/medzinarodna-spolupraca\\\/medzinarodne-projekty\\\/projekt-act-eco\\\/#primaryimage\"},\"image\":{\"@id\":\"https:\\\/\\\/archiv.siov.sk\\\/medzinarodna-spolupraca\\\/medzinarodne-projekty\\\/projekt-act-eco\\\/#primaryimage\"},\"thumbnailUrl\":\"https:\\\/\\\/archiv.siov.sk\\\/wp-content\\\/uploads\\\/2020\\\/01\\\/act-eco.jpg\",\"datePublished\":\"2020-01-24T09:50:12+00:00\",\"dateModified\":\"2022-04-26T12:26:25+00:00\",\"description\":\"ACT ECO je medzin\u00e1rodn\u00fd projekt, vytvoren\u00fd v r\u00e1mci programu ERASMUS+ \u010d\u00edslo 2019-1-SK01-KA204-060788, ktor\u00fd si kladie za \u00falohu podnieti\u0165 z\u00e1ujem o odborn\u00e9 vzdel\u00e1vanie v oblasti ekologick\u00e9ho a udr\u017eate\u013en\u00e9ho stavite\u013estva.\",\"breadcrumb\":{\"@id\":\"https:\\\/\\\/archiv.siov.sk\\\/medzinarodna-spolupraca\\\/medzinarodne-projekty\\\/projekt-act-eco\\\/#breadcrumb\"},\"inLanguage\":\"en-GB\",\"potentialAction\":[{\"@type\":\"ReadAction\",\"target\":[\"https:\\\/\\\/archiv.siov.sk\\\/medzinarodna-spolupraca\\\/medzinarodne-projekty\\\/projekt-act-eco\\\/\"]}]},{\"@type\":\"ImageObject\",\"inLanguage\":\"en-GB\",\"@id\":\"https:\\\/\\\/archiv.siov.sk\\\/medzinarodna-spolupraca\\\/medzinarodne-projekty\\\/projekt-act-eco\\\/#primaryimage\",\"url\":\"https:\\\/\\\/archiv.siov.sk\\\/wp-content\\\/uploads\\\/2020\\\/01\\\/act-eco.jpg\",\"contentUrl\":\"https:\\\/\\\/archiv.siov.sk\\\/wp-content\\\/uploads\\\/2020\\\/01\\\/act-eco.jpg\"},{\"@type\":\"BreadcrumbList\",\"@id\":\"https:\\\/\\\/archiv.siov.sk\\\/medzinarodna-spolupraca\\\/medzinarodne-projekty\\\/projekt-act-eco\\\/#breadcrumb\",\"itemListElement\":[{\"@type\":\"ListItem\",\"position\":1,\"name\":\"Home\",\"item\":\"https:\\\/\\\/archiv.siov.sk\\\/\"},{\"@type\":\"ListItem\",\"position\":2,\"name\":\"Medzin\u00e1rodn\u00e1 spolupr\u00e1ca\",\"item\":\"https:\\\/\\\/archiv.siov.sk\\\/en\\\/medzinarodna-spolupraca\\\/\"},{\"@type\":\"ListItem\",\"position\":3,\"name\":\"Medzin\u00e1rodn\u00e9 projekty\",\"item\":\"https:\\\/\\\/archiv.siov.sk\\\/medzinarodna-spolupraca\\\/medzinarodne-projekty\\\/\"},{\"@type\":\"ListItem\",\"position\":4,\"name\":\"Projekt ACT ECO\"}]},{\"@type\":\"WebSite\",\"@id\":\"https:\\\/\\\/archiv.siov.sk\\\/#website\",\"url\":\"https:\\\/\\\/archiv.siov.sk\\\/\",\"name\":\"\u0160IOV - \u0161t\u00e1tny in\u0161tit\u00fat odborn\u00e9ho vzdel\u00e1vania\",\"description\":\"\",\"publisher\":{\"@id\":\"https:\\\/\\\/archiv.siov.sk\\\/#organization\"},\"potentialAction\":[{\"@type\":\"SearchAction\",\"target\":{\"@type\":\"EntryPoint\",\"urlTemplate\":\"https:\\\/\\\/archiv.siov.sk\\\/?s={search_term_string}\"},\"query-input\":{\"@type\":\"PropertyValueSpecification\",\"valueRequired\":true,\"valueName\":\"search_term_string\"}}],\"inLanguage\":\"en-GB\"},{\"@type\":\"Organization\",\"@id\":\"https:\\\/\\\/archiv.siov.sk\\\/#organization\",\"name\":\"\u0160IOV - \u0161t\u00e1tny in\u0161tit\u00fat odborn\u00e9ho vzdel\u00e1vania\",\"url\":\"https:\\\/\\\/archiv.siov.sk\\\/\",\"logo\":{\"@type\":\"ImageObject\",\"inLanguage\":\"en-GB\",\"@id\":\"https:\\\/\\\/archiv.siov.sk\\\/#\\\/schema\\\/logo\\\/image\\\/\",\"url\":\"https:\\\/\\\/archiv.siov.sk\\\/wp-content\\\/uploads\\\/2024\\\/02\\\/logo-SIOV.png\",\"contentUrl\":\"https:\\\/\\\/archiv.siov.sk\\\/wp-content\\\/uploads\\\/2024\\\/02\\\/logo-SIOV.png\",\"width\":431,\"height\":143,\"caption\":\"\u0160IOV - \u0161t\u00e1tny in\u0161tit\u00fat odborn\u00e9ho vzdel\u00e1vania\"},\"image\":{\"@id\":\"https:\\\/\\\/archiv.siov.sk\\\/#\\\/schema\\\/logo\\\/image\\\/\"},\"sameAs\":[\"https:\\\/\\\/www.facebook.com\\\/Statnyinstitutodbornehovzdelavania\"]}]}<\/script>\n<!-- \/ Yoast SEO plugin. -->","yoast_head_json":{"title":"Projekt ACT ECO - \u0160IOV - \u0161t\u00e1tny in\u0161tit\u00fat odborn\u00e9ho vzdel\u00e1vania","description":"ACT ECO je medzin\u00e1rodn\u00fd projekt, vytvoren\u00fd v r\u00e1mci programu ERASMUS+ \u010d\u00edslo 2019-1-SK01-KA204-060788, ktor\u00fd si kladie za \u00falohu podnieti\u0165 z\u00e1ujem o odborn\u00e9 vzdel\u00e1vanie v oblasti ekologick\u00e9ho a udr\u017eate\u013en\u00e9ho stavite\u013estva.","robots":{"index":"index","follow":"follow","max-snippet":"max-snippet:-1","max-image-preview":"max-image-preview:large","max-video-preview":"max-video-preview:-1"},"canonical":"https:\/\/archiv.siov.sk\/en\/medzinarodna-spolupraca\/medzinarodne-projekty\/projekt-act-eco\/","og_locale":"en_GB","og_type":"article","og_title":"Projekt ACT ECO - \u0160IOV - \u0161t\u00e1tny in\u0161tit\u00fat odborn\u00e9ho vzdel\u00e1vania","og_description":"ACT ECO je medzin\u00e1rodn\u00fd projekt, vytvoren\u00fd v r\u00e1mci programu ERASMUS+ \u010d\u00edslo 2019-1-SK01-KA204-060788, ktor\u00fd si kladie za \u00falohu podnieti\u0165 z\u00e1ujem o odborn\u00e9 vzdel\u00e1vanie v oblasti ekologick\u00e9ho a udr\u017eate\u013en\u00e9ho stavite\u013estva.","og_url":"https:\/\/archiv.siov.sk\/en\/medzinarodna-spolupraca\/medzinarodne-projekty\/projekt-act-eco\/","og_site_name":"\u0160IOV - \u0161t\u00e1tny in\u0161tit\u00fat odborn\u00e9ho vzdel\u00e1vania","article_publisher":"https:\/\/www.facebook.com\/Statnyinstitutodbornehovzdelavania","article_modified_time":"2022-04-26T12:26:25+00:00","og_image":[{"url":"https:\/\/archiv.siov.sk\/wp-content\/uploads\/2020\/01\/act-eco.jpg","type":"","width":"","height":""}],"twitter_card":"summary_large_image","twitter_misc":{"Estimated reading time":"2 minutes"},"schema":{"@context":"https:\/\/schema.org","@graph":[{"@type":"WebPage","@id":"https:\/\/archiv.siov.sk\/medzinarodna-spolupraca\/medzinarodne-projekty\/projekt-act-eco\/","url":"https:\/\/archiv.siov.sk\/medzinarodna-spolupraca\/medzinarodne-projekty\/projekt-act-eco\/","name":"Projekt ACT ECO - \u0160IOV - \u0161t\u00e1tny in\u0161tit\u00fat odborn\u00e9ho vzdel\u00e1vania","isPartOf":{"@id":"https:\/\/archiv.siov.sk\/#website"},"primaryImageOfPage":{"@id":"https:\/\/archiv.siov.sk\/medzinarodna-spolupraca\/medzinarodne-projekty\/projekt-act-eco\/#primaryimage"},"image":{"@id":"https:\/\/archiv.siov.sk\/medzinarodna-spolupraca\/medzinarodne-projekty\/projekt-act-eco\/#primaryimage"},"thumbnailUrl":"https:\/\/archiv.siov.sk\/wp-content\/uploads\/2020\/01\/act-eco.jpg","datePublished":"2020-01-24T09:50:12+00:00","dateModified":"2022-04-26T12:26:25+00:00","description":"ACT ECO je medzin\u00e1rodn\u00fd projekt, vytvoren\u00fd v r\u00e1mci programu ERASMUS+ \u010d\u00edslo 2019-1-SK01-KA204-060788, ktor\u00fd si kladie za \u00falohu podnieti\u0165 z\u00e1ujem o odborn\u00e9 vzdel\u00e1vanie v oblasti ekologick\u00e9ho a udr\u017eate\u013en\u00e9ho stavite\u013estva.","breadcrumb":{"@id":"https:\/\/archiv.siov.sk\/medzinarodna-spolupraca\/medzinarodne-projekty\/projekt-act-eco\/#breadcrumb"},"inLanguage":"en-GB","potentialAction":[{"@type":"ReadAction","target":["https:\/\/archiv.siov.sk\/medzinarodna-spolupraca\/medzinarodne-projekty\/projekt-act-eco\/"]}]},{"@type":"ImageObject","inLanguage":"en-GB","@id":"https:\/\/archiv.siov.sk\/medzinarodna-spolupraca\/medzinarodne-projekty\/projekt-act-eco\/#primaryimage","url":"https:\/\/archiv.siov.sk\/wp-content\/uploads\/2020\/01\/act-eco.jpg","contentUrl":"https:\/\/archiv.siov.sk\/wp-content\/uploads\/2020\/01\/act-eco.jpg"},{"@type":"BreadcrumbList","@id":"https:\/\/archiv.siov.sk\/medzinarodna-spolupraca\/medzinarodne-projekty\/projekt-act-eco\/#breadcrumb","itemListElement":[{"@type":"ListItem","position":1,"name":"Home","item":"https:\/\/archiv.siov.sk\/"},{"@type":"ListItem","position":2,"name":"Medzin\u00e1rodn\u00e1 spolupr\u00e1ca","item":"https:\/\/archiv.siov.sk\/en\/medzinarodna-spolupraca\/"},{"@type":"ListItem","position":3,"name":"Medzin\u00e1rodn\u00e9 projekty","item":"https:\/\/archiv.siov.sk\/medzinarodna-spolupraca\/medzinarodne-projekty\/"},{"@type":"ListItem","position":4,"name":"Projekt ACT ECO"}]},{"@type":"WebSite","@id":"https:\/\/archiv.siov.sk\/#website","url":"https:\/\/archiv.siov.sk\/","name":"\u0160IOV - \u0161t\u00e1tny in\u0161tit\u00fat odborn\u00e9ho vzdel\u00e1vania","description":"","publisher":{"@id":"https:\/\/archiv.siov.sk\/#organization"},"potentialAction":[{"@type":"SearchAction","target":{"@type":"EntryPoint","urlTemplate":"https:\/\/archiv.siov.sk\/?s={search_term_string}"},"query-input":{"@type":"PropertyValueSpecification","valueRequired":true,"valueName":"search_term_string"}}],"inLanguage":"en-GB"},{"@type":"Organization","@id":"https:\/\/archiv.siov.sk\/#organization","name":"\u0160IOV - \u0161t\u00e1tny in\u0161tit\u00fat odborn\u00e9ho vzdel\u00e1vania","url":"https:\/\/archiv.siov.sk\/","logo":{"@type":"ImageObject","inLanguage":"en-GB","@id":"https:\/\/archiv.siov.sk\/#\/schema\/logo\/image\/","url":"https:\/\/archiv.siov.sk\/wp-content\/uploads\/2024\/02\/logo-SIOV.png","contentUrl":"https:\/\/archiv.siov.sk\/wp-content\/uploads\/2024\/02\/logo-SIOV.png","width":431,"height":143,"caption":"\u0160IOV - \u0161t\u00e1tny in\u0161tit\u00fat odborn\u00e9ho vzdel\u00e1vania"},"image":{"@id":"https:\/\/archiv.siov.sk\/#\/schema\/logo\/image\/"},"sameAs":["https:\/\/www.facebook.com\/Statnyinstitutodbornehovzdelavania"]}]}},"_links":{"self":[{"href":"https:\/\/archiv.siov.sk\/en\/wp-json\/wp\/v2\/pages\/4835","targetHints":{"allow":["GET"]}}],"collection":[{"href":"https:\/\/archiv.siov.sk\/en\/wp-json\/wp\/v2\/pages"}],"about":[{"href":"https:\/\/archiv.siov.sk\/en\/wp-json\/wp\/v2\/types\/page"}],"author":[{"embeddable":true,"href":"https:\/\/archiv.siov.sk\/en\/wp-json\/wp\/v2\/users\/1"}],"replies":[{"embeddable":true,"href":"https:\/\/archiv.siov.sk\/en\/wp-json\/wp\/v2\/comments?post=4835"}],"version-history":[{"count":11,"href":"https:\/\/archiv.siov.sk\/en\/wp-json\/wp\/v2\/pages\/4835\/revisions"}],"predecessor-version":[{"id":11206,"href":"https:\/\/archiv.siov.sk\/en\/wp-json\/wp\/v2\/pages\/4835\/revisions\/11206"}],"up":[{"embeddable":true,"href":"https:\/\/archiv.siov.sk\/en\/wp-json\/wp\/v2\/pages\/67"}],"wp:attachment":[{"href":"https:\/\/archiv.siov.sk\/en\/wp-json\/wp\/v2\/media?parent=4835"}],"curies":[{"name":"wp","href":"https:\/\/api.w.org\/{rel}","templated":true}]}}