{"id":4800,"date":"2020-01-22T08:14:55","date_gmt":"2020-01-22T07:14:55","guid":{"rendered":"https:\/\/archiv.siov.sk\/?page_id=4800"},"modified":"2024-03-13T12:21:30","modified_gmt":"2024-03-13T11:21:30","slug":"slovak-barista-cup-junior","status":"publish","type":"page","link":"https:\/\/archiv.siov.sk\/en\/sutaze\/slovak-barista-cup-junior\/","title":{"rendered":"SLOVAK BARISTA CUP &#8211; junior"},"content":{"rendered":"<h2>SLOVAK BARISTA CUP &#8211; junior<\/h2>\n<p>Oblas\u0165 pr\u00e1ce s talentami s hospod\u00e1rskou praxou predstavuje akt\u00edvne s\u00fa\u0165a\u017e v odborn\u00fdch teoretick\u00fdch a odborn\u00fdch praktick\u00fdch zru\u010dnostiach SLOVAK BARISTA CUP &#8211; junior. Predmetom s\u00fa\u0165a\u017ee je akt\u00edvna podpora vzdel\u00e1vania v oblasti modernej gastron\u00f3mie zameranej na baristiku, pr\u00edpravu a serv\u00edrovanie v\u0161etk\u00fdch k\u00e1vov\u00fdch n\u00e1pojov. S\u00fa\u0165a\u017e je ur\u010den\u00e1 \u017eiakom stredn\u00fdch odborn\u00fdch \u0161k\u00f4l s gastronomick\u00fdm zameran\u00edm a hotelov\u00fdch akad\u00e9mi\u00ed SR.<\/p>\n<p><strong>SLOVAK BARISTA CUP junior 2023\/2024<\/strong><\/p>\n<ul>\n<li><a href=\"https:\/\/archiv.siov.sk\/wp-content\/uploads\/2024\/03\/430040028_1115822402723680_7750335817418167778_n.jpg\" target=\"_blank\" rel=\"noopener\">Braz\u00edlsky CUPPING &#8211; degust\u00e1cia k\u00e1v<\/a><\/li>\n<li><a href=\"https:\/\/archiv.siov.sk\/wp-content\/uploads\/2024\/03\/428616750_1112010659771521_4836466697012700145_n.jpg\" target=\"_blank\" rel=\"noopener\">Maliarsky kurz pri \u0161\u00e1lke k\u00e1vy<\/a><\/li>\n<li><a href=\"https:\/\/archiv.siov.sk\/wp-content\/uploads\/2024\/01\/Program-DOD-Academy-of-Coffee-a-Medzinarodny-Kavovy-Institut.pdf\" target=\"_blank\" rel=\"noopener\">De\u0148 otvoren\u00fdch dver\u00ed Academy of Cofee a Medzin\u00e1rodn\u00fd k\u00e1vov\u00fd in\u0161tit\u00fat &#8211; program<\/a><\/li>\n<li><a href=\"https:\/\/archiv.siov.sk\/wp-content\/uploads\/2024\/01\/Registracny-formular-DOD-Academy-of-Coffee.docx\" target=\"_blank\" rel=\"noopener\">De\u0148 otvoren\u00fdch dver\u00ed Academy of Cofee a Medzin\u00e1rodn\u00fd k\u00e1vov\u00fd in\u0161tit\u00fat &#8211; registra\u010dn\u00fd formul\u00e1r<\/a><\/li>\n<\/ul>\n<p><strong>SLOVAK BARISTA CUP junior 2022\/2023<\/strong><\/p>\n<ul>\n<li><a href=\"https:\/\/archiv.siov.sk\/wp-content\/uploads\/2022\/07\/Memorandum-SIOVBarista-CUP-2022_2023.doc.pdf\" target=\"_blank\" rel=\"noopener\">Memorandum o spolupr\u00e1ci<\/a><\/li>\n<li><a href=\"https:\/\/archiv.siov.sk\/wp-content\/uploads\/2023\/01\/SBC-Nitra-2022.docx\" target=\"_blank\" rel=\"noopener\">SLOVAK BARISTA CUP junior 2022 &#8211; Nitra<\/a><\/li>\n<\/ul>\n<p>&nbsp;<\/p>\n<p><strong>I<\/strong><b>nform\u00e1cie a aktivity\u00a0 SLOVAK BARISTA CUP junior 2021\/2022<\/b><\/p>\n<ul>\n<li style=\"font-size: 15px;\"><a href=\"https:\/\/archiv.siov.sk\/wp-content\/uploads\/2022\/04\/Propozicie-Bratislava-2022.pdf\" target=\"_blank\" rel=\"noopener\">S\u00fa\u0165a\u017en\u00e9 propoz\u00edcie<\/a><\/li>\n<li style=\"font-size: 15px;\"><a href=\"https:\/\/archiv.siov.sk\/wp-content\/uploads\/2022\/04\/Program-2022.doc\" target=\"_blank\" rel=\"noopener\">Harmonogram s\u00fa\u0165a\u017ee a sprievodn\u00fd program 2022<\/a><\/li>\n<li><a href=\"https:\/\/archiv.siov.sk\/wp-content\/uploads\/2021\/10\/Tlacova-sprava-Aktivity-MKI-pre-rok-2021.pdf\" target=\"_blank\" rel=\"noopener\">Aktivity<\/a><\/li>\n<li><a href=\"https:\/\/archiv.siov.sk\/wp-content\/uploads\/2021\/10\/Tlacova-sprava-Brazilia-2021.pdf\" target=\"_blank\" rel=\"noopener\">Braz\u00edlia 2021<\/a><\/li>\n<li><a href=\"https:\/\/archiv.siov.sk\/wp-content\/uploads\/2021\/10\/Tlacova-sprava-k-2.vlne-opatreni.pdf\" target=\"_blank\" rel=\"noopener\">Spr\u00e1va k 2. vlne opatren\u00ed<\/a><\/li>\n<li><a href=\"https:\/\/archiv.siov.sk\/wp-content\/uploads\/2021\/10\/Tlacova-sprava-k-2.vlne-opatreni.pdf\" target=\"_blank\" rel=\"noopener\">Rokovanie s premi\u00e9rom<\/a><\/li>\n<li><a href=\"https:\/\/archiv.siov.sk\/wp-content\/uploads\/2021\/10\/Tlacova-sprava-MKI-21_03_2020.pdf\" target=\"_blank\" rel=\"noopener\">Spr\u00e1va k mimoriadnej situ\u00e1cii<\/a><\/li>\n<li><a href=\"https:\/\/archiv.siov.sk\/wp-content\/uploads\/2021\/10\/Tlacova-sprava-po-novom-roku-januar-2021-media.pdf\" target=\"_blank\" rel=\"noopener\">Spr\u00e1va 2021<\/a><\/li>\n<li><a href=\"https:\/\/archiv.siov.sk\/wp-content\/uploads\/2021\/02\/Tlacova-sprava-Aktivity-MKI-pre-rok-2021.docx\">Aktu\u00e1lna inform\u00e1cia o s\u00fa\u0165a\u017ei 2021<\/a><\/li>\n<li><a href=\"https:\/\/archiv.siov.sk\/wp-content\/uploads\/2021\/01\/Dakovny-list_compressed.pdf\">\u010eakovn\u00fd lis<\/a><\/li>\n<\/ul>","protected":false},"excerpt":{"rendered":"<p>SLOVAK BARISTA CUP &#8211; junior Oblas\u0165 pr\u00e1ce s talentami s hospod\u00e1rskou praxou predstavuje akt\u00edvne s\u00fa\u0165a\u017e v odborn\u00fdch teoretick\u00fdch a odborn\u00fdch praktick\u00fdch zru\u010dnostiach SLOVAK BARISTA CUP &#8211; junior. Predmetom s\u00fa\u0165a\u017ee je akt\u00edvna podpora vzdel\u00e1vania v oblasti modernej gastron\u00f3mie zameranej na baristiku, pr\u00edpravu a serv\u00edrovanie v\u0161etk\u00fdch k\u00e1vov\u00fdch n\u00e1pojov. S\u00fa\u0165a\u017e je ur\u010den\u00e1 \u017eiakom stredn\u00fdch odborn\u00fdch \u0161k\u00f4l s gastronomick\u00fdm [&hellip;]<\/p>\n","protected":false},"author":1,"featured_media":0,"parent":144,"menu_order":0,"comment_status":"closed","ping_status":"closed","template":"","meta":{"site-sidebar-layout":"default","site-content-layout":"default","ast-site-content-layout":"default","site-content-style":"default","site-sidebar-style":"default","ast-global-header-display":"","ast-banner-title-visibility":"","ast-main-header-display":"","ast-hfb-above-header-display":"","ast-hfb-below-header-display":"","ast-hfb-mobile-header-display":"","site-post-title":"disabled","ast-breadcrumbs-content":"","ast-featured-img":"","footer-sml-layout":"","ast-disable-related-posts":"","theme-transparent-header-meta":"default","adv-header-id-meta":"","stick-header-meta":"","header-above-stick-meta":"","header-main-stick-meta":"","header-below-stick-meta":"","astra-migrate-meta-layouts":"set","ast-page-background-enabled":"default","ast-page-background-meta":{"desktop":{"background-color":"var(--ast-global-color-4)","background-image":"","background-repeat":"repeat","background-position":"center center","background-size":"auto","background-attachment":"scroll","background-type":"","background-media":"","overlay-type":"","overlay-color":"","overlay-opacity":"","overlay-gradient":""},"tablet":{"background-color":"","background-image":"","background-repeat":"repeat","background-position":"center center","background-size":"auto","background-attachment":"scroll","background-type":"","background-media":"","overlay-type":"","overlay-color":"","overlay-opacity":"","overlay-gradient":""},"mobile":{"background-color":"","background-image":"","background-repeat":"repeat","background-position":"center center","background-size":"auto","background-attachment":"scroll","background-type":"","background-media":"","overlay-type":"","overlay-color":"","overlay-opacity":"","overlay-gradient":""}},"ast-content-background-meta":{"desktop":{"background-color":"var(--ast-global-color-5)","background-image":"","background-repeat":"repeat","background-position":"center center","background-size":"auto","background-attachment":"scroll","background-type":"","background-media":"","overlay-type":"","overlay-color":"","overlay-opacity":"","overlay-gradient":""},"tablet":{"background-color":"var(--ast-global-color-5)","background-image":"","background-repeat":"repeat","background-position":"center center","background-size":"auto","background-attachment":"scroll","background-type":"","background-media":"","overlay-type":"","overlay-color":"","overlay-opacity":"","overlay-gradient":""},"mobile":{"background-color":"var(--ast-global-color-5)","background-image":"","background-repeat":"repeat","background-position":"center center","background-size":"auto","background-attachment":"scroll","background-type":"","background-media":"","overlay-type":"","overlay-color":"","overlay-opacity":"","overlay-gradient":""}},"footnotes":""},"class_list":["post-4800","page","type-page","status-publish","hentry"],"yoast_head":"<!-- This site is optimized with the Yoast SEO plugin v27.5 - https:\/\/yoast.com\/product\/yoast-seo-wordpress\/ -->\n<title>SLOVAK BARISTA CUP - junior - \u0160IOV - \u0161t\u00e1tny in\u0161tit\u00fat odborn\u00e9ho vzdel\u00e1vania<\/title>\n<meta name=\"description\" content=\"Oblas\u0165 pr\u00e1ce s talentami s hospod\u00e1rskou praxou predstavuje akt\u00edvne s\u00fa\u0165a\u017e v odborn\u00fdch teoretick\u00fdch a odborn\u00fdch praktick\u00fdch zru\u010dnostiach SLOVAK BARISTA CUP - junior.\" \/>\n<meta name=\"robots\" content=\"index, follow, max-snippet:-1, max-image-preview:large, max-video-preview:-1\" \/>\n<link rel=\"canonical\" href=\"https:\/\/archiv.siov.sk\/en\/sutaze\/slovak-barista-cup-junior\/\" \/>\n<meta property=\"og:locale\" content=\"en_GB\" \/>\n<meta property=\"og:type\" content=\"article\" \/>\n<meta property=\"og:title\" content=\"SLOVAK BARISTA CUP - junior - \u0160IOV - \u0161t\u00e1tny in\u0161tit\u00fat odborn\u00e9ho vzdel\u00e1vania\" \/>\n<meta property=\"og:description\" content=\"Oblas\u0165 pr\u00e1ce s talentami s hospod\u00e1rskou praxou predstavuje akt\u00edvne s\u00fa\u0165a\u017e v odborn\u00fdch teoretick\u00fdch a odborn\u00fdch praktick\u00fdch zru\u010dnostiach SLOVAK BARISTA CUP - junior.\" \/>\n<meta property=\"og:url\" content=\"https:\/\/archiv.siov.sk\/en\/sutaze\/slovak-barista-cup-junior\/\" \/>\n<meta property=\"og:site_name\" content=\"\u0160IOV - \u0161t\u00e1tny in\u0161tit\u00fat odborn\u00e9ho vzdel\u00e1vania\" \/>\n<meta property=\"article:publisher\" content=\"https:\/\/www.facebook.com\/Statnyinstitutodbornehovzdelavania\" \/>\n<meta property=\"article:modified_time\" content=\"2024-03-13T11:21:30+00:00\" \/>\n<meta name=\"twitter:card\" content=\"summary_large_image\" \/>\n<meta name=\"twitter:label1\" content=\"Estimated reading time\" \/>\n\t<meta name=\"twitter:data1\" content=\"1 minute\" \/>\n<script type=\"application\/ld+json\" class=\"yoast-schema-graph\">{\"@context\":\"https:\\\/\\\/schema.org\",\"@graph\":[{\"@type\":\"WebPage\",\"@id\":\"https:\\\/\\\/archiv.siov.sk\\\/sutaze\\\/slovak-barista-cup-junior\\\/\",\"url\":\"https:\\\/\\\/archiv.siov.sk\\\/sutaze\\\/slovak-barista-cup-junior\\\/\",\"name\":\"SLOVAK BARISTA CUP - junior - \u0160IOV - \u0161t\u00e1tny in\u0161tit\u00fat odborn\u00e9ho vzdel\u00e1vania\",\"isPartOf\":{\"@id\":\"https:\\\/\\\/archiv.siov.sk\\\/#website\"},\"datePublished\":\"2020-01-22T07:14:55+00:00\",\"dateModified\":\"2024-03-13T11:21:30+00:00\",\"description\":\"Oblas\u0165 pr\u00e1ce s talentami s hospod\u00e1rskou praxou predstavuje akt\u00edvne s\u00fa\u0165a\u017e v odborn\u00fdch teoretick\u00fdch a odborn\u00fdch praktick\u00fdch zru\u010dnostiach SLOVAK BARISTA CUP - junior.\",\"breadcrumb\":{\"@id\":\"https:\\\/\\\/archiv.siov.sk\\\/sutaze\\\/slovak-barista-cup-junior\\\/#breadcrumb\"},\"inLanguage\":\"en-GB\",\"potentialAction\":[{\"@type\":\"ReadAction\",\"target\":[\"https:\\\/\\\/archiv.siov.sk\\\/sutaze\\\/slovak-barista-cup-junior\\\/\"]}]},{\"@type\":\"BreadcrumbList\",\"@id\":\"https:\\\/\\\/archiv.siov.sk\\\/sutaze\\\/slovak-barista-cup-junior\\\/#breadcrumb\",\"itemListElement\":[{\"@type\":\"ListItem\",\"position\":1,\"name\":\"Home\",\"item\":\"https:\\\/\\\/archiv.siov.sk\\\/\"},{\"@type\":\"ListItem\",\"position\":2,\"name\":\"S\u00fa\u0165a\u017ee\",\"item\":\"https:\\\/\\\/archiv.siov.sk\\\/sutaze\\\/\"},{\"@type\":\"ListItem\",\"position\":3,\"name\":\"SLOVAK BARISTA CUP &#8211; junior\"}]},{\"@type\":\"WebSite\",\"@id\":\"https:\\\/\\\/archiv.siov.sk\\\/#website\",\"url\":\"https:\\\/\\\/archiv.siov.sk\\\/\",\"name\":\"\u0160IOV - \u0161t\u00e1tny in\u0161tit\u00fat odborn\u00e9ho vzdel\u00e1vania\",\"description\":\"\",\"publisher\":{\"@id\":\"https:\\\/\\\/archiv.siov.sk\\\/#organization\"},\"potentialAction\":[{\"@type\":\"SearchAction\",\"target\":{\"@type\":\"EntryPoint\",\"urlTemplate\":\"https:\\\/\\\/archiv.siov.sk\\\/?s={search_term_string}\"},\"query-input\":{\"@type\":\"PropertyValueSpecification\",\"valueRequired\":true,\"valueName\":\"search_term_string\"}}],\"inLanguage\":\"en-GB\"},{\"@type\":\"Organization\",\"@id\":\"https:\\\/\\\/archiv.siov.sk\\\/#organization\",\"name\":\"\u0160IOV - \u0161t\u00e1tny in\u0161tit\u00fat odborn\u00e9ho vzdel\u00e1vania\",\"url\":\"https:\\\/\\\/archiv.siov.sk\\\/\",\"logo\":{\"@type\":\"ImageObject\",\"inLanguage\":\"en-GB\",\"@id\":\"https:\\\/\\\/archiv.siov.sk\\\/#\\\/schema\\\/logo\\\/image\\\/\",\"url\":\"https:\\\/\\\/archiv.siov.sk\\\/wp-content\\\/uploads\\\/2024\\\/02\\\/logo-SIOV.png\",\"contentUrl\":\"https:\\\/\\\/archiv.siov.sk\\\/wp-content\\\/uploads\\\/2024\\\/02\\\/logo-SIOV.png\",\"width\":431,\"height\":143,\"caption\":\"\u0160IOV - \u0161t\u00e1tny in\u0161tit\u00fat odborn\u00e9ho vzdel\u00e1vania\"},\"image\":{\"@id\":\"https:\\\/\\\/archiv.siov.sk\\\/#\\\/schema\\\/logo\\\/image\\\/\"},\"sameAs\":[\"https:\\\/\\\/www.facebook.com\\\/Statnyinstitutodbornehovzdelavania\"]}]}<\/script>\n<!-- \/ Yoast SEO plugin. -->","yoast_head_json":{"title":"SLOVAK BARISTA CUP - junior - \u0160IOV - \u0161t\u00e1tny in\u0161tit\u00fat odborn\u00e9ho vzdel\u00e1vania","description":"Oblas\u0165 pr\u00e1ce s talentami s hospod\u00e1rskou praxou predstavuje akt\u00edvne s\u00fa\u0165a\u017e v odborn\u00fdch teoretick\u00fdch a odborn\u00fdch praktick\u00fdch zru\u010dnostiach SLOVAK BARISTA CUP - junior.","robots":{"index":"index","follow":"follow","max-snippet":"max-snippet:-1","max-image-preview":"max-image-preview:large","max-video-preview":"max-video-preview:-1"},"canonical":"https:\/\/archiv.siov.sk\/en\/sutaze\/slovak-barista-cup-junior\/","og_locale":"en_GB","og_type":"article","og_title":"SLOVAK BARISTA CUP - junior - \u0160IOV - \u0161t\u00e1tny in\u0161tit\u00fat odborn\u00e9ho vzdel\u00e1vania","og_description":"Oblas\u0165 pr\u00e1ce s talentami s hospod\u00e1rskou praxou predstavuje akt\u00edvne s\u00fa\u0165a\u017e v odborn\u00fdch teoretick\u00fdch a odborn\u00fdch praktick\u00fdch zru\u010dnostiach SLOVAK BARISTA CUP - junior.","og_url":"https:\/\/archiv.siov.sk\/en\/sutaze\/slovak-barista-cup-junior\/","og_site_name":"\u0160IOV - \u0161t\u00e1tny in\u0161tit\u00fat odborn\u00e9ho vzdel\u00e1vania","article_publisher":"https:\/\/www.facebook.com\/Statnyinstitutodbornehovzdelavania","article_modified_time":"2024-03-13T11:21:30+00:00","twitter_card":"summary_large_image","twitter_misc":{"Estimated reading time":"1 minute"},"schema":{"@context":"https:\/\/schema.org","@graph":[{"@type":"WebPage","@id":"https:\/\/archiv.siov.sk\/sutaze\/slovak-barista-cup-junior\/","url":"https:\/\/archiv.siov.sk\/sutaze\/slovak-barista-cup-junior\/","name":"SLOVAK BARISTA CUP - junior - \u0160IOV - \u0161t\u00e1tny in\u0161tit\u00fat odborn\u00e9ho vzdel\u00e1vania","isPartOf":{"@id":"https:\/\/archiv.siov.sk\/#website"},"datePublished":"2020-01-22T07:14:55+00:00","dateModified":"2024-03-13T11:21:30+00:00","description":"Oblas\u0165 pr\u00e1ce s talentami s hospod\u00e1rskou praxou predstavuje akt\u00edvne s\u00fa\u0165a\u017e v odborn\u00fdch teoretick\u00fdch a odborn\u00fdch praktick\u00fdch zru\u010dnostiach SLOVAK BARISTA CUP - junior.","breadcrumb":{"@id":"https:\/\/archiv.siov.sk\/sutaze\/slovak-barista-cup-junior\/#breadcrumb"},"inLanguage":"en-GB","potentialAction":[{"@type":"ReadAction","target":["https:\/\/archiv.siov.sk\/sutaze\/slovak-barista-cup-junior\/"]}]},{"@type":"BreadcrumbList","@id":"https:\/\/archiv.siov.sk\/sutaze\/slovak-barista-cup-junior\/#breadcrumb","itemListElement":[{"@type":"ListItem","position":1,"name":"Home","item":"https:\/\/archiv.siov.sk\/"},{"@type":"ListItem","position":2,"name":"S\u00fa\u0165a\u017ee","item":"https:\/\/archiv.siov.sk\/sutaze\/"},{"@type":"ListItem","position":3,"name":"SLOVAK BARISTA CUP &#8211; junior"}]},{"@type":"WebSite","@id":"https:\/\/archiv.siov.sk\/#website","url":"https:\/\/archiv.siov.sk\/","name":"\u0160IOV - \u0161t\u00e1tny in\u0161tit\u00fat odborn\u00e9ho vzdel\u00e1vania","description":"","publisher":{"@id":"https:\/\/archiv.siov.sk\/#organization"},"potentialAction":[{"@type":"SearchAction","target":{"@type":"EntryPoint","urlTemplate":"https:\/\/archiv.siov.sk\/?s={search_term_string}"},"query-input":{"@type":"PropertyValueSpecification","valueRequired":true,"valueName":"search_term_string"}}],"inLanguage":"en-GB"},{"@type":"Organization","@id":"https:\/\/archiv.siov.sk\/#organization","name":"\u0160IOV - \u0161t\u00e1tny in\u0161tit\u00fat odborn\u00e9ho vzdel\u00e1vania","url":"https:\/\/archiv.siov.sk\/","logo":{"@type":"ImageObject","inLanguage":"en-GB","@id":"https:\/\/archiv.siov.sk\/#\/schema\/logo\/image\/","url":"https:\/\/archiv.siov.sk\/wp-content\/uploads\/2024\/02\/logo-SIOV.png","contentUrl":"https:\/\/archiv.siov.sk\/wp-content\/uploads\/2024\/02\/logo-SIOV.png","width":431,"height":143,"caption":"\u0160IOV - \u0161t\u00e1tny in\u0161tit\u00fat odborn\u00e9ho vzdel\u00e1vania"},"image":{"@id":"https:\/\/archiv.siov.sk\/#\/schema\/logo\/image\/"},"sameAs":["https:\/\/www.facebook.com\/Statnyinstitutodbornehovzdelavania"]}]}},"_links":{"self":[{"href":"https:\/\/archiv.siov.sk\/en\/wp-json\/wp\/v2\/pages\/4800","targetHints":{"allow":["GET"]}}],"collection":[{"href":"https:\/\/archiv.siov.sk\/en\/wp-json\/wp\/v2\/pages"}],"about":[{"href":"https:\/\/archiv.siov.sk\/en\/wp-json\/wp\/v2\/types\/page"}],"author":[{"embeddable":true,"href":"https:\/\/archiv.siov.sk\/en\/wp-json\/wp\/v2\/users\/1"}],"replies":[{"embeddable":true,"href":"https:\/\/archiv.siov.sk\/en\/wp-json\/wp\/v2\/comments?post=4800"}],"version-history":[{"count":28,"href":"https:\/\/archiv.siov.sk\/en\/wp-json\/wp\/v2\/pages\/4800\/revisions"}],"predecessor-version":[{"id":14849,"href":"https:\/\/archiv.siov.sk\/en\/wp-json\/wp\/v2\/pages\/4800\/revisions\/14849"}],"up":[{"embeddable":true,"href":"https:\/\/archiv.siov.sk\/en\/wp-json\/wp\/v2\/pages\/144"}],"wp:attachment":[{"href":"https:\/\/archiv.siov.sk\/en\/wp-json\/wp\/v2\/media?parent=4800"}],"curies":[{"name":"wp","href":"https:\/\/api.w.org\/{rel}","templated":true}]}}