{"id":4729,"date":"2020-01-13T13:26:07","date_gmt":"2020-01-13T12:26:07","guid":{"rendered":"https:\/\/archiv.siov.sk\/?page_id=4729"},"modified":"2021-07-23T09:05:29","modified_gmt":"2021-07-23T07:05:29","slug":"majstrovstva-slovenska-v-cnc-sustruzeni-a-frezovani","status":"publish","type":"page","link":"https:\/\/archiv.siov.sk\/en\/sutaze\/majstrovstva-slovenska-v-cnc-sustruzeni-a-frezovani\/","title":{"rendered":"Slovak championship in CNC turning and milling"},"content":{"rendered":"<div data-elementor-type=\"wp-page\" data-elementor-id=\"4729\" class=\"elementor elementor-4729\" data-elementor-post-type=\"page\">\n\t\t\t\t\t\t<section class=\"elementor-section elementor-top-section elementor-element elementor-element-0295614 elementor-section-boxed elementor-section-height-default elementor-section-height-default\" data-id=\"0295614\" data-element_type=\"section\" data-e-type=\"section\">\n\t\t\t\t\t\t<div class=\"elementor-container elementor-column-gap-default\">\n\t\t\t\t\t<div class=\"elementor-column elementor-col-100 elementor-top-column elementor-element elementor-element-76503ea\" data-id=\"76503ea\" data-element_type=\"column\" data-e-type=\"column\">\n\t\t\t<div class=\"elementor-widget-wrap elementor-element-populated\">\n\t\t\t\t\t\t<div class=\"elementor-element elementor-element-71a5860 elementor-widget-divider--view-line elementor-widget elementor-widget-divider\" data-id=\"71a5860\" data-element_type=\"widget\" data-e-type=\"widget\" data-widget_type=\"divider.default\">\n\t\t\t\t<div class=\"elementor-widget-container\">\n\t\t\t\t\t\t\t<div class=\"elementor-divider\">\n\t\t\t<span class=\"elementor-divider-separator\">\n\t\t\t\t\t\t<\/span>\n\t\t<\/div>\n\t\t\t\t\t\t<\/div>\n\t\t\t\t<\/div>\n\t\t\t\t<div class=\"elementor-element elementor-element-838d750 elementor-widget elementor-widget-heading\" data-id=\"838d750\" data-element_type=\"widget\" data-e-type=\"widget\" data-widget_type=\"heading.default\">\n\t\t\t\t<div class=\"elementor-widget-container\">\n\t\t\t\t\t<h2 class=\"elementor-heading-title elementor-size-default\">Majstrovstv\u00e1 Slovenska v CNV s\u00fastru\u017een\u00ed a fr\u00e9zovan\u00ed<\/h2>\t\t\t\t<\/div>\n\t\t\t\t<\/div>\n\t\t\t\t\t<\/div>\n\t\t<\/div>\n\t\t\t\t\t<\/div>\n\t\t<\/section>\n\t\t\t\t<section class=\"elementor-section elementor-top-section elementor-element elementor-element-7802c836 elementor-section-boxed elementor-section-height-default elementor-section-height-default\" data-id=\"7802c836\" data-element_type=\"section\" data-e-type=\"section\">\n\t\t\t\t\t\t<div class=\"elementor-container elementor-column-gap-default\">\n\t\t\t\t\t<div class=\"elementor-column elementor-col-100 elementor-top-column elementor-element elementor-element-4b4b5f69\" data-id=\"4b4b5f69\" data-element_type=\"column\" data-e-type=\"column\">\n\t\t\t<div class=\"elementor-widget-wrap elementor-element-populated\">\n\t\t\t\t\t\t<div class=\"elementor-element elementor-element-11093319 elementor-widget elementor-widget-text-editor\" data-id=\"11093319\" data-element_type=\"widget\" data-e-type=\"widget\" data-widget_type=\"text-editor.default\">\n\t\t\t\t<div class=\"elementor-widget-container\">\n\t\t\t\t\t\t\t\t\t<p style=\"text-align: justify;\">Hodnotiaca spr\u00e1va kvalifika\u010dn\u00e9ho kola 6. ro\u010dn\u00edka s\u00fa\u0165a\u017ee Majstrovstv\u00e1 Slovenskej republiky v CNC s\u00fastru\u017een\u00ed a fr\u00e9zovan\u00ed.\r\nV kvalifika\u010dnom kole s\u00fa\u0165a\u017ee nastala podstatn\u00e1 zmena. S\u00fa\u0165a\u017en\u00e9 t\u00edmy zlo\u017een\u00e9 z pedag\u00f3ga a \u017eiaka vyr\u00e1bali s\u00fa\u010diastky pod\u013ea v\u00fdkresov\u00e9ho zadania, v \u010dasovom okne 4 hod\u00edn, vo svojom dom\u00e1com prostred\u00ed, na strojoch ktor\u00e9 maj\u00fa k dispoz\u00edcii na svojich pracovisk\u00e1ch alebo u svojich partnerov.<\/p>\r\n<p style=\"text-align: justify;\">Do 6. ro\u010dn\u00edka s\u00fa\u0165a\u017ee sa prihl\u00e1silo 33 s\u00fa\u0165a\u017en\u00fdch t\u00edmov z 80 pozvan\u00fdch \u0161k\u00f4l a stred\u00edsk du\u00e1lneho vzdel\u00e1vania. Pred konan\u00edm kvalifika\u010dn\u00e9ho kola s\u00fa\u0165a\u017ee sme s podporou partnerov s\u00fa\u0165a\u017ee, firiem EMCO GMBH, SANDVIK SLOVAKIA s.r.o., Tauricon s.r.o., Imexim TS a.s. uskuto\u010dnili workshop pre pedag\u00f3gov zo s\u00fa\u0165a\u017en\u00fdch t\u00edmov. \u00da\u010delom prezent\u00e1ci\u00ed bolo vysvetlenie odpor\u00fa\u010dan\u00e9ho postupu programovania v riadiacich syst\u00e9moch EMCO WinNC pre Siemens, Heidenhain a Fanuc, uk\u00e1\u017eka pou\u017e\u00edvania on-line aplik\u00e1ci\u00ed na v\u00fdber rezn\u00fdch n\u00e1strojov a stanovanie rezn\u00fdch podmienok, uk\u00e1\u017eka meradiel a spr\u00e1vneho postupu merania s\u00fa\u010diastok, ako aj prezent\u00e1cia nov\u00fdch rezn\u00fdch kvapal\u00edn. Kvalifika\u010dn\u00e9 kolo s\u00fa\u0165a\u017ee sa uskuto\u010dnilo 19. 11. 2019. S\u00fa\u0165a\u017en\u00e9 s\u00fa\u010diastky ozna\u010den\u00e9 k\u00f3dov\u00fdm znakom merali metrol\u00f3govia z firmy Tauricon s.r.o.<\/p>\r\n<p style=\"text-align: justify;\">Predlo\u017een\u00e9 pr\u00e1ce ukazuj\u00fa, ak\u00fd obrovsk\u00fd posun u mnoh\u00fdch nastal za 6 rokov s\u00fa\u0165a\u017eenia. Hodnotiace tabu\u013eky poskytuj\u00fa \u00fadaje o \u010dlenoch s\u00fa\u0165a\u017en\u00fdch t\u00edmov, vysielaj\u00facich organiz\u00e1ci\u00e1ch, pou\u017eit\u00fdch riadiacich syst\u00e9moch, z\u00edskan\u00fdch bodoch za jednotliv\u00e9 rozmery, neobroben\u00fdch rozmeroch (DNF) a fotografie s\u00fa\u010diastok. Fin\u00e1lov\u00e9 kolo 6. ro\u010dn\u00edka s\u00fa\u0165a\u017ee Majstrovstv\u00e1 Slovenskej republiky v CNC s\u00fastru\u017een\u00ed a fr\u00e9zovan\u00ed uskuto\u010dn\u00edme koncom apr\u00edla 2020 v priestoroch SO\u0160 Ko\u0161ice-\u0160aca.<\/p>\r\n\r\n<ul class=\"svp_links\">\r\n \t<li><a href=\"https:\/\/siov.sk\/wp-content\/uploads\/2021\/01\/CNC-v-sustruzeni-a-frezovani-2021.docx\">Aktu\u00e1lna inform\u00e1cia o s\u00fa\u0165a\u017ei pre \u0161kolsk\u00fd rok 2020\/21<\/a><\/li>\r\n \t<li><a href=\"\/wp-content\/uploads\/2020\/01\/sutaz_CNC_6_rocnik_kvalifikacia_HODNOTIACA-SPRAVA.pdf\" target=\"_blank\" rel=\"noopener noreferrer\">Slovak championship in CNC turning and milling<\/a><\/li>\r\n \t<li><a href=\"\/wp-content\/uploads\/2020\/01\/Memorandum-Didactic-Martin-2020.pdf\" target=\"_blank\" rel=\"noopener noreferrer\">Memorandum Didactic Martin 2020<\/a><\/li>\r\n<\/ul>\t\t\t\t\t\t\t\t<\/div>\n\t\t\t\t<\/div>\n\t\t\t\t\t<\/div>\n\t\t<\/div>\n\t\t\t\t\t<\/div>\n\t\t<\/section>\n\t\t\t\t<\/div>","protected":false},"excerpt":{"rendered":"<p>Majstrovstv\u00e1 Slovenska v CNV s\u00fastru\u017een\u00ed a fr\u00e9zovan\u00ed Hodnotiaca spr\u00e1va kvalifika\u010dn\u00e9ho kola 6. ro\u010dn\u00edka s\u00fa\u0165a\u017ee Majstrovstv\u00e1 Slovenskej republiky v CNC s\u00fastru\u017een\u00ed a fr\u00e9zovan\u00ed. V kvalifika\u010dnom kole s\u00fa\u0165a\u017ee nastala podstatn\u00e1 zmena. S\u00fa\u0165a\u017en\u00e9 t\u00edmy zlo\u017een\u00e9 z pedag\u00f3ga a \u017eiaka vyr\u00e1bali s\u00fa\u010diastky pod\u013ea v\u00fdkresov\u00e9ho zadania, v \u010dasovom okne 4 hod\u00edn, vo svojom dom\u00e1com prostred\u00ed, na strojoch ktor\u00e9 maj\u00fa k [&hellip;]<\/p>\n","protected":false},"author":1,"featured_media":0,"parent":144,"menu_order":0,"comment_status":"closed","ping_status":"closed","template":"","meta":{"site-sidebar-layout":"default","site-content-layout":"default","ast-site-content-layout":"default","site-content-style":"default","site-sidebar-style":"default","ast-global-header-display":"","ast-banner-title-visibility":"","ast-main-header-display":"","ast-hfb-above-header-display":"","ast-hfb-below-header-display":"","ast-hfb-mobile-header-display":"","site-post-title":"disabled","ast-breadcrumbs-content":"","ast-featured-img":"","footer-sml-layout":"","ast-disable-related-posts":"","theme-transparent-header-meta":"default","adv-header-id-meta":"","stick-header-meta":"","header-above-stick-meta":"","header-main-stick-meta":"","header-below-stick-meta":"","astra-migrate-meta-layouts":"default","ast-page-background-enabled":"default","ast-page-background-meta":{"desktop":{"background-color":"var(--ast-global-color-4)","background-image":"","background-repeat":"repeat","background-position":"center center","background-size":"auto","background-attachment":"scroll","background-type":"","background-media":"","overlay-type":"","overlay-color":"","overlay-opacity":"","overlay-gradient":""},"tablet":{"background-color":"","background-image":"","background-repeat":"repeat","background-position":"center center","background-size":"auto","background-attachment":"scroll","background-type":"","background-media":"","overlay-type":"","overlay-color":"","overlay-opacity":"","overlay-gradient":""},"mobile":{"background-color":"","background-image":"","background-repeat":"repeat","background-position":"center center","background-size":"auto","background-attachment":"scroll","background-type":"","background-media":"","overlay-type":"","overlay-color":"","overlay-opacity":"","overlay-gradient":""}},"ast-content-background-meta":{"desktop":{"background-color":"var(--ast-global-color-5)","background-image":"","background-repeat":"repeat","background-position":"center center","background-size":"auto","background-attachment":"scroll","background-type":"","background-media":"","overlay-type":"","overlay-color":"","overlay-opacity":"","overlay-gradient":""},"tablet":{"background-color":"var(--ast-global-color-5)","background-image":"","background-repeat":"repeat","background-position":"center center","background-size":"auto","background-attachment":"scroll","background-type":"","background-media":"","overlay-type":"","overlay-color":"","overlay-opacity":"","overlay-gradient":""},"mobile":{"background-color":"var(--ast-global-color-5)","background-image":"","background-repeat":"repeat","background-position":"center center","background-size":"auto","background-attachment":"scroll","background-type":"","background-media":"","overlay-type":"","overlay-color":"","overlay-opacity":"","overlay-gradient":""}},"footnotes":""},"class_list":["post-4729","page","type-page","status-publish","hentry"],"yoast_head":"<!-- This site is optimized with the Yoast SEO plugin v27.5 - https:\/\/yoast.com\/product\/yoast-seo-wordpress\/ -->\n<title>Majstrovstv\u00e1 Slovenska v CNC s\u00fastru\u017een\u00ed a fr\u00e9zovan\u00ed - \u0160IOV - \u0161t\u00e1tny in\u0161tit\u00fat odborn\u00e9ho vzdel\u00e1vania<\/title>\n<meta name=\"robots\" content=\"index, follow, max-snippet:-1, max-image-preview:large, max-video-preview:-1\" \/>\n<link rel=\"canonical\" href=\"https:\/\/archiv.siov.sk\/en\/sutaze\/majstrovstva-slovenska-v-cnc-sustruzeni-a-frezovani\/\" \/>\n<meta property=\"og:locale\" content=\"en_GB\" \/>\n<meta property=\"og:type\" content=\"article\" \/>\n<meta property=\"og:title\" content=\"Majstrovstv\u00e1 Slovenska v CNC s\u00fastru\u017een\u00ed a fr\u00e9zovan\u00ed - \u0160IOV - \u0161t\u00e1tny in\u0161tit\u00fat odborn\u00e9ho vzdel\u00e1vania\" \/>\n<meta property=\"og:description\" content=\"Majstrovstv\u00e1 Slovenska v CNV s\u00fastru\u017een\u00ed a fr\u00e9zovan\u00ed Hodnotiaca spr\u00e1va kvalifika\u010dn\u00e9ho kola 6. ro\u010dn\u00edka s\u00fa\u0165a\u017ee Majstrovstv\u00e1 Slovenskej republiky v CNC s\u00fastru\u017een\u00ed a fr\u00e9zovan\u00ed. V kvalifika\u010dnom kole s\u00fa\u0165a\u017ee nastala podstatn\u00e1 zmena. S\u00fa\u0165a\u017en\u00e9 t\u00edmy zlo\u017een\u00e9 z pedag\u00f3ga a \u017eiaka vyr\u00e1bali s\u00fa\u010diastky pod\u013ea v\u00fdkresov\u00e9ho zadania, v \u010dasovom okne 4 hod\u00edn, vo svojom dom\u00e1com prostred\u00ed, na strojoch ktor\u00e9 maj\u00fa k [&hellip;]\" \/>\n<meta property=\"og:url\" content=\"https:\/\/archiv.siov.sk\/en\/sutaze\/majstrovstva-slovenska-v-cnc-sustruzeni-a-frezovani\/\" \/>\n<meta property=\"og:site_name\" content=\"\u0160IOV - \u0161t\u00e1tny in\u0161tit\u00fat odborn\u00e9ho vzdel\u00e1vania\" \/>\n<meta property=\"article:publisher\" content=\"https:\/\/www.facebook.com\/Statnyinstitutodbornehovzdelavania\" \/>\n<meta property=\"article:modified_time\" content=\"2021-07-23T07:05:29+00:00\" \/>\n<meta name=\"twitter:card\" content=\"summary_large_image\" \/>\n<meta name=\"twitter:label1\" content=\"Estimated reading time\" \/>\n\t<meta name=\"twitter:data1\" content=\"2 minutes\" \/>\n<script type=\"application\/ld+json\" class=\"yoast-schema-graph\">{\"@context\":\"https:\\\/\\\/schema.org\",\"@graph\":[{\"@type\":\"WebPage\",\"@id\":\"https:\\\/\\\/archiv.siov.sk\\\/sutaze\\\/majstrovstva-slovenska-v-cnc-sustruzeni-a-frezovani\\\/\",\"url\":\"https:\\\/\\\/archiv.siov.sk\\\/sutaze\\\/majstrovstva-slovenska-v-cnc-sustruzeni-a-frezovani\\\/\",\"name\":\"Majstrovstv\u00e1 Slovenska v CNC s\u00fastru\u017een\u00ed a fr\u00e9zovan\u00ed - \u0160IOV - \u0161t\u00e1tny in\u0161tit\u00fat odborn\u00e9ho vzdel\u00e1vania\",\"isPartOf\":{\"@id\":\"https:\\\/\\\/archiv.siov.sk\\\/#website\"},\"datePublished\":\"2020-01-13T12:26:07+00:00\",\"dateModified\":\"2021-07-23T07:05:29+00:00\",\"breadcrumb\":{\"@id\":\"https:\\\/\\\/archiv.siov.sk\\\/sutaze\\\/majstrovstva-slovenska-v-cnc-sustruzeni-a-frezovani\\\/#breadcrumb\"},\"inLanguage\":\"en-GB\",\"potentialAction\":[{\"@type\":\"ReadAction\",\"target\":[\"https:\\\/\\\/archiv.siov.sk\\\/sutaze\\\/majstrovstva-slovenska-v-cnc-sustruzeni-a-frezovani\\\/\"]}]},{\"@type\":\"BreadcrumbList\",\"@id\":\"https:\\\/\\\/archiv.siov.sk\\\/sutaze\\\/majstrovstva-slovenska-v-cnc-sustruzeni-a-frezovani\\\/#breadcrumb\",\"itemListElement\":[{\"@type\":\"ListItem\",\"position\":1,\"name\":\"Home\",\"item\":\"https:\\\/\\\/archiv.siov.sk\\\/\"},{\"@type\":\"ListItem\",\"position\":2,\"name\":\"S\u00fa\u0165a\u017ee\",\"item\":\"https:\\\/\\\/archiv.siov.sk\\\/sutaze\\\/\"},{\"@type\":\"ListItem\",\"position\":3,\"name\":\"Majstrovstv\u00e1 Slovenska v CNC s\u00fastru\u017een\u00ed a fr\u00e9zovan\u00ed\"}]},{\"@type\":\"WebSite\",\"@id\":\"https:\\\/\\\/archiv.siov.sk\\\/#website\",\"url\":\"https:\\\/\\\/archiv.siov.sk\\\/\",\"name\":\"\u0160IOV - \u0161t\u00e1tny in\u0161tit\u00fat odborn\u00e9ho vzdel\u00e1vania\",\"description\":\"\",\"publisher\":{\"@id\":\"https:\\\/\\\/archiv.siov.sk\\\/#organization\"},\"potentialAction\":[{\"@type\":\"SearchAction\",\"target\":{\"@type\":\"EntryPoint\",\"urlTemplate\":\"https:\\\/\\\/archiv.siov.sk\\\/?s={search_term_string}\"},\"query-input\":{\"@type\":\"PropertyValueSpecification\",\"valueRequired\":true,\"valueName\":\"search_term_string\"}}],\"inLanguage\":\"en-GB\"},{\"@type\":\"Organization\",\"@id\":\"https:\\\/\\\/archiv.siov.sk\\\/#organization\",\"name\":\"\u0160IOV - \u0161t\u00e1tny in\u0161tit\u00fat odborn\u00e9ho vzdel\u00e1vania\",\"url\":\"https:\\\/\\\/archiv.siov.sk\\\/\",\"logo\":{\"@type\":\"ImageObject\",\"inLanguage\":\"en-GB\",\"@id\":\"https:\\\/\\\/archiv.siov.sk\\\/#\\\/schema\\\/logo\\\/image\\\/\",\"url\":\"https:\\\/\\\/archiv.siov.sk\\\/wp-content\\\/uploads\\\/2024\\\/02\\\/logo-SIOV.png\",\"contentUrl\":\"https:\\\/\\\/archiv.siov.sk\\\/wp-content\\\/uploads\\\/2024\\\/02\\\/logo-SIOV.png\",\"width\":431,\"height\":143,\"caption\":\"\u0160IOV - \u0161t\u00e1tny in\u0161tit\u00fat odborn\u00e9ho vzdel\u00e1vania\"},\"image\":{\"@id\":\"https:\\\/\\\/archiv.siov.sk\\\/#\\\/schema\\\/logo\\\/image\\\/\"},\"sameAs\":[\"https:\\\/\\\/www.facebook.com\\\/Statnyinstitutodbornehovzdelavania\"]}]}<\/script>\n<!-- \/ Yoast SEO plugin. -->","yoast_head_json":{"title":"Majstrovstv\u00e1 Slovenska v CNC s\u00fastru\u017een\u00ed a fr\u00e9zovan\u00ed - \u0160IOV - \u0161t\u00e1tny in\u0161tit\u00fat odborn\u00e9ho vzdel\u00e1vania","robots":{"index":"index","follow":"follow","max-snippet":"max-snippet:-1","max-image-preview":"max-image-preview:large","max-video-preview":"max-video-preview:-1"},"canonical":"https:\/\/archiv.siov.sk\/en\/sutaze\/majstrovstva-slovenska-v-cnc-sustruzeni-a-frezovani\/","og_locale":"en_GB","og_type":"article","og_title":"Majstrovstv\u00e1 Slovenska v CNC s\u00fastru\u017een\u00ed a fr\u00e9zovan\u00ed - \u0160IOV - \u0161t\u00e1tny in\u0161tit\u00fat odborn\u00e9ho vzdel\u00e1vania","og_description":"Majstrovstv\u00e1 Slovenska v CNV s\u00fastru\u017een\u00ed a fr\u00e9zovan\u00ed Hodnotiaca spr\u00e1va kvalifika\u010dn\u00e9ho kola 6. ro\u010dn\u00edka s\u00fa\u0165a\u017ee Majstrovstv\u00e1 Slovenskej republiky v CNC s\u00fastru\u017een\u00ed a fr\u00e9zovan\u00ed. V kvalifika\u010dnom kole s\u00fa\u0165a\u017ee nastala podstatn\u00e1 zmena. S\u00fa\u0165a\u017en\u00e9 t\u00edmy zlo\u017een\u00e9 z pedag\u00f3ga a \u017eiaka vyr\u00e1bali s\u00fa\u010diastky pod\u013ea v\u00fdkresov\u00e9ho zadania, v \u010dasovom okne 4 hod\u00edn, vo svojom dom\u00e1com prostred\u00ed, na strojoch ktor\u00e9 maj\u00fa k [&hellip;]","og_url":"https:\/\/archiv.siov.sk\/en\/sutaze\/majstrovstva-slovenska-v-cnc-sustruzeni-a-frezovani\/","og_site_name":"\u0160IOV - \u0161t\u00e1tny in\u0161tit\u00fat odborn\u00e9ho vzdel\u00e1vania","article_publisher":"https:\/\/www.facebook.com\/Statnyinstitutodbornehovzdelavania","article_modified_time":"2021-07-23T07:05:29+00:00","twitter_card":"summary_large_image","twitter_misc":{"Estimated reading time":"2 minutes"},"schema":{"@context":"https:\/\/schema.org","@graph":[{"@type":"WebPage","@id":"https:\/\/archiv.siov.sk\/sutaze\/majstrovstva-slovenska-v-cnc-sustruzeni-a-frezovani\/","url":"https:\/\/archiv.siov.sk\/sutaze\/majstrovstva-slovenska-v-cnc-sustruzeni-a-frezovani\/","name":"Majstrovstv\u00e1 Slovenska v CNC s\u00fastru\u017een\u00ed a fr\u00e9zovan\u00ed - \u0160IOV - \u0161t\u00e1tny in\u0161tit\u00fat odborn\u00e9ho vzdel\u00e1vania","isPartOf":{"@id":"https:\/\/archiv.siov.sk\/#website"},"datePublished":"2020-01-13T12:26:07+00:00","dateModified":"2021-07-23T07:05:29+00:00","breadcrumb":{"@id":"https:\/\/archiv.siov.sk\/sutaze\/majstrovstva-slovenska-v-cnc-sustruzeni-a-frezovani\/#breadcrumb"},"inLanguage":"en-GB","potentialAction":[{"@type":"ReadAction","target":["https:\/\/archiv.siov.sk\/sutaze\/majstrovstva-slovenska-v-cnc-sustruzeni-a-frezovani\/"]}]},{"@type":"BreadcrumbList","@id":"https:\/\/archiv.siov.sk\/sutaze\/majstrovstva-slovenska-v-cnc-sustruzeni-a-frezovani\/#breadcrumb","itemListElement":[{"@type":"ListItem","position":1,"name":"Home","item":"https:\/\/archiv.siov.sk\/"},{"@type":"ListItem","position":2,"name":"S\u00fa\u0165a\u017ee","item":"https:\/\/archiv.siov.sk\/sutaze\/"},{"@type":"ListItem","position":3,"name":"Majstrovstv\u00e1 Slovenska v CNC s\u00fastru\u017een\u00ed a fr\u00e9zovan\u00ed"}]},{"@type":"WebSite","@id":"https:\/\/archiv.siov.sk\/#website","url":"https:\/\/archiv.siov.sk\/","name":"\u0160IOV - \u0161t\u00e1tny in\u0161tit\u00fat odborn\u00e9ho vzdel\u00e1vania","description":"","publisher":{"@id":"https:\/\/archiv.siov.sk\/#organization"},"potentialAction":[{"@type":"SearchAction","target":{"@type":"EntryPoint","urlTemplate":"https:\/\/archiv.siov.sk\/?s={search_term_string}"},"query-input":{"@type":"PropertyValueSpecification","valueRequired":true,"valueName":"search_term_string"}}],"inLanguage":"en-GB"},{"@type":"Organization","@id":"https:\/\/archiv.siov.sk\/#organization","name":"\u0160IOV - \u0161t\u00e1tny in\u0161tit\u00fat odborn\u00e9ho vzdel\u00e1vania","url":"https:\/\/archiv.siov.sk\/","logo":{"@type":"ImageObject","inLanguage":"en-GB","@id":"https:\/\/archiv.siov.sk\/#\/schema\/logo\/image\/","url":"https:\/\/archiv.siov.sk\/wp-content\/uploads\/2024\/02\/logo-SIOV.png","contentUrl":"https:\/\/archiv.siov.sk\/wp-content\/uploads\/2024\/02\/logo-SIOV.png","width":431,"height":143,"caption":"\u0160IOV - \u0161t\u00e1tny in\u0161tit\u00fat odborn\u00e9ho vzdel\u00e1vania"},"image":{"@id":"https:\/\/archiv.siov.sk\/#\/schema\/logo\/image\/"},"sameAs":["https:\/\/www.facebook.com\/Statnyinstitutodbornehovzdelavania"]}]}},"_links":{"self":[{"href":"https:\/\/archiv.siov.sk\/en\/wp-json\/wp\/v2\/pages\/4729","targetHints":{"allow":["GET"]}}],"collection":[{"href":"https:\/\/archiv.siov.sk\/en\/wp-json\/wp\/v2\/pages"}],"about":[{"href":"https:\/\/archiv.siov.sk\/en\/wp-json\/wp\/v2\/types\/page"}],"author":[{"embeddable":true,"href":"https:\/\/archiv.siov.sk\/en\/wp-json\/wp\/v2\/users\/1"}],"replies":[{"embeddable":true,"href":"https:\/\/archiv.siov.sk\/en\/wp-json\/wp\/v2\/comments?post=4729"}],"version-history":[{"count":10,"href":"https:\/\/archiv.siov.sk\/en\/wp-json\/wp\/v2\/pages\/4729\/revisions"}],"predecessor-version":[{"id":8926,"href":"https:\/\/archiv.siov.sk\/en\/wp-json\/wp\/v2\/pages\/4729\/revisions\/8926"}],"up":[{"embeddable":true,"href":"https:\/\/archiv.siov.sk\/en\/wp-json\/wp\/v2\/pages\/144"}],"wp:attachment":[{"href":"https:\/\/archiv.siov.sk\/en\/wp-json\/wp\/v2\/media?parent=4729"}],"curies":[{"name":"wp","href":"https:\/\/api.w.org\/{rel}","templated":true}]}}