{"id":45,"date":"2019-01-25T10:07:05","date_gmt":"2019-01-25T09:07:05","guid":{"rendered":"http:\/\/archiv.siov.sk\/?page_id=45"},"modified":"2025-11-13T12:43:17","modified_gmt":"2025-11-13T11:43:17","slug":"vzdelavacie-materialy","status":"publish","type":"page","link":"https:\/\/archiv.siov.sk\/en\/vzdelavanie\/ucebnice-a-ucebne-pomocky\/vzdelavacie-materialy\/","title":{"rendered":"Educational materials"},"content":{"rendered":"<h2>Educational materials<\/h2>\n<p>&nbsp;<\/p>\n<p><b>1. U\u010debn\u00e9 texty pre u\u010dite\u013eov z\u00e1kladn\u00fdch a\u00a0stredn\u00fdch \u0161k\u00f4l k\u00a0podpore finan\u010dnej gramotnosti:<\/b><\/p>\n<ul>\n<li><a href=\"\/wp-content\/uploads\/2020\/03\/Peniaze.pdf\" target=\"_blank\" rel=\"noopener noreferrer\">Peniaze<\/a><\/li>\n<\/ul>\n<p><b>2. Vzdel\u00e1vacie materi\u00e1ly pre odborn\u00fd kurz &#8222;Ovocin\u00e1r&#8220;:<\/b><br \/>\n&#8211; Biologick\u00e9 z\u00e1klady ovocin\u00e1rstva<br \/>\n&#8211; Pestovate\u013esk\u00e9 technol\u00f3gie<br \/>\n&#8211; Rez a tvarovanie<\/p>\n<p>Dostupn\u00e9 len ako \u0161tudijn\u00e9 materi\u00e1ly \u0161tudentom v on-line vzdel\u00e1van\u00ed prostredn\u00edctvom <a style=\"font-style: inherit; font-weight: inherit; font-family: var( --e-global-typography-text-font-family ), Sans-serif; background-color: #ffffff;\" href=\"http:\/\/distancne.vzdelavanie.siov.sk\/mod\/page\/view.php?id=3366\" target=\"_blank\" rel=\"noopener noreferrer\">kurzu \u201eOvocin\u00e1r\u201c<\/a><\/p>\n<p><b>3. Metodick\u00e1 pr\u00edru\u010dka k elektronickej u\u010debnici s obsahom t\u00e9m pre po\u013enohospod\u00e1rske technol\u00f3gie, agromechatroniku vr\u00e1tane manu\u00e1lov na jej pou\u017eitie vo vyu\u010dovacom procese u\u010dite\u013eom a \u017eiakom pri rie\u0161en\u00ed projektov a SO\u010c (Medzin\u00e1rodn\u00fd projekt AGROMECHATRONIK\u00a0\u00a0<\/b><b>2019-1-SK01-KA202-060773<\/b>\u00a0<b style=\"font-style: inherit; color: var( --e-global-color-text ); font-family: var( --e-global-typography-text-font-family ), Sans-serif;\">)<\/b><\/p>\n<p>Metodick\u00e1 pr\u00edru\u010dka &#8211; Agromechatronika k u\u010debnici\u00a0<a style=\"font-family: var( --e-global-typography-text-font-family ), Sans-serif; font-weight: var( --e-global-typography-text-font-weight ); background-color: #ffffff; font-size: 1rem;\" href=\"https:\/\/www.agromechatronik.eu\/\" target=\"_blank\" rel=\"noopener\">e-book<\/a><\/p>\n<p><b>4. Arboristick\u00e9 \u0161tandardy<\/b><\/p>\n<p>U\u010debn\u00e9 texty pod n\u00e1zvom <strong>\u201eArboristick\u00e9 \u0161tandardy\u201c <\/strong>boli vypracovan\u00e9 ako didaktick\u00fd materi\u00e1l pre u\u010dite\u013eov stredn\u00fdch odborn\u00fdch \u0161k\u00f4l. S\u00fa ur\u010den\u00e9 ako doplnkov\u00fd vzdel\u00e1vac\u00ed manu\u00e1l k v\u00fdu\u010dbe odborn\u00fdch predmetov s problematikou sadovn\u00edckej a\u00a0krajin\u00e1rskej tvorby v\u00a0u\u010debn\u00fdch a v\u00a0\u0161tudijn\u00fdch odboroch z\u00e1hradn\u00edckeho zamerania.<\/p>\n<p><em>Arboristick\u00e9 \u0161tandardy obsahuj\u00fa popisy technick\u00fdch postupov v r\u00e1mci starostlivosti o drevinov\u00fa veget\u00e1ciu rast\u00facu mimo lesa. Technologick\u00e9 postupy \u0161tandardov vych\u00e1dzaj\u00fa z pr\u00edkladov dobre zavedenej praxe v\u00a0oboroch \u2013 sadovn\u00edctva &#8211; krajin\u00e1rstva a\u00a0z\u00e1rove\u0148 s\u00fa vhodn\u00fdm manu\u00e1lom na:<\/em><\/p>\n<ul>\n<li><em>skvalitnenie pracovn\u00fdch postupov, <\/em><\/li>\n<li><em>zaistenie porovnate\u013enosti v\u00fdstupov,<\/em><\/li>\n<\/ul>\n<p><em>a zjednotenie terminol\u00f3gie v komunik\u00e1cii medzi projektantmi, dod\u00e1vate\u013emi, odberate\u013emi, \u00faradmi, odborn\u00fdmi in\u0161tit\u00faciami a org\u00e1nmi \u0161t\u00e1tnej spr\u00e1vy.<\/em><\/p>\n<p>Odpor\u00fa\u010danie na vypracovanie u\u010debn\u00fdch textov vzi\u0161lo z procesu pos\u00fadenia titulu u\u010debnice \u201eSadovn\u00edcka tvorba pre 4. ro\u010dn\u00edk\u201c ako eduka\u010dnej publik\u00e1cie na \u00fa\u010del op\u00e4tovn\u00e9ho vydania dolo\u017eky a\u00a0to \u00a0s\u00a0po\u017eiadavkou na doplnenie p\u00f4vodn\u00e9ho obsahu u\u010debnice o \u0161tandardiz\u00e1ciu technick\u00fdch postupov pri starostlivosti o\u00a0nelesn\u00fa drevinov\u00fa veget\u00e1ciu.<\/p>\n<p><a href=\"https:\/\/archiv.siov.sk\/wp-content\/uploads\/2023\/12\/ARBORISTICKE-STANDARDY-UCEB.TEXTY-FIN-1.pdf\" target=\"_blank\" rel=\"noopener\">Arboristick\u00e9 \u0161tandardy &#8211; u\u010debn\u00e9 texty<\/a><\/p>\n<p><b>5. Technol\u00f3gie trvalo udr\u017eate\u013en\u00e9ho po\u013enohospod\u00e1rstva<\/b><\/p>\n<p>U\u010debn\u00e9 texty pod n\u00e1zvom<strong> \u201eTechnol\u00f3gie trvalo udr\u017eate\u013en\u00e9ho po\u013enohospod\u00e1rstva\u201c<\/strong>\u00a0 boli vypracovan\u00e9 ako didaktick\u00fd materi\u00e1l pre u\u010dite\u013eov stredn\u00fdch odborn\u00fdch \u0161k\u00f4l. S\u00fa ur\u010den\u00e9 ako doplnkov\u00fd vzdel\u00e1vac\u00ed materi\u00e1l k v\u00fdu\u010dbe odborn\u00fdch predmetov ktor\u00e9 sa zaoberaj\u00fa technologick\u00fdmi procesmi pestovania kult\u00farnych plod\u00edn a\u00a0krmov\u00edn.<\/p>\n<p>Obsahovou n\u00e1pl\u0148ou u\u010debn\u00fdch textov je problematika vplyvu p\u00f4doochrann\u00fdch technol\u00f3gi\u00ed na p\u00f4du, na zmeny jej stavu vo vz\u0165ahu k pestovan\u00fdm plodin\u00e1m a hodnotenie vplyvov technog\u00e9nnych \u010dinite\u013eov na p\u00f4du a environment. S\u00fa\u010das\u0165ou didaktick\u00fdch textov s\u00fa aj najnov\u0161ie poznatky v\u00a0oblastiach:<\/p>\n<ul>\n<li>\u0161etrenia s p\u00f4dnou vlahou,<\/li>\n<li>ochrany proti veternej, vodnej er\u00f3zii,<\/li>\n<\/ul>\n<p>a zvy\u0161ovania obsahu organickej hmoty v p\u00f4de.<\/p>\n<p>Potreba na vypracovanie u\u010debn\u00fdch textov vzi\u0161la s\u00fa\u010dasne s\u00a0po\u017eiadavkou na inov\u00e1ciu obsahu vzdel\u00e1vania v\u00a0oblastiach alternat\u00edvnych postupov pestovania plod\u00edn a to s\u00a0d\u00f4razom na uplat\u0148ovanie p\u00f4doochrann\u00fdch technol\u00f3gi\u00ed.<\/p>\n<p><a href=\"https:\/\/archiv.siov.sk\/wp-content\/uploads\/2024\/05\/Technologie-trvalo-udrzatelneho-polnohospodarstva-FIN.pdf\" target=\"_blank\" rel=\"noopener\">Technol\u00f3gie trvalo udr\u017eate\u013en\u00e9ho po\u013enohospod\u00e1rstva &#8211; u\u010debn\u00e9 texty<\/a><\/p>\n<p><b>6. Chov v\u010diel<\/b><\/p>\n<p style=\"text-align: justify;\">U\u010debn\u00e9 texty s\u00a0tituln\u00fdm n\u00e1zvom \u201eChov v\u010diel\u201c s\u00fa prioritne ur\u010den\u00e9 pre u\u010dite\u013eov stredn\u00fdch odborn\u00fdch \u0161k\u00f4l p\u00f4dohospod\u00e1rskeho zamerania ako didaktick\u00e1 pom\u00f4cka k\u00a0v\u00fdu\u010dbe povinn\u00fdch odborn\u00fdch predmetov chov hospod\u00e1rskych zvierat a \u017eivo\u010d\u00ed\u0161na v\u00fdroba. Nako\u013eko ale z\u00e1rove\u0148 sp\u013a\u0148aj\u00fa z\u00e1kladn\u00e9 didaktick\u00e9 po\u017eiadavky kladen\u00e9 na stredo\u0161kolsk\u00fa u\u010debnicu, s\u00fa vhodn\u00e9 aj ako u\u010debn\u00fd materi\u00e1l k\u00a0samostatn\u00e9mu \u0161t\u00fadiu pre \u017eiaka strednej odbornej \u0161koly, ak sa \u0161kola aj prakticky venuje chovu v\u010diel a\u00a0m\u00e1 zaraden\u00fd volite\u013en\u00fd predmet z\u00e1klady v\u010del\u00e1rstva.<\/p>\n<p><a href=\"https:\/\/archiv.siov.sk\/wp-content\/uploads\/2024\/06\/Ucebne_texty_Chov_vciel_2024.pdf\" target=\"_blank\" rel=\"noopener\">Chov v\u010diel &#8211; u\u010debn\u00e9 texty<\/a><\/p>\n<p><b>7. Agrolesn\u00edctvo<\/b><\/p>\n<p style=\"text-align: justify;\">V r\u00e1mci inov\u00e1cie <strong>\u0160t\u00e1tneho vzdel\u00e1vacieho programu<\/strong> pre skupiny odborov <strong>42 a 45 \u2013 Po\u013enohospod\u00e1rstvo, lesn\u00e9 hospod\u00e1rstvo a rozvoj vidieka I, II<\/strong> boli do vzdel\u00e1vac\u00edch \u0161tandardov \u0161tudijn\u00e9ho odboru <strong>4219 M lesn\u00edctvo<\/strong> zapracovan\u00e9 nov\u00e9 vzdel\u00e1vacie \u0161tandardy zameran\u00e9 na problematiku <strong>agrolesn\u00edctva<\/strong>. <strong>State Vocational Education Institute<\/strong> v nadv\u00e4znosti na t\u00fato inov\u00e1ciu zabezpe\u010dil aj pr\u00edpravu nov\u00fdch u\u010debn\u00fdch textov, ktor\u00e9 podporuj\u00fa v\u00fdu\u010dbu a odborn\u00fa pr\u00edpravu v danej oblasti. U\u010debn\u00e9 texty s n\u00e1zvom <strong>\u201eAgrolesn\u00edctvo\u201c<\/strong> s\u00fa prioritne ur\u010den\u00e9 pre \u0161tudijn\u00e9 odbory <strong>4219 M lesn\u00edctvo<\/strong> a <strong>4521 L lesn\u00e9 hospod\u00e1rstvo<\/strong>, z\u00e1rove\u0148 v\u0161ak sl\u00fa\u017eia aj ako doplnkov\u00fd u\u010debn\u00fd materi\u00e1l pre \u010fal\u0161ie u\u010debn\u00e9 a \u0161tudijn\u00e9 odbory zameran\u00e9 na lesn\u00e9 hospod\u00e1rstvo.<\/p>\n<p><a href=\"https:\/\/archiv.siov.sk\/wp-content\/uploads\/2025\/11\/Ucebne-texty-Agrolesnictvo.pdf\" target=\"_blank\" rel=\"noopener\">Agrolesn\u00edctvo &#8211; u\u010debn\u00e9 texty<\/a><\/p>","protected":false},"excerpt":{"rendered":"<p>Vzdel\u00e1vacie materi\u00e1ly &nbsp; 1. U\u010debn\u00e9 texty pre u\u010dite\u013eov z\u00e1kladn\u00fdch a\u00a0stredn\u00fdch \u0161k\u00f4l k\u00a0podpore finan\u010dnej gramotnosti: Peniaze 2. Vzdel\u00e1vacie materi\u00e1ly pre odborn\u00fd kurz &#8222;Ovocin\u00e1r&#8220;: &#8211; Biologick\u00e9 z\u00e1klady ovocin\u00e1rstva &#8211; Pestovate\u013esk\u00e9 technol\u00f3gie &#8211; Rez a tvarovanie Dostupn\u00e9 len ako \u0161tudijn\u00e9 materi\u00e1ly \u0161tudentom v on-line vzdel\u00e1van\u00ed prostredn\u00edctvom kurzu \u201eOvocin\u00e1r\u201c 3. Metodick\u00e1 pr\u00edru\u010dka k elektronickej u\u010debnici s obsahom t\u00e9m pre [&hellip;]<\/p>\n","protected":false},"author":1,"featured_media":0,"parent":39,"menu_order":0,"comment_status":"closed","ping_status":"closed","template":"","meta":{"site-sidebar-layout":"default","site-content-layout":"default","ast-site-content-layout":"default","site-content-style":"default","site-sidebar-style":"default","ast-global-header-display":"","ast-banner-title-visibility":"","ast-main-header-display":"","ast-hfb-above-header-display":"","ast-hfb-below-header-display":"","ast-hfb-mobile-header-display":"","site-post-title":"disabled","ast-breadcrumbs-content":"","ast-featured-img":"","footer-sml-layout":"","ast-disable-related-posts":"","theme-transparent-header-meta":"default","adv-header-id-meta":"","stick-header-meta":"default","header-above-stick-meta":"","header-main-stick-meta":"","header-below-stick-meta":"","astra-migrate-meta-layouts":"set","ast-page-background-enabled":"default","ast-page-background-meta":{"desktop":{"background-color":"var(--ast-global-color-4)","background-image":"","background-repeat":"repeat","background-position":"center center","background-size":"auto","background-attachment":"scroll","background-type":"","background-media":"","overlay-type":"","overlay-color":"","overlay-opacity":"","overlay-gradient":""},"tablet":{"background-color":"","background-image":"","background-repeat":"repeat","background-position":"center center","background-size":"auto","background-attachment":"scroll","background-type":"","background-media":"","overlay-type":"","overlay-color":"","overlay-opacity":"","overlay-gradient":""},"mobile":{"background-color":"","background-image":"","background-repeat":"repeat","background-position":"center center","background-size":"auto","background-attachment":"scroll","background-type":"","background-media":"","overlay-type":"","overlay-color":"","overlay-opacity":"","overlay-gradient":""}},"ast-content-background-meta":{"desktop":{"background-color":"var(--ast-global-color-5)","background-image":"","background-repeat":"repeat","background-position":"center center","background-size":"auto","background-attachment":"scroll","background-type":"","background-media":"","overlay-type":"","overlay-color":"","overlay-opacity":"","overlay-gradient":""},"tablet":{"background-color":"var(--ast-global-color-5)","background-image":"","background-repeat":"repeat","background-position":"center center","background-size":"auto","background-attachment":"scroll","background-type":"","background-media":"","overlay-type":"","overlay-color":"","overlay-opacity":"","overlay-gradient":""},"mobile":{"background-color":"var(--ast-global-color-5)","background-image":"","background-repeat":"repeat","background-position":"center center","background-size":"auto","background-attachment":"scroll","background-type":"","background-media":"","overlay-type":"","overlay-color":"","overlay-opacity":"","overlay-gradient":""}},"footnotes":""},"class_list":["post-45","page","type-page","status-publish","hentry"],"yoast_head":"<!-- This site is optimized with the Yoast SEO plugin v27.5 - https:\/\/yoast.com\/product\/yoast-seo-wordpress\/ -->\n<title>Vzdel\u00e1vacie materi\u00e1ly - \u0160IOV - \u0161t\u00e1tny in\u0161tit\u00fat odborn\u00e9ho vzdel\u00e1vania<\/title>\n<meta name=\"robots\" content=\"index, follow, max-snippet:-1, max-image-preview:large, max-video-preview:-1\" \/>\n<link rel=\"canonical\" href=\"https:\/\/archiv.siov.sk\/en\/vzdelavanie\/ucebnice-a-ucebne-pomocky\/vzdelavacie-materialy\/\" \/>\n<meta property=\"og:locale\" content=\"en_GB\" \/>\n<meta property=\"og:type\" content=\"article\" \/>\n<meta property=\"og:title\" content=\"Vzdel\u00e1vacie materi\u00e1ly - \u0160IOV - \u0161t\u00e1tny in\u0161tit\u00fat odborn\u00e9ho vzdel\u00e1vania\" \/>\n<meta property=\"og:description\" content=\"Vzdel\u00e1vacie materi\u00e1ly &nbsp; 1. U\u010debn\u00e9 texty pre u\u010dite\u013eov z\u00e1kladn\u00fdch a\u00a0stredn\u00fdch \u0161k\u00f4l k\u00a0podpore finan\u010dnej gramotnosti: Peniaze 2. Vzdel\u00e1vacie materi\u00e1ly pre odborn\u00fd kurz &#8222;Ovocin\u00e1r&#8220;: &#8211; Biologick\u00e9 z\u00e1klady ovocin\u00e1rstva &#8211; Pestovate\u013esk\u00e9 technol\u00f3gie &#8211; Rez a tvarovanie Dostupn\u00e9 len ako \u0161tudijn\u00e9 materi\u00e1ly \u0161tudentom v on-line vzdel\u00e1van\u00ed prostredn\u00edctvom kurzu \u201eOvocin\u00e1r\u201c 3. Metodick\u00e1 pr\u00edru\u010dka k elektronickej u\u010debnici s obsahom t\u00e9m pre [&hellip;]\" \/>\n<meta property=\"og:url\" content=\"https:\/\/archiv.siov.sk\/en\/vzdelavanie\/ucebnice-a-ucebne-pomocky\/vzdelavacie-materialy\/\" \/>\n<meta property=\"og:site_name\" content=\"\u0160IOV - \u0161t\u00e1tny in\u0161tit\u00fat odborn\u00e9ho vzdel\u00e1vania\" \/>\n<meta property=\"article:publisher\" content=\"https:\/\/www.facebook.com\/Statnyinstitutodbornehovzdelavania\" \/>\n<meta property=\"article:modified_time\" content=\"2025-11-13T11:43:17+00:00\" \/>\n<meta name=\"twitter:card\" content=\"summary_large_image\" \/>\n<meta name=\"twitter:label1\" content=\"Estimated reading time\" \/>\n\t<meta name=\"twitter:data1\" content=\"3 minutes\" \/>\n<script type=\"application\/ld+json\" class=\"yoast-schema-graph\">{\"@context\":\"https:\\\/\\\/schema.org\",\"@graph\":[{\"@type\":\"WebPage\",\"@id\":\"https:\\\/\\\/archiv.siov.sk\\\/vzdelavanie\\\/ucebnice-a-ucebne-pomocky\\\/vzdelavacie-materialy\\\/\",\"url\":\"https:\\\/\\\/archiv.siov.sk\\\/vzdelavanie\\\/ucebnice-a-ucebne-pomocky\\\/vzdelavacie-materialy\\\/\",\"name\":\"Vzdel\u00e1vacie materi\u00e1ly - \u0160IOV - \u0161t\u00e1tny in\u0161tit\u00fat odborn\u00e9ho vzdel\u00e1vania\",\"isPartOf\":{\"@id\":\"https:\\\/\\\/archiv.siov.sk\\\/#website\"},\"datePublished\":\"2019-01-25T09:07:05+00:00\",\"dateModified\":\"2025-11-13T11:43:17+00:00\",\"breadcrumb\":{\"@id\":\"https:\\\/\\\/archiv.siov.sk\\\/vzdelavanie\\\/ucebnice-a-ucebne-pomocky\\\/vzdelavacie-materialy\\\/#breadcrumb\"},\"inLanguage\":\"en-GB\",\"potentialAction\":[{\"@type\":\"ReadAction\",\"target\":[\"https:\\\/\\\/archiv.siov.sk\\\/vzdelavanie\\\/ucebnice-a-ucebne-pomocky\\\/vzdelavacie-materialy\\\/\"]}]},{\"@type\":\"BreadcrumbList\",\"@id\":\"https:\\\/\\\/archiv.siov.sk\\\/vzdelavanie\\\/ucebnice-a-ucebne-pomocky\\\/vzdelavacie-materialy\\\/#breadcrumb\",\"itemListElement\":[{\"@type\":\"ListItem\",\"position\":1,\"name\":\"Home\",\"item\":\"https:\\\/\\\/archiv.siov.sk\\\/\"},{\"@type\":\"ListItem\",\"position\":2,\"name\":\"Vzdel\u00e1vanie\",\"item\":\"https:\\\/\\\/archiv.siov.sk\\\/vzdelavanie\\\/\"},{\"@type\":\"ListItem\",\"position\":3,\"name\":\"U\u010debnice a u\u010debn\u00e9 pom\u00f4cky\",\"item\":\"https:\\\/\\\/archiv.siov.sk\\\/vzdelavanie\\\/ucebnice-a-ucebne-pomocky\\\/\"},{\"@type\":\"ListItem\",\"position\":4,\"name\":\"Vzdel\u00e1vacie materi\u00e1ly\"}]},{\"@type\":\"WebSite\",\"@id\":\"https:\\\/\\\/archiv.siov.sk\\\/#website\",\"url\":\"https:\\\/\\\/archiv.siov.sk\\\/\",\"name\":\"\u0160IOV - \u0161t\u00e1tny in\u0161tit\u00fat odborn\u00e9ho vzdel\u00e1vania\",\"description\":\"\",\"publisher\":{\"@id\":\"https:\\\/\\\/archiv.siov.sk\\\/#organization\"},\"potentialAction\":[{\"@type\":\"SearchAction\",\"target\":{\"@type\":\"EntryPoint\",\"urlTemplate\":\"https:\\\/\\\/archiv.siov.sk\\\/?s={search_term_string}\"},\"query-input\":{\"@type\":\"PropertyValueSpecification\",\"valueRequired\":true,\"valueName\":\"search_term_string\"}}],\"inLanguage\":\"en-GB\"},{\"@type\":\"Organization\",\"@id\":\"https:\\\/\\\/archiv.siov.sk\\\/#organization\",\"name\":\"\u0160IOV - \u0161t\u00e1tny in\u0161tit\u00fat odborn\u00e9ho vzdel\u00e1vania\",\"url\":\"https:\\\/\\\/archiv.siov.sk\\\/\",\"logo\":{\"@type\":\"ImageObject\",\"inLanguage\":\"en-GB\",\"@id\":\"https:\\\/\\\/archiv.siov.sk\\\/#\\\/schema\\\/logo\\\/image\\\/\",\"url\":\"https:\\\/\\\/archiv.siov.sk\\\/wp-content\\\/uploads\\\/2024\\\/02\\\/logo-SIOV.png\",\"contentUrl\":\"https:\\\/\\\/archiv.siov.sk\\\/wp-content\\\/uploads\\\/2024\\\/02\\\/logo-SIOV.png\",\"width\":431,\"height\":143,\"caption\":\"\u0160IOV - \u0161t\u00e1tny in\u0161tit\u00fat odborn\u00e9ho vzdel\u00e1vania\"},\"image\":{\"@id\":\"https:\\\/\\\/archiv.siov.sk\\\/#\\\/schema\\\/logo\\\/image\\\/\"},\"sameAs\":[\"https:\\\/\\\/www.facebook.com\\\/Statnyinstitutodbornehovzdelavania\"]}]}<\/script>\n<!-- \/ Yoast SEO plugin. -->","yoast_head_json":{"title":"Vzdel\u00e1vacie materi\u00e1ly - \u0160IOV - \u0161t\u00e1tny in\u0161tit\u00fat odborn\u00e9ho vzdel\u00e1vania","robots":{"index":"index","follow":"follow","max-snippet":"max-snippet:-1","max-image-preview":"max-image-preview:large","max-video-preview":"max-video-preview:-1"},"canonical":"https:\/\/archiv.siov.sk\/en\/vzdelavanie\/ucebnice-a-ucebne-pomocky\/vzdelavacie-materialy\/","og_locale":"en_GB","og_type":"article","og_title":"Vzdel\u00e1vacie materi\u00e1ly - \u0160IOV - \u0161t\u00e1tny in\u0161tit\u00fat odborn\u00e9ho vzdel\u00e1vania","og_description":"Vzdel\u00e1vacie materi\u00e1ly &nbsp; 1. U\u010debn\u00e9 texty pre u\u010dite\u013eov z\u00e1kladn\u00fdch a\u00a0stredn\u00fdch \u0161k\u00f4l k\u00a0podpore finan\u010dnej gramotnosti: Peniaze 2. Vzdel\u00e1vacie materi\u00e1ly pre odborn\u00fd kurz &#8222;Ovocin\u00e1r&#8220;: &#8211; Biologick\u00e9 z\u00e1klady ovocin\u00e1rstva &#8211; Pestovate\u013esk\u00e9 technol\u00f3gie &#8211; Rez a tvarovanie Dostupn\u00e9 len ako \u0161tudijn\u00e9 materi\u00e1ly \u0161tudentom v on-line vzdel\u00e1van\u00ed prostredn\u00edctvom kurzu \u201eOvocin\u00e1r\u201c 3. Metodick\u00e1 pr\u00edru\u010dka k elektronickej u\u010debnici s obsahom t\u00e9m pre [&hellip;]","og_url":"https:\/\/archiv.siov.sk\/en\/vzdelavanie\/ucebnice-a-ucebne-pomocky\/vzdelavacie-materialy\/","og_site_name":"\u0160IOV - \u0161t\u00e1tny in\u0161tit\u00fat odborn\u00e9ho vzdel\u00e1vania","article_publisher":"https:\/\/www.facebook.com\/Statnyinstitutodbornehovzdelavania","article_modified_time":"2025-11-13T11:43:17+00:00","twitter_card":"summary_large_image","twitter_misc":{"Estimated reading time":"3 minutes"},"schema":{"@context":"https:\/\/schema.org","@graph":[{"@type":"WebPage","@id":"https:\/\/archiv.siov.sk\/vzdelavanie\/ucebnice-a-ucebne-pomocky\/vzdelavacie-materialy\/","url":"https:\/\/archiv.siov.sk\/vzdelavanie\/ucebnice-a-ucebne-pomocky\/vzdelavacie-materialy\/","name":"Vzdel\u00e1vacie materi\u00e1ly - \u0160IOV - \u0161t\u00e1tny in\u0161tit\u00fat odborn\u00e9ho vzdel\u00e1vania","isPartOf":{"@id":"https:\/\/archiv.siov.sk\/#website"},"datePublished":"2019-01-25T09:07:05+00:00","dateModified":"2025-11-13T11:43:17+00:00","breadcrumb":{"@id":"https:\/\/archiv.siov.sk\/vzdelavanie\/ucebnice-a-ucebne-pomocky\/vzdelavacie-materialy\/#breadcrumb"},"inLanguage":"en-GB","potentialAction":[{"@type":"ReadAction","target":["https:\/\/archiv.siov.sk\/vzdelavanie\/ucebnice-a-ucebne-pomocky\/vzdelavacie-materialy\/"]}]},{"@type":"BreadcrumbList","@id":"https:\/\/archiv.siov.sk\/vzdelavanie\/ucebnice-a-ucebne-pomocky\/vzdelavacie-materialy\/#breadcrumb","itemListElement":[{"@type":"ListItem","position":1,"name":"Home","item":"https:\/\/archiv.siov.sk\/"},{"@type":"ListItem","position":2,"name":"Vzdel\u00e1vanie","item":"https:\/\/archiv.siov.sk\/vzdelavanie\/"},{"@type":"ListItem","position":3,"name":"U\u010debnice a u\u010debn\u00e9 pom\u00f4cky","item":"https:\/\/archiv.siov.sk\/vzdelavanie\/ucebnice-a-ucebne-pomocky\/"},{"@type":"ListItem","position":4,"name":"Vzdel\u00e1vacie materi\u00e1ly"}]},{"@type":"WebSite","@id":"https:\/\/archiv.siov.sk\/#website","url":"https:\/\/archiv.siov.sk\/","name":"\u0160IOV - \u0161t\u00e1tny in\u0161tit\u00fat odborn\u00e9ho vzdel\u00e1vania","description":"","publisher":{"@id":"https:\/\/archiv.siov.sk\/#organization"},"potentialAction":[{"@type":"SearchAction","target":{"@type":"EntryPoint","urlTemplate":"https:\/\/archiv.siov.sk\/?s={search_term_string}"},"query-input":{"@type":"PropertyValueSpecification","valueRequired":true,"valueName":"search_term_string"}}],"inLanguage":"en-GB"},{"@type":"Organization","@id":"https:\/\/archiv.siov.sk\/#organization","name":"\u0160IOV - \u0161t\u00e1tny in\u0161tit\u00fat odborn\u00e9ho vzdel\u00e1vania","url":"https:\/\/archiv.siov.sk\/","logo":{"@type":"ImageObject","inLanguage":"en-GB","@id":"https:\/\/archiv.siov.sk\/#\/schema\/logo\/image\/","url":"https:\/\/archiv.siov.sk\/wp-content\/uploads\/2024\/02\/logo-SIOV.png","contentUrl":"https:\/\/archiv.siov.sk\/wp-content\/uploads\/2024\/02\/logo-SIOV.png","width":431,"height":143,"caption":"\u0160IOV - \u0161t\u00e1tny in\u0161tit\u00fat odborn\u00e9ho vzdel\u00e1vania"},"image":{"@id":"https:\/\/archiv.siov.sk\/#\/schema\/logo\/image\/"},"sameAs":["https:\/\/www.facebook.com\/Statnyinstitutodbornehovzdelavania"]}]}},"_links":{"self":[{"href":"https:\/\/archiv.siov.sk\/en\/wp-json\/wp\/v2\/pages\/45","targetHints":{"allow":["GET"]}}],"collection":[{"href":"https:\/\/archiv.siov.sk\/en\/wp-json\/wp\/v2\/pages"}],"about":[{"href":"https:\/\/archiv.siov.sk\/en\/wp-json\/wp\/v2\/types\/page"}],"author":[{"embeddable":true,"href":"https:\/\/archiv.siov.sk\/en\/wp-json\/wp\/v2\/users\/1"}],"replies":[{"embeddable":true,"href":"https:\/\/archiv.siov.sk\/en\/wp-json\/wp\/v2\/comments?post=45"}],"version-history":[{"count":21,"href":"https:\/\/archiv.siov.sk\/en\/wp-json\/wp\/v2\/pages\/45\/revisions"}],"predecessor-version":[{"id":21832,"href":"https:\/\/archiv.siov.sk\/en\/wp-json\/wp\/v2\/pages\/45\/revisions\/21832"}],"up":[{"embeddable":true,"href":"https:\/\/archiv.siov.sk\/en\/wp-json\/wp\/v2\/pages\/39"}],"wp:attachment":[{"href":"https:\/\/archiv.siov.sk\/en\/wp-json\/wp\/v2\/media?parent=45"}],"curies":[{"name":"wp","href":"https:\/\/api.w.org\/{rel}","templated":true}]}}