{"id":43,"date":"2019-01-25T10:06:01","date_gmt":"2019-01-25T09:06:01","guid":{"rendered":"http:\/\/archiv.siov.sk\/?page_id=43"},"modified":"2021-07-23T07:29:37","modified_gmt":"2021-07-23T05:29:37","slug":"schvalene-a-odporucane-ucebnice","status":"publish","type":"page","link":"https:\/\/archiv.siov.sk\/en\/vzdelavanie\/ucebnice-a-ucebne-pomocky\/schvalene-a-odporucane-ucebnice\/","title":{"rendered":"Approved and recommended textbooks"},"content":{"rendered":"<div data-elementor-type=\"wp-page\" data-elementor-id=\"43\" class=\"elementor elementor-43\" data-elementor-post-type=\"page\">\n\t\t\t\t\t\t<section class=\"elementor-section elementor-top-section elementor-element elementor-element-a09ad33 elementor-section-boxed elementor-section-height-default elementor-section-height-default\" data-id=\"a09ad33\" data-element_type=\"section\" data-e-type=\"section\">\n\t\t\t\t\t\t<div class=\"elementor-container elementor-column-gap-default\">\n\t\t\t\t\t<div class=\"elementor-column elementor-col-100 elementor-top-column elementor-element elementor-element-6862f3a\" data-id=\"6862f3a\" data-element_type=\"column\" data-e-type=\"column\">\n\t\t\t<div class=\"elementor-widget-wrap elementor-element-populated\">\n\t\t\t\t\t\t<div class=\"elementor-element elementor-element-de76c42 elementor-widget-divider--view-line elementor-widget elementor-widget-divider\" data-id=\"de76c42\" data-element_type=\"widget\" data-e-type=\"widget\" data-widget_type=\"divider.default\">\n\t\t\t\t<div class=\"elementor-widget-container\">\n\t\t\t\t\t\t\t<div class=\"elementor-divider\">\n\t\t\t<span class=\"elementor-divider-separator\">\n\t\t\t\t\t\t<\/span>\n\t\t<\/div>\n\t\t\t\t\t\t<\/div>\n\t\t\t\t<\/div>\n\t\t\t\t<div class=\"elementor-element elementor-element-6ba159b elementor-widget elementor-widget-heading\" data-id=\"6ba159b\" data-element_type=\"widget\" data-e-type=\"widget\" data-widget_type=\"heading.default\">\n\t\t\t\t<div class=\"elementor-widget-container\">\n\t\t\t\t\t<h2 class=\"elementor-heading-title elementor-size-default\">Approved and recommended textbooks<\/h2>\t\t\t\t<\/div>\n\t\t\t\t<\/div>\n\t\t\t\t\t<\/div>\n\t\t<\/div>\n\t\t\t\t\t<\/div>\n\t\t<\/section>\n\t\t\t\t<section class=\"elementor-section elementor-top-section elementor-element elementor-element-1e42cdbe elementor-section-boxed elementor-section-height-default elementor-section-height-default\" data-id=\"1e42cdbe\" data-element_type=\"section\" data-e-type=\"section\">\n\t\t\t\t\t\t<div class=\"elementor-container elementor-column-gap-default\">\n\t\t\t\t\t<div class=\"elementor-column elementor-col-100 elementor-top-column elementor-element elementor-element-367bb766\" data-id=\"367bb766\" data-element_type=\"column\" data-e-type=\"column\">\n\t\t\t<div class=\"elementor-widget-wrap elementor-element-populated\">\n\t\t\t\t\t\t<div class=\"elementor-element elementor-element-69c36974 elementor-widget elementor-widget-text-editor\" data-id=\"69c36974\" data-element_type=\"widget\" data-e-type=\"widget\" data-widget_type=\"text-editor.default\">\n\t\t\t\t<div class=\"elementor-widget-container\">\n\t\t\t\t\t\t\t\t\t\u0160t\u00e1tny in\u0161tit\u00fat odborn\u00e9ho vzdel\u00e1vania koordinuje tvorbu odborn\u00fdch u\u010debn\u00edc na SO\u0160 v&nbsp;zmysle platnej Smernice \u010d. 10\/2011, ktorou sa upravuje postup M\u0160VVa\u0160 SR a&nbsp;priamo riaden\u00fdch organiz\u00e1ci\u00ed pri v\u00fdbere a&nbsp;schva\u013eovan\u00ed u\u010debn\u00edc. Ide o&nbsp;kontinu\u00e1lny proces, ktor\u00fd v&nbsp;sebe zah\u0155\u0148a posudzovanie&nbsp; a&nbsp;hodnotenie u\u010debn\u00edc&nbsp; z&nbsp;h\u013eadiska s\u00faladu so \u0160VP, aktu\u00e1lnosti obsahu, odbornej a&nbsp;vecnej spr\u00e1vnosti inform\u00e1ci\u00ed,&nbsp;didaktick\u00e9ho spracovania, veku primeranosti, rozvoja osobnosti, spolo\u010denskej korektnosti.\r\n\r\n\u0160IOV participuje na vytv\u00e1ran\u00ed podkladov&nbsp; pre objedn\u00e1vacie konanie u\u010debn\u00edc a&nbsp;edi\u010dn\u00fd pl\u00e1n na pr\u00edslu\u0161n\u00fd kalend\u00e1rny rok.&nbsp; Pod\u013ea potreby aktualizuje datab\u00e1zu registra recenzentov,&nbsp; zverejnen\u00fa&nbsp; na Edi\u010dnom port\u00e1li M\u0160VVa\u0160 SR.\r\n\r\nSpracov\u00e1va podklady na iniciovanie verejn\u00fdch obstar\u00e1van\u00ed na jednotliv\u00e9 tituly u\u010debn\u00edc, ako aj reed\u00edci\u00ed na z\u00e1klade po\u017eiadaviek M\u0160VVa\u0160 SR. Metodicky a&nbsp;odborne vedie autorov pri tvorbe u\u010debn\u00edc.\r\n\r\nV&nbsp;r\u00e1mci schva\u013eovacieho procesu, vypracov\u00e1va schva\u013eovacie protokoly k&nbsp;u\u010debniciam, uskuto\u010d\u0148uje lektorsk\u00fa \u010dinnos\u0165 ako aj prezent\u00e1ciu u\u010debn\u00edc v&nbsp;r\u00e1mci odborn\u00fdch semin\u00e1rov pre jednotliv\u00e9 skupiny odborov SO\u0160.\r\n\r\nSchv\u00e1len\u00e9 u\u010debnice maj\u00fa schva\u013eovaciu dolo\u017eku M\u0160VV a \u0160 SR, je to dokument potvrdzuj\u00faci s\u00falad u\u010debnice so \u0161t\u00e1tnym vzdel\u00e1vac\u00edm programom.\r\n\r\nZoznam schv\u00e1len\u00fdch u\u010debn\u00edc pod\u013ea rokov:\r\n<ul class=\"svp_links\">\r\n \t<li><a href=\"http:\/\/siov.sk\/wp-content\/uploads\/2019\/02\/Schvalene-ucebnice-rok-2003.pdf\" target=\"_blank\" rel=\"noopener noreferrer\">rok 2003<\/a><\/li>\r\n \t<li><a href=\"http:\/\/siov.sk\/wp-content\/uploads\/2019\/02\/Schvalene-ucebnice-rok-2004.pdf\" target=\"_blank\" rel=\"noopener noreferrer\">rok 2004<\/a><\/li>\r\n \t<li><a href=\"http:\/\/siov.sk\/wp-content\/uploads\/2019\/02\/Schvalene-ucebnice-rok-2005.pdf\" target=\"_blank\" rel=\"noopener noreferrer\">rok 2005<\/a><\/li>\r\n \t<li><a href=\"http:\/\/siov.sk\/wp-content\/uploads\/2019\/02\/Schvalene-ucebnice-rok-2006.pdf\" target=\"_blank\" rel=\"noopener noreferrer\">rok 2006<\/a><\/li>\r\n \t<li><a href=\"http:\/\/siov.sk\/wp-content\/uploads\/2019\/02\/Schvalene-ucebnice-rok-2007.pdf\" target=\"_blank\" rel=\"noopener noreferrer\">rok 2007<\/a><\/li>\r\n \t<li><a href=\"http:\/\/siov.sk\/wp-content\/uploads\/2019\/02\/Schvalene-ucebnice-rok-2008.pdf\" target=\"_blank\" rel=\"noopener noreferrer\">rok 2008<\/a><\/li>\r\n \t<li><a href=\"http:\/\/siov.sk\/wp-content\/uploads\/2019\/02\/Schvalene-ucebnice-rok-2009.pdf\" target=\"_blank\" rel=\"noopener noreferrer\">rok 2009<\/a><\/li>\r\n \t<li><a href=\"http:\/\/siov.sk\/wp-content\/uploads\/2019\/02\/Schvalene-ucebnice-rok-2010.pdf\" target=\"_blank\" rel=\"noopener noreferrer\">rok 2010<\/a><\/li>\r\n \t<li><a href=\"http:\/\/siov.sk\/wp-content\/uploads\/2019\/02\/Schvalene-ucebnice-rok-2011.pdf\" target=\"_blank\" rel=\"noopener noreferrer\">rok 2011<\/a><\/li>\r\n \t<li><a href=\"http:\/\/siov.sk\/wp-content\/uploads\/2019\/02\/Schvalene-ucebnice-rok-2012.pdf\" target=\"_blank\" rel=\"noopener noreferrer\">rok 2012<\/a><\/li>\r\n \t<li><a href=\"http:\/\/siov.sk\/wp-content\/uploads\/2019\/02\/Schvalene-ucebnice-rok-2013.pdf\" target=\"_blank\" rel=\"noopener noreferrer\">rok 2013<\/a><\/li>\r\n \t<li><a href=\"http:\/\/siov.sk\/wp-content\/uploads\/2019\/02\/Schvalene-ucebnice-rok-2014.pdf\" target=\"_blank\" rel=\"noopener noreferrer\">rok 2014<\/a><\/li>\r\n \t<li><a href=\"http:\/\/siov.sk\/wp-content\/uploads\/2019\/02\/Schvalene-ucebnice-rok-2015.pdf\" target=\"_blank\" rel=\"noopener noreferrer\">rok 2015<\/a><\/li>\r\n \t<li><a href=\"http:\/\/siov.sk\/wp-content\/uploads\/2019\/02\/Schvalene-ucebnice-rok-2016.pdf\" target=\"_blank\" rel=\"noopener noreferrer\">rok 2016<\/a><\/li>\r\n \t<li><a href=\"http:\/\/siov.sk\/wp-content\/uploads\/2019\/02\/Schvalene-ucebnice-rok-2017.pdf\" target=\"_blank\" rel=\"noopener noreferrer\">rok 2017<\/a><\/li>\r\n \t<li><a href=\"http:\/\/siov.sk\/wp-content\/uploads\/2019\/02\/Schvalene-ucebnice-rok-2018.pdf\" target=\"_blank\" rel=\"noopener noreferrer\">rok 2018<\/a><\/li>\r\n \t<li><a href=\"https:\/\/siov.sk\/wp-content\/uploads\/2020\/06\/Schv\u00e1len\u00e9-u\u010debnice-2019.pdf\" target=\"_blank\" rel=\"noopener noreferrer\">rok 2019<\/a><\/li>\r\n<\/ul>\r\n&nbsp;\t\t\t\t\t\t\t\t<\/div>\n\t\t\t\t<\/div>\n\t\t\t\t\t<\/div>\n\t\t<\/div>\n\t\t\t\t\t<\/div>\n\t\t<\/section>\n\t\t\t\t<\/div>","protected":false},"excerpt":{"rendered":"<p>Schv\u00e1len\u00e9 a odpor\u00fa\u010dan\u00e9 u\u010debnice \u0160t\u00e1tny in\u0161tit\u00fat odborn\u00e9ho vzdel\u00e1vania koordinuje tvorbu odborn\u00fdch u\u010debn\u00edc na SO\u0160 v&nbsp;zmysle platnej Smernice \u010d. 10\/2011, ktorou sa upravuje postup M\u0160VVa\u0160 SR a&nbsp;priamo riaden\u00fdch organiz\u00e1ci\u00ed pri v\u00fdbere a&nbsp;schva\u013eovan\u00ed u\u010debn\u00edc. Ide o&nbsp;kontinu\u00e1lny proces, ktor\u00fd v&nbsp;sebe zah\u0155\u0148a posudzovanie&nbsp; a&nbsp;hodnotenie u\u010debn\u00edc&nbsp; z&nbsp;h\u013eadiska s\u00faladu so \u0160VP, aktu\u00e1lnosti obsahu, odbornej a&nbsp;vecnej spr\u00e1vnosti inform\u00e1ci\u00ed,&nbsp;didaktick\u00e9ho spracovania, veku primeranosti, rozvoja [&hellip;]<\/p>\n","protected":false},"author":1,"featured_media":0,"parent":39,"menu_order":0,"comment_status":"closed","ping_status":"closed","template":"","meta":{"site-sidebar-layout":"default","site-content-layout":"default","ast-site-content-layout":"default","site-content-style":"default","site-sidebar-style":"default","ast-global-header-display":"","ast-banner-title-visibility":"","ast-main-header-display":"","ast-hfb-above-header-display":"","ast-hfb-below-header-display":"","ast-hfb-mobile-header-display":"","site-post-title":"disabled","ast-breadcrumbs-content":"","ast-featured-img":"","footer-sml-layout":"","ast-disable-related-posts":"","theme-transparent-header-meta":"default","adv-header-id-meta":"","stick-header-meta":"","header-above-stick-meta":"","header-main-stick-meta":"","header-below-stick-meta":"","astra-migrate-meta-layouts":"default","ast-page-background-enabled":"default","ast-page-background-meta":{"desktop":{"background-color":"var(--ast-global-color-4)","background-image":"","background-repeat":"repeat","background-position":"center center","background-size":"auto","background-attachment":"scroll","background-type":"","background-media":"","overlay-type":"","overlay-color":"","overlay-opacity":"","overlay-gradient":""},"tablet":{"background-color":"","background-image":"","background-repeat":"repeat","background-position":"center center","background-size":"auto","background-attachment":"scroll","background-type":"","background-media":"","overlay-type":"","overlay-color":"","overlay-opacity":"","overlay-gradient":""},"mobile":{"background-color":"","background-image":"","background-repeat":"repeat","background-position":"center center","background-size":"auto","background-attachment":"scroll","background-type":"","background-media":"","overlay-type":"","overlay-color":"","overlay-opacity":"","overlay-gradient":""}},"ast-content-background-meta":{"desktop":{"background-color":"var(--ast-global-color-5)","background-image":"","background-repeat":"repeat","background-position":"center center","background-size":"auto","background-attachment":"scroll","background-type":"","background-media":"","overlay-type":"","overlay-color":"","overlay-opacity":"","overlay-gradient":""},"tablet":{"background-color":"var(--ast-global-color-5)","background-image":"","background-repeat":"repeat","background-position":"center center","background-size":"auto","background-attachment":"scroll","background-type":"","background-media":"","overlay-type":"","overlay-color":"","overlay-opacity":"","overlay-gradient":""},"mobile":{"background-color":"var(--ast-global-color-5)","background-image":"","background-repeat":"repeat","background-position":"center center","background-size":"auto","background-attachment":"scroll","background-type":"","background-media":"","overlay-type":"","overlay-color":"","overlay-opacity":"","overlay-gradient":""}},"footnotes":""},"class_list":["post-43","page","type-page","status-publish","hentry"],"yoast_head":"<!-- This site is optimized with the Yoast SEO plugin v27.5 - https:\/\/yoast.com\/product\/yoast-seo-wordpress\/ -->\n<title>Schv\u00e1len\u00e9 a odpor\u00fa\u010dan\u00e9 u\u010debnice - \u0160IOV - \u0161t\u00e1tny in\u0161tit\u00fat odborn\u00e9ho vzdel\u00e1vania<\/title>\n<meta name=\"robots\" content=\"index, follow, max-snippet:-1, max-image-preview:large, max-video-preview:-1\" \/>\n<link rel=\"canonical\" href=\"https:\/\/archiv.siov.sk\/en\/vzdelavanie\/ucebnice-a-ucebne-pomocky\/schvalene-a-odporucane-ucebnice\/\" \/>\n<meta property=\"og:locale\" content=\"en_GB\" \/>\n<meta property=\"og:type\" content=\"article\" \/>\n<meta property=\"og:title\" content=\"Schv\u00e1len\u00e9 a odpor\u00fa\u010dan\u00e9 u\u010debnice - \u0160IOV - \u0161t\u00e1tny in\u0161tit\u00fat odborn\u00e9ho vzdel\u00e1vania\" \/>\n<meta property=\"og:description\" content=\"Schv\u00e1len\u00e9 a odpor\u00fa\u010dan\u00e9 u\u010debnice \u0160t\u00e1tny in\u0161tit\u00fat odborn\u00e9ho vzdel\u00e1vania koordinuje tvorbu odborn\u00fdch u\u010debn\u00edc na SO\u0160 v&nbsp;zmysle platnej Smernice \u010d. 10\/2011, ktorou sa upravuje postup M\u0160VVa\u0160 SR a&nbsp;priamo riaden\u00fdch organiz\u00e1ci\u00ed pri v\u00fdbere a&nbsp;schva\u013eovan\u00ed u\u010debn\u00edc. Ide o&nbsp;kontinu\u00e1lny proces, ktor\u00fd v&nbsp;sebe zah\u0155\u0148a posudzovanie&nbsp; a&nbsp;hodnotenie u\u010debn\u00edc&nbsp; z&nbsp;h\u013eadiska s\u00faladu so \u0160VP, aktu\u00e1lnosti obsahu, odbornej a&nbsp;vecnej spr\u00e1vnosti inform\u00e1ci\u00ed,&nbsp;didaktick\u00e9ho spracovania, veku primeranosti, rozvoja [&hellip;]\" \/>\n<meta property=\"og:url\" content=\"https:\/\/archiv.siov.sk\/en\/vzdelavanie\/ucebnice-a-ucebne-pomocky\/schvalene-a-odporucane-ucebnice\/\" \/>\n<meta property=\"og:site_name\" content=\"\u0160IOV - \u0161t\u00e1tny in\u0161tit\u00fat odborn\u00e9ho vzdel\u00e1vania\" \/>\n<meta property=\"article:publisher\" content=\"https:\/\/www.facebook.com\/Statnyinstitutodbornehovzdelavania\" \/>\n<meta property=\"article:modified_time\" content=\"2021-07-23T05:29:37+00:00\" \/>\n<meta name=\"twitter:card\" content=\"summary_large_image\" \/>\n<meta name=\"twitter:label1\" content=\"Estimated reading time\" \/>\n\t<meta name=\"twitter:data1\" content=\"1 minute\" \/>\n<script type=\"application\/ld+json\" class=\"yoast-schema-graph\">{\"@context\":\"https:\\\/\\\/schema.org\",\"@graph\":[{\"@type\":\"WebPage\",\"@id\":\"https:\\\/\\\/archiv.siov.sk\\\/vzdelavanie\\\/ucebnice-a-ucebne-pomocky\\\/schvalene-a-odporucane-ucebnice\\\/\",\"url\":\"https:\\\/\\\/archiv.siov.sk\\\/vzdelavanie\\\/ucebnice-a-ucebne-pomocky\\\/schvalene-a-odporucane-ucebnice\\\/\",\"name\":\"Schv\u00e1len\u00e9 a odpor\u00fa\u010dan\u00e9 u\u010debnice - \u0160IOV - \u0161t\u00e1tny in\u0161tit\u00fat odborn\u00e9ho vzdel\u00e1vania\",\"isPartOf\":{\"@id\":\"https:\\\/\\\/archiv.siov.sk\\\/#website\"},\"datePublished\":\"2019-01-25T09:06:01+00:00\",\"dateModified\":\"2021-07-23T05:29:37+00:00\",\"breadcrumb\":{\"@id\":\"https:\\\/\\\/archiv.siov.sk\\\/vzdelavanie\\\/ucebnice-a-ucebne-pomocky\\\/schvalene-a-odporucane-ucebnice\\\/#breadcrumb\"},\"inLanguage\":\"en-GB\",\"potentialAction\":[{\"@type\":\"ReadAction\",\"target\":[\"https:\\\/\\\/archiv.siov.sk\\\/vzdelavanie\\\/ucebnice-a-ucebne-pomocky\\\/schvalene-a-odporucane-ucebnice\\\/\"]}]},{\"@type\":\"BreadcrumbList\",\"@id\":\"https:\\\/\\\/archiv.siov.sk\\\/vzdelavanie\\\/ucebnice-a-ucebne-pomocky\\\/schvalene-a-odporucane-ucebnice\\\/#breadcrumb\",\"itemListElement\":[{\"@type\":\"ListItem\",\"position\":1,\"name\":\"Home\",\"item\":\"https:\\\/\\\/archiv.siov.sk\\\/\"},{\"@type\":\"ListItem\",\"position\":2,\"name\":\"Vzdel\u00e1vanie\",\"item\":\"https:\\\/\\\/archiv.siov.sk\\\/vzdelavanie\\\/\"},{\"@type\":\"ListItem\",\"position\":3,\"name\":\"U\u010debnice a u\u010debn\u00e9 pom\u00f4cky\",\"item\":\"https:\\\/\\\/archiv.siov.sk\\\/vzdelavanie\\\/ucebnice-a-ucebne-pomocky\\\/\"},{\"@type\":\"ListItem\",\"position\":4,\"name\":\"Schv\u00e1len\u00e9 a odpor\u00fa\u010dan\u00e9 u\u010debnice\"}]},{\"@type\":\"WebSite\",\"@id\":\"https:\\\/\\\/archiv.siov.sk\\\/#website\",\"url\":\"https:\\\/\\\/archiv.siov.sk\\\/\",\"name\":\"\u0160IOV - \u0161t\u00e1tny in\u0161tit\u00fat odborn\u00e9ho vzdel\u00e1vania\",\"description\":\"\",\"publisher\":{\"@id\":\"https:\\\/\\\/archiv.siov.sk\\\/#organization\"},\"potentialAction\":[{\"@type\":\"SearchAction\",\"target\":{\"@type\":\"EntryPoint\",\"urlTemplate\":\"https:\\\/\\\/archiv.siov.sk\\\/?s={search_term_string}\"},\"query-input\":{\"@type\":\"PropertyValueSpecification\",\"valueRequired\":true,\"valueName\":\"search_term_string\"}}],\"inLanguage\":\"en-GB\"},{\"@type\":\"Organization\",\"@id\":\"https:\\\/\\\/archiv.siov.sk\\\/#organization\",\"name\":\"\u0160IOV - \u0161t\u00e1tny in\u0161tit\u00fat odborn\u00e9ho vzdel\u00e1vania\",\"url\":\"https:\\\/\\\/archiv.siov.sk\\\/\",\"logo\":{\"@type\":\"ImageObject\",\"inLanguage\":\"en-GB\",\"@id\":\"https:\\\/\\\/archiv.siov.sk\\\/#\\\/schema\\\/logo\\\/image\\\/\",\"url\":\"https:\\\/\\\/archiv.siov.sk\\\/wp-content\\\/uploads\\\/2024\\\/02\\\/logo-SIOV.png\",\"contentUrl\":\"https:\\\/\\\/archiv.siov.sk\\\/wp-content\\\/uploads\\\/2024\\\/02\\\/logo-SIOV.png\",\"width\":431,\"height\":143,\"caption\":\"\u0160IOV - \u0161t\u00e1tny in\u0161tit\u00fat odborn\u00e9ho vzdel\u00e1vania\"},\"image\":{\"@id\":\"https:\\\/\\\/archiv.siov.sk\\\/#\\\/schema\\\/logo\\\/image\\\/\"},\"sameAs\":[\"https:\\\/\\\/www.facebook.com\\\/Statnyinstitutodbornehovzdelavania\"]}]}<\/script>\n<!-- \/ Yoast SEO plugin. -->","yoast_head_json":{"title":"Schv\u00e1len\u00e9 a odpor\u00fa\u010dan\u00e9 u\u010debnice - \u0160IOV - \u0161t\u00e1tny in\u0161tit\u00fat odborn\u00e9ho vzdel\u00e1vania","robots":{"index":"index","follow":"follow","max-snippet":"max-snippet:-1","max-image-preview":"max-image-preview:large","max-video-preview":"max-video-preview:-1"},"canonical":"https:\/\/archiv.siov.sk\/en\/vzdelavanie\/ucebnice-a-ucebne-pomocky\/schvalene-a-odporucane-ucebnice\/","og_locale":"en_GB","og_type":"article","og_title":"Schv\u00e1len\u00e9 a odpor\u00fa\u010dan\u00e9 u\u010debnice - \u0160IOV - \u0161t\u00e1tny in\u0161tit\u00fat odborn\u00e9ho vzdel\u00e1vania","og_description":"Schv\u00e1len\u00e9 a odpor\u00fa\u010dan\u00e9 u\u010debnice \u0160t\u00e1tny in\u0161tit\u00fat odborn\u00e9ho vzdel\u00e1vania koordinuje tvorbu odborn\u00fdch u\u010debn\u00edc na SO\u0160 v&nbsp;zmysle platnej Smernice \u010d. 10\/2011, ktorou sa upravuje postup M\u0160VVa\u0160 SR a&nbsp;priamo riaden\u00fdch organiz\u00e1ci\u00ed pri v\u00fdbere a&nbsp;schva\u013eovan\u00ed u\u010debn\u00edc. Ide o&nbsp;kontinu\u00e1lny proces, ktor\u00fd v&nbsp;sebe zah\u0155\u0148a posudzovanie&nbsp; a&nbsp;hodnotenie u\u010debn\u00edc&nbsp; z&nbsp;h\u013eadiska s\u00faladu so \u0160VP, aktu\u00e1lnosti obsahu, odbornej a&nbsp;vecnej spr\u00e1vnosti inform\u00e1ci\u00ed,&nbsp;didaktick\u00e9ho spracovania, veku primeranosti, rozvoja [&hellip;]","og_url":"https:\/\/archiv.siov.sk\/en\/vzdelavanie\/ucebnice-a-ucebne-pomocky\/schvalene-a-odporucane-ucebnice\/","og_site_name":"\u0160IOV - \u0161t\u00e1tny in\u0161tit\u00fat odborn\u00e9ho vzdel\u00e1vania","article_publisher":"https:\/\/www.facebook.com\/Statnyinstitutodbornehovzdelavania","article_modified_time":"2021-07-23T05:29:37+00:00","twitter_card":"summary_large_image","twitter_misc":{"Estimated reading time":"1 minute"},"schema":{"@context":"https:\/\/schema.org","@graph":[{"@type":"WebPage","@id":"https:\/\/archiv.siov.sk\/vzdelavanie\/ucebnice-a-ucebne-pomocky\/schvalene-a-odporucane-ucebnice\/","url":"https:\/\/archiv.siov.sk\/vzdelavanie\/ucebnice-a-ucebne-pomocky\/schvalene-a-odporucane-ucebnice\/","name":"Schv\u00e1len\u00e9 a odpor\u00fa\u010dan\u00e9 u\u010debnice - \u0160IOV - \u0161t\u00e1tny in\u0161tit\u00fat odborn\u00e9ho vzdel\u00e1vania","isPartOf":{"@id":"https:\/\/archiv.siov.sk\/#website"},"datePublished":"2019-01-25T09:06:01+00:00","dateModified":"2021-07-23T05:29:37+00:00","breadcrumb":{"@id":"https:\/\/archiv.siov.sk\/vzdelavanie\/ucebnice-a-ucebne-pomocky\/schvalene-a-odporucane-ucebnice\/#breadcrumb"},"inLanguage":"en-GB","potentialAction":[{"@type":"ReadAction","target":["https:\/\/archiv.siov.sk\/vzdelavanie\/ucebnice-a-ucebne-pomocky\/schvalene-a-odporucane-ucebnice\/"]}]},{"@type":"BreadcrumbList","@id":"https:\/\/archiv.siov.sk\/vzdelavanie\/ucebnice-a-ucebne-pomocky\/schvalene-a-odporucane-ucebnice\/#breadcrumb","itemListElement":[{"@type":"ListItem","position":1,"name":"Home","item":"https:\/\/archiv.siov.sk\/"},{"@type":"ListItem","position":2,"name":"Vzdel\u00e1vanie","item":"https:\/\/archiv.siov.sk\/vzdelavanie\/"},{"@type":"ListItem","position":3,"name":"U\u010debnice a u\u010debn\u00e9 pom\u00f4cky","item":"https:\/\/archiv.siov.sk\/vzdelavanie\/ucebnice-a-ucebne-pomocky\/"},{"@type":"ListItem","position":4,"name":"Schv\u00e1len\u00e9 a odpor\u00fa\u010dan\u00e9 u\u010debnice"}]},{"@type":"WebSite","@id":"https:\/\/archiv.siov.sk\/#website","url":"https:\/\/archiv.siov.sk\/","name":"\u0160IOV - \u0161t\u00e1tny in\u0161tit\u00fat odborn\u00e9ho vzdel\u00e1vania","description":"","publisher":{"@id":"https:\/\/archiv.siov.sk\/#organization"},"potentialAction":[{"@type":"SearchAction","target":{"@type":"EntryPoint","urlTemplate":"https:\/\/archiv.siov.sk\/?s={search_term_string}"},"query-input":{"@type":"PropertyValueSpecification","valueRequired":true,"valueName":"search_term_string"}}],"inLanguage":"en-GB"},{"@type":"Organization","@id":"https:\/\/archiv.siov.sk\/#organization","name":"\u0160IOV - \u0161t\u00e1tny in\u0161tit\u00fat odborn\u00e9ho vzdel\u00e1vania","url":"https:\/\/archiv.siov.sk\/","logo":{"@type":"ImageObject","inLanguage":"en-GB","@id":"https:\/\/archiv.siov.sk\/#\/schema\/logo\/image\/","url":"https:\/\/archiv.siov.sk\/wp-content\/uploads\/2024\/02\/logo-SIOV.png","contentUrl":"https:\/\/archiv.siov.sk\/wp-content\/uploads\/2024\/02\/logo-SIOV.png","width":431,"height":143,"caption":"\u0160IOV - \u0161t\u00e1tny in\u0161tit\u00fat odborn\u00e9ho vzdel\u00e1vania"},"image":{"@id":"https:\/\/archiv.siov.sk\/#\/schema\/logo\/image\/"},"sameAs":["https:\/\/www.facebook.com\/Statnyinstitutodbornehovzdelavania"]}]}},"_links":{"self":[{"href":"https:\/\/archiv.siov.sk\/en\/wp-json\/wp\/v2\/pages\/43","targetHints":{"allow":["GET"]}}],"collection":[{"href":"https:\/\/archiv.siov.sk\/en\/wp-json\/wp\/v2\/pages"}],"about":[{"href":"https:\/\/archiv.siov.sk\/en\/wp-json\/wp\/v2\/types\/page"}],"author":[{"embeddable":true,"href":"https:\/\/archiv.siov.sk\/en\/wp-json\/wp\/v2\/users\/1"}],"replies":[{"embeddable":true,"href":"https:\/\/archiv.siov.sk\/en\/wp-json\/wp\/v2\/comments?post=43"}],"version-history":[{"count":9,"href":"https:\/\/archiv.siov.sk\/en\/wp-json\/wp\/v2\/pages\/43\/revisions"}],"predecessor-version":[{"id":8700,"href":"https:\/\/archiv.siov.sk\/en\/wp-json\/wp\/v2\/pages\/43\/revisions\/8700"}],"up":[{"embeddable":true,"href":"https:\/\/archiv.siov.sk\/en\/wp-json\/wp\/v2\/pages\/39"}],"wp:attachment":[{"href":"https:\/\/archiv.siov.sk\/en\/wp-json\/wp\/v2\/media?parent=43"}],"curies":[{"name":"wp","href":"https:\/\/api.w.org\/{rel}","templated":true}]}}