{"id":3991,"date":"2019-06-25T13:06:10","date_gmt":"2019-06-25T11:06:10","guid":{"rendered":"http:\/\/archiv.siov.sk\/?page_id=3991"},"modified":"2025-09-24T12:09:43","modified_gmt":"2025-09-24T10:09:43","slug":"ipm-student-award","status":"publish","type":"page","link":"https:\/\/archiv.siov.sk\/en\/sutaze\/ipm-student-award\/","title":{"rendered":"IPM STUDENT AWARD"},"content":{"rendered":"<h2>IPM Student Award<\/h2>\n<p>&nbsp;<\/p>\n<p><strong>\u0160kolsk\u00fd rok 2025\/2026<\/strong><\/p>\n<ul>\n<li><a href=\"https:\/\/archiv.siov.sk\/wp-content\/uploads\/2025\/09\/Vyhlasenie-sutaze-IPM-STUDENT-AWARD-2025_26.pdf\" target=\"_blank\" rel=\"noopener\">Vyhl\u00e1senie 25. ro\u010dn\u00edka celo\u0161t\u00e1tneho kola s\u00fa\u0165a\u017ee<\/a><\/li>\n<li><a href=\"https:\/\/archiv.siov.sk\/wp-content\/uploads\/2025\/09\/OP-IPM-Student-Award-platnost-2025_final-.pdf\" target=\"_blank\" rel=\"noopener\">Organiza\u010dn\u00fd poriadok<\/a><\/li>\n<\/ul>\n<p><strong>\u0160kolsk\u00fd rok 2024\/2025<\/strong><\/p>\n<ul>\n<li><a href=\"https:\/\/archiv.siov.sk\/wp-content\/uploads\/2025\/09\/IPM-2025-vysledkova-listina.pdf\" target=\"_blank\" rel=\"noopener\">Vyhodnotenie 24. ro\u010dn\u00edka celo\u0161t\u00e1tneho kola s\u00fa\u0165a\u017ee<\/a><\/li>\n<li><a href=\"https:\/\/archiv.siov.sk\/wp-content\/uploads\/2024\/08\/Memorandum-o-spolupraci-IPM-Student-Award-2024.pdf\" target=\"_blank\" rel=\"noopener\">Memorandum o spolupr\u00e1ci<\/a><\/li>\n<li><a href=\"https:\/\/archiv.siov.sk\/wp-content\/uploads\/2024\/08\/Vyhlasenie-sutaze-IPM-STUDENT-AWARD-2024_25_.doc\" target=\"_blank\" rel=\"noopener\">Vyhl\u00e1senie 24. ro\u010dn\u00edka celo\u0161t\u00e1tneho kola s\u00fa\u0165a\u017ee<\/a><\/li>\n<li><a href=\"https:\/\/archiv.siov.sk\/wp-content\/uploads\/2024\/08\/Pozvanka-sutaz-IPM-STUDENT-AWARD-2025.doc\" target=\"_blank\" rel=\"noopener\">Pozv\u00e1nka na s\u00fa\u0165a\u017e pre \u0161koly<\/a><\/li>\n<li><a href=\"https:\/\/archiv.siov.sk\/wp-content\/uploads\/2024\/08\/Sablona_Popis-modelu-a-vyrobku-udaje-o-ziakovi-IPM-Student-AWARD-2025.docx\" target=\"_blank\" rel=\"noopener\">Popis modelu &#8211; \u0161abl\u00f3na<\/a><\/li>\n<\/ul>\n<p><strong>\u0160kolsk\u00fd rok 2023\/2024<\/strong><\/p>\n<ul style=\"font-size: 15px; font-style: normal; font-weight: 400;\">\n<li><a href=\"https:\/\/archiv.siov.sk\/wp-content\/uploads\/2024\/09\/2024_StudentAward-1.pdf\" target=\"_blank\" rel=\"noopener\">Vyhodnotenie 23. ro\u010dn\u00edka celo\u0161t\u00e1tneho kola s\u00fa\u0165a\u017ee<\/a><\/li>\n<li><a href=\"https:\/\/archiv.siov.sk\/wp-content\/uploads\/2024\/09\/IPM_Student_Awards_2024_ppt-1.pdf\" target=\"_blank\" rel=\"noopener\">Zoznam s\u00fa\u0165a\u017en\u00fdch projektov<\/a><\/li>\n<li style=\"font-size: 15px;\"><a href=\"https:\/\/archiv.siov.sk\/wp-content\/uploads\/2023\/09\/Vyhlasenie-sutaze-IPM-STUDENT-AWARD-2023_24-.doc\" target=\"_blank\" rel=\"noopener\">Vyhl\u00e1senie 23. ro\u010dn\u00edka s\u00fa\u0165a\u017ee IPM Student Award<\/a><\/li>\n<li style=\"font-size: 15px;\"><a href=\"https:\/\/archiv.siov.sk\/wp-content\/uploads\/2023\/09\/Pozvanka-sutaz-IPM-STUDENT-AWARD-2024.doc\" target=\"_blank\" rel=\"noopener\">Pozv\u00e1nka pre \u017eiakov<\/a><\/li>\n<li style=\"font-size: 15px;\"><a href=\"https:\/\/archiv.siov.sk\/wp-content\/uploads\/2023\/09\/Sablona_Popis-modelu-a-vyrobku-udaje-o-ziakovi-IPM-Student-AWARD-2024.docx\" target=\"_blank\" rel=\"noopener\">\u0160abl\u00f3na &#8211; popis modelu<\/a><\/li>\n<\/ul>\n<p><strong>\u0160kolsk\u00fd rok 2022\/2023<\/strong><\/p>\n<ul style=\"font-size: 15px; font-style: normal; font-weight: 400;\">\n<li><a href=\"https:\/\/archiv.siov.sk\/wp-content\/uploads\/2023\/07\/IPM-2023-startovacia-listina.docx\">Zoznam pr\u00e1c &#8211; celo\u0161t\u00e1tne kolo<\/a><\/li>\n<li style=\"font-size: 15px;\"><a href=\"https:\/\/archiv.siov.sk\/wp-content\/uploads\/2022\/09\/Vyhlasenie-sutaze-IPM-STUDENT-AWARD-2022_23-final-.doc\" target=\"_blank\" rel=\"noopener\">Vyhl\u00e1senie 22. ro\u010dn\u00edka s\u00fa\u0165a\u017ee<\/a><\/li>\n<li style=\"font-size: 15px;\"><a href=\"https:\/\/archiv.siov.sk\/wp-content\/uploads\/2022\/09\/Pozvanka-sutaz-IPM-STUDENT-AWARD-2022_23.doc\" target=\"_blank\" rel=\"noopener\">Pozv\u00e1nka na s\u00fa\u0165a\u017e<\/a><\/li>\n<li style=\"font-size: 15px;\"><a href=\"https:\/\/archiv.siov.sk\/wp-content\/uploads\/2022\/09\/Sablona_Popis-modelu-a-vyrobku-udaje-o-ziakovi-IPM-Student-AWARD-2023.docx\" target=\"_blank\" rel=\"noopener\">\u0160abl\u00f3na pre popis v\u00fdrobku<\/a><\/li>\n<\/ul>\n<p><strong>\u0160kolsk\u00fd rok 2021\/2022<\/strong><\/p>\n<ul>\n<li><a href=\"https:\/\/archiv.siov.sk\/wp-content\/uploads\/2022\/08\/2022_StudentAward.pdf\" target=\"_blank\" rel=\"noopener\">Vyhodnotenie 21. ro\u010dn\u00edka s\u00fa\u0165a\u017ee<\/a><\/li>\n<li><a href=\"https:\/\/archiv.siov.sk\/wp-content\/uploads\/2022\/08\/F-IPM-2022-Student-AWARD-2022-vysledkova-listina-.docx\" target=\"_blank\" rel=\"noopener\">V\u00fdsledkov\u00e1 listina 2022<\/a><\/li>\n<li><a href=\"https:\/\/archiv.siov.sk\/wp-content\/uploads\/2022\/08\/IPM_Student_Awards_2022.pdf\" target=\"_blank\" rel=\"noopener\">Zoznam pr\u00e1c &#8211; celo\u0161t\u00e1tne kolo<\/a><\/li>\n<li><a href=\"https:\/\/archiv.siov.sk\/wp-content\/uploads\/2021\/10\/Pozvanka-sutaz-IPM-STUDENT-AWARD-2021_22.pdf\" target=\"_blank\" rel=\"noopener\">Pozv\u00e1nka na s\u00fa\u0165a\u017e<\/a><\/li>\n<li><a href=\"https:\/\/archiv.siov.sk\/wp-content\/uploads\/2021\/10\/Sablona_Popis-modelu-a-vyrobku-udaje-o-ziakovi-sutaz-IPM-Student-AWARD-2021.docx\" target=\"_blank\" rel=\"noopener\">\u0160abl\u00f3na pre popis v\u00fdrobku<\/a><\/li>\n<li><a href=\"https:\/\/archiv.siov.sk\/wp-content\/uploads\/2021\/10\/Vyhlasenie-sutaze-IPM-STUDENT-AWARD-2021_22-final_.pdf\">Vyhl\u00e1senie 21. ro\u010dn\u00edka s\u00fa\u0165a\u017ee<\/a><\/li>\n<li style=\"font-size: 15px;\"><a style=\"color: #349637; outline: 0px;\" href=\"https:\/\/archiv.siov.sk\/wp-content\/uploads\/2020\/01\/OP-IPM-Student-Award-platnost-2020.pdf\" target=\"_blank\" rel=\"noopener noreferrer\">Organiza\u010dn\u00fd poriadok<\/a><\/li>\n<\/ul>\n<p><strong>\u0160kolsk\u00fd rok 2020\/2021<\/strong><\/p>\n<ul>\n<li><a href=\"https:\/\/archiv.siov.sk\/wp-content\/uploads\/2021\/10\/2021_StudentAward.pdf\" target=\"_blank\" rel=\"noopener\">Vyhodnotenie 20. ro\u010dn\u00edka s\u00fa\u0165a\u017ee 2021<\/a><\/li>\n<li><a href=\"https:\/\/archiv.siov.sk\/wp-content\/uploads\/2021\/10\/IPM_Student_Awards_2021.pdf\" target=\"_blank\" rel=\"noopener\">Zoznam pr\u00e1c &#8211; celo\u0161t\u00e1tne kolo<\/a><\/li>\n<li><a href=\"https:\/\/archiv.siov.sk\/wp-content\/uploads\/2021\/10\/Sutaz-IPM-Student-AWARD-vysledkova-listina-2021.docx\" target=\"_blank\" rel=\"noopener\">V\u00fdsledkov\u00e1 listina 2021<\/a><\/li>\n<li><a href=\"https:\/\/archiv.siov.sk\/wp-content\/uploads\/2021\/10\/Sutaz-IPM-Student-AWARD-Startovacia-Listina.-2021.docx\" target=\"_blank\" rel=\"noopener\">\u0160tartovacia listina 2021<\/a><\/li>\n<li><a href=\"\/wp-content\/uploads\/2020\/10\/Vyhodnotenie-sutaze-IPM-Student-Award-2020-A.pdf\" target=\"_blank\" rel=\"noopener noreferrer\">Vyhodnotenie s\u00fa\u0165a\u017ee pre rok 2020<\/a><\/li>\n<li><a href=\"\/wp-content\/uploads\/2020\/10\/Sutaz-IPM-Student-AWARD-vysledkova-listina-2020-01.pdf\" target=\"_blank\" rel=\"noopener noreferrer\">V\u00fdsledkov\u00fa listinu<\/a><\/li>\n<li><a href=\"\/wp-content\/uploads\/2020\/09\/Vyhlasenie-sutaze-IPM-STUDENT-AWARD-na-rok-2020_21_IPM.pdf\" target=\"_blank\" rel=\"noopener noreferrer\">Vyhl\u00e1senie s\u00fa\u0165a\u017ee 2020-2021<\/a><\/li>\n<\/ul>\n<p><strong>\u0160kolsk\u00fd rok 2019\/2020<\/strong><\/p>\n<ul>\n<li><a href=\"\/wp-content\/uploads\/2019\/11\/Vyhlasenie-sutaze-IPM-STUDENT-AWARD-na-rok-2019-20.pdf\" target=\"_blank\" rel=\"noopener noreferrer\">Vyhl\u00e1senie s\u00fa\u0165a\u017ee 2019-2020<\/a><\/li>\n<\/ul>\n<p><strong>\u0160kolsk\u00fd rok 2018\/2019<\/strong><\/p>\n<ul>\n<li><a href=\"\/wp-content\/uploads\/2019\/10\/2019_StudentAward.pdf\" target=\"_blank\" rel=\"noopener noreferrer\">Vyhodnotenie s\u00fa\u0165a\u017ee 2019<\/a><\/li>\n<li><a href=\"\/wp-content\/uploads\/2019\/10\/Sutaz-IPM-Student-AWARD-vysledkova-listina-2019-FINAL.pdf\" target=\"_blank\" rel=\"noopener noreferrer\">V\u00fdsledkov\u00e1 listina s\u00fa\u0165a\u017ee IPM STUDENT AWARD 2019<\/a><\/li>\n<li><a href=\"\/wp-content\/uploads\/2019\/10\/IPM_Student_Awards_2019.pdf\" target=\"_blank\" rel=\"noopener noreferrer\">Zoznam s\u00fa\u0165a\u017en\u00fdch pr\u00e1c \u017eiakov stredn\u00fdch odborn\u00fdch \u0161k<\/a><\/li>\n<\/ul>","protected":false},"excerpt":{"rendered":"<p>IPM Student Award &nbsp; \u0160kolsk\u00fd rok 2025\/2026 Vyhl\u00e1senie 25. ro\u010dn\u00edka celo\u0161t\u00e1tneho kola s\u00fa\u0165a\u017ee Organiza\u010dn\u00fd poriadok \u0160kolsk\u00fd rok 2024\/2025 Vyhodnotenie 24. ro\u010dn\u00edka celo\u0161t\u00e1tneho kola s\u00fa\u0165a\u017ee Memorandum o spolupr\u00e1ci Vyhl\u00e1senie 24. ro\u010dn\u00edka celo\u0161t\u00e1tneho kola s\u00fa\u0165a\u017ee Pozv\u00e1nka na s\u00fa\u0165a\u017e pre \u0161koly Popis modelu &#8211; \u0161abl\u00f3na \u0160kolsk\u00fd rok 2023\/2024 Vyhodnotenie 23. ro\u010dn\u00edka celo\u0161t\u00e1tneho kola s\u00fa\u0165a\u017ee Zoznam s\u00fa\u0165a\u017en\u00fdch projektov Vyhl\u00e1senie [&hellip;]<\/p>\n","protected":false},"author":1,"featured_media":0,"parent":144,"menu_order":0,"comment_status":"closed","ping_status":"closed","template":"","meta":{"site-sidebar-layout":"default","site-content-layout":"default","ast-site-content-layout":"default","site-content-style":"default","site-sidebar-style":"default","ast-global-header-display":"","ast-banner-title-visibility":"","ast-main-header-display":"","ast-hfb-above-header-display":"","ast-hfb-below-header-display":"","ast-hfb-mobile-header-display":"","site-post-title":"disabled","ast-breadcrumbs-content":"","ast-featured-img":"","footer-sml-layout":"","ast-disable-related-posts":"","theme-transparent-header-meta":"default","adv-header-id-meta":"","stick-header-meta":"default","header-above-stick-meta":"","header-main-stick-meta":"","header-below-stick-meta":"","astra-migrate-meta-layouts":"set","ast-page-background-enabled":"default","ast-page-background-meta":{"desktop":{"background-color":"var(--ast-global-color-4)","background-image":"","background-repeat":"repeat","background-position":"center center","background-size":"auto","background-attachment":"scroll","background-type":"","background-media":"","overlay-type":"","overlay-color":"","overlay-opacity":"","overlay-gradient":""},"tablet":{"background-color":"","background-image":"","background-repeat":"repeat","background-position":"center center","background-size":"auto","background-attachment":"scroll","background-type":"","background-media":"","overlay-type":"","overlay-color":"","overlay-opacity":"","overlay-gradient":""},"mobile":{"background-color":"","background-image":"","background-repeat":"repeat","background-position":"center center","background-size":"auto","background-attachment":"scroll","background-type":"","background-media":"","overlay-type":"","overlay-color":"","overlay-opacity":"","overlay-gradient":""}},"ast-content-background-meta":{"desktop":{"background-color":"var(--ast-global-color-5)","background-image":"","background-repeat":"repeat","background-position":"center center","background-size":"auto","background-attachment":"scroll","background-type":"","background-media":"","overlay-type":"","overlay-color":"","overlay-opacity":"","overlay-gradient":""},"tablet":{"background-color":"var(--ast-global-color-5)","background-image":"","background-repeat":"repeat","background-position":"center center","background-size":"auto","background-attachment":"scroll","background-type":"","background-media":"","overlay-type":"","overlay-color":"","overlay-opacity":"","overlay-gradient":""},"mobile":{"background-color":"var(--ast-global-color-5)","background-image":"","background-repeat":"repeat","background-position":"center center","background-size":"auto","background-attachment":"scroll","background-type":"","background-media":"","overlay-type":"","overlay-color":"","overlay-opacity":"","overlay-gradient":""}},"footnotes":""},"class_list":["post-3991","page","type-page","status-publish","hentry"],"yoast_head":"<!-- This site is optimized with the Yoast SEO plugin v27.5 - https:\/\/yoast.com\/product\/yoast-seo-wordpress\/ -->\n<title>IPM STUDENT AWARD - \u0160IOV - \u0161t\u00e1tny in\u0161tit\u00fat odborn\u00e9ho vzdel\u00e1vania<\/title>\n<meta name=\"robots\" content=\"index, follow, max-snippet:-1, max-image-preview:large, max-video-preview:-1\" \/>\n<link rel=\"canonical\" href=\"https:\/\/archiv.siov.sk\/en\/sutaze\/ipm-student-award\/\" \/>\n<meta property=\"og:locale\" content=\"en_GB\" \/>\n<meta property=\"og:type\" content=\"article\" \/>\n<meta property=\"og:title\" content=\"IPM STUDENT AWARD - \u0160IOV - \u0161t\u00e1tny in\u0161tit\u00fat odborn\u00e9ho vzdel\u00e1vania\" \/>\n<meta property=\"og:description\" content=\"IPM Student Award &nbsp; \u0160kolsk\u00fd rok 2025\/2026 Vyhl\u00e1senie 25. ro\u010dn\u00edka celo\u0161t\u00e1tneho kola s\u00fa\u0165a\u017ee Organiza\u010dn\u00fd poriadok \u0160kolsk\u00fd rok 2024\/2025 Vyhodnotenie 24. ro\u010dn\u00edka celo\u0161t\u00e1tneho kola s\u00fa\u0165a\u017ee Memorandum o spolupr\u00e1ci Vyhl\u00e1senie 24. ro\u010dn\u00edka celo\u0161t\u00e1tneho kola s\u00fa\u0165a\u017ee Pozv\u00e1nka na s\u00fa\u0165a\u017e pre \u0161koly Popis modelu &#8211; \u0161abl\u00f3na \u0160kolsk\u00fd rok 2023\/2024 Vyhodnotenie 23. ro\u010dn\u00edka celo\u0161t\u00e1tneho kola s\u00fa\u0165a\u017ee Zoznam s\u00fa\u0165a\u017en\u00fdch projektov Vyhl\u00e1senie [&hellip;]\" \/>\n<meta property=\"og:url\" content=\"https:\/\/archiv.siov.sk\/en\/sutaze\/ipm-student-award\/\" \/>\n<meta property=\"og:site_name\" content=\"\u0160IOV - \u0161t\u00e1tny in\u0161tit\u00fat odborn\u00e9ho vzdel\u00e1vania\" \/>\n<meta property=\"article:publisher\" content=\"https:\/\/www.facebook.com\/Statnyinstitutodbornehovzdelavania\" \/>\n<meta property=\"article:modified_time\" content=\"2025-09-24T10:09:43+00:00\" \/>\n<meta name=\"twitter:card\" content=\"summary_large_image\" \/>\n<meta name=\"twitter:label1\" content=\"Estimated reading time\" \/>\n\t<meta name=\"twitter:data1\" content=\"1 minute\" \/>\n<script type=\"application\/ld+json\" class=\"yoast-schema-graph\">{\"@context\":\"https:\\\/\\\/schema.org\",\"@graph\":[{\"@type\":\"WebPage\",\"@id\":\"https:\\\/\\\/archiv.siov.sk\\\/sutaze\\\/ipm-student-award\\\/\",\"url\":\"https:\\\/\\\/archiv.siov.sk\\\/sutaze\\\/ipm-student-award\\\/\",\"name\":\"IPM STUDENT AWARD - \u0160IOV - \u0161t\u00e1tny in\u0161tit\u00fat odborn\u00e9ho vzdel\u00e1vania\",\"isPartOf\":{\"@id\":\"https:\\\/\\\/archiv.siov.sk\\\/#website\"},\"datePublished\":\"2019-06-25T11:06:10+00:00\",\"dateModified\":\"2025-09-24T10:09:43+00:00\",\"breadcrumb\":{\"@id\":\"https:\\\/\\\/archiv.siov.sk\\\/sutaze\\\/ipm-student-award\\\/#breadcrumb\"},\"inLanguage\":\"en-GB\",\"potentialAction\":[{\"@type\":\"ReadAction\",\"target\":[\"https:\\\/\\\/archiv.siov.sk\\\/sutaze\\\/ipm-student-award\\\/\"]}]},{\"@type\":\"BreadcrumbList\",\"@id\":\"https:\\\/\\\/archiv.siov.sk\\\/sutaze\\\/ipm-student-award\\\/#breadcrumb\",\"itemListElement\":[{\"@type\":\"ListItem\",\"position\":1,\"name\":\"Home\",\"item\":\"https:\\\/\\\/archiv.siov.sk\\\/\"},{\"@type\":\"ListItem\",\"position\":2,\"name\":\"S\u00fa\u0165a\u017ee\",\"item\":\"https:\\\/\\\/archiv.siov.sk\\\/sutaze\\\/\"},{\"@type\":\"ListItem\",\"position\":3,\"name\":\"IPM STUDENT AWARD\"}]},{\"@type\":\"WebSite\",\"@id\":\"https:\\\/\\\/archiv.siov.sk\\\/#website\",\"url\":\"https:\\\/\\\/archiv.siov.sk\\\/\",\"name\":\"\u0160IOV - \u0161t\u00e1tny in\u0161tit\u00fat odborn\u00e9ho vzdel\u00e1vania\",\"description\":\"\",\"publisher\":{\"@id\":\"https:\\\/\\\/archiv.siov.sk\\\/#organization\"},\"potentialAction\":[{\"@type\":\"SearchAction\",\"target\":{\"@type\":\"EntryPoint\",\"urlTemplate\":\"https:\\\/\\\/archiv.siov.sk\\\/?s={search_term_string}\"},\"query-input\":{\"@type\":\"PropertyValueSpecification\",\"valueRequired\":true,\"valueName\":\"search_term_string\"}}],\"inLanguage\":\"en-GB\"},{\"@type\":\"Organization\",\"@id\":\"https:\\\/\\\/archiv.siov.sk\\\/#organization\",\"name\":\"\u0160IOV - \u0161t\u00e1tny in\u0161tit\u00fat odborn\u00e9ho vzdel\u00e1vania\",\"url\":\"https:\\\/\\\/archiv.siov.sk\\\/\",\"logo\":{\"@type\":\"ImageObject\",\"inLanguage\":\"en-GB\",\"@id\":\"https:\\\/\\\/archiv.siov.sk\\\/#\\\/schema\\\/logo\\\/image\\\/\",\"url\":\"https:\\\/\\\/archiv.siov.sk\\\/wp-content\\\/uploads\\\/2024\\\/02\\\/logo-SIOV.png\",\"contentUrl\":\"https:\\\/\\\/archiv.siov.sk\\\/wp-content\\\/uploads\\\/2024\\\/02\\\/logo-SIOV.png\",\"width\":431,\"height\":143,\"caption\":\"\u0160IOV - \u0161t\u00e1tny in\u0161tit\u00fat odborn\u00e9ho vzdel\u00e1vania\"},\"image\":{\"@id\":\"https:\\\/\\\/archiv.siov.sk\\\/#\\\/schema\\\/logo\\\/image\\\/\"},\"sameAs\":[\"https:\\\/\\\/www.facebook.com\\\/Statnyinstitutodbornehovzdelavania\"]}]}<\/script>\n<!-- \/ Yoast SEO plugin. -->","yoast_head_json":{"title":"IPM STUDENT AWARD - \u0160IOV - \u0161t\u00e1tny in\u0161tit\u00fat odborn\u00e9ho vzdel\u00e1vania","robots":{"index":"index","follow":"follow","max-snippet":"max-snippet:-1","max-image-preview":"max-image-preview:large","max-video-preview":"max-video-preview:-1"},"canonical":"https:\/\/archiv.siov.sk\/en\/sutaze\/ipm-student-award\/","og_locale":"en_GB","og_type":"article","og_title":"IPM STUDENT AWARD - \u0160IOV - \u0161t\u00e1tny in\u0161tit\u00fat odborn\u00e9ho vzdel\u00e1vania","og_description":"IPM Student Award &nbsp; \u0160kolsk\u00fd rok 2025\/2026 Vyhl\u00e1senie 25. ro\u010dn\u00edka celo\u0161t\u00e1tneho kola s\u00fa\u0165a\u017ee Organiza\u010dn\u00fd poriadok \u0160kolsk\u00fd rok 2024\/2025 Vyhodnotenie 24. ro\u010dn\u00edka celo\u0161t\u00e1tneho kola s\u00fa\u0165a\u017ee Memorandum o spolupr\u00e1ci Vyhl\u00e1senie 24. ro\u010dn\u00edka celo\u0161t\u00e1tneho kola s\u00fa\u0165a\u017ee Pozv\u00e1nka na s\u00fa\u0165a\u017e pre \u0161koly Popis modelu &#8211; \u0161abl\u00f3na \u0160kolsk\u00fd rok 2023\/2024 Vyhodnotenie 23. ro\u010dn\u00edka celo\u0161t\u00e1tneho kola s\u00fa\u0165a\u017ee Zoznam s\u00fa\u0165a\u017en\u00fdch projektov Vyhl\u00e1senie [&hellip;]","og_url":"https:\/\/archiv.siov.sk\/en\/sutaze\/ipm-student-award\/","og_site_name":"\u0160IOV - \u0161t\u00e1tny in\u0161tit\u00fat odborn\u00e9ho vzdel\u00e1vania","article_publisher":"https:\/\/www.facebook.com\/Statnyinstitutodbornehovzdelavania","article_modified_time":"2025-09-24T10:09:43+00:00","twitter_card":"summary_large_image","twitter_misc":{"Estimated reading time":"1 minute"},"schema":{"@context":"https:\/\/schema.org","@graph":[{"@type":"WebPage","@id":"https:\/\/archiv.siov.sk\/sutaze\/ipm-student-award\/","url":"https:\/\/archiv.siov.sk\/sutaze\/ipm-student-award\/","name":"IPM STUDENT AWARD - \u0160IOV - \u0161t\u00e1tny in\u0161tit\u00fat odborn\u00e9ho vzdel\u00e1vania","isPartOf":{"@id":"https:\/\/archiv.siov.sk\/#website"},"datePublished":"2019-06-25T11:06:10+00:00","dateModified":"2025-09-24T10:09:43+00:00","breadcrumb":{"@id":"https:\/\/archiv.siov.sk\/sutaze\/ipm-student-award\/#breadcrumb"},"inLanguage":"en-GB","potentialAction":[{"@type":"ReadAction","target":["https:\/\/archiv.siov.sk\/sutaze\/ipm-student-award\/"]}]},{"@type":"BreadcrumbList","@id":"https:\/\/archiv.siov.sk\/sutaze\/ipm-student-award\/#breadcrumb","itemListElement":[{"@type":"ListItem","position":1,"name":"Home","item":"https:\/\/archiv.siov.sk\/"},{"@type":"ListItem","position":2,"name":"S\u00fa\u0165a\u017ee","item":"https:\/\/archiv.siov.sk\/sutaze\/"},{"@type":"ListItem","position":3,"name":"IPM STUDENT AWARD"}]},{"@type":"WebSite","@id":"https:\/\/archiv.siov.sk\/#website","url":"https:\/\/archiv.siov.sk\/","name":"\u0160IOV - \u0161t\u00e1tny in\u0161tit\u00fat odborn\u00e9ho vzdel\u00e1vania","description":"","publisher":{"@id":"https:\/\/archiv.siov.sk\/#organization"},"potentialAction":[{"@type":"SearchAction","target":{"@type":"EntryPoint","urlTemplate":"https:\/\/archiv.siov.sk\/?s={search_term_string}"},"query-input":{"@type":"PropertyValueSpecification","valueRequired":true,"valueName":"search_term_string"}}],"inLanguage":"en-GB"},{"@type":"Organization","@id":"https:\/\/archiv.siov.sk\/#organization","name":"\u0160IOV - \u0161t\u00e1tny in\u0161tit\u00fat odborn\u00e9ho vzdel\u00e1vania","url":"https:\/\/archiv.siov.sk\/","logo":{"@type":"ImageObject","inLanguage":"en-GB","@id":"https:\/\/archiv.siov.sk\/#\/schema\/logo\/image\/","url":"https:\/\/archiv.siov.sk\/wp-content\/uploads\/2024\/02\/logo-SIOV.png","contentUrl":"https:\/\/archiv.siov.sk\/wp-content\/uploads\/2024\/02\/logo-SIOV.png","width":431,"height":143,"caption":"\u0160IOV - \u0161t\u00e1tny in\u0161tit\u00fat odborn\u00e9ho vzdel\u00e1vania"},"image":{"@id":"https:\/\/archiv.siov.sk\/#\/schema\/logo\/image\/"},"sameAs":["https:\/\/www.facebook.com\/Statnyinstitutodbornehovzdelavania"]}]}},"_links":{"self":[{"href":"https:\/\/archiv.siov.sk\/en\/wp-json\/wp\/v2\/pages\/3991","targetHints":{"allow":["GET"]}}],"collection":[{"href":"https:\/\/archiv.siov.sk\/en\/wp-json\/wp\/v2\/pages"}],"about":[{"href":"https:\/\/archiv.siov.sk\/en\/wp-json\/wp\/v2\/types\/page"}],"author":[{"embeddable":true,"href":"https:\/\/archiv.siov.sk\/en\/wp-json\/wp\/v2\/users\/1"}],"replies":[{"embeddable":true,"href":"https:\/\/archiv.siov.sk\/en\/wp-json\/wp\/v2\/comments?post=3991"}],"version-history":[{"count":46,"href":"https:\/\/archiv.siov.sk\/en\/wp-json\/wp\/v2\/pages\/3991\/revisions"}],"predecessor-version":[{"id":21088,"href":"https:\/\/archiv.siov.sk\/en\/wp-json\/wp\/v2\/pages\/3991\/revisions\/21088"}],"up":[{"embeddable":true,"href":"https:\/\/archiv.siov.sk\/en\/wp-json\/wp\/v2\/pages\/144"}],"wp:attachment":[{"href":"https:\/\/archiv.siov.sk\/en\/wp-json\/wp\/v2\/media?parent=3991"}],"curies":[{"name":"wp","href":"https:\/\/api.w.org\/{rel}","templated":true}]}}