{"id":3822,"date":"2019-05-31T08:44:51","date_gmt":"2019-05-31T06:44:51","guid":{"rendered":"http:\/\/archiv.siov.sk\/?page_id=3822"},"modified":"2019-07-01T15:09:26","modified_gmt":"2019-07-01T13:09:26","slug":"bluess","status":"publish","type":"page","link":"https:\/\/archiv.siov.sk\/en\/medzinarodna-spolupraca\/medzinarodne-projekty\/bluess\/","title":{"rendered":"BLUESS"},"content":{"rendered":"<h2 style=\"text-align: justify;\"><img decoding=\"async\" class=\"alignright size-medium wp-image-3823\" src=\"https:\/\/archiv.siov.sk\/wp-content\/uploads\/2019\/05\/BLUESS_LOGO-300x85.png\" alt=\"\" width=\"300\" height=\"85\"><em>BLUESS &#8211; Blueprints for Basic Skills Development in Slovakia \/ Pl\u00e1n rozvoja z\u00e1kladn\u00fdch zru\u010dnost\u00ed na Slovensku<\/em><\/h2>\n<p>Po\u010det evidovan\u00fdch nezamestnan\u00fdch na Slovensku predstavuje pribli\u017ene 170 000, z \u010doho takmer 60 000 predstavuj\u00fa osoby s najni\u017e\u0161ou \u00farov\u0148ou vzdelania. Pod\u013ea odhadov je podobn\u00fd po\u010det n\u00edzkokvalifikovan\u00fdch os\u00f4b mimo evidencie \u00faradov pr\u00e1ce. Pre t\u00fdchto \u013eud\u00ed predstavuj\u00fa nen\u00e1ro\u010dn\u00e9 \u00falohy ak\u00fdmi s\u00fa \u010d\u00edtanie, p\u00edsanie, jednoduch\u00e9 v\u00fdpo\u010dty \u010di pou\u017e\u00edvanie po\u010d\u00edta\u010da, ve\u013ek\u00fd probl\u00e9m.<\/p>\n<p>Projekt BLUESS je jedn\u00fdm zo \u0161tyroch projektov v E\u00da schv\u00e1len\u00fdch v r\u00e1mci v\u00fdzvy Eur\u00f3pskej komisie zameranej na zav\u00e1dzanie n\u00e1strojov na hodnotenie z\u00e1kladn\u00fdch zru\u010dnost\u00ed u dospel\u00fdch. Projekt podporuje koordinovan\u00fd pr\u00edstup a strat\u00e9giu pri hodnoten\u00ed a rozvoji z\u00e1kladn\u00fdch zru\u010dnost\u00ed na Slovensku. Pri realiz\u00e1cii projektu na Slovensku poskytuj\u00fa slovensk\u00fdm in\u0161tit\u00faci\u00e1m a organiz\u00e1ci\u00e1m v\u00fdznamn\u00fa podporu a pomoc zahrani\u010dn\u00ed partneri. \u200b<\/p>\n<p><img fetchpriority=\"high\" decoding=\"async\" class=\"alignright size-medium wp-image-3827\" src=\"https:\/\/archiv.siov.sk\/wp-content\/uploads\/2019\/05\/BLUESS_konferencia-02-300x225.jpg\" alt=\"BLUESS konferencia\" width=\"300\" height=\"225\" srcset=\"https:\/\/archiv.siov.sk\/wp-content\/uploads\/2019\/05\/BLUESS_konferencia-02-300x225.jpg 300w, https:\/\/archiv.siov.sk\/wp-content\/uploads\/2019\/05\/BLUESS_konferencia-02-768x576.jpg 768w, https:\/\/archiv.siov.sk\/wp-content\/uploads\/2019\/05\/BLUESS_konferencia-02-480x360.jpg 480w, https:\/\/archiv.siov.sk\/wp-content\/uploads\/2019\/05\/BLUESS_konferencia-02.jpg 800w\" sizes=\"(max-width: 300px) 100vw, 300px\" \/><strong>\u0160pecifick\u00e9 ciele projektu: <\/strong><\/p>\n<ul>\n<li>Otvori\u0165 diskusiu o potrebe rie\u0161enia problematiky z\u00e1kladn\u00fdch zru\u010dnost\u00ed\/gramotnost\u00ed na n\u00e1rodnej \u00farovni,<\/li>\n<li>zmapova\u0165 situ\u00e1ciu v s\u00favislosti so z\u00e1kladn\u00fdmi zru\u010dnos\u0165ami v SR (s d\u00f4razom na n\u00edzko kvalifikovan\u00e9 osoby), identifikova\u0165 hlavn\u00e9 probl\u00e9my a navrhn\u00fa\u0165 odpor\u00fa\u010dania pre tvorcov polit\u00edk,<\/li>\n<li>pripravi\u0165 n\u00e1stroje a metodol\u00f3gie na identifik\u00e1ciu potrieb n\u00edzko kvalifikovan\u00fdch os\u00f4b v oblasti gramotnost\u00ed a sp\u00f4sobu ich hodnotenia<\/li>\n<li>pripravi\u0165 person\u00e1lne kapacity v oblasti rozvoja z\u00e1kladn\u00fdch zru\u010dnost\u00ed<\/li>\n<li>umo\u017eni\u0165 v\u00fdmenu inform\u00e1ci\u00ed a dobrej praxe na podporu n\u00e1rodn\u00fdch strat\u00e9gi\u00ed v tejto oblasti v SR<\/li>\n<\/ul>\n<p><strong>Partneri projektu:<\/strong><\/p>\n<p><img decoding=\"async\" class=\"alignright size-medium wp-image-3826\" src=\"https:\/\/archiv.siov.sk\/wp-content\/uploads\/2019\/05\/BLUESS_konferencia-01-300x225.jpg\" alt=\"BLUESS konferencia\" width=\"300\" height=\"225\" srcset=\"https:\/\/archiv.siov.sk\/wp-content\/uploads\/2019\/05\/BLUESS_konferencia-01-300x225.jpg 300w, https:\/\/archiv.siov.sk\/wp-content\/uploads\/2019\/05\/BLUESS_konferencia-01-768x576.jpg 768w, https:\/\/archiv.siov.sk\/wp-content\/uploads\/2019\/05\/BLUESS_konferencia-01-480x360.jpg 480w, https:\/\/archiv.siov.sk\/wp-content\/uploads\/2019\/05\/BLUESS_konferencia-01.jpg 800w\" sizes=\"(max-width: 300px) 100vw, 300px\" \/><\/p>\n<ul>\n<li>Eur\u00f3pska asoci\u00e1cia vzdel\u00e1vania dospel\u00fdch (EAEA)<\/li>\n<li>Eur\u00f3pska sie\u0165 pre z\u00e1kladn\u00e9 zru\u010dnosti (EBSN)<\/li>\n<li>AONTAS, \u00cdrsko<\/li>\n<li>\u00dastredie pr\u00e1ce, soci\u00e1lnych vec\u00ed a rodiny SR (UPSVR SR)<\/li>\n<li>Asoci\u00e1cia in\u0161tit\u00faci\u00ed vzdel\u00e1vania dospel\u00fdch v SR (AIVD)<\/li>\n<li>Zdru\u017eenie pre kari\u00e9rov\u00e9 poradenstvo a rozvoj kar\u00e9ri (ZKPRK).<\/li>\n<li>Ministerstvo \u0161kolstva, vedy, v\u00fdskumu a \u0161portu SR projekt podporuje ako tretia strana.<\/li>\n<li>\u0160t\u00e1tny in\u0161tit\u00fat odborn\u00e9ho vzdel\u00e1vania (\u0160IOV), odbor eur\u00f3pskych polit\u00edk, koordinuje implement\u00e1ciu projektu.<\/li>\n<\/ul>\n<p style=\"text-align: justify;\">D\u0148a 25. m\u00e1ja 2019 sa konala v Bratislave otv\u00e1racia konferencia projektu BLUESS za pr\u00edtomnosti Dany Carmen Bachman (Eur\u00f3pska komisia), \u0161t\u00e1tnej tajomn\u00ed\u010dky M\u0160VVa\u0160 SR O\u013egy Nachtmanovej a mnoh\u00fdch \u010fal\u0161\u00edch zahrani\u010dn\u00fdch a dom\u00e1cich expertov a expertiek. Viac o otv\u00e1racej konferencii projektu <a href=\"https:\/\/ec.europa.eu\/epale\/sk\/content\/konferencia-projektu-bluess-otvorila-temu-zakladnych-zrucnosti-na-slovensku-3\" target=\"_blank\" rel=\"noopener noreferrer\">BLUESS<\/a>&nbsp;<\/p>\n<p>Aktivity projektu m\u00f4\u017eete sledova\u0165 aj prostredn\u00edctvom facebookovej str\u00e1nky: <a href=\"https:\/\/www.facebook.com\/Bluessproject\/\" target=\"_blank\" rel=\"noopener noreferrer\">https:\/\/www.facebook.com\/Bluessproject\/<\/a><\/p>\n<p>V pr\u00edpade ak\u00fdchko\u013evek ot\u00e1zok n\u00e1s m\u00f4\u017eete kontaktova\u0165 prostredn\u00edctvom e-mailu: bluess@siov.sk.<\/p>\n<p>Projekt sa realizuje v obdob\u00ed 1.4.2019 &#8211; 31.03.2021 s finan\u010dnou podporou Eur\u00f3pskej komisie v r\u00e1mci programu EaSI (Program na podporu zamestnanosti a soci\u00e1lnej inov\u00e1cie). Projekt je reakciou na v\u00fdzvu Eur\u00f3pskej komisie Podpora rozvoju hodnotenia zru\u010dnost\u00ed pri implement\u00e1cii Cesty zvy\u0161ovania \u00farovne zru\u010dnost\u00ed (2016).<\/p>\n<p>\u010c\u00edslo projektu: VS\/2019\/0106<\/p>\n<p>&nbsp;<\/p>","protected":false},"excerpt":{"rendered":"<p>BLUESS &#8211; Blueprints for Basic Skills Development in Slovakia \/ Pl\u00e1n rozvoja z\u00e1kladn\u00fdch zru\u010dnost\u00ed na Slovensku Po\u010det evidovan\u00fdch nezamestnan\u00fdch na Slovensku predstavuje pribli\u017ene 170 000, z \u010doho takmer 60 000 predstavuj\u00fa osoby s najni\u017e\u0161ou \u00farov\u0148ou vzdelania. Pod\u013ea odhadov je podobn\u00fd po\u010det n\u00edzkokvalifikovan\u00fdch os\u00f4b mimo evidencie \u00faradov pr\u00e1ce. Pre t\u00fdchto \u013eud\u00ed predstavuj\u00fa nen\u00e1ro\u010dn\u00e9 \u00falohy ak\u00fdmi s\u00fa [&hellip;]<\/p>\n","protected":false},"author":1,"featured_media":0,"parent":67,"menu_order":0,"comment_status":"closed","ping_status":"closed","template":"","meta":{"site-sidebar-layout":"default","site-content-layout":"","ast-site-content-layout":"default","site-content-style":"default","site-sidebar-style":"default","ast-global-header-display":"","ast-banner-title-visibility":"","ast-main-header-display":"","ast-hfb-above-header-display":"","ast-hfb-below-header-display":"","ast-hfb-mobile-header-display":"","site-post-title":"","ast-breadcrumbs-content":"","ast-featured-img":"","footer-sml-layout":"","ast-disable-related-posts":"","theme-transparent-header-meta":"","adv-header-id-meta":"","stick-header-meta":"","header-above-stick-meta":"","header-main-stick-meta":"","header-below-stick-meta":"","astra-migrate-meta-layouts":"default","ast-page-background-enabled":"default","ast-page-background-meta":{"desktop":{"background-color":"var(--ast-global-color-4)","background-image":"","background-repeat":"repeat","background-position":"center center","background-size":"auto","background-attachment":"scroll","background-type":"","background-media":"","overlay-type":"","overlay-color":"","overlay-opacity":"","overlay-gradient":""},"tablet":{"background-color":"","background-image":"","background-repeat":"repeat","background-position":"center center","background-size":"auto","background-attachment":"scroll","background-type":"","background-media":"","overlay-type":"","overlay-color":"","overlay-opacity":"","overlay-gradient":""},"mobile":{"background-color":"","background-image":"","background-repeat":"repeat","background-position":"center center","background-size":"auto","background-attachment":"scroll","background-type":"","background-media":"","overlay-type":"","overlay-color":"","overlay-opacity":"","overlay-gradient":""}},"ast-content-background-meta":{"desktop":{"background-color":"var(--ast-global-color-5)","background-image":"","background-repeat":"repeat","background-position":"center center","background-size":"auto","background-attachment":"scroll","background-type":"","background-media":"","overlay-type":"","overlay-color":"","overlay-opacity":"","overlay-gradient":""},"tablet":{"background-color":"var(--ast-global-color-5)","background-image":"","background-repeat":"repeat","background-position":"center center","background-size":"auto","background-attachment":"scroll","background-type":"","background-media":"","overlay-type":"","overlay-color":"","overlay-opacity":"","overlay-gradient":""},"mobile":{"background-color":"var(--ast-global-color-5)","background-image":"","background-repeat":"repeat","background-position":"center center","background-size":"auto","background-attachment":"scroll","background-type":"","background-media":"","overlay-type":"","overlay-color":"","overlay-opacity":"","overlay-gradient":""}},"footnotes":""},"class_list":["post-3822","page","type-page","status-publish","hentry"],"yoast_head":"<!-- This site is optimized with the Yoast SEO plugin v27.4 - https:\/\/yoast.com\/product\/yoast-seo-wordpress\/ -->\n<title>BLUESS - \u0160IOV - \u0161t\u00e1tny in\u0161tit\u00fat odborn\u00e9ho vzdel\u00e1vania<\/title>\n<meta name=\"description\" content=\"Projekt BLUESS je jedn\u00fdm zo \u0161tyroch projektov v E\u00da schv\u00e1len\u00fdch v r\u00e1mci v\u00fdzvy Eur\u00f3pskej komisie zameranej na zav\u00e1dzanie n\u00e1strojov na hodnotenie z\u00e1kladn\u00fdch zru\u010dnost\u00ed u dospel\u00fdch.\" \/>\n<meta name=\"robots\" content=\"index, follow, max-snippet:-1, max-image-preview:large, max-video-preview:-1\" \/>\n<link rel=\"canonical\" href=\"https:\/\/archiv.siov.sk\/en\/medzinarodna-spolupraca\/medzinarodne-projekty\/bluess\/\" \/>\n<meta property=\"og:locale\" content=\"en_GB\" \/>\n<meta property=\"og:type\" content=\"article\" \/>\n<meta property=\"og:title\" content=\"BLUESS - \u0160IOV - \u0161t\u00e1tny in\u0161tit\u00fat odborn\u00e9ho vzdel\u00e1vania\" \/>\n<meta property=\"og:description\" content=\"Projekt BLUESS je jedn\u00fdm zo \u0161tyroch projektov v E\u00da schv\u00e1len\u00fdch v r\u00e1mci v\u00fdzvy Eur\u00f3pskej komisie zameranej na zav\u00e1dzanie n\u00e1strojov na hodnotenie z\u00e1kladn\u00fdch zru\u010dnost\u00ed u dospel\u00fdch.\" \/>\n<meta property=\"og:url\" content=\"https:\/\/archiv.siov.sk\/en\/medzinarodna-spolupraca\/medzinarodne-projekty\/bluess\/\" \/>\n<meta property=\"og:site_name\" content=\"\u0160IOV - \u0161t\u00e1tny in\u0161tit\u00fat odborn\u00e9ho vzdel\u00e1vania\" \/>\n<meta property=\"article:publisher\" content=\"https:\/\/www.facebook.com\/Statnyinstitutodbornehovzdelavania\" \/>\n<meta property=\"article:modified_time\" content=\"2019-07-01T13:09:26+00:00\" \/>\n<meta property=\"og:image\" content=\"https:\/\/archiv.siov.sk\/wp-content\/uploads\/2019\/05\/BLUESS_LOGO-300x85.png\" \/>\n<meta name=\"twitter:card\" content=\"summary_large_image\" \/>\n<meta name=\"twitter:label1\" content=\"Estimated reading time\" \/>\n\t<meta name=\"twitter:data1\" content=\"3 minutes\" \/>\n<script type=\"application\/ld+json\" class=\"yoast-schema-graph\">{\"@context\":\"https:\\\/\\\/schema.org\",\"@graph\":[{\"@type\":\"WebPage\",\"@id\":\"https:\\\/\\\/archiv.siov.sk\\\/medzinarodna-spolupraca\\\/medzinarodne-projekty\\\/bluess\\\/\",\"url\":\"https:\\\/\\\/archiv.siov.sk\\\/medzinarodna-spolupraca\\\/medzinarodne-projekty\\\/bluess\\\/\",\"name\":\"BLUESS - \u0160IOV - \u0161t\u00e1tny in\u0161tit\u00fat odborn\u00e9ho vzdel\u00e1vania\",\"isPartOf\":{\"@id\":\"https:\\\/\\\/archiv.siov.sk\\\/#website\"},\"primaryImageOfPage\":{\"@id\":\"https:\\\/\\\/archiv.siov.sk\\\/medzinarodna-spolupraca\\\/medzinarodne-projekty\\\/bluess\\\/#primaryimage\"},\"image\":{\"@id\":\"https:\\\/\\\/archiv.siov.sk\\\/medzinarodna-spolupraca\\\/medzinarodne-projekty\\\/bluess\\\/#primaryimage\"},\"thumbnailUrl\":\"https:\\\/\\\/archiv.siov.sk\\\/wp-content\\\/uploads\\\/2019\\\/05\\\/BLUESS_LOGO-300x85.png\",\"datePublished\":\"2019-05-31T06:44:51+00:00\",\"dateModified\":\"2019-07-01T13:09:26+00:00\",\"description\":\"Projekt BLUESS je jedn\u00fdm zo \u0161tyroch projektov v E\u00da schv\u00e1len\u00fdch v r\u00e1mci v\u00fdzvy Eur\u00f3pskej komisie zameranej na zav\u00e1dzanie n\u00e1strojov na hodnotenie z\u00e1kladn\u00fdch zru\u010dnost\u00ed u dospel\u00fdch.\",\"breadcrumb\":{\"@id\":\"https:\\\/\\\/archiv.siov.sk\\\/medzinarodna-spolupraca\\\/medzinarodne-projekty\\\/bluess\\\/#breadcrumb\"},\"inLanguage\":\"en-GB\",\"potentialAction\":[{\"@type\":\"ReadAction\",\"target\":[\"https:\\\/\\\/archiv.siov.sk\\\/medzinarodna-spolupraca\\\/medzinarodne-projekty\\\/bluess\\\/\"]}]},{\"@type\":\"ImageObject\",\"inLanguage\":\"en-GB\",\"@id\":\"https:\\\/\\\/archiv.siov.sk\\\/medzinarodna-spolupraca\\\/medzinarodne-projekty\\\/bluess\\\/#primaryimage\",\"url\":\"https:\\\/\\\/archiv.siov.sk\\\/wp-content\\\/uploads\\\/2019\\\/05\\\/BLUESS_LOGO-300x85.png\",\"contentUrl\":\"https:\\\/\\\/archiv.siov.sk\\\/wp-content\\\/uploads\\\/2019\\\/05\\\/BLUESS_LOGO-300x85.png\"},{\"@type\":\"BreadcrumbList\",\"@id\":\"https:\\\/\\\/archiv.siov.sk\\\/medzinarodna-spolupraca\\\/medzinarodne-projekty\\\/bluess\\\/#breadcrumb\",\"itemListElement\":[{\"@type\":\"ListItem\",\"position\":1,\"name\":\"Home\",\"item\":\"https:\\\/\\\/archiv.siov.sk\\\/\"},{\"@type\":\"ListItem\",\"position\":2,\"name\":\"Medzin\u00e1rodn\u00e1 spolupr\u00e1ca\",\"item\":\"https:\\\/\\\/archiv.siov.sk\\\/en\\\/medzinarodna-spolupraca\\\/\"},{\"@type\":\"ListItem\",\"position\":3,\"name\":\"Medzin\u00e1rodn\u00e9 projekty\",\"item\":\"https:\\\/\\\/archiv.siov.sk\\\/medzinarodna-spolupraca\\\/medzinarodne-projekty\\\/\"},{\"@type\":\"ListItem\",\"position\":4,\"name\":\"BLUESS\"}]},{\"@type\":\"WebSite\",\"@id\":\"https:\\\/\\\/archiv.siov.sk\\\/#website\",\"url\":\"https:\\\/\\\/archiv.siov.sk\\\/\",\"name\":\"\u0160IOV - \u0161t\u00e1tny in\u0161tit\u00fat odborn\u00e9ho vzdel\u00e1vania\",\"description\":\"\",\"publisher\":{\"@id\":\"https:\\\/\\\/archiv.siov.sk\\\/#organization\"},\"potentialAction\":[{\"@type\":\"SearchAction\",\"target\":{\"@type\":\"EntryPoint\",\"urlTemplate\":\"https:\\\/\\\/archiv.siov.sk\\\/?s={search_term_string}\"},\"query-input\":{\"@type\":\"PropertyValueSpecification\",\"valueRequired\":true,\"valueName\":\"search_term_string\"}}],\"inLanguage\":\"en-GB\"},{\"@type\":\"Organization\",\"@id\":\"https:\\\/\\\/archiv.siov.sk\\\/#organization\",\"name\":\"\u0160IOV - \u0161t\u00e1tny in\u0161tit\u00fat odborn\u00e9ho vzdel\u00e1vania\",\"url\":\"https:\\\/\\\/archiv.siov.sk\\\/\",\"logo\":{\"@type\":\"ImageObject\",\"inLanguage\":\"en-GB\",\"@id\":\"https:\\\/\\\/archiv.siov.sk\\\/#\\\/schema\\\/logo\\\/image\\\/\",\"url\":\"https:\\\/\\\/archiv.siov.sk\\\/wp-content\\\/uploads\\\/2024\\\/02\\\/logo-SIOV.png\",\"contentUrl\":\"https:\\\/\\\/archiv.siov.sk\\\/wp-content\\\/uploads\\\/2024\\\/02\\\/logo-SIOV.png\",\"width\":431,\"height\":143,\"caption\":\"\u0160IOV - \u0161t\u00e1tny in\u0161tit\u00fat odborn\u00e9ho vzdel\u00e1vania\"},\"image\":{\"@id\":\"https:\\\/\\\/archiv.siov.sk\\\/#\\\/schema\\\/logo\\\/image\\\/\"},\"sameAs\":[\"https:\\\/\\\/www.facebook.com\\\/Statnyinstitutodbornehovzdelavania\"]}]}<\/script>\n<!-- \/ Yoast SEO plugin. -->","yoast_head_json":{"title":"BLUESS - \u0160IOV - \u0161t\u00e1tny in\u0161tit\u00fat odborn\u00e9ho vzdel\u00e1vania","description":"Projekt BLUESS je jedn\u00fdm zo \u0161tyroch projektov v E\u00da schv\u00e1len\u00fdch v r\u00e1mci v\u00fdzvy Eur\u00f3pskej komisie zameranej na zav\u00e1dzanie n\u00e1strojov na hodnotenie z\u00e1kladn\u00fdch zru\u010dnost\u00ed u dospel\u00fdch.","robots":{"index":"index","follow":"follow","max-snippet":"max-snippet:-1","max-image-preview":"max-image-preview:large","max-video-preview":"max-video-preview:-1"},"canonical":"https:\/\/archiv.siov.sk\/en\/medzinarodna-spolupraca\/medzinarodne-projekty\/bluess\/","og_locale":"en_GB","og_type":"article","og_title":"BLUESS - \u0160IOV - \u0161t\u00e1tny in\u0161tit\u00fat odborn\u00e9ho vzdel\u00e1vania","og_description":"Projekt BLUESS je jedn\u00fdm zo \u0161tyroch projektov v E\u00da schv\u00e1len\u00fdch v r\u00e1mci v\u00fdzvy Eur\u00f3pskej komisie zameranej na zav\u00e1dzanie n\u00e1strojov na hodnotenie z\u00e1kladn\u00fdch zru\u010dnost\u00ed u dospel\u00fdch.","og_url":"https:\/\/archiv.siov.sk\/en\/medzinarodna-spolupraca\/medzinarodne-projekty\/bluess\/","og_site_name":"\u0160IOV - \u0161t\u00e1tny in\u0161tit\u00fat odborn\u00e9ho vzdel\u00e1vania","article_publisher":"https:\/\/www.facebook.com\/Statnyinstitutodbornehovzdelavania","article_modified_time":"2019-07-01T13:09:26+00:00","og_image":[{"url":"https:\/\/archiv.siov.sk\/wp-content\/uploads\/2019\/05\/BLUESS_LOGO-300x85.png","type":"","width":"","height":""}],"twitter_card":"summary_large_image","twitter_misc":{"Estimated reading time":"3 minutes"},"schema":{"@context":"https:\/\/schema.org","@graph":[{"@type":"WebPage","@id":"https:\/\/archiv.siov.sk\/medzinarodna-spolupraca\/medzinarodne-projekty\/bluess\/","url":"https:\/\/archiv.siov.sk\/medzinarodna-spolupraca\/medzinarodne-projekty\/bluess\/","name":"BLUESS - \u0160IOV - \u0161t\u00e1tny in\u0161tit\u00fat odborn\u00e9ho vzdel\u00e1vania","isPartOf":{"@id":"https:\/\/archiv.siov.sk\/#website"},"primaryImageOfPage":{"@id":"https:\/\/archiv.siov.sk\/medzinarodna-spolupraca\/medzinarodne-projekty\/bluess\/#primaryimage"},"image":{"@id":"https:\/\/archiv.siov.sk\/medzinarodna-spolupraca\/medzinarodne-projekty\/bluess\/#primaryimage"},"thumbnailUrl":"https:\/\/archiv.siov.sk\/wp-content\/uploads\/2019\/05\/BLUESS_LOGO-300x85.png","datePublished":"2019-05-31T06:44:51+00:00","dateModified":"2019-07-01T13:09:26+00:00","description":"Projekt BLUESS je jedn\u00fdm zo \u0161tyroch projektov v E\u00da schv\u00e1len\u00fdch v r\u00e1mci v\u00fdzvy Eur\u00f3pskej komisie zameranej na zav\u00e1dzanie n\u00e1strojov na hodnotenie z\u00e1kladn\u00fdch zru\u010dnost\u00ed u dospel\u00fdch.","breadcrumb":{"@id":"https:\/\/archiv.siov.sk\/medzinarodna-spolupraca\/medzinarodne-projekty\/bluess\/#breadcrumb"},"inLanguage":"en-GB","potentialAction":[{"@type":"ReadAction","target":["https:\/\/archiv.siov.sk\/medzinarodna-spolupraca\/medzinarodne-projekty\/bluess\/"]}]},{"@type":"ImageObject","inLanguage":"en-GB","@id":"https:\/\/archiv.siov.sk\/medzinarodna-spolupraca\/medzinarodne-projekty\/bluess\/#primaryimage","url":"https:\/\/archiv.siov.sk\/wp-content\/uploads\/2019\/05\/BLUESS_LOGO-300x85.png","contentUrl":"https:\/\/archiv.siov.sk\/wp-content\/uploads\/2019\/05\/BLUESS_LOGO-300x85.png"},{"@type":"BreadcrumbList","@id":"https:\/\/archiv.siov.sk\/medzinarodna-spolupraca\/medzinarodne-projekty\/bluess\/#breadcrumb","itemListElement":[{"@type":"ListItem","position":1,"name":"Home","item":"https:\/\/archiv.siov.sk\/"},{"@type":"ListItem","position":2,"name":"Medzin\u00e1rodn\u00e1 spolupr\u00e1ca","item":"https:\/\/archiv.siov.sk\/en\/medzinarodna-spolupraca\/"},{"@type":"ListItem","position":3,"name":"Medzin\u00e1rodn\u00e9 projekty","item":"https:\/\/archiv.siov.sk\/medzinarodna-spolupraca\/medzinarodne-projekty\/"},{"@type":"ListItem","position":4,"name":"BLUESS"}]},{"@type":"WebSite","@id":"https:\/\/archiv.siov.sk\/#website","url":"https:\/\/archiv.siov.sk\/","name":"\u0160IOV - \u0161t\u00e1tny in\u0161tit\u00fat odborn\u00e9ho vzdel\u00e1vania","description":"","publisher":{"@id":"https:\/\/archiv.siov.sk\/#organization"},"potentialAction":[{"@type":"SearchAction","target":{"@type":"EntryPoint","urlTemplate":"https:\/\/archiv.siov.sk\/?s={search_term_string}"},"query-input":{"@type":"PropertyValueSpecification","valueRequired":true,"valueName":"search_term_string"}}],"inLanguage":"en-GB"},{"@type":"Organization","@id":"https:\/\/archiv.siov.sk\/#organization","name":"\u0160IOV - \u0161t\u00e1tny in\u0161tit\u00fat odborn\u00e9ho vzdel\u00e1vania","url":"https:\/\/archiv.siov.sk\/","logo":{"@type":"ImageObject","inLanguage":"en-GB","@id":"https:\/\/archiv.siov.sk\/#\/schema\/logo\/image\/","url":"https:\/\/archiv.siov.sk\/wp-content\/uploads\/2024\/02\/logo-SIOV.png","contentUrl":"https:\/\/archiv.siov.sk\/wp-content\/uploads\/2024\/02\/logo-SIOV.png","width":431,"height":143,"caption":"\u0160IOV - \u0161t\u00e1tny in\u0161tit\u00fat odborn\u00e9ho vzdel\u00e1vania"},"image":{"@id":"https:\/\/archiv.siov.sk\/#\/schema\/logo\/image\/"},"sameAs":["https:\/\/www.facebook.com\/Statnyinstitutodbornehovzdelavania"]}]}},"_links":{"self":[{"href":"https:\/\/archiv.siov.sk\/en\/wp-json\/wp\/v2\/pages\/3822","targetHints":{"allow":["GET"]}}],"collection":[{"href":"https:\/\/archiv.siov.sk\/en\/wp-json\/wp\/v2\/pages"}],"about":[{"href":"https:\/\/archiv.siov.sk\/en\/wp-json\/wp\/v2\/types\/page"}],"author":[{"embeddable":true,"href":"https:\/\/archiv.siov.sk\/en\/wp-json\/wp\/v2\/users\/1"}],"replies":[{"embeddable":true,"href":"https:\/\/archiv.siov.sk\/en\/wp-json\/wp\/v2\/comments?post=3822"}],"version-history":[{"count":10,"href":"https:\/\/archiv.siov.sk\/en\/wp-json\/wp\/v2\/pages\/3822\/revisions"}],"predecessor-version":[{"id":4046,"href":"https:\/\/archiv.siov.sk\/en\/wp-json\/wp\/v2\/pages\/3822\/revisions\/4046"}],"up":[{"embeddable":true,"href":"https:\/\/archiv.siov.sk\/en\/wp-json\/wp\/v2\/pages\/67"}],"wp:attachment":[{"href":"https:\/\/archiv.siov.sk\/en\/wp-json\/wp\/v2\/media?parent=3822"}],"curies":[{"name":"wp","href":"https:\/\/api.w.org\/{rel}","templated":true}]}}