{"id":35,"date":"2019-01-25T09:52:55","date_gmt":"2019-01-25T08:52:55","guid":{"rendered":"http:\/\/archiv.siov.sk\/?page_id=35"},"modified":"2021-08-03T14:26:40","modified_gmt":"2021-08-03T12:26:40","slug":"narodny-standard-financnej-gramotnosti","status":"publish","type":"page","link":"https:\/\/archiv.siov.sk\/en\/vzdelavanie\/narodny-standard-financnej-gramotnosti\/","title":{"rendered":"N\u00e1rodn\u00fd \u0161tandard finan\u010dnej gramotnosti"},"content":{"rendered":"<div data-elementor-type=\"wp-page\" data-elementor-id=\"35\" class=\"elementor elementor-35\" data-elementor-post-type=\"page\">\n\t\t\t\t\t\t<section class=\"elementor-section elementor-top-section elementor-element elementor-element-0fabeee elementor-section-boxed elementor-section-height-default elementor-section-height-default\" data-id=\"0fabeee\" data-element_type=\"section\" data-e-type=\"section\">\n\t\t\t\t\t\t<div class=\"elementor-container elementor-column-gap-default\">\n\t\t\t\t\t<div class=\"elementor-column elementor-col-100 elementor-top-column elementor-element elementor-element-e3c3075\" data-id=\"e3c3075\" data-element_type=\"column\" data-e-type=\"column\">\n\t\t\t<div class=\"elementor-widget-wrap elementor-element-populated\">\n\t\t\t\t\t\t<div class=\"elementor-element elementor-element-908dacf elementor-widget-divider--view-line elementor-widget elementor-widget-divider\" data-id=\"908dacf\" data-element_type=\"widget\" data-e-type=\"widget\" data-widget_type=\"divider.default\">\n\t\t\t\t<div class=\"elementor-widget-container\">\n\t\t\t\t\t\t\t<div class=\"elementor-divider\">\n\t\t\t<span class=\"elementor-divider-separator\">\n\t\t\t\t\t\t<\/span>\n\t\t<\/div>\n\t\t\t\t\t\t<\/div>\n\t\t\t\t<\/div>\n\t\t\t\t<div class=\"elementor-element elementor-element-d6498d4 elementor-widget elementor-widget-heading\" data-id=\"d6498d4\" data-element_type=\"widget\" data-e-type=\"widget\" data-widget_type=\"heading.default\">\n\t\t\t\t<div class=\"elementor-widget-container\">\n\t\t\t\t\t<h2 class=\"elementor-heading-title elementor-size-default\">N\u00e1rodn\u00fd \u0161tandard finan\u010dnej gramotnosti<\/h2>\t\t\t\t<\/div>\n\t\t\t\t<\/div>\n\t\t\t\t\t<\/div>\n\t\t<\/div>\n\t\t\t\t\t<\/div>\n\t\t<\/section>\n\t\t\t\t<section class=\"elementor-section elementor-top-section elementor-element elementor-element-7fb455b7 elementor-section-boxed elementor-section-height-default elementor-section-height-default\" data-id=\"7fb455b7\" data-element_type=\"section\" data-e-type=\"section\">\n\t\t\t\t\t\t<div class=\"elementor-container elementor-column-gap-default\">\n\t\t\t\t\t<div class=\"elementor-column elementor-col-100 elementor-top-column elementor-element elementor-element-14de81b0\" data-id=\"14de81b0\" data-element_type=\"column\" data-e-type=\"column\">\n\t\t\t<div class=\"elementor-widget-wrap elementor-element-populated\">\n\t\t\t\t\t\t<div class=\"elementor-element elementor-element-bd12fed elementor-widget elementor-widget-text-editor\" data-id=\"bd12fed\" data-element_type=\"widget\" data-e-type=\"widget\" data-widget_type=\"text-editor.default\">\n\t\t\t\t<div class=\"elementor-widget-container\">\n\t\t\t\t\t\t\t\t\t<div id=\"pl-35\" class=\"panel-layout\">\n<div id=\"pg-35-0\" class=\"panel-grid panel-no-style\">\n<div id=\"pgc-35-0-0\" class=\"panel-grid-cell\" data-weight=\"1\">\n<div id=\"panel-35-0-0-0\" class=\"so-panel widget widget_sow-editor panel-first-child panel-last-child\" data-index=\"0\" data-style=\"{&quot;background_image_attachment&quot;:false,&quot;background_display&quot;:&quot;tile&quot;}\">\n<div class=\"so-widget-sow-editor so-widget-sow-editor-base\">\n<div class=\"siteorigin-widget-tinymce textwidget\">\n<p style=\"text-align: justify;\">Vl\u00e1da Slovenskej republiky uznesen\u00edm \u010d. 447 z 2. j\u00fala 2008 schv\u00e1lila materi\u00e1l N\u00e1vrh strat\u00e9gie vzdel\u00e1vania vo finan\u010dnej oblasti a mana\u017ementu osobn\u00fdch financi\u00ed, ktor\u00fd predlo\u017eil podpredseda vl\u00e1dy Slovenskej republiky a minister \u0161kolstva. Materi\u00e1l bol spracovan\u00fd v s\u00falade s \u010dl. 5 Programov\u00e9ho vyhl\u00e1senia vl\u00e1dy Slovenskej republiky ako N\u00e1rodn\u00fd \u0161tandard finan\u010dnej gramotnosti.<\/p>\n<p style=\"text-align: justify;\">V roku 2013 Ministerstvo \u0161kolstva, vedy, v\u00fdskumu a \u0161portu Slovenskej republiky (\u010falej len \u201eM\u0160VV\u0160 SR\u201c) predlo\u017eilo na rok 2013 na rokovanie vl\u00e1dy Slovenskej republiky materi\u00e1l \u201eSpr\u00e1va o stave vzdel\u00e1vania zameran\u00e9ho na podporu rozvoja finan\u010dnej gramotnosti\u201c (\u010falej len \u201eSpr\u00e1va\u201c). Uznesen\u00edm vl\u00e1dy Slovenskej republiky \u010d. 661 z 13. novembra 2013 zobrala vl\u00e1da Slovenskej republiky Spr\u00e1vu na vedomie a ulo\u017eila M\u0160VV\u0160 SR nasledovn\u00e9 \u00falohy:<\/p>\n<ul class=\"check_links\">\n<li>v spolupr\u00e1ci s podpredsedom vl\u00e1dy a ministrom financi\u00ed aktualizova\u0165 obsah N\u00e1rodn\u00e9ho \u0161tandardu finan\u010dnej gramotnosti,<\/li>\n<li>vypracova\u0165 metodiku pre zapracovanie a aplik\u00e1ciu t\u00e9m finan\u010dnej gramotnosti do \u0161kolsk\u00fdch vzdel\u00e1vac\u00edch programov z\u00e1kladn\u00fdch \u0161k\u00f4l a stredn\u00fdch \u0161k\u00f4l a<\/li>\n<li>predlo\u017ei\u0165 na rokovanie vl\u00e1dy aktualizovan\u00fa spr\u00e1vu o stave vzdel\u00e1vania zameran\u00e9ho na podporu rozvoja finan\u010dnej gramotnosti.<\/li>\n<\/ul>\n<p style=\"text-align: justify;\">Aktualizovan\u00fd N\u0160FG vymedzuje \u0161\u00edrku poznatkov, zru\u010dnost\u00ed a sk\u00fasenost\u00ed v oblasti finan\u010dn\u00e9ho vzdel\u00e1vania a mana\u017ementu osobn\u00fdch financi\u00ed.<\/p>\n<p style=\"text-align: justify;\">Aktualizovan\u00fd N\u00e1rodn\u00fd \u0161tandard finan\u010dnej gramotnosti verzia 1.1, schv\u00e1lilo Ministerstvo \u0161kolstva, vedy, v\u00fdskumu a \u0161portu Slovenskej republiky d\u0148a 31. marca 2014 pod \u010d\u00edslom 2014-2692\/16076:12-10E0 s \u00fa\u010dinnos\u0165ou od 1. septembra 2014 za\u010d\u00ednaj\u00fac prv\u00fdm ro\u010dn\u00edkom.<\/p>\n<p style=\"text-align: justify;\"><em>Aktualiz\u00e1ciu \u0161tandardu <\/em>na pracovn\u00fdch rokovaniach realizovala Medzirezortn\u00e1 expertn\u00e1 pracovn\u00e1 skupina zlo\u017een\u00e1 zo z\u00e1stupcov Ministerstva financi\u00ed SR, Ministerstva \u0161kolstva, vedy, v\u00fdskumu a \u0161portu SR, \u0160t\u00e1tneho in\u0161tit\u00fatu odborn\u00e9ho vzdel\u00e1vania, \u0160t\u00e1tneho pedagogick\u00e9ho \u00fastavu, Metodicko-pedagogick\u00e9ho centra BA, Ekonomickej univerzity v Bratislave, N\u00e1rodn\u00e9ho \u00fastavu certifikovan\u00fdch meran\u00ed, N\u00e1rodn\u00e9ho \u00fastavu celo\u017eivotn\u00e9ho vzdel\u00e1vania, N\u00e1rodnej banky Slovenska, Slovenskej asoci\u00e1cie pois\u0165ovn\u00ed, Slovenskej bankovej asoci\u00e1cie, spolo\u010dnosti Junior Achievment Slovensko, OVB Allfinanz Slovensko a.s., Nad\u00e1cie pre deti Slovenska a In\u0161tit\u00fatu bankov\u00e9ho vzdel\u00e1vania NBS.<\/p>\n<p style=\"text-align: justify;\">Medzirezortn\u00e1 expertn\u00e1 skupina pre finan\u010dn\u00fa gramotnos\u0165 (\u010falej len \u201eMedzirezortn\u00e1 expertn\u00e1 skupina\u201c) je poradn\u00fdm org\u00e1nom \u0161t\u00e1tneho tajomn\u00edka I Ministerstva \u0161kolstva, vedy, v\u00fdskumu a \u0161portu (\u010falej len \u201e\u0161t\u00e1tny tajomn\u00edk I\u201c) pri plnen\u00ed \u00faloh Ministerstva \u0161kolstva, vedy, v\u00fdskumu a \u0161portu Slovenskej republiky (\u010falej len \u201eministerstvo\u201c) vypl\u00fdvaj\u00facich z uznesenia vl\u00e1dy SR \u010d. 25 zo 14. janu\u00e1ra 2015 k Aktualizovanej spr\u00e1ve o stave vzdel\u00e1vania zameran\u00e9ho na podporu rozvoja finan\u010dnej gramotnosti.<\/p>\n<p style=\"text-align: justify;\">Po schv\u00e1len\u00ed aktualizovanej verzie N\u0160FG bude vypracovan\u00e1 metodika na zapracovanie t\u00e9m finan\u010dnej gramotnosti do \u0161kolsk\u00fdch vzdel\u00e1vac\u00edch programov z\u00e1kladn\u00fdch \u0161k\u00f4l a stredn\u00fdch \u0161k\u00f4l, pri\u010dom v metodik\u00e1ch bud\u00fa rozp\u00edsan\u00e9 jednotliv\u00e9 pojmy a vysvetlen\u00e9 bud\u00fa na praktick\u00fdch pr\u00edkladoch. S\u00fa\u010das\u0165ou metodiky bude aj slovn\u00edk z\u00e1kladn\u00fdch pojmov.<\/p>\n<p style=\"text-align: justify;\">Pedagogick\u00ed zamestnanci zaradia jednotliv\u00e9 t\u00e9my \u0161tandardu do vzdel\u00e1vania pod\u013ea potrieb \u017eiakov a vzdel\u00e1vac\u00edch podmienok \u0161koly. Pedagogick\u00ed zamestnanci m\u00f4\u017eu s\u00fa\u010dasne vyu\u017e\u00edva\u0165 N\u00e1rodn\u00fd \u0161tandard finan\u010dnej gramotnosti na vytvorenie nov\u00fdch t\u00e9m v r\u00e1mci u\u010debn\u00fdch osnov v\u0161eobecnovzdel\u00e1vac\u00edch a odborn\u00fdch predmetov z\u00e1kladn\u00fdch a stredn\u00fdch \u0161k\u00f4l alebo kurzov finan\u010dnej gramotnosti v r\u00e1mci finan\u010dn\u00e9ho vzdel\u00e1vania.<strong>&nbsp;<\/strong><\/p>\n<p style=\"text-align: justify;\"><a href=\"http:\/\/www.sccf.sk\/financna-gramotnost-5b.htm\" target=\"_blank\" style=\"font-family: var( --e-global-typography-text-font-family ), Sans-serif; font-weight: var( --e-global-typography-text-font-weight ); background-color: rgb(255, 255, 255); font-size: 1rem;\">Financial literacy<\/a><strong>&nbsp;<\/strong>je schopnos\u0165 vyu\u017e\u00edva\u0165 poznatky, zru\u010dnosti a sk\u00fasenosti na efekt\u00edvne riadenie vlastn\u00fdch finan\u010dn\u00fdch zdrojov s cie\u013eom zaisti\u0165 celo\u017eivotn\u00e9 finan\u010dn\u00e9 zabezpe\u010denie seba a svojej dom\u00e1cnosti. Finan\u010dn\u00e1 gramotnos\u0165 nie je absol\u00fatnym stavom, je to kontinuum schopnost\u00ed, ktor\u00e9 s\u00fa podmienen\u00e9 premenn\u00fdmi ako vek, rodina, kult\u00fara \u010di miesto bydliska. Finan\u010dn\u00e1 gramotnos\u0165 je ozna\u010den\u00edm pre stav neust\u00e1leho v\u00fdvoja, ktor\u00fd umo\u017e\u0148uje ka\u017ed\u00e9mu jednotlivcovi efekt\u00edvne reagova\u0165 na nov\u00e9 osobn\u00e9 udalosti a neust\u00e1le meniace sa ekonomick\u00e9 prostredie.<\/p>\n<p style=\"text-align: justify;\">Vzh\u013eadom na nedostato\u010dn\u00e9 sk\u00fasenosti a e\u0161te neosvojen\u00fd po\u017eadovan\u00fd stupe\u0148 zodpovednosti, s\u00fa\u010dasn\u00fd absolvent strednej \u0161koly nebude vykazova\u0165 rovnak\u00fd stupe\u0148 znalost\u00ed v oblasti osobn\u00fdch financi\u00ed ako star\u0161\u00ed, finan\u010dne gramotn\u00fd dospel\u00fd. Finan\u010dne gramotn\u00ed absolventi stredn\u00fdch \u0161k\u00f4l by v\u0161ak mali aspo\u0148 vo v\u0161eobecnosti ch\u00e1pa\u0165 v\u0161etky k\u013e\u00fa\u010dov\u00e9 aspekty osobn\u00fdch financi\u00ed. T\u00edto absolventi bud\u00fa ma\u0165 istotu, \u017ee bud\u00fa samostatne schopn\u00ed n\u00e1js\u0165 si a pou\u017ei\u0165 inform\u00e1cie potrebn\u00e9 pri \u0161pecifick\u00fdch finan\u010dn\u00fdch v\u00fdzvach, zo\u010di-vo\u010di ktor\u00fdm sa m\u00f4\u017eu \u010das od \u010dasu ocitn\u00fa\u0165. Pr\u00e1ve v s\u00favislosti s t\u00fdmto N\u00e1rodn\u00fd \u0161tandard finan\u010dnej gramotnosti nazna\u010duje, ak\u00fdmi poznatkami, zru\u010dnos\u0165ami a sk\u00fasenos\u0165ami musia pedagogick\u00ed zamestnanci a \u017eiaci disponova\u0165, aby mohli nepretr\u017eite roz\u0161irova\u0165 svoje vedomosti o osobn\u00fdch financi\u00e1ch pod\u013ea toho, ako sa bud\u00fa meni\u0165 ich zodpovednosti a pr\u00edle\u017eitosti.<\/p>\n<p><strong>V\u0161etky doteraz schv\u00e1len\u00e9 a&nbsp;publikovan\u00e9 materi\u00e1ly a inform\u00e1cie k&nbsp;finan\u010dnej gramotnosti n\u00e1jdete na:<\/strong><\/p>\n<ul class=\"svp_links\">\n<li class=\"vseobecne_vzdelavanie\"><a href=\"https:\/\/www.minedu.sk\/dokumenty-a-predpisy\/\">Dokumenty a predpisy<\/a><\/li>\n<li class=\"vseobecne_vzdelavanie\"><a href=\"https:\/\/www.minedu.sk\/narodny-standard-financnej-gramotnosti\/\">N\u00e1rodn\u00fd \u0161tandard finan\u010dnej gramotnosti<\/a><\/li>\n<li class=\"vseobecne_vzdelavanie\"><a href=\"https:\/\/www.minedu.sk\/metodika-pre-zapracovanie-a-aplikaciu-tem-financnej-gramotnosti-do-skolskych-vzdelavacich-programov-zakladnych-skol-a-strednych-skol\/\">Metodika pre zapracovanie a aplik\u00e1ciu t\u00e9m finan\u010dnej gramotnosti do \u0161kolsk\u00fdch vzdel\u00e1vac\u00edch programov z\u00e1kladn\u00fdch \u0161k\u00f4l a stredn\u00fdch \u0161k\u00f4l<\/a><\/li>\n<li class=\"vseobecne_vzdelavanie\"><a href=\"http:\/\/www9.siov.sk\/metodika-pre-zapracovanie-a-aplikaciu-tem-financnej-gramotnosti-do-skolskych-vzdelavacich-programov-zakladnych-a-strednych-skol\/28761s\">Metodika pre zapracovanie a aplik\u00e1ciu t\u00e9m finan\u010dnej gramotnosti do \u0161kolsk\u00fdch vzdel\u00e1vac\u00edch programov z\u00e1kladn\u00fdch a stredn\u00fdch \u0161k\u00f4l<\/a><\/li>\n<li class=\"vseobecne_vzdelavanie\"><a href=\"https:\/\/www.minedu.sk\/data\/att\/11359.pdf\">N\u00e1rodn\u00fd \u0161tandard finan\u010dnej gramotnosti &#8211; verzia 1.2<\/a><\/li>\n<\/ul>\n<p>&nbsp;<\/p>\n<\/div>\n<\/div>\n<\/div>\n<\/div>\n<\/div>\n<\/div>\t\t\t\t\t\t\t\t<\/div>\n\t\t\t\t<\/div>\n\t\t\t\t\t<\/div>\n\t\t<\/div>\n\t\t\t\t\t<\/div>\n\t\t<\/section>\n\t\t\t\t<\/div>","protected":false},"excerpt":{"rendered":"<p>N\u00e1rodn\u00fd \u0161tandard finan\u010dnej gramotnosti Vl\u00e1da Slovenskej republiky uznesen\u00edm \u010d. 447 z 2. j\u00fala 2008 schv\u00e1lila materi\u00e1l N\u00e1vrh strat\u00e9gie vzdel\u00e1vania vo finan\u010dnej oblasti a mana\u017ementu osobn\u00fdch financi\u00ed, ktor\u00fd predlo\u017eil podpredseda vl\u00e1dy Slovenskej republiky a minister \u0161kolstva. Materi\u00e1l bol spracovan\u00fd v s\u00falade s \u010dl. 5 Programov\u00e9ho vyhl\u00e1senia vl\u00e1dy Slovenskej republiky ako N\u00e1rodn\u00fd \u0161tandard finan\u010dnej gramotnosti. V roku [&hellip;]<\/p>\n","protected":false},"author":1,"featured_media":0,"parent":16,"menu_order":0,"comment_status":"closed","ping_status":"closed","template":"","meta":{"site-sidebar-layout":"default","site-content-layout":"default","ast-site-content-layout":"default","site-content-style":"default","site-sidebar-style":"default","ast-global-header-display":"","ast-banner-title-visibility":"","ast-main-header-display":"","ast-hfb-above-header-display":"","ast-hfb-below-header-display":"","ast-hfb-mobile-header-display":"","site-post-title":"disabled","ast-breadcrumbs-content":"","ast-featured-img":"","footer-sml-layout":"","ast-disable-related-posts":"","theme-transparent-header-meta":"default","adv-header-id-meta":"","stick-header-meta":"","header-above-stick-meta":"","header-main-stick-meta":"","header-below-stick-meta":"","astra-migrate-meta-layouts":"default","ast-page-background-enabled":"default","ast-page-background-meta":{"desktop":{"background-color":"var(--ast-global-color-4)","background-image":"","background-repeat":"repeat","background-position":"center center","background-size":"auto","background-attachment":"scroll","background-type":"","background-media":"","overlay-type":"","overlay-color":"","overlay-opacity":"","overlay-gradient":""},"tablet":{"background-color":"","background-image":"","background-repeat":"repeat","background-position":"center center","background-size":"auto","background-attachment":"scroll","background-type":"","background-media":"","overlay-type":"","overlay-color":"","overlay-opacity":"","overlay-gradient":""},"mobile":{"background-color":"","background-image":"","background-repeat":"repeat","background-position":"center center","background-size":"auto","background-attachment":"scroll","background-type":"","background-media":"","overlay-type":"","overlay-color":"","overlay-opacity":"","overlay-gradient":""}},"ast-content-background-meta":{"desktop":{"background-color":"var(--ast-global-color-5)","background-image":"","background-repeat":"repeat","background-position":"center center","background-size":"auto","background-attachment":"scroll","background-type":"","background-media":"","overlay-type":"","overlay-color":"","overlay-opacity":"","overlay-gradient":""},"tablet":{"background-color":"var(--ast-global-color-5)","background-image":"","background-repeat":"repeat","background-position":"center center","background-size":"auto","background-attachment":"scroll","background-type":"","background-media":"","overlay-type":"","overlay-color":"","overlay-opacity":"","overlay-gradient":""},"mobile":{"background-color":"var(--ast-global-color-5)","background-image":"","background-repeat":"repeat","background-position":"center center","background-size":"auto","background-attachment":"scroll","background-type":"","background-media":"","overlay-type":"","overlay-color":"","overlay-opacity":"","overlay-gradient":""}},"footnotes":""},"class_list":["post-35","page","type-page","status-publish","hentry"],"yoast_head":"<!-- This site is optimized with the Yoast SEO plugin v27.5 - https:\/\/yoast.com\/product\/yoast-seo-wordpress\/ -->\n<title>N\u00e1rodn\u00fd \u0161tandard finan\u010dnej gramotnosti - \u0160IOV - \u0161t\u00e1tny in\u0161tit\u00fat odborn\u00e9ho vzdel\u00e1vania<\/title>\n<meta name=\"robots\" content=\"index, follow, max-snippet:-1, max-image-preview:large, max-video-preview:-1\" \/>\n<link rel=\"canonical\" href=\"https:\/\/archiv.siov.sk\/en\/vzdelavanie\/narodny-standard-financnej-gramotnosti\/\" \/>\n<meta property=\"og:locale\" content=\"en_GB\" \/>\n<meta property=\"og:type\" content=\"article\" \/>\n<meta property=\"og:title\" content=\"N\u00e1rodn\u00fd \u0161tandard finan\u010dnej gramotnosti - \u0160IOV - \u0161t\u00e1tny in\u0161tit\u00fat odborn\u00e9ho vzdel\u00e1vania\" \/>\n<meta property=\"og:description\" content=\"N\u00e1rodn\u00fd \u0161tandard finan\u010dnej gramotnosti Vl\u00e1da Slovenskej republiky uznesen\u00edm \u010d. 447 z 2. j\u00fala 2008 schv\u00e1lila materi\u00e1l N\u00e1vrh strat\u00e9gie vzdel\u00e1vania vo finan\u010dnej oblasti a mana\u017ementu osobn\u00fdch financi\u00ed, ktor\u00fd predlo\u017eil podpredseda vl\u00e1dy Slovenskej republiky a minister \u0161kolstva. Materi\u00e1l bol spracovan\u00fd v s\u00falade s \u010dl. 5 Programov\u00e9ho vyhl\u00e1senia vl\u00e1dy Slovenskej republiky ako N\u00e1rodn\u00fd \u0161tandard finan\u010dnej gramotnosti. V roku [&hellip;]\" \/>\n<meta property=\"og:url\" content=\"https:\/\/archiv.siov.sk\/en\/vzdelavanie\/narodny-standard-financnej-gramotnosti\/\" \/>\n<meta property=\"og:site_name\" content=\"\u0160IOV - \u0161t\u00e1tny in\u0161tit\u00fat odborn\u00e9ho vzdel\u00e1vania\" \/>\n<meta property=\"article:publisher\" content=\"https:\/\/www.facebook.com\/Statnyinstitutodbornehovzdelavania\" \/>\n<meta property=\"article:modified_time\" content=\"2021-08-03T12:26:40+00:00\" \/>\n<meta name=\"twitter:card\" content=\"summary_large_image\" \/>\n<meta name=\"twitter:label1\" content=\"Estimated reading time\" \/>\n\t<meta name=\"twitter:data1\" content=\"3 minutes\" \/>\n<script type=\"application\/ld+json\" class=\"yoast-schema-graph\">{\"@context\":\"https:\\\/\\\/schema.org\",\"@graph\":[{\"@type\":\"WebPage\",\"@id\":\"https:\\\/\\\/archiv.siov.sk\\\/vzdelavanie\\\/narodny-standard-financnej-gramotnosti\\\/\",\"url\":\"https:\\\/\\\/archiv.siov.sk\\\/vzdelavanie\\\/narodny-standard-financnej-gramotnosti\\\/\",\"name\":\"N\u00e1rodn\u00fd \u0161tandard finan\u010dnej gramotnosti - \u0160IOV - \u0161t\u00e1tny in\u0161tit\u00fat odborn\u00e9ho vzdel\u00e1vania\",\"isPartOf\":{\"@id\":\"https:\\\/\\\/archiv.siov.sk\\\/#website\"},\"datePublished\":\"2019-01-25T08:52:55+00:00\",\"dateModified\":\"2021-08-03T12:26:40+00:00\",\"breadcrumb\":{\"@id\":\"https:\\\/\\\/archiv.siov.sk\\\/vzdelavanie\\\/narodny-standard-financnej-gramotnosti\\\/#breadcrumb\"},\"inLanguage\":\"en-GB\",\"potentialAction\":[{\"@type\":\"ReadAction\",\"target\":[\"https:\\\/\\\/archiv.siov.sk\\\/vzdelavanie\\\/narodny-standard-financnej-gramotnosti\\\/\"]}]},{\"@type\":\"BreadcrumbList\",\"@id\":\"https:\\\/\\\/archiv.siov.sk\\\/vzdelavanie\\\/narodny-standard-financnej-gramotnosti\\\/#breadcrumb\",\"itemListElement\":[{\"@type\":\"ListItem\",\"position\":1,\"name\":\"Home\",\"item\":\"https:\\\/\\\/archiv.siov.sk\\\/\"},{\"@type\":\"ListItem\",\"position\":2,\"name\":\"Vzdel\u00e1vanie\",\"item\":\"https:\\\/\\\/archiv.siov.sk\\\/vzdelavanie\\\/\"},{\"@type\":\"ListItem\",\"position\":3,\"name\":\"N\u00e1rodn\u00fd \u0161tandard finan\u010dnej gramotnosti\"}]},{\"@type\":\"WebSite\",\"@id\":\"https:\\\/\\\/archiv.siov.sk\\\/#website\",\"url\":\"https:\\\/\\\/archiv.siov.sk\\\/\",\"name\":\"\u0160IOV - \u0161t\u00e1tny in\u0161tit\u00fat odborn\u00e9ho vzdel\u00e1vania\",\"description\":\"\",\"publisher\":{\"@id\":\"https:\\\/\\\/archiv.siov.sk\\\/#organization\"},\"potentialAction\":[{\"@type\":\"SearchAction\",\"target\":{\"@type\":\"EntryPoint\",\"urlTemplate\":\"https:\\\/\\\/archiv.siov.sk\\\/?s={search_term_string}\"},\"query-input\":{\"@type\":\"PropertyValueSpecification\",\"valueRequired\":true,\"valueName\":\"search_term_string\"}}],\"inLanguage\":\"en-GB\"},{\"@type\":\"Organization\",\"@id\":\"https:\\\/\\\/archiv.siov.sk\\\/#organization\",\"name\":\"\u0160IOV - \u0161t\u00e1tny in\u0161tit\u00fat odborn\u00e9ho vzdel\u00e1vania\",\"url\":\"https:\\\/\\\/archiv.siov.sk\\\/\",\"logo\":{\"@type\":\"ImageObject\",\"inLanguage\":\"en-GB\",\"@id\":\"https:\\\/\\\/archiv.siov.sk\\\/#\\\/schema\\\/logo\\\/image\\\/\",\"url\":\"https:\\\/\\\/archiv.siov.sk\\\/wp-content\\\/uploads\\\/2024\\\/02\\\/logo-SIOV.png\",\"contentUrl\":\"https:\\\/\\\/archiv.siov.sk\\\/wp-content\\\/uploads\\\/2024\\\/02\\\/logo-SIOV.png\",\"width\":431,\"height\":143,\"caption\":\"\u0160IOV - \u0161t\u00e1tny in\u0161tit\u00fat odborn\u00e9ho vzdel\u00e1vania\"},\"image\":{\"@id\":\"https:\\\/\\\/archiv.siov.sk\\\/#\\\/schema\\\/logo\\\/image\\\/\"},\"sameAs\":[\"https:\\\/\\\/www.facebook.com\\\/Statnyinstitutodbornehovzdelavania\"]}]}<\/script>\n<!-- \/ Yoast SEO plugin. -->","yoast_head_json":{"title":"N\u00e1rodn\u00fd \u0161tandard finan\u010dnej gramotnosti - \u0160IOV - \u0161t\u00e1tny in\u0161tit\u00fat odborn\u00e9ho vzdel\u00e1vania","robots":{"index":"index","follow":"follow","max-snippet":"max-snippet:-1","max-image-preview":"max-image-preview:large","max-video-preview":"max-video-preview:-1"},"canonical":"https:\/\/archiv.siov.sk\/en\/vzdelavanie\/narodny-standard-financnej-gramotnosti\/","og_locale":"en_GB","og_type":"article","og_title":"N\u00e1rodn\u00fd \u0161tandard finan\u010dnej gramotnosti - \u0160IOV - \u0161t\u00e1tny in\u0161tit\u00fat odborn\u00e9ho vzdel\u00e1vania","og_description":"N\u00e1rodn\u00fd \u0161tandard finan\u010dnej gramotnosti Vl\u00e1da Slovenskej republiky uznesen\u00edm \u010d. 447 z 2. j\u00fala 2008 schv\u00e1lila materi\u00e1l N\u00e1vrh strat\u00e9gie vzdel\u00e1vania vo finan\u010dnej oblasti a mana\u017ementu osobn\u00fdch financi\u00ed, ktor\u00fd predlo\u017eil podpredseda vl\u00e1dy Slovenskej republiky a minister \u0161kolstva. Materi\u00e1l bol spracovan\u00fd v s\u00falade s \u010dl. 5 Programov\u00e9ho vyhl\u00e1senia vl\u00e1dy Slovenskej republiky ako N\u00e1rodn\u00fd \u0161tandard finan\u010dnej gramotnosti. V roku [&hellip;]","og_url":"https:\/\/archiv.siov.sk\/en\/vzdelavanie\/narodny-standard-financnej-gramotnosti\/","og_site_name":"\u0160IOV - \u0161t\u00e1tny in\u0161tit\u00fat odborn\u00e9ho vzdel\u00e1vania","article_publisher":"https:\/\/www.facebook.com\/Statnyinstitutodbornehovzdelavania","article_modified_time":"2021-08-03T12:26:40+00:00","twitter_card":"summary_large_image","twitter_misc":{"Estimated reading time":"3 minutes"},"schema":{"@context":"https:\/\/schema.org","@graph":[{"@type":"WebPage","@id":"https:\/\/archiv.siov.sk\/vzdelavanie\/narodny-standard-financnej-gramotnosti\/","url":"https:\/\/archiv.siov.sk\/vzdelavanie\/narodny-standard-financnej-gramotnosti\/","name":"N\u00e1rodn\u00fd \u0161tandard finan\u010dnej gramotnosti - \u0160IOV - \u0161t\u00e1tny in\u0161tit\u00fat odborn\u00e9ho vzdel\u00e1vania","isPartOf":{"@id":"https:\/\/archiv.siov.sk\/#website"},"datePublished":"2019-01-25T08:52:55+00:00","dateModified":"2021-08-03T12:26:40+00:00","breadcrumb":{"@id":"https:\/\/archiv.siov.sk\/vzdelavanie\/narodny-standard-financnej-gramotnosti\/#breadcrumb"},"inLanguage":"en-GB","potentialAction":[{"@type":"ReadAction","target":["https:\/\/archiv.siov.sk\/vzdelavanie\/narodny-standard-financnej-gramotnosti\/"]}]},{"@type":"BreadcrumbList","@id":"https:\/\/archiv.siov.sk\/vzdelavanie\/narodny-standard-financnej-gramotnosti\/#breadcrumb","itemListElement":[{"@type":"ListItem","position":1,"name":"Home","item":"https:\/\/archiv.siov.sk\/"},{"@type":"ListItem","position":2,"name":"Vzdel\u00e1vanie","item":"https:\/\/archiv.siov.sk\/vzdelavanie\/"},{"@type":"ListItem","position":3,"name":"N\u00e1rodn\u00fd \u0161tandard finan\u010dnej gramotnosti"}]},{"@type":"WebSite","@id":"https:\/\/archiv.siov.sk\/#website","url":"https:\/\/archiv.siov.sk\/","name":"\u0160IOV - \u0161t\u00e1tny in\u0161tit\u00fat odborn\u00e9ho vzdel\u00e1vania","description":"","publisher":{"@id":"https:\/\/archiv.siov.sk\/#organization"},"potentialAction":[{"@type":"SearchAction","target":{"@type":"EntryPoint","urlTemplate":"https:\/\/archiv.siov.sk\/?s={search_term_string}"},"query-input":{"@type":"PropertyValueSpecification","valueRequired":true,"valueName":"search_term_string"}}],"inLanguage":"en-GB"},{"@type":"Organization","@id":"https:\/\/archiv.siov.sk\/#organization","name":"\u0160IOV - \u0161t\u00e1tny in\u0161tit\u00fat odborn\u00e9ho vzdel\u00e1vania","url":"https:\/\/archiv.siov.sk\/","logo":{"@type":"ImageObject","inLanguage":"en-GB","@id":"https:\/\/archiv.siov.sk\/#\/schema\/logo\/image\/","url":"https:\/\/archiv.siov.sk\/wp-content\/uploads\/2024\/02\/logo-SIOV.png","contentUrl":"https:\/\/archiv.siov.sk\/wp-content\/uploads\/2024\/02\/logo-SIOV.png","width":431,"height":143,"caption":"\u0160IOV - \u0161t\u00e1tny in\u0161tit\u00fat odborn\u00e9ho vzdel\u00e1vania"},"image":{"@id":"https:\/\/archiv.siov.sk\/#\/schema\/logo\/image\/"},"sameAs":["https:\/\/www.facebook.com\/Statnyinstitutodbornehovzdelavania"]}]}},"_links":{"self":[{"href":"https:\/\/archiv.siov.sk\/en\/wp-json\/wp\/v2\/pages\/35","targetHints":{"allow":["GET"]}}],"collection":[{"href":"https:\/\/archiv.siov.sk\/en\/wp-json\/wp\/v2\/pages"}],"about":[{"href":"https:\/\/archiv.siov.sk\/en\/wp-json\/wp\/v2\/types\/page"}],"author":[{"embeddable":true,"href":"https:\/\/archiv.siov.sk\/en\/wp-json\/wp\/v2\/users\/1"}],"replies":[{"embeddable":true,"href":"https:\/\/archiv.siov.sk\/en\/wp-json\/wp\/v2\/comments?post=35"}],"version-history":[{"count":25,"href":"https:\/\/archiv.siov.sk\/en\/wp-json\/wp\/v2\/pages\/35\/revisions"}],"predecessor-version":[{"id":9341,"href":"https:\/\/archiv.siov.sk\/en\/wp-json\/wp\/v2\/pages\/35\/revisions\/9341"}],"up":[{"embeddable":true,"href":"https:\/\/archiv.siov.sk\/en\/wp-json\/wp\/v2\/pages\/16"}],"wp:attachment":[{"href":"https:\/\/archiv.siov.sk\/en\/wp-json\/wp\/v2\/media?parent=35"}],"curies":[{"name":"wp","href":"https:\/\/api.w.org\/{rel}","templated":true}]}}