{"id":31,"date":"2019-01-25T09:51:38","date_gmt":"2019-01-25T08:51:38","guid":{"rendered":"http:\/\/archiv.siov.sk\/?page_id=31"},"modified":"2025-07-23T13:43:04","modified_gmt":"2025-07-23T11:43:04","slug":"umenie-a-umelecko-remeselna-tvorba-i","status":"publish","type":"page","link":"https:\/\/archiv.siov.sk\/en\/vzdelavanie\/konzervatorium\/umenie-a-umelecko-remeselna-tvorba-i\/","title":{"rendered":"Umenie a umelecko-remeseln\u00e1 tvorba I. &#8211; Konzervat\u00f3ri\u00e1"},"content":{"rendered":"<div data-elementor-type=\"wp-page\" data-elementor-id=\"31\" class=\"elementor elementor-31\" data-elementor-post-type=\"page\">\n\t\t\t\t\t\t<section class=\"elementor-section elementor-top-section elementor-element elementor-element-023b55c elementor-section-boxed elementor-section-height-default elementor-section-height-default\" data-id=\"023b55c\" data-element_type=\"section\" data-e-type=\"section\">\n\t\t\t\t\t\t<div class=\"elementor-container elementor-column-gap-default\">\n\t\t\t\t\t<div class=\"elementor-column elementor-col-100 elementor-top-column elementor-element elementor-element-19011ad\" data-id=\"19011ad\" data-element_type=\"column\" data-e-type=\"column\">\n\t\t\t<div class=\"elementor-widget-wrap elementor-element-populated\">\n\t\t\t\t\t\t<div class=\"elementor-element elementor-element-fc900dc elementor-widget-divider--view-line elementor-widget elementor-widget-divider\" data-id=\"fc900dc\" data-element_type=\"widget\" data-e-type=\"widget\" data-widget_type=\"divider.default\">\n\t\t\t\t<div class=\"elementor-widget-container\">\n\t\t\t\t\t\t\t<div class=\"elementor-divider\">\n\t\t\t<span class=\"elementor-divider-separator\">\n\t\t\t\t\t\t<\/span>\n\t\t<\/div>\n\t\t\t\t\t\t<\/div>\n\t\t\t\t<\/div>\n\t\t\t\t<div class=\"elementor-element elementor-element-7f38653 elementor-widget elementor-widget-heading\" data-id=\"7f38653\" data-element_type=\"widget\" data-e-type=\"widget\" data-widget_type=\"heading.default\">\n\t\t\t\t<div class=\"elementor-widget-container\">\n\t\t\t\t\t<h2 class=\"elementor-heading-title elementor-size-default\">Expert commissions<\/h2>\t\t\t\t<\/div>\n\t\t\t\t<\/div>\n\t\t\t\t\t<\/div>\n\t\t<\/div>\n\t\t\t\t\t<\/div>\n\t\t<\/section>\n\t\t\t\t<section class=\"elementor-section elementor-top-section elementor-element elementor-element-5c3a7f5a elementor-section-boxed elementor-section-height-default elementor-section-height-default\" data-id=\"5c3a7f5a\" data-element_type=\"section\" data-e-type=\"section\">\n\t\t\t\t\t\t<div class=\"elementor-container elementor-column-gap-default\">\n\t\t\t\t\t<div class=\"elementor-column elementor-col-100 elementor-top-column elementor-element elementor-element-690db878\" data-id=\"690db878\" data-element_type=\"column\" data-e-type=\"column\">\n\t\t\t<div class=\"elementor-widget-wrap elementor-element-populated\">\n\t\t\t\t\t\t<div class=\"elementor-element elementor-element-49ed5add elementor-widget elementor-widget-text-editor\" data-id=\"49ed5add\" data-element_type=\"widget\" data-e-type=\"widget\" data-widget_type=\"text-editor.default\">\n\t\t\t\t<div class=\"elementor-widget-container\">\n\t\t\t\t\t\t\t\t\t<p style=\"text-align: justify;\">Odborn\u00e9 komisie s\u00fa poradn\u00fdm org\u00e1nom riadite\u013ea \u0160t\u00e1tneho in\u0161tit\u00fatu odborn\u00e9ho vzdel\u00e1vania. S\u00fa zriaden\u00e9 na rie\u0161enie komplexn\u00fdch ot\u00e1zok obsahu odborn\u00e9ho vzdel\u00e1vania a pr\u00edpravy v Slovenskej republike, na tvorbu \u0161t\u00e1tnych vzdel\u00e1vac\u00edch programov, rie\u0161enie koncep\u010dn\u00fdch, experiment\u00e1lnych, odborn\u00fdch, metodick\u00fdch, poradensk\u00fdch a \u010fal\u0161\u00edch \u00faloh s\u00favisiacich s pr\u00edslu\u0161n\u00fdm vzdel\u00e1vac\u00edm programom.<\/p>\t\t\t\t\t\t\t\t<\/div>\n\t\t\t\t<\/div>\n\t\t\t\t\t<\/div>\n\t\t<\/div>\n\t\t\t\t\t<\/div>\n\t\t<\/section>\n\t\t\t\t<section class=\"elementor-section elementor-top-section elementor-element elementor-element-0f0e139 elementor-section-boxed elementor-section-height-default elementor-section-height-default\" data-id=\"0f0e139\" data-element_type=\"section\" data-e-type=\"section\">\n\t\t\t\t\t\t<div class=\"elementor-container elementor-column-gap-default\">\n\t\t\t\t\t<div class=\"elementor-column elementor-col-100 elementor-top-column elementor-element elementor-element-fa47198\" data-id=\"fa47198\" data-element_type=\"column\" data-e-type=\"column\">\n\t\t\t<div class=\"elementor-widget-wrap elementor-element-populated\">\n\t\t\t\t\t\t<div class=\"elementor-element elementor-element-107665c elementor-widget elementor-widget-heading\" data-id=\"107665c\" data-element_type=\"widget\" data-e-type=\"widget\" data-widget_type=\"heading.default\">\n\t\t\t\t<div class=\"elementor-widget-container\">\n\t\t\t\t\t<h4 class=\"elementor-heading-title elementor-size-default\">Odborn\u00e1 komisia 82 Umenie a umelecko-remeseln\u00e1 tvorba I. konzervat\u00f3ri\u00e1<\/h4>\t\t\t\t<\/div>\n\t\t\t\t<\/div>\n\t\t\t\t\t<\/div>\n\t\t<\/div>\n\t\t\t\t\t<\/div>\n\t\t<\/section>\n\t\t\t\t<section class=\"elementor-section elementor-top-section elementor-element elementor-element-35e9bd5 elementor-section-boxed elementor-section-height-default elementor-section-height-default\" data-id=\"35e9bd5\" data-element_type=\"section\" data-e-type=\"section\">\n\t\t\t\t\t\t<div class=\"elementor-container elementor-column-gap-default\">\n\t\t\t\t\t<div class=\"elementor-column elementor-col-50 elementor-top-column elementor-element elementor-element-f31bb3d\" data-id=\"f31bb3d\" data-element_type=\"column\" data-e-type=\"column\">\n\t\t\t<div class=\"elementor-widget-wrap elementor-element-populated\">\n\t\t\t\t\t\t<div class=\"elementor-element elementor-element-0ab1e5c elementor-widget elementor-widget-text-editor\" data-id=\"0ab1e5c\" data-element_type=\"widget\" data-e-type=\"widget\" data-widget_type=\"text-editor.default\">\n\t\t\t\t<div class=\"elementor-widget-container\">\n\t\t\t\t\t\t\t\t\t<p><strong>Mgr. art. Katar\u00edna ZACHAROV\u00c1\u00a0 \u00a0 \u00a0 \u00a0 \u00a0 \u00a0 \u00a0 \u00a0 \u00a0 \u00a0\u00a0<\/strong><\/p><p><strong>Mgr. R\u00f3bert GALOVICS\u00a0 \u00a0 \u00a0 \u00a0 \u00a0 \u00a0 \u00a0 \u00a0 \u00a0 \u00a0 \u00a0 \u00a0 \u00a0 \u00a0 \u00a0 \u00a0 \u00a0\u00a0<\/strong><\/p><p><strong>Doc. Mgr. art. J\u00e1n GR\u00c9NER, ArtD.\u00a0 \u00a0 \u00a0 \u00a0 \u00a0 \u00a0 \u00a0 \u00a0<\/strong><\/p><p><strong>Mgr. Denisa\u00a0 KRAJ\u010cOVI\u010cOV\u00c1\u00a0 \u00a0 \u00a0 \u00a0 \u00a0 \u00a0 \u00a0 \u00a0 \u00a0 \u00a0 \u00a0 \u00a0 \u00a0 \u00a0 \u00a0 \u00a0 \u00a0 \u00a0 \u00a0 \u00a0 \u00a0 \u00a0 \u00a0 \u00a0<\/strong><\/p><p><strong>MgA. Luk\u00e1\u0161 ORAVEC\u00a0 \u00a0 \u00a0 \u00a0 \u00a0 \u00a0 \u00a0 \u00a0 \u00a0 \u00a0 \u00a0 \u00a0 \u00a0 \u00a0 \u00a0 \u00a0 \u00a0 \u00a0 \u00a0\u00a0<\/strong><\/p><p><strong>Mgr. art. Peter ZAJ\u00cd\u010cEK, ArtD.\u00a0 \u00a0 \u00a0 \u00a0 \u00a0 \u00a0 \u00a0 \u00a0 \u00a0 \u00a0 \u00a0\u00a0<\/strong><\/p>\t\t\t\t\t\t\t\t<\/div>\n\t\t\t\t<\/div>\n\t\t\t\t\t<\/div>\n\t\t<\/div>\n\t\t\t\t<div class=\"elementor-column elementor-col-50 elementor-top-column elementor-element elementor-element-318237e\" data-id=\"318237e\" data-element_type=\"column\" data-e-type=\"column\">\n\t\t\t<div class=\"elementor-widget-wrap elementor-element-populated\">\n\t\t\t\t\t\t<div class=\"elementor-element elementor-element-84d5266 elementor-widget elementor-widget-text-editor\" data-id=\"84d5266\" data-element_type=\"widget\" data-e-type=\"widget\" data-widget_type=\"text-editor.default\">\n\t\t\t\t<div class=\"elementor-widget-container\">\n\t\t\t\t\t\t\t\t\t<p><strong>\u00dania konzervat\u00f3ri\u00ed Slovenskej republiky<\/strong><\/p><p><strong>Konzervat\u00f3rium Jozefa Adamovi\u010da, Ko\u0161ice<\/strong><\/p><p><strong>Cirkevn\u00e9 konzervat\u00f3rium, Bratislava<\/strong><\/p><p><strong>S\u00fakromn\u00e9 konzervat\u00f3rium Dezidera\u00a0 <\/strong><strong>Kardo\u0161a, Topo\u013e\u010dany<\/strong><\/p><p><strong>\u00a0Akad\u00e9mia m\u00fazick\u00fdch umen\u00ed, Bansk\u00e1 <\/strong><strong>Bystrica<\/strong><\/p><p><strong>MUSICA AETERNA, Bratislava<\/strong><\/p>\t\t\t\t\t\t\t\t<\/div>\n\t\t\t\t<\/div>\n\t\t\t\t\t<\/div>\n\t\t<\/div>\n\t\t\t\t\t<\/div>\n\t\t<\/section>\n\t\t\t\t<\/div>","protected":false},"excerpt":{"rendered":"<p>Odborn\u00e9 komisie Odborn\u00e9 komisie s\u00fa poradn\u00fdm org\u00e1nom riadite\u013ea \u0160t\u00e1tneho in\u0161tit\u00fatu odborn\u00e9ho vzdel\u00e1vania. S\u00fa zriaden\u00e9 na rie\u0161enie komplexn\u00fdch ot\u00e1zok obsahu odborn\u00e9ho vzdel\u00e1vania a pr\u00edpravy v Slovenskej republike, na tvorbu \u0161t\u00e1tnych vzdel\u00e1vac\u00edch programov, rie\u0161enie koncep\u010dn\u00fdch, experiment\u00e1lnych, odborn\u00fdch, metodick\u00fdch, poradensk\u00fdch a \u010fal\u0161\u00edch \u00faloh s\u00favisiacich s pr\u00edslu\u0161n\u00fdm vzdel\u00e1vac\u00edm programom. Odborn\u00e1 komisia 82 Umenie a umelecko-remeseln\u00e1 tvorba I. konzervat\u00f3ri\u00e1 Mgr. [&hellip;]<\/p>\n","protected":false},"author":1,"featured_media":0,"parent":25,"menu_order":0,"comment_status":"closed","ping_status":"closed","template":"","meta":{"site-sidebar-layout":"default","site-content-layout":"default","ast-site-content-layout":"default","site-content-style":"default","site-sidebar-style":"default","ast-global-header-display":"","ast-banner-title-visibility":"","ast-main-header-display":"","ast-hfb-above-header-display":"","ast-hfb-below-header-display":"","ast-hfb-mobile-header-display":"","site-post-title":"disabled","ast-breadcrumbs-content":"","ast-featured-img":"","footer-sml-layout":"","ast-disable-related-posts":"","theme-transparent-header-meta":"default","adv-header-id-meta":"","stick-header-meta":"default","header-above-stick-meta":"","header-main-stick-meta":"","header-below-stick-meta":"","astra-migrate-meta-layouts":"set","ast-page-background-enabled":"default","ast-page-background-meta":{"desktop":{"background-color":"var(--ast-global-color-4)","background-image":"","background-repeat":"repeat","background-position":"center center","background-size":"auto","background-attachment":"scroll","background-type":"","background-media":"","overlay-type":"","overlay-color":"","overlay-opacity":"","overlay-gradient":""},"tablet":{"background-color":"","background-image":"","background-repeat":"repeat","background-position":"center center","background-size":"auto","background-attachment":"scroll","background-type":"","background-media":"","overlay-type":"","overlay-color":"","overlay-opacity":"","overlay-gradient":""},"mobile":{"background-color":"","background-image":"","background-repeat":"repeat","background-position":"center center","background-size":"auto","background-attachment":"scroll","background-type":"","background-media":"","overlay-type":"","overlay-color":"","overlay-opacity":"","overlay-gradient":""}},"ast-content-background-meta":{"desktop":{"background-color":"var(--ast-global-color-5)","background-image":"","background-repeat":"repeat","background-position":"center center","background-size":"auto","background-attachment":"scroll","background-type":"","background-media":"","overlay-type":"","overlay-color":"","overlay-opacity":"","overlay-gradient":""},"tablet":{"background-color":"var(--ast-global-color-5)","background-image":"","background-repeat":"repeat","background-position":"center center","background-size":"auto","background-attachment":"scroll","background-type":"","background-media":"","overlay-type":"","overlay-color":"","overlay-opacity":"","overlay-gradient":""},"mobile":{"background-color":"var(--ast-global-color-5)","background-image":"","background-repeat":"repeat","background-position":"center center","background-size":"auto","background-attachment":"scroll","background-type":"","background-media":"","overlay-type":"","overlay-color":"","overlay-opacity":"","overlay-gradient":""}},"footnotes":""},"class_list":["post-31","page","type-page","status-publish","hentry"],"yoast_head":"<!-- This site is optimized with the Yoast SEO plugin v27.5 - https:\/\/yoast.com\/product\/yoast-seo-wordpress\/ -->\n<title>Umenie a umelecko-remeseln\u00e1 tvorba I. - Konzervat\u00f3ri\u00e1 - \u0160IOV - \u0161t\u00e1tny in\u0161tit\u00fat odborn\u00e9ho vzdel\u00e1vania<\/title>\n<meta name=\"robots\" content=\"index, follow, max-snippet:-1, max-image-preview:large, max-video-preview:-1\" \/>\n<link rel=\"canonical\" href=\"https:\/\/archiv.siov.sk\/en\/vzdelavanie\/konzervatorium\/umenie-a-umelecko-remeselna-tvorba-i\/\" \/>\n<meta property=\"og:locale\" content=\"en_GB\" \/>\n<meta property=\"og:type\" content=\"article\" \/>\n<meta property=\"og:title\" content=\"Umenie a umelecko-remeseln\u00e1 tvorba I. - Konzervat\u00f3ri\u00e1 - \u0160IOV - \u0161t\u00e1tny in\u0161tit\u00fat odborn\u00e9ho vzdel\u00e1vania\" \/>\n<meta property=\"og:description\" content=\"Odborn\u00e9 komisie Odborn\u00e9 komisie s\u00fa poradn\u00fdm org\u00e1nom riadite\u013ea \u0160t\u00e1tneho in\u0161tit\u00fatu odborn\u00e9ho vzdel\u00e1vania. S\u00fa zriaden\u00e9 na rie\u0161enie komplexn\u00fdch ot\u00e1zok obsahu odborn\u00e9ho vzdel\u00e1vania a pr\u00edpravy v Slovenskej republike, na tvorbu \u0161t\u00e1tnych vzdel\u00e1vac\u00edch programov, rie\u0161enie koncep\u010dn\u00fdch, experiment\u00e1lnych, odborn\u00fdch, metodick\u00fdch, poradensk\u00fdch a \u010fal\u0161\u00edch \u00faloh s\u00favisiacich s pr\u00edslu\u0161n\u00fdm vzdel\u00e1vac\u00edm programom. Odborn\u00e1 komisia 82 Umenie a umelecko-remeseln\u00e1 tvorba I. konzervat\u00f3ri\u00e1 Mgr. [&hellip;]\" \/>\n<meta property=\"og:url\" content=\"https:\/\/archiv.siov.sk\/en\/vzdelavanie\/konzervatorium\/umenie-a-umelecko-remeselna-tvorba-i\/\" \/>\n<meta property=\"og:site_name\" content=\"\u0160IOV - \u0161t\u00e1tny in\u0161tit\u00fat odborn\u00e9ho vzdel\u00e1vania\" \/>\n<meta property=\"article:publisher\" content=\"https:\/\/www.facebook.com\/Statnyinstitutodbornehovzdelavania\" \/>\n<meta property=\"article:modified_time\" content=\"2025-07-23T11:43:04+00:00\" \/>\n<meta name=\"twitter:card\" content=\"summary_large_image\" \/>\n<meta name=\"twitter:label1\" content=\"Estimated reading time\" \/>\n\t<meta name=\"twitter:data1\" content=\"1 minute\" \/>\n<script type=\"application\/ld+json\" class=\"yoast-schema-graph\">{\"@context\":\"https:\\\/\\\/schema.org\",\"@graph\":[{\"@type\":\"WebPage\",\"@id\":\"https:\\\/\\\/archiv.siov.sk\\\/vzdelavanie\\\/konzervatorium\\\/umenie-a-umelecko-remeselna-tvorba-i\\\/\",\"url\":\"https:\\\/\\\/archiv.siov.sk\\\/vzdelavanie\\\/konzervatorium\\\/umenie-a-umelecko-remeselna-tvorba-i\\\/\",\"name\":\"Umenie a umelecko-remeseln\u00e1 tvorba I. - Konzervat\u00f3ri\u00e1 - \u0160IOV - \u0161t\u00e1tny in\u0161tit\u00fat odborn\u00e9ho vzdel\u00e1vania\",\"isPartOf\":{\"@id\":\"https:\\\/\\\/archiv.siov.sk\\\/#website\"},\"datePublished\":\"2019-01-25T08:51:38+00:00\",\"dateModified\":\"2025-07-23T11:43:04+00:00\",\"breadcrumb\":{\"@id\":\"https:\\\/\\\/archiv.siov.sk\\\/vzdelavanie\\\/konzervatorium\\\/umenie-a-umelecko-remeselna-tvorba-i\\\/#breadcrumb\"},\"inLanguage\":\"en-GB\",\"potentialAction\":[{\"@type\":\"ReadAction\",\"target\":[\"https:\\\/\\\/archiv.siov.sk\\\/vzdelavanie\\\/konzervatorium\\\/umenie-a-umelecko-remeselna-tvorba-i\\\/\"]}]},{\"@type\":\"BreadcrumbList\",\"@id\":\"https:\\\/\\\/archiv.siov.sk\\\/vzdelavanie\\\/konzervatorium\\\/umenie-a-umelecko-remeselna-tvorba-i\\\/#breadcrumb\",\"itemListElement\":[{\"@type\":\"ListItem\",\"position\":1,\"name\":\"Home\",\"item\":\"https:\\\/\\\/archiv.siov.sk\\\/\"},{\"@type\":\"ListItem\",\"position\":2,\"name\":\"Vzdel\u00e1vanie\",\"item\":\"https:\\\/\\\/archiv.siov.sk\\\/vzdelavanie\\\/\"},{\"@type\":\"ListItem\",\"position\":3,\"name\":\"Konzervat\u00f3rium\",\"item\":\"https:\\\/\\\/archiv.siov.sk\\\/vzdelavanie\\\/konzervatorium\\\/\"},{\"@type\":\"ListItem\",\"position\":4,\"name\":\"Umenie a umelecko-remeseln\u00e1 tvorba I. &#8211; Konzervat\u00f3ri\u00e1\"}]},{\"@type\":\"WebSite\",\"@id\":\"https:\\\/\\\/archiv.siov.sk\\\/#website\",\"url\":\"https:\\\/\\\/archiv.siov.sk\\\/\",\"name\":\"\u0160IOV - \u0161t\u00e1tny in\u0161tit\u00fat odborn\u00e9ho vzdel\u00e1vania\",\"description\":\"\",\"publisher\":{\"@id\":\"https:\\\/\\\/archiv.siov.sk\\\/#organization\"},\"potentialAction\":[{\"@type\":\"SearchAction\",\"target\":{\"@type\":\"EntryPoint\",\"urlTemplate\":\"https:\\\/\\\/archiv.siov.sk\\\/?s={search_term_string}\"},\"query-input\":{\"@type\":\"PropertyValueSpecification\",\"valueRequired\":true,\"valueName\":\"search_term_string\"}}],\"inLanguage\":\"en-GB\"},{\"@type\":\"Organization\",\"@id\":\"https:\\\/\\\/archiv.siov.sk\\\/#organization\",\"name\":\"\u0160IOV - \u0161t\u00e1tny in\u0161tit\u00fat odborn\u00e9ho vzdel\u00e1vania\",\"url\":\"https:\\\/\\\/archiv.siov.sk\\\/\",\"logo\":{\"@type\":\"ImageObject\",\"inLanguage\":\"en-GB\",\"@id\":\"https:\\\/\\\/archiv.siov.sk\\\/#\\\/schema\\\/logo\\\/image\\\/\",\"url\":\"https:\\\/\\\/archiv.siov.sk\\\/wp-content\\\/uploads\\\/2024\\\/02\\\/logo-SIOV.png\",\"contentUrl\":\"https:\\\/\\\/archiv.siov.sk\\\/wp-content\\\/uploads\\\/2024\\\/02\\\/logo-SIOV.png\",\"width\":431,\"height\":143,\"caption\":\"\u0160IOV - \u0161t\u00e1tny in\u0161tit\u00fat odborn\u00e9ho vzdel\u00e1vania\"},\"image\":{\"@id\":\"https:\\\/\\\/archiv.siov.sk\\\/#\\\/schema\\\/logo\\\/image\\\/\"},\"sameAs\":[\"https:\\\/\\\/www.facebook.com\\\/Statnyinstitutodbornehovzdelavania\"]}]}<\/script>\n<!-- \/ Yoast SEO plugin. -->","yoast_head_json":{"title":"Umenie a umelecko-remeseln\u00e1 tvorba I. - Konzervat\u00f3ri\u00e1 - \u0160IOV - \u0161t\u00e1tny in\u0161tit\u00fat odborn\u00e9ho vzdel\u00e1vania","robots":{"index":"index","follow":"follow","max-snippet":"max-snippet:-1","max-image-preview":"max-image-preview:large","max-video-preview":"max-video-preview:-1"},"canonical":"https:\/\/archiv.siov.sk\/en\/vzdelavanie\/konzervatorium\/umenie-a-umelecko-remeselna-tvorba-i\/","og_locale":"en_GB","og_type":"article","og_title":"Umenie a umelecko-remeseln\u00e1 tvorba I. - Konzervat\u00f3ri\u00e1 - \u0160IOV - \u0161t\u00e1tny in\u0161tit\u00fat odborn\u00e9ho vzdel\u00e1vania","og_description":"Odborn\u00e9 komisie Odborn\u00e9 komisie s\u00fa poradn\u00fdm org\u00e1nom riadite\u013ea \u0160t\u00e1tneho in\u0161tit\u00fatu odborn\u00e9ho vzdel\u00e1vania. S\u00fa zriaden\u00e9 na rie\u0161enie komplexn\u00fdch ot\u00e1zok obsahu odborn\u00e9ho vzdel\u00e1vania a pr\u00edpravy v Slovenskej republike, na tvorbu \u0161t\u00e1tnych vzdel\u00e1vac\u00edch programov, rie\u0161enie koncep\u010dn\u00fdch, experiment\u00e1lnych, odborn\u00fdch, metodick\u00fdch, poradensk\u00fdch a \u010fal\u0161\u00edch \u00faloh s\u00favisiacich s pr\u00edslu\u0161n\u00fdm vzdel\u00e1vac\u00edm programom. Odborn\u00e1 komisia 82 Umenie a umelecko-remeseln\u00e1 tvorba I. konzervat\u00f3ri\u00e1 Mgr. [&hellip;]","og_url":"https:\/\/archiv.siov.sk\/en\/vzdelavanie\/konzervatorium\/umenie-a-umelecko-remeselna-tvorba-i\/","og_site_name":"\u0160IOV - \u0161t\u00e1tny in\u0161tit\u00fat odborn\u00e9ho vzdel\u00e1vania","article_publisher":"https:\/\/www.facebook.com\/Statnyinstitutodbornehovzdelavania","article_modified_time":"2025-07-23T11:43:04+00:00","twitter_card":"summary_large_image","twitter_misc":{"Estimated reading time":"1 minute"},"schema":{"@context":"https:\/\/schema.org","@graph":[{"@type":"WebPage","@id":"https:\/\/archiv.siov.sk\/vzdelavanie\/konzervatorium\/umenie-a-umelecko-remeselna-tvorba-i\/","url":"https:\/\/archiv.siov.sk\/vzdelavanie\/konzervatorium\/umenie-a-umelecko-remeselna-tvorba-i\/","name":"Umenie a umelecko-remeseln\u00e1 tvorba I. - Konzervat\u00f3ri\u00e1 - \u0160IOV - \u0161t\u00e1tny in\u0161tit\u00fat odborn\u00e9ho vzdel\u00e1vania","isPartOf":{"@id":"https:\/\/archiv.siov.sk\/#website"},"datePublished":"2019-01-25T08:51:38+00:00","dateModified":"2025-07-23T11:43:04+00:00","breadcrumb":{"@id":"https:\/\/archiv.siov.sk\/vzdelavanie\/konzervatorium\/umenie-a-umelecko-remeselna-tvorba-i\/#breadcrumb"},"inLanguage":"en-GB","potentialAction":[{"@type":"ReadAction","target":["https:\/\/archiv.siov.sk\/vzdelavanie\/konzervatorium\/umenie-a-umelecko-remeselna-tvorba-i\/"]}]},{"@type":"BreadcrumbList","@id":"https:\/\/archiv.siov.sk\/vzdelavanie\/konzervatorium\/umenie-a-umelecko-remeselna-tvorba-i\/#breadcrumb","itemListElement":[{"@type":"ListItem","position":1,"name":"Home","item":"https:\/\/archiv.siov.sk\/"},{"@type":"ListItem","position":2,"name":"Vzdel\u00e1vanie","item":"https:\/\/archiv.siov.sk\/vzdelavanie\/"},{"@type":"ListItem","position":3,"name":"Konzervat\u00f3rium","item":"https:\/\/archiv.siov.sk\/vzdelavanie\/konzervatorium\/"},{"@type":"ListItem","position":4,"name":"Umenie a umelecko-remeseln\u00e1 tvorba I. &#8211; Konzervat\u00f3ri\u00e1"}]},{"@type":"WebSite","@id":"https:\/\/archiv.siov.sk\/#website","url":"https:\/\/archiv.siov.sk\/","name":"\u0160IOV - \u0161t\u00e1tny in\u0161tit\u00fat odborn\u00e9ho vzdel\u00e1vania","description":"","publisher":{"@id":"https:\/\/archiv.siov.sk\/#organization"},"potentialAction":[{"@type":"SearchAction","target":{"@type":"EntryPoint","urlTemplate":"https:\/\/archiv.siov.sk\/?s={search_term_string}"},"query-input":{"@type":"PropertyValueSpecification","valueRequired":true,"valueName":"search_term_string"}}],"inLanguage":"en-GB"},{"@type":"Organization","@id":"https:\/\/archiv.siov.sk\/#organization","name":"\u0160IOV - \u0161t\u00e1tny in\u0161tit\u00fat odborn\u00e9ho vzdel\u00e1vania","url":"https:\/\/archiv.siov.sk\/","logo":{"@type":"ImageObject","inLanguage":"en-GB","@id":"https:\/\/archiv.siov.sk\/#\/schema\/logo\/image\/","url":"https:\/\/archiv.siov.sk\/wp-content\/uploads\/2024\/02\/logo-SIOV.png","contentUrl":"https:\/\/archiv.siov.sk\/wp-content\/uploads\/2024\/02\/logo-SIOV.png","width":431,"height":143,"caption":"\u0160IOV - \u0161t\u00e1tny in\u0161tit\u00fat odborn\u00e9ho vzdel\u00e1vania"},"image":{"@id":"https:\/\/archiv.siov.sk\/#\/schema\/logo\/image\/"},"sameAs":["https:\/\/www.facebook.com\/Statnyinstitutodbornehovzdelavania"]}]}},"_links":{"self":[{"href":"https:\/\/archiv.siov.sk\/en\/wp-json\/wp\/v2\/pages\/31","targetHints":{"allow":["GET"]}}],"collection":[{"href":"https:\/\/archiv.siov.sk\/en\/wp-json\/wp\/v2\/pages"}],"about":[{"href":"https:\/\/archiv.siov.sk\/en\/wp-json\/wp\/v2\/types\/page"}],"author":[{"embeddable":true,"href":"https:\/\/archiv.siov.sk\/en\/wp-json\/wp\/v2\/users\/1"}],"replies":[{"embeddable":true,"href":"https:\/\/archiv.siov.sk\/en\/wp-json\/wp\/v2\/comments?post=31"}],"version-history":[{"count":30,"href":"https:\/\/archiv.siov.sk\/en\/wp-json\/wp\/v2\/pages\/31\/revisions"}],"predecessor-version":[{"id":20003,"href":"https:\/\/archiv.siov.sk\/en\/wp-json\/wp\/v2\/pages\/31\/revisions\/20003"}],"up":[{"embeddable":true,"href":"https:\/\/archiv.siov.sk\/en\/wp-json\/wp\/v2\/pages\/25"}],"wp:attachment":[{"href":"https:\/\/archiv.siov.sk\/en\/wp-json\/wp\/v2\/media?parent=31"}],"curies":[{"name":"wp","href":"https:\/\/api.w.org\/{rel}","templated":true}]}}