{"id":2972,"date":"2019-02-19T08:52:18","date_gmt":"2019-02-19T07:52:18","guid":{"rendered":"http:\/\/archiv.siov.sk\/?page_id=2972"},"modified":"2021-07-27T08:47:10","modified_gmt":"2021-07-27T06:47:10","slug":"epale-elektronicka-platforma-vzdelavania-dospelych-v-europe","status":"publish","type":"page","link":"https:\/\/archiv.siov.sk\/en\/medzinarodna-spolupraca\/europske-iniciativy\/epale-elektronicka-platforma-vzdelavania-dospelych-v-europe\/","title":{"rendered":"EPALE - Electronic Platform for Adult Learning in Europe"},"content":{"rendered":"<div data-elementor-type=\"wp-page\" data-elementor-id=\"2972\" class=\"elementor elementor-2972\" data-elementor-post-type=\"page\">\n\t\t\t\t\t\t<section class=\"elementor-section elementor-top-section elementor-element elementor-element-ebc5a83 elementor-section-boxed elementor-section-height-default elementor-section-height-default\" data-id=\"ebc5a83\" data-element_type=\"section\" data-e-type=\"section\">\n\t\t\t\t\t\t<div class=\"elementor-container elementor-column-gap-default\">\n\t\t\t\t\t<div class=\"elementor-column elementor-col-100 elementor-top-column elementor-element elementor-element-34d3105\" data-id=\"34d3105\" data-element_type=\"column\" data-e-type=\"column\">\n\t\t\t<div class=\"elementor-widget-wrap elementor-element-populated\">\n\t\t\t\t\t\t<div class=\"elementor-element elementor-element-be519ec elementor-widget-divider--view-line elementor-widget elementor-widget-divider\" data-id=\"be519ec\" data-element_type=\"widget\" data-e-type=\"widget\" data-widget_type=\"divider.default\">\n\t\t\t\t<div class=\"elementor-widget-container\">\n\t\t\t\t\t\t\t<div class=\"elementor-divider\">\n\t\t\t<span class=\"elementor-divider-separator\">\n\t\t\t\t\t\t<\/span>\n\t\t<\/div>\n\t\t\t\t\t\t<\/div>\n\t\t\t\t<\/div>\n\t\t\t\t<div class=\"elementor-element elementor-element-b7fb227 elementor-widget elementor-widget-heading\" data-id=\"b7fb227\" data-element_type=\"widget\" data-e-type=\"widget\" data-widget_type=\"heading.default\">\n\t\t\t\t<div class=\"elementor-widget-container\">\n\t\t\t\t\t<h2 class=\"elementor-heading-title elementor-size-default\">EPALE - Electronic Platform for Adult Learning in Europe<\/h2>\t\t\t\t<\/div>\n\t\t\t\t<\/div>\n\t\t\t\t\t<\/div>\n\t\t<\/div>\n\t\t\t\t\t<\/div>\n\t\t<\/section>\n\t\t\t\t<section class=\"elementor-section elementor-top-section elementor-element elementor-element-9821d0d elementor-section-boxed elementor-section-height-default elementor-section-height-default\" data-id=\"9821d0d\" data-element_type=\"section\" data-e-type=\"section\">\n\t\t\t\t\t\t<div class=\"elementor-container elementor-column-gap-default\">\n\t\t\t\t\t<div class=\"elementor-column elementor-col-100 elementor-top-column elementor-element elementor-element-24df41f\" data-id=\"24df41f\" data-element_type=\"column\" data-e-type=\"column\">\n\t\t\t<div class=\"elementor-widget-wrap elementor-element-populated\">\n\t\t\t\t\t\t<div class=\"elementor-element elementor-element-2465c73 elementor-widget elementor-widget-text-editor\" data-id=\"2465c73\" data-element_type=\"widget\" data-e-type=\"widget\" data-widget_type=\"text-editor.default\">\n\t\t\t\t<div class=\"elementor-widget-container\">\n\t\t\t\t\t\t\t\t\t<p style=\"font-size: 15px; font-style: normal; font-weight: 400;\">Head of the Lifelong Learning Section: Mgr. \u013dubica G\u00e1llov\u00e1<br \/>Email: lubica.gallova@siov.sk<br \/>Tel: 0911 469\u00a0793<\/p><hr style=\"font-size: 15px; font-style: normal; font-weight: 400; background-color: #ffffff;\" \/><p style=\"font-size: 15px; font-style: normal; font-weight: 400; text-align: justify;\"><img decoding=\"async\" class=\"alignright size-full wp-image-2976\" src=\"http:\/\/siov.sk\/wp-content\/uploads\/2019\/02\/epale.jpg\" alt=\"EPALE \u2013 Elektronick\u00e1 platforma vzdel\u00e1vania dospel\u00fdch v\u00a0Eur\u00f3pe\" width=\"183\" height=\"225\" \/>EPALE is a multilingual, open platform that brings together a community of teachers, trainers, researchers, academics, policy makers and other professionals working in adult education across Europe.<\/p><p style=\"font-size: 15px; font-style: normal; font-weight: 400; text-align: justify;\">EPALE is an initiative of the European Commission's Directorate-General for Education, Youth, Sport and Culture, launched in 2015. Community members exchange information related to adult learning, including news, blog posts, materials or events. EPALE currently operates in 36 European countries and has more than 48,000 registered users.<br \/>The community plays a central role in the EPALE platform. Thanks to platform features such as forums, communities of practice and comment sections, community members have the opportunity to connect with colleagues from across Europe who are also involved in adult learning, and to establish international collaborations. EPALE is a source of relevant articles, blogs and materials on adult learning. Last but not least, EPALE serves as a platform for disseminating adult learning projects and their outputs at European level.<\/p><p style=\"font-size: 15px; font-style: normal; font-weight: 400; text-align: justify;\">Currently, the tasks of the Slovak support service for EPALE are carried out by the Department of European Policies (\u0160IOV).<\/p><p style=\"font-size: 15px; font-style: normal; font-weight: 400; text-align: justify;\">EPALE is funded by Erasmus+ through the Education, Audiovisual and Culture Executive Agency. In 2019-2020, \u0160IOV is implementing the EPALE National Support Service project, number: 604375-EPP-1-2018-1-EN-EPPKA2-EPALE-NSS<\/p><p style=\"font-size: 15px; font-style: normal; font-weight: 400;\"><img decoding=\"async\" class=\"alignright size-medium wp-image-76\" src=\"http:\/\/siov.sk\/wp-content\/uploads\/2019\/01\/4613_logo-sk1a-300x112.jpg\" alt=\"Spolufinancovan\u00e9 z programu E\u00da Erasmus+\" width=\"300\" height=\"112\" srcset=\"https:\/\/archiv.siov.sk\/wp-content\/uploads\/2019\/01\/4613_logo-sk1a-300x112.jpg 300w, https:\/\/archiv.siov.sk\/wp-content\/uploads\/2019\/01\/4613_logo-sk1a-480x179.jpg 480w, https:\/\/archiv.siov.sk\/wp-content\/uploads\/2019\/01\/4613_logo-sk1a.jpg 671w\" sizes=\"(max-width: 300px) 100vw, 300px\" \/>If you would like more information, please contact us by email at epale@siov.sk<\/p><p style=\"font-size: 15px; font-style: normal; font-weight: 400;\">EPALE:\u00a0<a href=\"https:\/\/ec.europa.eu\/epale\/sk\" target=\"_blank\" rel=\"noopener\">https:\/\/ec.europa.eu\/epale\/sk<\/a><br \/>Facebook\u00a0<a href=\"https:\/\/www.facebook.com\/EPALE.SK\/\" target=\"_blank\" rel=\"noopener\">https:\/\/www.facebook.com\/EPALE.SK\/<\/a><\/p>\t\t\t\t\t\t\t\t<\/div>\n\t\t\t\t<\/div>\n\t\t\t\t\t<\/div>\n\t\t<\/div>\n\t\t\t\t\t<\/div>\n\t\t<\/section>\n\t\t\t\t<\/div>","protected":false},"excerpt":{"rendered":"<p>EPALE &#8211; Elektronick\u00e1 platforma vzdel\u00e1vania dospel\u00fdch v Eur\u00f3pe Ved\u00faca \u00daseku celo\u017eivotn\u00e9ho vzdel\u00e1vania: Mgr. \u013dubica G\u00e1llov\u00e1Email: lubica.gallova@siov.skTel: 0911 469\u00a0793 EPALE je viacjazy\u010dn\u00e1 otvoren\u00e1 platforma, ktor\u00e1 sp\u00e1ja komunitu u\u010dite\u013eov, \u0161kolite\u013eov, v\u00fdskumn\u00edkov, akademick\u00fdch pracovn\u00edkov, tvorcov polit\u00edk a ostatn\u00fdch odborn\u00edkov, ktor\u00ed sa venuj\u00fa vzdel\u00e1vaniu dospel\u00fdch v celej Eur\u00f3pe. EPALE je iniciat\u00edvou Gener\u00e1lneho riadite\u013estva Eur\u00f3pskej komisie pre vzdel\u00e1vanie, ml\u00e1de\u017e, \u0161port [&hellip;]<\/p>\n","protected":false},"author":1,"featured_media":0,"parent":87,"menu_order":0,"comment_status":"closed","ping_status":"closed","template":"","meta":{"site-sidebar-layout":"default","site-content-layout":"default","ast-site-content-layout":"default","site-content-style":"default","site-sidebar-style":"default","ast-global-header-display":"","ast-banner-title-visibility":"","ast-main-header-display":"","ast-hfb-above-header-display":"","ast-hfb-below-header-display":"","ast-hfb-mobile-header-display":"","site-post-title":"disabled","ast-breadcrumbs-content":"","ast-featured-img":"","footer-sml-layout":"","ast-disable-related-posts":"","theme-transparent-header-meta":"default","adv-header-id-meta":"","stick-header-meta":"","header-above-stick-meta":"","header-main-stick-meta":"","header-below-stick-meta":"","astra-migrate-meta-layouts":"default","ast-page-background-enabled":"default","ast-page-background-meta":{"desktop":{"background-color":"var(--ast-global-color-4)","background-image":"","background-repeat":"repeat","background-position":"center center","background-size":"auto","background-attachment":"scroll","background-type":"","background-media":"","overlay-type":"","overlay-color":"","overlay-opacity":"","overlay-gradient":""},"tablet":{"background-color":"","background-image":"","background-repeat":"repeat","background-position":"center center","background-size":"auto","background-attachment":"scroll","background-type":"","background-media":"","overlay-type":"","overlay-color":"","overlay-opacity":"","overlay-gradient":""},"mobile":{"background-color":"","background-image":"","background-repeat":"repeat","background-position":"center center","background-size":"auto","background-attachment":"scroll","background-type":"","background-media":"","overlay-type":"","overlay-color":"","overlay-opacity":"","overlay-gradient":""}},"ast-content-background-meta":{"desktop":{"background-color":"var(--ast-global-color-5)","background-image":"","background-repeat":"repeat","background-position":"center center","background-size":"auto","background-attachment":"scroll","background-type":"","background-media":"","overlay-type":"","overlay-color":"","overlay-opacity":"","overlay-gradient":""},"tablet":{"background-color":"var(--ast-global-color-5)","background-image":"","background-repeat":"repeat","background-position":"center center","background-size":"auto","background-attachment":"scroll","background-type":"","background-media":"","overlay-type":"","overlay-color":"","overlay-opacity":"","overlay-gradient":""},"mobile":{"background-color":"var(--ast-global-color-5)","background-image":"","background-repeat":"repeat","background-position":"center center","background-size":"auto","background-attachment":"scroll","background-type":"","background-media":"","overlay-type":"","overlay-color":"","overlay-opacity":"","overlay-gradient":""}},"footnotes":""},"class_list":["post-2972","page","type-page","status-publish","hentry"],"yoast_head":"<!-- This site is optimized with the Yoast SEO plugin v27.5 - https:\/\/yoast.com\/product\/yoast-seo-wordpress\/ -->\n<title>EPALE \u2013 Elektronick\u00e1 platforma vzdel\u00e1vania dospel\u00fdch v\u00a0Eur\u00f3pe - \u0160IOV - \u0161t\u00e1tny in\u0161tit\u00fat odborn\u00e9ho vzdel\u00e1vania<\/title>\n<meta name=\"robots\" content=\"index, follow, max-snippet:-1, max-image-preview:large, max-video-preview:-1\" \/>\n<link rel=\"canonical\" href=\"https:\/\/archiv.siov.sk\/en\/medzinarodna-spolupraca\/europske-iniciativy\/epale-elektronicka-platforma-vzdelavania-dospelych-v-europe\/\" \/>\n<meta property=\"og:locale\" content=\"en_GB\" \/>\n<meta property=\"og:type\" content=\"article\" \/>\n<meta property=\"og:title\" content=\"EPALE \u2013 Elektronick\u00e1 platforma vzdel\u00e1vania dospel\u00fdch v\u00a0Eur\u00f3pe - \u0160IOV - \u0161t\u00e1tny in\u0161tit\u00fat odborn\u00e9ho vzdel\u00e1vania\" \/>\n<meta property=\"og:description\" content=\"EPALE &#8211; Elektronick\u00e1 platforma vzdel\u00e1vania dospel\u00fdch v Eur\u00f3pe Ved\u00faca \u00daseku celo\u017eivotn\u00e9ho vzdel\u00e1vania: Mgr. \u013dubica G\u00e1llov\u00e1Email: lubica.gallova@siov.skTel: 0911 469\u00a0793 EPALE je viacjazy\u010dn\u00e1 otvoren\u00e1 platforma, ktor\u00e1 sp\u00e1ja komunitu u\u010dite\u013eov, \u0161kolite\u013eov, v\u00fdskumn\u00edkov, akademick\u00fdch pracovn\u00edkov, tvorcov polit\u00edk a ostatn\u00fdch odborn\u00edkov, ktor\u00ed sa venuj\u00fa vzdel\u00e1vaniu dospel\u00fdch v celej Eur\u00f3pe. EPALE je iniciat\u00edvou Gener\u00e1lneho riadite\u013estva Eur\u00f3pskej komisie pre vzdel\u00e1vanie, ml\u00e1de\u017e, \u0161port [&hellip;]\" \/>\n<meta property=\"og:url\" content=\"https:\/\/archiv.siov.sk\/en\/medzinarodna-spolupraca\/europske-iniciativy\/epale-elektronicka-platforma-vzdelavania-dospelych-v-europe\/\" \/>\n<meta property=\"og:site_name\" content=\"\u0160IOV - \u0161t\u00e1tny in\u0161tit\u00fat odborn\u00e9ho vzdel\u00e1vania\" \/>\n<meta property=\"article:publisher\" content=\"https:\/\/www.facebook.com\/Statnyinstitutodbornehovzdelavania\" \/>\n<meta property=\"article:modified_time\" content=\"2021-07-27T06:47:10+00:00\" \/>\n<meta property=\"og:image\" content=\"https:\/\/archiv.siov.sk\/wp-content\/uploads\/2019\/02\/epale.jpg\" \/>\n<meta name=\"twitter:card\" content=\"summary_large_image\" \/>\n<meta name=\"twitter:label1\" content=\"Estimated reading time\" \/>\n\t<meta name=\"twitter:data1\" content=\"2 minutes\" \/>\n<script type=\"application\/ld+json\" class=\"yoast-schema-graph\">{\"@context\":\"https:\\\/\\\/schema.org\",\"@graph\":[{\"@type\":\"WebPage\",\"@id\":\"https:\\\/\\\/archiv.siov.sk\\\/medzinarodna-spolupraca\\\/europske-iniciativy\\\/epale-elektronicka-platforma-vzdelavania-dospelych-v-europe\\\/\",\"url\":\"https:\\\/\\\/archiv.siov.sk\\\/medzinarodna-spolupraca\\\/europske-iniciativy\\\/epale-elektronicka-platforma-vzdelavania-dospelych-v-europe\\\/\",\"name\":\"EPALE \u2013 Elektronick\u00e1 platforma vzdel\u00e1vania dospel\u00fdch v\u00a0Eur\u00f3pe - \u0160IOV - \u0161t\u00e1tny in\u0161tit\u00fat odborn\u00e9ho vzdel\u00e1vania\",\"isPartOf\":{\"@id\":\"https:\\\/\\\/archiv.siov.sk\\\/#website\"},\"primaryImageOfPage\":{\"@id\":\"https:\\\/\\\/archiv.siov.sk\\\/medzinarodna-spolupraca\\\/europske-iniciativy\\\/epale-elektronicka-platforma-vzdelavania-dospelych-v-europe\\\/#primaryimage\"},\"image\":{\"@id\":\"https:\\\/\\\/archiv.siov.sk\\\/medzinarodna-spolupraca\\\/europske-iniciativy\\\/epale-elektronicka-platforma-vzdelavania-dospelych-v-europe\\\/#primaryimage\"},\"thumbnailUrl\":\"https:\\\/\\\/archiv.siov.sk\\\/wp-content\\\/uploads\\\/2019\\\/02\\\/epale.jpg\",\"datePublished\":\"2019-02-19T07:52:18+00:00\",\"dateModified\":\"2021-07-27T06:47:10+00:00\",\"breadcrumb\":{\"@id\":\"https:\\\/\\\/archiv.siov.sk\\\/medzinarodna-spolupraca\\\/europske-iniciativy\\\/epale-elektronicka-platforma-vzdelavania-dospelych-v-europe\\\/#breadcrumb\"},\"inLanguage\":\"en-GB\",\"potentialAction\":[{\"@type\":\"ReadAction\",\"target\":[\"https:\\\/\\\/archiv.siov.sk\\\/medzinarodna-spolupraca\\\/europske-iniciativy\\\/epale-elektronicka-platforma-vzdelavania-dospelych-v-europe\\\/\"]}]},{\"@type\":\"ImageObject\",\"inLanguage\":\"en-GB\",\"@id\":\"https:\\\/\\\/archiv.siov.sk\\\/medzinarodna-spolupraca\\\/europske-iniciativy\\\/epale-elektronicka-platforma-vzdelavania-dospelych-v-europe\\\/#primaryimage\",\"url\":\"https:\\\/\\\/archiv.siov.sk\\\/wp-content\\\/uploads\\\/2019\\\/02\\\/epale.jpg\",\"contentUrl\":\"https:\\\/\\\/archiv.siov.sk\\\/wp-content\\\/uploads\\\/2019\\\/02\\\/epale.jpg\"},{\"@type\":\"BreadcrumbList\",\"@id\":\"https:\\\/\\\/archiv.siov.sk\\\/medzinarodna-spolupraca\\\/europske-iniciativy\\\/epale-elektronicka-platforma-vzdelavania-dospelych-v-europe\\\/#breadcrumb\",\"itemListElement\":[{\"@type\":\"ListItem\",\"position\":1,\"name\":\"Home\",\"item\":\"https:\\\/\\\/archiv.siov.sk\\\/\"},{\"@type\":\"ListItem\",\"position\":2,\"name\":\"Medzin\u00e1rodn\u00e1 spolupr\u00e1ca\",\"item\":\"https:\\\/\\\/archiv.siov.sk\\\/en\\\/medzinarodna-spolupraca\\\/\"},{\"@type\":\"ListItem\",\"position\":3,\"name\":\"Eur\u00f3pske iniciat\u00edvy\",\"item\":\"https:\\\/\\\/archiv.siov.sk\\\/en\\\/medzinarodna-spolupraca\\\/europske-iniciativy\\\/\"},{\"@type\":\"ListItem\",\"position\":4,\"name\":\"EPALE \u2013 Elektronick\u00e1 platforma vzdel\u00e1vania dospel\u00fdch v\u00a0Eur\u00f3pe\"}]},{\"@type\":\"WebSite\",\"@id\":\"https:\\\/\\\/archiv.siov.sk\\\/#website\",\"url\":\"https:\\\/\\\/archiv.siov.sk\\\/\",\"name\":\"\u0160IOV - \u0161t\u00e1tny in\u0161tit\u00fat odborn\u00e9ho vzdel\u00e1vania\",\"description\":\"\",\"publisher\":{\"@id\":\"https:\\\/\\\/archiv.siov.sk\\\/#organization\"},\"potentialAction\":[{\"@type\":\"SearchAction\",\"target\":{\"@type\":\"EntryPoint\",\"urlTemplate\":\"https:\\\/\\\/archiv.siov.sk\\\/?s={search_term_string}\"},\"query-input\":{\"@type\":\"PropertyValueSpecification\",\"valueRequired\":true,\"valueName\":\"search_term_string\"}}],\"inLanguage\":\"en-GB\"},{\"@type\":\"Organization\",\"@id\":\"https:\\\/\\\/archiv.siov.sk\\\/#organization\",\"name\":\"\u0160IOV - \u0161t\u00e1tny in\u0161tit\u00fat odborn\u00e9ho vzdel\u00e1vania\",\"url\":\"https:\\\/\\\/archiv.siov.sk\\\/\",\"logo\":{\"@type\":\"ImageObject\",\"inLanguage\":\"en-GB\",\"@id\":\"https:\\\/\\\/archiv.siov.sk\\\/#\\\/schema\\\/logo\\\/image\\\/\",\"url\":\"https:\\\/\\\/archiv.siov.sk\\\/wp-content\\\/uploads\\\/2024\\\/02\\\/logo-SIOV.png\",\"contentUrl\":\"https:\\\/\\\/archiv.siov.sk\\\/wp-content\\\/uploads\\\/2024\\\/02\\\/logo-SIOV.png\",\"width\":431,\"height\":143,\"caption\":\"\u0160IOV - \u0161t\u00e1tny in\u0161tit\u00fat odborn\u00e9ho vzdel\u00e1vania\"},\"image\":{\"@id\":\"https:\\\/\\\/archiv.siov.sk\\\/#\\\/schema\\\/logo\\\/image\\\/\"},\"sameAs\":[\"https:\\\/\\\/www.facebook.com\\\/Statnyinstitutodbornehovzdelavania\"]}]}<\/script>\n<!-- \/ Yoast SEO plugin. -->","yoast_head_json":{"title":"EPALE \u2013 Elektronick\u00e1 platforma vzdel\u00e1vania dospel\u00fdch v\u00a0Eur\u00f3pe - \u0160IOV - \u0161t\u00e1tny in\u0161tit\u00fat odborn\u00e9ho vzdel\u00e1vania","robots":{"index":"index","follow":"follow","max-snippet":"max-snippet:-1","max-image-preview":"max-image-preview:large","max-video-preview":"max-video-preview:-1"},"canonical":"https:\/\/archiv.siov.sk\/en\/medzinarodna-spolupraca\/europske-iniciativy\/epale-elektronicka-platforma-vzdelavania-dospelych-v-europe\/","og_locale":"en_GB","og_type":"article","og_title":"EPALE \u2013 Elektronick\u00e1 platforma vzdel\u00e1vania dospel\u00fdch v\u00a0Eur\u00f3pe - \u0160IOV - \u0161t\u00e1tny in\u0161tit\u00fat odborn\u00e9ho vzdel\u00e1vania","og_description":"EPALE &#8211; Elektronick\u00e1 platforma vzdel\u00e1vania dospel\u00fdch v Eur\u00f3pe Ved\u00faca \u00daseku celo\u017eivotn\u00e9ho vzdel\u00e1vania: Mgr. \u013dubica G\u00e1llov\u00e1Email: lubica.gallova@siov.skTel: 0911 469\u00a0793 EPALE je viacjazy\u010dn\u00e1 otvoren\u00e1 platforma, ktor\u00e1 sp\u00e1ja komunitu u\u010dite\u013eov, \u0161kolite\u013eov, v\u00fdskumn\u00edkov, akademick\u00fdch pracovn\u00edkov, tvorcov polit\u00edk a ostatn\u00fdch odborn\u00edkov, ktor\u00ed sa venuj\u00fa vzdel\u00e1vaniu dospel\u00fdch v celej Eur\u00f3pe. EPALE je iniciat\u00edvou Gener\u00e1lneho riadite\u013estva Eur\u00f3pskej komisie pre vzdel\u00e1vanie, ml\u00e1de\u017e, \u0161port [&hellip;]","og_url":"https:\/\/archiv.siov.sk\/en\/medzinarodna-spolupraca\/europske-iniciativy\/epale-elektronicka-platforma-vzdelavania-dospelych-v-europe\/","og_site_name":"\u0160IOV - \u0161t\u00e1tny in\u0161tit\u00fat odborn\u00e9ho vzdel\u00e1vania","article_publisher":"https:\/\/www.facebook.com\/Statnyinstitutodbornehovzdelavania","article_modified_time":"2021-07-27T06:47:10+00:00","og_image":[{"url":"https:\/\/archiv.siov.sk\/wp-content\/uploads\/2019\/02\/epale.jpg","type":"","width":"","height":""}],"twitter_card":"summary_large_image","twitter_misc":{"Estimated reading time":"2 minutes"},"schema":{"@context":"https:\/\/schema.org","@graph":[{"@type":"WebPage","@id":"https:\/\/archiv.siov.sk\/medzinarodna-spolupraca\/europske-iniciativy\/epale-elektronicka-platforma-vzdelavania-dospelych-v-europe\/","url":"https:\/\/archiv.siov.sk\/medzinarodna-spolupraca\/europske-iniciativy\/epale-elektronicka-platforma-vzdelavania-dospelych-v-europe\/","name":"EPALE \u2013 Elektronick\u00e1 platforma vzdel\u00e1vania dospel\u00fdch v\u00a0Eur\u00f3pe - \u0160IOV - \u0161t\u00e1tny in\u0161tit\u00fat odborn\u00e9ho vzdel\u00e1vania","isPartOf":{"@id":"https:\/\/archiv.siov.sk\/#website"},"primaryImageOfPage":{"@id":"https:\/\/archiv.siov.sk\/medzinarodna-spolupraca\/europske-iniciativy\/epale-elektronicka-platforma-vzdelavania-dospelych-v-europe\/#primaryimage"},"image":{"@id":"https:\/\/archiv.siov.sk\/medzinarodna-spolupraca\/europske-iniciativy\/epale-elektronicka-platforma-vzdelavania-dospelych-v-europe\/#primaryimage"},"thumbnailUrl":"https:\/\/archiv.siov.sk\/wp-content\/uploads\/2019\/02\/epale.jpg","datePublished":"2019-02-19T07:52:18+00:00","dateModified":"2021-07-27T06:47:10+00:00","breadcrumb":{"@id":"https:\/\/archiv.siov.sk\/medzinarodna-spolupraca\/europske-iniciativy\/epale-elektronicka-platforma-vzdelavania-dospelych-v-europe\/#breadcrumb"},"inLanguage":"en-GB","potentialAction":[{"@type":"ReadAction","target":["https:\/\/archiv.siov.sk\/medzinarodna-spolupraca\/europske-iniciativy\/epale-elektronicka-platforma-vzdelavania-dospelych-v-europe\/"]}]},{"@type":"ImageObject","inLanguage":"en-GB","@id":"https:\/\/archiv.siov.sk\/medzinarodna-spolupraca\/europske-iniciativy\/epale-elektronicka-platforma-vzdelavania-dospelych-v-europe\/#primaryimage","url":"https:\/\/archiv.siov.sk\/wp-content\/uploads\/2019\/02\/epale.jpg","contentUrl":"https:\/\/archiv.siov.sk\/wp-content\/uploads\/2019\/02\/epale.jpg"},{"@type":"BreadcrumbList","@id":"https:\/\/archiv.siov.sk\/medzinarodna-spolupraca\/europske-iniciativy\/epale-elektronicka-platforma-vzdelavania-dospelych-v-europe\/#breadcrumb","itemListElement":[{"@type":"ListItem","position":1,"name":"Home","item":"https:\/\/archiv.siov.sk\/"},{"@type":"ListItem","position":2,"name":"Medzin\u00e1rodn\u00e1 spolupr\u00e1ca","item":"https:\/\/archiv.siov.sk\/en\/medzinarodna-spolupraca\/"},{"@type":"ListItem","position":3,"name":"Eur\u00f3pske iniciat\u00edvy","item":"https:\/\/archiv.siov.sk\/en\/medzinarodna-spolupraca\/europske-iniciativy\/"},{"@type":"ListItem","position":4,"name":"EPALE \u2013 Elektronick\u00e1 platforma vzdel\u00e1vania dospel\u00fdch v\u00a0Eur\u00f3pe"}]},{"@type":"WebSite","@id":"https:\/\/archiv.siov.sk\/#website","url":"https:\/\/archiv.siov.sk\/","name":"\u0160IOV - \u0161t\u00e1tny in\u0161tit\u00fat odborn\u00e9ho vzdel\u00e1vania","description":"","publisher":{"@id":"https:\/\/archiv.siov.sk\/#organization"},"potentialAction":[{"@type":"SearchAction","target":{"@type":"EntryPoint","urlTemplate":"https:\/\/archiv.siov.sk\/?s={search_term_string}"},"query-input":{"@type":"PropertyValueSpecification","valueRequired":true,"valueName":"search_term_string"}}],"inLanguage":"en-GB"},{"@type":"Organization","@id":"https:\/\/archiv.siov.sk\/#organization","name":"\u0160IOV - \u0161t\u00e1tny in\u0161tit\u00fat odborn\u00e9ho vzdel\u00e1vania","url":"https:\/\/archiv.siov.sk\/","logo":{"@type":"ImageObject","inLanguage":"en-GB","@id":"https:\/\/archiv.siov.sk\/#\/schema\/logo\/image\/","url":"https:\/\/archiv.siov.sk\/wp-content\/uploads\/2024\/02\/logo-SIOV.png","contentUrl":"https:\/\/archiv.siov.sk\/wp-content\/uploads\/2024\/02\/logo-SIOV.png","width":431,"height":143,"caption":"\u0160IOV - \u0161t\u00e1tny in\u0161tit\u00fat odborn\u00e9ho vzdel\u00e1vania"},"image":{"@id":"https:\/\/archiv.siov.sk\/#\/schema\/logo\/image\/"},"sameAs":["https:\/\/www.facebook.com\/Statnyinstitutodbornehovzdelavania"]}]}},"_links":{"self":[{"href":"https:\/\/archiv.siov.sk\/en\/wp-json\/wp\/v2\/pages\/2972","targetHints":{"allow":["GET"]}}],"collection":[{"href":"https:\/\/archiv.siov.sk\/en\/wp-json\/wp\/v2\/pages"}],"about":[{"href":"https:\/\/archiv.siov.sk\/en\/wp-json\/wp\/v2\/types\/page"}],"author":[{"embeddable":true,"href":"https:\/\/archiv.siov.sk\/en\/wp-json\/wp\/v2\/users\/1"}],"replies":[{"embeddable":true,"href":"https:\/\/archiv.siov.sk\/en\/wp-json\/wp\/v2\/comments?post=2972"}],"version-history":[{"count":8,"href":"https:\/\/archiv.siov.sk\/en\/wp-json\/wp\/v2\/pages\/2972\/revisions"}],"predecessor-version":[{"id":9129,"href":"https:\/\/archiv.siov.sk\/en\/wp-json\/wp\/v2\/pages\/2972\/revisions\/9129"}],"up":[{"embeddable":true,"href":"https:\/\/archiv.siov.sk\/en\/wp-json\/wp\/v2\/pages\/87"}],"wp:attachment":[{"href":"https:\/\/archiv.siov.sk\/en\/wp-json\/wp\/v2\/media?parent=2972"}],"curies":[{"name":"wp","href":"https:\/\/api.w.org\/{rel}","templated":true}]}}