{"id":2520,"date":"2019-02-14T13:07:09","date_gmt":"2019-02-14T12:07:09","guid":{"rendered":"http:\/\/archiv.siov.sk\/?page_id=2520"},"modified":"2019-02-14T13:08:34","modified_gmt":"2019-02-14T12:08:34","slug":"zasady-ochrany-osobnych-udajov","status":"publish","type":"page","link":"https:\/\/archiv.siov.sk\/en\/kontakt-stary\/zasady-ochrany-osobnych-udajov\/","title":{"rendered":"Z\u00e1sady ochrany osobn\u00fdch \u00fadajov"},"content":{"rendered":"<p style=\"text-align: justify;\"><strong>GDPR<\/strong><br \/>\nNARIADENIE EUR\u00d3PSKEHO PARLAMENTU A RADY (E\u00da) 2016\/679 z 27. apr\u00edla 2016 o ochrane fyzick\u00fdch os\u00f4b pri sprac\u00favan\u00ed osobn\u00fdch \u00fadajov a o vo\u013enom pohybe tak\u00fdchto \u00fadajov, ktor\u00fdm sa zru\u0161uje smernica 95\/46\/ES (v\u0161eobecn\u00e9 nariadenie o ochrane \u00fadajov) (\u010falej len \u201eNariadenie\u201c) a z\u00e1kon NR SR \u010d. 18\/2018 Z. z. o ochrane osobn\u00fdch \u00fadajov a o zmene a doplnen\u00ed niektor\u00fdch z\u00e1konov (\u010falej len \u201eZ\u00e1kon\u201c) nadobudn\u00fa \u00fa\u010dinnos\u0165 25. m\u00e1ja 2018.<\/p>\n<p style=\"text-align: justify;\"><strong>PREV\u00c1DZKOVATE\u013d A KONTAKTN\u00c9 \u00daDAJE<\/strong><br \/>\nPrev\u00e1dzkovate\u013e Va\u0161ich osobn\u00fdch \u00fadajov je spolo\u010dnos\u0165 <strong>State Vocational Education Institute<\/strong>, Bellova 54\/A, 837 63 Bratislava<\/p>\n<p style=\"text-align: justify;\">Prev\u00e1dzkovate\u013ea m\u00f4\u017eete kontaktova\u0165 e-mailom na adrese kancelaria@siov.sk.<br \/>\nPre \u010fal\u0161ie inform\u00e1cie ako n\u00e1s kontaktova\u0165, nav\u0161t\u00edvte str\u00e1nku www.mojdual.sk.<\/p>\n<p style=\"text-align: justify;\"><strong>PRE\u010cO ZBIERAME VA\u0160E \u00daDAJE?<\/strong><br \/>\nVa\u0161e osobn\u00e9 \u00fadaje z\u00edskavame a \u010falej sprac\u00favame na z\u00e1klade v\u0161eobecne z\u00e1v\u00e4zn\u00fdch pr\u00e1vnych predpisov alebo na z\u00e1klade v\u00e1\u0161ho s\u00fahlasu, a to v\u00fdlu\u010dne iba za \u00fa\u010delom obchodn\u00fdch vz\u0165ahov. Ide najm\u00e4 o tieto \u00fa\u010dely:<\/p>\n<ul style=\"text-align: justify;\">\n<li>plnenie zmluvy<\/li>\n<li>aktu\u00e1lna ponuka na\u0161ich produktov a slu\u017eieb marketing a reklama<\/li>\n<li>kroky podniknut\u00e9 na udr\u017eanie obchodn\u00fdch vz\u0165ahov<\/li>\n<li>kontaktovanie alebo reakcia na ot\u00e1zky prostredn\u00edctvom elektronickej komunik\u00e1cie (e-mail, telef\u00f3n)<\/li>\n<\/ul>\n<p style=\"text-align: justify;\"><strong>PR\u00c1VNE Z\u00c1KLADY<\/strong><br \/>\nV s\u00falade s po\u017eiadavkami pr\u00e1vnych predpisov na ochranu osobn\u00fdch \u00fadajov (paragraf 6 \u010dl\u00e1nok 1 Nariadenia; paragraf 13 ods. 1 Z\u00e1kona) v\u00e1s mus\u00edme informova\u0165 o pr\u00e1vnych z\u00e1kladoch sprac\u00favania va\u0161ich osobn\u00fdch \u00fadajov, ktor\u00fdmi s\u00fa:<\/p>\n<ul style=\"text-align: justify;\">\n<li>n\u00e1\u0161 opr\u00e1vnen\u00fd z\u00e1ujem<\/li>\n<li>V\u00e1\u0161 s\u00fahlas<\/li>\n<li>plnenie na\u0161ich z\u00e1konn\u00fdch povinnost\u00ed<\/li>\n<li>plnenie na\u0161ich zmluvn\u00fdch povinnost\u00ed<\/li>\n<\/ul>\n<p style=\"text-align: justify;\"><strong>AK\u00c9 \u00daDAJE ZBIERAME<\/strong><br \/>\nSprac\u00favanie va\u0161ich osobn\u00fdch \u00fadajov vykon\u00e1vame za \u00fa\u010delom udr\u017eiavania obchodn\u00fdch vz\u0165ahov, inform\u00e1cii o na\u0161ich produktoch a slu\u017eb\u00e1ch, marketingu a za \u00fa\u010delom vytvorenia zmluvy a jej plnenia. Pri poskytovan\u00ed na\u0161ich slu\u017eieb z\u00edskavame o v\u00e1s nasleduj\u00face \u00fadaje: meno, priezvisko, n\u00e1zov va\u0161ej firmy alebo zamestn\u00e1vate\u013ea, telef\u00f3nne \u010d\u00edslo, adresu trval\u00e9ho bydliska, kore\u0161ponden\u010dn\u00fa adresu, I\u010cO, DI\u010c a in\u00e9 \u00fadaje pod\u013ea platnej legislat\u00edvy alebo na z\u00e1klade v\u00e1\u0161ho s\u00fahlasu.<\/p>\n<p style=\"text-align: justify;\"><strong>BEZPE\u010cNOS\u0164, SPR\u00cdSTUP\u0147OVANIE VA\u0160ICH \u00daDAJOV TRET\u00cdM STRAN\u00c1M<\/strong><br \/>\nNa ochranu va\u0161ich \u00fadajov sme zaviedli primeran\u00e9 fyzick\u00e9 a technick\u00e9 opatrenia, aby sme zabezpe\u010dili inform\u00e1cie, ktor\u00e9 v s\u00favislosti so slu\u017ebami zhroma\u017e\u010fujeme. V s\u00falade s po\u017eiadavkami platnej legislat\u00edvy vykon\u00e1vame v\u0161etky potrebn\u00e9 bezpe\u010dnostn\u00e9, technick\u00e9 a organiza\u010dn\u00e9 opatrenia, aby sme va\u0161e osobn\u00e9 \u00fadaje chr\u00e1nili pred ich \u00famyseln\u00fdm alebo n\u00e1hodn\u00fdm vymazan\u00edm, n\u00e1hodnou stratou, zmenou, nez\u00e1konn\u00fdm prezraden\u00edm, zneu\u017eit\u00edm alebo spr\u00edstupnen\u00edm.<\/p>\n<p style=\"text-align: justify;\">Va\u0161e osobn\u00e9 \u00fadaje m\u00f4\u017eu by\u0165 poskytnut\u00e9 pr\u00edjemcom, ktor\u00fdm sme va\u0161e osobn\u00e9 \u00fadaje opr\u00e1vnen\u00ed poskytn\u00fa\u0165 na z\u00e1klade v\u0161eobecne z\u00e1v\u00e4zn\u00fdch pr\u00e1vnych predpisov alebo v\u00e1\u0161ho s\u00fahlasu. Konkr\u00e9tne to m\u00f4\u017eu by\u0165:<\/p>\n<ul style=\"text-align: justify;\">\n<li>\u0161tatut\u00e1ri, spolo\u010dn\u00edci, akcion\u00e1ri, opr\u00e1vnen\u00ed zamestnanci<\/li>\n<li>rev\u00e1dzkovate\u013ea,<\/li>\n<li>\u010dlenovia skupiny Prev\u00e1dzkovate\u013ea<\/li>\n<li>osoby spolupracuj\u00face s Prev\u00e1dzkovate\u013eom (\u00fa\u010dtovn\u00edci, da\u0148ov\u00fd poradcovia, pr\u00e1vny poradcovia, a pod.)<\/li>\n<li>org\u00e1ny verejnej spr\u00e1vy, ktor\u00fdm m\u00f4\u017eu by\u0165 za \u0161pecifick\u00fdch podmienok a pod\u013ea platnej legislat\u00edvy poskytnut\u00e9 osobn\u00e9 \u00fadaje<\/li>\n<\/ul>\n<p style=\"text-align: justify;\"><strong>AK\u00c9 S\u00da VA\u0160E PR\u00c1VA VO VZ\u0164AHU K OSOBN\u00ddM \u00daDAJOM<\/strong><br \/>\nV zmysle v\u0161eobecn\u00e9ho nariadenia o ochrane \u00fadajov m\u00e1te pr\u00e1vo:<\/p>\n<ul style=\"text-align: justify;\">\n<li>na pr\u00edstup k va\u0161im osobn\u00fdm \u00fadajom od Prev\u00e1dzkovate\u013ea<\/li>\n<li>\u017eiada\u0165 opravu alebo aktualiz\u00e1ciu va\u0161ich osobn\u00fdch \u00fadajov<\/li>\n<li>na v\u00fdmaz va\u0161ich osobn\u00fdch \u00fadajov (\u201epr\u00e1vo na zabudnutie\u201c)<\/li>\n<li>na obmedzenie sprac\u00favania va\u0161ich osobn\u00fdch \u00fadajov<\/li>\n<li>kedyko\u013evek odvola\u0165 svoj s\u00fahlas<\/li>\n<li>na prenosnos\u0165 \u00fadajov<\/li>\n<li>namieta\u0165 sprac\u00favanie va\u0161ich osobn\u00fdch \u00fadajov<\/li>\n<li>poda\u0165 n\u00e1vrh na za\u010datie konania pred \u00daradom na ochranu osobn\u00fdch \u00fadajov SR<\/li>\n<\/ul>\n<p style=\"text-align: justify;\">Uplatni\u0165 va\u0161e pr\u00e1va si m\u00f4\u017eete zaslan\u00edm emailovej spr\u00e1vy na kancelaria@siov.sk alebo zaslan\u00edm p\u00edsomnej \u017eiadosti spolo\u010dnosti <strong>State Vocational Education Institute<\/strong> s jasn\u00fdmi po\u017eiadavkami na kontaktn\u00e9 \u00fadaje uveden\u00e9 v sekcii \u201ePrev\u00e1dzkovate\u013e a kontaktn\u00e9 \u00fadaje\u201c.<\/p>\n<p style=\"text-align: justify;\">Va\u0161e osobn\u00e9 \u00fadaje nebudeme uchov\u00e1va\u0165 dlh\u0161ie, ne\u017e to bude potrebn\u00e9 na \u00fa\u010del, na ktor\u00fd sme ich z\u00edskali, tak ako je uveden\u00e9 v sekcii \u201ePre\u010do zbierame va\u0161e \u00fadaje\u201c. Va\u0161e osobn\u00e9 \u00fadaje uchov\u00e1vame, vyra\u010fujeme a likvidujeme v s\u00falade so v\u0161eobecne z\u00e1v\u00e4zn\u00fdmi pr\u00e1vnymi predpismi.<\/p>","protected":false},"excerpt":{"rendered":"<p>GDPR NARIADENIE EUR\u00d3PSKEHO PARLAMENTU A RADY (E\u00da) 2016\/679 z 27. apr\u00edla 2016 o ochrane fyzick\u00fdch os\u00f4b pri sprac\u00favan\u00ed osobn\u00fdch \u00fadajov a o vo\u013enom pohybe tak\u00fdchto \u00fadajov, ktor\u00fdm sa zru\u0161uje smernica 95\/46\/ES (v\u0161eobecn\u00e9 nariadenie o ochrane \u00fadajov) (\u010falej len \u201eNariadenie\u201c) a z\u00e1kon NR SR \u010d. 18\/2018 Z. z. o ochrane osobn\u00fdch \u00fadajov a o zmene a [&hellip;]<\/p>\n","protected":false},"author":1,"featured_media":0,"parent":152,"menu_order":0,"comment_status":"closed","ping_status":"closed","template":"","meta":{"site-sidebar-layout":"default","site-content-layout":"","ast-site-content-layout":"default","site-content-style":"default","site-sidebar-style":"default","ast-global-header-display":"","ast-banner-title-visibility":"","ast-main-header-display":"","ast-hfb-above-header-display":"","ast-hfb-below-header-display":"","ast-hfb-mobile-header-display":"","site-post-title":"","ast-breadcrumbs-content":"","ast-featured-img":"","footer-sml-layout":"","ast-disable-related-posts":"","theme-transparent-header-meta":"","adv-header-id-meta":"","stick-header-meta":"","header-above-stick-meta":"","header-main-stick-meta":"","header-below-stick-meta":"","astra-migrate-meta-layouts":"default","ast-page-background-enabled":"default","ast-page-background-meta":{"desktop":{"background-color":"var(--ast-global-color-4)","background-image":"","background-repeat":"repeat","background-position":"center center","background-size":"auto","background-attachment":"scroll","background-type":"","background-media":"","overlay-type":"","overlay-color":"","overlay-opacity":"","overlay-gradient":""},"tablet":{"background-color":"","background-image":"","background-repeat":"repeat","background-position":"center center","background-size":"auto","background-attachment":"scroll","background-type":"","background-media":"","overlay-type":"","overlay-color":"","overlay-opacity":"","overlay-gradient":""},"mobile":{"background-color":"","background-image":"","background-repeat":"repeat","background-position":"center center","background-size":"auto","background-attachment":"scroll","background-type":"","background-media":"","overlay-type":"","overlay-color":"","overlay-opacity":"","overlay-gradient":""}},"ast-content-background-meta":{"desktop":{"background-color":"var(--ast-global-color-5)","background-image":"","background-repeat":"repeat","background-position":"center center","background-size":"auto","background-attachment":"scroll","background-type":"","background-media":"","overlay-type":"","overlay-color":"","overlay-opacity":"","overlay-gradient":""},"tablet":{"background-color":"var(--ast-global-color-5)","background-image":"","background-repeat":"repeat","background-position":"center center","background-size":"auto","background-attachment":"scroll","background-type":"","background-media":"","overlay-type":"","overlay-color":"","overlay-opacity":"","overlay-gradient":""},"mobile":{"background-color":"var(--ast-global-color-5)","background-image":"","background-repeat":"repeat","background-position":"center center","background-size":"auto","background-attachment":"scroll","background-type":"","background-media":"","overlay-type":"","overlay-color":"","overlay-opacity":"","overlay-gradient":""}},"footnotes":""},"class_list":["post-2520","page","type-page","status-publish","hentry"],"yoast_head":"<!-- This site is optimized with the Yoast SEO plugin v27.4 - https:\/\/yoast.com\/product\/yoast-seo-wordpress\/ -->\n<title>Z\u00e1sady ochrany osobn\u00fdch \u00fadajov - \u0160IOV - \u0161t\u00e1tny in\u0161tit\u00fat odborn\u00e9ho vzdel\u00e1vania<\/title>\n<meta name=\"robots\" content=\"index, follow, max-snippet:-1, max-image-preview:large, max-video-preview:-1\" \/>\n<link rel=\"canonical\" href=\"https:\/\/archiv.siov.sk\/en\/kontakt-stary\/zasady-ochrany-osobnych-udajov\/\" \/>\n<meta property=\"og:locale\" content=\"en_GB\" \/>\n<meta property=\"og:type\" content=\"article\" \/>\n<meta property=\"og:title\" content=\"Z\u00e1sady ochrany osobn\u00fdch \u00fadajov - \u0160IOV - \u0161t\u00e1tny in\u0161tit\u00fat odborn\u00e9ho vzdel\u00e1vania\" \/>\n<meta property=\"og:description\" content=\"GDPR NARIADENIE EUR\u00d3PSKEHO PARLAMENTU A RADY (E\u00da) 2016\/679 z 27. apr\u00edla 2016 o ochrane fyzick\u00fdch os\u00f4b pri sprac\u00favan\u00ed osobn\u00fdch \u00fadajov a o vo\u013enom pohybe tak\u00fdchto \u00fadajov, ktor\u00fdm sa zru\u0161uje smernica 95\/46\/ES (v\u0161eobecn\u00e9 nariadenie o ochrane \u00fadajov) (\u010falej len \u201eNariadenie\u201c) a z\u00e1kon NR SR \u010d. 18\/2018 Z. z. o ochrane osobn\u00fdch \u00fadajov a o zmene a [&hellip;]\" \/>\n<meta property=\"og:url\" content=\"https:\/\/archiv.siov.sk\/en\/kontakt-stary\/zasady-ochrany-osobnych-udajov\/\" \/>\n<meta property=\"og:site_name\" content=\"\u0160IOV - \u0161t\u00e1tny in\u0161tit\u00fat odborn\u00e9ho vzdel\u00e1vania\" \/>\n<meta property=\"article:publisher\" content=\"https:\/\/www.facebook.com\/Statnyinstitutodbornehovzdelavania\" \/>\n<meta property=\"article:modified_time\" content=\"2019-02-14T12:08:34+00:00\" \/>\n<meta name=\"twitter:card\" content=\"summary_large_image\" \/>\n<meta name=\"twitter:label1\" content=\"Estimated reading time\" \/>\n\t<meta name=\"twitter:data1\" content=\"4 minutes\" \/>\n<script type=\"application\/ld+json\" class=\"yoast-schema-graph\">{\"@context\":\"https:\\\/\\\/schema.org\",\"@graph\":[{\"@type\":\"WebPage\",\"@id\":\"https:\\\/\\\/archiv.siov.sk\\\/kontakt-stary\\\/zasady-ochrany-osobnych-udajov\\\/\",\"url\":\"https:\\\/\\\/archiv.siov.sk\\\/kontakt-stary\\\/zasady-ochrany-osobnych-udajov\\\/\",\"name\":\"Z\u00e1sady ochrany osobn\u00fdch \u00fadajov - \u0160IOV - \u0161t\u00e1tny in\u0161tit\u00fat odborn\u00e9ho vzdel\u00e1vania\",\"isPartOf\":{\"@id\":\"https:\\\/\\\/archiv.siov.sk\\\/#website\"},\"datePublished\":\"2019-02-14T12:07:09+00:00\",\"dateModified\":\"2019-02-14T12:08:34+00:00\",\"breadcrumb\":{\"@id\":\"https:\\\/\\\/archiv.siov.sk\\\/kontakt-stary\\\/zasady-ochrany-osobnych-udajov\\\/#breadcrumb\"},\"inLanguage\":\"en-GB\",\"potentialAction\":[{\"@type\":\"ReadAction\",\"target\":[\"https:\\\/\\\/archiv.siov.sk\\\/kontakt-stary\\\/zasady-ochrany-osobnych-udajov\\\/\"]}]},{\"@type\":\"BreadcrumbList\",\"@id\":\"https:\\\/\\\/archiv.siov.sk\\\/kontakt-stary\\\/zasady-ochrany-osobnych-udajov\\\/#breadcrumb\",\"itemListElement\":[{\"@type\":\"ListItem\",\"position\":1,\"name\":\"Home\",\"item\":\"https:\\\/\\\/archiv.siov.sk\\\/\"},{\"@type\":\"ListItem\",\"position\":2,\"name\":\"Kontakt\",\"item\":\"https:\\\/\\\/archiv.siov.sk\\\/kontakt-stary\\\/\"},{\"@type\":\"ListItem\",\"position\":3,\"name\":\"Z\u00e1sady ochrany osobn\u00fdch \u00fadajov\"}]},{\"@type\":\"WebSite\",\"@id\":\"https:\\\/\\\/archiv.siov.sk\\\/#website\",\"url\":\"https:\\\/\\\/archiv.siov.sk\\\/\",\"name\":\"\u0160IOV - \u0161t\u00e1tny in\u0161tit\u00fat odborn\u00e9ho vzdel\u00e1vania\",\"description\":\"\",\"publisher\":{\"@id\":\"https:\\\/\\\/archiv.siov.sk\\\/#organization\"},\"potentialAction\":[{\"@type\":\"SearchAction\",\"target\":{\"@type\":\"EntryPoint\",\"urlTemplate\":\"https:\\\/\\\/archiv.siov.sk\\\/?s={search_term_string}\"},\"query-input\":{\"@type\":\"PropertyValueSpecification\",\"valueRequired\":true,\"valueName\":\"search_term_string\"}}],\"inLanguage\":\"en-GB\"},{\"@type\":\"Organization\",\"@id\":\"https:\\\/\\\/archiv.siov.sk\\\/#organization\",\"name\":\"\u0160IOV - \u0161t\u00e1tny in\u0161tit\u00fat odborn\u00e9ho vzdel\u00e1vania\",\"url\":\"https:\\\/\\\/archiv.siov.sk\\\/\",\"logo\":{\"@type\":\"ImageObject\",\"inLanguage\":\"en-GB\",\"@id\":\"https:\\\/\\\/archiv.siov.sk\\\/#\\\/schema\\\/logo\\\/image\\\/\",\"url\":\"https:\\\/\\\/archiv.siov.sk\\\/wp-content\\\/uploads\\\/2024\\\/02\\\/logo-SIOV.png\",\"contentUrl\":\"https:\\\/\\\/archiv.siov.sk\\\/wp-content\\\/uploads\\\/2024\\\/02\\\/logo-SIOV.png\",\"width\":431,\"height\":143,\"caption\":\"\u0160IOV - \u0161t\u00e1tny in\u0161tit\u00fat odborn\u00e9ho vzdel\u00e1vania\"},\"image\":{\"@id\":\"https:\\\/\\\/archiv.siov.sk\\\/#\\\/schema\\\/logo\\\/image\\\/\"},\"sameAs\":[\"https:\\\/\\\/www.facebook.com\\\/Statnyinstitutodbornehovzdelavania\"]}]}<\/script>\n<!-- \/ Yoast SEO plugin. -->","yoast_head_json":{"title":"Z\u00e1sady ochrany osobn\u00fdch \u00fadajov - \u0160IOV - \u0161t\u00e1tny in\u0161tit\u00fat odborn\u00e9ho vzdel\u00e1vania","robots":{"index":"index","follow":"follow","max-snippet":"max-snippet:-1","max-image-preview":"max-image-preview:large","max-video-preview":"max-video-preview:-1"},"canonical":"https:\/\/archiv.siov.sk\/en\/kontakt-stary\/zasady-ochrany-osobnych-udajov\/","og_locale":"en_GB","og_type":"article","og_title":"Z\u00e1sady ochrany osobn\u00fdch \u00fadajov - \u0160IOV - \u0161t\u00e1tny in\u0161tit\u00fat odborn\u00e9ho vzdel\u00e1vania","og_description":"GDPR NARIADENIE EUR\u00d3PSKEHO PARLAMENTU A RADY (E\u00da) 2016\/679 z 27. apr\u00edla 2016 o ochrane fyzick\u00fdch os\u00f4b pri sprac\u00favan\u00ed osobn\u00fdch \u00fadajov a o vo\u013enom pohybe tak\u00fdchto \u00fadajov, ktor\u00fdm sa zru\u0161uje smernica 95\/46\/ES (v\u0161eobecn\u00e9 nariadenie o ochrane \u00fadajov) (\u010falej len \u201eNariadenie\u201c) a z\u00e1kon NR SR \u010d. 18\/2018 Z. z. o ochrane osobn\u00fdch \u00fadajov a o zmene a [&hellip;]","og_url":"https:\/\/archiv.siov.sk\/en\/kontakt-stary\/zasady-ochrany-osobnych-udajov\/","og_site_name":"\u0160IOV - \u0161t\u00e1tny in\u0161tit\u00fat odborn\u00e9ho vzdel\u00e1vania","article_publisher":"https:\/\/www.facebook.com\/Statnyinstitutodbornehovzdelavania","article_modified_time":"2019-02-14T12:08:34+00:00","twitter_card":"summary_large_image","twitter_misc":{"Estimated reading time":"4 minutes"},"schema":{"@context":"https:\/\/schema.org","@graph":[{"@type":"WebPage","@id":"https:\/\/archiv.siov.sk\/kontakt-stary\/zasady-ochrany-osobnych-udajov\/","url":"https:\/\/archiv.siov.sk\/kontakt-stary\/zasady-ochrany-osobnych-udajov\/","name":"Z\u00e1sady ochrany osobn\u00fdch \u00fadajov - \u0160IOV - \u0161t\u00e1tny in\u0161tit\u00fat odborn\u00e9ho vzdel\u00e1vania","isPartOf":{"@id":"https:\/\/archiv.siov.sk\/#website"},"datePublished":"2019-02-14T12:07:09+00:00","dateModified":"2019-02-14T12:08:34+00:00","breadcrumb":{"@id":"https:\/\/archiv.siov.sk\/kontakt-stary\/zasady-ochrany-osobnych-udajov\/#breadcrumb"},"inLanguage":"en-GB","potentialAction":[{"@type":"ReadAction","target":["https:\/\/archiv.siov.sk\/kontakt-stary\/zasady-ochrany-osobnych-udajov\/"]}]},{"@type":"BreadcrumbList","@id":"https:\/\/archiv.siov.sk\/kontakt-stary\/zasady-ochrany-osobnych-udajov\/#breadcrumb","itemListElement":[{"@type":"ListItem","position":1,"name":"Home","item":"https:\/\/archiv.siov.sk\/"},{"@type":"ListItem","position":2,"name":"Kontakt","item":"https:\/\/archiv.siov.sk\/kontakt-stary\/"},{"@type":"ListItem","position":3,"name":"Z\u00e1sady ochrany osobn\u00fdch \u00fadajov"}]},{"@type":"WebSite","@id":"https:\/\/archiv.siov.sk\/#website","url":"https:\/\/archiv.siov.sk\/","name":"\u0160IOV - \u0161t\u00e1tny in\u0161tit\u00fat odborn\u00e9ho vzdel\u00e1vania","description":"","publisher":{"@id":"https:\/\/archiv.siov.sk\/#organization"},"potentialAction":[{"@type":"SearchAction","target":{"@type":"EntryPoint","urlTemplate":"https:\/\/archiv.siov.sk\/?s={search_term_string}"},"query-input":{"@type":"PropertyValueSpecification","valueRequired":true,"valueName":"search_term_string"}}],"inLanguage":"en-GB"},{"@type":"Organization","@id":"https:\/\/archiv.siov.sk\/#organization","name":"\u0160IOV - \u0161t\u00e1tny in\u0161tit\u00fat odborn\u00e9ho vzdel\u00e1vania","url":"https:\/\/archiv.siov.sk\/","logo":{"@type":"ImageObject","inLanguage":"en-GB","@id":"https:\/\/archiv.siov.sk\/#\/schema\/logo\/image\/","url":"https:\/\/archiv.siov.sk\/wp-content\/uploads\/2024\/02\/logo-SIOV.png","contentUrl":"https:\/\/archiv.siov.sk\/wp-content\/uploads\/2024\/02\/logo-SIOV.png","width":431,"height":143,"caption":"\u0160IOV - \u0161t\u00e1tny in\u0161tit\u00fat odborn\u00e9ho vzdel\u00e1vania"},"image":{"@id":"https:\/\/archiv.siov.sk\/#\/schema\/logo\/image\/"},"sameAs":["https:\/\/www.facebook.com\/Statnyinstitutodbornehovzdelavania"]}]}},"_links":{"self":[{"href":"https:\/\/archiv.siov.sk\/en\/wp-json\/wp\/v2\/pages\/2520","targetHints":{"allow":["GET"]}}],"collection":[{"href":"https:\/\/archiv.siov.sk\/en\/wp-json\/wp\/v2\/pages"}],"about":[{"href":"https:\/\/archiv.siov.sk\/en\/wp-json\/wp\/v2\/types\/page"}],"author":[{"embeddable":true,"href":"https:\/\/archiv.siov.sk\/en\/wp-json\/wp\/v2\/users\/1"}],"replies":[{"embeddable":true,"href":"https:\/\/archiv.siov.sk\/en\/wp-json\/wp\/v2\/comments?post=2520"}],"version-history":[{"count":1,"href":"https:\/\/archiv.siov.sk\/en\/wp-json\/wp\/v2\/pages\/2520\/revisions"}],"predecessor-version":[{"id":2521,"href":"https:\/\/archiv.siov.sk\/en\/wp-json\/wp\/v2\/pages\/2520\/revisions\/2521"}],"up":[{"embeddable":true,"href":"https:\/\/archiv.siov.sk\/en\/wp-json\/wp\/v2\/pages\/152"}],"wp:attachment":[{"href":"https:\/\/archiv.siov.sk\/en\/wp-json\/wp\/v2\/media?parent=2520"}],"curies":[{"name":"wp","href":"https:\/\/api.w.org\/{rel}","templated":true}]}}