{"id":19510,"date":"2025-06-18T11:23:45","date_gmt":"2025-06-18T09:23:45","guid":{"rendered":"https:\/\/archiv.siov.sk\/?page_id=19510"},"modified":"2025-06-18T11:45:06","modified_gmt":"2025-06-18T09:45:06","slug":"certifikacia-kvality","status":"publish","type":"page","link":"https:\/\/archiv.siov.sk\/en\/certifikacia-kvality\/","title":{"rendered":"Certifik\u00e1cia kvality"},"content":{"rendered":"<div data-elementor-type=\"wp-page\" data-elementor-id=\"19510\" class=\"elementor elementor-19510\" data-elementor-post-type=\"page\">\n\t\t\t\t<div class=\"elementor-element elementor-element-b3f8ada e-flex e-con-boxed e-con e-parent\" data-id=\"b3f8ada\" data-element_type=\"container\" data-e-type=\"container\">\n\t\t\t\t\t<div class=\"e-con-inner\">\n\t\t\t\t<div class=\"elementor-element elementor-element-fcb9ecb elementor-widget elementor-widget-heading\" data-id=\"fcb9ecb\" data-element_type=\"widget\" data-e-type=\"widget\" data-widget_type=\"heading.default\">\n\t\t\t\t<div class=\"elementor-widget-container\">\n\t\t\t\t\t<h2 class=\"elementor-heading-title elementor-size-default\">Syst\u00e9m mana\u017e\u00e9rstva kvality zalo\u017een\u00fd na met\u00f3de vz\u00e1jomn\u00e9ho hodnotenia (peer review)<\/h2>\t\t\t\t<\/div>\n\t\t\t\t<\/div>\n\t\t\t\t\t<\/div>\n\t\t\t\t<\/div>\n\t\t<div class=\"elementor-element elementor-element-29a44c6 e-flex e-con-boxed e-con e-parent\" data-id=\"29a44c6\" data-element_type=\"container\" data-e-type=\"container\">\n\t\t\t\t\t<div class=\"e-con-inner\">\n\t\t\t\t<div class=\"elementor-element elementor-element-ed06eae elementor-widget elementor-widget-text-editor\" data-id=\"ed06eae\" data-element_type=\"widget\" data-e-type=\"widget\" data-widget_type=\"text-editor.default\">\n\t\t\t\t<div class=\"elementor-widget-container\">\n\t\t\t\t\t\t\t\t\t<p>Met\u00f3da vz\u00e1jomn\u00e9ho hodnotenia, resp. posudzovania (peer review) je ur\u010den\u00e1 najm\u00e4 pre stredn\u00e9 odborn\u00e9 \u0161koly, ktor\u00e9 chc\u00fa kontinu\u00e1lne zvy\u0161ova\u0165 kvalitu in\u0161tit\u00facie a\u00a0poskytovan\u00fdch slu\u017eieb.<\/p><p>Metodika peer review \u0161pecifikuje po\u017eiadavky a\u00a0postupy pri zaveden\u00ed a\u00a0implement\u00e1cii syst\u00e9mu riadenia kvality v\u00a0stredn\u00fdch odborn\u00fdch \u0161kol\u00e1ch, ktor\u00e9 chc\u00fa preuk\u00e1za\u0165 svoju schopnos\u0165 trvale zabezpe\u010dova\u0165 a\u00a0zvy\u0161ova\u0165 kvalitu v\u00a0r\u00e1mci organiz\u00e1cie aj pri poskytovan\u00ed odborn\u00e9ho vzdel\u00e1vania a\u00a0praxe a\u00a0budovan\u00ed vz\u0165ahov so svojimi partnermi.<\/p><p>Koordinuj\u00facou in\u0161tit\u00faciou procesu peer review v\u00a0stredn\u00fdch odborn\u00fdch \u0161kol\u00e1ch je <a href=\"https:\/\/siov.sk\/\" target=\"_blank\" rel=\"noopener\">State Vocational Education Institute<\/a> (\u0160IOV).<\/p><p><strong>Z\u00e1kladn\u00e9 po\u017eiadavky met\u00f3dy vz\u00e1jomn\u00e9ho hodnotenia: <\/strong><\/p><ul><li><strong>zavies\u0165, dokumentova\u0165, uplat\u0148ova\u0165 a udr\u017eiava\u0165 syst\u00e9m riadenia kvality v\u00a0\u0161kole, <\/strong><\/li><li><strong>neust\u00e1le ho zlep\u0161ova\u0165 <\/strong><\/li><li><strong>a\u00a0t\u00fdm skvalit\u0148ova\u0165 v\u00fdkon celej organiz\u00e1cie.<\/strong><\/li><\/ul><p><strong>Hlavn\u00e9 \u010drty met\u00f3dy:<\/strong><\/p><ul><li>extern\u00e9 hodnotenie realizovan\u00e9 nez\u00e1visl\u00fdmi odborn\u00edkmi so sk\u00fasenos\u0165ami v OVP,<\/li><li>podpora kvality i\u00a0in\u0161tit\u00faciu na z\u00e1klade sebahodnotenia, pr\u00edpravy a\u00a0riadenia ak\u010dn\u00e9ho pl\u00e1nu zlep\u0161ovania a\u00a0prij\u00edmania pr\u00edslu\u0161n\u00fdch intern\u00fdch opatren\u00ed,<\/li><li>spolupr\u00e1ca a v\u00fdmena sk\u00fasenost\u00ed in\u0161tit\u00faci\u00ed s\u00a0podobn\u00fdm zameran\u00edm, podpora vz\u00e1jomn\u00e9ho u\u010denia sa.<\/li><\/ul><p><strong>Postup z\u00edskania certifik\u00e1tu <\/strong><\/p><p>Proces certifik\u00e1cie za\u010d\u00edna prijat\u00edm rozhodnutia vedenia \u0161koly o\u00a0zaveden\u00ed intern\u00e9ho syst\u00e9mu riadenia kvality na z\u00e1klade met\u00f3dy vz\u00e1jomn\u00e9ho hodnotenia a\u00a0ur\u010den\u00ed koordin\u00e1tora kvality (kontaktnej osoby), ktor\u00fd bude cel\u00fd proces zastre\u0161ova\u0165. O\u00a0tomto rozhodnut\u00ed \u0161kola informuje \u0160IOV p\u00edsomne emailom na <a href=\"mailto:npvalita@siov.sk\">npvalita@siov.sk<\/a>.<\/p><p>Na z\u00e1klade vz\u00e1jomnej dohody sa \u0161kola a\u00a0\u0160IOV dohodn\u00fa na pl\u00e1ne \u010fal\u0161\u00edch krokov:<\/p><ul><li>term\u00edne vypracovania sebahodnotiacej spr\u00e1vy,<\/li><li>\u0161koleniach pre koordin\u00e1tora kvality a\u00a0zamestnancov \u0161koly,<\/li><li>predbe\u017enom term\u00edne hodnotiacej n\u00e1v\u0161tevy,<\/li><li>vypracovania a\u00a0predlo\u017eenia ak\u010dn\u00e9ho pl\u00e1nu zlep\u0161ovania<\/li><li>inej forme podpory zo strany \u0160IOV.<\/li><\/ul><p>Na z\u00e1klade spolo\u010dnej pr\u00edpravy prebehne prv\u00fd cyklus zavedenia intern\u00e9ho mana\u017e\u00e9rstva kvality na z\u00e1klade met\u00f3dy vz\u00e1jomn\u00e9ho hodnotenia (peer review), ktor\u00fd je ukon\u010den\u00fd predlo\u017een\u00edm spr\u00e1vy zo vz\u00e1jomn\u00e9ho hodnotenia a\u00a0ak\u010dn\u00e9ho pl\u00e1nu zlep\u0161ovania.\u00a0 Po splnen\u00ed t\u00fdchto krokov vyd\u00e1 \u0160IOV \u0161kole <strong>certifik\u00e1t o\u00a0zaveden\u00ed a\u00a0zaveden\u00ed a\u00a0pou\u017e\u00edvan\u00ed intern\u00e9ho syst\u00e9mu zabezpe\u010dovania kvality na z\u00e1klade met\u00f3dy vz\u00e1jomn\u00e9ho hodnotenia (peer review)<\/strong>\u00a0<\/p>\t\t\t\t\t\t\t\t<\/div>\n\t\t\t\t<\/div>\n\t\t\t\t\t<\/div>\n\t\t\t\t<\/div>\n\t\t<div class=\"elementor-element elementor-element-3b2d760 e-con-full e-flex e-con e-parent\" data-id=\"3b2d760\" data-element_type=\"container\" data-e-type=\"container\">\n\t\t\t\t<div class=\"elementor-element elementor-element-7255f8c elementor-widget elementor-widget-image\" data-id=\"7255f8c\" data-element_type=\"widget\" data-e-type=\"widget\" data-widget_type=\"image.default\">\n\t\t\t\t<div class=\"elementor-widget-container\">\n\t\t\t\t\t\t\t\t\t\t\t\t\t\t\t<img fetchpriority=\"high\" decoding=\"async\" width=\"768\" height=\"543\" src=\"https:\/\/archiv.siov.sk\/wp-content\/uploads\/2025\/06\/CERTIFIKAT_vzor-768x543.png\" class=\"attachment-medium_large size-medium_large wp-image-19517\" alt=\"\" srcset=\"https:\/\/archiv.siov.sk\/wp-content\/uploads\/2025\/06\/CERTIFIKAT_vzor-768x543.png 768w, https:\/\/archiv.siov.sk\/wp-content\/uploads\/2025\/06\/CERTIFIKAT_vzor-300x212.png 300w, https:\/\/archiv.siov.sk\/wp-content\/uploads\/2025\/06\/CERTIFIKAT_vzor-1024x724.png 1024w, https:\/\/archiv.siov.sk\/wp-content\/uploads\/2025\/06\/CERTIFIKAT_vzor-1536x1086.png 1536w, https:\/\/archiv.siov.sk\/wp-content\/uploads\/2025\/06\/CERTIFIKAT_vzor-18x12.png 18w, https:\/\/archiv.siov.sk\/wp-content\/uploads\/2025\/06\/CERTIFIKAT_vzor.png 2000w\" sizes=\"(max-width: 768px) 100vw, 768px\" \/>\t\t\t\t\t\t\t\t\t\t\t\t\t\t\t<\/div>\n\t\t\t\t<\/div>\n\t\t\t\t<\/div>\n\t\t<div class=\"elementor-element elementor-element-16e683c e-flex e-con-boxed e-con e-parent\" data-id=\"16e683c\" data-element_type=\"container\" data-e-type=\"container\">\n\t\t\t\t\t<div class=\"e-con-inner\">\n\t\t\t\t<div class=\"elementor-element elementor-element-5780a29 elementor-widget elementor-widget-text-editor\" data-id=\"5780a29\" data-element_type=\"widget\" data-e-type=\"widget\" data-widget_type=\"text-editor.default\">\n\t\t\t\t<div class=\"elementor-widget-container\">\n\t\t\t\t\t\t\t\t\t<p>Certifik\u00e1t je platn\u00fd <strong>3 roky<\/strong> a\u00a0plat\u00ed aj pre \u00fa\u010dely certifik\u00e1cie in\u0161tit\u00faci\u00ed vzdel\u00e1vania dospel\u00fdch v\u00a0zmysle z\u00e1kona 292\/2024 Z.z. o\u00a0vzdel\u00e1van\u00ed dospel\u00fdch <a href=\"https:\/\/isvd.iedu.sk\/knowledgebase\/institution\/CertificationQualitySystemManual\" target=\"_blank\" rel=\"noopener\">https:\/\/isvd.iedu.sk\/knowledgebase\/institution\/CertificationQualitySystemManual<\/a>.<\/p><p><strong>Pr\u00ednosy zavedenia syst\u00e9mu mana\u017e\u00e9rstva kvality na z\u00e1klade peer review<\/strong><\/p><ul><li>Identifik\u00e1cia siln\u00fdch a\u00a0slab\u00fdch str\u00e1nok prostredn\u00edctvom sebahodnotenia<\/li><li>systematick\u00e9 pl\u00e1novanie opatren\u00ed smeruj\u00facich k\u00a0st\u00e1lemu zlep\u0161ovaniu in\u0161tit\u00facie a\u00a0poskytovan\u00e9ho vzdel\u00e1vania<\/li><li>zlep\u0161enie internej a\u00a0externej komunik\u00e1cie a\u00a0spolupr\u00e1ce,<\/li><li>Z\u00edskanie extern\u00e9ho pos\u00fadenia in\u0161tit\u00facie\/poskytovan\u00fdch slu\u017eieb a\u00a0s\u00favisiacich \u010dinnost\u00ed od posudzovate\u013eov z\u00a0rovnak\u00e9ho prostredia (\u201ekritick\u00fd priate\u013e\u201c),<\/li><li>zd\u00f4raznenie dobrej praxe a\u00a0podpora transparentnosti,<\/li><li>podpora trval\u00e9ho zlep\u0161ovania kvality pod\u013ea princ\u00edpov Eur\u00f3pskeho referen\u010dn\u00e9ho r\u00e1mca EQAVET<\/li><\/ul><p><strong>Materi\u00e1ly:<\/strong><\/p><ul><li><a href=\"http:\/\/okvalite.sk\/wp-content\/uploads\/2025\/02\/ManualPR_Final_29stran.pdf\" target=\"_blank\" rel=\"noopener\"><strong>Pr\u00edru\u010dka vz\u00e1jomn\u00e9ho hodnotenia kvality v\u00a0OVP<\/strong><\/a>\u00a0zah\u0155\u0148a defin\u00edcie, \u0161tandardy a postupy.<\/li><li><a href=\"https:\/\/okvalite.sk\/dokumenty\/\" target=\"_blank\" rel=\"noopener\"><strong>\u010eal\u0161ie dokumenty<\/strong><\/a>\u00a0\u2013 Oblasti kvality a indik\u00e1tory, formul\u00e1re &#8211; Ak\u010dn\u00fd pl\u00e1n zlep\u0161ovania, Sebahodnotiaca spr\u00e1va<\/li><\/ul><p><strong>Kontaktujte n\u00e1s: <\/strong><\/p><p><a href=\"mailto:npkvalita@siov.sk\">npkvalita@siov.sk<\/a><\/p>\t\t\t\t\t\t\t\t<\/div>\n\t\t\t\t<\/div>\n\t\t\t\t\t<\/div>\n\t\t\t\t<\/div>\n\t\t<div class=\"elementor-element elementor-element-db16550 e-con-full e-flex e-con e-parent\" data-id=\"db16550\" data-element_type=\"container\" data-e-type=\"container\">\n\t\t\t\t<div class=\"elementor-element elementor-element-8424960 elementor-widget elementor-widget-image\" data-id=\"8424960\" data-element_type=\"widget\" data-e-type=\"widget\" data-widget_type=\"image.default\">\n\t\t\t\t<div class=\"elementor-widget-container\">\n\t\t\t\t\t\t\t\t\t\t\t\t<figure class=\"wp-caption\">\n\t\t\t\t\t\t\t\t\t\t<img decoding=\"async\" width=\"768\" height=\"119\" src=\"https:\/\/archiv.siov.sk\/wp-content\/uploads\/2025\/04\/loga_np_kvalita-768x119.png\" class=\"attachment-medium_large size-medium_large wp-image-18660\" alt=\"loga_kvalita_projekt\" srcset=\"https:\/\/archiv.siov.sk\/wp-content\/uploads\/2025\/04\/loga_np_kvalita-768x119.png 768w, https:\/\/archiv.siov.sk\/wp-content\/uploads\/2025\/04\/loga_np_kvalita-300x46.png 300w, https:\/\/archiv.siov.sk\/wp-content\/uploads\/2025\/04\/loga_np_kvalita-1024x158.png 1024w, https:\/\/archiv.siov.sk\/wp-content\/uploads\/2025\/04\/loga_np_kvalita-18x3.png 18w, https:\/\/archiv.siov.sk\/wp-content\/uploads\/2025\/04\/elementor\/thumbs\/loga_np_kvalita-r5cjqsfvrn5sfhsjyrw97tvig25lp3e6m5t1uzcj7g.png 450w, https:\/\/archiv.siov.sk\/wp-content\/uploads\/2025\/04\/loga_np_kvalita.png 1229w\" sizes=\"(max-width: 768px) 100vw, 768px\" \/>\t\t\t\t\t\t\t\t\t\t\t<figcaption class=\"widget-image-caption wp-caption-text\">Aktivita je realizovan\u00e1 v r\u00e1mci n\u00e1rodn\u00e9ho projektu Zavedenie mana\u017e\u00e9rstva kvality v OVP a vzdel\u00e1van\u00ed dospel\u00fdch spolufinancovan\u00e9ho Eur\u00f3pskou \u00faniou v r\u00e1mci Programu Slovensko.<\/figcaption>\n\t\t\t\t\t\t\t\t\t\t<\/figure>\n\t\t\t\t\t\t\t\t\t<\/div>\n\t\t\t\t<\/div>\n\t\t\t\t<\/div>\n\t\t\t\t<\/div>","protected":false},"excerpt":{"rendered":"<p>Syst\u00e9m mana\u017e\u00e9rstva kvality zalo\u017een\u00fd na met\u00f3de vz\u00e1jomn\u00e9ho hodnotenia (peer review) Met\u00f3da vz\u00e1jomn\u00e9ho hodnotenia, resp. posudzovania (peer review) je ur\u010den\u00e1 najm\u00e4 pre stredn\u00e9 odborn\u00e9 \u0161koly, ktor\u00e9 chc\u00fa kontinu\u00e1lne zvy\u0161ova\u0165 kvalitu in\u0161tit\u00facie a\u00a0poskytovan\u00fdch slu\u017eieb. Metodika peer review \u0161pecifikuje po\u017eiadavky a\u00a0postupy pri zaveden\u00ed a\u00a0implement\u00e1cii syst\u00e9mu riadenia kvality v\u00a0stredn\u00fdch odborn\u00fdch \u0161kol\u00e1ch, ktor\u00e9 chc\u00fa preuk\u00e1za\u0165 svoju schopnos\u0165 trvale zabezpe\u010dova\u0165 a\u00a0zvy\u0161ova\u0165 [&hellip;]<\/p>\n","protected":false},"author":4,"featured_media":0,"parent":0,"menu_order":0,"comment_status":"closed","ping_status":"closed","template":"","meta":{"site-sidebar-layout":"no-sidebar","site-content-layout":"page-builder","ast-site-content-layout":"full-width-container","site-content-style":"default","site-sidebar-style":"default","ast-global-header-display":"","ast-banner-title-visibility":"","ast-main-header-display":"","ast-hfb-above-header-display":"","ast-hfb-below-header-display":"","ast-hfb-mobile-header-display":"","site-post-title":"disabled","ast-breadcrumbs-content":"","ast-featured-img":"disabled","footer-sml-layout":"","ast-disable-related-posts":"","theme-transparent-header-meta":"default","adv-header-id-meta":"","stick-header-meta":"default","header-above-stick-meta":"","header-main-stick-meta":"","header-below-stick-meta":"","astra-migrate-meta-layouts":"set","ast-page-background-enabled":"default","ast-page-background-meta":{"desktop":{"background-color":"var(--ast-global-color-4)","background-image":"","background-repeat":"repeat","background-position":"center center","background-size":"auto","background-attachment":"scroll","background-type":"","background-media":"","overlay-type":"","overlay-color":"","overlay-opacity":"","overlay-gradient":""},"tablet":{"background-color":"","background-image":"","background-repeat":"repeat","background-position":"center center","background-size":"auto","background-attachment":"scroll","background-type":"","background-media":"","overlay-type":"","overlay-color":"","overlay-opacity":"","overlay-gradient":""},"mobile":{"background-color":"","background-image":"","background-repeat":"repeat","background-position":"center center","background-size":"auto","background-attachment":"scroll","background-type":"","background-media":"","overlay-type":"","overlay-color":"","overlay-opacity":"","overlay-gradient":""}},"ast-content-background-meta":{"desktop":{"background-color":"var(--ast-global-color-5)","background-image":"","background-repeat":"repeat","background-position":"center center","background-size":"auto","background-attachment":"scroll","background-type":"","background-media":"","overlay-type":"","overlay-color":"","overlay-opacity":"","overlay-gradient":""},"tablet":{"background-color":"var(--ast-global-color-5)","background-image":"","background-repeat":"repeat","background-position":"center center","background-size":"auto","background-attachment":"scroll","background-type":"","background-media":"","overlay-type":"","overlay-color":"","overlay-opacity":"","overlay-gradient":""},"mobile":{"background-color":"var(--ast-global-color-5)","background-image":"","background-repeat":"repeat","background-position":"center center","background-size":"auto","background-attachment":"scroll","background-type":"","background-media":"","overlay-type":"","overlay-color":"","overlay-opacity":"","overlay-gradient":""}},"footnotes":""},"class_list":["post-19510","page","type-page","status-publish","hentry"],"yoast_head":"<!-- This site is optimized with the Yoast SEO plugin v27.5 - https:\/\/yoast.com\/product\/yoast-seo-wordpress\/ -->\n<title>Certifik\u00e1cia kvality - \u0160IOV - \u0161t\u00e1tny in\u0161tit\u00fat odborn\u00e9ho vzdel\u00e1vania<\/title>\n<meta name=\"description\" content=\"Pre\u010d\u00edtajte si na na\u0161ej webovej str\u00e1nke o Certifik\u00e1ci\u00ed kvality pod z\u00e1\u0161titou \u0160t\u00e1tneho in\u0161tit\u00fatu odborn\u00e9ho vzdel\u00e1vania...\" \/>\n<meta name=\"robots\" content=\"index, follow, max-snippet:-1, max-image-preview:large, max-video-preview:-1\" \/>\n<link rel=\"canonical\" href=\"https:\/\/archiv.siov.sk\/en\/certifikacia-kvality\/\" \/>\n<meta property=\"og:locale\" content=\"en_GB\" \/>\n<meta property=\"og:type\" content=\"article\" \/>\n<meta property=\"og:title\" content=\"Certifik\u00e1cia kvality - \u0160IOV - \u0161t\u00e1tny in\u0161tit\u00fat odborn\u00e9ho vzdel\u00e1vania\" \/>\n<meta property=\"og:description\" content=\"Pre\u010d\u00edtajte si na na\u0161ej webovej str\u00e1nke o Certifik\u00e1ci\u00ed kvality pod z\u00e1\u0161titou \u0160t\u00e1tneho in\u0161tit\u00fatu odborn\u00e9ho vzdel\u00e1vania...\" \/>\n<meta property=\"og:url\" content=\"https:\/\/archiv.siov.sk\/en\/certifikacia-kvality\/\" \/>\n<meta property=\"og:site_name\" content=\"\u0160IOV - \u0161t\u00e1tny in\u0161tit\u00fat odborn\u00e9ho vzdel\u00e1vania\" \/>\n<meta property=\"article:publisher\" content=\"https:\/\/www.facebook.com\/Statnyinstitutodbornehovzdelavania\" \/>\n<meta property=\"article:modified_time\" content=\"2025-06-18T09:45:06+00:00\" \/>\n<meta property=\"og:image\" content=\"https:\/\/archiv.siov.sk\/wp-content\/uploads\/2025\/06\/CERTIFIKAT_vzor-768x543.png\" \/>\n<meta name=\"twitter:card\" content=\"summary_large_image\" \/>\n<meta name=\"twitter:label1\" content=\"Estimated reading time\" \/>\n\t<meta name=\"twitter:data1\" content=\"3 minutes\" \/>\n<script type=\"application\/ld+json\" class=\"yoast-schema-graph\">{\"@context\":\"https:\\\/\\\/schema.org\",\"@graph\":[{\"@type\":\"WebPage\",\"@id\":\"https:\\\/\\\/archiv.siov.sk\\\/certifikacia-kvality\\\/\",\"url\":\"https:\\\/\\\/archiv.siov.sk\\\/certifikacia-kvality\\\/\",\"name\":\"Certifik\u00e1cia kvality - \u0160IOV - \u0161t\u00e1tny in\u0161tit\u00fat odborn\u00e9ho vzdel\u00e1vania\",\"isPartOf\":{\"@id\":\"https:\\\/\\\/archiv.siov.sk\\\/#website\"},\"primaryImageOfPage\":{\"@id\":\"https:\\\/\\\/archiv.siov.sk\\\/certifikacia-kvality\\\/#primaryimage\"},\"image\":{\"@id\":\"https:\\\/\\\/archiv.siov.sk\\\/certifikacia-kvality\\\/#primaryimage\"},\"thumbnailUrl\":\"https:\\\/\\\/archiv.siov.sk\\\/wp-content\\\/uploads\\\/2025\\\/06\\\/CERTIFIKAT_vzor-768x543.png\",\"datePublished\":\"2025-06-18T09:23:45+00:00\",\"dateModified\":\"2025-06-18T09:45:06+00:00\",\"description\":\"Pre\u010d\u00edtajte si na na\u0161ej webovej str\u00e1nke o Certifik\u00e1ci\u00ed kvality pod z\u00e1\u0161titou \u0160t\u00e1tneho in\u0161tit\u00fatu odborn\u00e9ho vzdel\u00e1vania...\",\"breadcrumb\":{\"@id\":\"https:\\\/\\\/archiv.siov.sk\\\/certifikacia-kvality\\\/#breadcrumb\"},\"inLanguage\":\"en-GB\",\"potentialAction\":[{\"@type\":\"ReadAction\",\"target\":[\"https:\\\/\\\/archiv.siov.sk\\\/certifikacia-kvality\\\/\"]}]},{\"@type\":\"ImageObject\",\"inLanguage\":\"en-GB\",\"@id\":\"https:\\\/\\\/archiv.siov.sk\\\/certifikacia-kvality\\\/#primaryimage\",\"url\":\"https:\\\/\\\/archiv.siov.sk\\\/wp-content\\\/uploads\\\/2025\\\/06\\\/CERTIFIKAT_vzor-768x543.png\",\"contentUrl\":\"https:\\\/\\\/archiv.siov.sk\\\/wp-content\\\/uploads\\\/2025\\\/06\\\/CERTIFIKAT_vzor-768x543.png\"},{\"@type\":\"BreadcrumbList\",\"@id\":\"https:\\\/\\\/archiv.siov.sk\\\/certifikacia-kvality\\\/#breadcrumb\",\"itemListElement\":[{\"@type\":\"ListItem\",\"position\":1,\"name\":\"Home\",\"item\":\"https:\\\/\\\/archiv.siov.sk\\\/\"},{\"@type\":\"ListItem\",\"position\":2,\"name\":\"Certifik\u00e1cia kvality\"}]},{\"@type\":\"WebSite\",\"@id\":\"https:\\\/\\\/archiv.siov.sk\\\/#website\",\"url\":\"https:\\\/\\\/archiv.siov.sk\\\/\",\"name\":\"\u0160IOV - \u0161t\u00e1tny in\u0161tit\u00fat odborn\u00e9ho vzdel\u00e1vania\",\"description\":\"\",\"publisher\":{\"@id\":\"https:\\\/\\\/archiv.siov.sk\\\/#organization\"},\"potentialAction\":[{\"@type\":\"SearchAction\",\"target\":{\"@type\":\"EntryPoint\",\"urlTemplate\":\"https:\\\/\\\/archiv.siov.sk\\\/?s={search_term_string}\"},\"query-input\":{\"@type\":\"PropertyValueSpecification\",\"valueRequired\":true,\"valueName\":\"search_term_string\"}}],\"inLanguage\":\"en-GB\"},{\"@type\":\"Organization\",\"@id\":\"https:\\\/\\\/archiv.siov.sk\\\/#organization\",\"name\":\"\u0160IOV - \u0161t\u00e1tny in\u0161tit\u00fat odborn\u00e9ho vzdel\u00e1vania\",\"url\":\"https:\\\/\\\/archiv.siov.sk\\\/\",\"logo\":{\"@type\":\"ImageObject\",\"inLanguage\":\"en-GB\",\"@id\":\"https:\\\/\\\/archiv.siov.sk\\\/#\\\/schema\\\/logo\\\/image\\\/\",\"url\":\"https:\\\/\\\/archiv.siov.sk\\\/wp-content\\\/uploads\\\/2024\\\/02\\\/logo-SIOV.png\",\"contentUrl\":\"https:\\\/\\\/archiv.siov.sk\\\/wp-content\\\/uploads\\\/2024\\\/02\\\/logo-SIOV.png\",\"width\":431,\"height\":143,\"caption\":\"\u0160IOV - \u0161t\u00e1tny in\u0161tit\u00fat odborn\u00e9ho vzdel\u00e1vania\"},\"image\":{\"@id\":\"https:\\\/\\\/archiv.siov.sk\\\/#\\\/schema\\\/logo\\\/image\\\/\"},\"sameAs\":[\"https:\\\/\\\/www.facebook.com\\\/Statnyinstitutodbornehovzdelavania\"]}]}<\/script>\n<!-- \/ Yoast SEO plugin. -->","yoast_head_json":{"title":"Certifik\u00e1cia kvality - \u0160IOV - \u0161t\u00e1tny in\u0161tit\u00fat odborn\u00e9ho vzdel\u00e1vania","description":"Pre\u010d\u00edtajte si na na\u0161ej webovej str\u00e1nke o Certifik\u00e1ci\u00ed kvality pod z\u00e1\u0161titou \u0160t\u00e1tneho in\u0161tit\u00fatu odborn\u00e9ho vzdel\u00e1vania...","robots":{"index":"index","follow":"follow","max-snippet":"max-snippet:-1","max-image-preview":"max-image-preview:large","max-video-preview":"max-video-preview:-1"},"canonical":"https:\/\/archiv.siov.sk\/en\/certifikacia-kvality\/","og_locale":"en_GB","og_type":"article","og_title":"Certifik\u00e1cia kvality - \u0160IOV - \u0161t\u00e1tny in\u0161tit\u00fat odborn\u00e9ho vzdel\u00e1vania","og_description":"Pre\u010d\u00edtajte si na na\u0161ej webovej str\u00e1nke o Certifik\u00e1ci\u00ed kvality pod z\u00e1\u0161titou \u0160t\u00e1tneho in\u0161tit\u00fatu odborn\u00e9ho vzdel\u00e1vania...","og_url":"https:\/\/archiv.siov.sk\/en\/certifikacia-kvality\/","og_site_name":"\u0160IOV - \u0161t\u00e1tny in\u0161tit\u00fat odborn\u00e9ho vzdel\u00e1vania","article_publisher":"https:\/\/www.facebook.com\/Statnyinstitutodbornehovzdelavania","article_modified_time":"2025-06-18T09:45:06+00:00","og_image":[{"url":"https:\/\/archiv.siov.sk\/wp-content\/uploads\/2025\/06\/CERTIFIKAT_vzor-768x543.png","type":"","width":"","height":""}],"twitter_card":"summary_large_image","twitter_misc":{"Estimated reading time":"3 minutes"},"schema":{"@context":"https:\/\/schema.org","@graph":[{"@type":"WebPage","@id":"https:\/\/archiv.siov.sk\/certifikacia-kvality\/","url":"https:\/\/archiv.siov.sk\/certifikacia-kvality\/","name":"Certifik\u00e1cia kvality - \u0160IOV - \u0161t\u00e1tny in\u0161tit\u00fat odborn\u00e9ho vzdel\u00e1vania","isPartOf":{"@id":"https:\/\/archiv.siov.sk\/#website"},"primaryImageOfPage":{"@id":"https:\/\/archiv.siov.sk\/certifikacia-kvality\/#primaryimage"},"image":{"@id":"https:\/\/archiv.siov.sk\/certifikacia-kvality\/#primaryimage"},"thumbnailUrl":"https:\/\/archiv.siov.sk\/wp-content\/uploads\/2025\/06\/CERTIFIKAT_vzor-768x543.png","datePublished":"2025-06-18T09:23:45+00:00","dateModified":"2025-06-18T09:45:06+00:00","description":"Pre\u010d\u00edtajte si na na\u0161ej webovej str\u00e1nke o Certifik\u00e1ci\u00ed kvality pod z\u00e1\u0161titou \u0160t\u00e1tneho in\u0161tit\u00fatu odborn\u00e9ho vzdel\u00e1vania...","breadcrumb":{"@id":"https:\/\/archiv.siov.sk\/certifikacia-kvality\/#breadcrumb"},"inLanguage":"en-GB","potentialAction":[{"@type":"ReadAction","target":["https:\/\/archiv.siov.sk\/certifikacia-kvality\/"]}]},{"@type":"ImageObject","inLanguage":"en-GB","@id":"https:\/\/archiv.siov.sk\/certifikacia-kvality\/#primaryimage","url":"https:\/\/archiv.siov.sk\/wp-content\/uploads\/2025\/06\/CERTIFIKAT_vzor-768x543.png","contentUrl":"https:\/\/archiv.siov.sk\/wp-content\/uploads\/2025\/06\/CERTIFIKAT_vzor-768x543.png"},{"@type":"BreadcrumbList","@id":"https:\/\/archiv.siov.sk\/certifikacia-kvality\/#breadcrumb","itemListElement":[{"@type":"ListItem","position":1,"name":"Home","item":"https:\/\/archiv.siov.sk\/"},{"@type":"ListItem","position":2,"name":"Certifik\u00e1cia kvality"}]},{"@type":"WebSite","@id":"https:\/\/archiv.siov.sk\/#website","url":"https:\/\/archiv.siov.sk\/","name":"\u0160IOV - \u0161t\u00e1tny in\u0161tit\u00fat odborn\u00e9ho vzdel\u00e1vania","description":"","publisher":{"@id":"https:\/\/archiv.siov.sk\/#organization"},"potentialAction":[{"@type":"SearchAction","target":{"@type":"EntryPoint","urlTemplate":"https:\/\/archiv.siov.sk\/?s={search_term_string}"},"query-input":{"@type":"PropertyValueSpecification","valueRequired":true,"valueName":"search_term_string"}}],"inLanguage":"en-GB"},{"@type":"Organization","@id":"https:\/\/archiv.siov.sk\/#organization","name":"\u0160IOV - \u0161t\u00e1tny in\u0161tit\u00fat odborn\u00e9ho vzdel\u00e1vania","url":"https:\/\/archiv.siov.sk\/","logo":{"@type":"ImageObject","inLanguage":"en-GB","@id":"https:\/\/archiv.siov.sk\/#\/schema\/logo\/image\/","url":"https:\/\/archiv.siov.sk\/wp-content\/uploads\/2024\/02\/logo-SIOV.png","contentUrl":"https:\/\/archiv.siov.sk\/wp-content\/uploads\/2024\/02\/logo-SIOV.png","width":431,"height":143,"caption":"\u0160IOV - \u0161t\u00e1tny in\u0161tit\u00fat odborn\u00e9ho vzdel\u00e1vania"},"image":{"@id":"https:\/\/archiv.siov.sk\/#\/schema\/logo\/image\/"},"sameAs":["https:\/\/www.facebook.com\/Statnyinstitutodbornehovzdelavania"]}]}},"_links":{"self":[{"href":"https:\/\/archiv.siov.sk\/en\/wp-json\/wp\/v2\/pages\/19510","targetHints":{"allow":["GET"]}}],"collection":[{"href":"https:\/\/archiv.siov.sk\/en\/wp-json\/wp\/v2\/pages"}],"about":[{"href":"https:\/\/archiv.siov.sk\/en\/wp-json\/wp\/v2\/types\/page"}],"author":[{"embeddable":true,"href":"https:\/\/archiv.siov.sk\/en\/wp-json\/wp\/v2\/users\/4"}],"replies":[{"embeddable":true,"href":"https:\/\/archiv.siov.sk\/en\/wp-json\/wp\/v2\/comments?post=19510"}],"version-history":[{"count":16,"href":"https:\/\/archiv.siov.sk\/en\/wp-json\/wp\/v2\/pages\/19510\/revisions"}],"predecessor-version":[{"id":19529,"href":"https:\/\/archiv.siov.sk\/en\/wp-json\/wp\/v2\/pages\/19510\/revisions\/19529"}],"wp:attachment":[{"href":"https:\/\/archiv.siov.sk\/en\/wp-json\/wp\/v2\/media?parent=19510"}],"curies":[{"name":"wp","href":"https:\/\/api.w.org\/{rel}","templated":true}]}}