{"id":19209,"date":"2025-05-28T09:09:06","date_gmt":"2025-05-28T07:09:06","guid":{"rendered":"https:\/\/archiv.siov.sk\/?page_id=19209"},"modified":"2025-09-30T12:46:45","modified_gmt":"2025-09-30T10:46:45","slug":"vyskum-ovp-a-vd","status":"publish","type":"page","link":"https:\/\/archiv.siov.sk\/en\/vyskum-ovp-a-vd\/","title":{"rendered":"V\u00fdskum OVP a VD"},"content":{"rendered":"<div data-elementor-type=\"wp-page\" data-elementor-id=\"19209\" class=\"elementor elementor-19209\" data-elementor-post-type=\"page\">\n\t\t\t\t\t\t<section class=\"elementor-section elementor-top-section elementor-element elementor-element-1237563 elementor-section-boxed elementor-section-height-default elementor-section-height-default\" data-id=\"1237563\" data-element_type=\"section\" data-e-type=\"section\">\n\t\t\t\t\t\t<div class=\"elementor-container elementor-column-gap-default\">\n\t\t\t\t\t<div class=\"elementor-column elementor-col-100 elementor-top-column elementor-element elementor-element-4ee09b2\" data-id=\"4ee09b2\" data-element_type=\"column\" data-e-type=\"column\">\n\t\t\t<div class=\"elementor-widget-wrap elementor-element-populated\">\n\t\t\t\t\t\t<div class=\"elementor-element elementor-element-88675fa elementor-widget-divider--view-line elementor-widget elementor-widget-divider\" data-id=\"88675fa\" data-element_type=\"widget\" data-e-type=\"widget\" data-widget_type=\"divider.default\">\n\t\t\t\t<div class=\"elementor-widget-container\">\n\t\t\t\t\t\t\t<div class=\"elementor-divider\">\n\t\t\t<span class=\"elementor-divider-separator\">\n\t\t\t\t\t\t<\/span>\n\t\t<\/div>\n\t\t\t\t\t\t<\/div>\n\t\t\t\t<\/div>\n\t\t\t\t<div class=\"elementor-element elementor-element-223cedc elementor-widget elementor-widget-heading\" data-id=\"223cedc\" data-element_type=\"widget\" data-e-type=\"widget\" data-widget_type=\"heading.default\">\n\t\t\t\t<div class=\"elementor-widget-container\">\n\t\t\t\t\t<h2 class=\"elementor-heading-title elementor-size-default\">V\u00fdskum OVP a VD<\/h2>\t\t\t\t<\/div>\n\t\t\t\t<\/div>\n\t\t\t\t\t<\/div>\n\t\t<\/div>\n\t\t\t\t\t<\/div>\n\t\t<\/section>\n\t\t<div class=\"elementor-element elementor-element-c534f49 e-flex e-con-boxed e-con e-parent\" data-id=\"c534f49\" data-element_type=\"container\" data-e-type=\"container\">\n\t\t\t\t\t<div class=\"e-con-inner\">\n\t\t<div class=\"elementor-element elementor-element-a822a7e e-con-full e-flex e-con e-child\" data-id=\"a822a7e\" data-element_type=\"container\" data-e-type=\"container\">\n\t\t\t\t<div class=\"elementor-element elementor-element-07e9f42 elementor-widget elementor-widget-image\" data-id=\"07e9f42\" data-element_type=\"widget\" data-e-type=\"widget\" data-widget_type=\"image.default\">\n\t\t\t\t<div class=\"elementor-widget-container\">\n\t\t\t\t\t\t\t\t\t\t\t\t\t\t\t\t<a href=\"https:\/\/siov.sk\/wp-content\/uploads\/2025\/07\/Medzinarodne-meranie-kompetencii-dospelych_druhy-cycklus.pdf\" target=\"_blank\">\n\t\t\t\t\t\t\t<img fetchpriority=\"high\" decoding=\"async\" width=\"646\" height=\"911\" src=\"https:\/\/archiv.siov.sk\/wp-content\/uploads\/2025\/07\/foto-na-stranku.png\" class=\"elementor-animation-grow attachment-large size-large wp-image-19683\" alt=\"\" srcset=\"https:\/\/archiv.siov.sk\/wp-content\/uploads\/2025\/07\/foto-na-stranku.png 646w, https:\/\/archiv.siov.sk\/wp-content\/uploads\/2025\/07\/foto-na-stranku-213x300.png 213w, https:\/\/archiv.siov.sk\/wp-content\/uploads\/2025\/07\/foto-na-stranku-9x12.png 9w\" sizes=\"(max-width: 646px) 100vw, 646px\" \/>\t\t\t\t\t\t\t\t<\/a>\n\t\t\t\t\t\t\t\t\t\t\t\t\t\t\t<\/div>\n\t\t\t\t<\/div>\n\t\t\t\t<div class=\"elementor-element elementor-element-abe2049 elementor-widget elementor-widget-heading\" data-id=\"abe2049\" data-element_type=\"widget\" data-e-type=\"widget\" data-widget_type=\"heading.default\">\n\t\t\t\t<div class=\"elementor-widget-container\">\n\t\t\t\t\t<h2 class=\"elementor-heading-title elementor-size-default\"><a href=\"https:\/\/siov.sk\/wp-content\/uploads\/2025\/02\/Medzinarodne-meranie-kompetencii-dospelych.pdf\" target=\"_blank\">Medzin\u00e1rodn\u00e9 meranie kompetenci\u00ed dospel\u00fdch PIAAC (2025)<\/a><\/h2>\t\t\t\t<\/div>\n\t\t\t\t<\/div>\n\t\t\t\t<\/div>\n\t\t<div class=\"elementor-element elementor-element-7a02f69 e-con-full e-flex e-con e-child\" data-id=\"7a02f69\" data-element_type=\"container\" data-e-type=\"container\">\n\t\t\t\t<div class=\"elementor-element elementor-element-d14fc86 elementor-widget elementor-widget-image\" data-id=\"d14fc86\" data-element_type=\"widget\" data-e-type=\"widget\" data-widget_type=\"image.default\">\n\t\t\t\t<div class=\"elementor-widget-container\">\n\t\t\t\t\t\t\t\t\t\t\t\t\t\t\t\t<a href=\"https:\/\/siov.sk\/wp-content\/uploads\/2025\/07\/Europsky-index-zrucnosti-final-SK.pdf\" target=\"_blank\">\n\t\t\t\t\t\t\t<img decoding=\"async\" width=\"646\" height=\"915\" src=\"https:\/\/archiv.siov.sk\/wp-content\/uploads\/2025\/06\/europsky-index-zrucnosti.png\" class=\"elementor-animation-grow attachment-large size-large wp-image-19244\" alt=\"\" srcset=\"https:\/\/archiv.siov.sk\/wp-content\/uploads\/2025\/06\/europsky-index-zrucnosti.png 646w, https:\/\/archiv.siov.sk\/wp-content\/uploads\/2025\/06\/europsky-index-zrucnosti-212x300.png 212w, https:\/\/archiv.siov.sk\/wp-content\/uploads\/2025\/06\/europsky-index-zrucnosti-8x12.png 8w\" sizes=\"(max-width: 646px) 100vw, 646px\" \/>\t\t\t\t\t\t\t\t<\/a>\n\t\t\t\t\t\t\t\t\t\t\t\t\t\t\t<\/div>\n\t\t\t\t<\/div>\n\t\t\t\t<div class=\"elementor-element elementor-element-e133126 elementor-widget elementor-widget-heading\" data-id=\"e133126\" data-element_type=\"widget\" data-e-type=\"widget\" data-widget_type=\"heading.default\">\n\t\t\t\t<div class=\"elementor-widget-container\">\n\t\t\t\t\t<h2 class=\"elementor-heading-title elementor-size-default\"><a href=\"https:\/\/siov.sk\/wp-content\/uploads\/2025\/07\/Europsky-index-zrucnosti-final-SK.pdf\" target=\"_blank\">Eur\u00f3psky index zru\u010dnost\u00ed (2025)<\/a><\/h2>\t\t\t\t<\/div>\n\t\t\t\t<\/div>\n\t\t\t\t<\/div>\n\t\t<div class=\"elementor-element elementor-element-f2ac82d e-con-full e-flex e-con e-child\" data-id=\"f2ac82d\" data-element_type=\"container\" data-e-type=\"container\">\n\t\t\t\t<div class=\"elementor-element elementor-element-2f27b07 elementor-widget elementor-widget-image\" data-id=\"2f27b07\" data-element_type=\"widget\" data-e-type=\"widget\" data-widget_type=\"image.default\">\n\t\t\t\t<div class=\"elementor-widget-container\">\n\t\t\t\t\t\t\t\t\t\t\t\t\t\t\t\t<a href=\"https:\/\/siov.sk\/wp-content\/uploads\/2025\/07\/Europsky-index-zrucnosti_final_EN.pdf\" target=\"_blank\">\n\t\t\t\t\t\t\t<img decoding=\"async\" width=\"645\" height=\"916\" src=\"https:\/\/archiv.siov.sk\/wp-content\/uploads\/2025\/07\/Europsky-index-EN.png\" class=\"elementor-animation-grow attachment-large size-large wp-image-20056\" alt=\"\" srcset=\"https:\/\/archiv.siov.sk\/wp-content\/uploads\/2025\/07\/Europsky-index-EN.png 645w, https:\/\/archiv.siov.sk\/wp-content\/uploads\/2025\/07\/Europsky-index-EN-211x300.png 211w, https:\/\/archiv.siov.sk\/wp-content\/uploads\/2025\/07\/Europsky-index-EN-8x12.png 8w\" sizes=\"(max-width: 645px) 100vw, 645px\" \/>\t\t\t\t\t\t\t\t<\/a>\n\t\t\t\t\t\t\t\t\t\t\t\t\t\t\t<\/div>\n\t\t\t\t<\/div>\n\t\t\t\t<div class=\"elementor-element elementor-element-8faaa7a elementor-widget elementor-widget-heading\" data-id=\"8faaa7a\" data-element_type=\"widget\" data-e-type=\"widget\" data-widget_type=\"heading.default\">\n\t\t\t\t<div class=\"elementor-widget-container\">\n\t\t\t\t\t<h2 class=\"elementor-heading-title elementor-size-default\"><a href=\"https:\/\/siov.sk\/wp-content\/uploads\/2025\/07\/Europsky-index-zrucnosti_final_EN.pdf\" target=\"_blank\">European skill index EN (2025)<\/a><\/h2>\t\t\t\t<\/div>\n\t\t\t\t<\/div>\n\t\t\t\t<\/div>\n\t\t\t\t\t<\/div>\n\t\t\t\t<\/div>\n\t\t<div class=\"elementor-element elementor-element-c8221d7 e-flex e-con-boxed e-con e-parent\" data-id=\"c8221d7\" data-element_type=\"container\" data-e-type=\"container\">\n\t\t\t\t\t<div class=\"e-con-inner\">\n\t\t<div class=\"elementor-element elementor-element-6984c04 e-con-full e-flex e-con e-child\" data-id=\"6984c04\" data-element_type=\"container\" data-e-type=\"container\">\n\t\t\t\t<div class=\"elementor-element elementor-element-e66025b elementor-widget elementor-widget-image\" data-id=\"e66025b\" data-element_type=\"widget\" data-e-type=\"widget\" data-widget_type=\"image.default\">\n\t\t\t\t<div class=\"elementor-widget-container\">\n\t\t\t\t\t\t\t\t\t\t\t\t\t\t\t\t<a href=\"https:\/\/siov.sk\/wp-content\/uploads\/2025\/07\/VD-v-cislach_final.pdf\" target=\"_blank\">\n\t\t\t\t\t\t\t<img loading=\"lazy\" decoding=\"async\" width=\"643\" height=\"915\" src=\"https:\/\/archiv.siov.sk\/wp-content\/uploads\/2025\/07\/VD-v-cislach.png\" class=\"elementor-animation-grow attachment-large size-large wp-image-19890\" alt=\"\" srcset=\"https:\/\/archiv.siov.sk\/wp-content\/uploads\/2025\/07\/VD-v-cislach.png 643w, https:\/\/archiv.siov.sk\/wp-content\/uploads\/2025\/07\/VD-v-cislach-211x300.png 211w, https:\/\/archiv.siov.sk\/wp-content\/uploads\/2025\/07\/VD-v-cislach-8x12.png 8w\" sizes=\"(max-width: 643px) 100vw, 643px\" \/>\t\t\t\t\t\t\t\t<\/a>\n\t\t\t\t\t\t\t\t\t\t\t\t\t\t\t<\/div>\n\t\t\t\t<\/div>\n\t\t\t\t<div class=\"elementor-element elementor-element-788abde elementor-widget elementor-widget-heading\" data-id=\"788abde\" data-element_type=\"widget\" data-e-type=\"widget\" data-widget_type=\"heading.default\">\n\t\t\t\t<div class=\"elementor-widget-container\">\n\t\t\t\t\t<h2 class=\"elementor-heading-title elementor-size-default\"><a href=\"https:\/\/siov.sk\/wp-content\/uploads\/2025\/07\/VD-v-cislach_final.pdf\" target=\"_blank\">\u00da\u010das\u0165 na vzdel\u00e1van\u00ed dospel\u00fdch - v\u00fdsledky zis\u0165ovania... (2025)<\/a><\/h2>\t\t\t\t<\/div>\n\t\t\t\t<\/div>\n\t\t\t\t<\/div>\n\t\t<div class=\"elementor-element elementor-element-daa73e2 e-con-full e-flex e-con e-child\" data-id=\"daa73e2\" data-element_type=\"container\" data-e-type=\"container\">\n\t\t\t\t<div class=\"elementor-element elementor-element-01c9457 elementor-widget elementor-widget-image\" data-id=\"01c9457\" data-element_type=\"widget\" data-e-type=\"widget\" data-widget_type=\"image.default\">\n\t\t\t\t<div class=\"elementor-widget-container\">\n\t\t\t\t\t\t\t\t\t\t\t\t\t\t\t\t<a href=\"https:\/\/siov.sk\/wp-content\/uploads\/2025\/07\/Adult-education-in-numbers_final.pdf\" target=\"_blank\">\n\t\t\t\t\t\t\t<img loading=\"lazy\" decoding=\"async\" width=\"622\" height=\"880\" src=\"https:\/\/archiv.siov.sk\/wp-content\/uploads\/2025\/07\/VD-numbers-EN.png\" class=\"elementor-animation-grow attachment-large size-large wp-image-19929\" alt=\"\" srcset=\"https:\/\/archiv.siov.sk\/wp-content\/uploads\/2025\/07\/VD-numbers-EN.png 622w, https:\/\/archiv.siov.sk\/wp-content\/uploads\/2025\/07\/VD-numbers-EN-212x300.png 212w, https:\/\/archiv.siov.sk\/wp-content\/uploads\/2025\/07\/VD-numbers-EN-8x12.png 8w\" sizes=\"(max-width: 622px) 100vw, 622px\" \/>\t\t\t\t\t\t\t\t<\/a>\n\t\t\t\t\t\t\t\t\t\t\t\t\t\t\t<\/div>\n\t\t\t\t<\/div>\n\t\t\t\t<div class=\"elementor-element elementor-element-836789d elementor-widget elementor-widget-heading\" data-id=\"836789d\" data-element_type=\"widget\" data-e-type=\"widget\" data-widget_type=\"heading.default\">\n\t\t\t\t<div class=\"elementor-widget-container\">\n\t\t\t\t\t<h2 class=\"elementor-heading-title elementor-size-default\"><a href=\"https:\/\/siov.sk\/wp-content\/uploads\/2025\/07\/Adult-education-in-numbers_final.pdf\" target=\"_blank\">Participation in Adult Education - Results from the... (2025)<\/a><\/h2>\t\t\t\t<\/div>\n\t\t\t\t<\/div>\n\t\t\t\t<\/div>\n\t\t<div class=\"elementor-element elementor-element-67480e0 e-con-full e-flex e-con e-child\" data-id=\"67480e0\" data-element_type=\"container\" data-e-type=\"container\">\n\t\t\t\t<div class=\"elementor-element elementor-element-47bb84e elementor-widget elementor-widget-image\" data-id=\"47bb84e\" data-element_type=\"widget\" data-e-type=\"widget\" data-widget_type=\"image.default\">\n\t\t\t\t<div class=\"elementor-widget-container\">\n\t\t\t\t\t\t\t\t\t\t\t\t\t\t\t\t<a href=\"https:\/\/siov.sk\/wp-content\/uploads\/2025\/09\/VD-v-cislach_aktivity_final.pdf\" target=\"_blank\">\n\t\t\t\t\t\t\t<img loading=\"lazy\" decoding=\"async\" width=\"647\" height=\"917\" src=\"https:\/\/archiv.siov.sk\/wp-content\/uploads\/2025\/09\/VD-v-cislach.png\" class=\"elementor-animation-grow attachment-large size-large wp-image-21388\" alt=\"\" srcset=\"https:\/\/archiv.siov.sk\/wp-content\/uploads\/2025\/09\/VD-v-cislach.png 647w, https:\/\/archiv.siov.sk\/wp-content\/uploads\/2025\/09\/VD-v-cislach-212x300.png 212w, https:\/\/archiv.siov.sk\/wp-content\/uploads\/2025\/09\/VD-v-cislach-8x12.png 8w\" sizes=\"(max-width: 647px) 100vw, 647px\" \/>\t\t\t\t\t\t\t\t<\/a>\n\t\t\t\t\t\t\t\t\t\t\t\t\t\t\t<\/div>\n\t\t\t\t<\/div>\n\t\t\t\t<div class=\"elementor-element elementor-element-934a038 elementor-widget elementor-widget-heading\" data-id=\"934a038\" data-element_type=\"widget\" data-e-type=\"widget\" data-widget_type=\"heading.default\">\n\t\t\t\t<div class=\"elementor-widget-container\">\n\t\t\t\t\t<h2 class=\"elementor-heading-title elementor-size-default\"><a href=\"https:\/\/siov.sk\/wp-content\/uploads\/2025\/09\/VD-v-cislach_aktivity_final.pdf\" target=\"_blank\">Vzdel\u00e1vacie aktivity vo vzdel\u00e1van\u00ed dospel\u00fdch - v\u00fdsledky... (2025)<\/a><\/h2>\t\t\t\t<\/div>\n\t\t\t\t<\/div>\n\t\t\t\t<\/div>\n\t\t\t\t\t<\/div>\n\t\t\t\t<\/div>\n\t\t\t\t<\/div>","protected":false},"excerpt":{"rendered":"<p>V\u00fdskum OVP a VD Medzin\u00e1rodn\u00e9 meranie kompetenci\u00ed dospel\u00fdch PIAAC (2025) Eur\u00f3psky index zru\u010dnost\u00ed (2025) European skill index EN (2025) \u00da\u010das\u0165 na vzdel\u00e1van\u00ed dospel\u00fdch &#8211; v\u00fdsledky zis\u0165ovania&#8230; (2025) Participation in Adult Education &#8211; Results from the&#8230; (2025) Vzdel\u00e1vacie aktivity vo vzdel\u00e1van\u00ed dospel\u00fdch &#8211; v\u00fdsledky&#8230; (2025)<\/p>","protected":false},"author":4,"featured_media":0,"parent":0,"menu_order":0,"comment_status":"closed","ping_status":"closed","template":"","meta":{"site-sidebar-layout":"no-sidebar","site-content-layout":"page-builder","ast-site-content-layout":"full-width-container","site-content-style":"default","site-sidebar-style":"default","ast-global-header-display":"","ast-banner-title-visibility":"","ast-main-header-display":"","ast-hfb-above-header-display":"","ast-hfb-below-header-display":"","ast-hfb-mobile-header-display":"","site-post-title":"disabled","ast-breadcrumbs-content":"","ast-featured-img":"disabled","footer-sml-layout":"","ast-disable-related-posts":"","theme-transparent-header-meta":"default","adv-header-id-meta":"","stick-header-meta":"default","header-above-stick-meta":"","header-main-stick-meta":"","header-below-stick-meta":"","astra-migrate-meta-layouts":"set","ast-page-background-enabled":"default","ast-page-background-meta":{"desktop":{"background-color":"var(--ast-global-color-4)","background-image":"","background-repeat":"repeat","background-position":"center center","background-size":"auto","background-attachment":"scroll","background-type":"","background-media":"","overlay-type":"","overlay-color":"","overlay-opacity":"","overlay-gradient":""},"tablet":{"background-color":"","background-image":"","background-repeat":"repeat","background-position":"center center","background-size":"auto","background-attachment":"scroll","background-type":"","background-media":"","overlay-type":"","overlay-color":"","overlay-opacity":"","overlay-gradient":""},"mobile":{"background-color":"","background-image":"","background-repeat":"repeat","background-position":"center center","background-size":"auto","background-attachment":"scroll","background-type":"","background-media":"","overlay-type":"","overlay-color":"","overlay-opacity":"","overlay-gradient":""}},"ast-content-background-meta":{"desktop":{"background-color":"var(--ast-global-color-5)","background-image":"","background-repeat":"repeat","background-position":"center center","background-size":"auto","background-attachment":"scroll","background-type":"","background-media":"","overlay-type":"","overlay-color":"","overlay-opacity":"","overlay-gradient":""},"tablet":{"background-color":"var(--ast-global-color-5)","background-image":"","background-repeat":"repeat","background-position":"center center","background-size":"auto","background-attachment":"scroll","background-type":"","background-media":"","overlay-type":"","overlay-color":"","overlay-opacity":"","overlay-gradient":""},"mobile":{"background-color":"var(--ast-global-color-5)","background-image":"","background-repeat":"repeat","background-position":"center center","background-size":"auto","background-attachment":"scroll","background-type":"","background-media":"","overlay-type":"","overlay-color":"","overlay-opacity":"","overlay-gradient":""}},"footnotes":""},"class_list":["post-19209","page","type-page","status-publish","hentry"],"yoast_head":"<!-- This site is optimized with the Yoast SEO plugin v27.5 - https:\/\/yoast.com\/product\/yoast-seo-wordpress\/ -->\n<title>V\u00fdskum OVP a VD - \u0160IOV - \u0161t\u00e1tny in\u0161tit\u00fat odborn\u00e9ho vzdel\u00e1vania<\/title>\n<meta name=\"description\" content=\"Dokumenty t\u00fdkaj\u00face sa V\u00fdskumu OVP a VD\" \/>\n<meta name=\"robots\" content=\"index, follow, max-snippet:-1, max-image-preview:large, max-video-preview:-1\" \/>\n<link rel=\"canonical\" href=\"https:\/\/archiv.siov.sk\/en\/vyskum-ovp-a-vd\/\" \/>\n<meta property=\"og:locale\" content=\"en_GB\" \/>\n<meta property=\"og:type\" content=\"article\" \/>\n<meta property=\"og:title\" content=\"V\u00fdskum OVP a VD - \u0160IOV - \u0161t\u00e1tny in\u0161tit\u00fat odborn\u00e9ho vzdel\u00e1vania\" \/>\n<meta property=\"og:description\" content=\"Dokumenty t\u00fdkaj\u00face sa V\u00fdskumu OVP a VD\" \/>\n<meta property=\"og:url\" content=\"https:\/\/archiv.siov.sk\/en\/vyskum-ovp-a-vd\/\" \/>\n<meta property=\"og:site_name\" content=\"\u0160IOV - \u0161t\u00e1tny in\u0161tit\u00fat odborn\u00e9ho vzdel\u00e1vania\" \/>\n<meta property=\"article:publisher\" content=\"https:\/\/www.facebook.com\/Statnyinstitutodbornehovzdelavania\" \/>\n<meta property=\"article:modified_time\" content=\"2025-09-30T10:46:45+00:00\" \/>\n<meta property=\"og:image\" content=\"https:\/\/archiv.siov.sk\/wp-content\/uploads\/2025\/07\/foto-na-stranku.png\" \/>\n<meta name=\"twitter:card\" content=\"summary_large_image\" \/>\n<meta name=\"twitter:label1\" content=\"Estimated reading time\" \/>\n\t<meta name=\"twitter:data1\" content=\"2 minutes\" \/>\n<script type=\"application\/ld+json\" class=\"yoast-schema-graph\">{\"@context\":\"https:\\\/\\\/schema.org\",\"@graph\":[{\"@type\":\"WebPage\",\"@id\":\"https:\\\/\\\/archiv.siov.sk\\\/vyskum-ovp-a-vd\\\/\",\"url\":\"https:\\\/\\\/archiv.siov.sk\\\/vyskum-ovp-a-vd\\\/\",\"name\":\"V\u00fdskum OVP a VD - \u0160IOV - \u0161t\u00e1tny in\u0161tit\u00fat odborn\u00e9ho vzdel\u00e1vania\",\"isPartOf\":{\"@id\":\"https:\\\/\\\/archiv.siov.sk\\\/#website\"},\"primaryImageOfPage\":{\"@id\":\"https:\\\/\\\/archiv.siov.sk\\\/vyskum-ovp-a-vd\\\/#primaryimage\"},\"image\":{\"@id\":\"https:\\\/\\\/archiv.siov.sk\\\/vyskum-ovp-a-vd\\\/#primaryimage\"},\"thumbnailUrl\":\"https:\\\/\\\/archiv.siov.sk\\\/wp-content\\\/uploads\\\/2025\\\/07\\\/foto-na-stranku.png\",\"datePublished\":\"2025-05-28T07:09:06+00:00\",\"dateModified\":\"2025-09-30T10:46:45+00:00\",\"description\":\"Dokumenty t\u00fdkaj\u00face sa V\u00fdskumu OVP a VD\",\"breadcrumb\":{\"@id\":\"https:\\\/\\\/archiv.siov.sk\\\/vyskum-ovp-a-vd\\\/#breadcrumb\"},\"inLanguage\":\"en-GB\",\"potentialAction\":[{\"@type\":\"ReadAction\",\"target\":[\"https:\\\/\\\/archiv.siov.sk\\\/vyskum-ovp-a-vd\\\/\"]}]},{\"@type\":\"ImageObject\",\"inLanguage\":\"en-GB\",\"@id\":\"https:\\\/\\\/archiv.siov.sk\\\/vyskum-ovp-a-vd\\\/#primaryimage\",\"url\":\"https:\\\/\\\/archiv.siov.sk\\\/wp-content\\\/uploads\\\/2025\\\/07\\\/foto-na-stranku.png\",\"contentUrl\":\"https:\\\/\\\/archiv.siov.sk\\\/wp-content\\\/uploads\\\/2025\\\/07\\\/foto-na-stranku.png\"},{\"@type\":\"BreadcrumbList\",\"@id\":\"https:\\\/\\\/archiv.siov.sk\\\/vyskum-ovp-a-vd\\\/#breadcrumb\",\"itemListElement\":[{\"@type\":\"ListItem\",\"position\":1,\"name\":\"Home\",\"item\":\"https:\\\/\\\/archiv.siov.sk\\\/\"},{\"@type\":\"ListItem\",\"position\":2,\"name\":\"V\u00fdskum OVP a VD\"}]},{\"@type\":\"WebSite\",\"@id\":\"https:\\\/\\\/archiv.siov.sk\\\/#website\",\"url\":\"https:\\\/\\\/archiv.siov.sk\\\/\",\"name\":\"\u0160IOV - \u0161t\u00e1tny in\u0161tit\u00fat odborn\u00e9ho vzdel\u00e1vania\",\"description\":\"\",\"publisher\":{\"@id\":\"https:\\\/\\\/archiv.siov.sk\\\/#organization\"},\"potentialAction\":[{\"@type\":\"SearchAction\",\"target\":{\"@type\":\"EntryPoint\",\"urlTemplate\":\"https:\\\/\\\/archiv.siov.sk\\\/?s={search_term_string}\"},\"query-input\":{\"@type\":\"PropertyValueSpecification\",\"valueRequired\":true,\"valueName\":\"search_term_string\"}}],\"inLanguage\":\"en-GB\"},{\"@type\":\"Organization\",\"@id\":\"https:\\\/\\\/archiv.siov.sk\\\/#organization\",\"name\":\"\u0160IOV - \u0161t\u00e1tny in\u0161tit\u00fat odborn\u00e9ho vzdel\u00e1vania\",\"url\":\"https:\\\/\\\/archiv.siov.sk\\\/\",\"logo\":{\"@type\":\"ImageObject\",\"inLanguage\":\"en-GB\",\"@id\":\"https:\\\/\\\/archiv.siov.sk\\\/#\\\/schema\\\/logo\\\/image\\\/\",\"url\":\"https:\\\/\\\/archiv.siov.sk\\\/wp-content\\\/uploads\\\/2024\\\/02\\\/logo-SIOV.png\",\"contentUrl\":\"https:\\\/\\\/archiv.siov.sk\\\/wp-content\\\/uploads\\\/2024\\\/02\\\/logo-SIOV.png\",\"width\":431,\"height\":143,\"caption\":\"\u0160IOV - \u0161t\u00e1tny in\u0161tit\u00fat odborn\u00e9ho vzdel\u00e1vania\"},\"image\":{\"@id\":\"https:\\\/\\\/archiv.siov.sk\\\/#\\\/schema\\\/logo\\\/image\\\/\"},\"sameAs\":[\"https:\\\/\\\/www.facebook.com\\\/Statnyinstitutodbornehovzdelavania\"]}]}<\/script>\n<!-- \/ Yoast SEO plugin. -->","yoast_head_json":{"title":"V\u00fdskum OVP a VD - \u0160IOV - \u0161t\u00e1tny in\u0161tit\u00fat odborn\u00e9ho vzdel\u00e1vania","description":"Dokumenty t\u00fdkaj\u00face sa V\u00fdskumu OVP a VD","robots":{"index":"index","follow":"follow","max-snippet":"max-snippet:-1","max-image-preview":"max-image-preview:large","max-video-preview":"max-video-preview:-1"},"canonical":"https:\/\/archiv.siov.sk\/en\/vyskum-ovp-a-vd\/","og_locale":"en_GB","og_type":"article","og_title":"V\u00fdskum OVP a VD - \u0160IOV - \u0161t\u00e1tny in\u0161tit\u00fat odborn\u00e9ho vzdel\u00e1vania","og_description":"Dokumenty t\u00fdkaj\u00face sa V\u00fdskumu OVP a VD","og_url":"https:\/\/archiv.siov.sk\/en\/vyskum-ovp-a-vd\/","og_site_name":"\u0160IOV - \u0161t\u00e1tny in\u0161tit\u00fat odborn\u00e9ho vzdel\u00e1vania","article_publisher":"https:\/\/www.facebook.com\/Statnyinstitutodbornehovzdelavania","article_modified_time":"2025-09-30T10:46:45+00:00","og_image":[{"url":"https:\/\/archiv.siov.sk\/wp-content\/uploads\/2025\/07\/foto-na-stranku.png","type":"","width":"","height":""}],"twitter_card":"summary_large_image","twitter_misc":{"Estimated reading time":"2 minutes"},"schema":{"@context":"https:\/\/schema.org","@graph":[{"@type":"WebPage","@id":"https:\/\/archiv.siov.sk\/vyskum-ovp-a-vd\/","url":"https:\/\/archiv.siov.sk\/vyskum-ovp-a-vd\/","name":"V\u00fdskum OVP a VD - \u0160IOV - \u0161t\u00e1tny in\u0161tit\u00fat odborn\u00e9ho vzdel\u00e1vania","isPartOf":{"@id":"https:\/\/archiv.siov.sk\/#website"},"primaryImageOfPage":{"@id":"https:\/\/archiv.siov.sk\/vyskum-ovp-a-vd\/#primaryimage"},"image":{"@id":"https:\/\/archiv.siov.sk\/vyskum-ovp-a-vd\/#primaryimage"},"thumbnailUrl":"https:\/\/archiv.siov.sk\/wp-content\/uploads\/2025\/07\/foto-na-stranku.png","datePublished":"2025-05-28T07:09:06+00:00","dateModified":"2025-09-30T10:46:45+00:00","description":"Dokumenty t\u00fdkaj\u00face sa V\u00fdskumu OVP a VD","breadcrumb":{"@id":"https:\/\/archiv.siov.sk\/vyskum-ovp-a-vd\/#breadcrumb"},"inLanguage":"en-GB","potentialAction":[{"@type":"ReadAction","target":["https:\/\/archiv.siov.sk\/vyskum-ovp-a-vd\/"]}]},{"@type":"ImageObject","inLanguage":"en-GB","@id":"https:\/\/archiv.siov.sk\/vyskum-ovp-a-vd\/#primaryimage","url":"https:\/\/archiv.siov.sk\/wp-content\/uploads\/2025\/07\/foto-na-stranku.png","contentUrl":"https:\/\/archiv.siov.sk\/wp-content\/uploads\/2025\/07\/foto-na-stranku.png"},{"@type":"BreadcrumbList","@id":"https:\/\/archiv.siov.sk\/vyskum-ovp-a-vd\/#breadcrumb","itemListElement":[{"@type":"ListItem","position":1,"name":"Home","item":"https:\/\/archiv.siov.sk\/"},{"@type":"ListItem","position":2,"name":"V\u00fdskum OVP a VD"}]},{"@type":"WebSite","@id":"https:\/\/archiv.siov.sk\/#website","url":"https:\/\/archiv.siov.sk\/","name":"\u0160IOV - \u0161t\u00e1tny in\u0161tit\u00fat odborn\u00e9ho vzdel\u00e1vania","description":"","publisher":{"@id":"https:\/\/archiv.siov.sk\/#organization"},"potentialAction":[{"@type":"SearchAction","target":{"@type":"EntryPoint","urlTemplate":"https:\/\/archiv.siov.sk\/?s={search_term_string}"},"query-input":{"@type":"PropertyValueSpecification","valueRequired":true,"valueName":"search_term_string"}}],"inLanguage":"en-GB"},{"@type":"Organization","@id":"https:\/\/archiv.siov.sk\/#organization","name":"\u0160IOV - \u0161t\u00e1tny in\u0161tit\u00fat odborn\u00e9ho vzdel\u00e1vania","url":"https:\/\/archiv.siov.sk\/","logo":{"@type":"ImageObject","inLanguage":"en-GB","@id":"https:\/\/archiv.siov.sk\/#\/schema\/logo\/image\/","url":"https:\/\/archiv.siov.sk\/wp-content\/uploads\/2024\/02\/logo-SIOV.png","contentUrl":"https:\/\/archiv.siov.sk\/wp-content\/uploads\/2024\/02\/logo-SIOV.png","width":431,"height":143,"caption":"\u0160IOV - \u0161t\u00e1tny in\u0161tit\u00fat odborn\u00e9ho vzdel\u00e1vania"},"image":{"@id":"https:\/\/archiv.siov.sk\/#\/schema\/logo\/image\/"},"sameAs":["https:\/\/www.facebook.com\/Statnyinstitutodbornehovzdelavania"]}]}},"_links":{"self":[{"href":"https:\/\/archiv.siov.sk\/en\/wp-json\/wp\/v2\/pages\/19209","targetHints":{"allow":["GET"]}}],"collection":[{"href":"https:\/\/archiv.siov.sk\/en\/wp-json\/wp\/v2\/pages"}],"about":[{"href":"https:\/\/archiv.siov.sk\/en\/wp-json\/wp\/v2\/types\/page"}],"author":[{"embeddable":true,"href":"https:\/\/archiv.siov.sk\/en\/wp-json\/wp\/v2\/users\/4"}],"replies":[{"embeddable":true,"href":"https:\/\/archiv.siov.sk\/en\/wp-json\/wp\/v2\/comments?post=19209"}],"version-history":[{"count":49,"href":"https:\/\/archiv.siov.sk\/en\/wp-json\/wp\/v2\/pages\/19209\/revisions"}],"predecessor-version":[{"id":21394,"href":"https:\/\/archiv.siov.sk\/en\/wp-json\/wp\/v2\/pages\/19209\/revisions\/21394"}],"wp:attachment":[{"href":"https:\/\/archiv.siov.sk\/en\/wp-json\/wp\/v2\/media?parent=19209"}],"curies":[{"name":"wp","href":"https:\/\/api.w.org\/{rel}","templated":true}]}}