{"id":18685,"date":"2025-05-05T15:19:05","date_gmt":"2025-05-05T13:19:05","guid":{"rendered":"https:\/\/archiv.siov.sk\/?page_id=18685"},"modified":"2025-05-05T15:29:23","modified_gmt":"2025-05-05T13:29:23","slug":"inovacne-vzdelavanie","status":"publish","type":"page","link":"https:\/\/archiv.siov.sk\/en\/vzdelavanie\/vzdelavacie-podujatia\/profesijny-rozvoj-pz-a-oz\/inovacne-vzdelavanie\/","title":{"rendered":"INOVA\u010cN\u00c9 VZDEL\u00c1VANIE"},"content":{"rendered":"<div data-elementor-type=\"wp-page\" data-elementor-id=\"18685\" class=\"elementor elementor-18685\" data-elementor-post-type=\"page\">\n\t\t\t\t<div class=\"elementor-element elementor-element-67031e4f e-flex e-con-boxed e-con e-parent\" data-id=\"67031e4f\" data-element_type=\"container\" data-e-type=\"container\">\n\t\t\t\t\t<div class=\"e-con-inner\">\n\t\t<div class=\"elementor-element elementor-element-a2b769c e-con-full e-flex e-con e-child\" data-id=\"a2b769c\" data-element_type=\"container\" data-e-type=\"container\">\n\t\t\t\t<\/div>\n\t\t\t\t<div class=\"elementor-element elementor-element-4ddfb55 elementor-widget-divider--view-line elementor-widget elementor-widget-divider\" data-id=\"4ddfb55\" data-element_type=\"widget\" data-e-type=\"widget\" data-widget_type=\"divider.default\">\n\t\t\t\t<div class=\"elementor-widget-container\">\n\t\t\t\t\t\t\t<div class=\"elementor-divider\">\n\t\t\t<span class=\"elementor-divider-separator\">\n\t\t\t\t\t\t<\/span>\n\t\t<\/div>\n\t\t\t\t\t\t<\/div>\n\t\t\t\t<\/div>\n\t\t<div class=\"elementor-element elementor-element-9040cd6 e-con-full e-flex e-con e-child\" data-id=\"9040cd6\" data-element_type=\"container\" data-e-type=\"container\">\n\t\t\t\t<div class=\"elementor-element elementor-element-49c5fbd elementor-widget elementor-widget-heading\" data-id=\"49c5fbd\" data-element_type=\"widget\" data-e-type=\"widget\" data-widget_type=\"heading.default\">\n\t\t\t\t<div class=\"elementor-widget-container\">\n\t\t\t\t\t<h2 class=\"elementor-heading-title elementor-size-default\">Inova\u010dn\u00e9 vzdel\u00e1vanie<\/h2>\t\t\t\t<\/div>\n\t\t\t\t<\/div>\n\t\t\t\t<\/div>\n\t\t\t\t<div class=\"elementor-element elementor-element-6c22477d elementor-widget elementor-widget-text-editor\" data-id=\"6c22477d\" data-element_type=\"widget\" data-e-type=\"widget\" data-widget_type=\"text-editor.default\">\n\t\t\t\t<div class=\"elementor-widget-container\">\n\t\t\t\t\t\t\t\t\t<p><strong><em>Rozvoj kult\u00fary kvality v\u00a0\u0161kole<\/em><\/strong><\/p><p>Vzdel\u00e1vanie je organizovan\u00e9 ako program inova\u010dn\u00e9ho vzdel\u00e1vania v zmysle z\u00e1kona \u010d. 138\/2019 Z. z. o pedagogick\u00fdch zamestnancoch a odborn\u00fdch zamestnancoch.<\/p><p><strong>Cie\u013e vzdel\u00e1vacieho programu:<\/strong> rozv\u00edja\u0165, prehlbova\u0165, zdokona\u013eova\u0165, roz\u0161irova\u0165 a vyu\u017e\u00edva\u0165 profesijn\u00e9 kompetencie pedagogick\u00fdch zamestnancov a odborn\u00fdch zamestnancov stredn\u00fdch odborn\u00fdch \u0161k\u00f4l v oblasti zabezpe\u010dovania kvality odborn\u00e9ho vzdel\u00e1vania a pr\u00edpravy (OVP).<\/p><p><strong>Pre koho je vzdel\u00e1vanie ur\u010den\u00e9?\u202f<\/strong><br \/>Education\u00a0<strong>Rozvoj kult\u00fary kvality v \u0161kole\u00a0<\/strong>je ur\u010den\u00fd pre tieto kateg\u00f3rie pedagogick\u00fdch a\u00a0odborn\u00fdch zamestnancov stredn\u00fdch odborn\u00fdch \u0161k\u00f4l:<\/p><ul><li>u\u010dite\u013e strednej \u0161koly &#8211; u\u010dite\u013e pre ni\u017e\u0161ie stredn\u00e9 odborn\u00e9 vzdel\u00e1vanie, stredn\u00e9 odborn\u00e9 vzdel\u00e1vanie, \u00fapln\u00e9 stredn\u00e9 odborn\u00e9 vzdel\u00e1vanie a u\u010dite\u013e pre vy\u0161\u0161ie odborn\u00e9 vzdel\u00e1vanie,<\/li><li>majster odbornej v\u00fdchovy,<\/li><li>pedagogick\u00fd asistent,<\/li><li>\u0161kolsk\u00fd digit\u00e1lny koordin\u00e1tor,<\/li><li>u\u010dite\u013e profesijn\u00e9ho rozvoja,<\/li><li>\u0161kolsk\u00fd psychol\u00f3g,<\/li><li>\u0161peci\u00e1lny pedag\u00f3g,<\/li><li>kari\u00e9rov\u00fd poradca.<\/li><\/ul><p><strong>Obsah vzdel\u00e1vania<br \/><\/strong>\u00da\u010dastn\u00edci sa po\u010das vzdel\u00e1vania obozn\u00e1mia s\u00a0t\u00fdmito t\u00e9mami:<\/p><ul><li><strong>Teoretick\u00e9 v\u00fdchodisk\u00e1 zabezpe\u010dovania kvality &#8211; <\/strong>princ\u00edpy, z\u00e1sady, zabezpe\u010dovanie kvality v strategick\u00fdch a politick\u00fdch dokumentoch SR a\u00a0E\u00da.<\/li><li><strong>Kult\u00fara kvality<\/strong><\/li><\/ul><ul><li style=\"list-style-type: none;\"><ul><li>N\u00e1stroje zabezpe\u010dovania kvality \u2013 aktivity zameran\u00e9 na pochopenie cyklu kvality a jednotliv\u00e9 f\u00e1zy vz\u00e1jomn\u00e9ho hodnotenia.<\/li><li>Anal\u00fdza s\u00fa\u010dasn\u00e9ho stavu \u0161koly \u2013 aktivity zameran\u00e1 na pochopenie d\u00f4le\u017eitosti jasn\u00e9ho a \u00faprimn\u00e9ho pomenovania s\u00fa\u010dasn\u00e9ho stavu organiz\u00e1cie, ktor\u00e9 je ur\u010duj\u00face pre definovanie aktu\u00e1lne najp\u00e1l\u010divej\u0161\u00edch oblast\u00ed kvality, na ktor\u00e9 je potrebn\u00e9 zamera\u0165 sa v sebahodnotiacej spr\u00e1ve.<\/li><li>T\u00edm kvality v\u00a0\u0161kole \u2013 rola koordin\u00e1tora kvality v\u00a0\u0161kole, \u00faloha mana\u017ementu<\/li><\/ul><\/li><\/ul><ul><li><strong>N\u00e1stroje zabezpe\u010dovania kvality<\/strong><\/li><\/ul><ul><li style=\"list-style-type: none;\"><ul><li>Sebahodnotiaca spr\u00e1va &#8211; aktivity zameran\u00e9 na detailn\u00e9 pochopenie jednotliv\u00fdch \u010dast\u00ed sebahodnotiacej spr\u00e1vy. Ako aj kooper\u00e1ciu pracovn\u00fdch \u010dinnost\u00ed v t\u00edme, \u010dasov\u00fd mana\u017ement, z\u00edskavanie inform\u00e1ci\u00ed a formu p\u00edsania \u2013 fakticky a pravdivo<\/li><li>Rola hodnotite\u013ea &#8211; rotuj\u00faca rola koordin\u00e1tora hodnotite\u013eov v\u00a0r\u00e1mci t\u00edmu hodnotite\u013eov, kompetencie, zodpovednosti a\u00a0\u00falohy hodnotite\u013eov, pravidl\u00e1 procesu PR<\/li><li>Anal\u00fdza sebahodnotiacej spr\u00e1vy &#8211; dopl\u0148uj\u00face inform\u00e1cie, met\u00f3dy hodnotenia, akt\u00e9ri, pl\u00e1novanie a\u00a0program hodnotiacej n\u00e1v\u0161tevy z roly hodnotite\u013esk\u00e9ho t\u00edmu<\/li><li>Tvorba ot\u00e1zok \u2013 typol\u00f3gia ot\u00e1zok, pravidl\u00e1 kladenia ot\u00e1zok, pr\u00edpadov\u00e9 \u0161t\u00fadie na pr\u00e1cu s ot\u00e1zkami<\/li><li>Hodnotiaca n\u00e1v\u0161teva \u2013 pr\u00edprava a\u00a0realiz\u00e1cia hodnotiacej n\u00e1v\u0161tevy v\u00a0role koordin\u00e1tora kvality (komunik\u00e1cia s\u00a0t\u00edmom hodnotite\u013eov, dopl\u0148uj\u00face ot\u00e1zky, pr\u00edprava priestorov a\u00a0akt\u00e9rov hodnotiacej n\u00e1v\u0161tevy a\u00a0pod.)<\/li><li>Spr\u00e1va zo vz\u00e1jomn\u00e9ho hodnotenia \u2013 vypracovan\u00e1 formou odpor\u00fa\u010dan\u00ed v\u00a0role kritick\u00e9ho priate\u013ea, \u010dasov\u00e1 dot\u00e1cia a\u00a0pod.<\/li><li>Ak\u010dn\u00fd pl\u00e1n zlep\u0161ovania \u2013 vytvoren\u00fd na z\u00e1klade odpor\u00fa\u010dan\u00ed zo spr\u00e1vy zo vz\u00e1jomn\u00e9ho hodnotenia (strategick\u00e9 pl\u00e1novanie, SMART ciele, zodpovedn\u00e9 osoby, \u010dasov\u00fd harmonogram a\u00a0pod.)<\/li><\/ul><\/li><\/ul><ul><li><strong>Spolupr\u00e1ca v\u00a0t\u00edme kvality <\/strong>\u00a0\u2013 motiv\u00e1cia kolegov, komunik\u00e1cia so zainteresovan\u00fdmi stranami, pravidl\u00e1 poskytovania a\u00a0prij\u00edmania sp\u00e4tnej v\u00e4zby, akt\u00edvne po\u010d\u00favanie<\/li><\/ul><p>Formou odborn\u00fdch a z\u00e1rove\u0148 inovat\u00edvnych sebapodporn\u00fdch aktiv\u00edt bud\u00fa ma\u0165 \u00fa\u010dastn\u00edci pr\u00edle\u017eitos\u0165 rozvin\u00fa\u0165 si profesijn\u00e9 kompetencie v horeuveden\u00fdch oblastiach. Absolventi vzdel\u00e1vania\u00a0 z\u00edskaj\u00fa inform\u00e1cie ako vypracova\u0165:<\/p><ul><li>sebahodnotiacu spr\u00e1vu, ktorej s\u00fa\u010das\u0165ou je aj anal\u00fdza s\u00fa\u010dasn\u00e9ho stavu \u0161koly,<\/li><li>anal\u00fdzu sebahodnotiacej spr\u00e1vy v\u00a0role hodnotite\u013ea, na z\u00e1klade ktorej sa pripravia program a\u00a0ot\u00e1zky pre hodnotiacu n\u00e1v\u0161tevu,<\/li><li>spr\u00e1vu zo vz\u00e1jomn\u00e9ho hodnotenia formou odpor\u00fa\u010dan\u00ed v\u00a0role kritick\u00e9ho priate\u013ea,<\/li><li>ak\u010dn\u00fd pl\u00e1n zlep\u0161ovania, na z\u00e1klade odpor\u00fa\u010dan\u00ed zo spr\u00e1vy zo vz\u00e1jomn\u00e9ho hodnotenia.<\/li><\/ul><p>Pr\u00e1ca na vy\u0161\u0161ie spom\u00ednan\u00fdch dokumentoch je s\u00fa\u010das\u0165ou di\u0161tan\u010dn\u00fdch \u00faloh.<\/p><p><strong>\u00a0<\/strong><strong>Absolventi vzdel\u00e1vania m\u00f4\u017eu z\u00edska\u0165<\/strong><\/p><ul><li><strong>osved\u010denie o absolvovan\u00ed\u202f<\/strong>akreditovan\u00e9ho inova\u010dn\u00e9ho vzdel\u00e1vania<\/li><li><strong>pr\u00edplatok za profesijn\u00fd rozvoj<\/strong>\u202fpedagogick\u00e9ho zamestnanca a odborn\u00e9ho zamestnanca pod\u013ea \u00a7 14e Z\u00e1kona 553\/2003 Z. z. (ak je toto vzdel\u00e1vanie v s\u00falade s pl\u00e1nom profesijn\u00e9ho rozvoja)<\/li><li><strong>sie\u0165 odborn\u00fdch kontaktov\u202f<\/strong><\/li><li><strong>in\u0161pir\u00e1cie a\u202fosved\u010den\u00fa prax\u00a0<\/strong>pri zabezpe\u010dovan\u00ed kvality v OVP<\/li><li><strong>podporn\u00e9 materi\u00e1ly a postupy pri zabezpe\u010dovan\u00ed a\u00a0zvy\u0161ovan\u00ed kvality v\u00a0OVP.\u00a0<\/strong><\/li><\/ul><p><strong>Priebeh vzdel\u00e1vania<\/strong><\/p><p>Vzdel\u00e1vanie prebieha kombinovanou formou. Celkov\u00fd\u202frozsah vzdel\u00e1vania je 58 hod\u00edn <strong>\u202f<\/strong>Po\u010das celej doby vzdel\u00e1vania bud\u00fa ma\u0165\u202f\u00fa\u010dastn\u00edci mo\u017enos\u0165 konzult\u00e1ci\u00ed oh\u013eadom preberan\u00fdch t\u00e9m. Online vzdel\u00e1vanie a\u00a0konzult\u00e1cie prebiehaj\u00fa prostredn\u00edctvom platformy MS Teams.<\/p><p><strong>Program vzdel\u00e1vania pozost\u00e1va z:\u00a0 <\/strong><\/p><ul><li>\u0161tyroch prezen\u010dn\u00fdch \u0161koliacich dn\u00ed v trvan\u00ed 8 hod\u00edn (spolu 32 hod\u00edn),<\/li><li>online stretnutia v trvan\u00ed 2 hodiny<\/li><li>di\u0161tan\u010dn\u00e9ho vzdel\u00e1vania vo forme samo\u0161t\u00fadia, vypracovania \u00faloh a\u00a0pr\u00edpravy na vzdel\u00e1vacie dni v r\u00e1mci aplikovania z\u00edskan\u00fdch zru\u010dnost\u00ed, pr\u00edprava na sk\u00fa\u0161ku ( 24 hod\u00edn)<\/li><\/ul><p><strong>Sk\u00fa\u0161ka <\/strong><\/p><p>Inova\u010dn\u00e9 vzdel\u00e1vanie sa ukon\u010duje z\u00e1vere\u010dnou prezent\u00e1ciou pred troj\u010dlennou komisiou menovanou \u0161tatut\u00e1rom \u0160IOV. \u00da\u010dastn\u00edci pripravia prezent\u00e1ciu pod\u013ea ur\u010den\u00e9ho zadania poskytnut\u00e9ho \u00fa\u010dastn\u00edkom na konci vzdel\u00e1vacieho kurzu a\u00a0za\u0161l\u00fa min. 5 pracovn\u00fdch dn\u00ed pred d\u00e1tumom sk\u00fa\u0161ky vopred organiz\u00e1torovi \u0161kolenia na emailov\u00fa adresu <a href=\"mailto:npkvalita@siov.sk\">npkvalita@siov.sk<\/a>, ktor\u00fa predstav\u00ed v\u00a0min. 10 min\u00fatovej prezent\u00e1cii pred sk\u00fa\u0161obnou komisiou. Sk\u00fa\u0161ky sa m\u00f4\u017ee z\u00fa\u010dastni\u0165 \u00fa\u010dastn\u00edci, ktor\u00fd absolvovali min. 75% z\u00a0celkovej dot\u00e1cie prezen\u010dn\u00e9ho a\u00a0online vzdel\u00e1vania (t, j. 25,5 hod.) 10 min\/\u00fa\u010dastn\u00edk<\/p><p>Education\u00a0<strong>Rozvoj kult\u00fary kvality v \u0161kole\u00a0<\/strong>je s\u00fa\u010das\u0165ou aktivity\u202f<em>n\u00e1rodn\u00e9ho projektu \u201eZavedenie mana\u017e\u00e9rstva kvality v\u00a0OVP a\u00a0vzdel\u00e1vania dospel\u00fdch\u201c (\u010falej \u201eNP Kvalita\u201c)\u202f<\/em>realizovan\u00e9ho \u0160t\u00e1tnym\u00a0 in\u0161tit\u00fatom odborn\u00e9ho vzdel\u00e1vania a pr\u00edpravy.\u202f\u202f<strong>Projekt je spolufinancovan\u00fd Eur\u00f3pskou \u00faniou v r\u00e1mci Programu Slovensko.<\/strong><\/p><p><strong>PRIHLASOVANIE NA KURZ<\/strong><\/p><p><strong>Term\u00edny realiz\u00e1cie: <\/strong><\/p><p><u>Prihl\u00e1\u0161ka <\/u><\/p>\t\t\t\t\t\t\t\t<\/div>\n\t\t\t\t<\/div>\n\t\t\t\t\t<\/div>\n\t\t\t\t<\/div>\n\t\t\t\t<\/div>","protected":false},"excerpt":{"rendered":"<p>Inova\u010dn\u00e9 vzdel\u00e1vanie Rozvoj kult\u00fary kvality v\u00a0\u0161kole Vzdel\u00e1vanie je organizovan\u00e9 ako program inova\u010dn\u00e9ho vzdel\u00e1vania v zmysle z\u00e1kona \u010d. 138\/2019 Z. z. o pedagogick\u00fdch zamestnancoch a odborn\u00fdch zamestnancoch. Cie\u013e vzdel\u00e1vacieho programu: rozv\u00edja\u0165, prehlbova\u0165, zdokona\u013eova\u0165, roz\u0161irova\u0165 a vyu\u017e\u00edva\u0165 profesijn\u00e9 kompetencie pedagogick\u00fdch zamestnancov a odborn\u00fdch zamestnancov stredn\u00fdch odborn\u00fdch \u0161k\u00f4l v oblasti zabezpe\u010dovania kvality odborn\u00e9ho vzdel\u00e1vania a pr\u00edpravy (OVP). Pre [&hellip;]<\/p>\n","protected":false},"author":11,"featured_media":0,"parent":1353,"menu_order":0,"comment_status":"closed","ping_status":"closed","template":"","meta":{"site-sidebar-layout":"default","site-content-layout":"","ast-site-content-layout":"default","site-content-style":"default","site-sidebar-style":"default","ast-global-header-display":"","ast-banner-title-visibility":"","ast-main-header-display":"","ast-hfb-above-header-display":"","ast-hfb-below-header-display":"","ast-hfb-mobile-header-display":"","site-post-title":"disabled","ast-breadcrumbs-content":"","ast-featured-img":"","footer-sml-layout":"","ast-disable-related-posts":"","theme-transparent-header-meta":"default","adv-header-id-meta":"","stick-header-meta":"default","header-above-stick-meta":"","header-main-stick-meta":"","header-below-stick-meta":"","astra-migrate-meta-layouts":"set","ast-page-background-enabled":"default","ast-page-background-meta":{"desktop":{"background-color":"var(--ast-global-color-4)","background-image":"","background-repeat":"repeat","background-position":"center center","background-size":"auto","background-attachment":"scroll","background-type":"","background-media":"","overlay-type":"","overlay-color":"","overlay-opacity":"","overlay-gradient":""},"tablet":{"background-color":"","background-image":"","background-repeat":"repeat","background-position":"center center","background-size":"auto","background-attachment":"scroll","background-type":"","background-media":"","overlay-type":"","overlay-color":"","overlay-opacity":"","overlay-gradient":""},"mobile":{"background-color":"","background-image":"","background-repeat":"repeat","background-position":"center center","background-size":"auto","background-attachment":"scroll","background-type":"","background-media":"","overlay-type":"","overlay-color":"","overlay-opacity":"","overlay-gradient":""}},"ast-content-background-meta":{"desktop":{"background-color":"var(--ast-global-color-5)","background-image":"","background-repeat":"repeat","background-position":"center center","background-size":"auto","background-attachment":"scroll","background-type":"","background-media":"","overlay-type":"","overlay-color":"","overlay-opacity":"","overlay-gradient":""},"tablet":{"background-color":"var(--ast-global-color-5)","background-image":"","background-repeat":"repeat","background-position":"center center","background-size":"auto","background-attachment":"scroll","background-type":"","background-media":"","overlay-type":"","overlay-color":"","overlay-opacity":"","overlay-gradient":""},"mobile":{"background-color":"var(--ast-global-color-5)","background-image":"","background-repeat":"repeat","background-position":"center center","background-size":"auto","background-attachment":"scroll","background-type":"","background-media":"","overlay-type":"","overlay-color":"","overlay-opacity":"","overlay-gradient":""}},"footnotes":""},"class_list":["post-18685","page","type-page","status-publish","hentry"],"yoast_head":"<!-- This site is optimized with the Yoast SEO plugin v27.4 - https:\/\/yoast.com\/product\/yoast-seo-wordpress\/ -->\n<title>INOVA\u010cN\u00c9 VZDEL\u00c1VANIE - \u0160IOV - \u0161t\u00e1tny in\u0161tit\u00fat odborn\u00e9ho vzdel\u00e1vania<\/title>\n<meta name=\"robots\" content=\"index, follow, max-snippet:-1, max-image-preview:large, max-video-preview:-1\" \/>\n<link rel=\"canonical\" href=\"https:\/\/archiv.siov.sk\/en\/vzdelavanie\/vzdelavacie-podujatia\/profesijny-rozvoj-pz-a-oz\/inovacne-vzdelavanie\/\" \/>\n<meta property=\"og:locale\" content=\"en_GB\" \/>\n<meta property=\"og:type\" content=\"article\" \/>\n<meta property=\"og:title\" content=\"INOVA\u010cN\u00c9 VZDEL\u00c1VANIE - \u0160IOV - \u0161t\u00e1tny in\u0161tit\u00fat odborn\u00e9ho vzdel\u00e1vania\" \/>\n<meta property=\"og:description\" content=\"Inova\u010dn\u00e9 vzdel\u00e1vanie Rozvoj kult\u00fary kvality v\u00a0\u0161kole Vzdel\u00e1vanie je organizovan\u00e9 ako program inova\u010dn\u00e9ho vzdel\u00e1vania v zmysle z\u00e1kona \u010d. 138\/2019 Z. z. o pedagogick\u00fdch zamestnancoch a odborn\u00fdch zamestnancoch. Cie\u013e vzdel\u00e1vacieho programu: rozv\u00edja\u0165, prehlbova\u0165, zdokona\u013eova\u0165, roz\u0161irova\u0165 a vyu\u017e\u00edva\u0165 profesijn\u00e9 kompetencie pedagogick\u00fdch zamestnancov a odborn\u00fdch zamestnancov stredn\u00fdch odborn\u00fdch \u0161k\u00f4l v oblasti zabezpe\u010dovania kvality odborn\u00e9ho vzdel\u00e1vania a pr\u00edpravy (OVP). Pre [&hellip;]\" \/>\n<meta property=\"og:url\" content=\"https:\/\/archiv.siov.sk\/en\/vzdelavanie\/vzdelavacie-podujatia\/profesijny-rozvoj-pz-a-oz\/inovacne-vzdelavanie\/\" \/>\n<meta property=\"og:site_name\" content=\"\u0160IOV - \u0161t\u00e1tny in\u0161tit\u00fat odborn\u00e9ho vzdel\u00e1vania\" \/>\n<meta property=\"article:publisher\" content=\"https:\/\/www.facebook.com\/Statnyinstitutodbornehovzdelavania\" \/>\n<meta property=\"article:modified_time\" content=\"2025-05-05T13:29:23+00:00\" \/>\n<meta name=\"twitter:card\" content=\"summary_large_image\" \/>\n<meta name=\"twitter:label1\" content=\"Estimated reading time\" \/>\n\t<meta name=\"twitter:data1\" content=\"4 minutes\" \/>\n<script type=\"application\/ld+json\" class=\"yoast-schema-graph\">{\"@context\":\"https:\\\/\\\/schema.org\",\"@graph\":[{\"@type\":\"WebPage\",\"@id\":\"https:\\\/\\\/archiv.siov.sk\\\/vzdelavanie\\\/vzdelavacie-podujatia\\\/profesijny-rozvoj-pz-a-oz\\\/inovacne-vzdelavanie\\\/\",\"url\":\"https:\\\/\\\/archiv.siov.sk\\\/vzdelavanie\\\/vzdelavacie-podujatia\\\/profesijny-rozvoj-pz-a-oz\\\/inovacne-vzdelavanie\\\/\",\"name\":\"INOVA\u010cN\u00c9 VZDEL\u00c1VANIE - \u0160IOV - \u0161t\u00e1tny in\u0161tit\u00fat odborn\u00e9ho vzdel\u00e1vania\",\"isPartOf\":{\"@id\":\"https:\\\/\\\/archiv.siov.sk\\\/#website\"},\"datePublished\":\"2025-05-05T13:19:05+00:00\",\"dateModified\":\"2025-05-05T13:29:23+00:00\",\"breadcrumb\":{\"@id\":\"https:\\\/\\\/archiv.siov.sk\\\/vzdelavanie\\\/vzdelavacie-podujatia\\\/profesijny-rozvoj-pz-a-oz\\\/inovacne-vzdelavanie\\\/#breadcrumb\"},\"inLanguage\":\"en-GB\",\"potentialAction\":[{\"@type\":\"ReadAction\",\"target\":[\"https:\\\/\\\/archiv.siov.sk\\\/vzdelavanie\\\/vzdelavacie-podujatia\\\/profesijny-rozvoj-pz-a-oz\\\/inovacne-vzdelavanie\\\/\"]}]},{\"@type\":\"BreadcrumbList\",\"@id\":\"https:\\\/\\\/archiv.siov.sk\\\/vzdelavanie\\\/vzdelavacie-podujatia\\\/profesijny-rozvoj-pz-a-oz\\\/inovacne-vzdelavanie\\\/#breadcrumb\",\"itemListElement\":[{\"@type\":\"ListItem\",\"position\":1,\"name\":\"Home\",\"item\":\"https:\\\/\\\/archiv.siov.sk\\\/\"},{\"@type\":\"ListItem\",\"position\":2,\"name\":\"Vzdel\u00e1vanie\",\"item\":\"https:\\\/\\\/archiv.siov.sk\\\/vzdelavanie\\\/\"},{\"@type\":\"ListItem\",\"position\":3,\"name\":\"Vzdel\u00e1vacie podujatia\",\"item\":\"https:\\\/\\\/archiv.siov.sk\\\/vzdelavanie\\\/vzdelavacie-podujatia\\\/\"},{\"@type\":\"ListItem\",\"position\":4,\"name\":\"Profesijn\u00fd rozvoj PZ a OZ\",\"item\":\"https:\\\/\\\/archiv.siov.sk\\\/vzdelavanie\\\/vzdelavacie-podujatia\\\/profesijny-rozvoj-pz-a-oz\\\/\"},{\"@type\":\"ListItem\",\"position\":5,\"name\":\"INOVA\u010cN\u00c9 VZDEL\u00c1VANIE\"}]},{\"@type\":\"WebSite\",\"@id\":\"https:\\\/\\\/archiv.siov.sk\\\/#website\",\"url\":\"https:\\\/\\\/archiv.siov.sk\\\/\",\"name\":\"\u0160IOV - \u0161t\u00e1tny in\u0161tit\u00fat odborn\u00e9ho vzdel\u00e1vania\",\"description\":\"\",\"publisher\":{\"@id\":\"https:\\\/\\\/archiv.siov.sk\\\/#organization\"},\"potentialAction\":[{\"@type\":\"SearchAction\",\"target\":{\"@type\":\"EntryPoint\",\"urlTemplate\":\"https:\\\/\\\/archiv.siov.sk\\\/?s={search_term_string}\"},\"query-input\":{\"@type\":\"PropertyValueSpecification\",\"valueRequired\":true,\"valueName\":\"search_term_string\"}}],\"inLanguage\":\"en-GB\"},{\"@type\":\"Organization\",\"@id\":\"https:\\\/\\\/archiv.siov.sk\\\/#organization\",\"name\":\"\u0160IOV - \u0161t\u00e1tny in\u0161tit\u00fat odborn\u00e9ho vzdel\u00e1vania\",\"url\":\"https:\\\/\\\/archiv.siov.sk\\\/\",\"logo\":{\"@type\":\"ImageObject\",\"inLanguage\":\"en-GB\",\"@id\":\"https:\\\/\\\/archiv.siov.sk\\\/#\\\/schema\\\/logo\\\/image\\\/\",\"url\":\"https:\\\/\\\/archiv.siov.sk\\\/wp-content\\\/uploads\\\/2024\\\/02\\\/logo-SIOV.png\",\"contentUrl\":\"https:\\\/\\\/archiv.siov.sk\\\/wp-content\\\/uploads\\\/2024\\\/02\\\/logo-SIOV.png\",\"width\":431,\"height\":143,\"caption\":\"\u0160IOV - \u0161t\u00e1tny in\u0161tit\u00fat odborn\u00e9ho vzdel\u00e1vania\"},\"image\":{\"@id\":\"https:\\\/\\\/archiv.siov.sk\\\/#\\\/schema\\\/logo\\\/image\\\/\"},\"sameAs\":[\"https:\\\/\\\/www.facebook.com\\\/Statnyinstitutodbornehovzdelavania\"]}]}<\/script>\n<!-- \/ Yoast SEO plugin. -->","yoast_head_json":{"title":"INOVA\u010cN\u00c9 VZDEL\u00c1VANIE - \u0160IOV - \u0161t\u00e1tny in\u0161tit\u00fat odborn\u00e9ho vzdel\u00e1vania","robots":{"index":"index","follow":"follow","max-snippet":"max-snippet:-1","max-image-preview":"max-image-preview:large","max-video-preview":"max-video-preview:-1"},"canonical":"https:\/\/archiv.siov.sk\/en\/vzdelavanie\/vzdelavacie-podujatia\/profesijny-rozvoj-pz-a-oz\/inovacne-vzdelavanie\/","og_locale":"en_GB","og_type":"article","og_title":"INOVA\u010cN\u00c9 VZDEL\u00c1VANIE - \u0160IOV - \u0161t\u00e1tny in\u0161tit\u00fat odborn\u00e9ho vzdel\u00e1vania","og_description":"Inova\u010dn\u00e9 vzdel\u00e1vanie Rozvoj kult\u00fary kvality v\u00a0\u0161kole Vzdel\u00e1vanie je organizovan\u00e9 ako program inova\u010dn\u00e9ho vzdel\u00e1vania v zmysle z\u00e1kona \u010d. 138\/2019 Z. z. o pedagogick\u00fdch zamestnancoch a odborn\u00fdch zamestnancoch. Cie\u013e vzdel\u00e1vacieho programu: rozv\u00edja\u0165, prehlbova\u0165, zdokona\u013eova\u0165, roz\u0161irova\u0165 a vyu\u017e\u00edva\u0165 profesijn\u00e9 kompetencie pedagogick\u00fdch zamestnancov a odborn\u00fdch zamestnancov stredn\u00fdch odborn\u00fdch \u0161k\u00f4l v oblasti zabezpe\u010dovania kvality odborn\u00e9ho vzdel\u00e1vania a pr\u00edpravy (OVP). Pre [&hellip;]","og_url":"https:\/\/archiv.siov.sk\/en\/vzdelavanie\/vzdelavacie-podujatia\/profesijny-rozvoj-pz-a-oz\/inovacne-vzdelavanie\/","og_site_name":"\u0160IOV - \u0161t\u00e1tny in\u0161tit\u00fat odborn\u00e9ho vzdel\u00e1vania","article_publisher":"https:\/\/www.facebook.com\/Statnyinstitutodbornehovzdelavania","article_modified_time":"2025-05-05T13:29:23+00:00","twitter_card":"summary_large_image","twitter_misc":{"Estimated reading time":"4 minutes"},"schema":{"@context":"https:\/\/schema.org","@graph":[{"@type":"WebPage","@id":"https:\/\/archiv.siov.sk\/vzdelavanie\/vzdelavacie-podujatia\/profesijny-rozvoj-pz-a-oz\/inovacne-vzdelavanie\/","url":"https:\/\/archiv.siov.sk\/vzdelavanie\/vzdelavacie-podujatia\/profesijny-rozvoj-pz-a-oz\/inovacne-vzdelavanie\/","name":"INOVA\u010cN\u00c9 VZDEL\u00c1VANIE - \u0160IOV - \u0161t\u00e1tny in\u0161tit\u00fat odborn\u00e9ho vzdel\u00e1vania","isPartOf":{"@id":"https:\/\/archiv.siov.sk\/#website"},"datePublished":"2025-05-05T13:19:05+00:00","dateModified":"2025-05-05T13:29:23+00:00","breadcrumb":{"@id":"https:\/\/archiv.siov.sk\/vzdelavanie\/vzdelavacie-podujatia\/profesijny-rozvoj-pz-a-oz\/inovacne-vzdelavanie\/#breadcrumb"},"inLanguage":"en-GB","potentialAction":[{"@type":"ReadAction","target":["https:\/\/archiv.siov.sk\/vzdelavanie\/vzdelavacie-podujatia\/profesijny-rozvoj-pz-a-oz\/inovacne-vzdelavanie\/"]}]},{"@type":"BreadcrumbList","@id":"https:\/\/archiv.siov.sk\/vzdelavanie\/vzdelavacie-podujatia\/profesijny-rozvoj-pz-a-oz\/inovacne-vzdelavanie\/#breadcrumb","itemListElement":[{"@type":"ListItem","position":1,"name":"Home","item":"https:\/\/archiv.siov.sk\/"},{"@type":"ListItem","position":2,"name":"Vzdel\u00e1vanie","item":"https:\/\/archiv.siov.sk\/vzdelavanie\/"},{"@type":"ListItem","position":3,"name":"Vzdel\u00e1vacie podujatia","item":"https:\/\/archiv.siov.sk\/vzdelavanie\/vzdelavacie-podujatia\/"},{"@type":"ListItem","position":4,"name":"Profesijn\u00fd rozvoj PZ a OZ","item":"https:\/\/archiv.siov.sk\/vzdelavanie\/vzdelavacie-podujatia\/profesijny-rozvoj-pz-a-oz\/"},{"@type":"ListItem","position":5,"name":"INOVA\u010cN\u00c9 VZDEL\u00c1VANIE"}]},{"@type":"WebSite","@id":"https:\/\/archiv.siov.sk\/#website","url":"https:\/\/archiv.siov.sk\/","name":"\u0160IOV - \u0161t\u00e1tny in\u0161tit\u00fat odborn\u00e9ho vzdel\u00e1vania","description":"","publisher":{"@id":"https:\/\/archiv.siov.sk\/#organization"},"potentialAction":[{"@type":"SearchAction","target":{"@type":"EntryPoint","urlTemplate":"https:\/\/archiv.siov.sk\/?s={search_term_string}"},"query-input":{"@type":"PropertyValueSpecification","valueRequired":true,"valueName":"search_term_string"}}],"inLanguage":"en-GB"},{"@type":"Organization","@id":"https:\/\/archiv.siov.sk\/#organization","name":"\u0160IOV - \u0161t\u00e1tny in\u0161tit\u00fat odborn\u00e9ho vzdel\u00e1vania","url":"https:\/\/archiv.siov.sk\/","logo":{"@type":"ImageObject","inLanguage":"en-GB","@id":"https:\/\/archiv.siov.sk\/#\/schema\/logo\/image\/","url":"https:\/\/archiv.siov.sk\/wp-content\/uploads\/2024\/02\/logo-SIOV.png","contentUrl":"https:\/\/archiv.siov.sk\/wp-content\/uploads\/2024\/02\/logo-SIOV.png","width":431,"height":143,"caption":"\u0160IOV - \u0161t\u00e1tny in\u0161tit\u00fat odborn\u00e9ho vzdel\u00e1vania"},"image":{"@id":"https:\/\/archiv.siov.sk\/#\/schema\/logo\/image\/"},"sameAs":["https:\/\/www.facebook.com\/Statnyinstitutodbornehovzdelavania"]}]}},"_links":{"self":[{"href":"https:\/\/archiv.siov.sk\/en\/wp-json\/wp\/v2\/pages\/18685","targetHints":{"allow":["GET"]}}],"collection":[{"href":"https:\/\/archiv.siov.sk\/en\/wp-json\/wp\/v2\/pages"}],"about":[{"href":"https:\/\/archiv.siov.sk\/en\/wp-json\/wp\/v2\/types\/page"}],"author":[{"embeddable":true,"href":"https:\/\/archiv.siov.sk\/en\/wp-json\/wp\/v2\/users\/11"}],"replies":[{"embeddable":true,"href":"https:\/\/archiv.siov.sk\/en\/wp-json\/wp\/v2\/comments?post=18685"}],"version-history":[{"count":22,"href":"https:\/\/archiv.siov.sk\/en\/wp-json\/wp\/v2\/pages\/18685\/revisions"}],"predecessor-version":[{"id":18708,"href":"https:\/\/archiv.siov.sk\/en\/wp-json\/wp\/v2\/pages\/18685\/revisions\/18708"}],"up":[{"embeddable":true,"href":"https:\/\/archiv.siov.sk\/en\/wp-json\/wp\/v2\/pages\/1353"}],"wp:attachment":[{"href":"https:\/\/archiv.siov.sk\/en\/wp-json\/wp\/v2\/media?parent=18685"}],"curies":[{"name":"wp","href":"https:\/\/api.w.org\/{rel}","templated":true}]}}