{"id":1868,"date":"2019-02-12T16:00:29","date_gmt":"2019-02-12T15:00:29","guid":{"rendered":"http:\/\/archiv.siov.sk\/?page_id=1868"},"modified":"2025-09-30T09:19:04","modified_gmt":"2025-09-30T07:19:04","slug":"euroskills","status":"publish","type":"page","link":"https:\/\/archiv.siov.sk\/en\/sutaze\/euroskills\/","title":{"rendered":"EuroSkills"},"content":{"rendered":"<h2>EuroSkills<\/h2>\n<p style=\"text-align: justify;\"><strong><img decoding=\"async\" class=\"aligncenter\" src=\"https:\/\/archiv.siov.sk\/wp-content\/uploads\/2019\/02\/euroskills_logo2.jpg\" alt=\"EuroSkills\" width=\"175\" height=\"154\" \/><\/strong><\/p>\n<p>&nbsp;<\/p>\n<p style=\"text-align: justify;\"><strong>EuroSkills\u00a0<\/strong>&#8211; je otvorenou medzin\u00e1rodnou s\u00fa\u0165a\u017eou\u00a0podporuj\u00facou strat\u00e9gie odborn\u00e9ho vzdel\u00e1vania, zvy\u0161uje povedomie, atraktivitu a\u00a0vysok\u00fa kvalitu odborn\u00e9ho vzdel\u00e1vania a\u00a0pr\u00edpravy v\u00a0celej Eur\u00f3pe. Tematicky zameran\u00e1 na povolania, s\u00a0cie\u013eom preuk\u00e1za\u0165 rozli\u010dn\u00e9 odborn\u00e9 zru\u010dnosti s\u00a0konkr\u00e9tnou demon\u0161tr\u00e1ciou povolan\u00ed. Hlavn\u00fdm podujat\u00edm \u2013 preuk\u00e1zanie manu\u00e1lnych zru\u010dnost\u00ed \u0161irokej verejnosti. EuroSkills prezentuje povolania zameran\u00e9 na Eur\u00f3psku \u0161tandardy odborn\u00e9ho vzdel\u00e1vania vy\u017eadovan\u00e9 E\u00da. Z\u00e1kladn\u00e1 podmienka Eur\u00f3pskych \u0161tandardov je formulovan\u00e1 v krit\u00e9ri\u00e1ch zameran\u00ed s\u00fa\u0165a\u017e\u00ed.<\/p>\n<p style=\"text-align: justify;\">EuroSkills\u00a0je s\u00fa\u0165a\u017e odborn\u00fdch zru\u010dnost\u00ed mlad\u00fdch \u013eud\u00ed a tvor\u00ed d\u00f4le\u017eit\u00fa platformu, na ktorej sa m\u00f4\u017ee Eur\u00f3pa prezentova\u0165 svetu prostredn\u00edctvom mno\u017estva r\u00f4znych odborn\u00fdch zru\u010dnost\u00ed. Hlavn\u00fdmi faktormi s\u00fa inov\u00e1cia v eur\u00f3pskych odborn\u00fdch zru\u010dnostiach a\u00a0medzin\u00e1rodn\u00e1 spolupr\u00e1ca. \u00da\u010das\u0165 na EuroSkills znamen\u00e1 \u00fa\u010das\u0165 na celkovej sk\u00fasenosti. S\u00fa\u0165a\u017e EuroSkills je \u0161trukt\u00farovan\u00e1 pod\u013ea konceptu\u00a0\u201evidie\u0165, robi\u0165 a\u00a0informova\u0165\u201c. Stimuluj\u00face s\u00fa\u0165a\u017ee v odborn\u00fdch zru\u010dnostiach s\u00fa zdrojom in\u0161pir\u00e1cie a pon\u00fakaj\u00fa jasn\u00fd preh\u013ead o s\u00fa\u010dasnom stave v r\u00f4znych oblastiach zru\u010dnost\u00ed. Eur\u00f3pske povolania, ktor\u00e9 sp\u013a\u0148aj\u00fa podmienky pre s\u00fa\u0165a\u017ee a prezent\u00e1cie na EuroSkills, s\u00fa ve\u013emi rozmanit\u00e9, od\u00a0pr\u00edrodn\u00fdch zdrojov\u00a0po\u00a0technol\u00f3giu\u00a0a od\u00a0dopravy\u00a0po\u00a0obchod, slu\u017eby a administrat\u00edvu.<\/p>\n<p style=\"text-align: justify;\">S\u00fa\u0165a\u017e EuroSkills m\u00e1 politick\u00fa podporu\u00a0 Gener\u00e1lneho riadite\u013estva pre vzdel\u00e1vanie a\u00a0kult\u00faru EK a\u00a0n\u00e1rodn\u00fdch vl\u00e1d.<\/p>\n<p><strong>Hist\u00f3ria<\/strong><\/p>\n<p style=\"text-align: justify;\">My\u0161lienka s\u00fa\u0165a\u017ee odborn\u00fdch zru\u010dnost\u00ed mlad\u00fdch \u013eud\u00ed v\u00a0Eur\u00f3pe \u2013 EuroSkills bola iniciovan\u00e1 na stretnut\u00ed ministrov \u0161kolstva a\u00a0odborn\u00e9ho vzdel\u00e1vania a\u00a0pr\u00edpravy eur\u00f3pskych \u0161t\u00e1tov, eur\u00f3pskych soci\u00e1lnych partnerov a\u00a0Eur\u00f3pskej komisie v\u00a0Helsink\u00e1ch, ktor\u00e9 sa uskuto\u010dnilo 5. 12. 2006. Podnetom bol \u00faspech celosvetovej s\u00fa\u0165a\u017ee zru\u010dnost\u00ed WorldSkills organizovanej vo F\u00ednsku v\u00a0roku 2006.<\/p>\n<p style=\"text-align: justify;\">V\u0161etky zainteresovan\u00e9 strany sa zhodli na tom, \u017ee prioritou je imid\u017e, postavenie a\u00a0pr\u00ed\u0165a\u017elivos\u0165 syst\u00e9mu odborn\u00e9ho vzdel\u00e1vania a\u00a0pr\u00edpravy (OVP) vo v\u0161etk\u00fdch \u0161t\u00e1toch Eur\u00f3pskej \u00fanie. V\u00a0revidovan\u00fdch priorit\u00e1ch Helsinsk\u00e9ho komunik\u00e9 s\u00fa s\u00fa\u0165a\u017ee zru\u010dnost\u00ed, ako je EuroSkills, ch\u00e1pan\u00e9 ako s\u013eubn\u00e1 met\u00f3da rozvoja a\u00a0zvidite\u013enenia excelentnosti v\u00a0odborn\u00fdch zru\u010dnostiach.<\/p>\n<p style=\"text-align: justify;\">V roku 2008 sa konal 1. ro\u010dn\u00edk s\u00fa\u0165a\u017ee EuroSkills 2008 v Rotterdame v Holandsku. V roku 2010 sa v Lisabone\u00a0konal 2. ro\u010dn\u00edk s\u00fa\u0165a\u017ee Euroskills, na ktorom s\u00fa\u0165a\u017eilo viac ako 450 mlad\u00fdch \u013eud\u00ed z 27 kraj\u00edn Eur\u00f3py.<\/p>\n<p style=\"text-align: justify;\">V d\u0148och 1.-3. 12. 2016 sa bude kona\u0165 \u010fal\u0161\u00ed ro\u010dn\u00edk EuroSkills vo \u0161v\u00e9dskom Goteborgu. Viac inform\u00e1ci\u00ed n\u00e1jdete\u00a0TU.<\/p>\n<p><strong>Misia EuroSkills<\/strong><\/p>\n<p style=\"text-align: justify;\">S\u00fa\u0165a\u017e EuroSkills pon\u00faka organiz\u00e1ci\u00e1m v\u00a0eur\u00f3pskych \u010dlensk\u00fdch \u0161t\u00e1toch (ako s\u00fa vl\u00e1dy, priemyseln\u00e9 organiz\u00e1cie, vzdel\u00e1vacie in\u0161tit\u00facie a soci\u00e1lni partneri) platformu pre spolo\u010dn\u00e9 zv\u00fd\u0161enie kvality, v\u00fdsledkov a\u00a0pr\u00ed\u0165a\u017elivosti odborn\u00e9ho vzdel\u00e1vania a\u00a0pr\u00edpravy a\u00a0odborn\u00fdch zru\u010dnost\u00ed, ktor\u00e9 je v\u00a0s\u00fa\u010dasnosti v\u00a0recesii.<\/p>\n<p><strong>Ciele EuroSkills<\/strong><\/p>\n<ul>Prostredn\u00edctvom s\u00fa\u0165a\u017e\u00ed zru\u010dnost\u00ed pom\u00f4c\u0165 Eur\u00f3pe a\u00a0\u010dlensk\u00fdm \u0161t\u00e1tom zv\u00fd\u0161i\u0165 \u0161tandardy zru\u010dnost\u00ed a\u00a0podporova\u0165 excelentnos\u0165 v\u00a0odborn\u00fdch zru\u010dnostiach v\u00a0celej Eur\u00f3pe.<\/p>\n<li>Zv\u00fd\u0161i\u0165 povedomie o\u00a0d\u00f4le\u017eitosti zru\u010dnost\u00ed a\u00a0odborn\u00e9ho vzdel\u00e1vania a\u00a0pr\u00edpravy pre ekonomiky E\u00da a spolo\u010dnos\u0165.<\/li>\n<li>Vytvori\u0165 \u0161k\u00e1lu eur\u00f3pskych s\u00fa\u0165a\u017e\u00ed odborn\u00fdch zru\u010dnost\u00ed pre \u010dlensk\u00e9 \u0161t\u00e1ty E\u00da.<\/li>\n<li>Zabezpe\u010di\u0165, aby s\u00fa\u0165a\u017ee odborn\u00fdch zru\u010dnost\u00ed organizovan\u00e9 EuroSkills odr\u00e1\u017eali rozmanit\u00e9 a\u00a0meniace sa po\u017eiadavky \u010dlensk\u00fdch \u0161t\u00e1tov E\u00da a\u00a0E\u00da ako celku na odborn\u00e9 zru\u010dnosti.<\/li>\n<li>Podpori\u0165 v\u0161etky \u010dlensk\u00e9 \u0161t\u00e1ty E\u00da, aby sa z\u00fa\u010dastnili na s\u00fa\u0165a\u017eiach EuroSkills a\u00a0tak roz\u0161\u00edrili a\u00a0vytvorili \u0161k\u00e1lu a\u00a0\u0161trukt\u00faru ich vlastn\u00fdch s\u00fa\u0165a\u017e\u00ed odborn\u00fdch zru\u010dnost\u00ed.<\/li>\n<\/ul>\n<p><strong>Aby sa tieto ciele dosiahli, EuroSkills:<\/strong><\/p>\n<ul>\n<li>sa zameria na podporu a\u00a0propagovanie eur\u00f3pskych remesiel a\u00a0odborn\u00e9ho vzdel\u00e1vania,<\/li>\n<li>nie len prezentuje remesl\u00e1, ale podporuje aj spolupr\u00e1cu so sektorov\u00fdmi organiz\u00e1ciami,<\/li>\n<li>pouk\u00e1\u017ee na d\u00f4le\u017eit\u00fa \u00falohu s\u00fa\u0165a\u017e\u00ed zru\u010dnost\u00ed ako in\u0161pir\u00e1cie pre mlad\u00fdch \u013eud\u00ed a ako vz\u00e1jomn\u00e9ho zmerania si s\u00edl v eur\u00f3pskych odborn\u00fdch zru\u010dnostiach,<\/li>\n<li>bude platformou, na ktorej si m\u00f4\u017eu eur\u00f3pske organiz\u00e1cie, ministerstv\u00e1 \u0161kolstva a medzin\u00e1rodn\u00e9 priemyseln\u00e9 organiz\u00e1cie vymie\u0148a\u0165 znalosti a sk\u00fasenosti o inov\u00e1ci\u00e1ch, met\u00f3dach v odbornom vzdel\u00e1van\u00ed a mo\u017enostiach spolupr\u00e1ce.<\/li>\n<\/ul>\n<p><a href=\"https:\/\/archiv.siov.sk\/wp-content\/uploads\/2025\/09\/EuroSkills-pocet-odborov-2008_-2025-SR-web.pdf\" target=\"_blank\" rel=\"noopener\">Preh\u013ead slovenskej reprezent\u00e1cie na EuroSkills v rokoch 2008-2025<\/a><\/p>\n<p><a href=\"https:\/\/archiv.siov.sk\/wp-content\/uploads\/2025\/08\/Zoznam-ucastnikov-EuroSkills-web.xlsx\" target=\"_blank\" rel=\"noopener\"><strong>Slovensk\u00e1 reprezent\u00e1cia na EuroSkills 2025<\/strong><\/a><\/p>\n<p><a href=\"https:\/\/archiv.siov.sk\/en\/slovensko-na-euroskills-2025-zabojuje-v-desiatich-profesiach\/\" target=\"_blank\" rel=\"noopener\">Slovensko na EuroSkills 2025 zabojuje v desiatich profesi\u00e1ch<\/a><\/p>\n<p><a href=\"https:\/\/archiv.siov.sk\/wp-content\/uploads\/2023\/09\/Tabulka-pocet-odborov-na-ES-2008_-2021-SR-web-1.docx\" target=\"_blank\" rel=\"noopener\">Slovensk\u00e1 reprezent\u00e1cia na EuroSkills 2008 &#8211; 2023<\/a><\/p>\n<p><a href=\"https:\/\/archiv.siov.sk\/wp-content\/uploads\/2023\/07\/TS-EuroSkills-Gdansk-2023_.doc\" target=\"_blank\" rel=\"noopener\">Nomin\u00e1cia slovenskej deleg\u00e1cie &#8211; EuroSkills 2023<\/a><\/p>\n<p><a href=\"https:\/\/archiv.siov.sk\/wp-content\/uploads\/2022\/08\/EuroSkills-Gdansk-2022-_na-web-.doc\" target=\"_blank\" rel=\"noopener\">Inform\u00e1cia o organiz\u00e1cii 8. ro\u010dn\u00edka medzin\u00e1rodn\u00e9ho podujatia v odbornom vzdel\u00e1van\u00ed a pr\u00edprave 2023<\/a><\/p>\n<p>&nbsp;<\/p>","protected":false},"excerpt":{"rendered":"<p>EuroSkills &nbsp; EuroSkills\u00a0&#8211; je otvorenou medzin\u00e1rodnou s\u00fa\u0165a\u017eou\u00a0podporuj\u00facou strat\u00e9gie odborn\u00e9ho vzdel\u00e1vania, zvy\u0161uje povedomie, atraktivitu a\u00a0vysok\u00fa kvalitu odborn\u00e9ho vzdel\u00e1vania a\u00a0pr\u00edpravy v\u00a0celej Eur\u00f3pe. Tematicky zameran\u00e1 na povolania, s\u00a0cie\u013eom preuk\u00e1za\u0165 rozli\u010dn\u00e9 odborn\u00e9 zru\u010dnosti s\u00a0konkr\u00e9tnou demon\u0161tr\u00e1ciou povolan\u00ed. Hlavn\u00fdm podujat\u00edm \u2013 preuk\u00e1zanie manu\u00e1lnych zru\u010dnost\u00ed \u0161irokej verejnosti. EuroSkills prezentuje povolania zameran\u00e9 na Eur\u00f3psku \u0161tandardy odborn\u00e9ho vzdel\u00e1vania vy\u017eadovan\u00e9 E\u00da. Z\u00e1kladn\u00e1 podmienka Eur\u00f3pskych \u0161tandardov [&hellip;]<\/p>\n","protected":false},"author":1,"featured_media":0,"parent":144,"menu_order":0,"comment_status":"closed","ping_status":"closed","template":"","meta":{"site-sidebar-layout":"default","site-content-layout":"default","ast-site-content-layout":"default","site-content-style":"default","site-sidebar-style":"default","ast-global-header-display":"","ast-banner-title-visibility":"","ast-main-header-display":"","ast-hfb-above-header-display":"","ast-hfb-below-header-display":"","ast-hfb-mobile-header-display":"","site-post-title":"disabled","ast-breadcrumbs-content":"","ast-featured-img":"","footer-sml-layout":"","ast-disable-related-posts":"","theme-transparent-header-meta":"default","adv-header-id-meta":"","stick-header-meta":"default","header-above-stick-meta":"","header-main-stick-meta":"","header-below-stick-meta":"","astra-migrate-meta-layouts":"set","ast-page-background-enabled":"default","ast-page-background-meta":{"desktop":{"background-color":"var(--ast-global-color-4)","background-image":"","background-repeat":"repeat","background-position":"center center","background-size":"auto","background-attachment":"scroll","background-type":"","background-media":"","overlay-type":"","overlay-color":"","overlay-opacity":"","overlay-gradient":""},"tablet":{"background-color":"","background-image":"","background-repeat":"repeat","background-position":"center center","background-size":"auto","background-attachment":"scroll","background-type":"","background-media":"","overlay-type":"","overlay-color":"","overlay-opacity":"","overlay-gradient":""},"mobile":{"background-color":"","background-image":"","background-repeat":"repeat","background-position":"center center","background-size":"auto","background-attachment":"scroll","background-type":"","background-media":"","overlay-type":"","overlay-color":"","overlay-opacity":"","overlay-gradient":""}},"ast-content-background-meta":{"desktop":{"background-color":"var(--ast-global-color-5)","background-image":"","background-repeat":"repeat","background-position":"center center","background-size":"auto","background-attachment":"scroll","background-type":"","background-media":"","overlay-type":"","overlay-color":"","overlay-opacity":"","overlay-gradient":""},"tablet":{"background-color":"var(--ast-global-color-5)","background-image":"","background-repeat":"repeat","background-position":"center center","background-size":"auto","background-attachment":"scroll","background-type":"","background-media":"","overlay-type":"","overlay-color":"","overlay-opacity":"","overlay-gradient":""},"mobile":{"background-color":"var(--ast-global-color-5)","background-image":"","background-repeat":"repeat","background-position":"center center","background-size":"auto","background-attachment":"scroll","background-type":"","background-media":"","overlay-type":"","overlay-color":"","overlay-opacity":"","overlay-gradient":""}},"footnotes":""},"class_list":["post-1868","page","type-page","status-publish","hentry"],"yoast_head":"<!-- This site is optimized with the Yoast SEO plugin v27.5 - https:\/\/yoast.com\/product\/yoast-seo-wordpress\/ -->\n<title>EuroSkills - \u0160IOV - \u0161t\u00e1tny in\u0161tit\u00fat odborn\u00e9ho vzdel\u00e1vania<\/title>\n<meta name=\"robots\" content=\"index, follow, max-snippet:-1, max-image-preview:large, max-video-preview:-1\" \/>\n<link rel=\"canonical\" href=\"https:\/\/archiv.siov.sk\/en\/sutaze\/euroskills\/\" \/>\n<meta property=\"og:locale\" content=\"en_GB\" \/>\n<meta property=\"og:type\" content=\"article\" \/>\n<meta property=\"og:title\" content=\"EuroSkills - \u0160IOV - \u0161t\u00e1tny in\u0161tit\u00fat odborn\u00e9ho vzdel\u00e1vania\" \/>\n<meta property=\"og:description\" content=\"EuroSkills &nbsp; EuroSkills\u00a0&#8211; je otvorenou medzin\u00e1rodnou s\u00fa\u0165a\u017eou\u00a0podporuj\u00facou strat\u00e9gie odborn\u00e9ho vzdel\u00e1vania, zvy\u0161uje povedomie, atraktivitu a\u00a0vysok\u00fa kvalitu odborn\u00e9ho vzdel\u00e1vania a\u00a0pr\u00edpravy v\u00a0celej Eur\u00f3pe. Tematicky zameran\u00e1 na povolania, s\u00a0cie\u013eom preuk\u00e1za\u0165 rozli\u010dn\u00e9 odborn\u00e9 zru\u010dnosti s\u00a0konkr\u00e9tnou demon\u0161tr\u00e1ciou povolan\u00ed. Hlavn\u00fdm podujat\u00edm \u2013 preuk\u00e1zanie manu\u00e1lnych zru\u010dnost\u00ed \u0161irokej verejnosti. EuroSkills prezentuje povolania zameran\u00e9 na Eur\u00f3psku \u0161tandardy odborn\u00e9ho vzdel\u00e1vania vy\u017eadovan\u00e9 E\u00da. Z\u00e1kladn\u00e1 podmienka Eur\u00f3pskych \u0161tandardov [&hellip;]\" \/>\n<meta property=\"og:url\" content=\"https:\/\/archiv.siov.sk\/en\/sutaze\/euroskills\/\" \/>\n<meta property=\"og:site_name\" content=\"\u0160IOV - \u0161t\u00e1tny in\u0161tit\u00fat odborn\u00e9ho vzdel\u00e1vania\" \/>\n<meta property=\"article:publisher\" content=\"https:\/\/www.facebook.com\/Statnyinstitutodbornehovzdelavania\" \/>\n<meta property=\"article:modified_time\" content=\"2025-09-30T07:19:04+00:00\" \/>\n<meta property=\"og:image\" content=\"https:\/\/archiv.siov.sk\/wp-content\/uploads\/2019\/02\/euroskills_logo2.jpg\" \/>\n<meta name=\"twitter:card\" content=\"summary_large_image\" \/>\n<meta name=\"twitter:label1\" content=\"Estimated reading time\" \/>\n\t<meta name=\"twitter:data1\" content=\"4 minutes\" \/>\n<script type=\"application\/ld+json\" class=\"yoast-schema-graph\">{\"@context\":\"https:\\\/\\\/schema.org\",\"@graph\":[{\"@type\":\"WebPage\",\"@id\":\"https:\\\/\\\/archiv.siov.sk\\\/sutaze\\\/euroskills\\\/\",\"url\":\"https:\\\/\\\/archiv.siov.sk\\\/sutaze\\\/euroskills\\\/\",\"name\":\"EuroSkills - \u0160IOV - \u0161t\u00e1tny in\u0161tit\u00fat odborn\u00e9ho vzdel\u00e1vania\",\"isPartOf\":{\"@id\":\"https:\\\/\\\/archiv.siov.sk\\\/#website\"},\"primaryImageOfPage\":{\"@id\":\"https:\\\/\\\/archiv.siov.sk\\\/sutaze\\\/euroskills\\\/#primaryimage\"},\"image\":{\"@id\":\"https:\\\/\\\/archiv.siov.sk\\\/sutaze\\\/euroskills\\\/#primaryimage\"},\"thumbnailUrl\":\"https:\\\/\\\/archiv.siov.sk\\\/wp-content\\\/uploads\\\/2019\\\/02\\\/euroskills_logo2.jpg\",\"datePublished\":\"2019-02-12T15:00:29+00:00\",\"dateModified\":\"2025-09-30T07:19:04+00:00\",\"breadcrumb\":{\"@id\":\"https:\\\/\\\/archiv.siov.sk\\\/sutaze\\\/euroskills\\\/#breadcrumb\"},\"inLanguage\":\"en-GB\",\"potentialAction\":[{\"@type\":\"ReadAction\",\"target\":[\"https:\\\/\\\/archiv.siov.sk\\\/sutaze\\\/euroskills\\\/\"]}]},{\"@type\":\"ImageObject\",\"inLanguage\":\"en-GB\",\"@id\":\"https:\\\/\\\/archiv.siov.sk\\\/sutaze\\\/euroskills\\\/#primaryimage\",\"url\":\"https:\\\/\\\/archiv.siov.sk\\\/wp-content\\\/uploads\\\/2019\\\/02\\\/euroskills_logo2.jpg\",\"contentUrl\":\"https:\\\/\\\/archiv.siov.sk\\\/wp-content\\\/uploads\\\/2019\\\/02\\\/euroskills_logo2.jpg\"},{\"@type\":\"BreadcrumbList\",\"@id\":\"https:\\\/\\\/archiv.siov.sk\\\/sutaze\\\/euroskills\\\/#breadcrumb\",\"itemListElement\":[{\"@type\":\"ListItem\",\"position\":1,\"name\":\"Home\",\"item\":\"https:\\\/\\\/archiv.siov.sk\\\/\"},{\"@type\":\"ListItem\",\"position\":2,\"name\":\"S\u00fa\u0165a\u017ee\",\"item\":\"https:\\\/\\\/archiv.siov.sk\\\/sutaze\\\/\"},{\"@type\":\"ListItem\",\"position\":3,\"name\":\"EuroSkills\"}]},{\"@type\":\"WebSite\",\"@id\":\"https:\\\/\\\/archiv.siov.sk\\\/#website\",\"url\":\"https:\\\/\\\/archiv.siov.sk\\\/\",\"name\":\"\u0160IOV - \u0161t\u00e1tny in\u0161tit\u00fat odborn\u00e9ho vzdel\u00e1vania\",\"description\":\"\",\"publisher\":{\"@id\":\"https:\\\/\\\/archiv.siov.sk\\\/#organization\"},\"potentialAction\":[{\"@type\":\"SearchAction\",\"target\":{\"@type\":\"EntryPoint\",\"urlTemplate\":\"https:\\\/\\\/archiv.siov.sk\\\/?s={search_term_string}\"},\"query-input\":{\"@type\":\"PropertyValueSpecification\",\"valueRequired\":true,\"valueName\":\"search_term_string\"}}],\"inLanguage\":\"en-GB\"},{\"@type\":\"Organization\",\"@id\":\"https:\\\/\\\/archiv.siov.sk\\\/#organization\",\"name\":\"\u0160IOV - \u0161t\u00e1tny in\u0161tit\u00fat odborn\u00e9ho vzdel\u00e1vania\",\"url\":\"https:\\\/\\\/archiv.siov.sk\\\/\",\"logo\":{\"@type\":\"ImageObject\",\"inLanguage\":\"en-GB\",\"@id\":\"https:\\\/\\\/archiv.siov.sk\\\/#\\\/schema\\\/logo\\\/image\\\/\",\"url\":\"https:\\\/\\\/archiv.siov.sk\\\/wp-content\\\/uploads\\\/2024\\\/02\\\/logo-SIOV.png\",\"contentUrl\":\"https:\\\/\\\/archiv.siov.sk\\\/wp-content\\\/uploads\\\/2024\\\/02\\\/logo-SIOV.png\",\"width\":431,\"height\":143,\"caption\":\"\u0160IOV - \u0161t\u00e1tny in\u0161tit\u00fat odborn\u00e9ho vzdel\u00e1vania\"},\"image\":{\"@id\":\"https:\\\/\\\/archiv.siov.sk\\\/#\\\/schema\\\/logo\\\/image\\\/\"},\"sameAs\":[\"https:\\\/\\\/www.facebook.com\\\/Statnyinstitutodbornehovzdelavania\"]}]}<\/script>\n<!-- \/ Yoast SEO plugin. -->","yoast_head_json":{"title":"EuroSkills - \u0160IOV - \u0161t\u00e1tny in\u0161tit\u00fat odborn\u00e9ho vzdel\u00e1vania","robots":{"index":"index","follow":"follow","max-snippet":"max-snippet:-1","max-image-preview":"max-image-preview:large","max-video-preview":"max-video-preview:-1"},"canonical":"https:\/\/archiv.siov.sk\/en\/sutaze\/euroskills\/","og_locale":"en_GB","og_type":"article","og_title":"EuroSkills - \u0160IOV - \u0161t\u00e1tny in\u0161tit\u00fat odborn\u00e9ho vzdel\u00e1vania","og_description":"EuroSkills &nbsp; EuroSkills\u00a0&#8211; je otvorenou medzin\u00e1rodnou s\u00fa\u0165a\u017eou\u00a0podporuj\u00facou strat\u00e9gie odborn\u00e9ho vzdel\u00e1vania, zvy\u0161uje povedomie, atraktivitu a\u00a0vysok\u00fa kvalitu odborn\u00e9ho vzdel\u00e1vania a\u00a0pr\u00edpravy v\u00a0celej Eur\u00f3pe. Tematicky zameran\u00e1 na povolania, s\u00a0cie\u013eom preuk\u00e1za\u0165 rozli\u010dn\u00e9 odborn\u00e9 zru\u010dnosti s\u00a0konkr\u00e9tnou demon\u0161tr\u00e1ciou povolan\u00ed. Hlavn\u00fdm podujat\u00edm \u2013 preuk\u00e1zanie manu\u00e1lnych zru\u010dnost\u00ed \u0161irokej verejnosti. EuroSkills prezentuje povolania zameran\u00e9 na Eur\u00f3psku \u0161tandardy odborn\u00e9ho vzdel\u00e1vania vy\u017eadovan\u00e9 E\u00da. Z\u00e1kladn\u00e1 podmienka Eur\u00f3pskych \u0161tandardov [&hellip;]","og_url":"https:\/\/archiv.siov.sk\/en\/sutaze\/euroskills\/","og_site_name":"\u0160IOV - \u0161t\u00e1tny in\u0161tit\u00fat odborn\u00e9ho vzdel\u00e1vania","article_publisher":"https:\/\/www.facebook.com\/Statnyinstitutodbornehovzdelavania","article_modified_time":"2025-09-30T07:19:04+00:00","og_image":[{"url":"https:\/\/archiv.siov.sk\/wp-content\/uploads\/2019\/02\/euroskills_logo2.jpg","type":"","width":"","height":""}],"twitter_card":"summary_large_image","twitter_misc":{"Estimated reading time":"4 minutes"},"schema":{"@context":"https:\/\/schema.org","@graph":[{"@type":"WebPage","@id":"https:\/\/archiv.siov.sk\/sutaze\/euroskills\/","url":"https:\/\/archiv.siov.sk\/sutaze\/euroskills\/","name":"EuroSkills - \u0160IOV - \u0161t\u00e1tny in\u0161tit\u00fat odborn\u00e9ho vzdel\u00e1vania","isPartOf":{"@id":"https:\/\/archiv.siov.sk\/#website"},"primaryImageOfPage":{"@id":"https:\/\/archiv.siov.sk\/sutaze\/euroskills\/#primaryimage"},"image":{"@id":"https:\/\/archiv.siov.sk\/sutaze\/euroskills\/#primaryimage"},"thumbnailUrl":"https:\/\/archiv.siov.sk\/wp-content\/uploads\/2019\/02\/euroskills_logo2.jpg","datePublished":"2019-02-12T15:00:29+00:00","dateModified":"2025-09-30T07:19:04+00:00","breadcrumb":{"@id":"https:\/\/archiv.siov.sk\/sutaze\/euroskills\/#breadcrumb"},"inLanguage":"en-GB","potentialAction":[{"@type":"ReadAction","target":["https:\/\/archiv.siov.sk\/sutaze\/euroskills\/"]}]},{"@type":"ImageObject","inLanguage":"en-GB","@id":"https:\/\/archiv.siov.sk\/sutaze\/euroskills\/#primaryimage","url":"https:\/\/archiv.siov.sk\/wp-content\/uploads\/2019\/02\/euroskills_logo2.jpg","contentUrl":"https:\/\/archiv.siov.sk\/wp-content\/uploads\/2019\/02\/euroskills_logo2.jpg"},{"@type":"BreadcrumbList","@id":"https:\/\/archiv.siov.sk\/sutaze\/euroskills\/#breadcrumb","itemListElement":[{"@type":"ListItem","position":1,"name":"Home","item":"https:\/\/archiv.siov.sk\/"},{"@type":"ListItem","position":2,"name":"S\u00fa\u0165a\u017ee","item":"https:\/\/archiv.siov.sk\/sutaze\/"},{"@type":"ListItem","position":3,"name":"EuroSkills"}]},{"@type":"WebSite","@id":"https:\/\/archiv.siov.sk\/#website","url":"https:\/\/archiv.siov.sk\/","name":"\u0160IOV - \u0161t\u00e1tny in\u0161tit\u00fat odborn\u00e9ho vzdel\u00e1vania","description":"","publisher":{"@id":"https:\/\/archiv.siov.sk\/#organization"},"potentialAction":[{"@type":"SearchAction","target":{"@type":"EntryPoint","urlTemplate":"https:\/\/archiv.siov.sk\/?s={search_term_string}"},"query-input":{"@type":"PropertyValueSpecification","valueRequired":true,"valueName":"search_term_string"}}],"inLanguage":"en-GB"},{"@type":"Organization","@id":"https:\/\/archiv.siov.sk\/#organization","name":"\u0160IOV - \u0161t\u00e1tny in\u0161tit\u00fat odborn\u00e9ho vzdel\u00e1vania","url":"https:\/\/archiv.siov.sk\/","logo":{"@type":"ImageObject","inLanguage":"en-GB","@id":"https:\/\/archiv.siov.sk\/#\/schema\/logo\/image\/","url":"https:\/\/archiv.siov.sk\/wp-content\/uploads\/2024\/02\/logo-SIOV.png","contentUrl":"https:\/\/archiv.siov.sk\/wp-content\/uploads\/2024\/02\/logo-SIOV.png","width":431,"height":143,"caption":"\u0160IOV - \u0161t\u00e1tny in\u0161tit\u00fat odborn\u00e9ho vzdel\u00e1vania"},"image":{"@id":"https:\/\/archiv.siov.sk\/#\/schema\/logo\/image\/"},"sameAs":["https:\/\/www.facebook.com\/Statnyinstitutodbornehovzdelavania"]}]}},"_links":{"self":[{"href":"https:\/\/archiv.siov.sk\/en\/wp-json\/wp\/v2\/pages\/1868","targetHints":{"allow":["GET"]}}],"collection":[{"href":"https:\/\/archiv.siov.sk\/en\/wp-json\/wp\/v2\/pages"}],"about":[{"href":"https:\/\/archiv.siov.sk\/en\/wp-json\/wp\/v2\/types\/page"}],"author":[{"embeddable":true,"href":"https:\/\/archiv.siov.sk\/en\/wp-json\/wp\/v2\/users\/1"}],"replies":[{"embeddable":true,"href":"https:\/\/archiv.siov.sk\/en\/wp-json\/wp\/v2\/comments?post=1868"}],"version-history":[{"count":32,"href":"https:\/\/archiv.siov.sk\/en\/wp-json\/wp\/v2\/pages\/1868\/revisions"}],"predecessor-version":[{"id":21184,"href":"https:\/\/archiv.siov.sk\/en\/wp-json\/wp\/v2\/pages\/1868\/revisions\/21184"}],"up":[{"embeddable":true,"href":"https:\/\/archiv.siov.sk\/en\/wp-json\/wp\/v2\/pages\/144"}],"wp:attachment":[{"href":"https:\/\/archiv.siov.sk\/en\/wp-json\/wp\/v2\/media?parent=1868"}],"curies":[{"name":"wp","href":"https:\/\/api.w.org\/{rel}","templated":true}]}}