{"id":1846,"date":"2019-02-12T15:38:56","date_gmt":"2019-02-12T14:38:56","guid":{"rendered":"http:\/\/archiv.siov.sk\/?page_id=1846"},"modified":"2025-11-12T12:55:57","modified_gmt":"2025-11-12T11:55:57","slug":"juvyr","status":"publish","type":"page","link":"https:\/\/archiv.siov.sk\/en\/sutaze\/juvyr\/","title":{"rendered":"S\u00fa\u0165a\u017e mlad\u00fdch elektronikov"},"content":{"rendered":"<h2>S\u00fa\u0165a\u017e mlad\u00fdch elektronikov<\/h2>\n<p><img decoding=\"async\" src=\"https:\/\/archiv.siov.sk\/wp-content\/uploads\/2019\/02\/juvyr-300x83.jpg\" alt=\"juvyr\" width=\"300\" height=\"83\" \/><\/p>\n<p>\u0160IOV akt\u00edvne prezentuje \u00a0pred verejnos\u0165ou na\u017eivo a zbl\u00edska r\u00f4zne u\u010debn\u00e9 a \u0161tudijn\u00e9 odbory v remesl\u00e1ch prostredn\u00edctvom Skills Slovakia celo\u0161t\u00e1tnej odbornej\u00a0 s\u00fa\u0165a\u017ee v zameran\u00ed na elektroniku pre \u017eiakov 1. a 2 ro\u010dn\u00edkov stredn\u00fdch odborn\u00fdch \u0161k\u00f4l SR s n\u00e1zvom \u201eS\u00fa\u0165a\u017e mlad\u00fdch elektronikov\u201c .<\/p>\n<p>Projekt JUVYR \u2013 Juniorsk\u00e9 dni remesiel, \u00a0interakt\u00edvna prezent\u00e1cia odborn\u00e9ho vzdel\u00e1vania a pr\u00edpravy SR prostredn\u00edctvom tvorivosti a kreativity v profesi\u00e1ch, uk\u00e1\u017eka vedomost\u00ed a zru\u010dnost\u00ed \u017eiakov, uk\u00e1\u017eka prezenta\u010dn\u00fdch zru\u010dnost\u00ed \u017eiakov stredn\u00fdch \u0161k\u00f4l s vyu\u017eit\u00edm modern\u00fdch vzdel\u00e1vac\u00edch n\u00e1strojov sa po dvadsiatich piatich ro\u010dn\u00edkoch za\u010dlenil\u00a0 roku 2019 do partnerstva a\u00a0spolupr\u00e1ce s Ministerstvom hospod\u00e1rstva SR \u201eMlad\u00fd tvorca\u201c.<\/p>\n<p><strong>\u0160kolsk\u00fd rok 2025\/2026<\/strong><\/p>\n<ul>\n<li><a href=\"https:\/\/archiv.siov.sk\/wp-content\/uploads\/2025\/11\/Vysledkova-listina-Sutaze-mladych-elektronikov-2025.pdf\" target=\"_blank\" rel=\"noopener\">V\u00fdsledkov\u00e1 listina s\u00fa\u0165a\u017ee<\/a><\/li>\n<li><a href=\"https:\/\/archiv.siov.sk\/wp-content\/uploads\/2025\/11\/Sutaz-mladych-elektronikov-2025-test.pdf\" target=\"_blank\" rel=\"noopener\">Zadanie teoretickej \u010dasti &#8211; test<\/a><\/li>\n<li><a href=\"https:\/\/archiv.siov.sk\/wp-content\/uploads\/2025\/09\/1-Pozyvaci-list-sutaz-elektronikov_2025.pdf\" target=\"_blank\" rel=\"noopener\">Pozv\u00e1nka na 7. ro\u010dn\u00edk celo\u0161t\u00e1tnej s\u00fa\u0165a\u017ee<\/a><\/li>\n<li><a href=\"https:\/\/archiv.siov.sk\/wp-content\/uploads\/2025\/09\/Program-SME_2025-fin-.pdf\" target=\"_blank\" rel=\"noopener\">Program 7. ro\u010dn\u00edka celo\u0161t\u00e1tnej s\u00fa\u0165a\u017ee<\/a><\/li>\n<li><a href=\"https:\/\/archiv.siov.sk\/wp-content\/uploads\/2025\/09\/Sutazne-propozicie_SME_2025-fin-.pdf\" target=\"_blank\" rel=\"noopener\">Propoz\u00edcie 7. ro\u010dn\u00edka celo\u0161t\u00e1tnej s\u00fa\u0165a\u017ee<\/a><\/li>\n<\/ul>\n<p><strong>\u0160kolsk\u00fd rok 2024\/2025<\/strong><\/p>\n<ul style=\"font-size: 15px; font-style: normal; font-weight: 400;\">\n<li><a href=\"https:\/\/archiv.siov.sk\/wp-content\/uploads\/2024\/10\/Vysledkova-listina_SME-2024.xlsx\" target=\"_blank\" rel=\"noopener\">V\u00fdsledkov\u00e1 listina s\u00fa\u0165a\u017ee<\/a><\/li>\n<li><a href=\"https:\/\/archiv.siov.sk\/wp-content\/uploads\/2024\/10\/Test-sme-2024-\u2013-2-opravene.pdf\" target=\"_blank\" rel=\"noopener\">Zadanie teoretickej \u010dasti &#8211; test<\/a><\/li>\n<li><a href=\"https:\/\/archiv.siov.sk\/wp-content\/uploads\/2024\/10\/SME_2024_zadanie-praktickej-casti-opr.pdf\" target=\"_blank\" rel=\"noopener\">Zadanie praktickej \u010dasti<\/a> + <a href=\"https:\/\/archiv.siov.sk\/wp-content\/uploads\/2024\/10\/A3_schema.pdf\" target=\"_blank\" rel=\"noopener\">sch\u00e9ma<\/a><\/li>\n<li><a href=\"https:\/\/archiv.siov.sk\/wp-content\/uploads\/2024\/10\/24-plagat-SME-A3.pdf\" target=\"_blank\" rel=\"noopener\">Pozv\u00e1nka\/Plag\u00e1t s\u00fa\u0165a\u017ee<\/a><\/li>\n<li><a href=\"https:\/\/archiv.siov.sk\/wp-content\/uploads\/2024\/10\/Program-SME_2024-fin.docx\" target=\"_blank\" rel=\"noopener\">Program s\u00fa\u0165a\u017ee<\/a><\/li>\n<li><a href=\"https:\/\/archiv.siov.sk\/wp-content\/uploads\/2024\/10\/Startovacia-listina-2.xlsx\" target=\"_blank\" rel=\"noopener\">\u0160tartovacia listina<\/a><\/li>\n<li style=\"font-size: 15px;\"><a href=\"https:\/\/archiv.siov.sk\/wp-content\/uploads\/2024\/10\/Pozvanka-na-SME-2024.pdf\" target=\"_blank\" rel=\"noopener\">Pozv\u00e1nka na 6. ro\u010dn\u00edk celo\u0161t\u00e1tnej s\u00fa\u0165a\u017ee<\/a><\/li>\n<li style=\"font-size: 15px;\"><a href=\"https:\/\/archiv.siov.sk\/wp-content\/uploads\/2024\/10\/Sutazne-propozicie_SME_2024-final-.docx\" target=\"_blank\" rel=\"noopener\">Propoz\u00edcie 6. ro\u010dn\u00edka s\u00fa\u0165a\u017ee<\/a><\/li>\n<\/ul>\n<p><strong>\u0160kolsk\u00fd rok 2023\/2024<\/strong><\/p>\n<ul style=\"font-size: 15px; font-style: normal; font-weight: 400;\">\n<li><a href=\"https:\/\/archiv.siov.sk\/wp-content\/uploads\/2023\/10\/SME2023_vysledkova-listina.pdf\" target=\"_blank\" rel=\"noopener\">V\u00fdsledkov\u00e1 listina s\u00fa\u0165a\u017ee<\/a><\/li>\n<li><a href=\"https:\/\/archiv.siov.sk\/wp-content\/uploads\/2023\/10\/SME2023_test_riesenie1-919.pdf\" target=\"_blank\" rel=\"noopener\">Teoretick\u00e1 \u010das\u0165 &#8211; test 1<\/a><\/li>\n<li><a href=\"https:\/\/archiv.siov.sk\/wp-content\/uploads\/2023\/10\/SME2023_test_riesenie10-24.pdf\" target=\"_blank\" rel=\"noopener\">Teoretick\u00e1 \u010das\u0165 &#8211; test 2<\/a><\/li>\n<li><a href=\"https:\/\/archiv.siov.sk\/wp-content\/uploads\/2023\/10\/SME2023_zadanie_praktickej_casti.pdf\" target=\"_blank\" rel=\"noopener\">Praktick\u00e1 \u010das\u0165 &#8211; Elektronick\u00e1 hracia kocka<\/a><\/li>\n<li style=\"font-size: 15px;\"><a href=\"https:\/\/archiv.siov.sk\/wp-content\/uploads\/2023\/09\/Pozyvaci-list-sutaz-elektronikov_2023.docx\" target=\"_blank\" rel=\"noopener\">Pozv\u00e1nka na 5. ro\u010dn\u00edk celo\u0161t\u00e1tnej s\u00fa\u0165a\u017ee<\/a><\/li>\n<li style=\"font-size: 15px;\"><a href=\"https:\/\/archiv.siov.sk\/wp-content\/uploads\/2023\/09\/Propozicie_SME_2023-fin-.docx\" target=\"_blank\" rel=\"noopener\">Propoz\u00edcie 5. ro\u010dn\u00edka s\u00fa\u0165a\u017ee<\/a><\/li>\n<li style=\"font-size: 15px;\"><a href=\"https:\/\/archiv.siov.sk\/wp-content\/uploads\/2023\/10\/Program-SME_2023-konecny-17_10.docx\" target=\"_blank\" rel=\"noopener\">Program s\u00fa\u0165a\u017ee<\/a><\/li>\n<\/ul>\n<p><strong>\u0160kolsk\u00fd rok 2022\/2023<\/strong><\/p>\n<ul style=\"font-size: 15px; font-style: normal; font-weight: 400;\">\n<li style=\"font-size: 15px;\"><a href=\"https:\/\/archiv.siov.sk\/wp-content\/uploads\/2022\/10\/Vysledkova-listina-4..rocnik-sutaze-Mlady-elekronik.final-docx.docx\" target=\"_blank\" rel=\"noopener\">V\u00fdsledkov\u00e1 listina s\u00fa\u0165a\u017ee<\/a><\/li>\n<li style=\"font-size: 15px;\"><a href=\"https:\/\/archiv.siov.sk\/wp-content\/uploads\/2022\/10\/Startovacia-listina-4..rocnik-sutaze-Mlady-elekronik.final-13-10_22-docx-1.docx\" target=\"_blank\" rel=\"noopener\">\u0160tartovacia listina<\/a><\/li>\n<li style=\"font-size: 15px;\"><a href=\"https:\/\/archiv.siov.sk\/wp-content\/uploads\/2022\/09\/Pozyvaci-list-sutaz-elektronikov_2022-final-docx.pdf\" target=\"_blank\" rel=\"noopener\">Pozv\u00e1nka<\/a><\/li>\n<li style=\"font-size: 15px;\"><a href=\"https:\/\/archiv.siov.sk\/wp-content\/uploads\/2022\/09\/Propozicie_SME_2022-final-9_9_22-.pdf\" target=\"_blank\" rel=\"noopener\">Propoz\u00edcie 4. ro\u010dn\u00edka s\u00fa\u0165a\u017ee<\/a><\/li>\n<li style=\"font-size: 15px;\"><a href=\"https:\/\/archiv.siov.sk\/wp-content\/uploads\/2022\/10\/Program-SME_2022-final-3-SS-Loga-.docx\" target=\"_blank\" rel=\"noopener\">Program s\u00fa\u0165a\u017ee<\/a><\/li>\n<\/ul>\n<p><strong>\u0160kolsk\u00fd rok 2021\/2022<\/strong><\/p>\n<ul>\n<li style=\"font-size: 15px;\"><a href=\"https:\/\/archiv.siov.sk\/wp-content\/uploads\/2021\/12\/vyhodnotenie-sutaze-SME-2021-final-docx.pdf\" target=\"_blank\" rel=\"noopener\">Anal\u00fdza v\u00fdsledkov s\u00fa\u0165a\u017ee &#8211; vyhodnotenie<\/a><\/li>\n<li style=\"font-size: 15px;\"><a href=\"https:\/\/archiv.siov.sk\/wp-content\/uploads\/2021\/12\/SME2021_vyhodnotenie-testu-z-elektroniky.pdf\" target=\"_blank\" rel=\"noopener\">Vyhodnotenie teoretickej \u010dasti &#8211; test z elektroniky\u00a0<\/a><\/li>\n<li style=\"font-size: 15px;\"><a href=\"https:\/\/archiv.siov.sk\/wp-content\/uploads\/2021\/11\/SME2021-hodnotiaca-tab.-2_.pdf\">Hodnotiaca tabu\u013eka<\/a><\/li>\n<li style=\"font-size: 15px;\"><a href=\"https:\/\/archiv.siov.sk\/wp-content\/uploads\/2021\/11\/Vysledkova-listina-Mlady-elektronik-2021.pdf\" target=\"_blank\" rel=\"noopener\">V\u00fdsledkov\u00e1 listina s\u00fa\u0165a\u017ee<\/a><\/li>\n<li><a href=\"https:\/\/archiv.siov.sk\/wp-content\/uploads\/2021\/10\/Pozyvaci-list-sutaz-elektronikov_2021-final-docx.pdf\">Pozv\u00e1nka<\/a><\/li>\n<li><a href=\"https:\/\/archiv.siov.sk\/wp-content\/uploads\/2021\/10\/Propozicie_SME_2021_final_.pdf\">Propoz\u00edcie 3. ro\u010dn\u00edka s\u00fa\u0165a\u017ee<\/a><\/li>\n<li><a href=\"https:\/\/archiv.siov.sk\/wp-content\/uploads\/2021\/11\/Program-SME_2021-prez.-FIN-.docx\" target=\"_blank\" rel=\"noopener\">Program s\u00fa\u0165a\u017ee<\/a><\/li>\n<li><a href=\"https:\/\/archiv.siov.sk\/wp-content\/uploads\/2021\/11\/zadanie-praktickej-casti-1-final.pdf\">S\u00fa\u0165a\u017en\u00e1 \u00faloha &#8211; zadanie praktickej \u00a0\u010dasti\u00a0 1<\/a><\/li>\n<li><a href=\"https:\/\/archiv.siov.sk\/wp-content\/uploads\/2021\/11\/zadanie-praktickej-casti-2-final.pdf\">S\u00fa\u0165a\u017en\u00e1 \u00faloha &#8211; zadanie praktickej \u010dasti 2<\/a><\/li>\n<\/ul>\n<p><strong>\u0160kolsk\u00fd rok 2020\/2021<\/strong><\/p>\n<p>S\u00fa\u0165a\u017e mlad\u00fdch elektronikov<\/p>\n<ul>\n<li><a href=\"https:\/\/archiv.siov.sk\/wp-content\/uploads\/2021\/01\/vyhodnotenie-sutaze-SME-2020.Final-doc.pdf\">Anal\u00fdza v\u00fdsledkov s\u00fa\u0165a\u017ee &#8211; vyhodnotenie<\/a><\/li>\n<li><a href=\"https:\/\/archiv.siov.sk\/wp-content\/uploads\/2020\/12\/Vysledkova-listina-2.rocnik-sutaze-Mlady-elekronik-fin-1.pdf\">V\u00fdsledkov\u00e1 listina s\u00fa\u0165a\u017ee &#8211; di\u0161tan\u010dne \/ Results of the competition<\/a><\/li>\n<li><a href=\"https:\/\/archiv.siov.sk\/wp-content\/uploads\/2020\/12\/Startovacia-listina-2.rocnik-sutaze-Mlady-elekronik.docx\">\u0160tartovacia listina 2. ro\u010dn\u00edka s\u00fa\u0165a\u017ee Mlad\u00fd elektronik<\/a><\/li>\n<li><a href=\"https:\/\/archiv.siov.sk\/wp-content\/uploads\/2020\/12\/SkillSK2020_test-riesenie.pdf\">Teoretick\u00e1 \u010das\u0165 s\u00fa\u0165a\u017ee<\/a><\/li>\n<li><a href=\"https:\/\/archiv.siov.sk\/wp-content\/uploads\/2020\/12\/Prirucka-ku-spektralnemu-analyzatoru-SME-2020-finalna-verzia2.pdf\">Praktick\u00e1 \u010das\u0165 s\u00fa\u0165a\u017ee &#8211; pr\u00edru\u010dka<\/a><\/li>\n<li><a href=\"https:\/\/drive.google.com\/file\/d\/1o1Mjye3512AKP2NKKsKv46k3iSnBAQcD\/view\">In\u0161trukt\u00e1\u017ene video k praktickej \u010dasti<\/a><\/li>\n<li><a href=\"https:\/\/archiv.siov.sk\/en\/aj-v-online-priestore-sa-da-sutazit-2-rocnik-sutaze-mladych-elektronikov-ma-vitazov\/\">Inform\u00e1cie k s\u00fa\u0165a\u017ei<\/a><\/li>\n<li><a href=\"https:\/\/www.youtube.com\/watch?v=3n5qWLROgLw\">Video zo s\u00fa\u0165a\u017ee (zostrih) \/ Video from the competition (edited)<\/a><\/li>\n<\/ul>\n<p><strong>JUVYR 2016<\/strong><\/p>\n<ul>\n<li><a href=\"https:\/\/archiv.siov.sk\/wp-content\/uploads\/2019\/02\/Vyhodnotenie_JUVYR-2016-pdf.pdf\">Vyhodnotenie 25. ro\u010dn\u00edka<\/a><\/li>\n<li><a href=\"https:\/\/archiv.siov.sk\/wp-content\/uploads\/2019\/02\/Vysledkova_listina_vystavovatelov_JUVYR_2016.pdf\">V\u00fdsledkov\u00e1 listina vystavovate\u013eov JUVYR 2016<\/a><\/li>\n<li><a href=\"https:\/\/archiv.siov.sk\/wp-content\/uploads\/2019\/02\/Vysledkova_listina1_rocnik_Zlate_noznice_2016.pdf\">V\u00fdsledky s\u00fa\u0165a\u017ee 1. ro\u010dn\u00edk s\u00fa\u0165a\u017ee o zlat\u00e9 no\u017enice &#8222;Uk\u00e1\u017e, \u010do vie\u0161&#8220; kadern\u00edk a viz\u00e1\u017eista.<\/a><\/li>\n<li><a href=\"https:\/\/archiv.siov.sk\/wp-content\/uploads\/2019\/02\/Zoznam_sutaziacich_2016_na_web.pdf\">Zoznam s\u00fa\u0165a\u017eiacich\u00a0<\/a><\/li>\n<li><a href=\"https:\/\/archiv.siov.sk\/wp-content\/uploads\/2019\/02\/Zoznam_motivacnych-sutazi-garantov-SMP-Juvyr-2016-131016-web.pdf\">Zoznam garantov a s\u00fa\u0165a\u017en\u00fdch t\u00e9m \u0160MP<\/a><\/li>\n<\/ul>","protected":false},"excerpt":{"rendered":"<p>S\u00fa\u0165a\u017e mlad\u00fdch elektronikov \u0160IOV akt\u00edvne prezentuje \u00a0pred verejnos\u0165ou na\u017eivo a zbl\u00edska r\u00f4zne u\u010debn\u00e9 a \u0161tudijn\u00e9 odbory v remesl\u00e1ch prostredn\u00edctvom Skills Slovakia celo\u0161t\u00e1tnej odbornej\u00a0 s\u00fa\u0165a\u017ee v zameran\u00ed na elektroniku pre \u017eiakov 1. a 2 ro\u010dn\u00edkov stredn\u00fdch odborn\u00fdch \u0161k\u00f4l SR s n\u00e1zvom \u201eS\u00fa\u0165a\u017e mlad\u00fdch elektronikov\u201c . Projekt JUVYR \u2013 Juniorsk\u00e9 dni remesiel, \u00a0interakt\u00edvna prezent\u00e1cia odborn\u00e9ho vzdel\u00e1vania a [&hellip;]<\/p>\n","protected":false},"author":1,"featured_media":0,"parent":144,"menu_order":0,"comment_status":"closed","ping_status":"closed","template":"","meta":{"site-sidebar-layout":"default","site-content-layout":"default","ast-site-content-layout":"default","site-content-style":"default","site-sidebar-style":"default","ast-global-header-display":"","ast-banner-title-visibility":"","ast-main-header-display":"","ast-hfb-above-header-display":"","ast-hfb-below-header-display":"","ast-hfb-mobile-header-display":"","site-post-title":"disabled","ast-breadcrumbs-content":"","ast-featured-img":"","footer-sml-layout":"","ast-disable-related-posts":"","theme-transparent-header-meta":"default","adv-header-id-meta":"","stick-header-meta":"default","header-above-stick-meta":"","header-main-stick-meta":"","header-below-stick-meta":"","astra-migrate-meta-layouts":"set","ast-page-background-enabled":"default","ast-page-background-meta":{"desktop":{"background-color":"var(--ast-global-color-4)","background-image":"","background-repeat":"repeat","background-position":"center center","background-size":"auto","background-attachment":"scroll","background-type":"","background-media":"","overlay-type":"","overlay-color":"","overlay-opacity":"","overlay-gradient":""},"tablet":{"background-color":"","background-image":"","background-repeat":"repeat","background-position":"center center","background-size":"auto","background-attachment":"scroll","background-type":"","background-media":"","overlay-type":"","overlay-color":"","overlay-opacity":"","overlay-gradient":""},"mobile":{"background-color":"","background-image":"","background-repeat":"repeat","background-position":"center center","background-size":"auto","background-attachment":"scroll","background-type":"","background-media":"","overlay-type":"","overlay-color":"","overlay-opacity":"","overlay-gradient":""}},"ast-content-background-meta":{"desktop":{"background-color":"var(--ast-global-color-5)","background-image":"","background-repeat":"repeat","background-position":"center center","background-size":"auto","background-attachment":"scroll","background-type":"","background-media":"","overlay-type":"","overlay-color":"","overlay-opacity":"","overlay-gradient":""},"tablet":{"background-color":"var(--ast-global-color-5)","background-image":"","background-repeat":"repeat","background-position":"center center","background-size":"auto","background-attachment":"scroll","background-type":"","background-media":"","overlay-type":"","overlay-color":"","overlay-opacity":"","overlay-gradient":""},"mobile":{"background-color":"var(--ast-global-color-5)","background-image":"","background-repeat":"repeat","background-position":"center center","background-size":"auto","background-attachment":"scroll","background-type":"","background-media":"","overlay-type":"","overlay-color":"","overlay-opacity":"","overlay-gradient":""}},"footnotes":""},"class_list":["post-1846","page","type-page","status-publish","hentry"],"yoast_head":"<!-- This site is optimized with the Yoast SEO plugin v27.5 - https:\/\/yoast.com\/product\/yoast-seo-wordpress\/ -->\n<title>S\u00fa\u0165a\u017e mlad\u00fdch elektronikov - \u0160IOV - \u0161t\u00e1tny in\u0161tit\u00fat odborn\u00e9ho vzdel\u00e1vania<\/title>\n<meta name=\"robots\" content=\"index, follow, max-snippet:-1, max-image-preview:large, max-video-preview:-1\" \/>\n<link rel=\"canonical\" href=\"https:\/\/archiv.siov.sk\/en\/sutaze\/juvyr\/\" \/>\n<meta property=\"og:locale\" content=\"en_GB\" \/>\n<meta property=\"og:type\" content=\"article\" \/>\n<meta property=\"og:title\" content=\"S\u00fa\u0165a\u017e mlad\u00fdch elektronikov - \u0160IOV - \u0161t\u00e1tny in\u0161tit\u00fat odborn\u00e9ho vzdel\u00e1vania\" \/>\n<meta property=\"og:description\" content=\"S\u00fa\u0165a\u017e mlad\u00fdch elektronikov \u0160IOV akt\u00edvne prezentuje \u00a0pred verejnos\u0165ou na\u017eivo a zbl\u00edska r\u00f4zne u\u010debn\u00e9 a \u0161tudijn\u00e9 odbory v remesl\u00e1ch prostredn\u00edctvom Skills Slovakia celo\u0161t\u00e1tnej odbornej\u00a0 s\u00fa\u0165a\u017ee v zameran\u00ed na elektroniku pre \u017eiakov 1. a 2 ro\u010dn\u00edkov stredn\u00fdch odborn\u00fdch \u0161k\u00f4l SR s n\u00e1zvom \u201eS\u00fa\u0165a\u017e mlad\u00fdch elektronikov\u201c . Projekt JUVYR \u2013 Juniorsk\u00e9 dni remesiel, \u00a0interakt\u00edvna prezent\u00e1cia odborn\u00e9ho vzdel\u00e1vania a [&hellip;]\" \/>\n<meta property=\"og:url\" content=\"https:\/\/archiv.siov.sk\/en\/sutaze\/juvyr\/\" \/>\n<meta property=\"og:site_name\" content=\"\u0160IOV - \u0161t\u00e1tny in\u0161tit\u00fat odborn\u00e9ho vzdel\u00e1vania\" \/>\n<meta property=\"article:publisher\" content=\"https:\/\/www.facebook.com\/Statnyinstitutodbornehovzdelavania\" \/>\n<meta property=\"article:modified_time\" content=\"2025-11-12T11:55:57+00:00\" \/>\n<meta property=\"og:image\" content=\"https:\/\/archiv.siov.sk\/wp-content\/uploads\/2019\/02\/juvyr-300x83.jpg\" \/>\n<meta name=\"twitter:card\" content=\"summary_large_image\" \/>\n<meta name=\"twitter:label1\" content=\"Estimated reading time\" \/>\n\t<meta name=\"twitter:data1\" content=\"2 minutes\" \/>\n<script type=\"application\/ld+json\" class=\"yoast-schema-graph\">{\"@context\":\"https:\\\/\\\/schema.org\",\"@graph\":[{\"@type\":\"WebPage\",\"@id\":\"https:\\\/\\\/archiv.siov.sk\\\/en\\\/sutaze\\\/juvyr\\\/\",\"url\":\"https:\\\/\\\/archiv.siov.sk\\\/en\\\/sutaze\\\/juvyr\\\/\",\"name\":\"S\u00fa\u0165a\u017e mlad\u00fdch elektronikov - \u0160IOV - \u0161t\u00e1tny in\u0161tit\u00fat odborn\u00e9ho vzdel\u00e1vania\",\"isPartOf\":{\"@id\":\"https:\\\/\\\/archiv.siov.sk\\\/#website\"},\"primaryImageOfPage\":{\"@id\":\"https:\\\/\\\/archiv.siov.sk\\\/en\\\/sutaze\\\/juvyr\\\/#primaryimage\"},\"image\":{\"@id\":\"https:\\\/\\\/archiv.siov.sk\\\/en\\\/sutaze\\\/juvyr\\\/#primaryimage\"},\"thumbnailUrl\":\"https:\\\/\\\/archiv.siov.sk\\\/wp-content\\\/uploads\\\/2019\\\/02\\\/juvyr-300x83.jpg\",\"datePublished\":\"2019-02-12T14:38:56+00:00\",\"dateModified\":\"2025-11-12T11:55:57+00:00\",\"breadcrumb\":{\"@id\":\"https:\\\/\\\/archiv.siov.sk\\\/en\\\/sutaze\\\/juvyr\\\/#breadcrumb\"},\"inLanguage\":\"en-GB\",\"potentialAction\":[{\"@type\":\"ReadAction\",\"target\":[\"https:\\\/\\\/archiv.siov.sk\\\/en\\\/sutaze\\\/juvyr\\\/\"]}]},{\"@type\":\"ImageObject\",\"inLanguage\":\"en-GB\",\"@id\":\"https:\\\/\\\/archiv.siov.sk\\\/en\\\/sutaze\\\/juvyr\\\/#primaryimage\",\"url\":\"https:\\\/\\\/archiv.siov.sk\\\/wp-content\\\/uploads\\\/2019\\\/02\\\/juvyr-300x83.jpg\",\"contentUrl\":\"https:\\\/\\\/archiv.siov.sk\\\/wp-content\\\/uploads\\\/2019\\\/02\\\/juvyr-300x83.jpg\"},{\"@type\":\"BreadcrumbList\",\"@id\":\"https:\\\/\\\/archiv.siov.sk\\\/en\\\/sutaze\\\/juvyr\\\/#breadcrumb\",\"itemListElement\":[{\"@type\":\"ListItem\",\"position\":1,\"name\":\"Home\",\"item\":\"https:\\\/\\\/archiv.siov.sk\\\/\"},{\"@type\":\"ListItem\",\"position\":2,\"name\":\"S\u00fa\u0165a\u017ee\",\"item\":\"https:\\\/\\\/archiv.siov.sk\\\/sutaze\\\/\"},{\"@type\":\"ListItem\",\"position\":3,\"name\":\"S\u00fa\u0165a\u017e mlad\u00fdch elektronikov\"}]},{\"@type\":\"WebSite\",\"@id\":\"https:\\\/\\\/archiv.siov.sk\\\/#website\",\"url\":\"https:\\\/\\\/archiv.siov.sk\\\/\",\"name\":\"\u0160IOV - \u0161t\u00e1tny in\u0161tit\u00fat odborn\u00e9ho vzdel\u00e1vania\",\"description\":\"\",\"publisher\":{\"@id\":\"https:\\\/\\\/archiv.siov.sk\\\/#organization\"},\"potentialAction\":[{\"@type\":\"SearchAction\",\"target\":{\"@type\":\"EntryPoint\",\"urlTemplate\":\"https:\\\/\\\/archiv.siov.sk\\\/?s={search_term_string}\"},\"query-input\":{\"@type\":\"PropertyValueSpecification\",\"valueRequired\":true,\"valueName\":\"search_term_string\"}}],\"inLanguage\":\"en-GB\"},{\"@type\":\"Organization\",\"@id\":\"https:\\\/\\\/archiv.siov.sk\\\/#organization\",\"name\":\"\u0160IOV - \u0161t\u00e1tny in\u0161tit\u00fat odborn\u00e9ho vzdel\u00e1vania\",\"url\":\"https:\\\/\\\/archiv.siov.sk\\\/\",\"logo\":{\"@type\":\"ImageObject\",\"inLanguage\":\"en-GB\",\"@id\":\"https:\\\/\\\/archiv.siov.sk\\\/#\\\/schema\\\/logo\\\/image\\\/\",\"url\":\"https:\\\/\\\/archiv.siov.sk\\\/wp-content\\\/uploads\\\/2024\\\/02\\\/logo-SIOV.png\",\"contentUrl\":\"https:\\\/\\\/archiv.siov.sk\\\/wp-content\\\/uploads\\\/2024\\\/02\\\/logo-SIOV.png\",\"width\":431,\"height\":143,\"caption\":\"\u0160IOV - \u0161t\u00e1tny in\u0161tit\u00fat odborn\u00e9ho vzdel\u00e1vania\"},\"image\":{\"@id\":\"https:\\\/\\\/archiv.siov.sk\\\/#\\\/schema\\\/logo\\\/image\\\/\"},\"sameAs\":[\"https:\\\/\\\/www.facebook.com\\\/Statnyinstitutodbornehovzdelavania\"]}]}<\/script>\n<!-- \/ Yoast SEO plugin. -->","yoast_head_json":{"title":"S\u00fa\u0165a\u017e mlad\u00fdch elektronikov - \u0160IOV - \u0161t\u00e1tny in\u0161tit\u00fat odborn\u00e9ho vzdel\u00e1vania","robots":{"index":"index","follow":"follow","max-snippet":"max-snippet:-1","max-image-preview":"max-image-preview:large","max-video-preview":"max-video-preview:-1"},"canonical":"https:\/\/archiv.siov.sk\/en\/sutaze\/juvyr\/","og_locale":"en_GB","og_type":"article","og_title":"S\u00fa\u0165a\u017e mlad\u00fdch elektronikov - \u0160IOV - \u0161t\u00e1tny in\u0161tit\u00fat odborn\u00e9ho vzdel\u00e1vania","og_description":"S\u00fa\u0165a\u017e mlad\u00fdch elektronikov \u0160IOV akt\u00edvne prezentuje \u00a0pred verejnos\u0165ou na\u017eivo a zbl\u00edska r\u00f4zne u\u010debn\u00e9 a \u0161tudijn\u00e9 odbory v remesl\u00e1ch prostredn\u00edctvom Skills Slovakia celo\u0161t\u00e1tnej odbornej\u00a0 s\u00fa\u0165a\u017ee v zameran\u00ed na elektroniku pre \u017eiakov 1. a 2 ro\u010dn\u00edkov stredn\u00fdch odborn\u00fdch \u0161k\u00f4l SR s n\u00e1zvom \u201eS\u00fa\u0165a\u017e mlad\u00fdch elektronikov\u201c . Projekt JUVYR \u2013 Juniorsk\u00e9 dni remesiel, \u00a0interakt\u00edvna prezent\u00e1cia odborn\u00e9ho vzdel\u00e1vania a [&hellip;]","og_url":"https:\/\/archiv.siov.sk\/en\/sutaze\/juvyr\/","og_site_name":"\u0160IOV - \u0161t\u00e1tny in\u0161tit\u00fat odborn\u00e9ho vzdel\u00e1vania","article_publisher":"https:\/\/www.facebook.com\/Statnyinstitutodbornehovzdelavania","article_modified_time":"2025-11-12T11:55:57+00:00","og_image":[{"url":"https:\/\/archiv.siov.sk\/wp-content\/uploads\/2019\/02\/juvyr-300x83.jpg","type":"","width":"","height":""}],"twitter_card":"summary_large_image","twitter_misc":{"Estimated reading time":"2 minutes"},"schema":{"@context":"https:\/\/schema.org","@graph":[{"@type":"WebPage","@id":"https:\/\/archiv.siov.sk\/en\/sutaze\/juvyr\/","url":"https:\/\/archiv.siov.sk\/en\/sutaze\/juvyr\/","name":"S\u00fa\u0165a\u017e mlad\u00fdch elektronikov - \u0160IOV - \u0161t\u00e1tny in\u0161tit\u00fat odborn\u00e9ho vzdel\u00e1vania","isPartOf":{"@id":"https:\/\/archiv.siov.sk\/#website"},"primaryImageOfPage":{"@id":"https:\/\/archiv.siov.sk\/en\/sutaze\/juvyr\/#primaryimage"},"image":{"@id":"https:\/\/archiv.siov.sk\/en\/sutaze\/juvyr\/#primaryimage"},"thumbnailUrl":"https:\/\/archiv.siov.sk\/wp-content\/uploads\/2019\/02\/juvyr-300x83.jpg","datePublished":"2019-02-12T14:38:56+00:00","dateModified":"2025-11-12T11:55:57+00:00","breadcrumb":{"@id":"https:\/\/archiv.siov.sk\/en\/sutaze\/juvyr\/#breadcrumb"},"inLanguage":"en-GB","potentialAction":[{"@type":"ReadAction","target":["https:\/\/archiv.siov.sk\/en\/sutaze\/juvyr\/"]}]},{"@type":"ImageObject","inLanguage":"en-GB","@id":"https:\/\/archiv.siov.sk\/en\/sutaze\/juvyr\/#primaryimage","url":"https:\/\/archiv.siov.sk\/wp-content\/uploads\/2019\/02\/juvyr-300x83.jpg","contentUrl":"https:\/\/archiv.siov.sk\/wp-content\/uploads\/2019\/02\/juvyr-300x83.jpg"},{"@type":"BreadcrumbList","@id":"https:\/\/archiv.siov.sk\/en\/sutaze\/juvyr\/#breadcrumb","itemListElement":[{"@type":"ListItem","position":1,"name":"Home","item":"https:\/\/archiv.siov.sk\/"},{"@type":"ListItem","position":2,"name":"S\u00fa\u0165a\u017ee","item":"https:\/\/archiv.siov.sk\/sutaze\/"},{"@type":"ListItem","position":3,"name":"S\u00fa\u0165a\u017e mlad\u00fdch elektronikov"}]},{"@type":"WebSite","@id":"https:\/\/archiv.siov.sk\/#website","url":"https:\/\/archiv.siov.sk\/","name":"\u0160IOV - \u0161t\u00e1tny in\u0161tit\u00fat odborn\u00e9ho vzdel\u00e1vania","description":"","publisher":{"@id":"https:\/\/archiv.siov.sk\/#organization"},"potentialAction":[{"@type":"SearchAction","target":{"@type":"EntryPoint","urlTemplate":"https:\/\/archiv.siov.sk\/?s={search_term_string}"},"query-input":{"@type":"PropertyValueSpecification","valueRequired":true,"valueName":"search_term_string"}}],"inLanguage":"en-GB"},{"@type":"Organization","@id":"https:\/\/archiv.siov.sk\/#organization","name":"\u0160IOV - \u0161t\u00e1tny in\u0161tit\u00fat odborn\u00e9ho vzdel\u00e1vania","url":"https:\/\/archiv.siov.sk\/","logo":{"@type":"ImageObject","inLanguage":"en-GB","@id":"https:\/\/archiv.siov.sk\/#\/schema\/logo\/image\/","url":"https:\/\/archiv.siov.sk\/wp-content\/uploads\/2024\/02\/logo-SIOV.png","contentUrl":"https:\/\/archiv.siov.sk\/wp-content\/uploads\/2024\/02\/logo-SIOV.png","width":431,"height":143,"caption":"\u0160IOV - \u0161t\u00e1tny in\u0161tit\u00fat odborn\u00e9ho vzdel\u00e1vania"},"image":{"@id":"https:\/\/archiv.siov.sk\/#\/schema\/logo\/image\/"},"sameAs":["https:\/\/www.facebook.com\/Statnyinstitutodbornehovzdelavania"]}]}},"_links":{"self":[{"href":"https:\/\/archiv.siov.sk\/en\/wp-json\/wp\/v2\/pages\/1846","targetHints":{"allow":["GET"]}}],"collection":[{"href":"https:\/\/archiv.siov.sk\/en\/wp-json\/wp\/v2\/pages"}],"about":[{"href":"https:\/\/archiv.siov.sk\/en\/wp-json\/wp\/v2\/types\/page"}],"author":[{"embeddable":true,"href":"https:\/\/archiv.siov.sk\/en\/wp-json\/wp\/v2\/users\/1"}],"replies":[{"embeddable":true,"href":"https:\/\/archiv.siov.sk\/en\/wp-json\/wp\/v2\/comments?post=1846"}],"version-history":[{"count":99,"href":"https:\/\/archiv.siov.sk\/en\/wp-json\/wp\/v2\/pages\/1846\/revisions"}],"predecessor-version":[{"id":21825,"href":"https:\/\/archiv.siov.sk\/en\/wp-json\/wp\/v2\/pages\/1846\/revisions\/21825"}],"up":[{"embeddable":true,"href":"https:\/\/archiv.siov.sk\/en\/wp-json\/wp\/v2\/pages\/144"}],"wp:attachment":[{"href":"https:\/\/archiv.siov.sk\/en\/wp-json\/wp\/v2\/media?parent=1846"}],"curies":[{"name":"wp","href":"https:\/\/api.w.org\/{rel}","templated":true}]}}