{"id":1821,"date":"2019-02-12T15:21:27","date_gmt":"2019-02-12T14:21:27","guid":{"rendered":"http:\/\/archiv.siov.sk\/?page_id=1821"},"modified":"2026-01-28T12:39:40","modified_gmt":"2026-01-28T11:39:40","slug":"mlady-mechatronik","status":"publish","type":"page","link":"https:\/\/archiv.siov.sk\/en\/sutaze\/skills-slovakia\/mlady-mechatronik\/","title":{"rendered":"Mlad\u00fd mechatronik"},"content":{"rendered":"<div data-elementor-type=\"wp-page\" data-elementor-id=\"1821\" class=\"elementor elementor-1821\" data-elementor-post-type=\"page\">\n\t\t\t\t\t\t<section class=\"elementor-section elementor-top-section elementor-element elementor-element-53b065c elementor-section-boxed elementor-section-height-default elementor-section-height-default\" data-id=\"53b065c\" data-element_type=\"section\" data-e-type=\"section\">\n\t\t\t\t\t\t<div class=\"elementor-container elementor-column-gap-default\">\n\t\t\t\t\t<div class=\"elementor-column elementor-col-100 elementor-top-column elementor-element elementor-element-9b08106\" data-id=\"9b08106\" data-element_type=\"column\" data-e-type=\"column\">\n\t\t\t<div class=\"elementor-widget-wrap elementor-element-populated\">\n\t\t\t\t\t\t<div class=\"elementor-element elementor-element-57dd273 elementor-widget-divider--view-line elementor-widget elementor-widget-divider\" data-id=\"57dd273\" data-element_type=\"widget\" data-e-type=\"widget\" data-widget_type=\"divider.default\">\n\t\t\t\t<div class=\"elementor-widget-container\">\n\t\t\t\t\t\t\t<div class=\"elementor-divider\">\n\t\t\t<span class=\"elementor-divider-separator\">\n\t\t\t\t\t\t<\/span>\n\t\t<\/div>\n\t\t\t\t\t\t<\/div>\n\t\t\t\t<\/div>\n\t\t\t\t<div class=\"elementor-element elementor-element-34f683f elementor-widget elementor-widget-heading\" data-id=\"34f683f\" data-element_type=\"widget\" data-e-type=\"widget\" data-widget_type=\"heading.default\">\n\t\t\t\t<div class=\"elementor-widget-container\">\n\t\t\t\t\t<h2 class=\"elementor-heading-title elementor-size-default\">Mlad\u00fd mechatronik<\/h2>\t\t\t\t<\/div>\n\t\t\t\t<\/div>\n\t\t\t\t\t<\/div>\n\t\t<\/div>\n\t\t\t\t\t<\/div>\n\t\t<\/section>\n\t\t\t\t<section class=\"elementor-section elementor-top-section elementor-element elementor-element-40f69590 elementor-section-boxed elementor-section-height-default elementor-section-height-default\" data-id=\"40f69590\" data-element_type=\"section\" data-e-type=\"section\">\n\t\t\t\t\t\t<div class=\"elementor-container elementor-column-gap-default\">\n\t\t\t\t\t<div class=\"elementor-column elementor-col-100 elementor-top-column elementor-element elementor-element-29743863\" data-id=\"29743863\" data-element_type=\"column\" data-e-type=\"column\">\n\t\t\t<div class=\"elementor-widget-wrap elementor-element-populated\">\n\t\t\t\t\t\t<div class=\"elementor-element elementor-element-795bda8c elementor-widget elementor-widget-text-editor\" data-id=\"795bda8c\" data-element_type=\"widget\" data-e-type=\"widget\" data-widget_type=\"text-editor.default\">\n\t\t\t\t<div class=\"elementor-widget-container\">\n\t\t\t\t\t\t\t\t\t<p style=\"text-align: justify;\">S\u00fa\u0165a\u017e v zameran\u00ed na oblas\u0165 mechaniky a mechatroniky ur\u010den\u00e1 pre \u017eiakov SO\u0160, ktorej cie\u013eom je podpora a vyh\u013ead\u00e1vanie talentovan\u00fdch a nadan\u00fdch \u017eiakov S\u0160, rozv\u00edjanie tvoriv\u00fdch \u00a0kompetenci\u00ed \u017eiakov, odborn\u00fdch, teoretick\u00fdch vedomost\u00ed a odborn\u00fdch, praktick\u00fdch schopnost\u00ed a zru\u010dnost\u00ed z elektrotechniky, automatiz\u00e1cie a mechaniky, rie\u0161enia \u00a0\u00faloh a zadan\u00ed s\u00fa zameran\u00e9 na vlastnosti pneumatick\u00fdch pohonov, pneumatick\u00fdch a elektropneumatick\u00fdch ventilov, programovanie a konfigur\u00e1ciu PLC (S7-300), optick\u00e9 sn\u00edma\u010de, kon\u0161trukciu, zap\u00e1janie, spracovanie sign\u00e1lov, logick\u00e9 funkcie v programe. Strojn\u00e9 zariadenia a\u00a0 komponenty garantuje spolo\u010dnos\u0165 FESTO.<\/p><p><span style=\"font-weight: bold; text-align: start;\">\u0160kolsk\u00fd rok 2025\/2026<\/span><\/p><ul><li><a href=\"https:\/\/siov.sk\/wp-content\/uploads\/2026\/01\/MOP-Skills-S_Mlady-mechatronik-2025_26-final.2-docx.pdf\" target=\"_blank\" rel=\"noopener\">Metodicko-organiza\u010dn\u00e9 pokyny<\/a><\/li><\/ul><p><span style=\"font-weight: bold; text-align: start;\">\u0160kolsk\u00fd rok 2024\/2025<\/span><\/p><ul><li><a href=\"https:\/\/siov.sk\/wp-content\/uploads\/2025\/06\/MM-Vysledky.pdf\" target=\"_blank\" rel=\"noopener\">V\u00fdsledky celo\u0161t\u00e1tneho kola\u00a0<\/a><\/li><li><a href=\"https:\/\/siov.sk\/wp-content\/uploads\/2025\/06\/Propozicie_Slovak_Skills_2025.pdf\" target=\"_blank\" rel=\"noopener\">S\u00fa\u0165a\u017en\u00e9 propoz\u00edcie<\/a><\/li><li><a href=\"https:\/\/siov.sk\/wp-content\/uploads\/2025\/03\/MM25_plagat.jpg\" target=\"_blank\" rel=\"noopener\">Plag\u00e1t s\u00fa\u0165a\u017ee<\/a><\/li><li><a href=\"https:\/\/siov.sk\/wp-content\/uploads\/2025\/02\/Pozyvaci-list-sutaz-MM-2025-fin.docx\" target=\"_blank\" rel=\"noopener\">Pozv\u00e1nka na 9. ro\u010dn\u00edk celo\u0161t\u00e1tneho kola s\u00fa\u0165a\u017ee<\/a><\/li><li><a href=\"https:\/\/siov.sk\/wp-content\/uploads\/2024\/08\/OTP-Skills-Slovakia-Mlady-mechatronik-2024_25.pdf\" target=\"_blank\" rel=\"noopener\">Organiza\u010dno-technick\u00e9 pokyny<\/a><\/li><\/ul><p style=\"text-align: justify;\"><span style=\"font-weight: bold; text-align: start;\">\u0160kolsk\u00fd rok 2023\/2024<\/span><\/p><ul style=\"font-size: 15px; font-style: normal; font-weight: 400;\"><li style=\"font-size: 15px;\"><a href=\"https:\/\/siov.sk\/wp-content\/uploads\/2024\/04\/MM-vysledky-Hodnotenie_2024.pdf\" target=\"_blank\" rel=\"noopener\">V\u00fdsledky celo\u0161t\u00e1tneho kola<\/a><\/li><li style=\"font-size: 15px;\"><a href=\"https:\/\/siov.sk\/wp-content\/uploads\/2024\/04\/Propozicie_Slovak_Skills_2024.pdf\" target=\"_blank\" rel=\"noopener\">S\u00fa\u0165a\u017en\u00e9 propoz\u00edcie<\/a><\/li><li style=\"font-size: 15px;\"><a href=\"https:\/\/siov.sk\/wp-content\/uploads\/2024\/03\/Pozyvaci-list-sutaz-MM-2024_OK_logaO.docx\" target=\"_blank\" rel=\"noopener\">Pozv\u00e1nka a odkaz na prihlasovanie<\/a><\/li><li style=\"font-size: 15px;\"><a href=\"https:\/\/siov.sk\/wp-content\/uploads\/2024\/03\/Program-MM-2024-final.docx\" target=\"_blank\" rel=\"noopener\">Program s\u00fa\u0165a\u017ee<\/a><\/li><li style=\"font-size: 15px;\"><a href=\"https:\/\/siov.sk\/wp-content\/uploads\/2024\/03\/MM24_dizajn-plagatu_final.png\" target=\"_blank\" rel=\"noopener\">Plag\u00e1t s\u00fa\u0165a\u017ee<\/a><\/li><li style=\"font-size: 15px;\"><a href=\"https:\/\/siov.sk\/wp-content\/uploads\/2024\/02\/Vyhlasenie.MM-2024-pdf.pdf\" target=\"_blank\" rel=\"noopener\">Vyhl\u00e1senie s\u00fa\u0165a\u017ee<\/a><\/li><li style=\"font-size: 15px;\"><a href=\"https:\/\/siov.sk\/wp-content\/uploads\/2024\/02\/OTP-Skills-S_Mlady-mechatronik-2023_24-final-.docx\" target=\"_blank\" rel=\"noopener\">Organiza\u010dno-technick\u00e9 pokyny<\/a><\/li><\/ul><p style=\"text-align: justify;\"><span style=\"font-weight: bold; text-align: start;\">\u0160kolsk\u00fd rok 2022\/2023<\/span><\/p><ul style=\"font-size: 15px; font-style: normal; font-weight: 400;\"><li style=\"font-size: 15px;\"><a href=\"https:\/\/siov.sk\/wp-content\/uploads\/2023\/04\/Vysledky_MM_2023.pdf\" target=\"_blank\" rel=\"noopener\">V\u00fdsledkov\u00e1 listina &#8211; Mlad\u00fd mechatronik 2023<\/a><\/li><li style=\"font-size: 15px;\"><a href=\"https:\/\/siov.sk\/wp-content\/uploads\/2023\/03\/MM-2023-final.png\" target=\"_blank\" rel=\"noopener\">Let\u00e1k s\u00fa\u0165a\u017ee &#8211; pozv\u00e1nka<\/a><\/li><li style=\"font-size: 15px;\"><a href=\"https:\/\/siov.sk\/wp-content\/uploads\/2023\/02\/MM-Vyhlasenie-sutaze-MS-SR.pdf\" target=\"_blank\" rel=\"noopener\">Vyhl\u00e1senie s\u00fa\u0165a\u017ee<\/a><\/li><li style=\"font-size: 15px;\"><a href=\"https:\/\/siov.sk\/wp-content\/uploads\/2023\/01\/Propozicie_Slovak_Skills_2023.pdf\" target=\"_blank\" rel=\"noopener\">Propoz\u00edcie s\u00fa\u0165a\u017ee 2023<\/a><\/li><li style=\"font-size: 15px;\"><a href=\"https:\/\/siov.sk\/wp-content\/uploads\/2023\/01\/Slovak_Skills_PP_2023.pdf\" target=\"_blank\" rel=\"noopener\">Propoz\u00edcie s\u00fa\u0165a\u017ee 2023 &#8211; Profesion\u00e1lna prax<\/a><\/li><\/ul><p><strong>\u0160kolsk\u00fd rok 2020\/2021<\/strong><\/p><ul><li><strong><a href=\"https:\/\/siov.sk\/wp-content\/uploads\/2021\/01\/Informacia-FESTO-MM.docx\" target=\"_blank\" rel=\"noopener noreferrer\">Aktu\u00e1lna Inform\u00e1cia k s\u00fa\u0165a\u017ei<\/a><\/strong><\/li><\/ul><p><strong>\u0160kolsk\u00fd rok 2019\/2020<\/strong><\/p><ul><li><strong><a href=\"https:\/\/siov.sk\/sutaze\/skills-slovakia\/mlady-mechatronik\/zavazna-prihlaska-skills-slovakia-mlady-mechatronik\/\" target=\"_blank\" rel=\"noopener noreferrer\">Online prihl\u00e1\u0161ka<\/a><\/strong><\/li><li><a href=\"\/wp-content\/uploads\/2019\/12\/Vyhlasenie-sutaze-Mlady-mechatronik_2020.pdf\" target=\"_blank\" rel=\"noopener noreferrer\">Vyhl\u00e1senie 7. ro\u010dn\u00edka<\/a><\/li><li><a href=\"\/wp-content\/uploads\/2019\/12\/OTP-Mlady-mechatronik.pdf\" target=\"_blank\" rel=\"noopener noreferrer\">Organiza\u010dno-technick\u00e9 pokyny<\/a><\/li><li><a href=\"\/wp-content\/uploads\/2020\/01\/Propozicie_Slovak_Skills_2020.pdf\" target=\"_blank\" rel=\"noopener noreferrer\">S\u00fa\u0165a\u017en\u00e9 propoz\u00edcie<\/a><\/li><li><a href=\"\/wp-content\/uploads\/2020\/01\/Slovak_Skills_PP_2020.pdf\" target=\"_blank\" rel=\"noopener noreferrer\">Mlad\u00fd mechatronik \u2013 Profesion\u00e1lna prax<\/a><\/li><li><a href=\"\/wp-content\/uploads\/2020\/02\/mlady-mechatronik-2020.jpg\" target=\"_blank\" rel=\"noopener noreferrer\">Let\u00e1k \u2013 pozv\u00e1nka<\/a><\/li><\/ul><p><strong>\u0160kolsk\u00fd rok 2017\/2018<\/strong><\/p><ul><li><a href=\"\/wp-content\/uploads\/2019\/02\/Vysledkova-listina-final.MM-2018.pdf\" target=\"_blank\" rel=\"noopener noreferrer\">V\u00fdsledkov\u00e1 listina<\/a><\/li><li><a href=\"\/wp-content\/uploads\/2019\/02\/Registracna-listina-MM-2018-na-web.pdf\" target=\"_blank\" rel=\"noopener noreferrer\">Registra\u010dn\u00e1 listina Mlad\u00fd Mechatronik<\/a><\/li><li><a href=\"\/wp-content\/uploads\/2019\/02\/Propozicie_Slovak_Skills_2018.pdf\" target=\"_blank\" rel=\"noopener noreferrer\">S\u00fa\u0165a\u017en\u00e9 propoz\u00edcie<\/a><\/li><li><a href=\"\/wp-content\/uploads\/2019\/02\/Slovak_Skills_PP_2018.pdf\" target=\"_blank\" rel=\"noopener noreferrer\">S\u00fa\u0165a\u017en\u00e9 propoz\u00edcie &#8211; pravidl\u00e1 pre profesion\u00e1lnu prax<\/a><\/li><li><a href=\"\/wp-content\/uploads\/2019\/02\/Prihlaska-na-sutaz-Skills-Slovakia-MM.docx\" target=\"_blank\" rel=\"noopener noreferrer\">Prihl\u00e1\u0161ka na s\u00fa\u0165a\u017e Skills Slovakia<\/a><\/li><\/ul><p><strong>\u0160kolsk\u00fd rok 2016\/2017<\/strong><\/p><ul><li><a href=\"\/wp-content\/uploads\/2019\/02\/Vyhodnotenie-5.-ro\u010dn\u00edka-sutaze-Mlady-mechatronik-2017.pdf\" target=\"_blank\" rel=\"noopener noreferrer\">Vyhodnotenie 5. ro\u010dn\u00edka s\u00fa\u0165a\u017ee Mlad\u00fd mechatronik 2017<\/a><\/li><li><a href=\"\/wp-content\/uploads\/2019\/02\/Vyhodnotenie-5.-ro\u010dn\u00edka-sutaze-Mlady-mechatronik-2017.pdf\" target=\"_blank\" rel=\"noopener noreferrer\">V\u00fdsledkov\u00e1 listina<\/a><\/li><li><a href=\"\/wp-content\/uploads\/2019\/02\/Informacny-bulletin-Skills-Slovakia-MM-2017v02.pdf\" target=\"_blank\" rel=\"noopener noreferrer\">Bulletin<\/a><\/li><li><a href=\"\/wp-content\/uploads\/2019\/02\/Propozicie_Mlady-mechatronik-Skills-Slovakia-2017.pdf\" target=\"_blank\" rel=\"noopener noreferrer\">Fin\u00e1le &#8211; s\u00fa\u0165a\u017en\u00e9 propoz\u00edcie<\/a><\/li><li><a href=\"\/wp-content\/uploads\/2019\/02\/PRIHLASKA_Mlady_mechatronik_2016-17-web.doc\" target=\"_blank\" rel=\"noopener noreferrer\">Prihl\u00e1\u0161ka<\/a><\/li><\/ul>\t\t\t\t\t\t\t\t<\/div>\n\t\t\t\t<\/div>\n\t\t\t\t\t<\/div>\n\t\t<\/div>\n\t\t\t\t\t<\/div>\n\t\t<\/section>\n\t\t\t\t<section class=\"elementor-section elementor-top-section elementor-element elementor-element-b6dabe1 elementor-section-boxed elementor-section-height-default elementor-section-height-default\" data-id=\"b6dabe1\" data-element_type=\"section\" data-e-type=\"section\">\n\t\t\t\t\t\t<div class=\"elementor-container elementor-column-gap-default\">\n\t\t\t\t\t<div class=\"elementor-column elementor-col-100 elementor-top-column elementor-element elementor-element-a430215\" data-id=\"a430215\" data-element_type=\"column\" data-e-type=\"column\">\n\t\t\t<div class=\"elementor-widget-wrap elementor-element-populated\">\n\t\t\t\t\t\t<div class=\"elementor-element elementor-element-ad27f05 elementor-widget elementor-widget-text-editor\" data-id=\"ad27f05\" data-element_type=\"widget\" data-e-type=\"widget\" data-widget_type=\"text-editor.default\">\n\t\t\t\t<div class=\"elementor-widget-container\">\n\t\t\t\t\t\t\t\t\t<p>Lorem ipsum dolor sit amet, consectetur adipiscing elit. Ut elit tellus, luctus nec ullamcorper mattis, pulvinar dapibus leo.<\/p>\t\t\t\t\t\t\t\t<\/div>\n\t\t\t\t<\/div>\n\t\t\t\t\t<\/div>\n\t\t<\/div>\n\t\t\t\t\t<\/div>\n\t\t<\/section>\n\t\t\t\t<\/div>","protected":false},"excerpt":{"rendered":"<p>Mlad\u00fd mechatronik S\u00fa\u0165a\u017e v zameran\u00ed na oblas\u0165 mechaniky a mechatroniky ur\u010den\u00e1 pre \u017eiakov SO\u0160, ktorej cie\u013eom je podpora a vyh\u013ead\u00e1vanie talentovan\u00fdch a nadan\u00fdch \u017eiakov S\u0160, rozv\u00edjanie tvoriv\u00fdch \u00a0kompetenci\u00ed \u017eiakov, odborn\u00fdch, teoretick\u00fdch vedomost\u00ed a odborn\u00fdch, praktick\u00fdch schopnost\u00ed a zru\u010dnost\u00ed z elektrotechniky, automatiz\u00e1cie a mechaniky, rie\u0161enia \u00a0\u00faloh a zadan\u00ed s\u00fa zameran\u00e9 na vlastnosti pneumatick\u00fdch pohonov, pneumatick\u00fdch a [&hellip;]<\/p>\n","protected":false},"author":1,"featured_media":0,"parent":1810,"menu_order":0,"comment_status":"closed","ping_status":"closed","template":"","meta":{"site-sidebar-layout":"default","site-content-layout":"default","ast-site-content-layout":"default","site-content-style":"default","site-sidebar-style":"default","ast-global-header-display":"","ast-banner-title-visibility":"","ast-main-header-display":"","ast-hfb-above-header-display":"","ast-hfb-below-header-display":"","ast-hfb-mobile-header-display":"","site-post-title":"disabled","ast-breadcrumbs-content":"","ast-featured-img":"","footer-sml-layout":"","ast-disable-related-posts":"","theme-transparent-header-meta":"default","adv-header-id-meta":"","stick-header-meta":"default","header-above-stick-meta":"","header-main-stick-meta":"","header-below-stick-meta":"","astra-migrate-meta-layouts":"set","ast-page-background-enabled":"default","ast-page-background-meta":{"desktop":{"background-color":"var(--ast-global-color-4)","background-image":"","background-repeat":"repeat","background-position":"center center","background-size":"auto","background-attachment":"scroll","background-type":"","background-media":"","overlay-type":"","overlay-color":"","overlay-opacity":"","overlay-gradient":""},"tablet":{"background-color":"","background-image":"","background-repeat":"repeat","background-position":"center center","background-size":"auto","background-attachment":"scroll","background-type":"","background-media":"","overlay-type":"","overlay-color":"","overlay-opacity":"","overlay-gradient":""},"mobile":{"background-color":"","background-image":"","background-repeat":"repeat","background-position":"center center","background-size":"auto","background-attachment":"scroll","background-type":"","background-media":"","overlay-type":"","overlay-color":"","overlay-opacity":"","overlay-gradient":""}},"ast-content-background-meta":{"desktop":{"background-color":"var(--ast-global-color-5)","background-image":"","background-repeat":"repeat","background-position":"center center","background-size":"auto","background-attachment":"scroll","background-type":"","background-media":"","overlay-type":"","overlay-color":"","overlay-opacity":"","overlay-gradient":""},"tablet":{"background-color":"var(--ast-global-color-5)","background-image":"","background-repeat":"repeat","background-position":"center center","background-size":"auto","background-attachment":"scroll","background-type":"","background-media":"","overlay-type":"","overlay-color":"","overlay-opacity":"","overlay-gradient":""},"mobile":{"background-color":"var(--ast-global-color-5)","background-image":"","background-repeat":"repeat","background-position":"center center","background-size":"auto","background-attachment":"scroll","background-type":"","background-media":"","overlay-type":"","overlay-color":"","overlay-opacity":"","overlay-gradient":""}},"footnotes":""},"class_list":["post-1821","page","type-page","status-publish","hentry"],"yoast_head":"<!-- This site is optimized with the Yoast SEO plugin v27.5 - https:\/\/yoast.com\/product\/yoast-seo-wordpress\/ -->\n<title>Mlad\u00fd mechatronik - \u0160IOV - \u0161t\u00e1tny in\u0161tit\u00fat odborn\u00e9ho vzdel\u00e1vania<\/title>\n<meta name=\"robots\" content=\"index, follow, max-snippet:-1, max-image-preview:large, max-video-preview:-1\" \/>\n<link rel=\"canonical\" href=\"https:\/\/archiv.siov.sk\/en\/sutaze\/skills-slovakia\/mlady-mechatronik\/\" \/>\n<meta property=\"og:locale\" content=\"en_GB\" \/>\n<meta property=\"og:type\" content=\"article\" \/>\n<meta property=\"og:title\" content=\"Mlad\u00fd mechatronik - \u0160IOV - \u0161t\u00e1tny in\u0161tit\u00fat odborn\u00e9ho vzdel\u00e1vania\" \/>\n<meta property=\"og:description\" content=\"Mlad\u00fd mechatronik S\u00fa\u0165a\u017e v zameran\u00ed na oblas\u0165 mechaniky a mechatroniky ur\u010den\u00e1 pre \u017eiakov SO\u0160, ktorej cie\u013eom je podpora a vyh\u013ead\u00e1vanie talentovan\u00fdch a nadan\u00fdch \u017eiakov S\u0160, rozv\u00edjanie tvoriv\u00fdch \u00a0kompetenci\u00ed \u017eiakov, odborn\u00fdch, teoretick\u00fdch vedomost\u00ed a odborn\u00fdch, praktick\u00fdch schopnost\u00ed a zru\u010dnost\u00ed z elektrotechniky, automatiz\u00e1cie a mechaniky, rie\u0161enia \u00a0\u00faloh a zadan\u00ed s\u00fa zameran\u00e9 na vlastnosti pneumatick\u00fdch pohonov, pneumatick\u00fdch a [&hellip;]\" \/>\n<meta property=\"og:url\" content=\"https:\/\/archiv.siov.sk\/en\/sutaze\/skills-slovakia\/mlady-mechatronik\/\" \/>\n<meta property=\"og:site_name\" content=\"\u0160IOV - \u0161t\u00e1tny in\u0161tit\u00fat odborn\u00e9ho vzdel\u00e1vania\" \/>\n<meta property=\"article:publisher\" content=\"https:\/\/www.facebook.com\/Statnyinstitutodbornehovzdelavania\" \/>\n<meta property=\"article:modified_time\" content=\"2026-01-28T11:39:40+00:00\" \/>\n<meta name=\"twitter:card\" content=\"summary_large_image\" \/>\n<meta name=\"twitter:label1\" content=\"Estimated reading time\" \/>\n\t<meta name=\"twitter:data1\" content=\"2 minutes\" \/>\n<script type=\"application\/ld+json\" class=\"yoast-schema-graph\">{\"@context\":\"https:\\\/\\\/schema.org\",\"@graph\":[{\"@type\":\"WebPage\",\"@id\":\"https:\\\/\\\/archiv.siov.sk\\\/sutaze\\\/skills-slovakia\\\/mlady-mechatronik\\\/\",\"url\":\"https:\\\/\\\/archiv.siov.sk\\\/sutaze\\\/skills-slovakia\\\/mlady-mechatronik\\\/\",\"name\":\"Mlad\u00fd mechatronik - \u0160IOV - \u0161t\u00e1tny in\u0161tit\u00fat odborn\u00e9ho vzdel\u00e1vania\",\"isPartOf\":{\"@id\":\"https:\\\/\\\/archiv.siov.sk\\\/#website\"},\"datePublished\":\"2019-02-12T14:21:27+00:00\",\"dateModified\":\"2026-01-28T11:39:40+00:00\",\"breadcrumb\":{\"@id\":\"https:\\\/\\\/archiv.siov.sk\\\/sutaze\\\/skills-slovakia\\\/mlady-mechatronik\\\/#breadcrumb\"},\"inLanguage\":\"en-GB\",\"potentialAction\":[{\"@type\":\"ReadAction\",\"target\":[\"https:\\\/\\\/archiv.siov.sk\\\/sutaze\\\/skills-slovakia\\\/mlady-mechatronik\\\/\"]}]},{\"@type\":\"BreadcrumbList\",\"@id\":\"https:\\\/\\\/archiv.siov.sk\\\/sutaze\\\/skills-slovakia\\\/mlady-mechatronik\\\/#breadcrumb\",\"itemListElement\":[{\"@type\":\"ListItem\",\"position\":1,\"name\":\"Home\",\"item\":\"https:\\\/\\\/archiv.siov.sk\\\/\"},{\"@type\":\"ListItem\",\"position\":2,\"name\":\"S\u00fa\u0165a\u017ee\",\"item\":\"https:\\\/\\\/archiv.siov.sk\\\/sutaze\\\/\"},{\"@type\":\"ListItem\",\"position\":3,\"name\":\"Skills Slovakia\",\"item\":\"https:\\\/\\\/archiv.siov.sk\\\/sutaze\\\/skills-slovakia\\\/\"},{\"@type\":\"ListItem\",\"position\":4,\"name\":\"Mlad\u00fd mechatronik\"}]},{\"@type\":\"WebSite\",\"@id\":\"https:\\\/\\\/archiv.siov.sk\\\/#website\",\"url\":\"https:\\\/\\\/archiv.siov.sk\\\/\",\"name\":\"\u0160IOV - \u0161t\u00e1tny in\u0161tit\u00fat odborn\u00e9ho vzdel\u00e1vania\",\"description\":\"\",\"publisher\":{\"@id\":\"https:\\\/\\\/archiv.siov.sk\\\/#organization\"},\"potentialAction\":[{\"@type\":\"SearchAction\",\"target\":{\"@type\":\"EntryPoint\",\"urlTemplate\":\"https:\\\/\\\/archiv.siov.sk\\\/?s={search_term_string}\"},\"query-input\":{\"@type\":\"PropertyValueSpecification\",\"valueRequired\":true,\"valueName\":\"search_term_string\"}}],\"inLanguage\":\"en-GB\"},{\"@type\":\"Organization\",\"@id\":\"https:\\\/\\\/archiv.siov.sk\\\/#organization\",\"name\":\"\u0160IOV - \u0161t\u00e1tny in\u0161tit\u00fat odborn\u00e9ho vzdel\u00e1vania\",\"url\":\"https:\\\/\\\/archiv.siov.sk\\\/\",\"logo\":{\"@type\":\"ImageObject\",\"inLanguage\":\"en-GB\",\"@id\":\"https:\\\/\\\/archiv.siov.sk\\\/#\\\/schema\\\/logo\\\/image\\\/\",\"url\":\"https:\\\/\\\/archiv.siov.sk\\\/wp-content\\\/uploads\\\/2024\\\/02\\\/logo-SIOV.png\",\"contentUrl\":\"https:\\\/\\\/archiv.siov.sk\\\/wp-content\\\/uploads\\\/2024\\\/02\\\/logo-SIOV.png\",\"width\":431,\"height\":143,\"caption\":\"\u0160IOV - \u0161t\u00e1tny in\u0161tit\u00fat odborn\u00e9ho vzdel\u00e1vania\"},\"image\":{\"@id\":\"https:\\\/\\\/archiv.siov.sk\\\/#\\\/schema\\\/logo\\\/image\\\/\"},\"sameAs\":[\"https:\\\/\\\/www.facebook.com\\\/Statnyinstitutodbornehovzdelavania\"]}]}<\/script>\n<!-- \/ Yoast SEO plugin. -->","yoast_head_json":{"title":"Mlad\u00fd mechatronik - \u0160IOV - \u0161t\u00e1tny in\u0161tit\u00fat odborn\u00e9ho vzdel\u00e1vania","robots":{"index":"index","follow":"follow","max-snippet":"max-snippet:-1","max-image-preview":"max-image-preview:large","max-video-preview":"max-video-preview:-1"},"canonical":"https:\/\/archiv.siov.sk\/en\/sutaze\/skills-slovakia\/mlady-mechatronik\/","og_locale":"en_GB","og_type":"article","og_title":"Mlad\u00fd mechatronik - \u0160IOV - \u0161t\u00e1tny in\u0161tit\u00fat odborn\u00e9ho vzdel\u00e1vania","og_description":"Mlad\u00fd mechatronik S\u00fa\u0165a\u017e v zameran\u00ed na oblas\u0165 mechaniky a mechatroniky ur\u010den\u00e1 pre \u017eiakov SO\u0160, ktorej cie\u013eom je podpora a vyh\u013ead\u00e1vanie talentovan\u00fdch a nadan\u00fdch \u017eiakov S\u0160, rozv\u00edjanie tvoriv\u00fdch \u00a0kompetenci\u00ed \u017eiakov, odborn\u00fdch, teoretick\u00fdch vedomost\u00ed a odborn\u00fdch, praktick\u00fdch schopnost\u00ed a zru\u010dnost\u00ed z elektrotechniky, automatiz\u00e1cie a mechaniky, rie\u0161enia \u00a0\u00faloh a zadan\u00ed s\u00fa zameran\u00e9 na vlastnosti pneumatick\u00fdch pohonov, pneumatick\u00fdch a [&hellip;]","og_url":"https:\/\/archiv.siov.sk\/en\/sutaze\/skills-slovakia\/mlady-mechatronik\/","og_site_name":"\u0160IOV - \u0161t\u00e1tny in\u0161tit\u00fat odborn\u00e9ho vzdel\u00e1vania","article_publisher":"https:\/\/www.facebook.com\/Statnyinstitutodbornehovzdelavania","article_modified_time":"2026-01-28T11:39:40+00:00","twitter_card":"summary_large_image","twitter_misc":{"Estimated reading time":"2 minutes"},"schema":{"@context":"https:\/\/schema.org","@graph":[{"@type":"WebPage","@id":"https:\/\/archiv.siov.sk\/sutaze\/skills-slovakia\/mlady-mechatronik\/","url":"https:\/\/archiv.siov.sk\/sutaze\/skills-slovakia\/mlady-mechatronik\/","name":"Mlad\u00fd mechatronik - \u0160IOV - \u0161t\u00e1tny in\u0161tit\u00fat odborn\u00e9ho vzdel\u00e1vania","isPartOf":{"@id":"https:\/\/archiv.siov.sk\/#website"},"datePublished":"2019-02-12T14:21:27+00:00","dateModified":"2026-01-28T11:39:40+00:00","breadcrumb":{"@id":"https:\/\/archiv.siov.sk\/sutaze\/skills-slovakia\/mlady-mechatronik\/#breadcrumb"},"inLanguage":"en-GB","potentialAction":[{"@type":"ReadAction","target":["https:\/\/archiv.siov.sk\/sutaze\/skills-slovakia\/mlady-mechatronik\/"]}]},{"@type":"BreadcrumbList","@id":"https:\/\/archiv.siov.sk\/sutaze\/skills-slovakia\/mlady-mechatronik\/#breadcrumb","itemListElement":[{"@type":"ListItem","position":1,"name":"Home","item":"https:\/\/archiv.siov.sk\/"},{"@type":"ListItem","position":2,"name":"S\u00fa\u0165a\u017ee","item":"https:\/\/archiv.siov.sk\/sutaze\/"},{"@type":"ListItem","position":3,"name":"Skills Slovakia","item":"https:\/\/archiv.siov.sk\/sutaze\/skills-slovakia\/"},{"@type":"ListItem","position":4,"name":"Mlad\u00fd mechatronik"}]},{"@type":"WebSite","@id":"https:\/\/archiv.siov.sk\/#website","url":"https:\/\/archiv.siov.sk\/","name":"\u0160IOV - \u0161t\u00e1tny in\u0161tit\u00fat odborn\u00e9ho vzdel\u00e1vania","description":"","publisher":{"@id":"https:\/\/archiv.siov.sk\/#organization"},"potentialAction":[{"@type":"SearchAction","target":{"@type":"EntryPoint","urlTemplate":"https:\/\/archiv.siov.sk\/?s={search_term_string}"},"query-input":{"@type":"PropertyValueSpecification","valueRequired":true,"valueName":"search_term_string"}}],"inLanguage":"en-GB"},{"@type":"Organization","@id":"https:\/\/archiv.siov.sk\/#organization","name":"\u0160IOV - \u0161t\u00e1tny in\u0161tit\u00fat odborn\u00e9ho vzdel\u00e1vania","url":"https:\/\/archiv.siov.sk\/","logo":{"@type":"ImageObject","inLanguage":"en-GB","@id":"https:\/\/archiv.siov.sk\/#\/schema\/logo\/image\/","url":"https:\/\/archiv.siov.sk\/wp-content\/uploads\/2024\/02\/logo-SIOV.png","contentUrl":"https:\/\/archiv.siov.sk\/wp-content\/uploads\/2024\/02\/logo-SIOV.png","width":431,"height":143,"caption":"\u0160IOV - \u0161t\u00e1tny in\u0161tit\u00fat odborn\u00e9ho vzdel\u00e1vania"},"image":{"@id":"https:\/\/archiv.siov.sk\/#\/schema\/logo\/image\/"},"sameAs":["https:\/\/www.facebook.com\/Statnyinstitutodbornehovzdelavania"]}]}},"_links":{"self":[{"href":"https:\/\/archiv.siov.sk\/en\/wp-json\/wp\/v2\/pages\/1821","targetHints":{"allow":["GET"]}}],"collection":[{"href":"https:\/\/archiv.siov.sk\/en\/wp-json\/wp\/v2\/pages"}],"about":[{"href":"https:\/\/archiv.siov.sk\/en\/wp-json\/wp\/v2\/types\/page"}],"author":[{"embeddable":true,"href":"https:\/\/archiv.siov.sk\/en\/wp-json\/wp\/v2\/users\/1"}],"replies":[{"embeddable":true,"href":"https:\/\/archiv.siov.sk\/en\/wp-json\/wp\/v2\/comments?post=1821"}],"version-history":[{"count":77,"href":"https:\/\/archiv.siov.sk\/en\/wp-json\/wp\/v2\/pages\/1821\/revisions"}],"predecessor-version":[{"id":22441,"href":"https:\/\/archiv.siov.sk\/en\/wp-json\/wp\/v2\/pages\/1821\/revisions\/22441"}],"up":[{"embeddable":true,"href":"https:\/\/archiv.siov.sk\/en\/wp-json\/wp\/v2\/pages\/1810"}],"wp:attachment":[{"href":"https:\/\/archiv.siov.sk\/en\/wp-json\/wp\/v2\/media?parent=1821"}],"curies":[{"name":"wp","href":"https:\/\/api.w.org\/{rel}","templated":true}]}}