{"id":1814,"date":"2019-02-12T15:15:55","date_gmt":"2019-02-12T14:15:55","guid":{"rendered":"http:\/\/archiv.siov.sk\/?page_id=1814"},"modified":"2025-11-11T09:55:59","modified_gmt":"2025-11-11T08:55:59","slug":"victoria-regia","status":"publish","type":"page","link":"https:\/\/archiv.siov.sk\/en\/sutaze\/skills-slovakia\/victoria-regia\/","title":{"rendered":"Viano\u010dn\u00e9 in\u0161pir\u00e1cie (n\u00e1stupn\u00e1 s\u00fa\u0165a\u017e za s\u00fa\u0165a\u017e Victoria Regia)"},"content":{"rendered":"<h2><\/h2>\n<h2>Viano\u010dn\u00e9 in\u0161pir\u00e1cie<\/h2>\n<p style=\"text-align: justify;\">N\u00e1stupn\u00e1 s\u00fa\u0165a\u017e s\u00fa\u0165a\u017ee Victoria Regia, ktor\u00e1 bola od \u0161kolsk\u00e9ho roka 2025\/2026 zru\u0161en\u00e1. Zameriava sa rovnako na oblas\u0165 floristiky a jej garantom a organiz\u00e1torom odborn\u00e9ho zamerania je SO\u0160 po\u013enohospod\u00e1rstva a slu\u017eieb na vidieku Ko\u0161ice. S\u00fa\u0165a\u017e Viano\u010dn\u00e9 in\u0161pir\u00e1cie patr\u00ed do \u0161trukt\u00fary Skills Slovakia s medzin\u00e1rodn\u00fdm postupom\u00a0 v\u00ed\u0165azov na EuroSkills.<\/p>\n<p><strong>\u0160kolsk\u00fd rok 2025\/2026<\/strong><\/p>\n<ul>\n<li><a href=\"https:\/\/archiv.siov.sk\/wp-content\/uploads\/2025\/11\/Propozicie-sutaze-Vianocne-inspiracie-2025.pdf\" target=\"_blank\" rel=\"noopener\">Propoz\u00edcie prv\u00e9ho ro\u010dn\u00edka celo\u0161t\u00e1tnej s\u00fa\u0165a\u017ee<\/a><\/li>\n<\/ul>\n<h2><\/h2>\n<h2>Victoria Regia<\/h2>\n<p style=\"text-align: justify;\">S\u00fa\u0165a\u017e zameran\u00e1 na oblas\u0165 floristiky, ur\u010den\u00e1 pre \u017eiakom stredn\u00fdch z\u00e1hradn\u00edckych a po\u013enohospod\u00e1rskych \u0161k\u00f4l , ktorej cie\u013eom je podpora a vyh\u013ead\u00e1vanie talentovan\u00fdch a nadan\u00fdch \u017eiakov a rozvoj tvoriv\u00fdch kompetenci\u00ed \u017eiakov, odborn\u00fdch teoretick\u00fdch vedomost\u00ed a praktick\u00fdch schopnost\u00ed a zru\u010dnost\u00ed.<\/p>\n<p><strong>\u0160kolsk\u00fd rok 2024\/2025<\/strong><\/p>\n<ul>\n<li><a href=\"https:\/\/archiv.siov.sk\/wp-content\/uploads\/2025\/08\/Vysledkova-listina_Skills_-Slovakia_Victo-ria_Regia_2024.xlsx\" target=\"_blank\" rel=\"noopener\">V\u00fdsledkov\u00e1 listina<\/a><\/li>\n<li><a href=\"https:\/\/archiv.siov.sk\/wp-content\/uploads\/2024\/09\/VR_Startovacia_listina_sutaze_Skills_Slovakia_Victoria_Regia_2024_-1.xlsx\" target=\"_blank\" rel=\"noopener\">\u0160tartovacia listina &#8211; z\u00e1hradn\u00edcke \u0161koly<\/a><\/li>\n<li><a href=\"https:\/\/archiv.siov.sk\/wp-content\/uploads\/2024\/09\/victoria-regia-landart-2024_plakat_v2.pdf\" target=\"_blank\" rel=\"noopener\">Pozv\u00e1nka &#8211; plag\u00e1t<\/a><\/li>\n<li><a href=\"https:\/\/archiv.siov.sk\/wp-content\/uploads\/2024\/09\/victoria-regia-landart-2024_plakat_v2-scaled.jpg\" target=\"_blank\" rel=\"noopener\">Pozv\u00e1nka &#8211; plag\u00e1t<\/a><\/li>\n<li><a href=\"https:\/\/archiv.siov.sk\/wp-content\/uploads\/2024\/09\/Propozicie-VR-2024.docx\" target=\"_blank\" rel=\"noopener\">S\u00fa\u0165a\u017en\u00e9 propoz\u00edcie a program<\/a><\/li>\n<li><a href=\"https:\/\/archiv.siov.sk\/wp-content\/uploads\/2024\/08\/OTP-Voctoria-Regia-2024-25.pdf\" target=\"_blank\" rel=\"noopener\">Organiza\u010dno-technick\u00e9 pokyny<\/a><\/li>\n<\/ul>\n<p><strong>\u0160kolsk\u00fd rok 2023\/2024<\/strong><\/p>\n<ul style=\"font-size: 13.68px; font-style: normal; font-weight: 400;\">\n<li><a href=\"https:\/\/archiv.siov.sk\/wp-content\/uploads\/2023\/09\/Final._Vysledkova_listina_Skills__Slovakia_Victoria_Regia_2023.xlsx\" target=\"_blank\" rel=\"noopener\">V\u00fdsledkov\u00e1 listina<\/a><\/li>\n<li><a href=\"https:\/\/archiv.siov.sk\/wp-content\/uploads\/2023\/09\/VR__Startovacia_listina_sutaze_Skills_Slovakia_Victoria_Regia_2023_.xlsx\" target=\"_blank\" rel=\"noopener\">\u0160tartovacia listina &#8211; z\u00e1hradn\u00edcke \u0161koly<\/a><\/li>\n<li style=\"font-size: 13.68px;\"><a href=\"https:\/\/archiv.siov.sk\/wp-content\/uploads\/2023\/07\/vyhlasenie.VR-2023_24pdf.pdf\" target=\"_blank\" rel=\"noopener\">Vyhl\u00e1senie 14. ro\u010dn\u00edka s\u00fa\u0165a\u017ee<\/a><\/li>\n<li style=\"font-size: 13.68px;\"><a href=\"https:\/\/archiv.siov.sk\/wp-content\/uploads\/2023\/07\/organizacno-technicke-pokyny.VR-_2023-_24-pdf.pdf\" target=\"_blank\" rel=\"noopener\">Technicko-organiza\u010dn\u00e9 pokyny<\/a><\/li>\n<li><a href=\"https:\/\/archiv.siov.sk\/wp-content\/uploads\/2023\/09\/Propozicie_VR_2023_.docx\" target=\"_blank\" rel=\"noopener\">S\u00fa\u0165a\u017en\u00e9 propoz\u00edcie a program<\/a><\/li>\n<\/ul>\n<p><strong>\u0160kolsk\u00fd rok 2022\/2023<\/strong><\/p>\n<ul style=\"font-size: 13.68px; font-style: normal; font-weight: 400;\">\n<li style=\"font-size: 13.68px;\"><a href=\"https:\/\/archiv.siov.sk\/wp-content\/uploads\/2022\/09\/Final.-Vysledkova-listina_Skills_-Slovakia_Victo\u0301ria_Regia_2022-1.xlsx\" target=\"_blank\" rel=\"noopener\">V\u00fdsledkov\u00e1 listina<\/a><\/li>\n<li style=\"font-size: 13.68px;\"><a href=\"https:\/\/archiv.siov.sk\/wp-content\/uploads\/2022\/09\/VR__Startovacia_listina_sutaze_Skills_Slovakia_Victoria_Regia_2022_.xlsx\" target=\"_blank\" rel=\"noopener\">\u0160tartovacia listina &#8211; z\u00e1hradn\u00edcke \u0161koly<\/a><\/li>\n<li style=\"font-size: 13.68px;\"><a href=\"https:\/\/archiv.siov.sk\/wp-content\/uploads\/2022\/09\/Propozicie_VR_2022.pdf\" target=\"_blank\" rel=\"noopener\">Propoz\u00edcie a program s\u00fa\u0165a\u017ee VICTORIA REGIA 2022 &#8211; z\u00e1hradn\u00edcke \u0161koly<\/a><\/li>\n<li style=\"font-size: 13.68px;\"><a href=\"https:\/\/archiv.siov.sk\/wp-content\/uploads\/2022\/09\/VICTORIA-REGIA-POZVANKA-2022.jpg\" target=\"_blank\" rel=\"noopener\">Pozv\u00e1nka VICTORIA REGIA 2022<\/a><\/li>\n<li style=\"font-size: 13.68px;\"><a href=\"https:\/\/archiv.siov.sk\/wp-content\/uploads\/2022\/07\/VYHLASENIE-SUTAZE_VICTORIA-REGIA_2022.pdf\" target=\"_blank\" rel=\"noopener\">Vyhl\u00e1senie 13. ro\u010dn\u00edka s\u00fa\u0165a\u017ee<\/a><\/li>\n<li style=\"font-size: 13.68px;\"><a href=\"https:\/\/archiv.siov.sk\/wp-content\/uploads\/2022\/07\/VICTORIA_REGIA_POKYNY.pdf\" target=\"_blank\" rel=\"noopener\">Technicko-organiza\u010dn\u00e9 pokyny<\/a><\/li>\n<\/ul>\n<p><strong>\u0160kolsk\u00fd rok 2021\/2022<\/strong><\/p>\n<ul>\n<li><a href=\"https:\/\/archiv.siov.sk\/wp-content\/uploads\/2021\/10\/Vysledkova-listina_Skills_Slovakia_Victoria_Regia_2021.pdf\">V\u00fdsledkov\u00e1 listina s\u00fa\u0165a\u017ee<\/a><\/li>\n<li><a href=\"https:\/\/archiv.siov.sk\/wp-content\/uploads\/2021\/06\/Vyhlasenie-sutaze-Victoria-Regia-2021_22.pdf\">Vyhl\u00e1senie 12. ro\u010dn\u00edka s\u00fa\u0165a\u017ee<\/a><\/li>\n<li><a href=\"https:\/\/archiv.siov.sk\/wp-content\/uploads\/2021\/07\/organizacno-technicke-pokyny.pdf\">Technicko-organiza\u010dn\u00e9 pokyny<\/a><\/li>\n<li><a href=\"https:\/\/archiv.siov.sk\/wp-content\/uploads\/2021\/09\/Propozicie-VR-2021-zahradnicke-skoly.final-docx.pdf\">Propoz\u00edcie s\u00fa\u0165a\u017ee Victoria Regia &#8211; z\u00e1hradn\u00edcke \u0161koly<\/a><\/li>\n<\/ul>\n<p><strong>\u0160kolsk\u00fd rok 2020\/2021<\/strong><\/p>\n<ul>\n<li><a href=\"\/wp-content\/uploads\/2020\/09\/Vysledkova-listina-Victoria-Regia-ziaci-SS-2020-4-temy-poradie.pdf\" target=\"_blank\" rel=\"noopener noreferrer\">V\u00fdsledkov\u00e1 listina s\u00fa\u0165a\u017ee Victoria Regia 2020<\/a><\/li>\n<li><a href=\"\/wp-content\/uploads\/2020\/09\/Startovacia-listina-sutaze-Skills-Slovakia-VR-2020.pdf\" target=\"_blank\" rel=\"noopener noreferrer\">\u0160tartovaciu listinu s\u00fa\u0165a\u017ee Victoria Regia 2020<\/a><\/li>\n<li><a href=\"\/wp-content\/uploads\/2020\/06\/Propozicie-VR-2020-zahradnicke-skoly.pdf\" target=\"_blank\" rel=\"noopener noreferrer\">Propoz\u00edcie s\u00fa\u0165a\u017ee Victoria Regia<\/a><\/li>\n<li><a href=\"\/wp-content\/uploads\/2020\/09\/OTPSkills-Slovakia-VR-2020_21.pdf\" target=\"_blank\" rel=\"noopener noreferrer\">OTP<\/a><\/li>\n<li><a href=\"\/wp-content\/uploads\/2020\/09\/Vyhlasenie-11-rocnika-sutaze-Victoria-Regia.pdf\" target=\"_blank\" rel=\"noopener noreferrer\">Vyhl\u00e1senie s\u00fa\u0165a\u017ee<\/a><\/li>\n<\/ul>\n<p><strong>\u0160kolsk\u00fd rok 2019\/2020<\/strong><\/p>\n<ul>\n<li><a href=\"\/wp-content\/uploads\/2019\/09\/Vysledkova-listina-Victoria-Regia-ziaci-SS-2019-4-temy-poradie.pdf\" target=\"_blank\" rel=\"noopener noreferrer\">V\u00fdsledkov\u00e1 listina <\/a><\/li>\n<li><a href=\"\/wp-content\/uploads\/2019\/09\/Startovacia-listina-sutaze-Skills-Slovakia-VR-2019.pdf\" target=\"_blank\" rel=\"noopener noreferrer\">\u0160tartovacia listina <\/a><\/li>\n<li><a href=\"\/wp-content\/uploads\/2019\/09\/Propozicie-zahradnicke-skoly-VR-2019.pdf\" target=\"_blank\" rel=\"noopener noreferrer\">Propoz\u00edcie s\u00fa\u0165a\u017ee<\/a><\/li>\n<li><a href=\"\/wp-content\/uploads\/2019\/06\/vyhlasenie-VR-na-web-2019.pdf\" target=\"_blank\" rel=\"noopener noreferrer\">Vyhl\u00e1senie 10. ro\u010dn\u00edka VICTORIA REGIA<\/a><\/li>\n<li><a href=\"\/wp-content\/uploads\/2019\/06\/OTP-10_rocnik-VR-2019.pdf\" target=\"_blank\" rel=\"noopener noreferrer\">Organiza\u010dno-technick\u00e9 pokyny<\/a><\/li>\n<\/ul>\n<p><strong>\u0160kolsk\u00fd rok 2018\/2019<\/strong><\/p>\n<ul>\n<li><a href=\"\/wp-content\/uploads\/2019\/02\/Vysledkova-listina-Vict-oria-Regia-\u017eiaci-S\u0160-.pdf\" target=\"_blank\" rel=\"noopener noreferrer\">V\u00fdsledkov\u00e1 listina<\/a><\/li>\n<li><a href=\"\/wp-content\/uploads\/2019\/02\/Vyhl\u00e1senie-9_R_VR.pdf\" target=\"_blank\" rel=\"noopener noreferrer\">Vyhl\u00e1senie 9. ro\u010dn\u00edka s\u00fa\u0165a\u017ee VICTORIA REGIA<\/a><\/li>\n<li><a href=\"\/wp-content\/uploads\/2019\/02\/OTP_Victoria-Regia-2018_19.pdf\" target=\"_blank\" rel=\"noopener noreferrer\">Organiza\u010dno-technick\u00e9 pokyny<\/a><\/li>\n<li><a href=\"\/wp-content\/uploads\/2019\/02\/Victoria-Regia-2018.pdf\" target=\"_blank\" rel=\"noopener noreferrer\">Propoz\u00edcie a program Victoria Regia<\/a><\/li>\n<li><a href=\"\/wp-content\/uploads\/2019\/02\/Startovacia-listina-sutaze-Skills-Slovakia-VR-2018-.pdf\" target=\"_blank\" rel=\"noopener noreferrer\">\u0160tartovacia listina s\u00fa\u0165a\u017ee Victoria Regia<\/a><\/li>\n<\/ul>\n<p><strong>\u0160kolsk\u00fd rok 2017\/2018<\/strong><\/p>\n<ul>\n<li><a href=\"\/wp-content\/uploads\/2019\/02\/Vysledkova-listina-Victoria-Regia-ziaci-S\u0160-2017-na-web.pdf\" target=\"_blank\" rel=\"noopener noreferrer\">V\u00fdsledkov\u00e1 listina<\/a><\/li>\n<li><a href=\"\/wp-content\/uploads\/2019\/02\/Startovacia-listina-sutaze-Skills-Slovakia-VR-ziaci-S\u0160-2017-pdf.pdf\" target=\"_blank\" rel=\"noopener noreferrer\">\u0160tartovacia listina s\u00fa\u0165a\u017ee Skills Slovakia VR \u017eiaci S\u0160 2017<\/a><\/li>\n<\/ul>\n<p><strong>\u0160kolsk\u00fd rok 2016\/2017<\/strong><\/p>\n<ul>\n<li><a href=\"\/wp-content\/uploads\/2019\/02\/Vysledkova-listina-sutaze-Skills-Slovakia-VR-2016_web.pdf\" target=\"_blank\" rel=\"noopener noreferrer\">V\u00fdsledkov\u00e1 listina<\/a><\/li>\n<li><a href=\"\/wp-content\/uploads\/2019\/02\/Startovna-listina-sutaze-Skills-Slovakia-VR-2016_web.pdf\" target=\"_blank\" rel=\"noopener noreferrer\">\u0160tartovna listina<\/a><\/li>\n<\/ul>","protected":false},"excerpt":{"rendered":"<p>Viano\u010dn\u00e9 in\u0161pir\u00e1cie N\u00e1stupn\u00e1 s\u00fa\u0165a\u017e s\u00fa\u0165a\u017ee Victoria Regia, ktor\u00e1 bola od \u0161kolsk\u00e9ho roka 2025\/2026 zru\u0161en\u00e1. Zameriava sa rovnako na oblas\u0165 floristiky a jej garantom a organiz\u00e1torom odborn\u00e9ho zamerania je SO\u0160 po\u013enohospod\u00e1rstva a slu\u017eieb na vidieku Ko\u0161ice. S\u00fa\u0165a\u017e Viano\u010dn\u00e9 in\u0161pir\u00e1cie patr\u00ed do \u0161trukt\u00fary Skills Slovakia s medzin\u00e1rodn\u00fdm postupom\u00a0 v\u00ed\u0165azov na EuroSkills. \u0160kolsk\u00fd rok 2025\/2026 Propoz\u00edcie prv\u00e9ho ro\u010dn\u00edka [&hellip;]<\/p>\n","protected":false},"author":1,"featured_media":0,"parent":1810,"menu_order":0,"comment_status":"closed","ping_status":"closed","template":"","meta":{"site-sidebar-layout":"default","site-content-layout":"default","ast-site-content-layout":"default","site-content-style":"default","site-sidebar-style":"default","ast-global-header-display":"","ast-banner-title-visibility":"","ast-main-header-display":"","ast-hfb-above-header-display":"","ast-hfb-below-header-display":"","ast-hfb-mobile-header-display":"","site-post-title":"disabled","ast-breadcrumbs-content":"","ast-featured-img":"","footer-sml-layout":"","ast-disable-related-posts":"","theme-transparent-header-meta":"default","adv-header-id-meta":"","stick-header-meta":"default","header-above-stick-meta":"","header-main-stick-meta":"","header-below-stick-meta":"","astra-migrate-meta-layouts":"set","ast-page-background-enabled":"default","ast-page-background-meta":{"desktop":{"background-color":"var(--ast-global-color-4)","background-image":"","background-repeat":"repeat","background-position":"center center","background-size":"auto","background-attachment":"scroll","background-type":"","background-media":"","overlay-type":"","overlay-color":"","overlay-opacity":"","overlay-gradient":""},"tablet":{"background-color":"","background-image":"","background-repeat":"repeat","background-position":"center center","background-size":"auto","background-attachment":"scroll","background-type":"","background-media":"","overlay-type":"","overlay-color":"","overlay-opacity":"","overlay-gradient":""},"mobile":{"background-color":"","background-image":"","background-repeat":"repeat","background-position":"center center","background-size":"auto","background-attachment":"scroll","background-type":"","background-media":"","overlay-type":"","overlay-color":"","overlay-opacity":"","overlay-gradient":""}},"ast-content-background-meta":{"desktop":{"background-color":"var(--ast-global-color-5)","background-image":"","background-repeat":"repeat","background-position":"center center","background-size":"auto","background-attachment":"scroll","background-type":"","background-media":"","overlay-type":"","overlay-color":"","overlay-opacity":"","overlay-gradient":""},"tablet":{"background-color":"var(--ast-global-color-5)","background-image":"","background-repeat":"repeat","background-position":"center center","background-size":"auto","background-attachment":"scroll","background-type":"","background-media":"","overlay-type":"","overlay-color":"","overlay-opacity":"","overlay-gradient":""},"mobile":{"background-color":"var(--ast-global-color-5)","background-image":"","background-repeat":"repeat","background-position":"center center","background-size":"auto","background-attachment":"scroll","background-type":"","background-media":"","overlay-type":"","overlay-color":"","overlay-opacity":"","overlay-gradient":""}},"footnotes":""},"class_list":["post-1814","page","type-page","status-publish","hentry"],"yoast_head":"<!-- This site is optimized with the Yoast SEO plugin v27.5 - https:\/\/yoast.com\/product\/yoast-seo-wordpress\/ -->\n<title>Viano\u010dn\u00e9 in\u0161pir\u00e1cie (n\u00e1stupn\u00e1 s\u00fa\u0165a\u017e za s\u00fa\u0165a\u017e Victoria Regia) - \u0160IOV - \u0161t\u00e1tny in\u0161tit\u00fat odborn\u00e9ho vzdel\u00e1vania<\/title>\n<meta name=\"robots\" content=\"index, follow, max-snippet:-1, max-image-preview:large, max-video-preview:-1\" \/>\n<link rel=\"canonical\" href=\"https:\/\/archiv.siov.sk\/en\/sutaze\/skills-slovakia\/victoria-regia\/\" \/>\n<meta property=\"og:locale\" content=\"en_GB\" \/>\n<meta property=\"og:type\" content=\"article\" \/>\n<meta property=\"og:title\" content=\"Viano\u010dn\u00e9 in\u0161pir\u00e1cie (n\u00e1stupn\u00e1 s\u00fa\u0165a\u017e za s\u00fa\u0165a\u017e Victoria Regia) - \u0160IOV - \u0161t\u00e1tny in\u0161tit\u00fat odborn\u00e9ho vzdel\u00e1vania\" \/>\n<meta property=\"og:description\" content=\"Viano\u010dn\u00e9 in\u0161pir\u00e1cie N\u00e1stupn\u00e1 s\u00fa\u0165a\u017e s\u00fa\u0165a\u017ee Victoria Regia, ktor\u00e1 bola od \u0161kolsk\u00e9ho roka 2025\/2026 zru\u0161en\u00e1. Zameriava sa rovnako na oblas\u0165 floristiky a jej garantom a organiz\u00e1torom odborn\u00e9ho zamerania je SO\u0160 po\u013enohospod\u00e1rstva a slu\u017eieb na vidieku Ko\u0161ice. S\u00fa\u0165a\u017e Viano\u010dn\u00e9 in\u0161pir\u00e1cie patr\u00ed do \u0161trukt\u00fary Skills Slovakia s medzin\u00e1rodn\u00fdm postupom\u00a0 v\u00ed\u0165azov na EuroSkills. \u0160kolsk\u00fd rok 2025\/2026 Propoz\u00edcie prv\u00e9ho ro\u010dn\u00edka [&hellip;]\" \/>\n<meta property=\"og:url\" content=\"https:\/\/archiv.siov.sk\/en\/sutaze\/skills-slovakia\/victoria-regia\/\" \/>\n<meta property=\"og:site_name\" content=\"\u0160IOV - \u0161t\u00e1tny in\u0161tit\u00fat odborn\u00e9ho vzdel\u00e1vania\" \/>\n<meta property=\"article:publisher\" content=\"https:\/\/www.facebook.com\/Statnyinstitutodbornehovzdelavania\" \/>\n<meta property=\"article:modified_time\" content=\"2025-11-11T08:55:59+00:00\" \/>\n<meta name=\"twitter:card\" content=\"summary_large_image\" \/>\n<meta name=\"twitter:label1\" content=\"Estimated reading time\" \/>\n\t<meta name=\"twitter:data1\" content=\"2 minutes\" \/>\n<script type=\"application\/ld+json\" class=\"yoast-schema-graph\">{\"@context\":\"https:\\\/\\\/schema.org\",\"@graph\":[{\"@type\":\"WebPage\",\"@id\":\"https:\\\/\\\/archiv.siov.sk\\\/sutaze\\\/skills-slovakia\\\/victoria-regia\\\/\",\"url\":\"https:\\\/\\\/archiv.siov.sk\\\/sutaze\\\/skills-slovakia\\\/victoria-regia\\\/\",\"name\":\"Viano\u010dn\u00e9 in\u0161pir\u00e1cie (n\u00e1stupn\u00e1 s\u00fa\u0165a\u017e za s\u00fa\u0165a\u017e Victoria Regia) - \u0160IOV - \u0161t\u00e1tny in\u0161tit\u00fat odborn\u00e9ho vzdel\u00e1vania\",\"isPartOf\":{\"@id\":\"https:\\\/\\\/archiv.siov.sk\\\/#website\"},\"datePublished\":\"2019-02-12T14:15:55+00:00\",\"dateModified\":\"2025-11-11T08:55:59+00:00\",\"breadcrumb\":{\"@id\":\"https:\\\/\\\/archiv.siov.sk\\\/sutaze\\\/skills-slovakia\\\/victoria-regia\\\/#breadcrumb\"},\"inLanguage\":\"en-GB\",\"potentialAction\":[{\"@type\":\"ReadAction\",\"target\":[\"https:\\\/\\\/archiv.siov.sk\\\/sutaze\\\/skills-slovakia\\\/victoria-regia\\\/\"]}]},{\"@type\":\"BreadcrumbList\",\"@id\":\"https:\\\/\\\/archiv.siov.sk\\\/sutaze\\\/skills-slovakia\\\/victoria-regia\\\/#breadcrumb\",\"itemListElement\":[{\"@type\":\"ListItem\",\"position\":1,\"name\":\"Home\",\"item\":\"https:\\\/\\\/archiv.siov.sk\\\/\"},{\"@type\":\"ListItem\",\"position\":2,\"name\":\"S\u00fa\u0165a\u017ee\",\"item\":\"https:\\\/\\\/archiv.siov.sk\\\/sutaze\\\/\"},{\"@type\":\"ListItem\",\"position\":3,\"name\":\"Skills Slovakia\",\"item\":\"https:\\\/\\\/archiv.siov.sk\\\/sutaze\\\/skills-slovakia\\\/\"},{\"@type\":\"ListItem\",\"position\":4,\"name\":\"Viano\u010dn\u00e9 in\u0161pir\u00e1cie (n\u00e1stupn\u00e1 s\u00fa\u0165a\u017e za s\u00fa\u0165a\u017e Victoria Regia)\"}]},{\"@type\":\"WebSite\",\"@id\":\"https:\\\/\\\/archiv.siov.sk\\\/#website\",\"url\":\"https:\\\/\\\/archiv.siov.sk\\\/\",\"name\":\"\u0160IOV - \u0161t\u00e1tny in\u0161tit\u00fat odborn\u00e9ho vzdel\u00e1vania\",\"description\":\"\",\"publisher\":{\"@id\":\"https:\\\/\\\/archiv.siov.sk\\\/#organization\"},\"potentialAction\":[{\"@type\":\"SearchAction\",\"target\":{\"@type\":\"EntryPoint\",\"urlTemplate\":\"https:\\\/\\\/archiv.siov.sk\\\/?s={search_term_string}\"},\"query-input\":{\"@type\":\"PropertyValueSpecification\",\"valueRequired\":true,\"valueName\":\"search_term_string\"}}],\"inLanguage\":\"en-GB\"},{\"@type\":\"Organization\",\"@id\":\"https:\\\/\\\/archiv.siov.sk\\\/#organization\",\"name\":\"\u0160IOV - \u0161t\u00e1tny in\u0161tit\u00fat odborn\u00e9ho vzdel\u00e1vania\",\"url\":\"https:\\\/\\\/archiv.siov.sk\\\/\",\"logo\":{\"@type\":\"ImageObject\",\"inLanguage\":\"en-GB\",\"@id\":\"https:\\\/\\\/archiv.siov.sk\\\/#\\\/schema\\\/logo\\\/image\\\/\",\"url\":\"https:\\\/\\\/archiv.siov.sk\\\/wp-content\\\/uploads\\\/2024\\\/02\\\/logo-SIOV.png\",\"contentUrl\":\"https:\\\/\\\/archiv.siov.sk\\\/wp-content\\\/uploads\\\/2024\\\/02\\\/logo-SIOV.png\",\"width\":431,\"height\":143,\"caption\":\"\u0160IOV - \u0161t\u00e1tny in\u0161tit\u00fat odborn\u00e9ho vzdel\u00e1vania\"},\"image\":{\"@id\":\"https:\\\/\\\/archiv.siov.sk\\\/#\\\/schema\\\/logo\\\/image\\\/\"},\"sameAs\":[\"https:\\\/\\\/www.facebook.com\\\/Statnyinstitutodbornehovzdelavania\"]}]}<\/script>\n<!-- \/ Yoast SEO plugin. -->","yoast_head_json":{"title":"Viano\u010dn\u00e9 in\u0161pir\u00e1cie (n\u00e1stupn\u00e1 s\u00fa\u0165a\u017e za s\u00fa\u0165a\u017e Victoria Regia) - \u0160IOV - \u0161t\u00e1tny in\u0161tit\u00fat odborn\u00e9ho vzdel\u00e1vania","robots":{"index":"index","follow":"follow","max-snippet":"max-snippet:-1","max-image-preview":"max-image-preview:large","max-video-preview":"max-video-preview:-1"},"canonical":"https:\/\/archiv.siov.sk\/en\/sutaze\/skills-slovakia\/victoria-regia\/","og_locale":"en_GB","og_type":"article","og_title":"Viano\u010dn\u00e9 in\u0161pir\u00e1cie (n\u00e1stupn\u00e1 s\u00fa\u0165a\u017e za s\u00fa\u0165a\u017e Victoria Regia) - \u0160IOV - \u0161t\u00e1tny in\u0161tit\u00fat odborn\u00e9ho vzdel\u00e1vania","og_description":"Viano\u010dn\u00e9 in\u0161pir\u00e1cie N\u00e1stupn\u00e1 s\u00fa\u0165a\u017e s\u00fa\u0165a\u017ee Victoria Regia, ktor\u00e1 bola od \u0161kolsk\u00e9ho roka 2025\/2026 zru\u0161en\u00e1. Zameriava sa rovnako na oblas\u0165 floristiky a jej garantom a organiz\u00e1torom odborn\u00e9ho zamerania je SO\u0160 po\u013enohospod\u00e1rstva a slu\u017eieb na vidieku Ko\u0161ice. S\u00fa\u0165a\u017e Viano\u010dn\u00e9 in\u0161pir\u00e1cie patr\u00ed do \u0161trukt\u00fary Skills Slovakia s medzin\u00e1rodn\u00fdm postupom\u00a0 v\u00ed\u0165azov na EuroSkills. \u0160kolsk\u00fd rok 2025\/2026 Propoz\u00edcie prv\u00e9ho ro\u010dn\u00edka [&hellip;]","og_url":"https:\/\/archiv.siov.sk\/en\/sutaze\/skills-slovakia\/victoria-regia\/","og_site_name":"\u0160IOV - \u0161t\u00e1tny in\u0161tit\u00fat odborn\u00e9ho vzdel\u00e1vania","article_publisher":"https:\/\/www.facebook.com\/Statnyinstitutodbornehovzdelavania","article_modified_time":"2025-11-11T08:55:59+00:00","twitter_card":"summary_large_image","twitter_misc":{"Estimated reading time":"2 minutes"},"schema":{"@context":"https:\/\/schema.org","@graph":[{"@type":"WebPage","@id":"https:\/\/archiv.siov.sk\/sutaze\/skills-slovakia\/victoria-regia\/","url":"https:\/\/archiv.siov.sk\/sutaze\/skills-slovakia\/victoria-regia\/","name":"Viano\u010dn\u00e9 in\u0161pir\u00e1cie (n\u00e1stupn\u00e1 s\u00fa\u0165a\u017e za s\u00fa\u0165a\u017e Victoria Regia) - \u0160IOV - \u0161t\u00e1tny in\u0161tit\u00fat odborn\u00e9ho vzdel\u00e1vania","isPartOf":{"@id":"https:\/\/archiv.siov.sk\/#website"},"datePublished":"2019-02-12T14:15:55+00:00","dateModified":"2025-11-11T08:55:59+00:00","breadcrumb":{"@id":"https:\/\/archiv.siov.sk\/sutaze\/skills-slovakia\/victoria-regia\/#breadcrumb"},"inLanguage":"en-GB","potentialAction":[{"@type":"ReadAction","target":["https:\/\/archiv.siov.sk\/sutaze\/skills-slovakia\/victoria-regia\/"]}]},{"@type":"BreadcrumbList","@id":"https:\/\/archiv.siov.sk\/sutaze\/skills-slovakia\/victoria-regia\/#breadcrumb","itemListElement":[{"@type":"ListItem","position":1,"name":"Home","item":"https:\/\/archiv.siov.sk\/"},{"@type":"ListItem","position":2,"name":"S\u00fa\u0165a\u017ee","item":"https:\/\/archiv.siov.sk\/sutaze\/"},{"@type":"ListItem","position":3,"name":"Skills Slovakia","item":"https:\/\/archiv.siov.sk\/sutaze\/skills-slovakia\/"},{"@type":"ListItem","position":4,"name":"Viano\u010dn\u00e9 in\u0161pir\u00e1cie (n\u00e1stupn\u00e1 s\u00fa\u0165a\u017e za s\u00fa\u0165a\u017e Victoria Regia)"}]},{"@type":"WebSite","@id":"https:\/\/archiv.siov.sk\/#website","url":"https:\/\/archiv.siov.sk\/","name":"\u0160IOV - \u0161t\u00e1tny in\u0161tit\u00fat odborn\u00e9ho vzdel\u00e1vania","description":"","publisher":{"@id":"https:\/\/archiv.siov.sk\/#organization"},"potentialAction":[{"@type":"SearchAction","target":{"@type":"EntryPoint","urlTemplate":"https:\/\/archiv.siov.sk\/?s={search_term_string}"},"query-input":{"@type":"PropertyValueSpecification","valueRequired":true,"valueName":"search_term_string"}}],"inLanguage":"en-GB"},{"@type":"Organization","@id":"https:\/\/archiv.siov.sk\/#organization","name":"\u0160IOV - \u0161t\u00e1tny in\u0161tit\u00fat odborn\u00e9ho vzdel\u00e1vania","url":"https:\/\/archiv.siov.sk\/","logo":{"@type":"ImageObject","inLanguage":"en-GB","@id":"https:\/\/archiv.siov.sk\/#\/schema\/logo\/image\/","url":"https:\/\/archiv.siov.sk\/wp-content\/uploads\/2024\/02\/logo-SIOV.png","contentUrl":"https:\/\/archiv.siov.sk\/wp-content\/uploads\/2024\/02\/logo-SIOV.png","width":431,"height":143,"caption":"\u0160IOV - \u0161t\u00e1tny in\u0161tit\u00fat odborn\u00e9ho vzdel\u00e1vania"},"image":{"@id":"https:\/\/archiv.siov.sk\/#\/schema\/logo\/image\/"},"sameAs":["https:\/\/www.facebook.com\/Statnyinstitutodbornehovzdelavania"]}]}},"_links":{"self":[{"href":"https:\/\/archiv.siov.sk\/en\/wp-json\/wp\/v2\/pages\/1814","targetHints":{"allow":["GET"]}}],"collection":[{"href":"https:\/\/archiv.siov.sk\/en\/wp-json\/wp\/v2\/pages"}],"about":[{"href":"https:\/\/archiv.siov.sk\/en\/wp-json\/wp\/v2\/types\/page"}],"author":[{"embeddable":true,"href":"https:\/\/archiv.siov.sk\/en\/wp-json\/wp\/v2\/users\/1"}],"replies":[{"embeddable":true,"href":"https:\/\/archiv.siov.sk\/en\/wp-json\/wp\/v2\/comments?post=1814"}],"version-history":[{"count":76,"href":"https:\/\/archiv.siov.sk\/en\/wp-json\/wp\/v2\/pages\/1814\/revisions"}],"predecessor-version":[{"id":21802,"href":"https:\/\/archiv.siov.sk\/en\/wp-json\/wp\/v2\/pages\/1814\/revisions\/21802"}],"up":[{"embeddable":true,"href":"https:\/\/archiv.siov.sk\/en\/wp-json\/wp\/v2\/pages\/1810"}],"wp:attachment":[{"href":"https:\/\/archiv.siov.sk\/en\/wp-json\/wp\/v2\/media?parent=1814"}],"curies":[{"name":"wp","href":"https:\/\/api.w.org\/{rel}","templated":true}]}}