{"id":1810,"date":"2019-02-12T15:13:43","date_gmt":"2019-02-12T14:13:43","guid":{"rendered":"http:\/\/archiv.siov.sk\/?page_id=1810"},"modified":"2025-11-03T13:36:54","modified_gmt":"2025-11-03T12:36:54","slug":"skills-slovakia","status":"publish","type":"page","link":"https:\/\/archiv.siov.sk\/en\/sutaze\/skills-slovakia\/","title":{"rendered":"Skills Slovakia"},"content":{"rendered":"<h2>Skills Slovakia<\/h2>\n<p style=\"text-align: justify;\"><a href=\"https:\/\/archiv.siov.sk\/wp-content\/uploads\/2019\/02\/Skills_Slovakia_logo.jpg\"><img fetchpriority=\"high\" decoding=\"async\" src=\"https:\/\/archiv.siov.sk\/wp-content\/uploads\/2019\/02\/Skills_Slovakia_logo-300x212.jpg\" alt=\"Skill Slovakia\" width=\"300\" height=\"212\" \/><\/a>Skills Slovakia &#8211;\u00a0projekt prezentuje odborn\u00e9 vzdel\u00e1vanie a\u00a0pr\u00edpravu Slovenska v\u00a0nadv\u00e4znosti na \u010dlenstvo v eur\u00f3pskej organiz\u00e1cii World Skills Europe, ktor\u00e1 v\u00a0spolupr\u00e1ci s\u00a0\u010dlensk\u00fdmi krajinami ka\u017ed\u00e9 dva roky organizuje celoeur\u00f3psku s\u00fa\u0165a\u017e mlad\u00fdch \u013eud\u00ed v\u00a0odborn\u00fdch zru\u010dnostiach EuroSkills v\u00a0jednej z\u00a0kraj\u00edn Eur\u00f3py. \u00a0Amb\u00edciou projektu je vytvori\u0165 sie\u0165 n\u00e1rodn\u00fdch s\u00fa\u0165a\u017e\u00ed v\u00a0odborn\u00fdch zru\u010dnostiach a\u00a0\u010falej ju roz\u0161irova\u0165 prostredn\u00edctvom realiz\u00e1cie s\u00fa\u0165a\u017e\u00ed v\u00a0odboroch, v\u00a0ktor\u00fdch sa m\u00f4\u017ee Slovensko prezentova\u0165 na medzin\u00e1rodnej \u00farovni. S\u00fa\u0165a\u017ee podporuj\u00fa na stredn\u00fdch odborn\u00fdch \u00a0\u0161kol\u00e1ch \u00a0SR tvorivos\u0165 a\u00a0talent mlad\u00fdch stredo\u0161kol\u00e1kov. S\u00fa\u0165a\u017ee sa konaj\u00fa na r\u00f4znych miestach SR, na \u0161kol\u00e1ch a prezenta\u010dn\u00fdch verejn\u00fdch v\u00fdstav\u00e1ch a\u00a0podujatiach. Riadia sa s\u00fa\u0165a\u017en\u00fdmi krit\u00e9riami a\u00a0hodnotiacimi pravidlami. Podstatou s\u00fa\u0165a\u017e\u00ed Skills Slovakia je partnerstvo s\u00a0odborn\u00edkmi z\u00a0praxe.<\/p>\n<p>&nbsp;<\/p>\n<ul>\n<li><a href=\"https:\/\/archiv.siov.sk\/wp-content\/uploads\/2025\/11\/Organizacny-poriadok-Skills-Slovakia_-nove-cislo-.pdf\" target=\"_blank\" rel=\"noopener\">Nov\u00fd organiza\u010dn\u00fd poriadok s\u00fa\u0165a\u017ee Skills Slovakia &#8211; aktualizovan\u00fd<\/a><\/li>\n<li><a href=\"https:\/\/archiv.siov.sk\/wp-content\/uploads\/2025\/08\/ADRESAR-COK-SKILLS-SLOVAKIA-2025-web.pdf\">Adres\u00e1r odborn\u00fdch gestorov zameran\u00ed s\u00fa\u0165a\u017e\u00ed<\/a><\/li>\n<\/ul>\n<p><strong>Skills Slovakia zah\u0155\u0148a nasledovn\u00e9 s\u00fa\u0165a\u017ee:<\/strong><\/p>\n<ul>\n<li><a href=\"\/en\/sutaze\/skills-slovakia\/victoria-regia\/\">Victoria Regia<\/a><\/li>\n<li><a href=\"\/en\/sutaze\/skills-slovakia\/gastro-junior\/\">Gastro Junior<\/a><\/li>\n<li><a href=\"\/en\/sutaze\/skills-slovakia\/mlady-mechatronik\/\">Mlad\u00fd mechatronik<\/a><\/li>\n<li><a href=\"\/en\/sutaze\/skills-slovakia\/suso\/\">SUSO<\/a><\/li>\n<li><a href=\"\/en\/sutaze\/skills-slovakia\/sutaz-o-zlate-noznice\/\">S\u00fa\u0165a\u017e o zlat\u00e9 no\u017enice<\/a><\/li>\n<li><a href=\"https:\/\/archiv.siov.sk\/en\/sutaze\/skills-slovakia\/kadernik-vizazista-online\/\">Kadern\u00edk, viz\u00e1\u017eista <\/a><\/li>\n<li><a href=\"https:\/\/archiv.siov.sk\/en\/strieborny-piest-smc\/\">Strieborn\u00fd piest SMC<\/a><\/li>\n<li><a href=\"https:\/\/archiv.siov.sk\/en\/prvy-rocnik-sutaze-podnikatelske-zrucnosti-v-cvicnej-firme-jupov\/\" target=\"_blank\" rel=\"noopener\">Prv\u00fd ro\u010dn\u00edk s\u00fa\u0165a\u017ee \u201ePodnikate\u013esk\u00e9 zru\u010dnosti v Cvi\u010dnej firme &#8211; JUPOV\u201c<\/a><\/li>\n<\/ul>","protected":false},"excerpt":{"rendered":"<p>Skills Slovakia Skills Slovakia &#8211;\u00a0projekt prezentuje odborn\u00e9 vzdel\u00e1vanie a\u00a0pr\u00edpravu Slovenska v\u00a0nadv\u00e4znosti na \u010dlenstvo v eur\u00f3pskej organiz\u00e1cii World Skills Europe, ktor\u00e1 v\u00a0spolupr\u00e1ci s\u00a0\u010dlensk\u00fdmi krajinami ka\u017ed\u00e9 dva roky organizuje celoeur\u00f3psku s\u00fa\u0165a\u017e mlad\u00fdch \u013eud\u00ed v\u00a0odborn\u00fdch zru\u010dnostiach EuroSkills v\u00a0jednej z\u00a0kraj\u00edn Eur\u00f3py. \u00a0Amb\u00edciou projektu je vytvori\u0165 sie\u0165 n\u00e1rodn\u00fdch s\u00fa\u0165a\u017e\u00ed v\u00a0odborn\u00fdch zru\u010dnostiach a\u00a0\u010falej ju roz\u0161irova\u0165 prostredn\u00edctvom realiz\u00e1cie s\u00fa\u0165a\u017e\u00ed v\u00a0odboroch, v\u00a0ktor\u00fdch sa [&hellip;]<\/p>\n","protected":false},"author":1,"featured_media":0,"parent":144,"menu_order":0,"comment_status":"closed","ping_status":"closed","template":"","meta":{"site-sidebar-layout":"default","site-content-layout":"default","ast-site-content-layout":"default","site-content-style":"default","site-sidebar-style":"default","ast-global-header-display":"","ast-banner-title-visibility":"","ast-main-header-display":"","ast-hfb-above-header-display":"","ast-hfb-below-header-display":"","ast-hfb-mobile-header-display":"","site-post-title":"disabled","ast-breadcrumbs-content":"","ast-featured-img":"","footer-sml-layout":"","ast-disable-related-posts":"","theme-transparent-header-meta":"default","adv-header-id-meta":"","stick-header-meta":"default","header-above-stick-meta":"","header-main-stick-meta":"","header-below-stick-meta":"","astra-migrate-meta-layouts":"set","ast-page-background-enabled":"default","ast-page-background-meta":{"desktop":{"background-color":"var(--ast-global-color-4)","background-image":"","background-repeat":"repeat","background-position":"center center","background-size":"auto","background-attachment":"scroll","background-type":"","background-media":"","overlay-type":"","overlay-color":"","overlay-opacity":"","overlay-gradient":""},"tablet":{"background-color":"","background-image":"","background-repeat":"repeat","background-position":"center center","background-size":"auto","background-attachment":"scroll","background-type":"","background-media":"","overlay-type":"","overlay-color":"","overlay-opacity":"","overlay-gradient":""},"mobile":{"background-color":"","background-image":"","background-repeat":"repeat","background-position":"center center","background-size":"auto","background-attachment":"scroll","background-type":"","background-media":"","overlay-type":"","overlay-color":"","overlay-opacity":"","overlay-gradient":""}},"ast-content-background-meta":{"desktop":{"background-color":"var(--ast-global-color-5)","background-image":"","background-repeat":"repeat","background-position":"center center","background-size":"auto","background-attachment":"scroll","background-type":"","background-media":"","overlay-type":"","overlay-color":"","overlay-opacity":"","overlay-gradient":""},"tablet":{"background-color":"var(--ast-global-color-5)","background-image":"","background-repeat":"repeat","background-position":"center center","background-size":"auto","background-attachment":"scroll","background-type":"","background-media":"","overlay-type":"","overlay-color":"","overlay-opacity":"","overlay-gradient":""},"mobile":{"background-color":"var(--ast-global-color-5)","background-image":"","background-repeat":"repeat","background-position":"center center","background-size":"auto","background-attachment":"scroll","background-type":"","background-media":"","overlay-type":"","overlay-color":"","overlay-opacity":"","overlay-gradient":""}},"footnotes":""},"class_list":["post-1810","page","type-page","status-publish","hentry"],"yoast_head":"<!-- This site is optimized with the Yoast SEO plugin v27.5 - https:\/\/yoast.com\/product\/yoast-seo-wordpress\/ -->\n<title>Skills Slovakia - \u0160IOV - \u0161t\u00e1tny in\u0161tit\u00fat odborn\u00e9ho vzdel\u00e1vania<\/title>\n<meta name=\"robots\" content=\"index, follow, max-snippet:-1, max-image-preview:large, max-video-preview:-1\" \/>\n<link rel=\"canonical\" href=\"https:\/\/archiv.siov.sk\/en\/sutaze\/skills-slovakia\/\" \/>\n<meta property=\"og:locale\" content=\"en_GB\" \/>\n<meta property=\"og:type\" content=\"article\" \/>\n<meta property=\"og:title\" content=\"Skills Slovakia - \u0160IOV - \u0161t\u00e1tny in\u0161tit\u00fat odborn\u00e9ho vzdel\u00e1vania\" \/>\n<meta property=\"og:description\" content=\"Skills Slovakia Skills Slovakia &#8211;\u00a0projekt prezentuje odborn\u00e9 vzdel\u00e1vanie a\u00a0pr\u00edpravu Slovenska v\u00a0nadv\u00e4znosti na \u010dlenstvo v eur\u00f3pskej organiz\u00e1cii World Skills Europe, ktor\u00e1 v\u00a0spolupr\u00e1ci s\u00a0\u010dlensk\u00fdmi krajinami ka\u017ed\u00e9 dva roky organizuje celoeur\u00f3psku s\u00fa\u0165a\u017e mlad\u00fdch \u013eud\u00ed v\u00a0odborn\u00fdch zru\u010dnostiach EuroSkills v\u00a0jednej z\u00a0kraj\u00edn Eur\u00f3py. \u00a0Amb\u00edciou projektu je vytvori\u0165 sie\u0165 n\u00e1rodn\u00fdch s\u00fa\u0165a\u017e\u00ed v\u00a0odborn\u00fdch zru\u010dnostiach a\u00a0\u010falej ju roz\u0161irova\u0165 prostredn\u00edctvom realiz\u00e1cie s\u00fa\u0165a\u017e\u00ed v\u00a0odboroch, v\u00a0ktor\u00fdch sa [&hellip;]\" \/>\n<meta property=\"og:url\" content=\"https:\/\/archiv.siov.sk\/en\/sutaze\/skills-slovakia\/\" \/>\n<meta property=\"og:site_name\" content=\"\u0160IOV - \u0161t\u00e1tny in\u0161tit\u00fat odborn\u00e9ho vzdel\u00e1vania\" \/>\n<meta property=\"article:publisher\" content=\"https:\/\/www.facebook.com\/Statnyinstitutodbornehovzdelavania\" \/>\n<meta property=\"article:modified_time\" content=\"2025-11-03T12:36:54+00:00\" \/>\n<meta property=\"og:image\" content=\"https:\/\/archiv.siov.sk\/wp-content\/uploads\/2019\/02\/Skills_Slovakia_logo-300x212.jpg\" \/>\n<meta name=\"twitter:card\" content=\"summary_large_image\" \/>\n<meta name=\"twitter:label1\" content=\"Estimated reading time\" \/>\n\t<meta name=\"twitter:data1\" content=\"2 minutes\" \/>\n<script type=\"application\/ld+json\" class=\"yoast-schema-graph\">{\"@context\":\"https:\\\/\\\/schema.org\",\"@graph\":[{\"@type\":\"WebPage\",\"@id\":\"https:\\\/\\\/archiv.siov.sk\\\/sutaze\\\/skills-slovakia\\\/\",\"url\":\"https:\\\/\\\/archiv.siov.sk\\\/sutaze\\\/skills-slovakia\\\/\",\"name\":\"Skills Slovakia - \u0160IOV - \u0161t\u00e1tny in\u0161tit\u00fat odborn\u00e9ho vzdel\u00e1vania\",\"isPartOf\":{\"@id\":\"https:\\\/\\\/archiv.siov.sk\\\/#website\"},\"primaryImageOfPage\":{\"@id\":\"https:\\\/\\\/archiv.siov.sk\\\/sutaze\\\/skills-slovakia\\\/#primaryimage\"},\"image\":{\"@id\":\"https:\\\/\\\/archiv.siov.sk\\\/sutaze\\\/skills-slovakia\\\/#primaryimage\"},\"thumbnailUrl\":\"https:\\\/\\\/archiv.siov.sk\\\/wp-content\\\/uploads\\\/2019\\\/02\\\/Skills_Slovakia_logo-300x212.jpg\",\"datePublished\":\"2019-02-12T14:13:43+00:00\",\"dateModified\":\"2025-11-03T12:36:54+00:00\",\"breadcrumb\":{\"@id\":\"https:\\\/\\\/archiv.siov.sk\\\/sutaze\\\/skills-slovakia\\\/#breadcrumb\"},\"inLanguage\":\"en-GB\",\"potentialAction\":[{\"@type\":\"ReadAction\",\"target\":[\"https:\\\/\\\/archiv.siov.sk\\\/sutaze\\\/skills-slovakia\\\/\"]}]},{\"@type\":\"ImageObject\",\"inLanguage\":\"en-GB\",\"@id\":\"https:\\\/\\\/archiv.siov.sk\\\/sutaze\\\/skills-slovakia\\\/#primaryimage\",\"url\":\"https:\\\/\\\/archiv.siov.sk\\\/wp-content\\\/uploads\\\/2019\\\/02\\\/Skills_Slovakia_logo-300x212.jpg\",\"contentUrl\":\"https:\\\/\\\/archiv.siov.sk\\\/wp-content\\\/uploads\\\/2019\\\/02\\\/Skills_Slovakia_logo-300x212.jpg\"},{\"@type\":\"BreadcrumbList\",\"@id\":\"https:\\\/\\\/archiv.siov.sk\\\/sutaze\\\/skills-slovakia\\\/#breadcrumb\",\"itemListElement\":[{\"@type\":\"ListItem\",\"position\":1,\"name\":\"Home\",\"item\":\"https:\\\/\\\/archiv.siov.sk\\\/\"},{\"@type\":\"ListItem\",\"position\":2,\"name\":\"S\u00fa\u0165a\u017ee\",\"item\":\"https:\\\/\\\/archiv.siov.sk\\\/sutaze\\\/\"},{\"@type\":\"ListItem\",\"position\":3,\"name\":\"Skills Slovakia\"}]},{\"@type\":\"WebSite\",\"@id\":\"https:\\\/\\\/archiv.siov.sk\\\/#website\",\"url\":\"https:\\\/\\\/archiv.siov.sk\\\/\",\"name\":\"\u0160IOV - \u0161t\u00e1tny in\u0161tit\u00fat odborn\u00e9ho vzdel\u00e1vania\",\"description\":\"\",\"publisher\":{\"@id\":\"https:\\\/\\\/archiv.siov.sk\\\/#organization\"},\"potentialAction\":[{\"@type\":\"SearchAction\",\"target\":{\"@type\":\"EntryPoint\",\"urlTemplate\":\"https:\\\/\\\/archiv.siov.sk\\\/?s={search_term_string}\"},\"query-input\":{\"@type\":\"PropertyValueSpecification\",\"valueRequired\":true,\"valueName\":\"search_term_string\"}}],\"inLanguage\":\"en-GB\"},{\"@type\":\"Organization\",\"@id\":\"https:\\\/\\\/archiv.siov.sk\\\/#organization\",\"name\":\"\u0160IOV - \u0161t\u00e1tny in\u0161tit\u00fat odborn\u00e9ho vzdel\u00e1vania\",\"url\":\"https:\\\/\\\/archiv.siov.sk\\\/\",\"logo\":{\"@type\":\"ImageObject\",\"inLanguage\":\"en-GB\",\"@id\":\"https:\\\/\\\/archiv.siov.sk\\\/#\\\/schema\\\/logo\\\/image\\\/\",\"url\":\"https:\\\/\\\/archiv.siov.sk\\\/wp-content\\\/uploads\\\/2024\\\/02\\\/logo-SIOV.png\",\"contentUrl\":\"https:\\\/\\\/archiv.siov.sk\\\/wp-content\\\/uploads\\\/2024\\\/02\\\/logo-SIOV.png\",\"width\":431,\"height\":143,\"caption\":\"\u0160IOV - \u0161t\u00e1tny in\u0161tit\u00fat odborn\u00e9ho vzdel\u00e1vania\"},\"image\":{\"@id\":\"https:\\\/\\\/archiv.siov.sk\\\/#\\\/schema\\\/logo\\\/image\\\/\"},\"sameAs\":[\"https:\\\/\\\/www.facebook.com\\\/Statnyinstitutodbornehovzdelavania\"]}]}<\/script>\n<!-- \/ Yoast SEO plugin. -->","yoast_head_json":{"title":"Skills Slovakia - \u0160IOV - \u0161t\u00e1tny in\u0161tit\u00fat odborn\u00e9ho vzdel\u00e1vania","robots":{"index":"index","follow":"follow","max-snippet":"max-snippet:-1","max-image-preview":"max-image-preview:large","max-video-preview":"max-video-preview:-1"},"canonical":"https:\/\/archiv.siov.sk\/en\/sutaze\/skills-slovakia\/","og_locale":"en_GB","og_type":"article","og_title":"Skills Slovakia - \u0160IOV - \u0161t\u00e1tny in\u0161tit\u00fat odborn\u00e9ho vzdel\u00e1vania","og_description":"Skills Slovakia Skills Slovakia &#8211;\u00a0projekt prezentuje odborn\u00e9 vzdel\u00e1vanie a\u00a0pr\u00edpravu Slovenska v\u00a0nadv\u00e4znosti na \u010dlenstvo v eur\u00f3pskej organiz\u00e1cii World Skills Europe, ktor\u00e1 v\u00a0spolupr\u00e1ci s\u00a0\u010dlensk\u00fdmi krajinami ka\u017ed\u00e9 dva roky organizuje celoeur\u00f3psku s\u00fa\u0165a\u017e mlad\u00fdch \u013eud\u00ed v\u00a0odborn\u00fdch zru\u010dnostiach EuroSkills v\u00a0jednej z\u00a0kraj\u00edn Eur\u00f3py. \u00a0Amb\u00edciou projektu je vytvori\u0165 sie\u0165 n\u00e1rodn\u00fdch s\u00fa\u0165a\u017e\u00ed v\u00a0odborn\u00fdch zru\u010dnostiach a\u00a0\u010falej ju roz\u0161irova\u0165 prostredn\u00edctvom realiz\u00e1cie s\u00fa\u0165a\u017e\u00ed v\u00a0odboroch, v\u00a0ktor\u00fdch sa [&hellip;]","og_url":"https:\/\/archiv.siov.sk\/en\/sutaze\/skills-slovakia\/","og_site_name":"\u0160IOV - \u0161t\u00e1tny in\u0161tit\u00fat odborn\u00e9ho vzdel\u00e1vania","article_publisher":"https:\/\/www.facebook.com\/Statnyinstitutodbornehovzdelavania","article_modified_time":"2025-11-03T12:36:54+00:00","og_image":[{"url":"https:\/\/archiv.siov.sk\/wp-content\/uploads\/2019\/02\/Skills_Slovakia_logo-300x212.jpg","type":"","width":"","height":""}],"twitter_card":"summary_large_image","twitter_misc":{"Estimated reading time":"2 minutes"},"schema":{"@context":"https:\/\/schema.org","@graph":[{"@type":"WebPage","@id":"https:\/\/archiv.siov.sk\/sutaze\/skills-slovakia\/","url":"https:\/\/archiv.siov.sk\/sutaze\/skills-slovakia\/","name":"Skills Slovakia - \u0160IOV - \u0161t\u00e1tny in\u0161tit\u00fat odborn\u00e9ho vzdel\u00e1vania","isPartOf":{"@id":"https:\/\/archiv.siov.sk\/#website"},"primaryImageOfPage":{"@id":"https:\/\/archiv.siov.sk\/sutaze\/skills-slovakia\/#primaryimage"},"image":{"@id":"https:\/\/archiv.siov.sk\/sutaze\/skills-slovakia\/#primaryimage"},"thumbnailUrl":"https:\/\/archiv.siov.sk\/wp-content\/uploads\/2019\/02\/Skills_Slovakia_logo-300x212.jpg","datePublished":"2019-02-12T14:13:43+00:00","dateModified":"2025-11-03T12:36:54+00:00","breadcrumb":{"@id":"https:\/\/archiv.siov.sk\/sutaze\/skills-slovakia\/#breadcrumb"},"inLanguage":"en-GB","potentialAction":[{"@type":"ReadAction","target":["https:\/\/archiv.siov.sk\/sutaze\/skills-slovakia\/"]}]},{"@type":"ImageObject","inLanguage":"en-GB","@id":"https:\/\/archiv.siov.sk\/sutaze\/skills-slovakia\/#primaryimage","url":"https:\/\/archiv.siov.sk\/wp-content\/uploads\/2019\/02\/Skills_Slovakia_logo-300x212.jpg","contentUrl":"https:\/\/archiv.siov.sk\/wp-content\/uploads\/2019\/02\/Skills_Slovakia_logo-300x212.jpg"},{"@type":"BreadcrumbList","@id":"https:\/\/archiv.siov.sk\/sutaze\/skills-slovakia\/#breadcrumb","itemListElement":[{"@type":"ListItem","position":1,"name":"Home","item":"https:\/\/archiv.siov.sk\/"},{"@type":"ListItem","position":2,"name":"S\u00fa\u0165a\u017ee","item":"https:\/\/archiv.siov.sk\/sutaze\/"},{"@type":"ListItem","position":3,"name":"Skills Slovakia"}]},{"@type":"WebSite","@id":"https:\/\/archiv.siov.sk\/#website","url":"https:\/\/archiv.siov.sk\/","name":"\u0160IOV - \u0161t\u00e1tny in\u0161tit\u00fat odborn\u00e9ho vzdel\u00e1vania","description":"","publisher":{"@id":"https:\/\/archiv.siov.sk\/#organization"},"potentialAction":[{"@type":"SearchAction","target":{"@type":"EntryPoint","urlTemplate":"https:\/\/archiv.siov.sk\/?s={search_term_string}"},"query-input":{"@type":"PropertyValueSpecification","valueRequired":true,"valueName":"search_term_string"}}],"inLanguage":"en-GB"},{"@type":"Organization","@id":"https:\/\/archiv.siov.sk\/#organization","name":"\u0160IOV - \u0161t\u00e1tny in\u0161tit\u00fat odborn\u00e9ho vzdel\u00e1vania","url":"https:\/\/archiv.siov.sk\/","logo":{"@type":"ImageObject","inLanguage":"en-GB","@id":"https:\/\/archiv.siov.sk\/#\/schema\/logo\/image\/","url":"https:\/\/archiv.siov.sk\/wp-content\/uploads\/2024\/02\/logo-SIOV.png","contentUrl":"https:\/\/archiv.siov.sk\/wp-content\/uploads\/2024\/02\/logo-SIOV.png","width":431,"height":143,"caption":"\u0160IOV - \u0161t\u00e1tny in\u0161tit\u00fat odborn\u00e9ho vzdel\u00e1vania"},"image":{"@id":"https:\/\/archiv.siov.sk\/#\/schema\/logo\/image\/"},"sameAs":["https:\/\/www.facebook.com\/Statnyinstitutodbornehovzdelavania"]}]}},"_links":{"self":[{"href":"https:\/\/archiv.siov.sk\/en\/wp-json\/wp\/v2\/pages\/1810","targetHints":{"allow":["GET"]}}],"collection":[{"href":"https:\/\/archiv.siov.sk\/en\/wp-json\/wp\/v2\/pages"}],"about":[{"href":"https:\/\/archiv.siov.sk\/en\/wp-json\/wp\/v2\/types\/page"}],"author":[{"embeddable":true,"href":"https:\/\/archiv.siov.sk\/en\/wp-json\/wp\/v2\/users\/1"}],"replies":[{"embeddable":true,"href":"https:\/\/archiv.siov.sk\/en\/wp-json\/wp\/v2\/comments?post=1810"}],"version-history":[{"count":48,"href":"https:\/\/archiv.siov.sk\/en\/wp-json\/wp\/v2\/pages\/1810\/revisions"}],"predecessor-version":[{"id":21651,"href":"https:\/\/archiv.siov.sk\/en\/wp-json\/wp\/v2\/pages\/1810\/revisions\/21651"}],"up":[{"embeddable":true,"href":"https:\/\/archiv.siov.sk\/en\/wp-json\/wp\/v2\/pages\/144"}],"wp:attachment":[{"href":"https:\/\/archiv.siov.sk\/en\/wp-json\/wp\/v2\/media?parent=1810"}],"curies":[{"name":"wp","href":"https:\/\/api.w.org\/{rel}","templated":true}]}}