{"id":1806,"date":"2019-02-12T15:10:03","date_gmt":"2019-02-12T14:10:03","guid":{"rendered":"http:\/\/archiv.siov.sk\/?page_id=1806"},"modified":"2019-03-28T10:18:39","modified_gmt":"2019-03-28T09:18:39","slug":"harmonogram-sutazi-na-rok-2018-2019","status":"publish","type":"page","link":"https:\/\/archiv.siov.sk\/en\/sutaze\/harmonogram-sutazi-na-rok-2018-2019\/","title":{"rendered":"Harmonogram s\u00fa\u0165a\u017e\u00ed na rok 2018\/2019"},"content":{"rendered":"<p style=\"text-align: justify;\">S\u00fa\u0165a\u017ee v r\u00e9\u017eii \u0160t\u00e1tneho in\u0161tit\u00fatu odborn\u00e9ho vzdel\u00e1vania s\u00fa realizovan\u00e9 v\u010faka finan\u010dnej podpore Ministerstva \u0161kolstva, vedy, v\u00fdskumu a \u0161portu Slovenskej republiky. Treba ich vn\u00edma\u0165 ako uk\u00e1\u017eky pripravenosti stredo\u0161kol\u00e1kov na bud\u00face zamestnanie v odbore, v ktorom u\u017e teraz maj\u00fa \u010do uk\u00e1za\u0165. Ka\u017ed\u00e1 zo s\u00fa\u0165a\u017e\u00ed je svoj\u00edm zameran\u00edm orientovan\u00e1 na in\u00fd sektor hospod\u00e1rstva a \u0161tudijn\u00e9 odbory. S ka\u017edou z nich sa pre \u00faspe\u0161n\u00fdch s\u00fa\u0165a\u017eiacich sp\u00e1jaj\u00fa aj konkr\u00e9tne benefity.<\/p>\n<p style=\"text-align: justify;\">Harmonogram, miesta realiz\u00e1cie celo\u0161t\u00e1tnych k\u00f4l s\u00fa\u0165a\u017e\u00ed, ktor\u00e9 gestoruje \u0160I0V, term\u00edny postupov\u00fdch k\u00f4l \u2013 \u0161kolsk\u00e9, krajsk\u00e9 (region\u00e1lne) a medzin\u00e1rodn\u00e9.<\/p>\n<p style=\"text-align: justify;\">Harmonogram s\u00fa\u0165a\u017e\u00ed na rok 2018\/2019 n\u00e1jdete <a href=\"https:\/\/archiv.siov.sk\/wp-content\/uploads\/2019\/02\/HARMONOGRAM-SUTAZI-SIOV-NA-sk-rok-2018_19_final-na-web-september.pdf\" target=\"_blank\" rel=\"noopener noreferrer\">TU<\/a>.<\/p>\n<ul class=\"svp_links\">\n<li style=\"text-align: justify;\"><a href=\"\/wp-content\/uploads\/2019\/03\/Competition-calendar-SIOV-SY-2018-2019-web.pdf\" target=\"_blank\" rel=\"noopener noreferrer\">Competition Calendar 2018\/2019 finding here.<\/a><\/li>\n<\/ul>","protected":false},"excerpt":{"rendered":"<p>S\u00fa\u0165a\u017ee v r\u00e9\u017eii \u0160t\u00e1tneho in\u0161tit\u00fatu odborn\u00e9ho vzdel\u00e1vania s\u00fa realizovan\u00e9 v\u010faka finan\u010dnej podpore Ministerstva \u0161kolstva, vedy, v\u00fdskumu a \u0161portu Slovenskej republiky. Treba ich vn\u00edma\u0165 ako uk\u00e1\u017eky pripravenosti stredo\u0161kol\u00e1kov na bud\u00face zamestnanie v odbore, v ktorom u\u017e teraz maj\u00fa \u010do uk\u00e1za\u0165. Ka\u017ed\u00e1 zo s\u00fa\u0165a\u017e\u00ed je svoj\u00edm zameran\u00edm orientovan\u00e1 na in\u00fd sektor hospod\u00e1rstva a \u0161tudijn\u00e9 odbory. S ka\u017edou [&hellip;]<\/p>\n","protected":false},"author":1,"featured_media":0,"parent":144,"menu_order":0,"comment_status":"closed","ping_status":"closed","template":"","meta":{"site-sidebar-layout":"default","site-content-layout":"","ast-site-content-layout":"default","site-content-style":"default","site-sidebar-style":"default","ast-global-header-display":"","ast-banner-title-visibility":"","ast-main-header-display":"","ast-hfb-above-header-display":"","ast-hfb-below-header-display":"","ast-hfb-mobile-header-display":"","site-post-title":"","ast-breadcrumbs-content":"","ast-featured-img":"","footer-sml-layout":"","ast-disable-related-posts":"","theme-transparent-header-meta":"","adv-header-id-meta":"","stick-header-meta":"","header-above-stick-meta":"","header-main-stick-meta":"","header-below-stick-meta":"","astra-migrate-meta-layouts":"default","ast-page-background-enabled":"default","ast-page-background-meta":{"desktop":{"background-color":"var(--ast-global-color-4)","background-image":"","background-repeat":"repeat","background-position":"center center","background-size":"auto","background-attachment":"scroll","background-type":"","background-media":"","overlay-type":"","overlay-color":"","overlay-opacity":"","overlay-gradient":""},"tablet":{"background-color":"","background-image":"","background-repeat":"repeat","background-position":"center center","background-size":"auto","background-attachment":"scroll","background-type":"","background-media":"","overlay-type":"","overlay-color":"","overlay-opacity":"","overlay-gradient":""},"mobile":{"background-color":"","background-image":"","background-repeat":"repeat","background-position":"center center","background-size":"auto","background-attachment":"scroll","background-type":"","background-media":"","overlay-type":"","overlay-color":"","overlay-opacity":"","overlay-gradient":""}},"ast-content-background-meta":{"desktop":{"background-color":"var(--ast-global-color-5)","background-image":"","background-repeat":"repeat","background-position":"center center","background-size":"auto","background-attachment":"scroll","background-type":"","background-media":"","overlay-type":"","overlay-color":"","overlay-opacity":"","overlay-gradient":""},"tablet":{"background-color":"var(--ast-global-color-5)","background-image":"","background-repeat":"repeat","background-position":"center center","background-size":"auto","background-attachment":"scroll","background-type":"","background-media":"","overlay-type":"","overlay-color":"","overlay-opacity":"","overlay-gradient":""},"mobile":{"background-color":"var(--ast-global-color-5)","background-image":"","background-repeat":"repeat","background-position":"center center","background-size":"auto","background-attachment":"scroll","background-type":"","background-media":"","overlay-type":"","overlay-color":"","overlay-opacity":"","overlay-gradient":""}},"footnotes":""},"class_list":["post-1806","page","type-page","status-publish","hentry"],"yoast_head":"<!-- This site is optimized with the Yoast SEO plugin v27.4 - https:\/\/yoast.com\/product\/yoast-seo-wordpress\/ -->\n<title>Harmonogram s\u00fa\u0165a\u017e\u00ed na rok 2018\/2019 - \u0160IOV - \u0161t\u00e1tny in\u0161tit\u00fat odborn\u00e9ho vzdel\u00e1vania<\/title>\n<meta name=\"robots\" content=\"index, follow, max-snippet:-1, max-image-preview:large, max-video-preview:-1\" \/>\n<link rel=\"canonical\" href=\"https:\/\/archiv.siov.sk\/en\/sutaze\/harmonogram-sutazi-na-rok-2018-2019\/\" \/>\n<meta property=\"og:locale\" content=\"en_GB\" \/>\n<meta property=\"og:type\" content=\"article\" \/>\n<meta property=\"og:title\" content=\"Harmonogram s\u00fa\u0165a\u017e\u00ed na rok 2018\/2019 - \u0160IOV - \u0161t\u00e1tny in\u0161tit\u00fat odborn\u00e9ho vzdel\u00e1vania\" \/>\n<meta property=\"og:description\" content=\"S\u00fa\u0165a\u017ee v r\u00e9\u017eii \u0160t\u00e1tneho in\u0161tit\u00fatu odborn\u00e9ho vzdel\u00e1vania s\u00fa realizovan\u00e9 v\u010faka finan\u010dnej podpore Ministerstva \u0161kolstva, vedy, v\u00fdskumu a \u0161portu Slovenskej republiky. Treba ich vn\u00edma\u0165 ako uk\u00e1\u017eky pripravenosti stredo\u0161kol\u00e1kov na bud\u00face zamestnanie v odbore, v ktorom u\u017e teraz maj\u00fa \u010do uk\u00e1za\u0165. Ka\u017ed\u00e1 zo s\u00fa\u0165a\u017e\u00ed je svoj\u00edm zameran\u00edm orientovan\u00e1 na in\u00fd sektor hospod\u00e1rstva a \u0161tudijn\u00e9 odbory. S ka\u017edou [&hellip;]\" \/>\n<meta property=\"og:url\" content=\"https:\/\/archiv.siov.sk\/en\/sutaze\/harmonogram-sutazi-na-rok-2018-2019\/\" \/>\n<meta property=\"og:site_name\" content=\"\u0160IOV - \u0161t\u00e1tny in\u0161tit\u00fat odborn\u00e9ho vzdel\u00e1vania\" \/>\n<meta property=\"article:publisher\" content=\"https:\/\/www.facebook.com\/Statnyinstitutodbornehovzdelavania\" \/>\n<meta property=\"article:modified_time\" content=\"2019-03-28T09:18:39+00:00\" \/>\n<meta name=\"twitter:card\" content=\"summary_large_image\" \/>\n<meta name=\"twitter:label1\" content=\"Estimated reading time\" \/>\n\t<meta name=\"twitter:data1\" content=\"1 minute\" \/>\n<script type=\"application\/ld+json\" class=\"yoast-schema-graph\">{\"@context\":\"https:\\\/\\\/schema.org\",\"@graph\":[{\"@type\":\"WebPage\",\"@id\":\"https:\\\/\\\/archiv.siov.sk\\\/sutaze\\\/harmonogram-sutazi-na-rok-2018-2019\\\/\",\"url\":\"https:\\\/\\\/archiv.siov.sk\\\/sutaze\\\/harmonogram-sutazi-na-rok-2018-2019\\\/\",\"name\":\"Harmonogram s\u00fa\u0165a\u017e\u00ed na rok 2018\\\/2019 - \u0160IOV - \u0161t\u00e1tny in\u0161tit\u00fat odborn\u00e9ho vzdel\u00e1vania\",\"isPartOf\":{\"@id\":\"https:\\\/\\\/archiv.siov.sk\\\/#website\"},\"datePublished\":\"2019-02-12T14:10:03+00:00\",\"dateModified\":\"2019-03-28T09:18:39+00:00\",\"breadcrumb\":{\"@id\":\"https:\\\/\\\/archiv.siov.sk\\\/sutaze\\\/harmonogram-sutazi-na-rok-2018-2019\\\/#breadcrumb\"},\"inLanguage\":\"en-GB\",\"potentialAction\":[{\"@type\":\"ReadAction\",\"target\":[\"https:\\\/\\\/archiv.siov.sk\\\/sutaze\\\/harmonogram-sutazi-na-rok-2018-2019\\\/\"]}]},{\"@type\":\"BreadcrumbList\",\"@id\":\"https:\\\/\\\/archiv.siov.sk\\\/sutaze\\\/harmonogram-sutazi-na-rok-2018-2019\\\/#breadcrumb\",\"itemListElement\":[{\"@type\":\"ListItem\",\"position\":1,\"name\":\"Home\",\"item\":\"https:\\\/\\\/archiv.siov.sk\\\/\"},{\"@type\":\"ListItem\",\"position\":2,\"name\":\"S\u00fa\u0165a\u017ee\",\"item\":\"https:\\\/\\\/archiv.siov.sk\\\/sutaze\\\/\"},{\"@type\":\"ListItem\",\"position\":3,\"name\":\"Harmonogram s\u00fa\u0165a\u017e\u00ed na rok 2018\\\/2019\"}]},{\"@type\":\"WebSite\",\"@id\":\"https:\\\/\\\/archiv.siov.sk\\\/#website\",\"url\":\"https:\\\/\\\/archiv.siov.sk\\\/\",\"name\":\"\u0160IOV - \u0161t\u00e1tny in\u0161tit\u00fat odborn\u00e9ho vzdel\u00e1vania\",\"description\":\"\",\"publisher\":{\"@id\":\"https:\\\/\\\/archiv.siov.sk\\\/#organization\"},\"potentialAction\":[{\"@type\":\"SearchAction\",\"target\":{\"@type\":\"EntryPoint\",\"urlTemplate\":\"https:\\\/\\\/archiv.siov.sk\\\/?s={search_term_string}\"},\"query-input\":{\"@type\":\"PropertyValueSpecification\",\"valueRequired\":true,\"valueName\":\"search_term_string\"}}],\"inLanguage\":\"en-GB\"},{\"@type\":\"Organization\",\"@id\":\"https:\\\/\\\/archiv.siov.sk\\\/#organization\",\"name\":\"\u0160IOV - \u0161t\u00e1tny in\u0161tit\u00fat odborn\u00e9ho vzdel\u00e1vania\",\"url\":\"https:\\\/\\\/archiv.siov.sk\\\/\",\"logo\":{\"@type\":\"ImageObject\",\"inLanguage\":\"en-GB\",\"@id\":\"https:\\\/\\\/archiv.siov.sk\\\/#\\\/schema\\\/logo\\\/image\\\/\",\"url\":\"https:\\\/\\\/archiv.siov.sk\\\/wp-content\\\/uploads\\\/2024\\\/02\\\/logo-SIOV.png\",\"contentUrl\":\"https:\\\/\\\/archiv.siov.sk\\\/wp-content\\\/uploads\\\/2024\\\/02\\\/logo-SIOV.png\",\"width\":431,\"height\":143,\"caption\":\"\u0160IOV - \u0161t\u00e1tny in\u0161tit\u00fat odborn\u00e9ho vzdel\u00e1vania\"},\"image\":{\"@id\":\"https:\\\/\\\/archiv.siov.sk\\\/#\\\/schema\\\/logo\\\/image\\\/\"},\"sameAs\":[\"https:\\\/\\\/www.facebook.com\\\/Statnyinstitutodbornehovzdelavania\"]}]}<\/script>\n<!-- \/ Yoast SEO plugin. -->","yoast_head_json":{"title":"Harmonogram s\u00fa\u0165a\u017e\u00ed na rok 2018\/2019 - \u0160IOV - \u0161t\u00e1tny in\u0161tit\u00fat odborn\u00e9ho vzdel\u00e1vania","robots":{"index":"index","follow":"follow","max-snippet":"max-snippet:-1","max-image-preview":"max-image-preview:large","max-video-preview":"max-video-preview:-1"},"canonical":"https:\/\/archiv.siov.sk\/en\/sutaze\/harmonogram-sutazi-na-rok-2018-2019\/","og_locale":"en_GB","og_type":"article","og_title":"Harmonogram s\u00fa\u0165a\u017e\u00ed na rok 2018\/2019 - \u0160IOV - \u0161t\u00e1tny in\u0161tit\u00fat odborn\u00e9ho vzdel\u00e1vania","og_description":"S\u00fa\u0165a\u017ee v r\u00e9\u017eii \u0160t\u00e1tneho in\u0161tit\u00fatu odborn\u00e9ho vzdel\u00e1vania s\u00fa realizovan\u00e9 v\u010faka finan\u010dnej podpore Ministerstva \u0161kolstva, vedy, v\u00fdskumu a \u0161portu Slovenskej republiky. Treba ich vn\u00edma\u0165 ako uk\u00e1\u017eky pripravenosti stredo\u0161kol\u00e1kov na bud\u00face zamestnanie v odbore, v ktorom u\u017e teraz maj\u00fa \u010do uk\u00e1za\u0165. Ka\u017ed\u00e1 zo s\u00fa\u0165a\u017e\u00ed je svoj\u00edm zameran\u00edm orientovan\u00e1 na in\u00fd sektor hospod\u00e1rstva a \u0161tudijn\u00e9 odbory. S ka\u017edou [&hellip;]","og_url":"https:\/\/archiv.siov.sk\/en\/sutaze\/harmonogram-sutazi-na-rok-2018-2019\/","og_site_name":"\u0160IOV - \u0161t\u00e1tny in\u0161tit\u00fat odborn\u00e9ho vzdel\u00e1vania","article_publisher":"https:\/\/www.facebook.com\/Statnyinstitutodbornehovzdelavania","article_modified_time":"2019-03-28T09:18:39+00:00","twitter_card":"summary_large_image","twitter_misc":{"Estimated reading time":"1 minute"},"schema":{"@context":"https:\/\/schema.org","@graph":[{"@type":"WebPage","@id":"https:\/\/archiv.siov.sk\/sutaze\/harmonogram-sutazi-na-rok-2018-2019\/","url":"https:\/\/archiv.siov.sk\/sutaze\/harmonogram-sutazi-na-rok-2018-2019\/","name":"Harmonogram s\u00fa\u0165a\u017e\u00ed na rok 2018\/2019 - \u0160IOV - \u0161t\u00e1tny in\u0161tit\u00fat odborn\u00e9ho vzdel\u00e1vania","isPartOf":{"@id":"https:\/\/archiv.siov.sk\/#website"},"datePublished":"2019-02-12T14:10:03+00:00","dateModified":"2019-03-28T09:18:39+00:00","breadcrumb":{"@id":"https:\/\/archiv.siov.sk\/sutaze\/harmonogram-sutazi-na-rok-2018-2019\/#breadcrumb"},"inLanguage":"en-GB","potentialAction":[{"@type":"ReadAction","target":["https:\/\/archiv.siov.sk\/sutaze\/harmonogram-sutazi-na-rok-2018-2019\/"]}]},{"@type":"BreadcrumbList","@id":"https:\/\/archiv.siov.sk\/sutaze\/harmonogram-sutazi-na-rok-2018-2019\/#breadcrumb","itemListElement":[{"@type":"ListItem","position":1,"name":"Home","item":"https:\/\/archiv.siov.sk\/"},{"@type":"ListItem","position":2,"name":"S\u00fa\u0165a\u017ee","item":"https:\/\/archiv.siov.sk\/sutaze\/"},{"@type":"ListItem","position":3,"name":"Harmonogram s\u00fa\u0165a\u017e\u00ed na rok 2018\/2019"}]},{"@type":"WebSite","@id":"https:\/\/archiv.siov.sk\/#website","url":"https:\/\/archiv.siov.sk\/","name":"\u0160IOV - \u0161t\u00e1tny in\u0161tit\u00fat odborn\u00e9ho vzdel\u00e1vania","description":"","publisher":{"@id":"https:\/\/archiv.siov.sk\/#organization"},"potentialAction":[{"@type":"SearchAction","target":{"@type":"EntryPoint","urlTemplate":"https:\/\/archiv.siov.sk\/?s={search_term_string}"},"query-input":{"@type":"PropertyValueSpecification","valueRequired":true,"valueName":"search_term_string"}}],"inLanguage":"en-GB"},{"@type":"Organization","@id":"https:\/\/archiv.siov.sk\/#organization","name":"\u0160IOV - \u0161t\u00e1tny in\u0161tit\u00fat odborn\u00e9ho vzdel\u00e1vania","url":"https:\/\/archiv.siov.sk\/","logo":{"@type":"ImageObject","inLanguage":"en-GB","@id":"https:\/\/archiv.siov.sk\/#\/schema\/logo\/image\/","url":"https:\/\/archiv.siov.sk\/wp-content\/uploads\/2024\/02\/logo-SIOV.png","contentUrl":"https:\/\/archiv.siov.sk\/wp-content\/uploads\/2024\/02\/logo-SIOV.png","width":431,"height":143,"caption":"\u0160IOV - \u0161t\u00e1tny in\u0161tit\u00fat odborn\u00e9ho vzdel\u00e1vania"},"image":{"@id":"https:\/\/archiv.siov.sk\/#\/schema\/logo\/image\/"},"sameAs":["https:\/\/www.facebook.com\/Statnyinstitutodbornehovzdelavania"]}]}},"_links":{"self":[{"href":"https:\/\/archiv.siov.sk\/en\/wp-json\/wp\/v2\/pages\/1806","targetHints":{"allow":["GET"]}}],"collection":[{"href":"https:\/\/archiv.siov.sk\/en\/wp-json\/wp\/v2\/pages"}],"about":[{"href":"https:\/\/archiv.siov.sk\/en\/wp-json\/wp\/v2\/types\/page"}],"author":[{"embeddable":true,"href":"https:\/\/archiv.siov.sk\/en\/wp-json\/wp\/v2\/users\/1"}],"replies":[{"embeddable":true,"href":"https:\/\/archiv.siov.sk\/en\/wp-json\/wp\/v2\/comments?post=1806"}],"version-history":[{"count":3,"href":"https:\/\/archiv.siov.sk\/en\/wp-json\/wp\/v2\/pages\/1806\/revisions"}],"predecessor-version":[{"id":3641,"href":"https:\/\/archiv.siov.sk\/en\/wp-json\/wp\/v2\/pages\/1806\/revisions\/3641"}],"up":[{"embeddable":true,"href":"https:\/\/archiv.siov.sk\/en\/wp-json\/wp\/v2\/pages\/144"}],"wp:attachment":[{"href":"https:\/\/archiv.siov.sk\/en\/wp-json\/wp\/v2\/media?parent=1806"}],"curies":[{"name":"wp","href":"https:\/\/api.w.org\/{rel}","templated":true}]}}