{"id":15939,"date":"2024-06-17T21:58:15","date_gmt":"2024-06-17T19:58:15","guid":{"rendered":"https:\/\/archiv.siov.sk\/?page_id=15939"},"modified":"2024-12-18T11:09:24","modified_gmt":"2024-12-18T10:09:24","slug":"kontakt-regionalne-centra-siov","status":"publish","type":"page","link":"https:\/\/archiv.siov.sk\/en\/kontakt-stary\/kontakt-regionalne-centra-siov\/","title":{"rendered":"Regional centres of \u0160IOV"},"content":{"rendered":"<div data-elementor-type=\"wp-page\" data-elementor-id=\"15939\" class=\"elementor elementor-15939\" data-elementor-post-type=\"page\">\n\t\t\t\t<div class=\"elementor-element elementor-element-bd94ff5 e-flex e-con-boxed e-con e-parent\" data-id=\"bd94ff5\" data-element_type=\"container\" data-e-type=\"container\">\n\t\t\t\t\t<div class=\"e-con-inner\">\n\t\t<div class=\"elementor-element elementor-element-d7e42ab e-flex e-con-boxed e-con e-child\" data-id=\"d7e42ab\" data-element_type=\"container\" data-e-type=\"container\">\n\t\t\t\t\t<div class=\"e-con-inner\">\n\t\t\t\t<div class=\"elementor-element elementor-element-c21e952 elementor-widget elementor-widget-button\" data-id=\"c21e952\" data-element_type=\"widget\" data-e-type=\"widget\" data-widget_type=\"button.default\">\n\t\t\t\t<div class=\"elementor-widget-container\">\n\t\t\t\t\t\t\t\t\t<div class=\"elementor-button-wrapper\">\n\t\t\t\t\t<a class=\"elementor-button elementor-button-link elementor-size-sm\" href=\"\/\/siov.sk\/kontakt\">\n\t\t\t\t\t\t<span class=\"elementor-button-content-wrapper\">\n\t\t\t\t\t\t<span class=\"elementor-button-icon\">\n\t\t\t\t<i aria-hidden=\"true\" class=\"fas fa-long-arrow-alt-left\"><\/i>\t\t\t<\/span>\n\t\t\t\t\t\t\t\t\t<span class=\"elementor-button-text\"> Sp\u00e4\u0165 na kontakty<\/span>\n\t\t\t\t\t<\/span>\n\t\t\t\t\t<\/a>\n\t\t\t\t<\/div>\n\t\t\t\t\t\t\t\t<\/div>\n\t\t\t\t<\/div>\n\t\t\t\t<div class=\"elementor-element elementor-element-8d7600a elementor-widget elementor-widget-heading\" data-id=\"8d7600a\" data-element_type=\"widget\" data-e-type=\"widget\" data-widget_type=\"heading.default\">\n\t\t\t\t<div class=\"elementor-widget-container\">\n\t\t\t\t\t<h2 class=\"elementor-heading-title elementor-size-default\">Regional centres of \u0160IOV <\/h2>\t\t\t\t<\/div>\n\t\t\t\t<\/div>\n\t\t\t\t\t<\/div>\n\t\t\t\t<\/div>\n\t\t\t\t\t<\/div>\n\t\t\t\t<\/div>\n\t\t<div class=\"elementor-element elementor-element-e317996 e-grid e-con-boxed e-con e-child\" data-id=\"e317996\" data-element_type=\"container\" data-e-type=\"container\">\n\t\t\t\t\t<div class=\"e-con-inner\">\n\t\t\t\t<div class=\"elementor-element elementor-element-c84436a elementor-widget elementor-widget-text-editor\" data-id=\"c84436a\" data-element_type=\"widget\" data-e-type=\"widget\" data-widget_type=\"text-editor.default\">\n\t\t\t\t<div class=\"elementor-widget-container\">\n\t\t\t\t\t\t\t\t\t<h5 style=\"text-align: center;\">BRATISLAVA<\/h5><p style=\"text-align: center;\"><strong>Zuzana Uv\u00edrov\u00e1<\/strong><br \/>Email:\u00a0<a href=\"mailto:zuzana.uvirova@siov.sk\">zuzana.uvirova@siov.sk<\/a><br \/>Mobil: <a href=\"tel:+421910925079\">+421 910 925 079<\/a><\/p>\t\t\t\t\t\t\t\t<\/div>\n\t\t\t\t<\/div>\n\t\t\t\t<div class=\"elementor-element elementor-element-37cd941 elementor-widget elementor-widget-text-editor\" data-id=\"37cd941\" data-element_type=\"widget\" data-e-type=\"widget\" data-widget_type=\"text-editor.default\">\n\t\t\t\t<div class=\"elementor-widget-container\">\n\t\t\t\t\t\t\t\t\t<h5 style=\"text-align: center;\">TRNAVA<\/h5><p style=\"text-align: center;\"><strong>Zuzana Uv\u00edrov\u00e1<\/strong><br \/>Email:\u00a0<a href=\"mailto:zuzana.uvirova@siov.sk\">zuzana.uvirova@siov.sk<\/a><br \/>Mobil: <a href=\"tel:+421910925079\">+421 910 925 079<\/a><\/p>\t\t\t\t\t\t\t\t<\/div>\n\t\t\t\t<\/div>\n\t\t\t\t<div class=\"elementor-element elementor-element-512be47 elementor-widget elementor-widget-text-editor\" data-id=\"512be47\" data-element_type=\"widget\" data-e-type=\"widget\" data-widget_type=\"text-editor.default\">\n\t\t\t\t<div class=\"elementor-widget-container\">\n\t\t\t\t\t\t\t\t\t<h5 style=\"text-align: center;\">NITRA<\/h5><p style=\"text-align: center;\"><strong>M\u00e1ria Bla\u017eov\u00e1<\/strong><br \/>Email: <a href=\"mailto:jana.fekova@siov.sk\">maria.blazova@siov.sk<\/a><br \/>Mobil: <a href=\"tel:+421910925108\">+421 911 550 393<\/a><\/p>\t\t\t\t\t\t\t\t<\/div>\n\t\t\t\t<\/div>\n\t\t\t\t<div class=\"elementor-element elementor-element-8caaf7f elementor-widget elementor-widget-text-editor\" data-id=\"8caaf7f\" data-element_type=\"widget\" data-e-type=\"widget\" data-widget_type=\"text-editor.default\">\n\t\t\t\t<div class=\"elementor-widget-container\">\n\t\t\t\t\t\t\t\t\t<h5 style=\"text-align: center;\">TREN\u010c\u00cdN<\/h5><p style=\"text-align: center;\"><strong>Jana Divinsk\u00e1<\/strong><br \/>Email:\u00a0<a href=\"mailto:jana.divinska@siov.sk\">jana.divinska@siov.sk<\/a><br \/>Mobil: <a href=\"tel:+421910925039\">+421 910 925 039<\/a><\/p>\t\t\t\t\t\t\t\t<\/div>\n\t\t\t\t<\/div>\n\t\t\t\t<div class=\"elementor-element elementor-element-ec7e45d elementor-widget elementor-widget-text-editor\" data-id=\"ec7e45d\" data-element_type=\"widget\" data-e-type=\"widget\" data-widget_type=\"text-editor.default\">\n\t\t\t\t<div class=\"elementor-widget-container\">\n\t\t\t\t\t\t\t\t\t<h5 style=\"text-align: center;\">\u017dILINA<\/h5><p style=\"text-align: center;\"><strong>Du\u0161an Halu\u0161ka<\/strong><br \/>Email:\u00a0<a href=\"mailto:dusan.haluska@siov.sk\">dusan.haluska@siov.sk<\/a><br \/>Mobil: <a href=\"tel:+421905970469\">+421 905 970 469<\/a><\/p>\t\t\t\t\t\t\t\t<\/div>\n\t\t\t\t<\/div>\n\t\t\t\t<div class=\"elementor-element elementor-element-b45fa9d elementor-widget elementor-widget-text-editor\" data-id=\"b45fa9d\" data-element_type=\"widget\" data-e-type=\"widget\" data-widget_type=\"text-editor.default\">\n\t\t\t\t<div class=\"elementor-widget-container\">\n\t\t\t\t\t\t\t\t\t<h5 style=\"text-align: center;\">BANSK\u00c1 BYSTRICA<\/h5><p style=\"text-align: center;\"><strong>M\u00e1ria Vydrov\u00e1<\/strong><br \/>Email:\u00a0<a href=\"mailto:maria.vydrova@siov.sk\">maria.vydrova@siov.sk<\/a><br \/>Mobil: <a href=\"tel:+421911469111\">+421 911 469 111<\/a><\/p>\t\t\t\t\t\t\t\t<\/div>\n\t\t\t\t<\/div>\n\t\t\t\t<div class=\"elementor-element elementor-element-19b1fe9 elementor-widget elementor-widget-text-editor\" data-id=\"19b1fe9\" data-element_type=\"widget\" data-e-type=\"widget\" data-widget_type=\"text-editor.default\">\n\t\t\t\t<div class=\"elementor-widget-container\">\n\t\t\t\t\t\t\t\t\t<h5 style=\"text-align: center;\">PRE\u0160OV<\/h5><p style=\"text-align: center;\"><strong>Andrea Ondov\u00e1<\/strong><br \/>Email:\u00a0<a href=\"mailto:andrea.ondova@siov.sk\">andrea.ondova@siov.sk<\/a><br \/>Mobil: <a href=\"tel:+421910925035\">+421 910 925 035<\/a><\/p>\t\t\t\t\t\t\t\t<\/div>\n\t\t\t\t<\/div>\n\t\t\t\t<div class=\"elementor-element elementor-element-7b2c979 elementor-widget elementor-widget-text-editor\" data-id=\"7b2c979\" data-element_type=\"widget\" data-e-type=\"widget\" data-widget_type=\"text-editor.default\">\n\t\t\t\t<div class=\"elementor-widget-container\">\n\t\t\t\t\t\t\t\t\t<h5 style=\"text-align: center;\">KO\u0160ICE<\/h5><p style=\"text-align: center;\"><strong>Gabriela Lackov\u00e1<\/strong><br \/>Email: <a href=\"mailto:ivana.kocanova@siov.sk\">gabriela.lackova@siov.sk<\/a><br \/>Mobil: <a href=\"http:\/\/+421 910 925 034\" data-wplink-url-error=\"true\">+421 910 925 034<\/a><\/p>\t\t\t\t\t\t\t\t<\/div>\n\t\t\t\t<\/div>\n\t\t\t\t\t<\/div>\n\t\t\t\t<\/div>\n\t\t\t\t<\/div>","protected":false},"excerpt":{"rendered":"<p>Sp\u00e4\u0165 na kontakty Region\u00e1lne centr\u00e1 \u0160IOV BRATISLAVA Zuzana Uv\u00edrov\u00e1 Email:\u00a0zuzana.uvirova@siov.sk Mobil: +421 910 925 079 TRNAVA Zuzana Uv\u00edrov\u00e1 Email:\u00a0zuzana.uvirova@siov.sk Mobil: +421 910 925 079 NITRA M\u00e1ria Bla\u017eov\u00e1 Email: maria.blazova@siov.sk Mobil: +421 911 550 393 TREN\u010c\u00cdN Jana Divinsk\u00e1 Email:\u00a0jana.divinska@siov.sk Mobil: +421 910 925 039 \u017dILINA Du\u0161an Halu\u0161ka Email:\u00a0dusan.haluska@siov.sk Mobil: +421 905 970 469 BANSK\u00c1 BYSTRICA M\u00e1ria [&hellip;]<\/p>\n","protected":false},"author":1,"featured_media":0,"parent":152,"menu_order":0,"comment_status":"closed","ping_status":"closed","template":"","meta":{"site-sidebar-layout":"no-sidebar","site-content-layout":"page-builder","ast-site-content-layout":"full-width-container","site-content-style":"default","site-sidebar-style":"default","ast-global-header-display":"","ast-banner-title-visibility":"","ast-main-header-display":"","ast-hfb-above-header-display":"","ast-hfb-below-header-display":"","ast-hfb-mobile-header-display":"","site-post-title":"disabled","ast-breadcrumbs-content":"","ast-featured-img":"disabled","footer-sml-layout":"","ast-disable-related-posts":"","theme-transparent-header-meta":"default","adv-header-id-meta":"","stick-header-meta":"default","header-above-stick-meta":"","header-main-stick-meta":"","header-below-stick-meta":"","astra-migrate-meta-layouts":"set","ast-page-background-enabled":"default","ast-page-background-meta":{"desktop":{"background-color":"var(--ast-global-color-4)","background-image":"","background-repeat":"repeat","background-position":"center center","background-size":"auto","background-attachment":"scroll","background-type":"","background-media":"","overlay-type":"","overlay-color":"","overlay-opacity":"","overlay-gradient":""},"tablet":{"background-color":"","background-image":"","background-repeat":"repeat","background-position":"center center","background-size":"auto","background-attachment":"scroll","background-type":"","background-media":"","overlay-type":"","overlay-color":"","overlay-opacity":"","overlay-gradient":""},"mobile":{"background-color":"","background-image":"","background-repeat":"repeat","background-position":"center center","background-size":"auto","background-attachment":"scroll","background-type":"","background-media":"","overlay-type":"","overlay-color":"","overlay-opacity":"","overlay-gradient":""}},"ast-content-background-meta":{"desktop":{"background-color":"var(--ast-global-color-5)","background-image":"","background-repeat":"repeat","background-position":"center center","background-size":"auto","background-attachment":"scroll","background-type":"","background-media":"","overlay-type":"","overlay-color":"","overlay-opacity":"","overlay-gradient":""},"tablet":{"background-color":"var(--ast-global-color-5)","background-image":"","background-repeat":"repeat","background-position":"center center","background-size":"auto","background-attachment":"scroll","background-type":"","background-media":"","overlay-type":"","overlay-color":"","overlay-opacity":"","overlay-gradient":""},"mobile":{"background-color":"var(--ast-global-color-5)","background-image":"","background-repeat":"repeat","background-position":"center center","background-size":"auto","background-attachment":"scroll","background-type":"","background-media":"","overlay-type":"","overlay-color":"","overlay-opacity":"","overlay-gradient":""}},"footnotes":""},"class_list":["post-15939","page","type-page","status-publish","hentry"],"yoast_head":"<!-- This site is optimized with the Yoast SEO plugin v27.5 - https:\/\/yoast.com\/product\/yoast-seo-wordpress\/ -->\n<title>Region\u00e1lne centr\u00e1 \u0160IOV - \u0160IOV - \u0161t\u00e1tny in\u0161tit\u00fat odborn\u00e9ho vzdel\u00e1vania<\/title>\n<meta name=\"robots\" content=\"index, follow, max-snippet:-1, max-image-preview:large, max-video-preview:-1\" \/>\n<link rel=\"canonical\" href=\"https:\/\/archiv.siov.sk\/en\/kontakt-stary\/kontakt-regionalne-centra-siov\/\" \/>\n<meta property=\"og:locale\" content=\"en_GB\" \/>\n<meta property=\"og:type\" content=\"article\" \/>\n<meta property=\"og:title\" content=\"Region\u00e1lne centr\u00e1 \u0160IOV - \u0160IOV - \u0161t\u00e1tny in\u0161tit\u00fat odborn\u00e9ho vzdel\u00e1vania\" \/>\n<meta property=\"og:description\" content=\"Sp\u00e4\u0165 na kontakty Region\u00e1lne centr\u00e1 \u0160IOV BRATISLAVA Zuzana Uv\u00edrov\u00e1 Email:\u00a0zuzana.uvirova@siov.sk Mobil: +421 910 925 079 TRNAVA Zuzana Uv\u00edrov\u00e1 Email:\u00a0zuzana.uvirova@siov.sk Mobil: +421 910 925 079 NITRA M\u00e1ria Bla\u017eov\u00e1 Email: maria.blazova@siov.sk Mobil: +421 911 550 393 TREN\u010c\u00cdN Jana Divinsk\u00e1 Email:\u00a0jana.divinska@siov.sk Mobil: +421 910 925 039 \u017dILINA Du\u0161an Halu\u0161ka Email:\u00a0dusan.haluska@siov.sk Mobil: +421 905 970 469 BANSK\u00c1 BYSTRICA M\u00e1ria [&hellip;]\" \/>\n<meta property=\"og:url\" content=\"https:\/\/archiv.siov.sk\/en\/kontakt-stary\/kontakt-regionalne-centra-siov\/\" \/>\n<meta property=\"og:site_name\" content=\"\u0160IOV - \u0161t\u00e1tny in\u0161tit\u00fat odborn\u00e9ho vzdel\u00e1vania\" \/>\n<meta property=\"article:publisher\" content=\"https:\/\/www.facebook.com\/Statnyinstitutodbornehovzdelavania\" \/>\n<meta property=\"article:modified_time\" content=\"2024-12-18T10:09:24+00:00\" \/>\n<meta name=\"twitter:card\" content=\"summary_large_image\" \/>\n<meta name=\"twitter:label1\" content=\"Estimated reading time\" \/>\n\t<meta name=\"twitter:data1\" content=\"1 minute\" \/>\n<script type=\"application\/ld+json\" class=\"yoast-schema-graph\">{\"@context\":\"https:\\\/\\\/schema.org\",\"@graph\":[{\"@type\":\"WebPage\",\"@id\":\"https:\\\/\\\/archiv.siov.sk\\\/kontakt-stary\\\/kontakt-regionalne-centra-siov\\\/\",\"url\":\"https:\\\/\\\/archiv.siov.sk\\\/kontakt-stary\\\/kontakt-regionalne-centra-siov\\\/\",\"name\":\"Region\u00e1lne centr\u00e1 \u0160IOV - \u0160IOV - \u0161t\u00e1tny in\u0161tit\u00fat odborn\u00e9ho vzdel\u00e1vania\",\"isPartOf\":{\"@id\":\"https:\\\/\\\/archiv.siov.sk\\\/#website\"},\"datePublished\":\"2024-06-17T19:58:15+00:00\",\"dateModified\":\"2024-12-18T10:09:24+00:00\",\"breadcrumb\":{\"@id\":\"https:\\\/\\\/archiv.siov.sk\\\/kontakt-stary\\\/kontakt-regionalne-centra-siov\\\/#breadcrumb\"},\"inLanguage\":\"en-GB\",\"potentialAction\":[{\"@type\":\"ReadAction\",\"target\":[\"https:\\\/\\\/archiv.siov.sk\\\/kontakt-stary\\\/kontakt-regionalne-centra-siov\\\/\"]}]},{\"@type\":\"BreadcrumbList\",\"@id\":\"https:\\\/\\\/archiv.siov.sk\\\/kontakt-stary\\\/kontakt-regionalne-centra-siov\\\/#breadcrumb\",\"itemListElement\":[{\"@type\":\"ListItem\",\"position\":1,\"name\":\"Home\",\"item\":\"https:\\\/\\\/archiv.siov.sk\\\/\"},{\"@type\":\"ListItem\",\"position\":2,\"name\":\"Kontakt\",\"item\":\"https:\\\/\\\/archiv.siov.sk\\\/kontakt-stary\\\/\"},{\"@type\":\"ListItem\",\"position\":3,\"name\":\"Region\u00e1lne centr\u00e1 \u0160IOV\"}]},{\"@type\":\"WebSite\",\"@id\":\"https:\\\/\\\/archiv.siov.sk\\\/#website\",\"url\":\"https:\\\/\\\/archiv.siov.sk\\\/\",\"name\":\"\u0160IOV - \u0161t\u00e1tny in\u0161tit\u00fat odborn\u00e9ho vzdel\u00e1vania\",\"description\":\"\",\"publisher\":{\"@id\":\"https:\\\/\\\/archiv.siov.sk\\\/#organization\"},\"potentialAction\":[{\"@type\":\"SearchAction\",\"target\":{\"@type\":\"EntryPoint\",\"urlTemplate\":\"https:\\\/\\\/archiv.siov.sk\\\/?s={search_term_string}\"},\"query-input\":{\"@type\":\"PropertyValueSpecification\",\"valueRequired\":true,\"valueName\":\"search_term_string\"}}],\"inLanguage\":\"en-GB\"},{\"@type\":\"Organization\",\"@id\":\"https:\\\/\\\/archiv.siov.sk\\\/#organization\",\"name\":\"\u0160IOV - \u0161t\u00e1tny in\u0161tit\u00fat odborn\u00e9ho vzdel\u00e1vania\",\"url\":\"https:\\\/\\\/archiv.siov.sk\\\/\",\"logo\":{\"@type\":\"ImageObject\",\"inLanguage\":\"en-GB\",\"@id\":\"https:\\\/\\\/archiv.siov.sk\\\/#\\\/schema\\\/logo\\\/image\\\/\",\"url\":\"https:\\\/\\\/archiv.siov.sk\\\/wp-content\\\/uploads\\\/2024\\\/02\\\/logo-SIOV.png\",\"contentUrl\":\"https:\\\/\\\/archiv.siov.sk\\\/wp-content\\\/uploads\\\/2024\\\/02\\\/logo-SIOV.png\",\"width\":431,\"height\":143,\"caption\":\"\u0160IOV - \u0161t\u00e1tny in\u0161tit\u00fat odborn\u00e9ho vzdel\u00e1vania\"},\"image\":{\"@id\":\"https:\\\/\\\/archiv.siov.sk\\\/#\\\/schema\\\/logo\\\/image\\\/\"},\"sameAs\":[\"https:\\\/\\\/www.facebook.com\\\/Statnyinstitutodbornehovzdelavania\"]}]}<\/script>\n<!-- \/ Yoast SEO plugin. -->","yoast_head_json":{"title":"Region\u00e1lne centr\u00e1 \u0160IOV - \u0160IOV - \u0161t\u00e1tny in\u0161tit\u00fat odborn\u00e9ho vzdel\u00e1vania","robots":{"index":"index","follow":"follow","max-snippet":"max-snippet:-1","max-image-preview":"max-image-preview:large","max-video-preview":"max-video-preview:-1"},"canonical":"https:\/\/archiv.siov.sk\/en\/kontakt-stary\/kontakt-regionalne-centra-siov\/","og_locale":"en_GB","og_type":"article","og_title":"Region\u00e1lne centr\u00e1 \u0160IOV - \u0160IOV - \u0161t\u00e1tny in\u0161tit\u00fat odborn\u00e9ho vzdel\u00e1vania","og_description":"Sp\u00e4\u0165 na kontakty Region\u00e1lne centr\u00e1 \u0160IOV BRATISLAVA Zuzana Uv\u00edrov\u00e1 Email:\u00a0zuzana.uvirova@siov.sk Mobil: +421 910 925 079 TRNAVA Zuzana Uv\u00edrov\u00e1 Email:\u00a0zuzana.uvirova@siov.sk Mobil: +421 910 925 079 NITRA M\u00e1ria Bla\u017eov\u00e1 Email: maria.blazova@siov.sk Mobil: +421 911 550 393 TREN\u010c\u00cdN Jana Divinsk\u00e1 Email:\u00a0jana.divinska@siov.sk Mobil: +421 910 925 039 \u017dILINA Du\u0161an Halu\u0161ka Email:\u00a0dusan.haluska@siov.sk Mobil: +421 905 970 469 BANSK\u00c1 BYSTRICA M\u00e1ria [&hellip;]","og_url":"https:\/\/archiv.siov.sk\/en\/kontakt-stary\/kontakt-regionalne-centra-siov\/","og_site_name":"\u0160IOV - \u0161t\u00e1tny in\u0161tit\u00fat odborn\u00e9ho vzdel\u00e1vania","article_publisher":"https:\/\/www.facebook.com\/Statnyinstitutodbornehovzdelavania","article_modified_time":"2024-12-18T10:09:24+00:00","twitter_card":"summary_large_image","twitter_misc":{"Estimated reading time":"1 minute"},"schema":{"@context":"https:\/\/schema.org","@graph":[{"@type":"WebPage","@id":"https:\/\/archiv.siov.sk\/kontakt-stary\/kontakt-regionalne-centra-siov\/","url":"https:\/\/archiv.siov.sk\/kontakt-stary\/kontakt-regionalne-centra-siov\/","name":"Region\u00e1lne centr\u00e1 \u0160IOV - \u0160IOV - \u0161t\u00e1tny in\u0161tit\u00fat odborn\u00e9ho vzdel\u00e1vania","isPartOf":{"@id":"https:\/\/archiv.siov.sk\/#website"},"datePublished":"2024-06-17T19:58:15+00:00","dateModified":"2024-12-18T10:09:24+00:00","breadcrumb":{"@id":"https:\/\/archiv.siov.sk\/kontakt-stary\/kontakt-regionalne-centra-siov\/#breadcrumb"},"inLanguage":"en-GB","potentialAction":[{"@type":"ReadAction","target":["https:\/\/archiv.siov.sk\/kontakt-stary\/kontakt-regionalne-centra-siov\/"]}]},{"@type":"BreadcrumbList","@id":"https:\/\/archiv.siov.sk\/kontakt-stary\/kontakt-regionalne-centra-siov\/#breadcrumb","itemListElement":[{"@type":"ListItem","position":1,"name":"Home","item":"https:\/\/archiv.siov.sk\/"},{"@type":"ListItem","position":2,"name":"Kontakt","item":"https:\/\/archiv.siov.sk\/kontakt-stary\/"},{"@type":"ListItem","position":3,"name":"Region\u00e1lne centr\u00e1 \u0160IOV"}]},{"@type":"WebSite","@id":"https:\/\/archiv.siov.sk\/#website","url":"https:\/\/archiv.siov.sk\/","name":"\u0160IOV - \u0161t\u00e1tny in\u0161tit\u00fat odborn\u00e9ho vzdel\u00e1vania","description":"","publisher":{"@id":"https:\/\/archiv.siov.sk\/#organization"},"potentialAction":[{"@type":"SearchAction","target":{"@type":"EntryPoint","urlTemplate":"https:\/\/archiv.siov.sk\/?s={search_term_string}"},"query-input":{"@type":"PropertyValueSpecification","valueRequired":true,"valueName":"search_term_string"}}],"inLanguage":"en-GB"},{"@type":"Organization","@id":"https:\/\/archiv.siov.sk\/#organization","name":"\u0160IOV - \u0161t\u00e1tny in\u0161tit\u00fat odborn\u00e9ho vzdel\u00e1vania","url":"https:\/\/archiv.siov.sk\/","logo":{"@type":"ImageObject","inLanguage":"en-GB","@id":"https:\/\/archiv.siov.sk\/#\/schema\/logo\/image\/","url":"https:\/\/archiv.siov.sk\/wp-content\/uploads\/2024\/02\/logo-SIOV.png","contentUrl":"https:\/\/archiv.siov.sk\/wp-content\/uploads\/2024\/02\/logo-SIOV.png","width":431,"height":143,"caption":"\u0160IOV - \u0161t\u00e1tny in\u0161tit\u00fat odborn\u00e9ho vzdel\u00e1vania"},"image":{"@id":"https:\/\/archiv.siov.sk\/#\/schema\/logo\/image\/"},"sameAs":["https:\/\/www.facebook.com\/Statnyinstitutodbornehovzdelavania"]}]}},"_links":{"self":[{"href":"https:\/\/archiv.siov.sk\/en\/wp-json\/wp\/v2\/pages\/15939","targetHints":{"allow":["GET"]}}],"collection":[{"href":"https:\/\/archiv.siov.sk\/en\/wp-json\/wp\/v2\/pages"}],"about":[{"href":"https:\/\/archiv.siov.sk\/en\/wp-json\/wp\/v2\/types\/page"}],"author":[{"embeddable":true,"href":"https:\/\/archiv.siov.sk\/en\/wp-json\/wp\/v2\/users\/1"}],"replies":[{"embeddable":true,"href":"https:\/\/archiv.siov.sk\/en\/wp-json\/wp\/v2\/comments?post=15939"}],"version-history":[{"count":50,"href":"https:\/\/archiv.siov.sk\/en\/wp-json\/wp\/v2\/pages\/15939\/revisions"}],"predecessor-version":[{"id":17549,"href":"https:\/\/archiv.siov.sk\/en\/wp-json\/wp\/v2\/pages\/15939\/revisions\/17549"}],"up":[{"embeddable":true,"href":"https:\/\/archiv.siov.sk\/en\/wp-json\/wp\/v2\/pages\/152"}],"wp:attachment":[{"href":"https:\/\/archiv.siov.sk\/en\/wp-json\/wp\/v2\/media?parent=15939"}],"curies":[{"name":"wp","href":"https:\/\/api.w.org\/{rel}","templated":true}]}}