{"id":15882,"date":"2024-06-17T21:08:14","date_gmt":"2024-06-17T19:08:14","guid":{"rendered":"https:\/\/archiv.siov.sk\/?page_id=15882"},"modified":"2024-06-17T22:58:58","modified_gmt":"2024-06-17T20:58:58","slug":"kontakty-odbor-financnej-gramotnosti-sccf-a-podpory-smerovania-mladeze","status":"publish","type":"page","link":"https:\/\/archiv.siov.sk\/en\/kontakt-stary\/kontakty-odbor-financnej-gramotnosti-sccf-a-podpory-smerovania-mladeze\/","title":{"rendered":"Odbor finan\u010dnej gramotnosti, SCCF a podpory smerovania ml\u00e1de\u017ee"},"content":{"rendered":"<div data-elementor-type=\"wp-page\" data-elementor-id=\"15882\" class=\"elementor elementor-15882\" data-elementor-post-type=\"page\">\n\t\t\t\t<div class=\"elementor-element elementor-element-2d3da92 e-flex e-con-boxed e-con e-parent\" data-id=\"2d3da92\" data-element_type=\"container\" data-e-type=\"container\">\n\t\t\t\t\t<div class=\"e-con-inner\">\n\t\t<div class=\"elementor-element elementor-element-cdb514d e-flex e-con-boxed e-con e-child\" data-id=\"cdb514d\" data-element_type=\"container\" data-e-type=\"container\">\n\t\t\t\t\t<div class=\"e-con-inner\">\n\t\t\t\t<div class=\"elementor-element elementor-element-2b20ddb elementor-widget elementor-widget-button\" data-id=\"2b20ddb\" data-element_type=\"widget\" data-e-type=\"widget\" data-widget_type=\"button.default\">\n\t\t\t\t<div class=\"elementor-widget-container\">\n\t\t\t\t\t\t\t\t\t<div class=\"elementor-button-wrapper\">\n\t\t\t\t\t<a class=\"elementor-button elementor-button-link elementor-size-sm\" href=\"\/\/siov.sk\/kontakt\">\n\t\t\t\t\t\t<span class=\"elementor-button-content-wrapper\">\n\t\t\t\t\t\t<span class=\"elementor-button-icon\">\n\t\t\t\t<i aria-hidden=\"true\" class=\"fas fa-long-arrow-alt-left\"><\/i>\t\t\t<\/span>\n\t\t\t\t\t\t\t\t\t<span class=\"elementor-button-text\"> Sp\u00e4\u0165 na kontakty<\/span>\n\t\t\t\t\t<\/span>\n\t\t\t\t\t<\/a>\n\t\t\t\t<\/div>\n\t\t\t\t\t\t\t\t<\/div>\n\t\t\t\t<\/div>\n\t\t\t\t<div class=\"elementor-element elementor-element-d6bc6d4 elementor-widget elementor-widget-heading\" data-id=\"d6bc6d4\" data-element_type=\"widget\" data-e-type=\"widget\" data-widget_type=\"heading.default\">\n\t\t\t\t<div class=\"elementor-widget-container\">\n\t\t\t\t\t<h2 class=\"elementor-heading-title elementor-size-default\">Odbor finan\u010dnej gramotnosti, SCCF a podpory smerovania ml\u00e1de\u017ee<\/h2>\t\t\t\t<\/div>\n\t\t\t\t<\/div>\n\t\t<div class=\"elementor-element elementor-element-ddf0558 e-grid e-con-boxed e-con e-child\" data-id=\"ddf0558\" data-element_type=\"container\" data-e-type=\"container\">\n\t\t\t\t\t<div class=\"e-con-inner\">\n\t\t\t\t<div class=\"elementor-element elementor-element-d7e5a66 elementor-widget elementor-widget-text-editor\" data-id=\"d7e5a66\" data-element_type=\"widget\" data-e-type=\"widget\" data-widget_type=\"text-editor.default\">\n\t\t\t\t<div class=\"elementor-widget-container\">\n\t\t\t\t\t\t\t\t\t<p><strong>Ing. Gabriela Horeck\u00e1 <\/strong><br \/>(ved\u00faca odboru)<br \/><a href=\"mailto:gabriela.horecka@siov.sk\">gabriela.horecka@siov.sk<\/a><br \/><a href=\"tel:+421911469691\">0911 469 691<\/a><\/p><p><em>Zodpovedn\u00e1 za:<\/em><\/p><ul><li>problematiku finan\u010dnej gramotnosti<\/li><li>Slovensk\u00e9 centrum cvi\u010dn\u00fdch firiem<\/li><\/ul>\t\t\t\t\t\t\t\t<\/div>\n\t\t\t\t<\/div>\n\t\t\t\t<div class=\"elementor-element elementor-element-b4652da elementor-widget elementor-widget-text-editor\" data-id=\"b4652da\" data-element_type=\"widget\" data-e-type=\"widget\" data-widget_type=\"text-editor.default\">\n\t\t\t\t<div class=\"elementor-widget-container\">\n\t\t\t\t\t\t\t\t\t<p><strong>Ing. Vlasta P\u00fachovsk\u00e1<\/strong><br \/><a href=\"mailto:vlasta.puchovska@siov.sk\">vlasta.puchovska@siov.sk<\/a><br \/><a href=\"tel:+421911469690\">0911 469 690<\/a><\/p><p><em>Zodpovedn\u00e1 za:<\/em><\/p><ul><li>organiz\u00e1ciu s\u00fa\u0165a\u017e\u00ed a pr\u00e1cu s talentovanou ml\u00e1de\u017eou<\/li><\/ul>\t\t\t\t\t\t\t\t<\/div>\n\t\t\t\t<\/div>\n\t\t\t\t<div class=\"elementor-element elementor-element-2b239c9 elementor-widget elementor-widget-text-editor\" data-id=\"2b239c9\" data-element_type=\"widget\" data-e-type=\"widget\" data-widget_type=\"text-editor.default\">\n\t\t\t\t<div class=\"elementor-widget-container\">\n\t\t\t\t\t\t\t\t\t<p><strong>Mgr. Marta Maru\u0161incov\u00e1<\/strong><br \/><a href=\"mailto:marta.marusincova@siov.sk\">marta.marusincova@siov.sk<\/a><br \/><a href=\"tel:+421911550121\">0911 550 121<\/a><\/p><p><em>Zodpovedn\u00e1 za:<\/em><\/p><ul><li>problematiku finan\u010dnej gramotnosti<\/li><li>Slovensk\u00e9 centrum cvi\u010dn\u00fdch firiem<\/li><\/ul>\t\t\t\t\t\t\t\t<\/div>\n\t\t\t\t<\/div>\n\t\t\t\t<div class=\"elementor-element elementor-element-3d0480b elementor-widget elementor-widget-text-editor\" data-id=\"3d0480b\" data-element_type=\"widget\" data-e-type=\"widget\" data-widget_type=\"text-editor.default\">\n\t\t\t\t<div class=\"elementor-widget-container\">\n\t\t\t\t\t\t\t\t\t<p><strong>Ing. Daniel \u0147arja\u0161<\/strong><br \/><a href=\"mailto:daniel.narjas@siov.skk\">daniel.narjas@siov.sk<\/a><\/p><p><em>Zodpovedn\u00fd za:<\/em><\/p><ul><li>problematiku finan\u010dnej gramotnosti<\/li><li>Slovensk\u00e9 centrum cvi\u010dn\u00fdch firiem<\/li><\/ul>\t\t\t\t\t\t\t\t<\/div>\n\t\t\t\t<\/div>\n\t\t\t\t\t<\/div>\n\t\t\t\t<\/div>\n\t\t\t\t\t<\/div>\n\t\t\t\t<\/div>\n\t\t\t\t\t<\/div>\n\t\t\t\t<\/div>\n\t\t\t\t<\/div>","protected":false},"excerpt":{"rendered":"<p>Sp\u00e4\u0165 na kontakty Odbor finan\u010dnej gramotnosti, SCCF a podpory smerovania ml\u00e1de\u017ee Ing. Gabriela Horeck\u00e1 (ved\u00faca odboru)gabriela.horecka@siov.sk0911 469 691 Zodpovedn\u00e1 za: problematiku finan\u010dnej gramotnosti Slovensk\u00e9 centrum cvi\u010dn\u00fdch firiem Ing. Vlasta P\u00fachovsk\u00e1vlasta.puchovska@siov.sk0911 469 690 Zodpovedn\u00e1 za: organiz\u00e1ciu s\u00fa\u0165a\u017e\u00ed a pr\u00e1cu s talentovanou ml\u00e1de\u017eou Mgr. Marta Maru\u0161incov\u00e1marta.marusincova@siov.sk0911 550 121 Zodpovedn\u00e1 za: problematiku finan\u010dnej gramotnosti Slovensk\u00e9 centrum cvi\u010dn\u00fdch firiem [&hellip;]<\/p>\n","protected":false},"author":1,"featured_media":0,"parent":152,"menu_order":0,"comment_status":"closed","ping_status":"closed","template":"","meta":{"site-sidebar-layout":"no-sidebar","site-content-layout":"page-builder","ast-site-content-layout":"full-width-container","site-content-style":"default","site-sidebar-style":"default","ast-global-header-display":"","ast-banner-title-visibility":"","ast-main-header-display":"","ast-hfb-above-header-display":"","ast-hfb-below-header-display":"","ast-hfb-mobile-header-display":"","site-post-title":"disabled","ast-breadcrumbs-content":"","ast-featured-img":"disabled","footer-sml-layout":"","ast-disable-related-posts":"","theme-transparent-header-meta":"default","adv-header-id-meta":"","stick-header-meta":"default","header-above-stick-meta":"","header-main-stick-meta":"","header-below-stick-meta":"","astra-migrate-meta-layouts":"set","ast-page-background-enabled":"default","ast-page-background-meta":{"desktop":{"background-color":"var(--ast-global-color-4)","background-image":"","background-repeat":"repeat","background-position":"center center","background-size":"auto","background-attachment":"scroll","background-type":"","background-media":"","overlay-type":"","overlay-color":"","overlay-opacity":"","overlay-gradient":""},"tablet":{"background-color":"","background-image":"","background-repeat":"repeat","background-position":"center center","background-size":"auto","background-attachment":"scroll","background-type":"","background-media":"","overlay-type":"","overlay-color":"","overlay-opacity":"","overlay-gradient":""},"mobile":{"background-color":"","background-image":"","background-repeat":"repeat","background-position":"center center","background-size":"auto","background-attachment":"scroll","background-type":"","background-media":"","overlay-type":"","overlay-color":"","overlay-opacity":"","overlay-gradient":""}},"ast-content-background-meta":{"desktop":{"background-color":"var(--ast-global-color-5)","background-image":"","background-repeat":"repeat","background-position":"center center","background-size":"auto","background-attachment":"scroll","background-type":"","background-media":"","overlay-type":"","overlay-color":"","overlay-opacity":"","overlay-gradient":""},"tablet":{"background-color":"var(--ast-global-color-5)","background-image":"","background-repeat":"repeat","background-position":"center center","background-size":"auto","background-attachment":"scroll","background-type":"","background-media":"","overlay-type":"","overlay-color":"","overlay-opacity":"","overlay-gradient":""},"mobile":{"background-color":"var(--ast-global-color-5)","background-image":"","background-repeat":"repeat","background-position":"center center","background-size":"auto","background-attachment":"scroll","background-type":"","background-media":"","overlay-type":"","overlay-color":"","overlay-opacity":"","overlay-gradient":""}},"footnotes":""},"class_list":["post-15882","page","type-page","status-publish","hentry"],"yoast_head":"<!-- This site is optimized with the Yoast SEO plugin v27.4 - https:\/\/yoast.com\/product\/yoast-seo-wordpress\/ -->\n<title>Odbor finan\u010dnej gramotnosti, SCCF a podpory smerovania ml\u00e1de\u017ee - \u0160IOV - \u0161t\u00e1tny in\u0161tit\u00fat odborn\u00e9ho vzdel\u00e1vania<\/title>\n<meta name=\"robots\" content=\"index, follow, max-snippet:-1, max-image-preview:large, max-video-preview:-1\" \/>\n<link rel=\"canonical\" href=\"https:\/\/archiv.siov.sk\/en\/kontakt-stary\/kontakty-odbor-financnej-gramotnosti-sccf-a-podpory-smerovania-mladeze\/\" \/>\n<meta property=\"og:locale\" content=\"en_GB\" \/>\n<meta property=\"og:type\" content=\"article\" \/>\n<meta property=\"og:title\" content=\"Odbor finan\u010dnej gramotnosti, SCCF a podpory smerovania ml\u00e1de\u017ee - \u0160IOV - \u0161t\u00e1tny in\u0161tit\u00fat odborn\u00e9ho vzdel\u00e1vania\" \/>\n<meta property=\"og:description\" content=\"Sp\u00e4\u0165 na kontakty Odbor finan\u010dnej gramotnosti, SCCF a podpory smerovania ml\u00e1de\u017ee Ing. Gabriela Horeck\u00e1 (ved\u00faca odboru)gabriela.horecka@siov.sk0911 469 691 Zodpovedn\u00e1 za: problematiku finan\u010dnej gramotnosti Slovensk\u00e9 centrum cvi\u010dn\u00fdch firiem Ing. Vlasta P\u00fachovsk\u00e1vlasta.puchovska@siov.sk0911 469 690 Zodpovedn\u00e1 za: organiz\u00e1ciu s\u00fa\u0165a\u017e\u00ed a pr\u00e1cu s talentovanou ml\u00e1de\u017eou Mgr. Marta Maru\u0161incov\u00e1marta.marusincova@siov.sk0911 550 121 Zodpovedn\u00e1 za: problematiku finan\u010dnej gramotnosti Slovensk\u00e9 centrum cvi\u010dn\u00fdch firiem [&hellip;]\" \/>\n<meta property=\"og:url\" content=\"https:\/\/archiv.siov.sk\/en\/kontakt-stary\/kontakty-odbor-financnej-gramotnosti-sccf-a-podpory-smerovania-mladeze\/\" \/>\n<meta property=\"og:site_name\" content=\"\u0160IOV - \u0161t\u00e1tny in\u0161tit\u00fat odborn\u00e9ho vzdel\u00e1vania\" \/>\n<meta property=\"article:publisher\" content=\"https:\/\/www.facebook.com\/Statnyinstitutodbornehovzdelavania\" \/>\n<meta property=\"article:modified_time\" content=\"2024-06-17T20:58:58+00:00\" \/>\n<meta name=\"twitter:card\" content=\"summary_large_image\" \/>\n<meta name=\"twitter:label1\" content=\"Estimated reading time\" \/>\n\t<meta name=\"twitter:data1\" content=\"1 minute\" \/>\n<script type=\"application\/ld+json\" class=\"yoast-schema-graph\">{\"@context\":\"https:\\\/\\\/schema.org\",\"@graph\":[{\"@type\":\"WebPage\",\"@id\":\"https:\\\/\\\/archiv.siov.sk\\\/kontakt-stary\\\/kontakty-odbor-financnej-gramotnosti-sccf-a-podpory-smerovania-mladeze\\\/\",\"url\":\"https:\\\/\\\/archiv.siov.sk\\\/kontakt-stary\\\/kontakty-odbor-financnej-gramotnosti-sccf-a-podpory-smerovania-mladeze\\\/\",\"name\":\"Odbor finan\u010dnej gramotnosti, SCCF a podpory smerovania ml\u00e1de\u017ee - \u0160IOV - \u0161t\u00e1tny in\u0161tit\u00fat odborn\u00e9ho vzdel\u00e1vania\",\"isPartOf\":{\"@id\":\"https:\\\/\\\/archiv.siov.sk\\\/#website\"},\"datePublished\":\"2024-06-17T19:08:14+00:00\",\"dateModified\":\"2024-06-17T20:58:58+00:00\",\"breadcrumb\":{\"@id\":\"https:\\\/\\\/archiv.siov.sk\\\/kontakt-stary\\\/kontakty-odbor-financnej-gramotnosti-sccf-a-podpory-smerovania-mladeze\\\/#breadcrumb\"},\"inLanguage\":\"en-GB\",\"potentialAction\":[{\"@type\":\"ReadAction\",\"target\":[\"https:\\\/\\\/archiv.siov.sk\\\/kontakt-stary\\\/kontakty-odbor-financnej-gramotnosti-sccf-a-podpory-smerovania-mladeze\\\/\"]}]},{\"@type\":\"BreadcrumbList\",\"@id\":\"https:\\\/\\\/archiv.siov.sk\\\/kontakt-stary\\\/kontakty-odbor-financnej-gramotnosti-sccf-a-podpory-smerovania-mladeze\\\/#breadcrumb\",\"itemListElement\":[{\"@type\":\"ListItem\",\"position\":1,\"name\":\"Home\",\"item\":\"https:\\\/\\\/archiv.siov.sk\\\/\"},{\"@type\":\"ListItem\",\"position\":2,\"name\":\"Kontakt\",\"item\":\"https:\\\/\\\/archiv.siov.sk\\\/kontakt-stary\\\/\"},{\"@type\":\"ListItem\",\"position\":3,\"name\":\"Odbor finan\u010dnej gramotnosti, SCCF a podpory smerovania ml\u00e1de\u017ee\"}]},{\"@type\":\"WebSite\",\"@id\":\"https:\\\/\\\/archiv.siov.sk\\\/#website\",\"url\":\"https:\\\/\\\/archiv.siov.sk\\\/\",\"name\":\"\u0160IOV - \u0161t\u00e1tny in\u0161tit\u00fat odborn\u00e9ho vzdel\u00e1vania\",\"description\":\"\",\"publisher\":{\"@id\":\"https:\\\/\\\/archiv.siov.sk\\\/#organization\"},\"potentialAction\":[{\"@type\":\"SearchAction\",\"target\":{\"@type\":\"EntryPoint\",\"urlTemplate\":\"https:\\\/\\\/archiv.siov.sk\\\/?s={search_term_string}\"},\"query-input\":{\"@type\":\"PropertyValueSpecification\",\"valueRequired\":true,\"valueName\":\"search_term_string\"}}],\"inLanguage\":\"en-GB\"},{\"@type\":\"Organization\",\"@id\":\"https:\\\/\\\/archiv.siov.sk\\\/#organization\",\"name\":\"\u0160IOV - \u0161t\u00e1tny in\u0161tit\u00fat odborn\u00e9ho vzdel\u00e1vania\",\"url\":\"https:\\\/\\\/archiv.siov.sk\\\/\",\"logo\":{\"@type\":\"ImageObject\",\"inLanguage\":\"en-GB\",\"@id\":\"https:\\\/\\\/archiv.siov.sk\\\/#\\\/schema\\\/logo\\\/image\\\/\",\"url\":\"https:\\\/\\\/archiv.siov.sk\\\/wp-content\\\/uploads\\\/2024\\\/02\\\/logo-SIOV.png\",\"contentUrl\":\"https:\\\/\\\/archiv.siov.sk\\\/wp-content\\\/uploads\\\/2024\\\/02\\\/logo-SIOV.png\",\"width\":431,\"height\":143,\"caption\":\"\u0160IOV - \u0161t\u00e1tny in\u0161tit\u00fat odborn\u00e9ho vzdel\u00e1vania\"},\"image\":{\"@id\":\"https:\\\/\\\/archiv.siov.sk\\\/#\\\/schema\\\/logo\\\/image\\\/\"},\"sameAs\":[\"https:\\\/\\\/www.facebook.com\\\/Statnyinstitutodbornehovzdelavania\"]}]}<\/script>\n<!-- \/ Yoast SEO plugin. -->","yoast_head_json":{"title":"Odbor finan\u010dnej gramotnosti, SCCF a podpory smerovania ml\u00e1de\u017ee - \u0160IOV - \u0161t\u00e1tny in\u0161tit\u00fat odborn\u00e9ho vzdel\u00e1vania","robots":{"index":"index","follow":"follow","max-snippet":"max-snippet:-1","max-image-preview":"max-image-preview:large","max-video-preview":"max-video-preview:-1"},"canonical":"https:\/\/archiv.siov.sk\/en\/kontakt-stary\/kontakty-odbor-financnej-gramotnosti-sccf-a-podpory-smerovania-mladeze\/","og_locale":"en_GB","og_type":"article","og_title":"Odbor finan\u010dnej gramotnosti, SCCF a podpory smerovania ml\u00e1de\u017ee - \u0160IOV - \u0161t\u00e1tny in\u0161tit\u00fat odborn\u00e9ho vzdel\u00e1vania","og_description":"Sp\u00e4\u0165 na kontakty Odbor finan\u010dnej gramotnosti, SCCF a podpory smerovania ml\u00e1de\u017ee Ing. Gabriela Horeck\u00e1 (ved\u00faca odboru)gabriela.horecka@siov.sk0911 469 691 Zodpovedn\u00e1 za: problematiku finan\u010dnej gramotnosti Slovensk\u00e9 centrum cvi\u010dn\u00fdch firiem Ing. Vlasta P\u00fachovsk\u00e1vlasta.puchovska@siov.sk0911 469 690 Zodpovedn\u00e1 za: organiz\u00e1ciu s\u00fa\u0165a\u017e\u00ed a pr\u00e1cu s talentovanou ml\u00e1de\u017eou Mgr. Marta Maru\u0161incov\u00e1marta.marusincova@siov.sk0911 550 121 Zodpovedn\u00e1 za: problematiku finan\u010dnej gramotnosti Slovensk\u00e9 centrum cvi\u010dn\u00fdch firiem [&hellip;]","og_url":"https:\/\/archiv.siov.sk\/en\/kontakt-stary\/kontakty-odbor-financnej-gramotnosti-sccf-a-podpory-smerovania-mladeze\/","og_site_name":"\u0160IOV - \u0161t\u00e1tny in\u0161tit\u00fat odborn\u00e9ho vzdel\u00e1vania","article_publisher":"https:\/\/www.facebook.com\/Statnyinstitutodbornehovzdelavania","article_modified_time":"2024-06-17T20:58:58+00:00","twitter_card":"summary_large_image","twitter_misc":{"Estimated reading time":"1 minute"},"schema":{"@context":"https:\/\/schema.org","@graph":[{"@type":"WebPage","@id":"https:\/\/archiv.siov.sk\/kontakt-stary\/kontakty-odbor-financnej-gramotnosti-sccf-a-podpory-smerovania-mladeze\/","url":"https:\/\/archiv.siov.sk\/kontakt-stary\/kontakty-odbor-financnej-gramotnosti-sccf-a-podpory-smerovania-mladeze\/","name":"Odbor finan\u010dnej gramotnosti, SCCF a podpory smerovania ml\u00e1de\u017ee - \u0160IOV - \u0161t\u00e1tny in\u0161tit\u00fat odborn\u00e9ho vzdel\u00e1vania","isPartOf":{"@id":"https:\/\/archiv.siov.sk\/#website"},"datePublished":"2024-06-17T19:08:14+00:00","dateModified":"2024-06-17T20:58:58+00:00","breadcrumb":{"@id":"https:\/\/archiv.siov.sk\/kontakt-stary\/kontakty-odbor-financnej-gramotnosti-sccf-a-podpory-smerovania-mladeze\/#breadcrumb"},"inLanguage":"en-GB","potentialAction":[{"@type":"ReadAction","target":["https:\/\/archiv.siov.sk\/kontakt-stary\/kontakty-odbor-financnej-gramotnosti-sccf-a-podpory-smerovania-mladeze\/"]}]},{"@type":"BreadcrumbList","@id":"https:\/\/archiv.siov.sk\/kontakt-stary\/kontakty-odbor-financnej-gramotnosti-sccf-a-podpory-smerovania-mladeze\/#breadcrumb","itemListElement":[{"@type":"ListItem","position":1,"name":"Home","item":"https:\/\/archiv.siov.sk\/"},{"@type":"ListItem","position":2,"name":"Kontakt","item":"https:\/\/archiv.siov.sk\/kontakt-stary\/"},{"@type":"ListItem","position":3,"name":"Odbor finan\u010dnej gramotnosti, SCCF a podpory smerovania ml\u00e1de\u017ee"}]},{"@type":"WebSite","@id":"https:\/\/archiv.siov.sk\/#website","url":"https:\/\/archiv.siov.sk\/","name":"\u0160IOV - \u0161t\u00e1tny in\u0161tit\u00fat odborn\u00e9ho vzdel\u00e1vania","description":"","publisher":{"@id":"https:\/\/archiv.siov.sk\/#organization"},"potentialAction":[{"@type":"SearchAction","target":{"@type":"EntryPoint","urlTemplate":"https:\/\/archiv.siov.sk\/?s={search_term_string}"},"query-input":{"@type":"PropertyValueSpecification","valueRequired":true,"valueName":"search_term_string"}}],"inLanguage":"en-GB"},{"@type":"Organization","@id":"https:\/\/archiv.siov.sk\/#organization","name":"\u0160IOV - \u0161t\u00e1tny in\u0161tit\u00fat odborn\u00e9ho vzdel\u00e1vania","url":"https:\/\/archiv.siov.sk\/","logo":{"@type":"ImageObject","inLanguage":"en-GB","@id":"https:\/\/archiv.siov.sk\/#\/schema\/logo\/image\/","url":"https:\/\/archiv.siov.sk\/wp-content\/uploads\/2024\/02\/logo-SIOV.png","contentUrl":"https:\/\/archiv.siov.sk\/wp-content\/uploads\/2024\/02\/logo-SIOV.png","width":431,"height":143,"caption":"\u0160IOV - \u0161t\u00e1tny in\u0161tit\u00fat odborn\u00e9ho vzdel\u00e1vania"},"image":{"@id":"https:\/\/archiv.siov.sk\/#\/schema\/logo\/image\/"},"sameAs":["https:\/\/www.facebook.com\/Statnyinstitutodbornehovzdelavania"]}]}},"_links":{"self":[{"href":"https:\/\/archiv.siov.sk\/en\/wp-json\/wp\/v2\/pages\/15882","targetHints":{"allow":["GET"]}}],"collection":[{"href":"https:\/\/archiv.siov.sk\/en\/wp-json\/wp\/v2\/pages"}],"about":[{"href":"https:\/\/archiv.siov.sk\/en\/wp-json\/wp\/v2\/types\/page"}],"author":[{"embeddable":true,"href":"https:\/\/archiv.siov.sk\/en\/wp-json\/wp\/v2\/users\/1"}],"replies":[{"embeddable":true,"href":"https:\/\/archiv.siov.sk\/en\/wp-json\/wp\/v2\/comments?post=15882"}],"version-history":[{"count":19,"href":"https:\/\/archiv.siov.sk\/en\/wp-json\/wp\/v2\/pages\/15882\/revisions"}],"predecessor-version":[{"id":16008,"href":"https:\/\/archiv.siov.sk\/en\/wp-json\/wp\/v2\/pages\/15882\/revisions\/16008"}],"up":[{"embeddable":true,"href":"https:\/\/archiv.siov.sk\/en\/wp-json\/wp\/v2\/pages\/152"}],"wp:attachment":[{"href":"https:\/\/archiv.siov.sk\/en\/wp-json\/wp\/v2\/media?parent=15882"}],"curies":[{"name":"wp","href":"https:\/\/api.w.org\/{rel}","templated":true}]}}