{"id":15859,"date":"2024-06-17T19:21:24","date_gmt":"2024-06-17T17:21:24","guid":{"rendered":"https:\/\/archiv.siov.sk\/?page_id=15859"},"modified":"2025-06-16T13:26:13","modified_gmt":"2025-06-16T11:26:13","slug":"kontakty-odbor-kurikularnej-politiky-a-vzdelavacich-programov","status":"publish","type":"page","link":"https:\/\/archiv.siov.sk\/en\/kontakt-stary\/kontakty-odbor-kurikularnej-politiky-a-vzdelavacich-programov\/","title":{"rendered":"Odbor kurikul\u00e1rnej politiky a vzdel\u00e1vac\u00edch programov"},"content":{"rendered":"<div data-elementor-type=\"wp-page\" data-elementor-id=\"15859\" class=\"elementor elementor-15859\" data-elementor-post-type=\"page\">\n\t\t\t\t<div class=\"elementor-element elementor-element-7d3fcf9 e-flex e-con-boxed e-con e-parent\" data-id=\"7d3fcf9\" data-element_type=\"container\" data-e-type=\"container\">\n\t\t\t\t\t<div class=\"e-con-inner\">\n\t\t<div class=\"elementor-element elementor-element-aabf6f7 e-flex e-con-boxed e-con e-child\" data-id=\"aabf6f7\" data-element_type=\"container\" data-e-type=\"container\">\n\t\t\t\t\t<div class=\"e-con-inner\">\n\t\t\t\t<div class=\"elementor-element elementor-element-960e363 elementor-widget elementor-widget-button\" data-id=\"960e363\" data-element_type=\"widget\" data-e-type=\"widget\" data-widget_type=\"button.default\">\n\t\t\t\t<div class=\"elementor-widget-container\">\n\t\t\t\t\t\t\t\t\t<div class=\"elementor-button-wrapper\">\n\t\t\t\t\t<a class=\"elementor-button elementor-button-link elementor-size-sm\" href=\"\/\/siov.sk\/kontakt\">\n\t\t\t\t\t\t<span class=\"elementor-button-content-wrapper\">\n\t\t\t\t\t\t<span class=\"elementor-button-icon\">\n\t\t\t\t<i aria-hidden=\"true\" class=\"fas fa-long-arrow-alt-left\"><\/i>\t\t\t<\/span>\n\t\t\t\t\t\t\t\t\t<span class=\"elementor-button-text\"> Sp\u00e4\u0165 na kontakty<\/span>\n\t\t\t\t\t<\/span>\n\t\t\t\t\t<\/a>\n\t\t\t\t<\/div>\n\t\t\t\t\t\t\t\t<\/div>\n\t\t\t\t<\/div>\n\t\t\t\t<div class=\"elementor-element elementor-element-f11a2ba elementor-widget elementor-widget-heading\" data-id=\"f11a2ba\" data-element_type=\"widget\" data-e-type=\"widget\" data-widget_type=\"heading.default\">\n\t\t\t\t<div class=\"elementor-widget-container\">\n\t\t\t\t\t<h2 class=\"elementor-heading-title elementor-size-default\">Odbor kurikul\u00e1rnej politiky a vzdel\u00e1vac\u00edch programov<\/h2>\t\t\t\t<\/div>\n\t\t\t\t<\/div>\n\t\t<div class=\"elementor-element elementor-element-b27fc64 e-grid e-con-boxed e-con e-child\" data-id=\"b27fc64\" data-element_type=\"container\" data-e-type=\"container\">\n\t\t\t\t\t<div class=\"e-con-inner\">\n\t\t\t\t<div class=\"elementor-element elementor-element-4c33ef2 elementor-widget elementor-widget-text-editor\" data-id=\"4c33ef2\" data-element_type=\"widget\" data-e-type=\"widget\" data-widget_type=\"text-editor.default\">\n\t\t\t\t<div class=\"elementor-widget-container\">\n\t\t\t\t\t\t\t\t\t<p><strong>Ing. Michaela \u010eur\u010dekov\u00e1, PhD.<\/strong><br \/>(n\u00e1mestn\u00ed\u010dka riadite\u013ea)<br \/><a href=\"mailto:michaela.durcekova@siov.sk\">michaela.durcekova@siov.sk<\/a><br \/><a href=\"tel:+421911976793\">0911 976\u00a0793<\/a><\/p><p><em>Zodpovedn\u00e1 za skupiny odborov:<\/em><\/p><ul><li>25 Informa\u010dn\u00e9 a komunika\u010dn\u00e9 technol\u00f3gie<\/li><li>74 Telesn\u00e1 kult\u00fara a \u0161port<\/li><\/ul><p><em>Inform\u00e1cie o\u00a0skupin\u00e1ch <\/em>odborov:<\/p><ul><li>31 Textil a odevn\u00edctvo<\/li><li>32 Sprac\u00favanie ko\u017ee, ko\u017eu\u0161\u00edn a v\u00fdroba obuvi<\/li><li>33 Sprac\u00favanie dreva<\/li><li>36 Stavebn\u00edctvo, geod\u00e9zia a kartografia<\/li><li>39 \u0160peci\u00e1lne technick\u00e9 odbory<\/li><\/ul>\t\t\t\t\t\t\t\t<\/div>\n\t\t\t\t<\/div>\n\t\t\t\t<div class=\"elementor-element elementor-element-f7cc361 elementor-widget elementor-widget-text-editor\" data-id=\"f7cc361\" data-element_type=\"widget\" data-e-type=\"widget\" data-widget_type=\"text-editor.default\">\n\t\t\t\t<div class=\"elementor-widget-container\">\n\t\t\t\t\t\t\t\t\t<p><strong>Mgr. art. \u013dudmila Ghill\u00e1ny<\/strong><br \/><a href=\"mailto:ludmila.ghillany@siov.sk\">ludmila.ghillany@siov.sk <\/a><br \/><a href=\"tel:+421910925087\">0910 925 087<\/a><\/p><p><em>Zodpovedn\u00e1 za skupiny odborov:<\/em><\/p><ul><li>82 Umenie a umeleckoremeseln\u00e1 tvorba \u2013 Konzervat\u00f3ri\u00e1<\/li><li>82,85 Umenie a umeleckoremeseln\u00e1 tvorba I, II<\/li><li>86 Umenie a umeleckoremeseln\u00e1 tvorba III<\/li><\/ul>\t\t\t\t\t\t\t\t<\/div>\n\t\t\t\t<\/div>\n\t\t\t\t<div class=\"elementor-element elementor-element-3ca82e9 elementor-widget elementor-widget-text-editor\" data-id=\"3ca82e9\" data-element_type=\"widget\" data-e-type=\"widget\" data-widget_type=\"text-editor.default\">\n\t\t\t\t<div class=\"elementor-widget-container\">\n\t\t\t\t\t\t\t\t\t<p><strong>Mgr. M\u00e1ria Humensk\u00e1, PhD.\u00a0<\/strong><br \/><a href=\"mailto:maria.hrusovska@siov.sk\">maria.humenska@siov.sk\u00a0 \u00a0 \u00a0 \u00a0 \u00a0 \u00a0 \u00a0 \u00a0<\/a><a href=\"mailto:maria.hrusovska@siov.sk\">0910 925 108<\/a><\/p><p><em>Zodpovedn\u00e1 za skupiny odborov:<\/em><\/p><ul><li>68 Pr\u00e1vne vedy<\/li><li>75 Pedagogick\u00e9 vedy<\/li><li>76 U\u010dite\u013estvo<\/li><\/ul>\t\t\t\t\t\t\t\t<\/div>\n\t\t\t\t<\/div>\n\t\t\t\t<div class=\"elementor-element elementor-element-060946a elementor-widget elementor-widget-text-editor\" data-id=\"060946a\" data-element_type=\"widget\" data-e-type=\"widget\" data-widget_type=\"text-editor.default\">\n\t\t\t\t<div class=\"elementor-widget-container\">\n\t\t\t\t\t\t\t\t\t<p><strong>Ing. Ren\u00e1ta Majern\u00edkov\u00e1, PhD.<\/strong><br \/><a href=\"mailto:renata.majernikova@siov.sk\">renata.majernikova@siov.sk<\/a><br \/><a href=\"tel:+421910925114\">0910 925 114<\/a><\/p><p><em>Zodpovedn\u00e1 za skupiny odborov:<\/em><\/p><ul><li>42, 45 Po\u013enohospod\u00e1rstvo, lesn\u00e9 hospod\u00e1rstvo a rozvoj vidieka I, II<\/li><li>43 Veterin\u00e1rske vedy<\/li><\/ul>\t\t\t\t\t\t\t\t<\/div>\n\t\t\t\t<\/div>\n\t\t\t\t<div class=\"elementor-element elementor-element-6fed517 elementor-widget elementor-widget-text-editor\" data-id=\"6fed517\" data-element_type=\"widget\" data-e-type=\"widget\" data-widget_type=\"text-editor.default\">\n\t\t\t\t<div class=\"elementor-widget-container\">\n\t\t\t\t\t\t\t\t\t<p><strong>doc. Ing. Zuzana Jamrichov\u00e1, PhD.<\/strong><br \/><a href=\"mailto:zuzana.jamrichova@siov.sk\">zuzana.jamrichova@siov.sk<\/a><br \/><a href=\"tel:+421910925091\">0910 925 091<\/a><\/p><p><em>Zodpovedn\u00e1 za skupiny odborov:<\/em><\/p><ul><li>11 Fyzik\u00e1lno-matematick\u00e9 vedy<\/li><li>26 Elektrotechnika<\/li><li>37 Doprava, po\u0161ty a telekomunik\u00e1cie<\/li><\/ul>\t\t\t\t\t\t\t\t<\/div>\n\t\t\t\t<\/div>\n\t\t\t\t<div class=\"elementor-element elementor-element-f8062b0 elementor-widget elementor-widget-text-editor\" data-id=\"f8062b0\" data-element_type=\"widget\" data-e-type=\"widget\" data-widget_type=\"text-editor.default\">\n\t\t\t\t<div class=\"elementor-widget-container\">\n\t\t\t\t\t\t\t\t\t<p><strong>Ing. Eva Solejov\u00e1<\/strong><br \/><a href=\"mailto:eva.solejova@siov.sk\">eva.solejova@siov.sk<\/a><br \/><a href=\"tel:+421910925081\">0910 925 081<\/a><\/p><p><em>Zodpovedn\u00e1 za skupiny odborov:<\/em><\/p><ul><li>21 Ban\u00edctvo, geol\u00f3gia a geotechnika<\/li><li>22 Hutn\u00edctvo<\/li><li>23,24 Stroj\u00e1rstvo a ostatn\u00e1 kovospracuj\u00faca v\u00fdroba I, II<\/li><\/ul>\t\t\t\t\t\t\t\t<\/div>\n\t\t\t\t<\/div>\n\t\t\t\t<div class=\"elementor-element elementor-element-003a036 elementor-widget elementor-widget-text-editor\" data-id=\"003a036\" data-element_type=\"widget\" data-e-type=\"widget\" data-widget_type=\"text-editor.default\">\n\t\t\t\t<div class=\"elementor-widget-container\">\n\t\t\t\t\t\t\t\t\t<p><strong>PaedDr. Peter Sol\u00e1rik<\/strong><br \/><a href=\"mailto:peter.solarik@siov.sk\">peter.solarik@siov.sk<\/a><br \/><a href=\"tel:+421903469098\">0903 469\u00a0098<\/a><\/p><p><em>Zodpovedn\u00fd za skupiny odborov:<\/em><\/p><ul><li>62, 63, 64 Ekonomika a organiz\u00e1cia, obchod a slu\u017eby I, II<\/li><li>72 Publicistika, knihovn\u00edctvo a vedeck\u00e9 inform\u00e1cie<\/li><li>92 Bezpe\u010dnostn\u00e9 slu\u017eby (M\u0160VV\u0160 SR)<\/li><\/ul>\t\t\t\t\t\t\t\t<\/div>\n\t\t\t\t<\/div>\n\t\t\t\t<div class=\"elementor-element elementor-element-a699a16 elementor-widget elementor-widget-text-editor\" data-id=\"a699a16\" data-element_type=\"widget\" data-e-type=\"widget\" data-widget_type=\"text-editor.default\">\n\t\t\t\t<div class=\"elementor-widget-container\">\n\t\t\t\t\t\t\t\t\t<p><strong>Ing. Viera \u017datkovi\u010dov\u00e1<\/strong><br \/><a href=\"mailto:viera.zatkovicova@siov.sk\">viera.zatkovicova@siov.sk<\/a><br \/><a href=\"tel:+421910925115\">0910 925\u00a0115<\/a><\/p><p><em>Zodpovedn\u00e1 za skupiny odborov:<\/em><\/p><ul><li>27 Technick\u00e1 ch\u00e9mia silik\u00e1tov<\/li><li>28 Technick\u00e1 a aplikovan\u00e1 ch\u00e9mia<\/li><li>29 Potravin\u00e1rstvo<\/li><\/ul>\t\t\t\t\t\t\t\t<\/div>\n\t\t\t\t<\/div>\n\t\t\t\t<div class=\"elementor-element elementor-element-ee18071 elementor-widget elementor-widget-text-editor\" data-id=\"ee18071\" data-element_type=\"widget\" data-e-type=\"widget\" data-widget_type=\"text-editor.default\">\n\t\t\t\t<div class=\"elementor-widget-container\">\n\t\t\t\t\t\t\t\t\t<p><strong>Ing. Monika So\u013eavov\u00e1<\/strong> <a href=\"mailto:monika.solavova@siov.sk\">monika.solavova@siov.sk<\/a><br \/><a href=\"tel:+421910925115\">0910 925\u00a0115<\/a><\/p><p><em>Zodpovedn\u00fd za skupiny odborov:<\/em><\/p><ul><li>34 Polygrafia a m\u00e9di\u00e1<\/li><\/ul><p>Zodpovedn\u00fd za\u00a0metodick\u00fa podporu \u0161k\u00f4l v oblasti OVP so zrete\u013eom na syst\u00e9m du\u00e1lneho vzdel\u00e1vania<\/p>\t\t\t\t\t\t\t\t<\/div>\n\t\t\t\t<\/div>\n\t\t\t\t<div class=\"elementor-element elementor-element-8ad3e47 elementor-widget elementor-widget-text-editor\" data-id=\"8ad3e47\" data-element_type=\"widget\" data-e-type=\"widget\" data-widget_type=\"text-editor.default\">\n\t\t\t\t<div class=\"elementor-widget-container\">\n\t\t\t\t\t\t\t\t\t<p><strong>Mgr. Tatiana Prekopov\u00e1 (rod. Priesolov\u00e1)<\/strong> <a href=\"mailto:tatiana.priesolova@siov.sk\">tatiana.priesolova@siov.sk<\/a><br \/><a href=\"tel:+421903920466\">0903 920 466<\/a><\/p><p><em>Zodpovedn\u00e1 za:<\/em><\/p><ul><li>u\u010debnicov\u00fa politiku<\/li><li>kontinu\u00e1lne vzdel\u00e1vanie<\/li><\/ul>\t\t\t\t\t\t\t\t<\/div>\n\t\t\t\t<\/div>\n\t\t\t\t\t<\/div>\n\t\t\t\t<\/div>\n\t\t\t\t\t<\/div>\n\t\t\t\t<\/div>\n\t\t\t\t\t<\/div>\n\t\t\t\t<\/div>\n\t\t\t\t<\/div>","protected":false},"excerpt":{"rendered":"<p>Sp\u00e4\u0165 na kontakty Odbor kurikul\u00e1rnej politiky a vzdel\u00e1vac\u00edch programov Ing. Michaela \u010eur\u010dekov\u00e1, PhD.(n\u00e1mestn\u00ed\u010dka riadite\u013ea)michaela.durcekova@siov.sk0911 976\u00a0793 Zodpovedn\u00e1 za skupiny odborov: 25 Informa\u010dn\u00e9 a komunika\u010dn\u00e9 technol\u00f3gie 74 Telesn\u00e1 kult\u00fara a \u0161port Inform\u00e1cie o\u00a0skupin\u00e1ch odborov: 31 Textil a odevn\u00edctvo 32 Sprac\u00favanie ko\u017ee, ko\u017eu\u0161\u00edn a v\u00fdroba obuvi 33 Sprac\u00favanie dreva 36 Stavebn\u00edctvo, geod\u00e9zia a kartografia 39 \u0160peci\u00e1lne technick\u00e9 odbory [&hellip;]<\/p>\n","protected":false},"author":1,"featured_media":0,"parent":152,"menu_order":0,"comment_status":"closed","ping_status":"closed","template":"elementor_theme","meta":{"site-sidebar-layout":"no-sidebar","site-content-layout":"page-builder","ast-site-content-layout":"full-width-container","site-content-style":"default","site-sidebar-style":"default","ast-global-header-display":"","ast-banner-title-visibility":"","ast-main-header-display":"","ast-hfb-above-header-display":"","ast-hfb-below-header-display":"","ast-hfb-mobile-header-display":"","site-post-title":"disabled","ast-breadcrumbs-content":"","ast-featured-img":"disabled","footer-sml-layout":"","ast-disable-related-posts":"","theme-transparent-header-meta":"default","adv-header-id-meta":"","stick-header-meta":"default","header-above-stick-meta":"","header-main-stick-meta":"","header-below-stick-meta":"","astra-migrate-meta-layouts":"set","ast-page-background-enabled":"default","ast-page-background-meta":{"desktop":{"background-color":"var(--ast-global-color-4)","background-image":"","background-repeat":"repeat","background-position":"center center","background-size":"auto","background-attachment":"scroll","background-type":"","background-media":"","overlay-type":"","overlay-color":"","overlay-opacity":"","overlay-gradient":""},"tablet":{"background-color":"","background-image":"","background-repeat":"repeat","background-position":"center center","background-size":"auto","background-attachment":"scroll","background-type":"","background-media":"","overlay-type":"","overlay-color":"","overlay-opacity":"","overlay-gradient":""},"mobile":{"background-color":"","background-image":"","background-repeat":"repeat","background-position":"center center","background-size":"auto","background-attachment":"scroll","background-type":"","background-media":"","overlay-type":"","overlay-color":"","overlay-opacity":"","overlay-gradient":""}},"ast-content-background-meta":{"desktop":{"background-color":"var(--ast-global-color-5)","background-image":"","background-repeat":"repeat","background-position":"center center","background-size":"auto","background-attachment":"scroll","background-type":"","background-media":"","overlay-type":"","overlay-color":"","overlay-opacity":"","overlay-gradient":""},"tablet":{"background-color":"var(--ast-global-color-5)","background-image":"","background-repeat":"repeat","background-position":"center center","background-size":"auto","background-attachment":"scroll","background-type":"","background-media":"","overlay-type":"","overlay-color":"","overlay-opacity":"","overlay-gradient":""},"mobile":{"background-color":"var(--ast-global-color-5)","background-image":"","background-repeat":"repeat","background-position":"center center","background-size":"auto","background-attachment":"scroll","background-type":"","background-media":"","overlay-type":"","overlay-color":"","overlay-opacity":"","overlay-gradient":""}},"footnotes":""},"class_list":["post-15859","page","type-page","status-publish","hentry"],"yoast_head":"<!-- This site is optimized with the Yoast SEO plugin v27.4 - https:\/\/yoast.com\/product\/yoast-seo-wordpress\/ -->\n<title>Odbor kurikul\u00e1rnej politiky a vzdel\u00e1vac\u00edch programov - \u0160IOV - \u0161t\u00e1tny in\u0161tit\u00fat odborn\u00e9ho vzdel\u00e1vania<\/title>\n<meta name=\"robots\" content=\"index, follow, max-snippet:-1, max-image-preview:large, max-video-preview:-1\" \/>\n<link rel=\"canonical\" href=\"https:\/\/archiv.siov.sk\/en\/kontakt-stary\/kontakty-odbor-kurikularnej-politiky-a-vzdelavacich-programov\/\" \/>\n<meta property=\"og:locale\" content=\"en_GB\" \/>\n<meta property=\"og:type\" content=\"article\" \/>\n<meta property=\"og:title\" content=\"Odbor kurikul\u00e1rnej politiky a vzdel\u00e1vac\u00edch programov - \u0160IOV - \u0161t\u00e1tny in\u0161tit\u00fat odborn\u00e9ho vzdel\u00e1vania\" \/>\n<meta property=\"og:description\" content=\"Sp\u00e4\u0165 na kontakty Odbor kurikul\u00e1rnej politiky a vzdel\u00e1vac\u00edch programov Ing. Michaela \u010eur\u010dekov\u00e1, PhD.(n\u00e1mestn\u00ed\u010dka riadite\u013ea)michaela.durcekova@siov.sk0911 976\u00a0793 Zodpovedn\u00e1 za skupiny odborov: 25 Informa\u010dn\u00e9 a komunika\u010dn\u00e9 technol\u00f3gie 74 Telesn\u00e1 kult\u00fara a \u0161port Inform\u00e1cie o\u00a0skupin\u00e1ch odborov: 31 Textil a odevn\u00edctvo 32 Sprac\u00favanie ko\u017ee, ko\u017eu\u0161\u00edn a v\u00fdroba obuvi 33 Sprac\u00favanie dreva 36 Stavebn\u00edctvo, geod\u00e9zia a kartografia 39 \u0160peci\u00e1lne technick\u00e9 odbory [&hellip;]\" \/>\n<meta property=\"og:url\" content=\"https:\/\/archiv.siov.sk\/en\/kontakt-stary\/kontakty-odbor-kurikularnej-politiky-a-vzdelavacich-programov\/\" \/>\n<meta property=\"og:site_name\" content=\"\u0160IOV - \u0161t\u00e1tny in\u0161tit\u00fat odborn\u00e9ho vzdel\u00e1vania\" \/>\n<meta property=\"article:publisher\" content=\"https:\/\/www.facebook.com\/Statnyinstitutodbornehovzdelavania\" \/>\n<meta property=\"article:modified_time\" content=\"2025-06-16T11:26:13+00:00\" \/>\n<meta name=\"twitter:card\" content=\"summary_large_image\" \/>\n<meta name=\"twitter:label1\" content=\"Estimated reading time\" \/>\n\t<meta name=\"twitter:data1\" content=\"2 minutes\" \/>\n<script type=\"application\/ld+json\" class=\"yoast-schema-graph\">{\"@context\":\"https:\\\/\\\/schema.org\",\"@graph\":[{\"@type\":\"WebPage\",\"@id\":\"https:\\\/\\\/archiv.siov.sk\\\/kontakt-stary\\\/kontakty-odbor-kurikularnej-politiky-a-vzdelavacich-programov\\\/\",\"url\":\"https:\\\/\\\/archiv.siov.sk\\\/kontakt-stary\\\/kontakty-odbor-kurikularnej-politiky-a-vzdelavacich-programov\\\/\",\"name\":\"Odbor kurikul\u00e1rnej politiky a vzdel\u00e1vac\u00edch programov - \u0160IOV - \u0161t\u00e1tny in\u0161tit\u00fat odborn\u00e9ho vzdel\u00e1vania\",\"isPartOf\":{\"@id\":\"https:\\\/\\\/archiv.siov.sk\\\/#website\"},\"datePublished\":\"2024-06-17T17:21:24+00:00\",\"dateModified\":\"2025-06-16T11:26:13+00:00\",\"breadcrumb\":{\"@id\":\"https:\\\/\\\/archiv.siov.sk\\\/kontakt-stary\\\/kontakty-odbor-kurikularnej-politiky-a-vzdelavacich-programov\\\/#breadcrumb\"},\"inLanguage\":\"en-GB\",\"potentialAction\":[{\"@type\":\"ReadAction\",\"target\":[\"https:\\\/\\\/archiv.siov.sk\\\/kontakt-stary\\\/kontakty-odbor-kurikularnej-politiky-a-vzdelavacich-programov\\\/\"]}]},{\"@type\":\"BreadcrumbList\",\"@id\":\"https:\\\/\\\/archiv.siov.sk\\\/kontakt-stary\\\/kontakty-odbor-kurikularnej-politiky-a-vzdelavacich-programov\\\/#breadcrumb\",\"itemListElement\":[{\"@type\":\"ListItem\",\"position\":1,\"name\":\"Home\",\"item\":\"https:\\\/\\\/archiv.siov.sk\\\/\"},{\"@type\":\"ListItem\",\"position\":2,\"name\":\"Kontakt\",\"item\":\"https:\\\/\\\/archiv.siov.sk\\\/kontakt-stary\\\/\"},{\"@type\":\"ListItem\",\"position\":3,\"name\":\"Odbor kurikul\u00e1rnej politiky a vzdel\u00e1vac\u00edch programov\"}]},{\"@type\":\"WebSite\",\"@id\":\"https:\\\/\\\/archiv.siov.sk\\\/#website\",\"url\":\"https:\\\/\\\/archiv.siov.sk\\\/\",\"name\":\"\u0160IOV - \u0161t\u00e1tny in\u0161tit\u00fat odborn\u00e9ho vzdel\u00e1vania\",\"description\":\"\",\"publisher\":{\"@id\":\"https:\\\/\\\/archiv.siov.sk\\\/#organization\"},\"potentialAction\":[{\"@type\":\"SearchAction\",\"target\":{\"@type\":\"EntryPoint\",\"urlTemplate\":\"https:\\\/\\\/archiv.siov.sk\\\/?s={search_term_string}\"},\"query-input\":{\"@type\":\"PropertyValueSpecification\",\"valueRequired\":true,\"valueName\":\"search_term_string\"}}],\"inLanguage\":\"en-GB\"},{\"@type\":\"Organization\",\"@id\":\"https:\\\/\\\/archiv.siov.sk\\\/#organization\",\"name\":\"\u0160IOV - \u0161t\u00e1tny in\u0161tit\u00fat odborn\u00e9ho vzdel\u00e1vania\",\"url\":\"https:\\\/\\\/archiv.siov.sk\\\/\",\"logo\":{\"@type\":\"ImageObject\",\"inLanguage\":\"en-GB\",\"@id\":\"https:\\\/\\\/archiv.siov.sk\\\/#\\\/schema\\\/logo\\\/image\\\/\",\"url\":\"https:\\\/\\\/archiv.siov.sk\\\/wp-content\\\/uploads\\\/2024\\\/02\\\/logo-SIOV.png\",\"contentUrl\":\"https:\\\/\\\/archiv.siov.sk\\\/wp-content\\\/uploads\\\/2024\\\/02\\\/logo-SIOV.png\",\"width\":431,\"height\":143,\"caption\":\"\u0160IOV - \u0161t\u00e1tny in\u0161tit\u00fat odborn\u00e9ho vzdel\u00e1vania\"},\"image\":{\"@id\":\"https:\\\/\\\/archiv.siov.sk\\\/#\\\/schema\\\/logo\\\/image\\\/\"},\"sameAs\":[\"https:\\\/\\\/www.facebook.com\\\/Statnyinstitutodbornehovzdelavania\"]}]}<\/script>\n<!-- \/ Yoast SEO plugin. -->","yoast_head_json":{"title":"Odbor kurikul\u00e1rnej politiky a vzdel\u00e1vac\u00edch programov - \u0160IOV - \u0161t\u00e1tny in\u0161tit\u00fat odborn\u00e9ho vzdel\u00e1vania","robots":{"index":"index","follow":"follow","max-snippet":"max-snippet:-1","max-image-preview":"max-image-preview:large","max-video-preview":"max-video-preview:-1"},"canonical":"https:\/\/archiv.siov.sk\/en\/kontakt-stary\/kontakty-odbor-kurikularnej-politiky-a-vzdelavacich-programov\/","og_locale":"en_GB","og_type":"article","og_title":"Odbor kurikul\u00e1rnej politiky a vzdel\u00e1vac\u00edch programov - \u0160IOV - \u0161t\u00e1tny in\u0161tit\u00fat odborn\u00e9ho vzdel\u00e1vania","og_description":"Sp\u00e4\u0165 na kontakty Odbor kurikul\u00e1rnej politiky a vzdel\u00e1vac\u00edch programov Ing. Michaela \u010eur\u010dekov\u00e1, PhD.(n\u00e1mestn\u00ed\u010dka riadite\u013ea)michaela.durcekova@siov.sk0911 976\u00a0793 Zodpovedn\u00e1 za skupiny odborov: 25 Informa\u010dn\u00e9 a komunika\u010dn\u00e9 technol\u00f3gie 74 Telesn\u00e1 kult\u00fara a \u0161port Inform\u00e1cie o\u00a0skupin\u00e1ch odborov: 31 Textil a odevn\u00edctvo 32 Sprac\u00favanie ko\u017ee, ko\u017eu\u0161\u00edn a v\u00fdroba obuvi 33 Sprac\u00favanie dreva 36 Stavebn\u00edctvo, geod\u00e9zia a kartografia 39 \u0160peci\u00e1lne technick\u00e9 odbory [&hellip;]","og_url":"https:\/\/archiv.siov.sk\/en\/kontakt-stary\/kontakty-odbor-kurikularnej-politiky-a-vzdelavacich-programov\/","og_site_name":"\u0160IOV - \u0161t\u00e1tny in\u0161tit\u00fat odborn\u00e9ho vzdel\u00e1vania","article_publisher":"https:\/\/www.facebook.com\/Statnyinstitutodbornehovzdelavania","article_modified_time":"2025-06-16T11:26:13+00:00","twitter_card":"summary_large_image","twitter_misc":{"Estimated reading time":"2 minutes"},"schema":{"@context":"https:\/\/schema.org","@graph":[{"@type":"WebPage","@id":"https:\/\/archiv.siov.sk\/kontakt-stary\/kontakty-odbor-kurikularnej-politiky-a-vzdelavacich-programov\/","url":"https:\/\/archiv.siov.sk\/kontakt-stary\/kontakty-odbor-kurikularnej-politiky-a-vzdelavacich-programov\/","name":"Odbor kurikul\u00e1rnej politiky a vzdel\u00e1vac\u00edch programov - \u0160IOV - \u0161t\u00e1tny in\u0161tit\u00fat odborn\u00e9ho vzdel\u00e1vania","isPartOf":{"@id":"https:\/\/archiv.siov.sk\/#website"},"datePublished":"2024-06-17T17:21:24+00:00","dateModified":"2025-06-16T11:26:13+00:00","breadcrumb":{"@id":"https:\/\/archiv.siov.sk\/kontakt-stary\/kontakty-odbor-kurikularnej-politiky-a-vzdelavacich-programov\/#breadcrumb"},"inLanguage":"en-GB","potentialAction":[{"@type":"ReadAction","target":["https:\/\/archiv.siov.sk\/kontakt-stary\/kontakty-odbor-kurikularnej-politiky-a-vzdelavacich-programov\/"]}]},{"@type":"BreadcrumbList","@id":"https:\/\/archiv.siov.sk\/kontakt-stary\/kontakty-odbor-kurikularnej-politiky-a-vzdelavacich-programov\/#breadcrumb","itemListElement":[{"@type":"ListItem","position":1,"name":"Home","item":"https:\/\/archiv.siov.sk\/"},{"@type":"ListItem","position":2,"name":"Kontakt","item":"https:\/\/archiv.siov.sk\/kontakt-stary\/"},{"@type":"ListItem","position":3,"name":"Odbor kurikul\u00e1rnej politiky a vzdel\u00e1vac\u00edch programov"}]},{"@type":"WebSite","@id":"https:\/\/archiv.siov.sk\/#website","url":"https:\/\/archiv.siov.sk\/","name":"\u0160IOV - \u0161t\u00e1tny in\u0161tit\u00fat odborn\u00e9ho vzdel\u00e1vania","description":"","publisher":{"@id":"https:\/\/archiv.siov.sk\/#organization"},"potentialAction":[{"@type":"SearchAction","target":{"@type":"EntryPoint","urlTemplate":"https:\/\/archiv.siov.sk\/?s={search_term_string}"},"query-input":{"@type":"PropertyValueSpecification","valueRequired":true,"valueName":"search_term_string"}}],"inLanguage":"en-GB"},{"@type":"Organization","@id":"https:\/\/archiv.siov.sk\/#organization","name":"\u0160IOV - \u0161t\u00e1tny in\u0161tit\u00fat odborn\u00e9ho vzdel\u00e1vania","url":"https:\/\/archiv.siov.sk\/","logo":{"@type":"ImageObject","inLanguage":"en-GB","@id":"https:\/\/archiv.siov.sk\/#\/schema\/logo\/image\/","url":"https:\/\/archiv.siov.sk\/wp-content\/uploads\/2024\/02\/logo-SIOV.png","contentUrl":"https:\/\/archiv.siov.sk\/wp-content\/uploads\/2024\/02\/logo-SIOV.png","width":431,"height":143,"caption":"\u0160IOV - \u0161t\u00e1tny in\u0161tit\u00fat odborn\u00e9ho vzdel\u00e1vania"},"image":{"@id":"https:\/\/archiv.siov.sk\/#\/schema\/logo\/image\/"},"sameAs":["https:\/\/www.facebook.com\/Statnyinstitutodbornehovzdelavania"]}]}},"_links":{"self":[{"href":"https:\/\/archiv.siov.sk\/en\/wp-json\/wp\/v2\/pages\/15859","targetHints":{"allow":["GET"]}}],"collection":[{"href":"https:\/\/archiv.siov.sk\/en\/wp-json\/wp\/v2\/pages"}],"about":[{"href":"https:\/\/archiv.siov.sk\/en\/wp-json\/wp\/v2\/types\/page"}],"author":[{"embeddable":true,"href":"https:\/\/archiv.siov.sk\/en\/wp-json\/wp\/v2\/users\/1"}],"replies":[{"embeddable":true,"href":"https:\/\/archiv.siov.sk\/en\/wp-json\/wp\/v2\/comments?post=15859"}],"version-history":[{"count":61,"href":"https:\/\/archiv.siov.sk\/en\/wp-json\/wp\/v2\/pages\/15859\/revisions"}],"predecessor-version":[{"id":19508,"href":"https:\/\/archiv.siov.sk\/en\/wp-json\/wp\/v2\/pages\/15859\/revisions\/19508"}],"up":[{"embeddable":true,"href":"https:\/\/archiv.siov.sk\/en\/wp-json\/wp\/v2\/pages\/152"}],"wp:attachment":[{"href":"https:\/\/archiv.siov.sk\/en\/wp-json\/wp\/v2\/media?parent=15859"}],"curies":[{"name":"wp","href":"https:\/\/api.w.org\/{rel}","templated":true}]}}