{"id":152,"date":"2019-01-25T11:16:57","date_gmt":"2019-01-25T10:16:57","guid":{"rendered":"http:\/\/archiv.siov.sk\/?page_id=152"},"modified":"2024-06-24T15:47:16","modified_gmt":"2024-06-24T13:47:16","slug":"kontakt-stary","status":"publish","type":"page","link":"https:\/\/archiv.siov.sk\/en\/kontakt-stary\/","title":{"rendered":"Contact"},"content":{"rendered":"<h2>Contact<\/h2>\n<h3 style=\"font-size: 1.66667rem;\"><strong>Registered office and correspondence address<\/strong><\/h3>\n<p style=\"font-size: 15px;\">P.O. Box 63,<br \/>\nBellova 54\/a, 837 63 Bratislava<\/p>\n<p style=\"font-size: 15px;\">Workplace<\/p>\n<p style=\"font-size: 15px;\">Stromov\u00e1 9, 831 01 Bratislava<\/p>\n<p style=\"font-size: 15px;\">Director<\/p>\n<p style=\"font-size: 15px;\"><strong>Ing. Branislav Had\u00e1r<\/strong><br \/>\nEmail:\u00a0<a href=\"mailto:kancelaria@siov.sk\">kancelaria@siov.sk<\/a><\/p>\n<p style=\"font-size: 15px;\">Kancel\u00e1ria riadite\u013ea: +421 903 920 520<\/p>\n<p>Vocational education and training section<br \/>\n<strong>Ing. Michaela \u010eur\u010dekov\u00e1 PhD.<\/strong><br \/>\nEmail:\u00a0<a href=\"mailto:michaela.durcekova@siov.sk\">michaela.durcekova@siov.sk<\/a><br \/>\nMobil: +421 911 976 793<br \/>\n(other contacts to the SPP <a href=\"https:\/\/archiv.siov.sk\/en\/kontakty-k-svp\/\">TU<\/a>)<\/p>\n<p>Lifelong Learning Unit<br \/>\n<strong>Mgr. \u013dubica G\u00e1llov\u00e1<\/strong><br \/>\nEmail:\u00a0<a href=\"mailto:lubica.gallova@siov.sk\">lubica.gallova@siov.sk<\/a><br \/>\nMobil: +421 911 469 793<\/p>\n<p>Project REPowerEU<br \/>\n<strong>Ing. Alexander Tokar\u010d\u00edk, PhD.<\/strong><br \/>\nEmail: <a href=\"mailto:lubica.gallova@siov.sk\">alexander.tokarcik@siov.sk<\/a><br \/>\nMobil: +421 907 938 460<\/p>\n<p>Contact for media<br \/>\n<strong>PhDr. Katar\u00edna Kov\u00e1\u010dov\u00e1<\/strong><br \/>\nEmail:\u00a0<a href=\"mailto:katarina.kovacova@siov.sk\">katarina.kovacova@siov.sk<\/a><br \/>\nMobil: +421 911 231 736<\/p>\n<p>Department of Economics<br \/>\nTel: +421 2\/54 77 62 77<\/p>\n<h3 style=\"font-size: 1.66667rem;\"><b>Regional centres of \u0160IOV<\/b><\/h3>\n<table style=\"width: 1120px;\">\n<tbody>\n<tr>\n<td>Mesto<\/td>\n<td><\/td>\n<td><\/td>\n<td>Telef\u00f3n<\/td>\n<\/tr>\n<tr>\n<td>Bratislava<\/td>\n<td><u><a href=\"mailto:zuzana.uvirova@siov.sk\">zuzana.uvirova@siov.sk<\/a><\/u><\/td>\n<td><\/td>\n<td>0910 925 079<\/td>\n<\/tr>\n<tr>\n<td>Pre\u0161ov<\/td>\n<td><u><a href=\"mailto:andrea.ondova@siov.sk\">andrea.ondova@siov.sk<\/a><\/u><\/td>\n<td><\/td>\n<td>0910 925 035<\/td>\n<\/tr>\n<tr>\n<td>\u017dilina<\/td>\n<td><u><a href=\"mailto:dusan.haluska@siov.sk\">dusan.haluska@siov.sk<\/a><\/u><\/td>\n<td><\/td>\n<td>0905 970 469<\/td>\n<\/tr>\n<tr>\n<td>Bansk\u00e1 Bystrica<\/td>\n<td><u style=\"font-size: 13.68px;\"><br \/>\n<\/u><a style=\"background-color: #ffffff; font-size: 13.68px;\" href=\"mailto:jana.divinska@siov.sk\">maria.vydrova@siov.sk<\/a><\/td>\n<td><\/td>\n<td>\u00a00911 469 111<\/td>\n<\/tr>\n<tr>\n<td>Trnava<\/td>\n<td><u><a href=\"mailto:zuzana.uvirova@siov.sk\">zuzana.uvirova@siov.sk<\/a><\/u><\/td>\n<td><\/td>\n<td>0910 925 079<\/td>\n<\/tr>\n<tr>\n<td>Nitra<\/td>\n<td><u><a href=\"mailto:jan.maniacek@siov.sk\">jana.fekova@siov.sk<\/a><\/u><\/td>\n<td><\/td>\n<td>0910 925 108<\/td>\n<\/tr>\n<tr>\n<td>Tren\u010d\u00edn<\/td>\n<td><a href=\"mailto:jana.divinska@siov.sk\">jana.divinska@siov.sk<\/a><u><\/u><\/td>\n<td><\/td>\n<td>0910 925 039<\/td>\n<\/tr>\n<tr>\n<td>Ko\u0161ice<\/td>\n<td>\n<p style=\"font-size: 15px;\"><u><a href=\"mailto:ivana.kocanova@siov.sk\">ivana.kocanova@siov.sk<\/a><\/u><\/p>\n<p style=\"font-size: 15px;\"><u><a href=\"mailto:martin.hornak@siov.sk\">renata.sabova@siov.sk<\/a><\/u><\/p>\n<\/td>\n<td><\/td>\n<td>\n<p style=\"font-size: 15px;\">0903 685\u00a0703<\/p>\n<p style=\"font-size: 15px;\">0914 128 573<\/p>\n<\/td>\n<\/tr>\n<\/tbody>\n<\/table>\n<h3 style=\"font-size: 1.66667rem;\"><strong>Talent centrum\u00a0<\/strong><\/h3>\n<p style=\"font-size: 15px;\">Dvor\u010dianska 629,<br \/>\n949 05 Nitra<\/p>\n<p style=\"font-size: 15px;\"><strong>Kate\u0159ina Vanko<\/strong><br \/>\nmobil: 0910 925 107<br \/>\ne-mail:\u00a0<a href=\"mailto:katerina.zadrapova@dual.centire.com\">katerina.vanko@siov.sk<\/a><br \/>\n<a href=\"mailto:talentcentrum@siov.sk\">talentcentrum@siov.sk<\/a><\/p>\n<p style=\"font-size: 15px;\"><a href=\"https:\/\/talentcentrum.sk\/\" target=\"_blank\" rel=\"noopener\">www.talentcentrum.sk<\/a><\/p>\n<h3 style=\"font-size: 1.66667rem;\"><\/h3>\n<h3 style=\"font-size: 1.66667rem;\"><strong>Odbor kurikul\u00e1rnej politiky a\u00a0vzdel\u00e1vac\u00edch programov<\/strong><\/h3>\n<p>Ing. Michaela \u010eur\u010dekov\u00e1, PhD. (n\u00e1mestn\u00ed\u010dka riadite\u013ea)<\/p>\n<p>\u2013\u00a0\u00a0<a href=\"mailto:michaela.durcekova@siov.sk\">michaela.durcekova@siov.sk<\/a>\u00a0\u00a00911 976\u00a0793<br \/>\nZodpovedn\u00e1 za skupiny odborov:<\/p>\n<p style=\"font-size: 15px;\">&#8211; 25 Informa\u010dn\u00e9 a komunika\u010dn\u00e9 technol\u00f3gie<br \/>\n&#8211; 74 Telesn\u00e1 kult\u00fara a \u0161port<br \/>\nInform\u00e1cie o\u00a0skupin\u00e1ch odborov:<br \/>\n&#8211; 11 Fyzik\u00e1lno-matematick\u00e9 vedy<br \/>\n&#8211; 31 Textil a odevn\u00edctvo<br \/>\n&#8211; 32 Sprac\u00favanie ko\u017ee, ko\u017eu\u0161\u00edn a v\u00fdroba obuvi<br \/>\n&#8211; 33 Sprac\u00favanie dreva<\/p>\n<p style=\"font-size: 15px;\">&#8211; 36 Stavebn\u00edctvo, geod\u00e9zia a kartografia<br \/>\n&#8211; 39 \u0160peci\u00e1lne technick\u00e9 odbory<\/p>\n<p style=\"font-size: 15px;\">Mgr. art. \u013dudmila Ghill\u00e1ny<\/p>\n<p>\u00a0\u2013\u00a0<a style=\"font-family: var( --e-global-typography-text-font-family ), Sans-serif; font-weight: var( --e-global-typography-text-font-weight ); font-size: 1rem; background-color: #ffffff;\" href=\"mailto:ludmila.ghillany@siov.sk\" target=\"_blank\" rel=\"noopener\">ludmila.ghillany@siov.sk<\/a>\u00a0\u00a00910 925 087<br \/>\nZodpovedn\u00e1 za skupiny odborov:<\/p>\n<p style=\"font-size: 15px; font-style: normal; font-weight: 400;\">&#8211; 82 Umenie a umeleckoremeseln\u00e1 tvorba \u2013 Konzervat\u00f3ri\u00e1<br \/>\n&#8211; 82,85 Umenie a umeleckoremeseln\u00e1 tvorba I, II<br \/>\n&#8211;\u00a086 Umenie a umeleckoremeseln\u00e1 tvorba III<\/p>\n<p style=\"font-size: 15px;\">RNDr. M\u00e1ria Hru\u0161ovsk\u00e1<\/p>\n<p>\u2013\u00a0\u00a0<a style=\"background-color: #ffffff;\" href=\"mailto:maria.hrusovska@siov.sk\">maria.hrusovska@siov.sk<\/a>\u00a0\u00a00911 550\u00a0343<br \/>\nZodpovedn\u00e1 za skupiny odborov:<\/p>\n<p style=\"font-size: 15px; font-style: normal; font-weight: 400;\">&#8211; 68 Pr\u00e1vne vedy<br \/>\n&#8211; 75 Pedagogick\u00e9 vedy<br \/>\n&#8211; 76 U\u010dite\u013estvo<\/p>\n<p style=\"font-size: 15px;\">Ing. Ren\u00e1ta Majern\u00edkov\u00e1, PhD.<\/p>\n<p style=\"font-size: 15px;\">\u2013\u00a0\u00a0<a href=\"mailto:renata.majernikova@siov.sk\">renata.majernikova@siov.sk<\/a>\u00a0\u00a00910 925\u00a0114<br \/>\nZodpovedn\u00e1 za skupiny odborov:<br \/>\n&#8211; 42, 45 Po\u013enohospod\u00e1rstvo, lesn\u00e9 hospod\u00e1rstvo a rozvoj vidieka I, II<br \/>\n&#8211; 43 Veterin\u00e1rske vedy<\/p>\n<p style=\"font-size: 15px;\">doc. Ing. Zuzana Jamrichov\u00e1, PhD.<\/p>\n<p style=\"font-size: 15px;\">\u2013\u00a0\u00a0<a href=\"mailto:\u2013 zuzana.jamrichova@siov.sk\" target=\"_blank\" rel=\"noopener\">zuzana.jamrichova@siov.sk\u00a0<\/a>\u00a00910 925 091<br \/>\nZodpovedn\u00e1 za skupiny odborov:<br \/>\n&#8211; 26 Elektrotechnika<br \/>\n&#8211; 37 Doprava, po\u0161ty a telekomunik\u00e1cie<\/p>\n<p style=\"font-size: 15px;\">Ing. Eva Solejov\u00e1<\/p>\n<p>\u2013\u00a0\u00a0<a style=\"font-family: var( --e-global-typography-text-font-family ), Sans-serif; font-weight: var( --e-global-typography-text-font-weight ); font-size: 1rem; background-color: #ffffff; color: #349637; outline: 0px;\" href=\"mailto:eva.solejova@siov.sk\" target=\"_blank\" rel=\"noopener\">eva.solejova@siov.sk<\/a>\u00a0 \u00a0 0910 925 081<br \/>\nZodpovedn\u00e1 za skupiny odborov:<\/p>\n<p style=\"font-size: 15px; font-style: normal; font-weight: 400;\">&#8211; 21 Ban\u00edctvo, geol\u00f3gia a geotechnika<br \/>\n&#8211; 22 Hutn\u00edctvo<br \/>\n&#8211;\u00a023,24 Stroj\u00e1rstvo a ostatn\u00e1 kovospracuj\u00faca v\u00fdroba I, II<\/p>\n<p style=\"font-size: 15px;\">PaedDr. Peter Sol\u00e1rik<\/p>\n<p style=\"font-size: 15px;\">\u2013\u00a0\u00a0<a href=\"mailto:peter.solarik@siov.sk\">peter.solarik@siov.sk<\/a>\u00a0 \u00a00903 469\u00a0098<br \/>\nZodpovedn\u00fd za skupiny odborov:<br \/>\n&#8211; 62, 63, 64 Ekonomika a organiz\u00e1cia, obchod a slu\u017eby I, II<br \/>\n&#8211; 72 Publicistika, knihovn\u00edctvo a vedeck\u00e9 inform\u00e1cie<br \/>\n&#8211; 92 Bezpe\u010dnostn\u00e9 slu\u017eby (M\u0160VV\u0160 SR)<\/p>\n<p style=\"font-size: 15px;\">Ing. Viera \u017datkovi\u010dov\u00e1<\/p>\n<p style=\"font-size: 15px;\">\u2013\u00a0\u00a0<a href=\"mailto:viera.zatkovicova@siov.sk\">viera.zatkovicova@siov.sk<\/a>\u00a0 \u00a00910 925\u00a0115<br \/>\nZodpovedn\u00e1 za skupiny odborov:<br \/>\n&#8211; 27 Technick\u00e1 ch\u00e9mia silik\u00e1tov<br \/>\n&#8211; 28 Technick\u00e1 a aplikovan\u00e1 ch\u00e9mia<br \/>\n&#8211; 29 Potravin\u00e1rstvo<\/p>\n<p style=\"font-size: 15px;\"><b>Ing. Ladislav Kov\u00e1\u010d<\/b><\/p>\n<p style=\"font-size: 15px;\">\u2013\u00a0\u00a0\u00a0<a style=\"background-color: #ffffff; font-family: var( --e-global-typography-text-font-family ), Sans-serif; font-size: 1rem; font-weight: var( --e-global-typography-text-font-weight );\" href=\"mailto:ladislav.kovac@siov.sk\" target=\"_blank\" rel=\"noopener\">ladislav.kovac@siov.sk<\/a><br \/>\nZodpovedn\u00fd za skupinu odborov:<br \/>\n&#8211; 34 Polygrafia a m\u00e9di\u00e1<br \/>\nZodpovedn\u00fd za<br \/>\n&#8211;\u00a0metodick\u00fa podporu \u0161k\u00f4l v oblasti OVP so zrete\u013eom na syst\u00e9m du\u00e1lneho vzdel\u00e1vania<\/p>\n<p style=\"font-size: 15px;\">Mgr. Tatiana Priesolov\u00e1<\/p>\n<p style=\"font-size: 15px;\">\u2013\u00a0\u00a0<a href=\"mailto:tatiana.priesolova@siov.sk\">tatiana.priesolova@siov.sk\u00a0<\/a>\u00a00903 920 466<br \/>\nZodpovedn\u00e1 za<br \/>\n&#8211; u\u010debnicov\u00fa politiku<br \/>\n&#8211; kontinu\u00e1lne vzdel\u00e1vanie<\/p>\n<p style=\"font-size: 15px;\">PhDr. Silvia Bielkov\u00e1<\/p>\n<p style=\"font-size: 15px;\">\u2013\u00a0\u00a0<a href=\"mailto:silvia.bielkova@siov.sk\">silvia.bielkova@siov.sk\u00a0\u00a0<\/a><br \/>\n&#8211; podpora v oblasti u\u010debnicovej politiky<\/p>\n<h2><\/h2>\n<h3 style=\"font-size: 1.66667rem;\"><strong>Department of Financial Literacy, SCCF and Youth Guidance<\/strong><\/h3>\n<p>Ing. Gabriela Horeck\u00e1 (ved\u00faca odboru)\u00a0\u2013\u00a0\u00a0<a href=\"mailto:gabriela.horecka@siov.sk\">gabriela.horecka@siov.sk\u00a0<\/a>\u00a00911 469\u00a0691<br \/>\nZodpovedn\u00e1 za:<br \/>\n&#8211; problematiku finan\u010dnej gramotnosti<br \/>\n&#8211; Slovensk\u00e9 centrum cvi\u010dn\u00fdch firiem<\/p>\n<p>Ing. Vlasta P\u00fachovsk\u00e1\u00a0\u2013\u00a0\u00a0<a href=\"mailto:vlasta.puchovska@siov.sk\">vlasta.puchovska@siov.sk<\/a>\u00a00911 469\u00a0690<br \/>\nZodpovedn\u00e1 za:<br \/>\n&#8211; organiz\u00e1ciu s\u00fa\u0165a\u017e\u00ed a pr\u00e1cu s talentovanou ml\u00e1de\u017eou<\/p>\n<p>Mgr. Marta Maru\u0161incov\u00e1\u00a0\u2013\u00a0\u00a0<a href=\"mailto:marta.marusincova@siov.sk\">marta.marusincova@siov.sk<\/a>\u00a00911 550\u00a0121<br \/>\nZodpovedn\u00e1 za:<br \/>\n&#8211; problematiku finan\u010dnej gramotnosti<br \/>\n&#8211; Slovensk\u00e9 centrum cvi\u010dn\u00fdch firiem<\/p>\n<p>Ing. Daniel \u0147arja\u0161\u00a0\u2013\u00a0\u00a0<a href=\"mailto:daniel.narjas@siov.sk\">daniel.narjas@siov.sk<\/a><br \/>\nZodpovedn\u00fd za:<br \/>\n&#8211; problematiku finan\u010dnej gramotnosti<br \/>\n&#8211; Slovensk\u00e9 centrum cvi\u010dn\u00fdch firiem<\/p>\n<p>Mgr. Zuzana Iz\u00e1kov\u00e1\u00a0\u2013\u00a0\u00a0<a href=\"mailto:zuzana.izakova@siov.sk\" target=\"_blank\" rel=\"noopener\">zuzana.izakova@siov.sk<\/a><br \/>\nZodpovedn\u00e1 za:<br \/>\n&#8211; medzin\u00e1rodn\u00fa projektov\u00fa \u010dinnos\u0165<\/p>","protected":false},"excerpt":{"rendered":"<p>Kontakt S\u00eddlo a kore\u0161ponden\u010dn\u00e1 adresa P.O. Box 63, Bellova 54\/a, 837 63 Bratislava Pracovisko Stromov\u00e1 9, 831 01 Bratislava Riadite\u013e Ing. Branislav Had\u00e1r Email:\u00a0kancelaria@siov.sk Kancel\u00e1ria riadite\u013ea: +421 903 920 520 \u00dasek odborn\u00e9ho vzdel\u00e1vania a pr\u00edpravy Ing. Michaela \u010eur\u010dekov\u00e1 PhD. Email:\u00a0michaela.durcekova@siov.sk Mobil: +421 911 976 793 (ostatn\u00e9 kontakty k \u0160VP TU) \u00dasek celo\u017eivotn\u00e9ho vzdel\u00e1vania Mgr. \u013dubica [&hellip;]<\/p>\n","protected":false},"author":1,"featured_media":0,"parent":0,"menu_order":0,"comment_status":"closed","ping_status":"closed","template":"","meta":{"site-sidebar-layout":"default","site-content-layout":"default","ast-site-content-layout":"default","site-content-style":"default","site-sidebar-style":"default","ast-global-header-display":"","ast-banner-title-visibility":"","ast-main-header-display":"","ast-hfb-above-header-display":"","ast-hfb-below-header-display":"","ast-hfb-mobile-header-display":"","site-post-title":"disabled","ast-breadcrumbs-content":"","ast-featured-img":"","footer-sml-layout":"","ast-disable-related-posts":"","theme-transparent-header-meta":"default","adv-header-id-meta":"","stick-header-meta":"default","header-above-stick-meta":"","header-main-stick-meta":"","header-below-stick-meta":"","astra-migrate-meta-layouts":"set","ast-page-background-enabled":"default","ast-page-background-meta":{"desktop":{"background-color":"var(--ast-global-color-4)","background-image":"","background-repeat":"repeat","background-position":"center center","background-size":"auto","background-attachment":"scroll","background-type":"","background-media":"","overlay-type":"","overlay-color":"","overlay-opacity":"","overlay-gradient":""},"tablet":{"background-color":"","background-image":"","background-repeat":"repeat","background-position":"center center","background-size":"auto","background-attachment":"scroll","background-type":"","background-media":"","overlay-type":"","overlay-color":"","overlay-opacity":"","overlay-gradient":""},"mobile":{"background-color":"","background-image":"","background-repeat":"repeat","background-position":"center center","background-size":"auto","background-attachment":"scroll","background-type":"","background-media":"","overlay-type":"","overlay-color":"","overlay-opacity":"","overlay-gradient":""}},"ast-content-background-meta":{"desktop":{"background-color":"var(--ast-global-color-5)","background-image":"","background-repeat":"repeat","background-position":"center center","background-size":"auto","background-attachment":"scroll","background-type":"","background-media":"","overlay-type":"","overlay-color":"","overlay-opacity":"","overlay-gradient":""},"tablet":{"background-color":"var(--ast-global-color-5)","background-image":"","background-repeat":"repeat","background-position":"center center","background-size":"auto","background-attachment":"scroll","background-type":"","background-media":"","overlay-type":"","overlay-color":"","overlay-opacity":"","overlay-gradient":""},"mobile":{"background-color":"var(--ast-global-color-5)","background-image":"","background-repeat":"repeat","background-position":"center center","background-size":"auto","background-attachment":"scroll","background-type":"","background-media":"","overlay-type":"","overlay-color":"","overlay-opacity":"","overlay-gradient":""}},"footnotes":""},"class_list":["post-152","page","type-page","status-publish","hentry"],"yoast_head":"<!-- This site is optimized with the Yoast SEO plugin v27.5 - https:\/\/yoast.com\/product\/yoast-seo-wordpress\/ -->\n<title>Kontakt - \u0160IOV - \u0161t\u00e1tny in\u0161tit\u00fat odborn\u00e9ho vzdel\u00e1vania<\/title>\n<meta name=\"robots\" content=\"index, follow, max-snippet:-1, max-image-preview:large, max-video-preview:-1\" \/>\n<link rel=\"canonical\" href=\"https:\/\/archiv.siov.sk\/en\/kontakt-stary\/\" \/>\n<meta property=\"og:locale\" content=\"en_GB\" \/>\n<meta property=\"og:type\" content=\"article\" \/>\n<meta property=\"og:title\" content=\"Kontakt - \u0160IOV - \u0161t\u00e1tny in\u0161tit\u00fat odborn\u00e9ho vzdel\u00e1vania\" \/>\n<meta property=\"og:description\" content=\"Kontakt S\u00eddlo a kore\u0161ponden\u010dn\u00e1 adresa P.O. Box 63, Bellova 54\/a, 837 63 Bratislava Pracovisko Stromov\u00e1 9, 831 01 Bratislava Riadite\u013e Ing. Branislav Had\u00e1r Email:\u00a0kancelaria@siov.sk Kancel\u00e1ria riadite\u013ea: +421 903 920 520 \u00dasek odborn\u00e9ho vzdel\u00e1vania a pr\u00edpravy Ing. Michaela \u010eur\u010dekov\u00e1 PhD. Email:\u00a0michaela.durcekova@siov.sk Mobil: +421 911 976 793 (ostatn\u00e9 kontakty k \u0160VP TU) \u00dasek celo\u017eivotn\u00e9ho vzdel\u00e1vania Mgr. \u013dubica [&hellip;]\" \/>\n<meta property=\"og:url\" content=\"https:\/\/archiv.siov.sk\/en\/kontakt-stary\/\" \/>\n<meta property=\"og:site_name\" content=\"\u0160IOV - \u0161t\u00e1tny in\u0161tit\u00fat odborn\u00e9ho vzdel\u00e1vania\" \/>\n<meta property=\"article:publisher\" content=\"https:\/\/www.facebook.com\/Statnyinstitutodbornehovzdelavania\" \/>\n<meta property=\"article:modified_time\" content=\"2024-06-24T13:47:16+00:00\" \/>\n<meta name=\"twitter:card\" content=\"summary_large_image\" \/>\n<meta name=\"twitter:label1\" content=\"Estimated reading time\" \/>\n\t<meta name=\"twitter:data1\" content=\"3 minutes\" \/>\n<script type=\"application\/ld+json\" class=\"yoast-schema-graph\">{\"@context\":\"https:\\\/\\\/schema.org\",\"@graph\":[{\"@type\":\"WebPage\",\"@id\":\"https:\\\/\\\/archiv.siov.sk\\\/kontakt-stary\\\/\",\"url\":\"https:\\\/\\\/archiv.siov.sk\\\/kontakt-stary\\\/\",\"name\":\"Kontakt - \u0160IOV - \u0161t\u00e1tny in\u0161tit\u00fat odborn\u00e9ho vzdel\u00e1vania\",\"isPartOf\":{\"@id\":\"https:\\\/\\\/archiv.siov.sk\\\/#website\"},\"datePublished\":\"2019-01-25T10:16:57+00:00\",\"dateModified\":\"2024-06-24T13:47:16+00:00\",\"breadcrumb\":{\"@id\":\"https:\\\/\\\/archiv.siov.sk\\\/kontakt-stary\\\/#breadcrumb\"},\"inLanguage\":\"en-GB\",\"potentialAction\":[{\"@type\":\"ReadAction\",\"target\":[\"https:\\\/\\\/archiv.siov.sk\\\/kontakt-stary\\\/\"]}]},{\"@type\":\"BreadcrumbList\",\"@id\":\"https:\\\/\\\/archiv.siov.sk\\\/kontakt-stary\\\/#breadcrumb\",\"itemListElement\":[{\"@type\":\"ListItem\",\"position\":1,\"name\":\"Home\",\"item\":\"https:\\\/\\\/archiv.siov.sk\\\/\"},{\"@type\":\"ListItem\",\"position\":2,\"name\":\"Kontakt\"}]},{\"@type\":\"WebSite\",\"@id\":\"https:\\\/\\\/archiv.siov.sk\\\/#website\",\"url\":\"https:\\\/\\\/archiv.siov.sk\\\/\",\"name\":\"\u0160IOV - \u0161t\u00e1tny in\u0161tit\u00fat odborn\u00e9ho vzdel\u00e1vania\",\"description\":\"\",\"publisher\":{\"@id\":\"https:\\\/\\\/archiv.siov.sk\\\/#organization\"},\"potentialAction\":[{\"@type\":\"SearchAction\",\"target\":{\"@type\":\"EntryPoint\",\"urlTemplate\":\"https:\\\/\\\/archiv.siov.sk\\\/?s={search_term_string}\"},\"query-input\":{\"@type\":\"PropertyValueSpecification\",\"valueRequired\":true,\"valueName\":\"search_term_string\"}}],\"inLanguage\":\"en-GB\"},{\"@type\":\"Organization\",\"@id\":\"https:\\\/\\\/archiv.siov.sk\\\/#organization\",\"name\":\"\u0160IOV - \u0161t\u00e1tny in\u0161tit\u00fat odborn\u00e9ho vzdel\u00e1vania\",\"url\":\"https:\\\/\\\/archiv.siov.sk\\\/\",\"logo\":{\"@type\":\"ImageObject\",\"inLanguage\":\"en-GB\",\"@id\":\"https:\\\/\\\/archiv.siov.sk\\\/#\\\/schema\\\/logo\\\/image\\\/\",\"url\":\"https:\\\/\\\/archiv.siov.sk\\\/wp-content\\\/uploads\\\/2024\\\/02\\\/logo-SIOV.png\",\"contentUrl\":\"https:\\\/\\\/archiv.siov.sk\\\/wp-content\\\/uploads\\\/2024\\\/02\\\/logo-SIOV.png\",\"width\":431,\"height\":143,\"caption\":\"\u0160IOV - \u0161t\u00e1tny in\u0161tit\u00fat odborn\u00e9ho vzdel\u00e1vania\"},\"image\":{\"@id\":\"https:\\\/\\\/archiv.siov.sk\\\/#\\\/schema\\\/logo\\\/image\\\/\"},\"sameAs\":[\"https:\\\/\\\/www.facebook.com\\\/Statnyinstitutodbornehovzdelavania\"]}]}<\/script>\n<!-- \/ Yoast SEO plugin. -->","yoast_head_json":{"title":"Kontakt - \u0160IOV - \u0161t\u00e1tny in\u0161tit\u00fat odborn\u00e9ho vzdel\u00e1vania","robots":{"index":"index","follow":"follow","max-snippet":"max-snippet:-1","max-image-preview":"max-image-preview:large","max-video-preview":"max-video-preview:-1"},"canonical":"https:\/\/archiv.siov.sk\/en\/kontakt-stary\/","og_locale":"en_GB","og_type":"article","og_title":"Kontakt - \u0160IOV - \u0161t\u00e1tny in\u0161tit\u00fat odborn\u00e9ho vzdel\u00e1vania","og_description":"Kontakt S\u00eddlo a kore\u0161ponden\u010dn\u00e1 adresa P.O. Box 63, Bellova 54\/a, 837 63 Bratislava Pracovisko Stromov\u00e1 9, 831 01 Bratislava Riadite\u013e Ing. Branislav Had\u00e1r Email:\u00a0kancelaria@siov.sk Kancel\u00e1ria riadite\u013ea: +421 903 920 520 \u00dasek odborn\u00e9ho vzdel\u00e1vania a pr\u00edpravy Ing. Michaela \u010eur\u010dekov\u00e1 PhD. Email:\u00a0michaela.durcekova@siov.sk Mobil: +421 911 976 793 (ostatn\u00e9 kontakty k \u0160VP TU) \u00dasek celo\u017eivotn\u00e9ho vzdel\u00e1vania Mgr. \u013dubica [&hellip;]","og_url":"https:\/\/archiv.siov.sk\/en\/kontakt-stary\/","og_site_name":"\u0160IOV - \u0161t\u00e1tny in\u0161tit\u00fat odborn\u00e9ho vzdel\u00e1vania","article_publisher":"https:\/\/www.facebook.com\/Statnyinstitutodbornehovzdelavania","article_modified_time":"2024-06-24T13:47:16+00:00","twitter_card":"summary_large_image","twitter_misc":{"Estimated reading time":"3 minutes"},"schema":{"@context":"https:\/\/schema.org","@graph":[{"@type":"WebPage","@id":"https:\/\/archiv.siov.sk\/kontakt-stary\/","url":"https:\/\/archiv.siov.sk\/kontakt-stary\/","name":"Kontakt - \u0160IOV - \u0161t\u00e1tny in\u0161tit\u00fat odborn\u00e9ho vzdel\u00e1vania","isPartOf":{"@id":"https:\/\/archiv.siov.sk\/#website"},"datePublished":"2019-01-25T10:16:57+00:00","dateModified":"2024-06-24T13:47:16+00:00","breadcrumb":{"@id":"https:\/\/archiv.siov.sk\/kontakt-stary\/#breadcrumb"},"inLanguage":"en-GB","potentialAction":[{"@type":"ReadAction","target":["https:\/\/archiv.siov.sk\/kontakt-stary\/"]}]},{"@type":"BreadcrumbList","@id":"https:\/\/archiv.siov.sk\/kontakt-stary\/#breadcrumb","itemListElement":[{"@type":"ListItem","position":1,"name":"Home","item":"https:\/\/archiv.siov.sk\/"},{"@type":"ListItem","position":2,"name":"Kontakt"}]},{"@type":"WebSite","@id":"https:\/\/archiv.siov.sk\/#website","url":"https:\/\/archiv.siov.sk\/","name":"\u0160IOV - \u0161t\u00e1tny in\u0161tit\u00fat odborn\u00e9ho vzdel\u00e1vania","description":"","publisher":{"@id":"https:\/\/archiv.siov.sk\/#organization"},"potentialAction":[{"@type":"SearchAction","target":{"@type":"EntryPoint","urlTemplate":"https:\/\/archiv.siov.sk\/?s={search_term_string}"},"query-input":{"@type":"PropertyValueSpecification","valueRequired":true,"valueName":"search_term_string"}}],"inLanguage":"en-GB"},{"@type":"Organization","@id":"https:\/\/archiv.siov.sk\/#organization","name":"\u0160IOV - \u0161t\u00e1tny in\u0161tit\u00fat odborn\u00e9ho vzdel\u00e1vania","url":"https:\/\/archiv.siov.sk\/","logo":{"@type":"ImageObject","inLanguage":"en-GB","@id":"https:\/\/archiv.siov.sk\/#\/schema\/logo\/image\/","url":"https:\/\/archiv.siov.sk\/wp-content\/uploads\/2024\/02\/logo-SIOV.png","contentUrl":"https:\/\/archiv.siov.sk\/wp-content\/uploads\/2024\/02\/logo-SIOV.png","width":431,"height":143,"caption":"\u0160IOV - \u0161t\u00e1tny in\u0161tit\u00fat odborn\u00e9ho vzdel\u00e1vania"},"image":{"@id":"https:\/\/archiv.siov.sk\/#\/schema\/logo\/image\/"},"sameAs":["https:\/\/www.facebook.com\/Statnyinstitutodbornehovzdelavania"]}]}},"_links":{"self":[{"href":"https:\/\/archiv.siov.sk\/en\/wp-json\/wp\/v2\/pages\/152","targetHints":{"allow":["GET"]}}],"collection":[{"href":"https:\/\/archiv.siov.sk\/en\/wp-json\/wp\/v2\/pages"}],"about":[{"href":"https:\/\/archiv.siov.sk\/en\/wp-json\/wp\/v2\/types\/page"}],"author":[{"embeddable":true,"href":"https:\/\/archiv.siov.sk\/en\/wp-json\/wp\/v2\/users\/1"}],"replies":[{"embeddable":true,"href":"https:\/\/archiv.siov.sk\/en\/wp-json\/wp\/v2\/comments?post=152"}],"version-history":[{"count":256,"href":"https:\/\/archiv.siov.sk\/en\/wp-json\/wp\/v2\/pages\/152\/revisions"}],"predecessor-version":[{"id":15143,"href":"https:\/\/archiv.siov.sk\/en\/wp-json\/wp\/v2\/pages\/152\/revisions\/15143"}],"wp:attachment":[{"href":"https:\/\/archiv.siov.sk\/en\/wp-json\/wp\/v2\/media?parent=152"}],"curies":[{"name":"wp","href":"https:\/\/api.w.org\/{rel}","templated":true}]}}